{"id":6722,"date":"2016-10-01T12:30:41","date_gmt":"2016-10-01T10:30:41","guid":{"rendered":"http:\/\/www.secowarwick.com\/pl\/ospolce\/awards\/"},"modified":"2016-11-23T13:13:58","modified_gmt":"2016-11-23T12:13:58","slug":"nagrody-i-wyroznienia","status":"publish","type":"page","link":"https:\/\/www.secowarwick.com\/pl\/ospolce\/nagrody-i-wyroznienia\/","title":{"rendered":"Nagrody"},"content":{"rendered":"<p>Najwi\u0119ksz\u0105 nagrod\u0105 dla rodzica jest u\u015bmiech dziecka, dla nas &#8211; zadowoleni klienci oraz pracownicy SECO\/WARWICK.<\/p>\n<p>Cieszymy si\u0119, \u017ce nasza praca przyczynia si\u0119 do rozwoju technologii globalnych, zwi\u0119kszania bezpiecze\u0144stwa tysi\u0119cy pracownik\u00f3w na ca\u0142ym \u015bwiecie oraz ochrony \u015brodowiska w ga\u0142\u0119ziach przemys\u0142u, kt\u00f3re na du\u017c\u0105 skal\u0119 korzystaj\u0105 z surowc\u00f3w naturalnych. Odzwierciedleniem naszych sukces\u00f3w w tych dziedzinach, a tak\u017ce w innych, np. rozwoju gospodarki polskiej, zwi\u0119kszania zatrudnienia, eksportu, wprowadzanie na rynek innowacyjnych technologii i rozwi\u0105za\u0144, s\u0105 liczne nagrody przyznawane nam przez tak znamienite instytucje, osoby i media jak Urz\u0105d Dozoru Technicznego, Minister Gospodarki, czy dziennik \u201eRzeczpospolita\u201d.<\/p>\n<p>Poni\u017cej zamieszczamy wybrane nagrody i wyr\u00f3\u017cnienia spo\u015br\u00f3d wielu jakie przyznawane s\u0105 corocznie Grupie SECO\/WARWICK.<\/p>\n","protected":false},"excerpt":{"rendered":"<p>Najwi\u0119ksz\u0105 nagrod\u0105 dla rodzica jest u\u015bmiech dziecka, dla nas &#8211; zadowoleni klienci oraz pracownicy SECO\/WARWICK. Cieszymy si\u0119, \u017ce nasza praca przyczynia si\u0119 do rozwoju technologii globalnych, zwi\u0119kszania bezpiecze\u0144stwa tysi\u0119cy pracownik\u00f3w na ca\u0142ym \u015bwiecie oraz ochrony \u015brodowiska w ga\u0142\u0119ziach przemys\u0142u, kt\u00f3re na du\u017c\u0105 skal\u0119 korzystaj\u0105 z surowc\u00f3w naturalnych. Odzwierciedleniem naszych sukces\u00f3w w tych dziedzinach, a tak\u017ce [&hellip;]<\/p>\n","protected":false},"author":9,"featured_media":0,"parent":6349,"menu_order":0,"comment_status":"closed","ping_status":"closed","template":"","meta":{"_acf_changed":false,"_et_pb_use_builder":"","_et_pb_old_content":"","_et_gb_content_width":"","footnotes":""},"class_list":["post-6722","page","type-page","status-publish"],"acf":[],"_links":{"self":[{"href":"https:\/\/www.secowarwick.com\/pl\/wp-json\/wp\/v2\/pages\/6722","targetHints":{"allow":["GET"]}}],"collection":[{"href":"https:\/\/www.secowarwick.com\/pl\/wp-json\/wp\/v2\/pages"}],"about":[{"href":"https:\/\/www.secowarwick.com\/pl\/wp-json\/wp\/v2\/types\/page"}],"author":[{"embeddable":true,"href":"https:\/\/www.secowarwick.com\/pl\/wp-json\/wp\/v2\/users\/9"}],"replies":[{"embeddable":true,"href":"https:\/\/www.secowarwick.com\/pl\/wp-json\/wp\/v2\/comments?post=6722"}],"version-history":[{"count":0,"href":"https:\/\/www.secowarwick.com\/pl\/wp-json\/wp\/v2\/pages\/6722\/revisions"}],"up":[{"embeddable":true,"href":"https:\/\/www.secowarwick.com\/pl\/wp-json\/wp\/v2\/pages\/6349"}],"wp:attachment":[{"href":"https:\/\/www.secowarwick.com\/pl\/wp-json\/wp\/v2\/media?parent=6722"}],"curies":[{"name":"wp","href":"https:\/\/api.w.org\/{rel}","templated":true}]}}