{"id":6805,"date":"2016-11-21T15:39:33","date_gmt":"2016-11-21T14:39:33","guid":{"rendered":"http:\/\/www.secowarwick.com\/pl\/relacje-inwestorskie\/current-reports\/"},"modified":"2017-05-10T10:12:17","modified_gmt":"2017-05-10T08:12:17","slug":"raporty-biezace","status":"publish","type":"page","link":"https:\/\/www.secowarwick.com\/pl\/relacje-inwestorskie\/raporty-biezace\/","title":{"rendered":"Raporty bie\u017c\u0105ce"},"content":{"rendered":"<p>[et_pb_section bb_built=&#8221;1&#8243; admin_label=&#8221;section&#8221; transparent_background=&#8221;off&#8221; allow_player_pause=&#8221;off&#8221; inner_shadow=&#8221;off&#8221; parallax=&#8221;off&#8221; parallax_method=&#8221;on&#8221; custom_padding=&#8221;0px|||&#8221; make_fullwidth=&#8221;off&#8221; use_custom_width=&#8221;off&#8221; width_unit=&#8221;on&#8221; make_equal=&#8221;off&#8221; use_custom_gutter=&#8221;off&#8221;][et_pb_row admin_label=&#8221;Row&#8221; make_fullwidth=&#8221;off&#8221; use_custom_width=&#8221;off&#8221; width_unit=&#8221;on&#8221; use_custom_gutter=&#8221;off&#8221; background_color=&#8221;#f8f8f8&#8243; allow_player_pause=&#8221;off&#8221; parallax=&#8221;off&#8221; parallax_method=&#8221;on&#8221; make_equal=&#8221;off&#8221; parallax_1=&#8221;off&#8221; parallax_method_1=&#8221;off&#8221; custom_padding=&#8221;|||25px&#8221; custom_margin=&#8221;||65px|&#8221;][et_pb_column type=&#8221;4_4&#8243;][et_pb_breadcrumbs admin_label=&#8221;Breadcrumbs&#8221; \/][et_pb_text admin_label=&#8221;Text&#8221; background_layout=&#8221;light&#8221; text_orientation=&#8221;left&#8221; use_border_color=&#8221;off&#8221; border_color=&#8221;#ffffff&#8221; border_style=&#8221;solid&#8221;]<\/p>\n<h1>RAPORTY BIE\u017b\u0104CE<\/h1>\n<p>[\/et_pb_text][\/et_pb_column][\/et_pb_row][et_pb_row admin_label=&#8221;row&#8221;][et_pb_column type=&#8221;4_4&#8243;][et_pb_grouped_documents admin_label=&#8221;Grouped Documents&#8221; group_by_field=&#8221;doc_current_report_group&#8221; hide_all_group=&#8221;on&#8221; filter_category=&#8221;Finance&#8221; filter_financial_document=&#8221;CurrentReport&#8221; tab_labels=&#8221;Walne Zgromadzenie Akcjonariuszy,Transakcja os\u00f3b obowi\u0105zanych,Znacz\u0105ce umowy,\u0141ad korporacyjny,Informacje poufne,Emisja papier\u00f3w warto\u015bciowych,Zmiany we w\u0142adzach,Znaczne pakiety akcji,Inne&#8221; \/][\/et_pb_column][\/et_pb_row][\/et_pb_section]<\/p>\n","protected":false},"excerpt":{"rendered":"<p>[et_pb_breadcrumbs admin_label=&#8221;Breadcrumbs&#8221; \/] RAPORTY BIE\u017b\u0104CE [et_pb_grouped_documents admin_label=&#8221;Grouped Documents&#8221; group_by_field=&#8221;doc_current_report_group&#8221; hide_all_group=&#8221;on&#8221; filter_category=&#8221;Finance&#8221; filter_financial_document=&#8221;CurrentReport&#8221; tab_labels=&#8221;Walne Zgromadzenie Akcjonariuszy,Transakcja os\u00f3b obowi\u0105zanych,Znacz\u0105ce umowy,\u0141ad korporacyjny,Informacje poufne,Emisja papier\u00f3w warto\u015bciowych,Zmiany we w\u0142adzach,Znaczne pakiety akcji,Inne&#8221; \/]<\/p>\n","protected":false},"author":2,"featured_media":0,"parent":6367,"menu_order":0,"comment_status":"closed","ping_status":"closed","template":"","meta":{"_acf_changed":false,"_et_pb_use_builder":"on","_et_pb_old_content":"","_et_gb_content_width":"","footnotes":""},"class_list":["post-6805","page","type-page","status-publish"],"acf":[],"_links":{"self":[{"href":"https:\/\/www.secowarwick.com\/pl\/wp-json\/wp\/v2\/pages\/6805","targetHints":{"allow":["GET"]}}],"collection":[{"href":"https:\/\/www.secowarwick.com\/pl\/wp-json\/wp\/v2\/pages"}],"about":[{"href":"https:\/\/www.secowarwick.com\/pl\/wp-json\/wp\/v2\/types\/page"}],"author":[{"embeddable":true,"href":"https:\/\/www.secowarwick.com\/pl\/wp-json\/wp\/v2\/users\/2"}],"replies":[{"embeddable":true,"href":"https:\/\/www.secowarwick.com\/pl\/wp-json\/wp\/v2\/comments?post=6805"}],"version-history":[{"count":0,"href":"https:\/\/www.secowarwick.com\/pl\/wp-json\/wp\/v2\/pages\/6805\/revisions"}],"up":[{"embeddable":true,"href":"https:\/\/www.secowarwick.com\/pl\/wp-json\/wp\/v2\/pages\/6367"}],"wp:attachment":[{"href":"https:\/\/www.secowarwick.com\/pl\/wp-json\/wp\/v2\/media?parent=6805"}],"curies":[{"name":"wp","href":"https:\/\/api.w.org\/{rel}","templated":true}]}}