{"id":6830,"date":"2016-11-21T15:38:11","date_gmt":"2016-11-21T14:38:11","guid":{"rendered":"http:\/\/www.secowarwick.com\/pl\/relacje-inwestorskie\/financial-calendar\/"},"modified":"2026-01-15T11:48:43","modified_gmt":"2026-01-15T10:48:43","slug":"kalendarium","status":"publish","type":"page","link":"https:\/\/www.secowarwick.com\/pl\/relacje-inwestorskie\/kalendarium\/","title":{"rendered":"Kalendarium"},"content":{"rendered":"<p>[et_pb_section fb_built=&#8221;1&#8243; admin_label=&#8221;section&#8221; _builder_version=&#8221;4.16&#8243; custom_padding=&#8221;0px|||&#8221; transparent_background=&#8221;off&#8221; make_fullwidth=&#8221;off&#8221; use_custom_width=&#8221;off&#8221; width_unit=&#8221;on&#8221; global_colors_info=&#8221;{}&#8221;][et_pb_row _builder_version=&#8221;4.16&#8243; background_color=&#8221;#f8f8f8&#8243; background_size=&#8221;initial&#8221; background_position=&#8221;top_left&#8221; background_repeat=&#8221;repeat&#8221; custom_padding=&#8221;|||25px&#8221; make_fullwidth=&#8221;off&#8221; use_custom_width=&#8221;off&#8221; width_unit=&#8221;on&#8221; global_colors_info=&#8221;{}&#8221;][et_pb_column type=&#8221;4_4&#8243; _builder_version=&#8221;4.16&#8243; custom_padding=&#8221;|||&#8221; global_colors_info=&#8221;{}&#8221; custom_padding__hover=&#8221;|||&#8221;][et_pb_breadcrumbs _builder_version=&#8221;3.0.47&#8243; global_colors_info=&#8221;{}&#8221;][\/et_pb_breadcrumbs][et_pb_text _builder_version=&#8221;4.16&#8243; background_size=&#8221;initial&#8221; background_position=&#8221;top_left&#8221; background_repeat=&#8221;repeat&#8221; use_border_color=&#8221;off&#8221; global_colors_info=&#8221;{}&#8221;]<\/p>\n<h1>KALENDARIUM<\/h1>\n<p>&nbsp;<\/p>\n<h3>Sprawd\u017a Nasze Kalendarium<\/h3>\n<p>[\/et_pb_text][\/et_pb_column][\/et_pb_row][et_pb_row admin_label=&#8221;row&#8221; _builder_version=&#8221;4.16&#8243; background_size=&#8221;initial&#8221; background_position=&#8221;top_left&#8221; background_repeat=&#8221;repeat&#8221; global_colors_info=&#8221;{}&#8221;][et_pb_column type=&#8221;4_4&#8243; _builder_version=&#8221;4.16&#8243; custom_padding=&#8221;|||&#8221; global_colors_info=&#8221;{}&#8221; custom_padding__hover=&#8221;|||&#8221;][et_pb_text _builder_version=&#8221;4.23.1&#8243; background_size=&#8221;initial&#8221; background_position=&#8221;top_left&#8221; background_repeat=&#8221;repeat&#8221; hover_enabled=&#8221;0&#8243; use_border_color=&#8221;off&#8221; global_colors_info=&#8221;{}&#8221; sticky_enabled=&#8221;0&#8243;]<\/p>\n<table class=\"table table-striped table-hover\" style=\"width: 100%;\" border=\"0\">\n<tbody>\n<tr>\n<th colspan=\"2\"><strong>Raporty kwartalne<\/strong><\/th>\n<\/tr>\n<tr>\n<td>I kwarta\u0142 2026<\/td>\n<td>14.05.2026<\/td>\n<\/tr>\n<tr>\n<td>III kwarta\u0142 2026<\/td>\n<td>12.11.2026<\/td>\n<\/tr>\n<tr>\n<th colspan=\"2\"><strong>Raporty p\u00f3\u0142roczne<\/strong><\/th>\n<\/tr>\n<tr>\n<td>I p\u00f3\u0142rocze 2026<\/td>\n<td>10.09.2026<\/td>\n<\/tr>\n<tr>\n<th colspan=\"2\"><strong>Raporty roczne<\/strong><\/th>\n<\/tr>\n<tr>\n<td><span data-mce-mark=\"1\">Jednostkowy raport roczny za rok 2025<\/span><\/td>\n<td>23.04.2026<\/td>\n<\/tr>\n<tr>\n<td><span data-mce-mark=\"1\">Skonsolidowany raport roczny za rok 2025<\/span><\/td>\n<td>23.04.2026<\/td>\n<\/tr>\n<\/tbody>\n<\/table>\n<p>[\/et_pb_text][\/et_pb_column][\/et_pb_row][\/et_pb_section]<\/p>\n","protected":false},"excerpt":{"rendered":"<p>[et_pb_breadcrumbs _builder_version=&#8221;3.0.47&#8243; global_colors_info=&#8221;{}&#8221;][\/et_pb_breadcrumbs]KALENDARIUM &nbsp; Sprawd\u017a Nasze Kalendarium Raporty kwartalne I kwarta\u0142 2026 14.05.2026 III kwarta\u0142 2026 12.11.2026 Raporty p\u00f3\u0142roczne I p\u00f3\u0142rocze 2026 10.09.2026 Raporty roczne Jednostkowy raport roczny za rok 2025 23.04.2026 Skonsolidowany raport roczny za rok 2025 23.04.2026<\/p>\n","protected":false},"author":2,"featured_media":0,"parent":6367,"menu_order":0,"comment_status":"closed","ping_status":"closed","template":"","meta":{"_acf_changed":false,"_et_pb_use_builder":"on","_et_pb_old_content":"<p>\u00a0<\/p><p>\u00a0<\/p><table class=\"table table-striped table-hover\" border=\"0\" width=\"100%\"><tbody><tr><th colspan=\"2\"><strong>Quarterly reports<br \/> <\/strong><\/th><\/tr><tr><td>4<sup>th<\/sup> quarter 2016<\/td><td>See Annual report<\/td><\/tr><tr><td>1<sup>st<\/sup> quarter 2017<\/td><td>15.05.2017<\/td><\/tr><tr><td>2<sup>nd<\/sup> quarter 2017<\/td><td>See Half Yearly report<\/td><\/tr><tr><td>3<sup>rd<\/sup> quarter 2017<\/td><td>17.11.2017<\/td><\/tr><tr><th colspan=\"2\"><strong>Half yearly report<\/strong><\/th><\/tr><tr><td>Half-yearly report for 2017<\/td><td>11.09.2017<\/td><\/tr><tr><th colspan=\"2\"><strong>Annual statements<\/strong><\/th><\/tr><tr><td>Individual financial report for 2016<\/td><td>28.04.2017<\/td><\/tr><tr><td>Consolidated financial report for 2016<\/td><td>28.04.2017<\/td><\/tr><\/tbody><\/table>","_et_gb_content_width":"","footnotes":""},"class_list":["post-6830","page","type-page","status-publish"],"acf":[],"_links":{"self":[{"href":"https:\/\/www.secowarwick.com\/pl\/wp-json\/wp\/v2\/pages\/6830","targetHints":{"allow":["GET"]}}],"collection":[{"href":"https:\/\/www.secowarwick.com\/pl\/wp-json\/wp\/v2\/pages"}],"about":[{"href":"https:\/\/www.secowarwick.com\/pl\/wp-json\/wp\/v2\/types\/page"}],"author":[{"embeddable":true,"href":"https:\/\/www.secowarwick.com\/pl\/wp-json\/wp\/v2\/users\/2"}],"replies":[{"embeddable":true,"href":"https:\/\/www.secowarwick.com\/pl\/wp-json\/wp\/v2\/comments?post=6830"}],"version-history":[{"count":6,"href":"https:\/\/www.secowarwick.com\/pl\/wp-json\/wp\/v2\/pages\/6830\/revisions"}],"predecessor-version":[{"id":189020,"href":"https:\/\/www.secowarwick.com\/pl\/wp-json\/wp\/v2\/pages\/6830\/revisions\/189020"}],"up":[{"embeddable":true,"href":"https:\/\/www.secowarwick.com\/pl\/wp-json\/wp\/v2\/pages\/6367"}],"wp:attachment":[{"href":"https:\/\/www.secowarwick.com\/pl\/wp-json\/wp\/v2\/media?parent=6830"}],"curies":[{"name":"wp","href":"https:\/\/api.w.org\/{rel}","templated":true}]}}