{"id":6883,"date":"2016-11-21T15:37:06","date_gmt":"2016-11-21T14:37:06","guid":{"rendered":"http:\/\/www.secowarwick.com\/pl\/relacje-inwestorskie\/shareholdings-in-brief\/"},"modified":"2026-03-16T10:29:42","modified_gmt":"2026-03-16T09:29:42","slug":"akcjonariat","status":"publish","type":"page","link":"https:\/\/www.secowarwick.com\/pl\/relacje-inwestorskie\/akcjonariat\/","title":{"rendered":"Akcjonariat"},"content":{"rendered":"<p>[et_pb_section fb_built=&#8221;1&#8243; admin_label=&#8221;section&#8221; _builder_version=&#8221;4.16&#8243; custom_padding=&#8221;0px|||&#8221; transparent_background=&#8221;off&#8221; make_fullwidth=&#8221;off&#8221; use_custom_width=&#8221;off&#8221; width_unit=&#8221;on&#8221; global_colors_info=&#8221;{}&#8221;][et_pb_row admin_label=&#8221;row&#8221; _builder_version=&#8221;4.16&#8243; background_color=&#8221;#f8f8f8&#8243; background_size=&#8221;initial&#8221; background_position=&#8221;top_left&#8221; background_repeat=&#8221;repeat&#8221; custom_margin=&#8221;0px|||&#8221; custom_padding=&#8221;|||25px&#8221; make_fullwidth=&#8221;off&#8221; use_custom_width=&#8221;off&#8221; width_unit=&#8221;on&#8221; global_colors_info=&#8221;{}&#8221;][et_pb_column type=&#8221;4_4&#8243; _builder_version=&#8221;4.16&#8243; custom_padding=&#8221;|||&#8221; global_colors_info=&#8221;{}&#8221; custom_padding__hover=&#8221;|||&#8221;][et_pb_breadcrumbs _builder_version=&#8221;3.0.47&#8243; global_colors_info=&#8221;{}&#8221;][\/et_pb_breadcrumbs][et_pb_text _builder_version=&#8221;4.16&#8243; background_size=&#8221;initial&#8221; background_position=&#8221;top_left&#8221; background_repeat=&#8221;repeat&#8221; use_border_color=&#8221;off&#8221; global_colors_info=&#8221;{}&#8221;]<\/p>\n<h1>AKCJONARIAT<\/h1>\n<p>&nbsp;[\/et_pb_text][\/et_pb_column][\/et_pb_row][et_pb_row admin_label=&#8221;row&#8221; _builder_version=&#8221;4.16&#8243; background_size=&#8221;initial&#8221; background_position=&#8221;top_left&#8221; background_repeat=&#8221;repeat&#8221; global_colors_info=&#8221;{}&#8221;][et_pb_column type=&#8221;4_4&#8243; _builder_version=&#8221;4.16&#8243; custom_padding=&#8221;|||&#8221; global_colors_info=&#8221;{}&#8221; custom_padding__hover=&#8221;|||&#8221;][et_pb_text _builder_version=&#8221;4.27.6&#8243; background_size=&#8221;initial&#8221; background_position=&#8221;top_left&#8221; background_repeat=&#8221;repeat&#8221; hover_enabled=&#8221;0&#8243; use_border_color=&#8221;off&#8221; global_colors_info=&#8221;{}&#8221; sticky_enabled=&#8221;0&#8243;]<\/p>\n<table border=\"0\">\n<tbody>\n<tr>\n<th>Akcjonariusze<\/th>\n<th style=\"text-align: center;\">Liczba akcji<\/th>\n<th style=\"text-align: center;\">Udzia\u0142 w\u00a0kapitale zak\u0142adowym (%)<\/th>\n<th style=\"text-align: center;\">Liczba g\u0142os\u00f3w<\/th>\n<th style=\"text-align: center;\">Udzia\u0142 w\u00a0og\u00f3lnej liczbie g\u0142os\u00f3w na\u00a0WZA (%)<\/th>\n<\/tr>\n<tr>\n<td>SW Holding<\/td>\n<td style=\"text-align: center;\">3 387 139<\/td>\n<td style=\"text-align: center;\">40,32%<\/td>\n<td style=\"text-align: center;\">3 387 139<\/td>\n<td style=\"text-align: center;\">40,32%<\/td>\n<\/tr>\n<tr>\n<td>Generali Otwarty Fundusz Emerytalny<\/td>\n<td style=\"text-align: center;\">640 798<\/td>\n<td style=\"text-align: center;\">7,63%<\/td>\n<td style=\"text-align: center;\">640 798<\/td>\n<td style=\"text-align: center;\">7,63%<\/td>\n<\/tr>\n<tr>\n<td>Quercus Towarzystwo Funduszy Inwestycyjnych Sp\u00f3\u0142ka Akcyjna<\/td>\n<td style=\"text-align: center;\">475 768<\/td>\n<td style=\"text-align: center;\">5,66%<\/td>\n<td style=\"text-align: center;\">475 768<\/td>\n<td style=\"text-align: center;\">5,66%<\/td>\n<\/tr>\n<tr>\n<td>PKO BP\u00a0Bankowy Otwarty Fundusz Emerytalny<\/td>\n<td style=\"text-align: center;\">464 484<\/td>\n<td style=\"text-align: center;\">5,53%<\/td>\n<td style=\"text-align: center;\">464 484<\/td>\n<td style=\"text-align: center;\">5,53%<\/td>\n<\/tr>\n<tr>\n<td>Value Fund Poland Activist Fundusz Inwestycyjny Zamkni\u0119ty<\/td>\n<td style=\"text-align: center;\">450 734<\/td>\n<td style=\"text-align: center;\">5,37%<\/td>\n<td style=\"text-align: center;\">450 734<\/td>\n<td style=\"text-align: center;\">5,37%<\/td>\n<\/tr>\n<tr>\n<td style=\"text-align: right;\">\u0142\u0105czna liczba akcji<\/td>\n<td style=\"text-align: center;\">\u00a0<\/td>\n<td style=\"text-align: center;\">8 400 000<\/td>\n<td style=\"text-align: center;\">\u00a0<\/td>\n<td style=\"text-align: center;\">8 400 000<\/td>\n<\/tr>\n<\/tbody>\n<\/table>\n<p>&nbsp;<\/p>\n<p>Kapita\u0142 zak\u0142adowy Emitenta tworzy 8 400 000 akcji, w\u00a0tym:<\/p>\n<ul>\n<li>6.078.363 akcji Serii A<\/li>\n<li>1.155.803 akcji Serii B<\/li>\n<li>904.207 akcji Serii D<\/li>\n<li>261.627 akcji Serii E<\/li>\n<\/ul>\n<p>&nbsp;<\/p>\n<p>Warto\u015b\u0107 nominalna ka\u017cdej akcji Emitenta wynosi 0,20 z\u0142.<\/p>\n<p>[\/et_pb_text][\/et_pb_column][\/et_pb_row][\/et_pb_section]<\/p>\n","protected":false},"excerpt":{"rendered":"<p>[et_pb_breadcrumbs _builder_version=&#8221;3.0.47&#8243; global_colors_info=&#8221;{}&#8221;][\/et_pb_breadcrumbs]AKCJONARIAT &nbsp; Akcjonariusze Liczba akcji Udzia\u0142 w\u00a0kapitale zak\u0142adowym (%) Liczba g\u0142os\u00f3w Udzia\u0142 w\u00a0og\u00f3lnej liczbie g\u0142os\u00f3w na\u00a0WZA (%) SW Holding 3 387 139 40,32% 3 387 139 40,32% Generali Otwarty Fundusz Emerytalny 640 798 7,63% 640 798 7,63% Quercus Towarzystwo Funduszy Inwestycyjnych Sp\u00f3\u0142ka Akcyjna 475 768 5,66% 475 768 5,66% PKO BP\u00a0Bankowy Otwarty Fundusz [&hellip;]<\/p>\n","protected":false},"author":2,"featured_media":0,"parent":6367,"menu_order":0,"comment_status":"closed","ping_status":"closed","template":"","meta":{"_acf_changed":false,"_et_pb_use_builder":"on","_et_pb_old_content":"<p>\u00a0<\/p><h2>Shareholders structure (as of 14.11.2016)<\/h2><p>\u00a0<\/p><table class=\"table table-striped table-hover\" border=\"0\"><tbody><tr><th>Profile of<br \/> shareholders (above 5%)<\/th><th>Number of votes<\/th><th>Shareholding by number of votes<\/th><th>Shareholding by number of shares<\/th><\/tr><tr><td>SW Holding<\/td><td align=\"right\">3 387 139<\/td><td align=\"center\" valign=\"middle\">32,89%<\/td><td align=\"center\" valign=\"middle\">32,89%<\/td><\/tr><tr><td>Spruce Holding Limited Liability Company (USA)<\/td><td align=\"right\">1 123 337<\/td><td align=\"center\" valign=\"middle\">10,91%<\/td><td align=\"center\" valign=\"middle\">10,91%<\/td><\/tr><tr><td>AIVA Otwarty Fundusz Emerytalny BZ WBK<\/td><td align=\"right\">1 046 573<\/td><td align=\"center\">10,16%<\/td><td align=\"center\"><span data-mce-mark=\"1\">10,16%<\/span><\/td><\/tr><tr><td>Bleauhard Holdings LLC<\/td><td align=\"right\">637 028<\/td><td align=\"center\">6,19%<\/td><td align=\"center\">6,19%<\/td><\/tr><tr><td>ING Otwarty Fundusz Emerytalny<\/td><td align=\"right\">600 000<\/td><td align=\"center\">5,83%<\/td><td align=\"center\">5,83%<\/td><\/tr><tr><td>SECO\/WARWICK S.A.<\/td><td align=\"right\">598 500<\/td><td align=\"center\">5,81%<\/td><td align=\"center\">5,81%<\/td><\/tr><tr><td>Amplico Powszechne Towarzystwo Emerytalne S.A.<\/td><td align=\"right\">577 470<\/td><td align=\"center\">5,61%<\/td><td align=\"center\">5,61%<\/td><\/tr><\/tbody><\/table><p>\u00a0<\/p><p>Issuer\u2019s share capital comprises 10.298.554 shares, including:<\/p><p>7.976.917 shares of Series A stock<br \/> 1.155.803 shares of Series B stock<br \/> 904.207 shares of Series D stock<br \/> 261.627 shares of Series E stock<br \/> Par value of the Issuer\u2019s stock is PLN 0.20 per share.<\/p>","_et_gb_content_width":"","footnotes":""},"class_list":["post-6883","page","type-page","status-publish"],"acf":[],"_links":{"self":[{"href":"https:\/\/www.secowarwick.com\/pl\/wp-json\/wp\/v2\/pages\/6883","targetHints":{"allow":["GET"]}}],"collection":[{"href":"https:\/\/www.secowarwick.com\/pl\/wp-json\/wp\/v2\/pages"}],"about":[{"href":"https:\/\/www.secowarwick.com\/pl\/wp-json\/wp\/v2\/types\/page"}],"author":[{"embeddable":true,"href":"https:\/\/www.secowarwick.com\/pl\/wp-json\/wp\/v2\/users\/2"}],"replies":[{"embeddable":true,"href":"https:\/\/www.secowarwick.com\/pl\/wp-json\/wp\/v2\/comments?post=6883"}],"version-history":[{"count":7,"href":"https:\/\/www.secowarwick.com\/pl\/wp-json\/wp\/v2\/pages\/6883\/revisions"}],"predecessor-version":[{"id":190615,"href":"https:\/\/www.secowarwick.com\/pl\/wp-json\/wp\/v2\/pages\/6883\/revisions\/190615"}],"up":[{"embeddable":true,"href":"https:\/\/www.secowarwick.com\/pl\/wp-json\/wp\/v2\/pages\/6367"}],"wp:attachment":[{"href":"https:\/\/www.secowarwick.com\/pl\/wp-json\/wp\/v2\/media?parent=6883"}],"curies":[{"name":"wp","href":"https:\/\/api.w.org\/{rel}","templated":true}]}}