{"id":68891,"date":"2018-09-04T15:48:31","date_gmt":"2018-09-04T13:48:31","guid":{"rendered":"http:\/\/www.secowarwick.com\/?page_id=68891"},"modified":"2018-09-04T16:02:46","modified_gmt":"2018-09-04T14:02:46","slug":"krzysztof-wachowski","status":"publish","type":"page","link":"https:\/\/www.secowarwick.com\/pl\/informacje\/seminarium-2019\/krzysztof-wachowski\/","title":{"rendered":"KRZYSZTOF WACHOWSKI"},"content":{"rendered":"<p>[et_pb_section bb_built=&#8221;1&#8243; admin_label=&#8221;section&#8221; transparent_background=&#8221;off&#8221; allow_player_pause=&#8221;off&#8221; inner_shadow=&#8221;off&#8221; parallax=&#8221;off&#8221; parallax_method=&#8221;on&#8221; custom_padding=&#8221;0px|||&#8221; make_fullwidth=&#8221;off&#8221; use_custom_width=&#8221;off&#8221; width_unit=&#8221;on&#8221; make_equal=&#8221;off&#8221; use_custom_gutter=&#8221;off&#8221; prev_background_color=&#8221;#000000&#8243; next_background_color=&#8221;#000000&#8243;][et_pb_row admin_label=&#8221;row&#8221; make_fullwidth=&#8221;off&#8221; use_custom_width=&#8221;off&#8221; width_unit=&#8221;on&#8221; use_custom_gutter=&#8221;off&#8221; custom_padding=&#8221;|||25px&#8221; custom_margin=&#8221;||45px|&#8221; background_color=&#8221;#f8f8f8&#8243; allow_player_pause=&#8221;off&#8221; parallax=&#8221;off&#8221; parallax_method=&#8221;on&#8221; make_equal=&#8221;off&#8221; parallax_1=&#8221;off&#8221; parallax_method_1=&#8221;off&#8221; background_position=&#8221;top_left&#8221; background_repeat=&#8221;repeat&#8221; background_size=&#8221;initial&#8221;][et_pb_column type=&#8221;4_4&#8243;][et_pb_breadcrumbs \/][et_pb_text background_layout=&#8221;light&#8221; text_orientation=&#8221;left&#8221; use_border_color=&#8221;off&#8221; border_color=&#8221;#ffffff&#8221; border_style=&#8221;solid&#8221; background_position=&#8221;top_left&#8221; background_repeat=&#8221;repeat&#8221; background_size=&#8221;initial&#8221;]<\/p>\n<h1>PRELEGENT<\/h1>\n<h2><\/h2>\n<h3><\/h3>\n<p>[\/et_pb_text][\/et_pb_column][\/et_pb_row][et_pb_row admin_label=&#8221;row&#8221; background_position=&#8221;top_left&#8221; background_repeat=&#8221;repeat&#8221; background_size=&#8221;initial&#8221;][et_pb_column type=&#8221;1_3&#8243;][et_pb_image src=&#8221;https:\/\/www.secowarwick.com\/wp-content\/uploads\/2018\/09\/wachowski.jpg&#8221; animation=&#8221;left&#8221; sticky=&#8221;off&#8221; use_border_color=&#8221;off&#8221; border_color=&#8221;#ffffff&#8221; border_style=&#8221;solid&#8221; _builder_version=&#8221;3.6&#8243; \/][\/et_pb_column][et_pb_column type=&#8221;2_3&#8243;][et_pb_text use_border_color=&#8221;off&#8221; border_color=&#8221;#ffffff&#8221; border_style=&#8221;solid&#8221; _builder_version=&#8221;3.6&#8243;]<\/p>\n<p><span style=\"font-size: 14pt;\"><strong><span style=\"color: #dc291e;\">KRZYSZTOF WACHOWSKI<\/span><\/strong><\/span><br \/>\n<span style=\"font-size: 14pt;\">SECO\/WARWICK<\/span><\/p>\n<p>Magister in\u017cynier, absolwent Informatyki na Uniwersytecie Zielonog\u00f3rskim, specjalizacja: Przemys\u0142owe Systemy Informatyczne.<br \/>\nOd 11 lat pracuje w SECO\/WARWICK, wcze\u015bniej jako automatyk, obecnie jako menad\u017cer projektu. Zdobywa\u0142 do\u015bwiadczenie w wielu najwi\u0119kszych i nietypowych projektach realizowanych w firmie.<br \/>\nDzi\u0119ki pracy \u0142\u0105czy swoje najwi\u0119ksze zainteresowania, czyli nowe technologie oraz podr\u00f3\u017ce.<\/p>\n<p>[\/et_pb_text][\/et_pb_column][\/et_pb_row][\/et_pb_section]<\/p>\n","protected":false},"excerpt":{"rendered":"<p>[et_pb_breadcrumbs \/] PRELEGENT KRZYSZTOF WACHOWSKI SECO\/WARWICK Magister in\u017cynier, absolwent Informatyki na Uniwersytecie Zielonog\u00f3rskim, specjalizacja: Przemys\u0142owe Systemy Informatyczne. Od 11 lat pracuje w SECO\/WARWICK, wcze\u015bniej jako automatyk, obecnie jako menad\u017cer projektu. Zdobywa\u0142 do\u015bwiadczenie w wielu najwi\u0119kszych i nietypowych projektach realizowanych w firmie. Dzi\u0119ki pracy \u0142\u0105czy swoje najwi\u0119ksze zainteresowania, czyli nowe technologie oraz podr\u00f3\u017ce.<\/p>\n","protected":false},"author":2,"featured_media":0,"parent":59250,"menu_order":0,"comment_status":"closed","ping_status":"closed","template":"","meta":{"_acf_changed":false,"_et_pb_use_builder":"on","_et_pb_old_content":"","_et_gb_content_width":"","footnotes":""},"class_list":["post-68891","page","type-page","status-publish"],"acf":[],"_links":{"self":[{"href":"https:\/\/www.secowarwick.com\/pl\/wp-json\/wp\/v2\/pages\/68891","targetHints":{"allow":["GET"]}}],"collection":[{"href":"https:\/\/www.secowarwick.com\/pl\/wp-json\/wp\/v2\/pages"}],"about":[{"href":"https:\/\/www.secowarwick.com\/pl\/wp-json\/wp\/v2\/types\/page"}],"author":[{"embeddable":true,"href":"https:\/\/www.secowarwick.com\/pl\/wp-json\/wp\/v2\/users\/2"}],"replies":[{"embeddable":true,"href":"https:\/\/www.secowarwick.com\/pl\/wp-json\/wp\/v2\/comments?post=68891"}],"version-history":[{"count":0,"href":"https:\/\/www.secowarwick.com\/pl\/wp-json\/wp\/v2\/pages\/68891\/revisions"}],"up":[{"embeddable":true,"href":"https:\/\/www.secowarwick.com\/pl\/wp-json\/wp\/v2\/pages\/59250"}],"wp:attachment":[{"href":"https:\/\/www.secowarwick.com\/pl\/wp-json\/wp\/v2\/media?parent=68891"}],"curies":[{"name":"wp","href":"https:\/\/api.w.org\/{rel}","templated":true}]}}