{"id":6895,"date":"2016-11-21T15:38:36","date_gmt":"2016-11-21T14:38:36","guid":{"rendered":"http:\/\/www.secowarwick.com\/pl\/relacje-inwestorskie\/stock-exchange-information\/"},"modified":"2017-04-07T16:49:30","modified_gmt":"2017-04-07T14:49:30","slug":"informacje-gieldowe","status":"publish","type":"page","link":"https:\/\/www.secowarwick.com\/pl\/relacje-inwestorskie\/informacje-gieldowe\/","title":{"rendered":"Informacje gie\u0142dowe"},"content":{"rendered":"<p>[et_pb_section bb_built=&#8221;1&#8243; admin_label=&#8221;section&#8221; transparent_background=&#8221;off&#8221; allow_player_pause=&#8221;off&#8221; inner_shadow=&#8221;off&#8221; parallax=&#8221;off&#8221; parallax_method=&#8221;on&#8221; custom_padding=&#8221;0px|||&#8221; make_fullwidth=&#8221;off&#8221; use_custom_width=&#8221;off&#8221; width_unit=&#8221;on&#8221; make_equal=&#8221;off&#8221; use_custom_gutter=&#8221;off&#8221;][et_pb_row admin_label=&#8221;Row&#8221; make_fullwidth=&#8221;off&#8221; use_custom_width=&#8221;off&#8221; width_unit=&#8221;on&#8221; use_custom_gutter=&#8221;off&#8221; custom_padding=&#8221;|||25px&#8221; background_color=&#8221;#f8f8f8&#8243; allow_player_pause=&#8221;off&#8221; parallax=&#8221;off&#8221; parallax_method=&#8221;on&#8221; make_equal=&#8221;off&#8221; parallax_1=&#8221;off&#8221; parallax_method_1=&#8221;off&#8221;][et_pb_column type=&#8221;4_4&#8243;][et_pb_breadcrumbs admin_label=&#8221;Breadcrumbs&#8221; \/][et_pb_text admin_label=&#8221;Text&#8221; background_layout=&#8221;light&#8221; text_orientation=&#8221;left&#8221; use_border_color=&#8221;off&#8221; border_color=&#8221;#ffffff&#8221; border_style=&#8221;solid&#8221;]<\/p>\n<h1>INFORMACJE GIE\u0141DOWE<\/h1>\n<p>[\/et_pb_text][\/et_pb_column][\/et_pb_row][et_pb_row admin_label=&#8221;row&#8221;][et_pb_column type=&#8221;4_4&#8243;][et_pb_text admin_label=&#8221;Text&#8221; background_layout=&#8221;light&#8221; text_orientation=&#8221;left&#8221; use_border_color=&#8221;off&#8221; border_color=&#8221;#ffffff&#8221; border_style=&#8221;solid&#8221;]<\/p>\n<h2><\/h2>\n<table class=\"table table-striped table-hover\" style=\"width: 100%;\" border=\"0\">\n<tbody>\n<tr>\n<td>Sp\u00f3\u0142ka:<\/td>\n<td>SECO\/WARWICK S.A.<\/td>\n<\/tr>\n<tr>\n<td>Kod ISIN:<\/td>\n<td>PLWRWCK00013<\/td>\n<\/tr>\n<tr>\n<td>Nazwa skr\u00f3cona:<\/td>\n<td>SECOGROUP (SWG)<\/td>\n<\/tr>\n<tr>\n<td>Rynek notowa\u0144:<\/td>\n<td>Main Market 5 PLUS<\/td>\n<\/tr>\n<tr>\n<td>System notowa\u0144:<\/td>\n<td>Continual trading<\/td>\n<\/tr>\n<tr>\n<td>Sektor;<\/td>\n<td>Electroengineering<\/td>\n<\/tr>\n<\/tbody>\n<\/table>\n<div class=\"col730\">\n<p>&nbsp;<\/p>\n<p>&nbsp;<\/p>\n<h2>OFERTA<span style=\"color: #ff0000;\">\/<\/span>PUBLICZNA<\/h2>\n<h3>Informacje o ofercie<\/h3>\n<p>Oferta Publiczna zosta\u0142a podzielona na:<\/p>\n<ul>\n<li>Transz\u0119 Inwestor\u00f3w Indywidualnych, w kt\u00f3rej Emitent oferowa\u0142 570.000 Akcji Serii B,<\/li>\n<li>Transz\u0119 Inwestor\u00f3w Instytucjonalnych, w kt\u00f3rej Emitent i Akcjonariusze Sprzedaj\u0105cy oferowali odpowiednio 585.803 Akcje Serii B oraz nie wi\u0119cej ni\u017c 1.661.426 Akcji Sprzedawanych,<\/li>\n<li>Transz\u0119 Zamkni\u0119t\u0105, w kt\u00f3rej Akcjonariusze Sprzedaj\u0105cy oferowali pracownikom Grupy Emitenta nie wi\u0119cej ni\u017c 25.000 Akcji Sprzedawanych.<\/li>\n<\/ul>\n<h3><\/h3>\n<h3>Podsumowanie oferty publicznej akcji SECO\/WARWICK S.A.<\/h3>\n<p>Przydzia\u0142 akcji w ramach oferty publicznej SECO\/WARWICK S.A. mia\u0142 miejsce 26 listopada 2007 roku. Inwestorom zosta\u0142o przydzielone 1.155.803 akcji serii B, (wszystkie nowoemitowane akcje sp\u00f3\u0142ki), oraz 1.528.868 akcji serii A, zbywanych przez akcjonariuszy sprzedaj\u0105cych.<\/p>\n<p>W Transzy Inwestor\u00f3w Indywidualnych z\u0142o\u017cono zapisy \u0142\u0105cznie na 272.442 Akcji Serii B spo\u015br\u00f3d 570.000 Akcji Serii B oferowanych w tej transzy. Akcje Serii B zosta\u0142y przydzielone inwestorom zgodnie ze z\u0142o\u017conymi zapisami, a niesubskrybowane Akcje Serii B przesuni\u0119to do Transzy Inwestor\u00f3w Instytucjonalnych.<\/p>\n<p>W Transzy Zamkni\u0119tej inwestorzy subskrybowali 17.598 Akcji Serii A spo\u015br\u00f3d 25.000 Akcji Serii A oferowanych w tej transzy. Niesubskrybowane Akcje Serii A zosta\u0142y, zgodnie z zapisami prospektu emisyjnego, przesuni\u0119te do Transzy Inwestor\u00f3w Instytucjonalnych.<\/p>\n<p>W Transzy Inwestor\u00f3w Instytucjonalnych inwestorzy subskrybowali wszystkie z 2.247.229 Akcji Oferowanych przewidzianych do obj\u0119cia w tej transzy. Dodatkowo spo\u015br\u00f3d \u0142\u0105cznie 304.960 Akcji Oferowanych przesuni\u0119tych do tej transzy z Transzy Inwestor\u00f3w Indywidualnych oraz z Transzy Zamkni\u0119tej inwestorzy subskrybowali 147.402 Akcji Oferowanych. Podsumowuj\u0105c w Transzy Inwestor\u00f3w Instytucjonalnych przydzielonych zosta\u0142o w dniu 26 listopada 2007 roku \u0142\u0105cznie 2.394.631 Akcji Oferowanych, w tym 883.361 Akcji Serii B oraz 1.511.270 Akcji Serii A..<\/p>\n<p>Cena emisyjna akcji sp\u00f3\u0142ki SECO\/WARWICK S.A. zosta\u0142a ustalona na 37 z\u0142 wobec przedzia\u0142u cenowego wynosz\u0105cego 35-45 z\u0142.<\/p>\n<p>Istniej\u0105ce akcje oferowa\u0142y sp\u00f3\u0142ki SW Poland Holding, podmiot kontrolowany przez 5 mened\u017cer\u00f3w sp\u00f3\u0142ki, oraz Spruce Holding LLC, podmiot kontrolowany przez jej prezesa, posiadaj\u0105cy obecnie odpowiednio 61,74% i 25,89% akcji. Po ofercie ich udzia\u0142y spad\u0142y do 43,04% i 18,03%, a nowi akcjonariusze obj\u0119li 38,93% akcji.<\/p>\n<p>Debiut gie\u0142dowy akcji i PDA SECO\/WARWICK S.A. mia\u0142 miejsce 5 grudnia 2007<\/p>\n<\/div>\n<p>[\/et_pb_text][\/et_pb_column][\/et_pb_row][\/et_pb_section]<\/p>\n","protected":false},"excerpt":{"rendered":"<p>[et_pb_breadcrumbs admin_label=&#8221;Breadcrumbs&#8221; \/] INFORMACJE GIE\u0141DOWE Sp\u00f3\u0142ka: SECO\/WARWICK S.A. Kod ISIN: PLWRWCK00013 Nazwa skr\u00f3cona: SECOGROUP (SWG) Rynek notowa\u0144: Main Market 5 PLUS System notowa\u0144: Continual trading Sektor; Electroengineering &nbsp; &nbsp; OFERTA\/PUBLICZNA Informacje o ofercie Oferta Publiczna zosta\u0142a podzielona na: Transz\u0119 Inwestor\u00f3w Indywidualnych, w kt\u00f3rej Emitent oferowa\u0142 570.000 Akcji Serii B, Transz\u0119 Inwestor\u00f3w Instytucjonalnych, w kt\u00f3rej Emitent [&hellip;]<\/p>\n","protected":false},"author":2,"featured_media":0,"parent":6367,"menu_order":0,"comment_status":"closed","ping_status":"closed","template":"","meta":{"_acf_changed":false,"_et_pb_use_builder":"on","_et_pb_old_content":"<p>\u00a0<\/p><table class=\"table table-striped table-hover\" style=\"width: 100%;\" border=\"0\"><tbody><tr><td>Company:<\/td><td>SECO\/WARWICK S.A.<\/td><\/tr><tr><td>ISIN code:<\/td><td>PLWRWCK00013<\/td><\/tr><tr><td>Abbreviation:<\/td><td>SECOGROUP (SWG)<\/td><\/tr><tr><td>Market listed:<\/td><td>Main Market 5 PLUS<\/td><\/tr><tr><td>Trading system:<\/td><td>Continual trading<\/td><\/tr><tr><td>Sector:<\/td><td>Electroengineering<\/td><\/tr><\/tbody><\/table><div class=\"col730\"><p>\u00a0<\/p><h2>Public Offering<\/h2><h3>Information about the Offering<\/h3><p>The Public Offering was divided into:<\/p><ul><li>an Individual Investors Tranche, in which the Issuer offered 570,000 shares of Series B Stock,<\/li><li>an Institutional Investors Tranche, in which the Issuer and Stockholders offered 585,803 shares of Series B Stock and no more than 1,661,426 shares of Sold Stock, respectively,<\/li><li>a Closed Tranche, in which Selling Stockholders offered no more than 25,000 shares of Sold Stock to employees of the Issuer\u2019s Group.<\/li><\/ul><h3>Summary of Public Offering of SECO\/WARWICK S.A. Stock<\/h3><p>The allotment of shares in the public offering of SECO\/WARWICK S.A. took place on 26 November 2007. Investors were allotted 1,155,803 shares of Series B stock (all newly issued shares) and 1,528,868 shares of Series A stock sold by the selling stockholders.<\/p><p>In the Individual Investor Tranche subscriptions were placed for a total of 272,442 shares of Series B Stock, out of 570,000 shares of Series B Stock offered in this tranche. Series B stock was allotted to the investors according the subscriptions filed, and the unsubscribed shares of Series B Stock were moved to the Institutional Investors Tranche.<\/p><p>In the Closed Tranche investors subscribed for 17,598 shares of Series A Stock, out of 25,000 shares of Series A Stock offered in this tranche. As provided in the prospectus, the unsubscribed shares of Series A Stock were moved to the Institutional Investors Tranche.<\/p><p>In the Institutional Investors Tranche, investors subscribed for all of the 2,247,229 Offered Shares provided for in this tranche. Additionally, out of the total of 304,960 Offered Shares moved to this tranche from the Individual Investors Tranche and the Closed Tranche, investors subscribed for 147,402 Offered Shares. Overall, in the Institutional Investors Tranche, on 26 November 2007 a total of 2,394,631 Offered Shares were allotted, including 883,361 shares of Series B Stock and 1,511,270 shares of Series A Stock.<\/p><p>The issue price for SECO\/WARWICK S.A. shares was set at PLN 37, where the price range was PLN 35\u201345.<\/p><p>Existing shares were offered by SW Poland Holding, an entity controlled by 5 company managers, and by Spruce Holding LLC, an entity controlled by the company\u2019s CEO, then holding 61.74% and 25.89% of the shares, respectively. After the offering, their holdings fell to 43.04% and 18.03%, respectively, and new shareholders took up 38.93% of the shares.<\/p><p>The stock market debut of SECO\/WARWICK S.A. shares and share rights took place on 5 December 2007.<\/p><\/div>","_et_gb_content_width":"","footnotes":""},"class_list":["post-6895","page","type-page","status-publish"],"acf":[],"_links":{"self":[{"href":"https:\/\/www.secowarwick.com\/pl\/wp-json\/wp\/v2\/pages\/6895","targetHints":{"allow":["GET"]}}],"collection":[{"href":"https:\/\/www.secowarwick.com\/pl\/wp-json\/wp\/v2\/pages"}],"about":[{"href":"https:\/\/www.secowarwick.com\/pl\/wp-json\/wp\/v2\/types\/page"}],"author":[{"embeddable":true,"href":"https:\/\/www.secowarwick.com\/pl\/wp-json\/wp\/v2\/users\/2"}],"replies":[{"embeddable":true,"href":"https:\/\/www.secowarwick.com\/pl\/wp-json\/wp\/v2\/comments?post=6895"}],"version-history":[{"count":0,"href":"https:\/\/www.secowarwick.com\/pl\/wp-json\/wp\/v2\/pages\/6895\/revisions"}],"up":[{"embeddable":true,"href":"https:\/\/www.secowarwick.com\/pl\/wp-json\/wp\/v2\/pages\/6367"}],"wp:attachment":[{"href":"https:\/\/www.secowarwick.com\/pl\/wp-json\/wp\/v2\/media?parent=6895"}],"curies":[{"name":"wp","href":"https:\/\/api.w.org\/{rel}","templated":true}]}}