{"id":7102,"date":"2016-10-09T14:32:33","date_gmt":"2016-10-09T12:32:33","guid":{"rendered":"http:\/\/www.secowarwick.com\/pl\/aluminium-furnace-systems\/"},"modified":"2025-08-18T10:25:37","modified_gmt":"2025-08-18T08:25:37","slug":"obrobka-cieplna-aluminium","status":"publish","type":"page","link":"https:\/\/www.secowarwick.com\/pl\/produkty\/obrobka-cieplna-aluminium\/","title":{"rendered":"Piece do obr\u00f3bki cieplnej aluminium (AP)"},"content":{"rendered":"<p>[et_pb_section fb_built=&#8221;1&#8243; _builder_version=&#8221;4.16&#8243; global_colors_info=&#8221;{}&#8221;][et_pb_row _builder_version=&#8221;4.16&#8243; background_size=&#8221;initial&#8221; background_position=&#8221;top_left&#8221; background_repeat=&#8221;repeat&#8221; global_colors_info=&#8221;{}&#8221;][et_pb_column type=&#8221;4_4&#8243; _builder_version=&#8221;4.16&#8243; custom_padding=&#8221;|||&#8221; global_colors_info=&#8221;{}&#8221; custom_padding__hover=&#8221;|||&#8221;][et_pb_image src=&#8221;https:\/\/www.secowarwick.com\/wp-content\/uploads\/2020\/09\/ALUMINUM-HEAT-TREATMENT-CAB-Controlled-Atmosphere-Brazing.jpg&#8221; alt=&#8221;Piece do\u00a0obr\u00f3bki cieplnej aluminium (AP)&#8221; title_text=&#8221;ALUMINIUM HEAT TREATMENT AND CAB (CONTROLLED ATMOSPHERE BRAZING) SECO\/WARWICK &#8221; align_tablet=&#8221;center&#8221; align_phone=&#8221;&#8221; align_last_edited=&#8221;on|desktop&#8221; _builder_version=&#8221;4.16&#8243; global_colors_info=&#8221;{}&#8221;][\/et_pb_image][et_pb_text module_class=&#8221;p-seco-product-header-text&#8221; _builder_version=&#8221;4.16&#8243; global_colors_info=&#8221;{}&#8221;][\/et_pb_text][\/et_pb_column][\/et_pb_row][et_pb_row _builder_version=&#8221;4.16&#8243; background_size=&#8221;initial&#8221; background_position=&#8221;top_left&#8221; background_repeat=&#8221;repeat&#8221; global_colors_info=&#8221;{}&#8221;][et_pb_column type=&#8221;4_4&#8243; _builder_version=&#8221;4.16&#8243; custom_padding=&#8221;|||&#8221; hover_enabled=&#8221;0&#8243; global_colors_info=&#8221;{}&#8221; custom_padding__hover=&#8221;|||&#8221; sticky_enabled=&#8221;0&#8243;][et_pb_text _builder_version=&#8221;4.16&#8243; hover_enabled=&#8221;0&#8243; global_colors_info=&#8221;{}&#8221; sticky_enabled=&#8221;0&#8243;]<\/p>\n<h1>OBR\u00d3BKA CIEPLNA ALUMINIUM<\/h1>\n<p>&nbsp;<\/p>\n<h2>Systemy do&nbsp;Obr\u00f3bki Cieplnej Aluminium<\/h2>\n<p>&nbsp;<\/p>\n<p>Podstawowe pi\u0119\u0107 grup produkt\u00f3w SECO\/WARWICK obejmuje piece do&nbsp;wy\u017carzania zwoj\u00f3w\/folii, piece do&nbsp;przesycania i&nbsp;starzenia, piece do&nbsp;homogenizacji, nagrzewu wlewk\u00f3w oraz&nbsp;piece do&nbsp;topienia\/podgrzewania.<\/p>\n<p>Oferujemy piece wyposa\u017cone w&nbsp;zaawansowane technologie skracaj\u0105ce czas cyklu, oszcz\u0119dzaj\u0105ce energi\u0119 i&nbsp;poprawiaj\u0105ce tempo ch\u0142odzenia. Nasze systemy obejmuj\u0105 pakiety sterowania i&nbsp;transportu materia\u0142u zaprojektowane dla optymalnych osi\u0105g\u00f3w w&nbsp;ka\u017cdym \u015brodowisku produkcyjnym. Dzi\u0119ki naszemu do\u015bwiadczeniu jeste\u015bmy w&nbsp;stanie dostarczy\u0107 wszystkie potrzebne klientowi urz\u0105dzenia do&nbsp;obr\u00f3bki aluminium i&nbsp;gwarantujemy wydajno\u015b\u0107 naszych urz\u0105dze\u0144.<\/p>\n<p>&nbsp;<\/p>\n<p>[\/et_pb_text][\/et_pb_column][\/et_pb_row][et_pb_row _builder_version=&#8221;4.16&#8243; _module_preset=&#8221;default&#8221; width=&#8221;100%&#8221; max_width=&#8221;1000px&#8221; module_alignment=&#8221;center&#8221; global_colors_info=&#8221;{}&#8221;][et_pb_column type=&#8221;4_4&#8243; _builder_version=&#8221;4.16&#8243; _module_preset=&#8221;default&#8221; global_colors_info=&#8221;{}&#8221;][et_pb_seco_products product_1_title=&#8221;Piece do\u00a0wy\u017carzania zwoj\u00f3w \u2013 Vortex\u00ae&#8221; product_1_src=&#8221;https:\/\/www.secowarwick.com\/wp-content\/uploads\/2021\/04\/Vortex-Aluminum-Coil-and-Foil-Annealing-Furnaces.jpg&#8221; product_1_alt=&#8221;Piece do\u00a0wy\u017carzania zwoj\u00f3w \u2013 Vortex&#8221; product_1_button=&#8221;WI\u0118CEJ&#8221; product_1_url=&#8221;https:\/\/www.secowarwick.com\/pl\/produkty\/obrobka-cieplna-aluminium\/vortex-wyzarzanie-zwojow-aluminiowych\/&#8221; product_2_title=&#8221;Piec przelotowy do\u00a0przesycania i\u00a0starzenia stop\u00f3w aluminium \u2013 VertiQuench\u00ae Drop Bottom&#8221; product_2_src=&#8221;https:\/\/www.secowarwick.com\/wp-content\/uploads\/2021\/04\/VertiQuench-Solution-HT-and-Aging-Drop-Bottom-Type-Furnaces-2.jpg&#8221; product_2_alt=&#8221;Piec przelotowy do\u00a0przesycania i\u00a0starzenia stop\u00f3w aluminium \u2013 VertiQuench\u00ae Drop Bottom&#8221; product_2_button=&#8221;WI\u0118CEJ&#8221; product_2_url=&#8221;https:\/\/www.secowarwick.com\/pl\/produkty\/obrobka-cieplna-aluminium\/przelotowe-piece-hartujace-vertiquench\/&#8221; product_3_title=&#8221;Piece do\u00a0Wy\u017carzania Aluminium&#8221; product_3_src=&#8221;https:\/\/www.secowarwick.com\/wp-content\/uploads\/2021\/04\/Aluminum-Age-and-Annealing.jpg&#8221; product_3_alt=&#8221;Kompleksowe, rozwi\u0105zania dla bran\u017cy aluminium. Konstrukcj\u0119 Mass Flow i\u00a0Vortex Jet Heating .&#8221; product_3_button=&#8221;WI\u0118CEJ&#8221; product_3_url=&#8221;https:\/\/www.secowarwick.com\/pl\/produkty\/obrobka-cieplna-aluminium\/piece-do-wyzarzania-aluminium\/&#8221; product_4_title=&#8221;Piece topielne i\u00a0odstojowe&#8221; product_4_src=&#8221;https:\/\/www.secowarwick.com\/wp-content\/uploads\/2021\/05\/melting-furnace_header3.jpg&#8221; product_4_alt=&#8221;Piece topielne i\u00a0odstojowe&#8221; product_4_button=&#8221;WI\u0118CEJ&#8221; product_4_url=&#8221;https:\/\/www.secowarwick.com\/pl\/produkty\/obrobka-cieplna-aluminium\/piece-do-topienia-i-wytrzymywania-aluminium\/&#8221; module_id=&#8221;secoalutest&#8221; module_class=&#8221;disable-animation max8001&#8243; _builder_version=&#8221;4.23.1&#8243; hover_enabled=&#8221;0&#8243; global_colors_info=&#8221;{}&#8221; sticky_enabled=&#8221;0&#8243;][\/et_pb_seco_products][et_pb_text module_class=&#8221;max8001&#8243; _builder_version=&#8221;4.16&#8243; global_colors_info=&#8221;{}&#8221;]<\/p>\n<p>&nbsp;<\/p>\n<p>Nasze systemy dzia\u0142aj\u0105 w&nbsp;ponad 30 krajach na&nbsp;\u015bwiecie przy pierwotnej i&nbsp;wt\u00f3rnej produkcji aluminium, jak i&nbsp;dalszych procesach, kt\u00f3re pozwalaj\u0105 na&nbsp;dostarczenie p\u00f3\u0142produkt\u00f3w i&nbsp;gotowych produkt\u00f3w.<\/p>\n<p>&nbsp;<\/p>\n<p>[\/et_pb_text][et_pb_seco_products product_1_title=&#8221;Przesycanie i\u00a0Starzenie aluminium&#8221; product_1_src=&#8221;https:\/\/www.secowarwick.com\/wp-content\/uploads\/2019\/11\/Solution-and-Aging-500-x-500.jpg&#8221; product_1_alt=&#8221;Przesycanie i\u00a0Starzenie aluminium&#8221; product_1_button=&#8221;WI\u0118CEJ&#8221; product_1_url=&#8221;https:\/\/www.secowarwick.com\/pl\/produkty\/obrobka-cieplna-aluminium\/przesycanie-i-starzenie\/&#8221; product_2_title=&#8221;Redukcja LZO \u2013 urz\u0105dzenie redukuj\u0105ce emisj\u0119 lotnych zwi\u0105zk\u00f3w organicznych (Dopalacz)&#8221; product_2_src=&#8221;https:\/\/www.secowarwick.com\/wp-content\/uploads\/2022\/01\/Afterburner-1.jpg&#8221; product_2_alt=&#8221;Redukcja LZO \u2013 urz\u0105dzenie redukuj\u0105ce emisj\u0119 lotnych zwi\u0105zk\u00f3w organicznych (Dopalacz)&#8221; product_2_button=&#8221;WI\u0118CEJ&#8221; product_2_url=&#8221;https:\/\/www.secowarwick.com\/pl\/produkty\/obrobka-cieplna-aluminium\/dopalacz-urzadzenie-redukujace-emisje-lotnych-zwiazkow-organicznych-lzo\/&#8221; product_3_title=&#8221;Piece do\u00a0Homogenizacji Aluminium&#8221; product_3_src=&#8221;https:\/\/www.secowarwick.com\/wp-content\/uploads\/2019\/11\/aluminium-homogenizing-500-x-500.jpg&#8221; product_3_alt=&#8221;Piece do\u00a0Homogenizacji Aluminium&#8221; product_3_button=&#8221;WI\u0118CEJ&#8221; product_3_url=&#8221;https:\/\/www.secowarwick.com\/pl\/produkty\/obrobka-cieplna-aluminium\/piece-do-homogenizacji-aluminium\/&#8221; product_4_title=&#8221;Obs\u0142uga posprzeda\u017cowa dla piec\u00f3w do\u00a0obr\u00f3bki cieplnej aluminium&#8221; product_4_src=&#8221;https:\/\/www.secowarwick.com\/wp-content\/uploads\/2021\/06\/Aftermarket-for-Aluminum-Process-Furnaces.webp&#8221; product_4_alt=&#8221;Obs\u0142uga posprzeda\u017cowa dla piec\u00f3w do\u00a0obr\u00f3bki cieplnej aluminium&#8221; product_4_button=&#8221;WI\u0118CEJ&#8221; product_4_url=&#8221;https:\/\/www.secowarwick.com\/pl\/produkty\/obrobka-cieplna-aluminium\/aftermarket-for-aluminium-process-furnaces\/&#8221; module_id=&#8221;secoalutest&#8221; module_class=&#8221;disable-animation max8001&#8243; _builder_version=&#8221;4.10.3&#8243; global_colors_info=&#8221;{}&#8221;][\/et_pb_seco_products][\/et_pb_column][\/et_pb_row][et_pb_row column_structure=&#8221;1_2,1_2&#8243; _builder_version=&#8221;4.16&#8243; background_color=&#8221;#ffffff&#8221; global_colors_info=&#8221;{}&#8221;][et_pb_column type=&#8221;1_2&#8243; _builder_version=&#8221;4.16&#8243; background_color=&#8221;#ffffff&#8221; custom_padding=&#8221;|||&#8221; global_colors_info=&#8221;{}&#8221; custom_padding__hover=&#8221;|||&#8221;][et_pb_text _builder_version=&#8221;4.16&#8243; border_color_all=&#8221;#ffffff&#8221; global_colors_info=&#8221;{}&#8221;]<\/p>\n<p><strong><span style=\"color: #e30f00;\">\/\u00a0<\/span>Technologie Aluminium:<br \/><\/strong>lutowanie, wy\u017carzanie, przesycanie, starzenie, homogenizacja, podgrzewanie, topienie.<\/p>\n<p><strong><span style=\"color: #e30f00;\">\/\u00a0<\/span>Przemys\u0142y:<br \/><\/strong>motoryzacyjny, maszynowy, energetyczny, lotniczy, morski, chemiczny, zbrojeniowy, elektroniczny.<\/p>\n<p><strong><span style=\"color: #e30f00;\">\/\u00a0<\/span>Istotne cechy:<br \/><\/strong>Specjalizowane linie do&nbsp;obr\u00f3bki cieplnej aluminium budowane wed\u0142ug indywidualnych wymaga\u0144 klienta. Dostosowanie proces\u00f3w do&nbsp;specyfiki wsadu i&nbsp;wymaga\u0144 wydajno\u015bciowych oraz&nbsp;jako\u015bciowych. Skr\u00f3cenie czasu procesu, obni\u017cenie zu\u017cycia energii i&nbsp;innych czynnik\u00f3w energetycznych, spe\u0142nienie specyfikowanych przez&nbsp;klienta norm lotniczych, samochodowych, ochrony \u015brodowiska i&nbsp;innych. Dedykowane urz\u0105dzenia peryferyjne: transportu wsadu, czyszczenia mi\u0119dzyoperacyjnego, nanoszenia topnika, pakowania, ograniczania emisji substancji szkodliwych.<\/p>\n<p>&nbsp;<\/p>\n<p>[\/et_pb_text][\/et_pb_column][et_pb_column type=&#8221;1_2&#8243; _builder_version=&#8221;4.16&#8243; custom_padding=&#8221;|||&#8221; global_colors_info=&#8221;{}&#8221; custom_padding__hover=&#8221;|||&#8221;][et_pb_text _builder_version=&#8221;4.16&#8243; border_color_all=&#8221;#ffffff&#8221; global_colors_info=&#8221;{}&#8221;]<\/p>\n<p><span style=\"color: #e30f13;\">\/\u00a0<\/span><strong>Systemy:<\/strong><\/p>\n<p><strong>Vortex\u00ae<\/strong> &#8211; opatentowana technologia nagrzewania dyszowego rulon\u00f3w aluminiowych.<\/p>\n<p><strong>SeCoil\u00ae<\/strong> &#8211; ekspercki system do&nbsp;projektowania, symulacji, optymalizacji oraz&nbsp;kontroli proces\u00f3w nagrzewania zwoi blach aluminiowych.<\/p>\n<p><strong>VertiQuench\u00ae<\/strong> &#8211;\u00a0piece komorowe typu drop bottom z&nbsp;wannami do&nbsp;przesycania wsad\u00f3w aluminiowych dla przemys\u0142u lotniczego i&nbsp;samochodowego.\u00a0Zbiornik do&nbsp;przesycania\u00a0mo\u017ce by\u0107\u00a0wype\u0142niony wod\u0105\u00a0lub wodnym roztworem polimeru.<\/p>\n<p>&nbsp;<\/p>\n<p>[\/et_pb_text][\/et_pb_column][\/et_pb_row][et_pb_row disabled_on=&#8221;on|on|on&#8221; _builder_version=&#8221;4.16&#8243; background_size=&#8221;initial&#8221; background_position=&#8221;top_left&#8221; background_repeat=&#8221;repeat&#8221; disabled=&#8221;on&#8221; global_colors_info=&#8221;{}&#8221;][et_pb_column type=&#8221;4_4&#8243; _builder_version=&#8221;4.16&#8243; custom_padding=&#8221;|||&#8221; global_colors_info=&#8221;{}&#8221; custom_padding__hover=&#8221;|||&#8221;][et_pb_text _builder_version=&#8221;4.16&#8243; global_colors_info=&#8221;{}&#8221;]<\/p>\n<h1>Materia\u0142y o&nbsp;produkcie<\/h1>\n<p>[\/et_pb_text][\/et_pb_column][\/et_pb_row][et_pb_row column_structure=&#8221;1_2,1_2&#8243; disabled_on=&#8221;on|on|on&#8221; _builder_version=&#8221;4.16&#8243; background_color=&#8221;#ffffff&#8221; disabled=&#8221;on&#8221; global_colors_info=&#8221;{}&#8221;][et_pb_column type=&#8221;1_2&#8243; _builder_version=&#8221;4.16&#8243; background_color=&#8221;#ffffff&#8221; custom_padding=&#8221;|||&#8221; global_colors_info=&#8221;{}&#8221; custom_padding__hover=&#8221;|||&#8221;][et_pb_selected_documents _builder_version=&#8221;4.10.3&#8243; global_colors_info=&#8221;{}&#8221;][et_pb_document post_id=&#8221;86498&#8243; title=&#8221;Vortex\u00ae &#8211; brochure&#8221; _builder_version=&#8221;3.6&#8243; global_colors_info=&#8221;{}&#8221;][\/et_pb_document][et_pb_document post_id=&#8221;86374&#8243; title=&#8221;VertiQuench\u00ae &#8211; brochure&#8221; _builder_version=&#8221;3.6&#8243; global_colors_info=&#8221;{}&#8221;][\/et_pb_document][\/et_pb_selected_documents][\/et_pb_column][et_pb_column type=&#8221;1_2&#8243; _builder_version=&#8221;4.16&#8243; custom_padding=&#8221;|||&#8221; global_colors_info=&#8221;{}&#8221; custom_padding__hover=&#8221;|||&#8221;][et_pb_selected_documents _builder_version=&#8221;4.10.3&#8243; global_colors_info=&#8221;{}&#8221;][et_pb_document post_id=&#8221;92345&#8243; title=&#8221;Aluminium Annealing Furnaces&#8221; _builder_version=&#8221;3.6&#8243; global_colors_info=&#8221;{}&#8221;][\/et_pb_document][et_pb_document post_id=&#8221;92397&#8243; title=&#8221;Aluminum Homogenizing Furnaces &#8211; brochure&#8221; _builder_version=&#8221;4.10.3&#8243; global_colors_info=&#8221;{}&#8221;][\/et_pb_document][\/et_pb_selected_documents][\/et_pb_column][\/et_pb_row][et_pb_row _builder_version=&#8221;4.16&#8243; background_size=&#8221;initial&#8221; background_position=&#8221;top_left&#8221; background_repeat=&#8221;repeat&#8221; global_colors_info=&#8221;{}&#8221;][et_pb_column type=&#8221;4_4&#8243; _builder_version=&#8221;4.16&#8243; custom_padding=&#8221;|||&#8221; global_colors_info=&#8221;{}&#8221; custom_padding__hover=&#8221;|||&#8221;][et_pb_code _builder_version=&#8221;4.10.3&#8243; _module_preset=&#8221;default&#8221; global_module=&#8221;123769&#8243; saved_tabs=&#8221;all&#8221; global_colors_info=&#8221;{}&#8221;]<!-- [et_pb_line_break_holder] --><pee style=\"text-align: center;\"><a class=\"small-button smallred\" style=\"font-size: 20px; padding: 20px 60px;\" href=\"https:\/\/www.secowarwick.com\/pl\/zapytaj-o-oferte\/\"><span style=\"display: block; transform: skew(15deg,0deg); -webkit-transform: skew(15deg,0deg); font-size: 20px; !important\">ZAPYTAJ O OFERT\u0118<\/span><\/a><\/pee>[\/et_pb_code][\/et_pb_column][\/et_pb_row][\/et_pb_section]<\/p>\n","protected":false},"excerpt":{"rendered":"<p>OBR\u00d3BKA CIEPLNA ALUMINIUM &nbsp; Systemy do&nbsp;Obr\u00f3bki Cieplnej Aluminium &nbsp; Podstawowe pi\u0119\u0107 grup produkt\u00f3w SECO\/WARWICK obejmuje piece do&nbsp;wy\u017carzania zwoj\u00f3w\/folii, piece do&nbsp;przesycania i&nbsp;starzenia, piece do&nbsp;homogenizacji, nagrzewu wlewk\u00f3w oraz&nbsp;piece do&nbsp;topienia\/podgrzewania. Oferujemy piece wyposa\u017cone w&nbsp;zaawansowane technologie skracaj\u0105ce czas cyklu, oszcz\u0119dzaj\u0105ce energi\u0119 i&nbsp;poprawiaj\u0105ce tempo ch\u0142odzenia. Nasze systemy obejmuj\u0105 pakiety sterowania i&nbsp;transportu materia\u0142u zaprojektowane dla optymalnych osi\u0105g\u00f3w w&nbsp;ka\u017cdym \u015brodowisku produkcyjnym. Dzi\u0119ki [&hellip;]<\/p>\n","protected":false},"author":9,"featured_media":0,"parent":7110,"menu_order":0,"comment_status":"closed","ping_status":"closed","template":"","meta":{"_acf_changed":false,"_et_pb_use_builder":"on","_et_pb_old_content":"<h2>\u00a0<\/h2>","_et_gb_content_width":"","footnotes":""},"class_list":["post-7102","page","type-page","status-publish"],"acf":[],"_links":{"self":[{"href":"https:\/\/www.secowarwick.com\/pl\/wp-json\/wp\/v2\/pages\/7102","targetHints":{"allow":["GET"]}}],"collection":[{"href":"https:\/\/www.secowarwick.com\/pl\/wp-json\/wp\/v2\/pages"}],"about":[{"href":"https:\/\/www.secowarwick.com\/pl\/wp-json\/wp\/v2\/types\/page"}],"author":[{"embeddable":true,"href":"https:\/\/www.secowarwick.com\/pl\/wp-json\/wp\/v2\/users\/9"}],"replies":[{"embeddable":true,"href":"https:\/\/www.secowarwick.com\/pl\/wp-json\/wp\/v2\/comments?post=7102"}],"version-history":[{"count":26,"href":"https:\/\/www.secowarwick.com\/pl\/wp-json\/wp\/v2\/pages\/7102\/revisions"}],"predecessor-version":[{"id":182579,"href":"https:\/\/www.secowarwick.com\/pl\/wp-json\/wp\/v2\/pages\/7102\/revisions\/182579"}],"up":[{"embeddable":true,"href":"https:\/\/www.secowarwick.com\/pl\/wp-json\/wp\/v2\/pages\/7110"}],"wp:attachment":[{"href":"https:\/\/www.secowarwick.com\/pl\/wp-json\/wp\/v2\/media?parent=7102"}],"curies":[{"name":"wp","href":"https:\/\/api.w.org\/{rel}","templated":true}]}}