{"id":7110,"date":"2016-10-01T13:07:26","date_gmt":"2016-10-01T11:07:26","guid":{"rendered":"http:\/\/www.secowarwick.com\/pl\/products\/"},"modified":"2025-06-27T13:53:25","modified_gmt":"2025-06-27T11:53:25","slug":"produkty","status":"publish","type":"page","link":"https:\/\/www.secowarwick.com\/pl\/produkty\/","title":{"rendered":"Produkty"},"content":{"rendered":"<p>[et_pb_section fb_built=&#8221;1&#8243; fullwidth=&#8221;on&#8221; _builder_version=&#8221;4.16&#8243; global_colors_info=&#8221;{}&#8221;][et_pb_fullwidth_slider show_content_on_mobile=&#8221;off&#8221; show_cta_on_mobile=&#8221;off&#8221; disabled_on=&#8221;on||&#8221; _builder_version=&#8221;4.16&#8243; background_position=&#8221;top_left&#8221; custom_padding=&#8221;|||&#8221; custom_css_slide_description=&#8221;float: left;&#8221; global_colors_info=&#8221;{}&#8221; button_text_size__hover_enabled=&#8221;off&#8221; button_one_text_size__hover_enabled=&#8221;off&#8221; button_two_text_size__hover_enabled=&#8221;off&#8221; button_text_color__hover_enabled=&#8221;off&#8221; button_one_text_color__hover_enabled=&#8221;off&#8221; button_two_text_color__hover_enabled=&#8221;off&#8221; button_border_width__hover_enabled=&#8221;off&#8221; button_one_border_width__hover_enabled=&#8221;off&#8221; button_two_border_width__hover_enabled=&#8221;off&#8221; button_border_color__hover_enabled=&#8221;off&#8221; button_one_border_color__hover_enabled=&#8221;off&#8221; button_two_border_color__hover_enabled=&#8221;off&#8221; button_border_radius__hover_enabled=&#8221;off&#8221; button_one_border_radius__hover_enabled=&#8221;off&#8221; button_two_border_radius__hover_enabled=&#8221;off&#8221; button_letter_spacing__hover_enabled=&#8221;off&#8221; button_one_letter_spacing__hover_enabled=&#8221;off&#8221; button_two_letter_spacing__hover_enabled=&#8221;off&#8221; button_bg_color__hover_enabled=&#8221;off&#8221; button_one_bg_color__hover_enabled=&#8221;off&#8221; button_two_bg_color__hover_enabled=&#8221;off&#8221;][et_pb_slide use_bg_overlay=&#8221;off&#8221; use_text_overlay=&#8221;off&#8221; _builder_version=&#8221;4.16&#8243; header_font=&#8221;||||&#8221; body_font=&#8221;|on|||&#8221; body_font_size=&#8221;46&#8243; background_color=&#8221;#ffffff&#8221; background_image=&#8221;https:\/\/www.secowarwick.com\/wp-content\/uploads\/2018\/12\/piece-przemyslowe.jpg&#8221; background_position=&#8221;top_left&#8221; button_on_hover=&#8221;on&#8221; body_font_size_tablet=&#8221;46&#8243; body_font_size_phone=&#8221;46&#8243; global_colors_info=&#8221;{}&#8221; button_text_size__hover_enabled=&#8221;off&#8221; button_one_text_size__hover_enabled=&#8221;off&#8221; button_two_text_size__hover_enabled=&#8221;off&#8221; button_text_color__hover_enabled=&#8221;off&#8221; button_one_text_color__hover_enabled=&#8221;off&#8221; button_two_text_color__hover_enabled=&#8221;off&#8221; button_border_width__hover_enabled=&#8221;off&#8221; button_one_border_width__hover_enabled=&#8221;off&#8221; button_two_border_width__hover_enabled=&#8221;off&#8221; button_border_color__hover_enabled=&#8221;off&#8221; button_one_border_color__hover_enabled=&#8221;off&#8221; button_two_border_color__hover_enabled=&#8221;off&#8221; button_border_radius__hover_enabled=&#8221;off&#8221; button_one_border_radius__hover_enabled=&#8221;off&#8221; button_two_border_radius__hover_enabled=&#8221;off&#8221; button_letter_spacing__hover_enabled=&#8221;off&#8221; button_one_letter_spacing__hover_enabled=&#8221;off&#8221; button_two_letter_spacing__hover_enabled=&#8221;off&#8221; button_bg_color__hover_enabled=&#8221;off&#8221; button_one_bg_color__hover_enabled=&#8221;off&#8221; button_two_bg_color__hover_enabled=&#8221;off&#8221; sticky_transition=&#8221;on&#8221;]<span style=\"color: #ff0000;\">\/<\/span>PRODUKTY[\/et_pb_slide][\/et_pb_fullwidth_slider][\/et_pb_section][et_pb_section fb_built=&#8221;1&#8243; admin_label=&#8221;section&#8221; _builder_version=&#8221;4.16&#8243; custom_padding=&#8221;0px|||&#8221; transparent_background=&#8221;off&#8221; make_fullwidth=&#8221;off&#8221; use_custom_width=&#8221;off&#8221; width_unit=&#8221;on&#8221; global_colors_info=&#8221;{}&#8221;][et_pb_row _builder_version=&#8221;4.19.2&#8243; _module_preset=&#8221;default&#8221; global_colors_info=&#8221;{}&#8221;][et_pb_column type=&#8221;4_4&#8243; _builder_version=&#8221;4.19.2&#8243; _module_preset=&#8221;default&#8221; global_colors_info=&#8221;{}&#8221;][et_pb_breadcrumbs _builder_version=&#8221;3.0.47&#8243; global_colors_info=&#8221;{}&#8221;][\/et_pb_breadcrumbs][et_pb_text _builder_version=&#8221;4.23.1&#8243; background_size=&#8221;initial&#8221; background_position=&#8221;top_left&#8221; background_repeat=&#8221;repeat&#8221; use_border_color=&#8221;off&#8221; global_colors_info=&#8221;{}&#8221;]<\/p>\n<h1>PIECE PRZEMYS\u0141OWE<\/h1>\n<h3>Rozwi\u0105zania SECO\/WARWICK w&nbsp;zakresie obr\u00f3bki cieplnej metali<\/h3>\n<p>W&nbsp;SECO\/WARWICK podchodzimy indywidualnie do&nbsp;ka\u017cdego projektu &#8211; cz\u0119sto klient szuka rozwi\u0105zania, kt\u00f3re wymaga wsp\u00f3\u0142pracy mi\u0119dzy r\u00f3\u017cnymi segmentami. My&nbsp;poznajemy potrzeb\u0119 klienta\u00a0i wsp\u00f3lnie, z&nbsp;do\u015bwiadczonymi ekspertami, dobieramy najlepsz\u0105 technologi\u0119.<\/p>\n<p><strong>Przemys\u0142: <\/strong>piece przemys\u0142owe i&nbsp;inne rozwi\u0105zania dla bran\u017cy samochodowej, samolotowej, energetycznej, medycznej czy&nbsp;obronnej. Jednym s\u0142owem dla ka\u017cdego przemys\u0142u. Specjali\u015bci z&nbsp;SECO\/WARWICK wsp\u00f3\u0142pracuj\u0105, by&nbsp;znale\u017a\u0107 <a href=\"https:\/\/www.secowarwick.com\/pl\/przemysly\/\">rozwi\u0105zania odpowiednie dla Twojej&nbsp;firmy<\/a>.<\/p>\n<p><strong>Unikalne cechy:<\/strong> urz\u0105dzenia energooszcz\u0119dne i&nbsp;przyjazne \u015brodowisku, dost\u0119p do&nbsp;definiowanych przez&nbsp;nas technologii i&nbsp;nowych rozwi\u0105za\u0144, nowoczesne systemy sterowania i&nbsp;analizy danych, <a href=\"https:\/\/www.secowarwick.com\/pl\/profesjonalne-uslugi-serwisowe\/\" target=\"_blank\" rel=\"noopener\">profesjonalne us\u0142ugi serwisowe<\/a>\u00a0dost\u0119pne w&nbsp;ka\u017cdej cz\u0119\u015bci \u015bwiata.<\/p>\n<p><strong>Technologie:<\/strong> przynosz\u0105ce najlepsze rezultaty, jako nasz partner masz dost\u0119p do&nbsp;wiedzy, do\u015bwiadczenia,<a href=\"https:\/\/www.secowarwick.com\/pl\/produkty\/najnowsze-technologie\/\" target=\"_blank\" rel=\"noopener\"> technologii oraz&nbsp;specjalist\u00f3w<\/a> z&nbsp;dziedziny in\u017cynierii i&nbsp;nauki, kt\u00f3rzy&nbsp;szukaj\u0105 kolejnych rozwi\u0105za\u0144.<\/p>\n<p><strong>Zakres: <\/strong>rozwi\u0105zania standardowe i&nbsp;dedykowane, dostawa urz\u0105dze\u0144 wraz z&nbsp;technologi\u0105 i&nbsp;urz\u0105dzeniami towarzysz\u0105cymi, monta\u017c i&nbsp;uruchomienie, obs\u0142uga serwisowa, szkolenia techniczne i&nbsp;technologiczne, pr\u00f3by i<a href=\"https:\/\/www.secowarwick.com\/pl\/rd\/\" target=\"_blank\" rel=\"noopener\"> badania w&nbsp;warunkach przemys\u0142owych i&nbsp;laboratoryjnych<\/a>, analizy i&nbsp;symulacje.<\/p>\n<p><strong>Rozwi\u0105zania SECO\/WARWICK to&nbsp;tak\u017ce: <\/strong>piece przemys\u0142owe do&nbsp;przeprowadzania pr\u00f3b ognioodpornych, <a href=\"https:\/\/www.secowarwick.com\/pl\/produkty\/piece-prozniowe\/\" target=\"_blank\" rel=\"noopener\">urz\u0105dzenia pr\u00f3\u017cniowe<\/a>, komory do&nbsp;wykonywania precyzyjnych pr\u00f3b, uk\u0142ady przetwarzania termicznego, linie produkcyjne podgrzewania przednich szyb samochodowych i&nbsp;ich formowania oraz&nbsp;indywidualne rozwi\u0105zanie przygotowane dla Twojej&nbsp;firmy, pozwalaj\u0105ce uzyska\u0107 przewag\u0119 nad&nbsp;konkurencj\u0105.<\/p>\n<p>[\/et_pb_text][\/et_pb_column][\/et_pb_row][et_pb_row column_structure=&#8221;1_3,1_3,1_3&#8243; _builder_version=&#8221;4.16&#8243; background_size=&#8221;initial&#8221; background_position=&#8221;top_left&#8221; background_repeat=&#8221;repeat&#8221; global_colors_info=&#8221;{}&#8221;][et_pb_column type=&#8221;1_3&#8243; _builder_version=&#8221;4.16&#8243; custom_padding=&#8221;|||&#8221; global_colors_info=&#8221;{}&#8221; custom_padding__hover=&#8221;|||&#8221;][et_pb_blurb title=&#8221;Obr\u00f3bka Cieplna Aluminium&#8221; url=&#8221;\/pl\/produkty\/obrobka-cieplna-aluminium\/&#8221; image=&#8221;https:\/\/www.secowarwick.com\/wp-content\/uploads\/2023\/06\/VORTEX_Aluminum.jpg&#8221; alt=&#8221;Piece przemys\u0142owe do\u00a0aluminium&#8221; admin_label=&#8221;ALU&#8221; _builder_version=&#8221;4.23.1&#8243; header_font=&#8221;|on|||&#8221; header_font_size=&#8221;20px&#8221; background_size=&#8221;initial&#8221; background_position=&#8221;top_left&#8221; background_repeat=&#8221;repeat&#8221; max_width_tablet=&#8221;50px&#8221; use_border_color=&#8221;off&#8221; global_colors_info=&#8221;{}&#8221;]<\/p>\n<p><a href=\"https:\/\/www.secowarwick.com\/pl\/produkty\/obrobka-cieplna-aluminium\/vortex-wyzarzanie-zwojow-aluminiowych\/\">VORTEX<\/a><br \/><a href=\"https:\/\/www.secowarwick.com\/pl\/produkty\/obrobka-cieplna-aluminium\/przelotowe-piece-hartujace-vertiquench\/\">VertiQuench<\/a><br \/><a href=\"https:\/\/www.secowarwick.com\/pl\/produkty\/obrobka-cieplna-aluminium\/piece-do-wyzarzania-aluminium\/\">Piece do&nbsp;wy\u017carzania aluminium<\/a><br \/><a href=\"https:\/\/www.secowarwick.com\/pl\/produkty\/obrobka-cieplna-aluminium\/piece-do-topienia-i-wytrzymywania-aluminium\/\">Piece topielne i&nbsp;odstojowe<\/a><br \/><a href=\"https:\/\/www.secowarwick.com\/pl\/produkty\/obrobka-cieplna-aluminium\/przesycanie-i-starzenie\/\">Przesycanie i&nbsp;starzenie aluminium<\/a><br \/><a href=\"https:\/\/www.secowarwick.com\/pl\/produkty\/obrobka-cieplna-aluminium\/dopalacz-urzadzenie-redukujace-emisje-lotnych-zwiazkow-organicznych-lzo\/\">Redukcja lotnych zwi\u0105zk\u00f3w organicznych<\/a><br \/><a href=\"https:\/\/www.secowarwick.com\/pl\/produkty\/obrobka-cieplna-aluminium\/piece-do-homogenizacji-aluminium\/\">Piece do&nbsp;homogenizacji aluminium<\/a><\/p>\n<p style=\"text-align: center;\"><a href='\/pl\/produkty\/obrobka-cieplna-aluminium\/' class='small-button smallred'><span>WI\u0118CEJ<\/span><\/a><\/p>\n<p>[\/et_pb_blurb][\/et_pb_column][et_pb_column type=&#8221;1_3&#8243; _builder_version=&#8221;4.16&#8243; custom_padding=&#8221;|||&#8221; global_colors_info=&#8221;{}&#8221; custom_padding__hover=&#8221;|||&#8221;][et_pb_blurb title=&#8221; Lutowanie w\u00a0Atmosferze Ochronnej (CAB)&#8221; url=&#8221;https:\/\/www.secowarwick.com\/pl\/produkty\/lutowanie-aluminium-w-atmosferze-ochronnej\/&#8221; image=&#8221;https:\/\/www.secowarwick.com\/wp-content\/uploads\/2023\/06\/CAB.jpg&#8221; alt=&#8221;Piec UNIVERSAL CAB Batch &#8221; admin_label=&#8221;CAB&#8221; _builder_version=&#8221;4.23.1&#8243; header_font=&#8221;|on|||&#8221; header_font_size=&#8221;20px&#8221; background_size=&#8221;initial&#8221; background_position=&#8221;top_left&#8221; background_repeat=&#8221;repeat&#8221; max_width_tablet=&#8221;50px&#8221; use_border_color=&#8221;off&#8221; global_colors_info=&#8221;{}&#8221;]<\/p>\n<p><a href=\"https:\/\/www.secowarwick.com\/pl\/produkty\/lutowanie-aluminium-w-atmosferze-ochronnej\/systemy-cab\/\">Systemy CAB<\/a><br \/><a href=\"https:\/\/www.secowarwick.com\/pl\/produkty\/lutowanie-aluminium-w-atmosferze-ochronnej\/systemy-ciagle-cab\/\">Systemy ci\u0105g\u0142e EV\/CAB<br \/><\/a><a href=\"https:\/\/www.secowarwick.com\/pl\/produkty\/lutowanie-aluminium-w-atmosferze-ochronnej\/systemy-polciagle-cab\/\">Systemy p\u00f3\u0142ci\u0105g\u0142e CAB<\/a><br \/><a href=\"https:\/\/www.secowarwick.com\/pl\/produkty\/lutowanie-aluminium-w-atmosferze-ochronnej\/systemy-nieprzelotowe-cab\/\">Uniwersalne piece komorowe do&nbsp;lutowania twardego aluminium<\/a><br \/><a href=\"https:\/\/www.secowarwick.com\/pl\/produkty\/lutowanie-aluminium-w-atmosferze-ochronnej\/obsluga-posprzedazowa-systemow-cab\/\">Obs\u0142uga posprzeda\u017cowa system\u00f3w CAB<\/a><\/p>\n<p style=\"text-align: center;\"><a href='\/pl\/produkty\/lutowanie-aluminium-w-atmosferze-ochronnej\/' class='small-button smallred'><span>WI\u0118CEJ<\/span><\/a><\/p>\n<p>[\/et_pb_blurb][\/et_pb_column][et_pb_column type=&#8221;1_3&#8243; _builder_version=&#8221;4.16&#8243; custom_padding=&#8221;|||&#8221; global_colors_info=&#8221;{}&#8221; custom_padding__hover=&#8221;|||&#8221;][et_pb_blurb title=&#8221;Obr\u00f3bka Cieplna w\u00a0Atmosferze&#8221; url=&#8221;\/pl\/produkty\/piece-do-obrobki-cieplnej-metali-w-atmosferach-atm\/&#8221; image=&#8221;https:\/\/www.secowarwick.com\/wp-content\/uploads\/2023\/06\/Atmosphare-Heat-Treatment.jpg&#8221; alt=&#8221;Piec przemys\u0142owy do\u00a0obr\u00f3bki cieplnej w\u00a0atmosferze&#8221; admin_label=&#8221;ATM&#8221; _builder_version=&#8221;4.23.1&#8243; header_font=&#8221;|on|||&#8221; header_font_size=&#8221;20px&#8221; background_size=&#8221;initial&#8221; background_position=&#8221;top_left&#8221; background_repeat=&#8221;repeat&#8221; max_width_tablet=&#8221;50px&#8221; hover_enabled=&#8221;0&#8243; use_border_color=&#8221;off&#8221; global_colors_info=&#8221;{}&#8221; sticky_enabled=&#8221;0&#8243;]<\/p>\n<p><a href=\"https:\/\/www.secowarwick.com\/pl\/produkty\/piece-do-obrobki-cieplnej-metali-w-atmosferach-atm\/piec-do-prob-ogniowych\/\">Piece do&nbsp;testowania ognioodporno\u015bci<\/a><br \/><a href=\"https:\/\/www.secowarwick.com\/pl\/produkty\/piece-do-obrobki-cieplnej-metali-w-atmosferach-atm\/piece-z-trzonem-rolkowym\/\">Piec rolkowy<\/a><br \/><a href=\"https:\/\/www.secowarwick.com\/wp-content\/uploads\/2021\/07\/Mesh-Belt.pdf\">Piec ta\u015bmowy typu Mesh Belt<\/a><br \/><a href=\"https:\/\/www.secowarwick.com\/pl\/produkty\/piece-do-obrobki-cieplnej-metali-w-atmosferach-atm\/piece-z-retorta-obrotowa\/\">Piec z&nbsp;obrotow\u0105 retort\u0105<\/a><br \/><a href=\"https:\/\/www.secowarwick.com\/pl\/produkty\/piece-do-obrobki-cieplnej-metali-w-atmosferach-atm\/zeroflow\/\">Piece retortowe do&nbsp;azotowania, odpuszczania i&nbsp;wy\u017carzania<\/a><\/p>\n<p><span style=\"color: #ffffff;\">.\u00a0 \u00a0 \u00a0 \u00a0 \u00a0 \u00a0 \u00a0 \u00a0 \u00a0 \u00a0 \u00a0 \u00a0<\/span><a href='\/pl\/produkty\/piece-do-obrobki-cieplnej-metali-w-atmosferach-atm\/' class='small-button smallred'><span>WI\u0118CEJ<\/span><\/a><\/p>\n<p>[\/et_pb_blurb][\/et_pb_column][\/et_pb_row][et_pb_row column_structure=&#8221;1_3,1_3,1_3&#8243; _builder_version=&#8221;4.16&#8243; background_size=&#8221;initial&#8221; background_position=&#8221;top_left&#8221; background_repeat=&#8221;repeat&#8221; global_colors_info=&#8221;{}&#8221;][et_pb_column type=&#8221;1_3&#8243; _builder_version=&#8221;4.16&#8243; custom_padding=&#8221;|||&#8221; global_colors_info=&#8221;{}&#8221; custom_padding__hover=&#8221;|||&#8221;][et_pb_blurb title=&#8221;Technologie i\u00a0Urz\u0105dzenia do\u00a0Pr\u00f3\u017cniowej Obr\u00f3bki Cieplnej&#8221; url=&#8221;\/pl\/produkty\/piece-prozniowe\/&#8221; image=&#8221;https:\/\/www.secowarwick.com\/wp-content\/uploads\/2023\/06\/vacuum.jpg&#8221; alt=&#8221;Piece przemys\u0142owe pr\u00f3\u017cniowe&#8221; admin_label=&#8221;VAC&#8221; _builder_version=&#8221;4.23.1&#8243; header_font=&#8221;|on|||&#8221; header_font_size=&#8221;20px&#8221; background_size=&#8221;initial&#8221; background_position=&#8221;top_left&#8221; background_repeat=&#8221;repeat&#8221; max_width_tablet=&#8221;50px&#8221; use_border_color=&#8221;off&#8221; global_colors_info=&#8221;{}&#8221;]<\/p>\n<p><a href=\"https:\/\/www.secowarwick.com\/pl\/produkty\/piece-prozniowe\/vector\/\" target=\"_blank\" rel=\"noopener\">VECTOR<\/a><br \/><a href=\"https:\/\/www.secowarwick.com\/pl\/produkty\/piece-prozniowe\/piece-prozniowe-lpc\/\">CaseMaster Evolution<\/a><br \/><a href=\"https:\/\/www.secowarwick.com\/pl\/produkty\/piece-prozniowe\/precyzyjne-hartowanie-powierzchniowe\/\">UniCase Master<\/a><br \/><a href=\"https:\/\/www.secowarwick.com\/pl\/produkty\/piece-do-obrobki-cieplnej-metali-w-atmosferach-atm\/zeroflow\/\">Piece retortowe do&nbsp;azotowania, odpuszczania, wy\u017carzania<\/a><br \/><a href=\"https:\/\/www.secowarwick.com\/pl\/produkty\/piece-prozniowe\/pit-lpc-prozniowy-piec-wglebny-przeznaczony-do-naweglania-grubych-warstw-dla-duzych-detali\/\">Piec wg\u0142\u0119bny do&nbsp;naw\u0119glania pr\u00f3\u017cniowego Pit-LPC<\/a><br \/><a href=\"https:\/\/www.secowarwick.com\/pl\/technologia-vab\/\">Piece do&nbsp;lutowania aluminium w&nbsp;pr\u00f3\u017cni<\/a><br \/><a href=\"https:\/\/www.secowarwick.com\/pl\/produkty\/piece-prozniowe\/oczyszczanie-materialow-grafitowych\/\">Piece przemys\u0142owe do&nbsp;CVI, CVD i&nbsp;oczyszczania materia\u0142\u00f3w grafitowych<\/a><br \/><a href=\"https:\/\/www.secowarwick.com\/pl\/piece-projektowane-na-zamowienie\/\">Piece projektowane na&nbsp;zam\u00f3wienie<\/a><\/p>\n<p style=\"text-align: center;\"><span style=\"color: #ffffff;\">.<\/span><a href='\/pl\/produkty\/piece-prozniowe\/' class='small-button smallred'><span>WI\u0118CEJ<\/span><\/a><\/p>\n<p>[\/et_pb_blurb][\/et_pb_column][et_pb_column type=&#8221;1_3&#8243; _builder_version=&#8221;4.16&#8243; custom_padding=&#8221;|||&#8221; global_colors_info=&#8221;{}&#8221; custom_padding__hover=&#8221;|||&#8221;][et_pb_blurb title=&#8221;Metalurgia Pr\u00f3\u017cniowa&#8221; url=&#8221;\/pl\/produkty\/metalurgia-prozniowa\/&#8221; image=&#8221;https:\/\/www.secowarwick.com\/wp-content\/uploads\/2023\/06\/vacuum-metallurgy.jpg&#8221; alt=&#8221;Piece do\u00a0obr\u00f3bki cieplnej &#8211; metalurgia pr\u00f3\u017cniowa&#8221; admin_label=&#8221;VM&#8221; _builder_version=&#8221;4.23.1&#8243; header_font=&#8221;|on|||&#8221; header_font_size=&#8221;20px&#8221; background_size=&#8221;initial&#8221; background_position=&#8221;top_left&#8221; background_repeat=&#8221;repeat&#8221; max_width_tablet=&#8221;50px&#8221; use_border_color=&#8221;off&#8221; global_colors_info=&#8221;{}&#8221;]<\/p>\n<p><a href=\"https:\/\/www.secowarwick.com\/pl\/vim-jet-caster\/\">JetCaster<\/a><br \/><a href=\"https:\/\/www.retechsystemsllc.com\/products\/vacuum-induction-melting-vim\/\">Indukcyjne topienie pr\u00f3\u017cniowe (VIM)<\/a><br \/><a href=\"https:\/\/www.retechsystemsllc.com\/products\/vacuum-arc-remelt-var\">\u0141ukowe topienie pr\u00f3\u017cniowe (VAR)<\/a><br \/><a href=\"https:\/\/www.retechsystemsllc.com\/products\/electron-beam-melting-eb\">Topienie wi\u0105zk\u0105 elektron\u00f3w (EB)<\/a><br \/><a href=\"https:\/\/www.retechsystemsllc.com\/products\/plasma-arc-melting-pam\">Topienie \u0142ukiem plazmowym (PAM)<\/a><\/p>\n<p style=\"text-align: center;\"><a href='\/pl\/produkty\/metalurgia-prozniowa\/' class='small-button smallred'><span>WI\u0118CEJ<\/span><\/a><\/p>\n<p>[\/et_pb_blurb][\/et_pb_column][et_pb_column type=&#8221;1_3&#8243; _builder_version=&#8221;4.16&#8243; custom_padding=&#8221;|||&#8221; global_colors_info=&#8221;{}&#8221; custom_padding__hover=&#8221;|||&#8221;][et_pb_blurb title=&#8221;U\u017cywane piece i\u00a0urz\u0105dzenia do\u00a0obr\u00f3bki cieplnej&#8221; url=&#8221;http:\/\/pl\/piec-przemyslowy-z-drugiej-reki\/&#8221; image=&#8221;https:\/\/www.secowarwick.com\/wp-content\/uploads\/2023\/03\/320_320.jpg&#8221; alt=&#8221;Piece u\u017cywane&#8221; admin_label=&#8221;vac&#8221; _builder_version=&#8221;4.23.1&#8243; header_font=&#8221;|on|||&#8221; header_font_size=&#8221;20px&#8221; background_size=&#8221;initial&#8221; background_position=&#8221;top_left&#8221; background_repeat=&#8221;repeat&#8221; max_width_tablet=&#8221;50px&#8221; use_border_color=&#8221;off&#8221; global_colors_info=&#8221;{}&#8221;]<\/p>\n<p>Piec przemys\u0142owy z&nbsp;drugiej r\u0119ki, to&nbsp;\u015bwietne rozwi\u0105zanie dla szukaj\u0105cych urz\u0105dzenia dost\u0119pnego od&nbsp;zaraz. To&nbsp;tak\u017ce okazja dla chc\u0105cych skorzysta\u0107 z&nbsp;rozwi\u0105zania ekonomicznego.<\/p>\n<p style=\"text-align: center;\"><span style=\"color: #ffffff;\">.<br \/><\/span><a href='\/pl\/piec-przemyslowy-z-drugiej-reki\/' class='small-button smallred'><span>WI\u0118CEJ<\/span><\/a><\/p>\n<p>[\/et_pb_blurb][\/et_pb_column][\/et_pb_row][\/et_pb_section]<\/p>\n","protected":false},"excerpt":{"rendered":"<p>\/PRODUKTY[et_pb_breadcrumbs _builder_version=&#8221;3.0.47&#8243; global_colors_info=&#8221;{}&#8221;][\/et_pb_breadcrumbs]PIECE PRZEMYS\u0141OWE Rozwi\u0105zania SECO\/WARWICK w&nbsp;zakresie obr\u00f3bki cieplnej metali W&nbsp;SECO\/WARWICK podchodzimy indywidualnie do&nbsp;ka\u017cdego projektu &#8211; cz\u0119sto klient szuka rozwi\u0105zania, kt\u00f3re wymaga wsp\u00f3\u0142pracy mi\u0119dzy r\u00f3\u017cnymi segmentami. My&nbsp;poznajemy potrzeb\u0119 klienta\u00a0i wsp\u00f3lnie, z&nbsp;do\u015bwiadczonymi ekspertami, dobieramy najlepsz\u0105 technologi\u0119. Przemys\u0142: piece przemys\u0142owe i&nbsp;inne rozwi\u0105zania dla bran\u017cy samochodowej, samolotowej, energetycznej, medycznej czy&nbsp;obronnej. Jednym s\u0142owem dla ka\u017cdego przemys\u0142u. Specjali\u015bci z&nbsp;SECO\/WARWICK wsp\u00f3\u0142pracuj\u0105, [&hellip;]<\/p>\n","protected":false},"author":9,"featured_media":0,"parent":0,"menu_order":0,"comment_status":"closed","ping_status":"closed","template":"","meta":{"_acf_changed":false,"_et_pb_use_builder":"on","_et_pb_old_content":"","_et_gb_content_width":"","footnotes":""},"class_list":["post-7110","page","type-page","status-publish"],"acf":[],"_links":{"self":[{"href":"https:\/\/www.secowarwick.com\/pl\/wp-json\/wp\/v2\/pages\/7110","targetHints":{"allow":["GET"]}}],"collection":[{"href":"https:\/\/www.secowarwick.com\/pl\/wp-json\/wp\/v2\/pages"}],"about":[{"href":"https:\/\/www.secowarwick.com\/pl\/wp-json\/wp\/v2\/types\/page"}],"author":[{"embeddable":true,"href":"https:\/\/www.secowarwick.com\/pl\/wp-json\/wp\/v2\/users\/9"}],"replies":[{"embeddable":true,"href":"https:\/\/www.secowarwick.com\/pl\/wp-json\/wp\/v2\/comments?post=7110"}],"version-history":[{"count":25,"href":"https:\/\/www.secowarwick.com\/pl\/wp-json\/wp\/v2\/pages\/7110\/revisions"}],"predecessor-version":[{"id":180567,"href":"https:\/\/www.secowarwick.com\/pl\/wp-json\/wp\/v2\/pages\/7110\/revisions\/180567"}],"wp:attachment":[{"href":"https:\/\/www.secowarwick.com\/pl\/wp-json\/wp\/v2\/media?parent=7110"}],"curies":[{"name":"wp","href":"https:\/\/api.w.org\/{rel}","templated":true}]}}