{"id":7141,"date":"2016-10-09T14:32:12","date_gmt":"2016-10-09T12:32:12","guid":{"rendered":"http:\/\/www.secowarwick.com\/pl\/produkty\/atmosphere-heat-treatment-furnace-systems\/"},"modified":"2026-03-09T13:54:59","modified_gmt":"2026-03-09T12:54:59","slug":"piece-do-obrobki-cieplnej-metali-w-atmosferach-atm","status":"publish","type":"page","link":"https:\/\/www.secowarwick.com\/pl\/produkty\/piece-do-obrobki-cieplnej-metali-w-atmosferach-atm\/","title":{"rendered":"Obr\u00f3bka cieplna w atmosferze"},"content":{"rendered":"<p>[et_pb_section fb_built=&#8221;1&#8243; _builder_version=&#8221;4.16&#8243; global_colors_info=&#8221;{}&#8221;][et_pb_row _builder_version=&#8221;4.16&#8243; background_size=&#8221;initial&#8221; background_position=&#8221;top_left&#8221; background_repeat=&#8221;repeat&#8221; global_colors_info=&#8221;{}&#8221;][et_pb_column type=&#8221;4_4&#8243; _builder_version=&#8221;4.16&#8243; custom_padding=&#8221;|||&#8221; global_colors_info=&#8221;{}&#8221; custom_padding__hover=&#8221;|||&#8221;][et_pb_image src=&#8221;https:\/\/www.secowarwick.com\/wp-content\/uploads\/2019\/12\/Roller-Hearth-slider.jpg&#8221; alt=&#8221;Piece atmosferowe do\u00a0obr\u00f3bki cieplnej metali &#8211;  SECO\/WARWICK&#8221; title_text=&#8221;Piece atmosferowe do\u00a0obr\u00f3bki cieplnej metali &#8211;  SECO\/WARWICK&#8221; align_tablet=&#8221;center&#8221; align_phone=&#8221;&#8221; align_last_edited=&#8221;on|desktop&#8221; _builder_version=&#8221;4.16&#8243; global_colors_info=&#8221;{}&#8221;][\/et_pb_image][et_pb_text module_class=&#8221;p-seco-product-header-text&#8221; _builder_version=&#8221;4.16&#8243; global_colors_info=&#8221;{}&#8221;][\/et_pb_text][\/et_pb_column][\/et_pb_row][et_pb_row _builder_version=&#8221;4.16&#8243; background_size=&#8221;initial&#8221; background_position=&#8221;top_left&#8221; background_repeat=&#8221;repeat&#8221; global_colors_info=&#8221;{}&#8221;][et_pb_column type=&#8221;4_4&#8243; _builder_version=&#8221;4.16&#8243; custom_padding=&#8221;|||&#8221; global_colors_info=&#8221;{}&#8221; custom_padding__hover=&#8221;|||&#8221;][et_pb_text module_class=&#8221;podtytuly&#8221; _builder_version=&#8221;4.16&#8243; global_colors_info=&#8221;{}&#8221;]<\/p>\n<h1>PIECE DO&nbsp;OBR\u00d3BKI CIEPLNEJ METALI W&nbsp;ATMOSFERACH<\/h1>\n<p>&nbsp;<\/p>\n<h2>Technologie i&nbsp;urz\u0105dzenia do&nbsp;obr\u00f3bki cieplnej w&nbsp;atmosferach<\/h2>\n<p>&nbsp;<\/p>\n<p>Przy produkcji rozwi\u0105za\u0144 do&nbsp;obr\u00f3bki cieplnej w&nbsp;atmosferze wykorzystujemy nasze bogate do\u015bwiadczenie oraz&nbsp;nowoczesne technologie, by&nbsp;upro\u015bci\u0107 instalacje, obni\u017cy\u0107 koszty inwestycyjne i&nbsp;zmniejszy\u0107 zu\u017cycie czynnik\u00f3w procesowych.<\/p>\n<p>&nbsp;<\/p>\n<p>[\/et_pb_text][et_pb_seco_products product_2_title=&#8221;Piece laboratoryjne do\u00a0testowania ognioodporno\u015bci&#8221; product_2_src=&#8221;https:\/\/www.secowarwick.com\/wp-content\/uploads\/2019\/06\/ATM_Fire-Resistance.jpg&#8221; product_2_alt=&#8221;Piece laboratoryjne do\u00a0testowania ognioodporno\u015bci&#8221; product_2_button=&#8221;WI\u0118CEJ&#8221; product_2_url=&#8221;https:\/\/www.secowarwick.com\/pl\/produkty\/piece-do-obrobki-cieplnej-metali-w-atmosferach-atm\/piec-do-prob-ogniowych\/&#8221; product_4_title=&#8221;Piec rolkowy&#8221; product_4_src=&#8221;https:\/\/www.secowarwick.com\/wp-content\/uploads\/2018\/12\/Roller-Hearth.jpg&#8221; product_4_alt=&#8221;Piece z\u00a0trzonem rolkowym do\u00a0obr\u00f3bki cieplnej w\u00a0atmosferze&#8221; product_4_button=&#8221;WI\u0118CEJ&#8221; product_4_url=&#8221;https:\/\/www.secowarwick.com\/pl\/produkty\/piece-do-obrobki-cieplnej-metali-w-atmosferach-atm\/piece-z-trzonem-rolkowym\/&#8221; product_5_title=&#8221;Piece ta\u015bmowe typu Mesh Belt&#8221; product_5_src=&#8221;https:\/\/www.secowarwick.com\/wp-content\/uploads\/2018\/11\/pdf-atm3.jpg&#8221; product_5_alt=&#8221;Piece ta\u015bmowe typu Mesh Belt&#8221; product_5_button=&#8221;WI\u0118CEJ&#8221; product_5_url=&#8221;https:\/\/www.secowarwick.com\/pl\/produkty\/piece-do-obrobki-cieplnej-metali-w-atmosferach-atm\/piece-tasmowe-typu-mesh-belt\/&#8221; product_6_title=&#8221;Piec z\u00a0obrotow\u0105 retort\u0105&#8221; product_6_src=&#8221;https:\/\/www.secowarwick.com\/wp-content\/uploads\/2019\/12\/rotary-retort.jpg&#8221; product_6_alt=&#8221;Piece z\u00a0retort\u0105 obrotow\u0105 do\u00a0przelotowej obr\u00f3bki cieplnej ma\u0142ych cz\u0119\u015bci&#8221; product_6_button=&#8221;WI\u0118CEJ&#8221; product_6_url=&#8221;https:\/\/www.secowarwick.com\/pl\/produkty\/piece-do-obrobki-cieplnej-metali-w-atmosferach-atm\/piece-z-retorta-obrotowa\/&#8221; product_7_title=&#8221;Piece do azotowania i azotonaw\u0119glania ferrytycznego (FNC)&#8221; product_7_src=&#8221;https:\/\/www.secowarwick.com\/wp-content\/uploads\/2018\/10\/Atmosphere-Heat-Treatment-Furnace-Systems.png&#8221; product_7_alt=&#8221;Piece do azotowania i azotonaw\u0119glania ferrytycznego (FNC)&#8221; product_7_button=&#8221;WI\u0118CEJ&#8221; product_7_url=&#8221;https:\/\/www.secowarwick.com\/pl\/produkty\/piece-do-obrobki-cieplnej-metali-w-atmosferach-atm\/zeroflow\/&#8221; module_id=&#8221;secoalutest&#8221; module_class=&#8221;disable-animation max800&#8243; _builder_version=&#8221;4.23.1&#8243; hover_enabled=&#8221;0&#8243; global_colors_info=&#8221;{}&#8221; sticky_enabled=&#8221;0&#8243;][\/et_pb_seco_products][\/et_pb_column][\/et_pb_row][et_pb_row column_structure=&#8221;1_2,1_2&#8243; _builder_version=&#8221;4.16&#8243; background_color=&#8221;#ffffff&#8221; global_colors_info=&#8221;{}&#8221;][et_pb_column type=&#8221;1_2&#8243; _builder_version=&#8221;4.16&#8243; background_color=&#8221;#ffffff&#8221; custom_padding=&#8221;|||&#8221; global_colors_info=&#8221;{}&#8221; custom_padding__hover=&#8221;|||&#8221;][et_pb_text _builder_version=&#8221;4.23.1&#8243; global_colors_info=&#8221;{}&#8221;]<\/p>\n<p><strong><span style=\"color: #e30f00;\">\/\u00a0<\/span><\/strong><strong>Technologie:<br \/><\/strong>naw\u0119glanie gazowe, w\u0119gloazotowanie,\u00a0hartowanie, odpuszczanie, wy\u017carzanie, sferoidyzacja<\/p>\n<p><strong><span style=\"color: #e30f00;\">\/\u00a0<\/span>Przemys\u0142y:<\/strong><br \/>elementy z\u0142\u0105czne, lotniczy, motoryzacyjny, maszynowy, energetyczny, \u0142o\u017cyskowy, komercyjna obr\u00f3bka cieplna<\/p>\n<p><strong><span style=\"color: #e30f00;\">\/\u00a0<\/span>Produkty:<br \/><\/strong><a href=\"https:\/\/www.secowarwick.com\/pl\/produkty\/piece-do-obrobki-cieplnej-metali-w-atmosferach-atm\/piec-do-prob-ogniowych\/\" target=\"_blank\" rel=\"noopener\">Piece do&nbsp;testowania ognioodporno\u015bci,<\/a> <a href=\"https:\/\/www.secowarwick.com\/pl\/produkty\/piece-do-obrobki-cieplnej-metali-w-atmosferach-atm\/piece-z-trzonem-rolkowym\/\" target=\"_blank\" rel=\"noopener\">Piece z&nbsp;trzonem rolkowym<\/a>, <a href=\"https:\/\/www.secowarwick.com\/wp-content\/uploads\/2021\/07\/Mesh-Belt.pdf\" target=\"_blank\" rel=\"noopener\">Piec ta\u015bmowy,<\/a> Piec SQ, <a href=\"https:\/\/www.secowarwick.com\/pl\/produkty\/piece-do-obrobki-cieplnej-metali-w-atmosferach-atm\/piece-z-retorta-obrotowa\/\" target=\"_blank\" rel=\"noopener\">Piec z&nbsp;obrotow\u0105 retort\u0105<\/a><\/p>\n<p><strong><span style=\"color: #e30f00;\">\/\u00a0<\/span>Unikalne cechy:<br \/><\/strong>bogate do\u015bwiadczenie w&nbsp;produkcji r\u00f3\u017cnorodnych system\u00f3w piec\u00f3w, urz\u0105dzenia technologiczne przygotowane zgodnie ze&nbsp;specyfikacj\u0105 klienta, odpowiadamy za&nbsp;technologi\u0119, obs\u0142ug\u0119 logistyczn\u0105, instalacj\u0119, serwis<br \/>i&nbsp;szkolenia u\u017cytkownik\u00f3w.<\/p>\n<p>[\/et_pb_text][\/et_pb_column][et_pb_column type=&#8221;1_2&#8243; _builder_version=&#8221;4.16&#8243; custom_padding=&#8221;|||&#8221; global_colors_info=&#8221;{}&#8221; custom_padding__hover=&#8221;|||&#8221;][et_pb_text _builder_version=&#8221;4.16&#8243; border_color_all=&#8221;#ffffff&#8221; global_colors_info=&#8221;{}&#8221;]<strong><span style=\"color: #e30f00;\">\/\u00a0<\/span><\/strong><strong>Warunki pracy:<\/strong><br \/>\nw atmosferze powietrza, atmosferze oboj\u0119tnej gaz\u00f3w (azot, argon, wod\u00f3r), atmosferach czynnych, s\u0142u\u017c\u0105cych naw\u0119glaniu, azotowaniu oraz&nbsp;innych czynnych atmosferach dyfuzyjnych, w&nbsp;uk\u0142adach wysokich temp. do&nbsp;1300\u00b0C, niskiej pr\u00f3\u017cni w&nbsp;piecach retortowych do&nbsp;10-2 mbar.<\/p>\n<p><strong><span style=\"color: #e30f00;\">\/\u00a0<\/span>Zastosowanie:<\/strong><br \/>\nnasze rozwi\u0105zania znajduj\u0105 zastosowanie w&nbsp;rozmaitych procesach obr\u00f3bki cieplnej, np.&nbsp;: normalizowanie, odpr\u0119\u017canie, wy\u017carzanie, sferoidyzacja, austenityzacja, odpuszczanie, przesycanie.<\/p>\n<p><strong><span style=\"color: #e30f00;\">\/\u00a0<\/span>Portfolio:<br \/>\n<\/strong> piece jedno- i&nbsp;wielokomorowe, piece wielofunkcyjne, piece: wg\u0142\u0119bne, przepychowe, ta\u015bmowe, rolkowe, dzwonowe, generatory atmosfery: endotermiczne (Endogas\u2122) i&nbsp;egzotermiczne (Exogas\u2122), urz\u0105dzenia kontroluj\u0105ce i&nbsp;reguluj\u0105ce atmosfer\u0119.[\/et_pb_text][\/et_pb_column][\/et_pb_row][et_pb_row disabled_on=&#8221;on|on|on&#8221; _builder_version=&#8221;4.16&#8243; background_size=&#8221;initial&#8221; background_position=&#8221;top_left&#8221; background_repeat=&#8221;repeat&#8221; disabled=&#8221;on&#8221; global_colors_info=&#8221;{}&#8221;][et_pb_column type=&#8221;4_4&#8243; _builder_version=&#8221;4.16&#8243; custom_padding=&#8221;|||&#8221; global_colors_info=&#8221;{}&#8221; custom_padding__hover=&#8221;|||&#8221;][et_pb_text _builder_version=&#8221;4.16&#8243; global_colors_info=&#8221;{}&#8221;]<\/p>\n<h1>Materia\u0142y o&nbsp;produktach<\/h1>\n<p>[\/et_pb_text][\/et_pb_column][\/et_pb_row][et_pb_row column_structure=&#8221;1_2,1_2&#8243; disabled_on=&#8221;on|on|on&#8221; _builder_version=&#8221;4.16&#8243; background_color=&#8221;#ffffff&#8221; disabled=&#8221;on&#8221; global_colors_info=&#8221;{}&#8221;][et_pb_column type=&#8221;1_2&#8243; _builder_version=&#8221;4.16&#8243; background_color=&#8221;#ffffff&#8221; custom_padding=&#8221;|||&#8221; global_colors_info=&#8221;{}&#8221; custom_padding__hover=&#8221;|||&#8221;][et_pb_selected_documents _builder_version=&#8221;3.6&#8243; global_colors_info=&#8221;{}&#8221;][et_pb_document post_id=&#8221;112409&#8243; title=&#8221;Super IQ Applications&#8221; _builder_version=&#8221;3.6&#8243; global_colors_info=&#8221;{}&#8221;][\/et_pb_document][et_pb_document post_id=&#8221;23089&#8243; title=&#8221;Piece laboratoryjne do\u00a0bada\u0144 odpornosci ogniowej&#8221; _builder_version=&#8221;3.6&#8243; global_colors_info=&#8221;{}&#8221;][\/et_pb_document][et_pb_document post_id=&#8221;23095&#8243; title=&#8221;Piece wg\u0142\u0119bne do\u00a0pracy z\u00a0naw\u0119glaj\u0105c\u0105 atmosfer\u0105 regulowan\u0105&#8221; _builder_version=&#8221;3.6&#8243; global_colors_info=&#8221;{}&#8221;][\/et_pb_document][et_pb_document post_id=&#8221;117911&#8243; title=&#8221;Generators &#8211; brochure&#8221; _builder_version=&#8221;3.6&#8243; global_colors_info=&#8221;{}&#8221;][\/et_pb_document][\/et_pb_selected_documents][\/et_pb_column][et_pb_column type=&#8221;1_2&#8243; _builder_version=&#8221;4.16&#8243; custom_padding=&#8221;|||&#8221; global_colors_info=&#8221;{}&#8221; custom_padding__hover=&#8221;|||&#8221;][et_pb_selected_documents _builder_version=&#8221;4.10.3&#8243; global_colors_info=&#8221;{}&#8221;][et_pb_document post_id=&#8221;123843&#8243; title=&#8221;Mesh Belt Conveyor &#8211; brochure&#8221; _builder_version=&#8221;4.10.3&#8243; _module_preset=&#8221;default&#8221; global_colors_info=&#8221;{}&#8221;][\/et_pb_document][\/et_pb_selected_documents][\/et_pb_column][\/et_pb_row][et_pb_row _builder_version=&#8221;4.16&#8243; background_size=&#8221;initial&#8221; background_position=&#8221;top_left&#8221; background_repeat=&#8221;repeat&#8221; global_colors_info=&#8221;{}&#8221;][et_pb_column type=&#8221;4_4&#8243; _builder_version=&#8221;4.16&#8243; custom_padding=&#8221;|||&#8221; global_colors_info=&#8221;{}&#8221; custom_padding__hover=&#8221;|||&#8221;][et_pb_code _builder_version=&#8221;4.10.3&#8243; _module_preset=&#8221;default&#8221; global_module=&#8221;123769&#8243; saved_tabs=&#8221;all&#8221; global_colors_info=&#8221;{}&#8221;]<!-- [et_pb_line_break_holder] --><pee style=\"text-align: center;\"><a class=\"small-button smallred\" style=\"font-size: 20px; padding: 20px 60px;\" href=\"https:\/\/www.secowarwick.com\/pl\/zapytaj-o-oferte\/\"><span style=\"display: block; transform: skew(15deg,0deg); -webkit-transform: skew(15deg,0deg); font-size: 20px; !important\">ZAPYTAJ O OFERT\u0118<\/span><\/a><\/pee>[\/et_pb_code][\/et_pb_column][\/et_pb_row][\/et_pb_section]<\/p>\n","protected":false},"excerpt":{"rendered":"<p>PIECE DO&nbsp;OBR\u00d3BKI CIEPLNEJ METALI W&nbsp;ATMOSFERACH &nbsp; Technologie i&nbsp;urz\u0105dzenia do&nbsp;obr\u00f3bki cieplnej w&nbsp;atmosferach &nbsp; Przy produkcji rozwi\u0105za\u0144 do&nbsp;obr\u00f3bki cieplnej w&nbsp;atmosferze wykorzystujemy nasze bogate do\u015bwiadczenie oraz&nbsp;nowoczesne technologie, by&nbsp;upro\u015bci\u0107 instalacje, obni\u017cy\u0107 koszty inwestycyjne i&nbsp;zmniejszy\u0107 zu\u017cycie czynnik\u00f3w procesowych. &nbsp;[et_pb_seco_products product_2_title=&#8221;Piece laboratoryjne do\u00a0testowania ognioodporno\u015bci&#8221; product_2_src=&#8221;https:\/\/www.secowarwick.com\/wp-content\/uploads\/2019\/06\/ATM_Fire-Resistance.jpg&#8221; product_2_alt=&#8221;Piece laboratoryjne do\u00a0testowania ognioodporno\u015bci&#8221; product_2_button=&#8221;WI\u0118CEJ&#8221; product_2_url=&#8221;https:\/\/www.secowarwick.com\/pl\/produkty\/piece-do-obrobki-cieplnej-metali-w-atmosferach-atm\/piec-do-prob-ogniowych\/&#8221; product_4_title=&#8221;Piec rolkowy&#8221; product_4_src=&#8221;https:\/\/www.secowarwick.com\/wp-content\/uploads\/2018\/12\/Roller-Hearth.jpg&#8221; product_4_alt=&#8221;Piece z\u00a0trzonem rolkowym do\u00a0obr\u00f3bki cieplnej w\u00a0atmosferze&#8221; product_4_button=&#8221;WI\u0118CEJ&#8221; [&hellip;]<\/p>\n","protected":false},"author":9,"featured_media":73073,"parent":7110,"menu_order":0,"comment_status":"closed","ping_status":"closed","template":"","meta":{"_acf_changed":false,"_et_pb_use_builder":"on","_et_pb_old_content":"","_et_gb_content_width":"","footnotes":""},"class_list":["post-7141","page","type-page","status-publish","has-post-thumbnail"],"acf":[],"_links":{"self":[{"href":"https:\/\/www.secowarwick.com\/pl\/wp-json\/wp\/v2\/pages\/7141","targetHints":{"allow":["GET"]}}],"collection":[{"href":"https:\/\/www.secowarwick.com\/pl\/wp-json\/wp\/v2\/pages"}],"about":[{"href":"https:\/\/www.secowarwick.com\/pl\/wp-json\/wp\/v2\/types\/page"}],"author":[{"embeddable":true,"href":"https:\/\/www.secowarwick.com\/pl\/wp-json\/wp\/v2\/users\/9"}],"replies":[{"embeddable":true,"href":"https:\/\/www.secowarwick.com\/pl\/wp-json\/wp\/v2\/comments?post=7141"}],"version-history":[{"count":15,"href":"https:\/\/www.secowarwick.com\/pl\/wp-json\/wp\/v2\/pages\/7141\/revisions"}],"predecessor-version":[{"id":190301,"href":"https:\/\/www.secowarwick.com\/pl\/wp-json\/wp\/v2\/pages\/7141\/revisions\/190301"}],"up":[{"embeddable":true,"href":"https:\/\/www.secowarwick.com\/pl\/wp-json\/wp\/v2\/pages\/7110"}],"wp:featuredmedia":[{"embeddable":true,"href":"https:\/\/www.secowarwick.com\/pl\/wp-json\/wp\/v2\/media\/73073"}],"wp:attachment":[{"href":"https:\/\/www.secowarwick.com\/pl\/wp-json\/wp\/v2\/media?parent=7141"}],"curies":[{"name":"wp","href":"https:\/\/api.w.org\/{rel}","templated":true}]}}