{"id":7164,"date":"2016-10-09T14:34:08","date_gmt":"2016-10-09T12:34:08","guid":{"rendered":"http:\/\/www.secowarwick.com\/pl\/produkty\/cab-controlled-atmosphere-brazing-furnaces\/"},"modified":"2023-02-28T11:10:28","modified_gmt":"2023-02-28T10:10:28","slug":"lutowanie-aluminiowych-wymiennikow-ciepla-cab","status":"publish","type":"page","link":"https:\/\/www.secowarwick.com\/pl\/produkty\/lutowanie-aluminiowych-wymiennikow-ciepla-cab\/","title":{"rendered":"Lutowanie wymiennik\u00f3w ciep\u0142a w atmosferach ochronnych (CAB)"},"content":{"rendered":"<p>[et_pb_section fb_built=&#8221;1&#8243; custom_padding_last_edited=&#8221;on|desktop&#8221; _builder_version=&#8221;4.16&#8243; background_color=&#8221;rgba(255,255,255,0)&#8221; custom_padding=&#8221;0px||5px|&#8221; custom_padding_tablet=&#8221;50px|0|50px|0&#8243; custom_padding_phone=&#8221;&#8221; transparent_background=&#8221;on&#8221; padding_mobile=&#8221;off&#8221; make_fullwidth=&#8221;off&#8221; use_custom_width=&#8221;off&#8221; width_unit=&#8221;on&#8221; custom_width_px=&#8221;1080px&#8221; custom_width_percent=&#8221;80%&#8221; global_colors_info=&#8221;{}&#8221;][et_pb_row padding_mobile=&#8221;off&#8221; column_padding_mobile=&#8221;on&#8221; _builder_version=&#8221;4.16&#8243; background_size=&#8221;initial&#8221; background_position=&#8221;top_left&#8221; background_repeat=&#8221;repeat&#8221; custom_margin=&#8221;||0px|&#8221; custom_padding=&#8221;0px||5px|&#8221; make_fullwidth=&#8221;off&#8221; use_custom_width=&#8221;off&#8221; width_unit=&#8221;on&#8221; custom_width_px=&#8221;1080px&#8221; custom_width_percent=&#8221;80%&#8221; global_colors_info=&#8221;{}&#8221;][et_pb_column type=&#8221;4_4&#8243; _builder_version=&#8221;4.16&#8243; custom_padding=&#8221;|||&#8221; global_colors_info=&#8221;{}&#8221; custom_padding__hover=&#8221;|||&#8221;][et_pb_slider _builder_version=&#8221;4.16&#8243; background_position=&#8221;top_left&#8221; button_on_hover=&#8221;off&#8221; custom_padding=&#8221;|||&#8221; auto=&#8221;on&#8221; auto_speed=&#8221;4500&#8243; global_colors_info=&#8221;{}&#8221; button_text_size__hover_enabled=&#8221;off&#8221; button_one_text_size__hover_enabled=&#8221;off&#8221; button_two_text_size__hover_enabled=&#8221;off&#8221; button_text_color__hover_enabled=&#8221;off&#8221; button_one_text_color__hover_enabled=&#8221;off&#8221; button_two_text_color__hover_enabled=&#8221;off&#8221; button_border_width__hover_enabled=&#8221;off&#8221; button_one_border_width__hover_enabled=&#8221;off&#8221; button_two_border_width__hover_enabled=&#8221;off&#8221; button_border_color__hover_enabled=&#8221;off&#8221; button_one_border_color__hover_enabled=&#8221;off&#8221; button_two_border_color__hover_enabled=&#8221;off&#8221; button_border_radius__hover_enabled=&#8221;off&#8221; button_one_border_radius__hover_enabled=&#8221;off&#8221; button_two_border_radius__hover_enabled=&#8221;off&#8221; button_letter_spacing__hover_enabled=&#8221;off&#8221; button_one_letter_spacing__hover_enabled=&#8221;off&#8221; button_two_letter_spacing__hover_enabled=&#8221;off&#8221; button_bg_color__hover_enabled=&#8221;off&#8221; button_one_bg_color__hover_enabled=&#8221;off&#8221; button_two_bg_color__hover_enabled=&#8221;off&#8221;][et_pb_slide use_bg_overlay=&#8221;off&#8221; use_text_overlay=&#8221;off&#8221; _builder_version=&#8221;4.16&#8243; header_font=&#8221;||||&#8221; body_font=&#8221;||||&#8221; background_color=&#8221;#ffffff&#8221; background_image=&#8221;https:\/\/www.secowarwick.com\/wp-content\/uploads\/2018\/12\/Controlled-Atmosphere-Brazing-CAB-Batch.jpg&#8221; background_position=&#8221;top_left&#8221; button_on_hover=&#8221;on&#8221; global_colors_info=&#8221;{}&#8221; sticky_transition=&#8221;on&#8221; button_text_size__hover_enabled=&#8221;off&#8221; button_one_text_size__hover_enabled=&#8221;off&#8221; button_two_text_size__hover_enabled=&#8221;off&#8221; button_text_color__hover_enabled=&#8221;off&#8221; button_one_text_color__hover_enabled=&#8221;off&#8221; button_two_text_color__hover_enabled=&#8221;off&#8221; button_border_width__hover_enabled=&#8221;off&#8221; button_one_border_width__hover_enabled=&#8221;off&#8221; button_two_border_width__hover_enabled=&#8221;off&#8221; button_border_color__hover_enabled=&#8221;off&#8221; button_one_border_color__hover_enabled=&#8221;off&#8221; button_two_border_color__hover_enabled=&#8221;off&#8221; button_border_radius__hover_enabled=&#8221;off&#8221; button_one_border_radius__hover_enabled=&#8221;off&#8221; button_two_border_radius__hover_enabled=&#8221;off&#8221; button_letter_spacing__hover_enabled=&#8221;off&#8221; button_one_letter_spacing__hover_enabled=&#8221;off&#8221; button_two_letter_spacing__hover_enabled=&#8221;off&#8221; button_bg_color__hover_enabled=&#8221;off&#8221; button_one_bg_color__hover_enabled=&#8221;off&#8221; button_two_bg_color__hover_enabled=&#8221;off&#8221;][\/et_pb_slide][et_pb_slide use_bg_overlay=&#8221;off&#8221; use_text_overlay=&#8221;off&#8221; _builder_version=&#8221;4.16&#8243; header_font=&#8221;||||&#8221; body_font=&#8221;||||&#8221; background_color=&#8221;#ffffff&#8221; background_image=&#8221;https:\/\/www.secowarwick.com\/wp-content\/uploads\/2018\/12\/Controlled-Atmosphere-Brazing-active-only-line.jpg&#8221; background_position=&#8221;top_left&#8221; button_on_hover=&#8221;on&#8221; global_colors_info=&#8221;{}&#8221; sticky_transition=&#8221;on&#8221; button_text_size__hover_enabled=&#8221;off&#8221; button_one_text_size__hover_enabled=&#8221;off&#8221; button_two_text_size__hover_enabled=&#8221;off&#8221; button_text_color__hover_enabled=&#8221;off&#8221; button_one_text_color__hover_enabled=&#8221;off&#8221; button_two_text_color__hover_enabled=&#8221;off&#8221; button_border_width__hover_enabled=&#8221;off&#8221; button_one_border_width__hover_enabled=&#8221;off&#8221; button_two_border_width__hover_enabled=&#8221;off&#8221; button_border_color__hover_enabled=&#8221;off&#8221; button_one_border_color__hover_enabled=&#8221;off&#8221; button_two_border_color__hover_enabled=&#8221;off&#8221; button_border_radius__hover_enabled=&#8221;off&#8221; button_one_border_radius__hover_enabled=&#8221;off&#8221; button_two_border_radius__hover_enabled=&#8221;off&#8221; button_letter_spacing__hover_enabled=&#8221;off&#8221; button_one_letter_spacing__hover_enabled=&#8221;off&#8221; button_two_letter_spacing__hover_enabled=&#8221;off&#8221; button_bg_color__hover_enabled=&#8221;off&#8221; button_one_bg_color__hover_enabled=&#8221;off&#8221; button_two_bg_color__hover_enabled=&#8221;off&#8221;][\/et_pb_slide][et_pb_slide use_bg_overlay=&#8221;off&#8221; use_text_overlay=&#8221;off&#8221; _builder_version=&#8221;4.16&#8243; header_font=&#8221;||||&#8221; body_font=&#8221;||||&#8221; background_color=&#8221;#ffffff&#8221; background_image=&#8221;https:\/\/www.secowarwick.com\/wp-content\/uploads\/2018\/12\/Controlled-Atmosphere-Brazing.jpg&#8221; background_position=&#8221;top_left&#8221; button_on_hover=&#8221;on&#8221; global_colors_info=&#8221;{}&#8221; sticky_transition=&#8221;on&#8221; button_text_size__hover_enabled=&#8221;off&#8221; button_one_text_size__hover_enabled=&#8221;off&#8221; button_two_text_size__hover_enabled=&#8221;off&#8221; button_text_color__hover_enabled=&#8221;off&#8221; button_one_text_color__hover_enabled=&#8221;off&#8221; button_two_text_color__hover_enabled=&#8221;off&#8221; button_border_width__hover_enabled=&#8221;off&#8221; button_one_border_width__hover_enabled=&#8221;off&#8221; button_two_border_width__hover_enabled=&#8221;off&#8221; button_border_color__hover_enabled=&#8221;off&#8221; button_one_border_color__hover_enabled=&#8221;off&#8221; button_two_border_color__hover_enabled=&#8221;off&#8221; button_border_radius__hover_enabled=&#8221;off&#8221; button_one_border_radius__hover_enabled=&#8221;off&#8221; button_two_border_radius__hover_enabled=&#8221;off&#8221; button_letter_spacing__hover_enabled=&#8221;off&#8221; button_one_letter_spacing__hover_enabled=&#8221;off&#8221; button_two_letter_spacing__hover_enabled=&#8221;off&#8221; button_bg_color__hover_enabled=&#8221;off&#8221; button_one_bg_color__hover_enabled=&#8221;off&#8221; button_two_bg_color__hover_enabled=&#8221;off&#8221;]&nbsp;<\/p>\n<p>&nbsp;<\/p>\n<p>&nbsp;<\/p>\n<p>&nbsp;<\/p>\n<p>&nbsp;<br \/>\n[\/et_pb_slide][et_pb_slide use_bg_overlay=&#8221;off&#8221; use_text_overlay=&#8221;off&#8221; _builder_version=&#8221;4.16&#8243; header_font=&#8221;||||&#8221; body_font=&#8221;||||&#8221; background_color=&#8221;#ffffff&#8221; background_image=&#8221;https:\/\/www.secowarwick.com\/wp-content\/uploads\/2018\/12\/Controlled-Atmosphere-Brazing-Line-degreaser-afterburner.jpg&#8221; background_position=&#8221;top_left&#8221; button_on_hover=&#8221;on&#8221; global_colors_info=&#8221;{}&#8221; sticky_transition=&#8221;on&#8221; button_text_size__hover_enabled=&#8221;off&#8221; button_one_text_size__hover_enabled=&#8221;off&#8221; button_two_text_size__hover_enabled=&#8221;off&#8221; button_text_color__hover_enabled=&#8221;off&#8221; button_one_text_color__hover_enabled=&#8221;off&#8221; button_two_text_color__hover_enabled=&#8221;off&#8221; button_border_width__hover_enabled=&#8221;off&#8221; button_one_border_width__hover_enabled=&#8221;off&#8221; button_two_border_width__hover_enabled=&#8221;off&#8221; button_border_color__hover_enabled=&#8221;off&#8221; button_one_border_color__hover_enabled=&#8221;off&#8221; button_two_border_color__hover_enabled=&#8221;off&#8221; button_border_radius__hover_enabled=&#8221;off&#8221; button_one_border_radius__hover_enabled=&#8221;off&#8221; button_two_border_radius__hover_enabled=&#8221;off&#8221; button_letter_spacing__hover_enabled=&#8221;off&#8221; button_one_letter_spacing__hover_enabled=&#8221;off&#8221; button_two_letter_spacing__hover_enabled=&#8221;off&#8221; button_bg_color__hover_enabled=&#8221;off&#8221; button_one_bg_color__hover_enabled=&#8221;off&#8221; button_two_bg_color__hover_enabled=&#8221;off&#8221;][\/et_pb_slide][et_pb_slide use_bg_overlay=&#8221;off&#8221; use_text_overlay=&#8221;off&#8221; _builder_version=&#8221;4.16&#8243; header_font=&#8221;||||&#8221; body_font=&#8221;||||&#8221; background_color=&#8221;#ffffff&#8221; background_image=&#8221;https:\/\/www.secowarwick.com\/wp-content\/uploads\/2018\/12\/Controlled-Atmosphere-Brazing2.jpg&#8221; background_position=&#8221;top_left&#8221; button_on_hover=&#8221;on&#8221; global_colors_info=&#8221;{}&#8221; sticky_transition=&#8221;on&#8221; button_text_size__hover_enabled=&#8221;off&#8221; button_one_text_size__hover_enabled=&#8221;off&#8221; button_two_text_size__hover_enabled=&#8221;off&#8221; button_text_color__hover_enabled=&#8221;off&#8221; button_one_text_color__hover_enabled=&#8221;off&#8221; button_two_text_color__hover_enabled=&#8221;off&#8221; button_border_width__hover_enabled=&#8221;off&#8221; button_one_border_width__hover_enabled=&#8221;off&#8221; button_two_border_width__hover_enabled=&#8221;off&#8221; button_border_color__hover_enabled=&#8221;off&#8221; button_one_border_color__hover_enabled=&#8221;off&#8221; button_two_border_color__hover_enabled=&#8221;off&#8221; button_border_radius__hover_enabled=&#8221;off&#8221; button_one_border_radius__hover_enabled=&#8221;off&#8221; button_two_border_radius__hover_enabled=&#8221;off&#8221; button_letter_spacing__hover_enabled=&#8221;off&#8221; button_one_letter_spacing__hover_enabled=&#8221;off&#8221; button_two_letter_spacing__hover_enabled=&#8221;off&#8221; button_bg_color__hover_enabled=&#8221;off&#8221; button_one_bg_color__hover_enabled=&#8221;off&#8221; button_two_bg_color__hover_enabled=&#8221;off&#8221;][\/et_pb_slide][\/et_pb_slider][\/et_pb_column][\/et_pb_row][\/et_pb_section][et_pb_section fb_built=&#8221;1&#8243; custom_padding_last_edited=&#8221;on|desktop&#8221; admin_label=&#8221;section&#8221; _builder_version=&#8221;4.16&#8243; background_color=&#8221;#f9f9f9&#8243; custom_padding=&#8221;10px|||&#8221; custom_padding_tablet=&#8221;50px|0|50px|0&#8243; custom_padding_phone=&#8221;&#8221; transparent_background=&#8221;off&#8221; padding_mobile=&#8221;off&#8221; make_fullwidth=&#8221;off&#8221; use_custom_width=&#8221;off&#8221; width_unit=&#8221;on&#8221; custom_width_px=&#8221;1080px&#8221; custom_width_percent=&#8221;80%&#8221; global_colors_info=&#8221;{}&#8221;][et_pb_row padding_mobile=&#8221;off&#8221; column_padding_mobile=&#8221;on&#8221; admin_label=&#8221;row&#8221; _builder_version=&#8221;4.16&#8243; background_size=&#8221;initial&#8221; background_position=&#8221;top_left&#8221; background_repeat=&#8221;repeat&#8221; make_fullwidth=&#8221;off&#8221; use_custom_width=&#8221;off&#8221; width_unit=&#8221;off&#8221; custom_width_px=&#8221;1080px&#8221; custom_width_percent=&#8221;80%&#8221; global_colors_info=&#8221;{}&#8221; column_structure=&#8221;2_3,1_3&#8243;][et_pb_column type=&#8221;2_3&#8243; _builder_version=&#8221;4.16&#8243; custom_padding=&#8221;|||&#8221; global_colors_info=&#8221;{}&#8221; custom_padding__hover=&#8221;|||&#8221;][et_pb_breadcrumbs _builder_version=&#8221;3.0.47&#8243; global_colors_info=&#8221;{}&#8221;][\/et_pb_breadcrumbs][et_pb_text _builder_version=&#8221;4.19.2&#8243; background_size=&#8221;initial&#8221; background_position=&#8221;top_left&#8221; background_repeat=&#8221;repeat&#8221; text_orientation=&#8221;justified&#8221; hover_enabled=&#8221;0&#8243; use_border_color=&#8221;off&#8221; global_colors_info=&#8221;{}&#8221; module_class=&#8221;podtytuly&#8221; sticky_enabled=&#8221;0&#8243;]<\/p>\n<h1>Lutowanie wymiennik\u00f3w ciep\u0142a w atmosferach ochronnych (CAB)<\/h1>\n<h2>Do czego wykorzystuje si\u0119\u00a0Lutowanie w Atmosferze Ochronnej (CAB)?<\/h2>\n<p>&nbsp;<\/p>\n<p><strong>Lutowanie w Atmosferze Ochronnej (CAB) aluminium z wykorzystaniem topnika niekorozyjnego jest preferowan\u0105 technologi\u0105 w produkcji aluminiowych wymiennik\u00f3w ciep\u0142a w przemy\u015ble motoryzacyjnym.<\/strong> Ze wzgl\u0119du na unikalne zalety procesu, w ostatnim czasie zwi\u0119ksza si\u0119 dominacja technologii CAB w zastosowaniach przemys\u0142owych, elektroenergetycznych oraz HVAC (ogrzewanie, klimatyzacja, wentylacja). Od momentu wej\u015bcia w t\u0119 dziedzin\u0119 w roku 1983 SECO\/WARWICK przewodzi w rozwoju zaawansowanej technologii w procesie lutowania ci\u0105g\u0142ego.<\/p>\n<p>Do produkcji ci\u0119\u017ckich samochodowych i\u00a0przemys\u0142owych wymiennik\u00f3w ciep\u0142a, SECO\/WARWICK oferuje technologie <strong><em>Cupro<\/em>Braze<sup>\u00ae<\/sup><\/strong>, proces bezo\u0142owiowego lutowania wymiennik\u00f3w, nie wymagaj\u0105cy ich dalszej obr\u00f3bki (czyszczenia).<\/p>\n<h3>Innowacyjne rozwi\u0105zania dla wymiennik\u00f3w ciep\u0142a<\/h3>\n<p>Oferujemy szeroki zakres rozwi\u0105za\u0144 dla wszystkich typ\u00f3w przemys\u0142owych wymiennik\u00f3w ciep\u0142a, produkowanych w d\u0142ugich, \u015brednich i kr\u00f3tkich seriach produkcyjnych. Nasi wyspecjalizowani in\u017cynierowie gotowi s\u0105 do zaprojektowania specjalnych urz\u0105dze\u0144 w celu udoskonalenia proces\u00f3w produkcyjnych, w tym z wykorzystaniem: p\u0142ukania pr\u00f3\u017cniowego zamiast p\u0142ukania ze zwi\u0119kszonym przep\u0142ywem azotu dla r\u00f3\u017cnorodnych typ\u00f3w wymiennik\u00f3w i konfiguracji lutowania.<\/p>\n<h3>Piece przemys\u0142owe SECO\/WARWICK<\/h3>\n<p>SECO\/WARWICK posiada w swojej ofercie pe\u0142n\u0105 gam\u0119 piec\u00f3w: piece radiacyjne, konwekcyjne, kombinacje konwekcyjno-radiacyjne, piece indeksyjne\u00a0 Active Only<sup>\u00ae<\/sup> oraz\u00a0piece uniwersalne. Wszystkie urz\u0105dzenia dostarczamy wraz ze sprz\u0119tem przeznaczonym do przeprowadzenia pe\u0142nego procesu lutowania, na przyk\u0142ad: termiczne usuwanie oleju, nanoszenie topnika, suszenie, kontrola czysto\u015bci atmosfery i systemy eliminacji niebezpiecznych zanieczyszcze\u0144.<\/p>\n<p>Prezentowane poni\u017cej typy naszych urz\u0105dze\u0144, pozwalaj\u0105 na produkcj\u0119 szerokiej gamy wymiennik\u00f3w ciep\u0142a, zar\u00f3wno w du\u017cej, jak i ma\u0142ej skali produkcyjnej:<\/p>\n<ul>\n<li>Linie produkcyjne zawieraj\u0105ce piece radiacyjne, piece konwekcyjno-radiacyjne s\u0105 u\u017cywane do ci\u0105g\u0142ej produkcji wymiennik\u00f3w<\/li>\n<li>Piece indeksyjne Active Only<sup>\u00ae<\/sup> s\u0105 doskona\u0142ym rozwi\u0105zaniem dla produkcji w kr\u00f3tkich seriach<\/li>\n<li>Piece Uniwersalne (2 komorowe) s\u0105 idealnym rozwi\u0105zaniem do lutowania wymiennik\u00f3w w pozycji pionowej i poziomej, opcjonalne zastosowanie p\u0142ukania z wykorzystaniem pr\u00f3\u017cni redukuje konsumpcj\u0119 azotu i poprawia jako\u015b\u0107 atmosfery<\/li>\n<li>Piece jednokomorowe wyposa\u017cone w system p\u0142ukania pr\u00f3\u017cniowego s\u0105 g\u0142\u00f3wnie u\u017cywane do produkcji prototyp\u00f3w, w pracowniach R&amp;D i aplikacjach gdzie wymagana jest ekonomia procesu<\/li>\n<\/ul>\n<p>Opracowali\u015bmy z powodzeniem specjalistyczn\u0105 lini\u0119 do lutowania w technologii CAB (Lutowanie w Atmosferze Ochronnej)\u00a0dla przemys\u0142u HVAC &#8211; klimatyzacji i ch\u0142odnictwa oraz lini\u0119 do produkcji wymiennik\u00f3w dla przemys\u0142u energetycznego, pozwalaj\u0105cych na redukcj\u0119 emisji CO<sub>2<\/sub>.<\/p>\n<p>Firma SECO\/WARWICK jest zobowi\u0105zana do ci\u0105g\u0142ego doskonalenia konstrukcji urz\u0105dze\u0144 i \u015bci\u015ble wsp\u00f3\u0142pracuje z g\u0142\u00f3wnymi ich u\u017cytkownikami w celu osi\u0105gni\u0119cia ni\u017cszych koszt\u00f3w operacyjnych i zwi\u0119kszenia efektywno\u015bci systemu. Ponadto remontujemy r\u00f3wnie\u017c urz\u0105dzenia b\u0119d\u0105ce w u\u017cytkowaniu, zapewniaj\u0105c ulepszenia techniczne; przenosimy istniej\u0105ce linie technologiczne w nowe lokalizacje oraz \u015bwiadczymy szeroko rozumiane us\u0142ugi serwisowe. SECO\/WARWICK jest tak\u017ce dostawc\u0105 cz\u0119\u015bci zamiennych w tym mufli, ta\u015bm transportuj\u0105cych, element\u00f3w grzejnych oraz element\u00f3w system\u00f3w sterowania.<\/p>\n<p>[\/et_pb_text][\/et_pb_column][et_pb_column type=&#8221;1_3&#8243; _builder_version=&#8221;4.16&#8243; custom_padding=&#8221;|||&#8221; global_colors_info=&#8221;{}&#8221; custom_padding__hover=&#8221;|||&#8221;][et_pb_selected_documents module_title=&#8221;Materia\u0142y o produkcie&#8221; module_class=&#8221;selected-document-box&#8221; _builder_version=&#8221;3.0.47&#8243; global_colors_info=&#8221;{}&#8221;][et_pb_document post_id=&#8221;35454&#8243; title=&#8221;Vacuum purging: a progressive innovation for CAB equipment and processes&#8221; _builder_version=&#8221;3.0.47&#8243; global_colors_info=&#8221;{}&#8221;][\/et_pb_document][et_pb_document post_id=&#8221;35455&#8243; title=&#8221;CAB Test Facility&#8221; _builder_version=&#8221;3.0.47&#8243; global_colors_info=&#8221;{}&#8221;][\/et_pb_document][et_pb_document post_id=&#8221;35456&#8243; title=&#8221;CuproBraze Furnace Systems&#8221; _builder_version=&#8221;3.0.47&#8243; global_colors_info=&#8221;{}&#8221;][\/et_pb_document][et_pb_document post_id=&#8221;33546&#8243; title=&#8221;Universal CAB Batch Furnace&#8221; _builder_version=&#8221;3.0.47&#8243; global_colors_info=&#8221;{}&#8221;][\/et_pb_document][et_pb_document post_id=&#8221;35458&#8243; title=&#8221;Universal CAB Batch Furnace with Vacuum Purging&#8221; _builder_version=&#8221;3.0.47&#8243; global_colors_info=&#8221;{}&#8221;][\/et_pb_document][\/et_pb_selected_documents][\/et_pb_column][\/et_pb_row][\/et_pb_section]<\/p>\n","protected":false},"excerpt":{"rendered":"<p>&nbsp; &nbsp; &nbsp; &nbsp; &nbsp; [et_pb_breadcrumbs _builder_version=&#8221;3.0.47&#8243; global_colors_info=&#8221;{}&#8221;][\/et_pb_breadcrumbs]Lutowanie wymiennik\u00f3w ciep\u0142a w atmosferach ochronnych (CAB) Do czego wykorzystuje si\u0119\u00a0Lutowanie w Atmosferze Ochronnej (CAB)? &nbsp; Lutowanie w Atmosferze Ochronnej (CAB) aluminium z wykorzystaniem topnika niekorozyjnego jest preferowan\u0105 technologi\u0105 w produkcji aluminiowych wymiennik\u00f3w ciep\u0142a w przemy\u015ble motoryzacyjnym. Ze wzgl\u0119du na unikalne zalety procesu, w ostatnim czasie zwi\u0119ksza si\u0119 [&hellip;]<\/p>\n","protected":false},"author":9,"featured_media":0,"parent":7110,"menu_order":0,"comment_status":"closed","ping_status":"closed","template":"","meta":{"_acf_changed":false,"_et_pb_use_builder":"on","_et_pb_old_content":"<p><strong>Using a noncorrosive flux, is the preferred process for manufacturing aluminum heat exchangers in the automotive industry.<\/strong> Due to the unique process benefits, the CAB process is rapidly finding new applications in industrial, power plant and HVAC manufacturing. Since entering this field in 1983, SECO\/WARWICK has led the development of advanced technology in the continuous flow brazing process.<\/p>","_et_gb_content_width":"","footnotes":""},"class_list":["post-7164","page","type-page","status-publish"],"acf":[],"_links":{"self":[{"href":"https:\/\/www.secowarwick.com\/pl\/wp-json\/wp\/v2\/pages\/7164","targetHints":{"allow":["GET"]}}],"collection":[{"href":"https:\/\/www.secowarwick.com\/pl\/wp-json\/wp\/v2\/pages"}],"about":[{"href":"https:\/\/www.secowarwick.com\/pl\/wp-json\/wp\/v2\/types\/page"}],"author":[{"embeddable":true,"href":"https:\/\/www.secowarwick.com\/pl\/wp-json\/wp\/v2\/users\/9"}],"replies":[{"embeddable":true,"href":"https:\/\/www.secowarwick.com\/pl\/wp-json\/wp\/v2\/comments?post=7164"}],"version-history":[{"count":1,"href":"https:\/\/www.secowarwick.com\/pl\/wp-json\/wp\/v2\/pages\/7164\/revisions"}],"predecessor-version":[{"id":136571,"href":"https:\/\/www.secowarwick.com\/pl\/wp-json\/wp\/v2\/pages\/7164\/revisions\/136571"}],"up":[{"embeddable":true,"href":"https:\/\/www.secowarwick.com\/pl\/wp-json\/wp\/v2\/pages\/7110"}],"wp:attachment":[{"href":"https:\/\/www.secowarwick.com\/pl\/wp-json\/wp\/v2\/media?parent=7164"}],"curies":[{"name":"wp","href":"https:\/\/api.w.org\/{rel}","templated":true}]}}