{"id":7178,"date":"2016-11-22T11:03:56","date_gmt":"2016-11-22T10:03:56","guid":{"rendered":"http:\/\/www.secowarwick.com\/pl\/produkty\/custom-engineered-fire-resistance-test-lab-furnaces\/"},"modified":"2025-01-22T11:18:15","modified_gmt":"2025-01-22T10:18:15","slug":"piece-specjalne","status":"publish","type":"page","link":"https:\/\/www.secowarwick.com\/pl\/produkty\/piece-specjalne\/","title":{"rendered":"Piece na specjalne zam\u00f3wienie, piece laboratoryjne oraz do badania odporno\u015bci ogniowej"},"content":{"rendered":"<p>[et_pb_section fb_built=&#8221;1&#8243; custom_padding_last_edited=&#8221;on|desktop&#8221; _builder_version=&#8221;4.16&#8243; background_color=&#8221;rgba(255,255,255,0)&#8221; custom_padding=&#8221;0px||5px|&#8221; custom_padding_tablet=&#8221;50px|0|50px|0&#8243; custom_padding_phone=&#8221;&#8221; transparent_background=&#8221;on&#8221; padding_mobile=&#8221;off&#8221; make_fullwidth=&#8221;off&#8221; use_custom_width=&#8221;off&#8221; width_unit=&#8221;on&#8221; custom_width_px=&#8221;1080px&#8221; custom_width_percent=&#8221;80%&#8221; global_colors_info=&#8221;{}&#8221;][et_pb_row padding_mobile=&#8221;off&#8221; column_padding_mobile=&#8221;on&#8221; _builder_version=&#8221;4.16&#8243; background_size=&#8221;initial&#8221; background_position=&#8221;top_left&#8221; background_repeat=&#8221;repeat&#8221; custom_margin=&#8221;||0px|&#8221; custom_padding=&#8221;0px||5px|&#8221; make_fullwidth=&#8221;off&#8221; use_custom_width=&#8221;off&#8221; width_unit=&#8221;on&#8221; custom_width_px=&#8221;1080px&#8221; custom_width_percent=&#8221;80%&#8221; global_colors_info=&#8221;{}&#8221;][et_pb_column type=&#8221;4_4&#8243; _builder_version=&#8221;4.16&#8243; custom_padding=&#8221;|||&#8221; global_colors_info=&#8221;{}&#8221; custom_padding__hover=&#8221;|||&#8221;][et_pb_slider _builder_version=&#8221;4.16&#8243; button_on_hover=&#8221;off&#8221; custom_padding=&#8221;|||&#8221; custom_padding_tablet=&#8221;|||&#8221; custom_padding_phone=&#8221;|||&#8221; auto=&#8221;on&#8221; auto_speed=&#8221;4500&#8243; remove_inner_shadow=&#8221;on&#8221; hide_content_on_mobile=&#8221;off&#8221; hide_cta_on_mobile=&#8221;off&#8221; show_inner_shadow=&#8221;off&#8221; button_letter_spacing_hover=&#8221;0&#8243; global_colors_info=&#8221;{}&#8221; button_text_size__hover_enabled=&#8221;off&#8221; button_one_text_size__hover_enabled=&#8221;off&#8221; button_two_text_size__hover_enabled=&#8221;off&#8221; button_text_color__hover_enabled=&#8221;off&#8221; button_one_text_color__hover_enabled=&#8221;off&#8221; button_two_text_color__hover_enabled=&#8221;off&#8221; button_border_width__hover_enabled=&#8221;off&#8221; button_one_border_width__hover_enabled=&#8221;off&#8221; button_two_border_width__hover_enabled=&#8221;off&#8221; button_border_color__hover_enabled=&#8221;off&#8221; button_one_border_color__hover_enabled=&#8221;off&#8221; button_two_border_color__hover_enabled=&#8221;off&#8221; button_border_radius__hover_enabled=&#8221;off&#8221; button_one_border_radius__hover_enabled=&#8221;off&#8221; button_two_border_radius__hover_enabled=&#8221;off&#8221; button_letter_spacing__hover_enabled=&#8221;on&#8221; button_letter_spacing__hover=&#8221;0&#8243; button_one_letter_spacing__hover_enabled=&#8221;off&#8221; button_two_letter_spacing__hover_enabled=&#8221;off&#8221; button_bg_color__hover_enabled=&#8221;off&#8221; button_one_bg_color__hover_enabled=&#8221;off&#8221; button_two_bg_color__hover_enabled=&#8221;off&#8221;][et_pb_slide use_bg_overlay=&#8221;off&#8221; use_text_overlay=&#8221;off&#8221; _builder_version=&#8221;4.16&#8243; header_font=&#8221;||||&#8221; body_font=&#8221;||||&#8221; background_color=&#8221;#ffffff&#8221; background_image=&#8221;https:\/\/www.secowarwick.com\/wp-content\/uploads\/2016\/11\/Fire-Resistance-Test-Furnace.png&#8221; button_icon_placement=&#8221;right&#8221; button_on_hover=&#8221;on&#8221; global_colors_info=&#8221;{}&#8221; sticky_transition=&#8221;on&#8221; button_text_size__hover_enabled=&#8221;off&#8221; button_one_text_size__hover_enabled=&#8221;off&#8221; button_two_text_size__hover_enabled=&#8221;off&#8221; button_text_color__hover_enabled=&#8221;off&#8221; button_one_text_color__hover_enabled=&#8221;off&#8221; button_two_text_color__hover_enabled=&#8221;off&#8221; button_border_width__hover_enabled=&#8221;off&#8221; button_one_border_width__hover_enabled=&#8221;off&#8221; button_two_border_width__hover_enabled=&#8221;off&#8221; button_border_color__hover_enabled=&#8221;off&#8221; button_one_border_color__hover_enabled=&#8221;off&#8221; button_two_border_color__hover_enabled=&#8221;off&#8221; button_border_radius__hover_enabled=&#8221;off&#8221; button_one_border_radius__hover_enabled=&#8221;off&#8221; button_two_border_radius__hover_enabled=&#8221;off&#8221; button_letter_spacing__hover_enabled=&#8221;off&#8221; button_one_letter_spacing__hover_enabled=&#8221;off&#8221; button_two_letter_spacing__hover_enabled=&#8221;off&#8221; button_bg_color__hover_enabled=&#8221;off&#8221; button_one_bg_color__hover_enabled=&#8221;off&#8221; button_two_bg_color__hover_enabled=&#8221;off&#8221;]&nbsp;<\/p>\n<p>&nbsp;<\/p>\n<p>&nbsp;<\/p>\n<p>&nbsp;<\/p>\n<p>&nbsp;<\/p>\n<p>&nbsp;<\/p>\n<p>&nbsp;<br \/>\n[\/et_pb_slide][\/et_pb_slider][\/et_pb_column][\/et_pb_row][\/et_pb_section][et_pb_section fb_built=&#8221;1&#8243; custom_padding_last_edited=&#8221;on|desktop&#8221; admin_label=&#8221;section&#8221; _builder_version=&#8221;4.16&#8243; background_color=&#8221;#f9f9f9&#8243; custom_padding=&#8221;10px|||&#8221; custom_padding_tablet=&#8221;50px|0|50px|0&#8243; custom_padding_phone=&#8221;&#8221; transparent_background=&#8221;off&#8221; padding_mobile=&#8221;off&#8221; make_fullwidth=&#8221;off&#8221; use_custom_width=&#8221;off&#8221; width_unit=&#8221;on&#8221; custom_width_px=&#8221;1080px&#8221; custom_width_percent=&#8221;80%&#8221; global_colors_info=&#8221;{}&#8221;][et_pb_row padding_mobile=&#8221;off&#8221; column_padding_mobile=&#8221;on&#8221; admin_label=&#8221;row&#8221; _builder_version=&#8221;4.16&#8243; background_size=&#8221;initial&#8221; background_position=&#8221;top_left&#8221; background_repeat=&#8221;repeat&#8221; make_fullwidth=&#8221;off&#8221; use_custom_width=&#8221;off&#8221; width_unit=&#8221;off&#8221; custom_width_px=&#8221;1080px&#8221; custom_width_percent=&#8221;80%&#8221; global_colors_info=&#8221;{}&#8221; column_structure=&#8221;2_3,1_3&#8243;][et_pb_column type=&#8221;2_3&#8243; _builder_version=&#8221;4.16&#8243; custom_padding=&#8221;|||&#8221; global_colors_info=&#8221;{}&#8221; custom_padding__hover=&#8221;|||&#8221;][et_pb_breadcrumbs _builder_version=&#8221;3.0.47&#8243; global_colors_info=&#8221;{}&#8221;][\/et_pb_breadcrumbs][et_pb_text _builder_version=&#8221;4.16&#8243; background_size=&#8221;initial&#8221; background_position=&#8221;top_left&#8221; background_repeat=&#8221;repeat&#8221; text_orientation=&#8221;justified&#8221; use_border_color=&#8221;off&#8221; global_colors_info=&#8221;{}&#8221;]<\/p>\n<h1>Piece na specjalne zam\u00f3wienie, piece laboratoryjne oraz do badania odporno\u015bci ogniowej<\/h1>\n<p>&nbsp;<\/p>\n<p><strong>SECO\/WARWICK dysponuje globalnymi mocami produkcyjnymi co umo\u017cliwia tworzenie rozwi\u0105za\u0144 na specjalne zam\u00f3wienie do szczeg\u00f3lnych zastosowa\u0144.<\/strong><\/p>\n<p>Nasza fachowa wiedza opiera si\u0119 na wieloletnim do\u015bwiadczeniu, w pe\u0142ni wyposa\u017conej jednostce badawczo-rozwojowej, szerokiej specjalistycznej sieci wsp\u00f3\u0142pracy i partnerstwa z uczelniami technicznymi. \u00a0SECO\/WARWICK spe\u0142nia wymagania um\u00f3w o dochowaniu poufno\u015bci i chroni poufno\u015b\u0107 ka\u017cdego realizowanego projektu.<\/p>\n<p>Chocia\u017c mo\u017cliwo\u015bci s\u0105 nieograniczone, poni\u017cej przedstawiamy przyk\u0142ady indywidualnych projekt\u00f3w, kt\u00f3re obrazuj\u0105 zakres naszych mo\u017cliwo\u015bci:<\/p>\n<ul>\n<li><strong>Piece do przeprowadzania pr\u00f3b ognioodporno\u015bci<\/strong> w r\u00f3\u017cnych konfiguracjach (poziome, pionowe lub kombinowane) to testowania sufit\u00f3w podwieszanych, strop\u00f3w, \u015bcian, kolumn, etc., dostosowane do okre\u015blonych krzywych grzania.<\/li>\n<li><strong>Urz\u0105dzenia pr\u00f3\u017cniowe<\/strong> pracuj\u0105ce w kontrolowanych warunkach, uk\u0142ady wyt\u0142aczania pr\u00f3\u017cniowego, urz\u0105dzenia wysokiej pr\u00f3\u017cni i inne specjalistyczne urz\u0105dzenia do prowadzenia proces\u00f3w pr\u00f3\u017cniowych<\/li>\n<li><strong>Komory do wykonywania precyzyjnych pr\u00f3b<\/strong> przedmiot\u00f3w o znacznych rozmiarach (w szczeg\u00f3lno\u015bci odgazowywanie, temperatura zap\u0142onu i pr\u00f3by bezpiecze\u0144stwa sprz\u0119tu wojskowego i cywilnego) zgodnie ze standardami okre\u015blanymi przez klienta<\/li>\n<li><strong>Uk\u0142ady przetwarzania termicznego<\/strong> do prowadzenia proces\u00f3w produkcyjnych i obr\u00f3bki cieplnej (piece wst\u0119pnego podgrzewania i suszarki produkt\u00f3w, etc.)<\/li>\n<li><strong>Linie produkcyjne podgrzewania przednich szyb samochodowych i ich formowania\/gi\u0119cia<\/strong><\/li>\n<\/ul>\n<p>[\/et_pb_text][\/et_pb_column][et_pb_column type=&#8221;1_3&#8243; _builder_version=&#8221;4.16&#8243; custom_padding=&#8221;|||&#8221; global_colors_info=&#8221;{}&#8221; custom_padding__hover=&#8221;|||&#8221;][et_pb_button button_url=&#8221;\/pl\/zapytaj-o-oferte\/&#8221; button_text=&#8221;Zapytanie ofertowe&#8221; button_alignment=&#8221;center&#8221; _builder_version=&#8221;4.16&#8243; custom_button=&#8221;on&#8221; button_text_color=&#8221;#ffffff&#8221; button_bg_color=&#8221;#e31e24&#8243; button_border_width=&#8221;1&#8243; button_border_radius=&#8221;5&#8243; custom_css_main_element=&#8221;width: 100%;||-webkit-box-shadow: 2px 2px 5px 0px rgba(171,171,171,0.45);||-moz-box-shadow: 2px 2px 5px 0px rgba(171,171,171,0.45);||box-shadow: 2px 2px 5px 0px rgba(171,171,171,0.45);||&#8221; button_letter_spacing_hover=&#8221;0&#8243; saved_tabs=&#8221;all&#8221; global_colors_info=&#8221;{}&#8221; button_text_size__hover_enabled=&#8221;off&#8221; button_one_text_size__hover_enabled=&#8221;off&#8221; button_two_text_size__hover_enabled=&#8221;off&#8221; button_text_color__hover_enabled=&#8221;off&#8221; button_one_text_color__hover_enabled=&#8221;off&#8221; button_two_text_color__hover_enabled=&#8221;off&#8221; button_border_width__hover_enabled=&#8221;off&#8221; button_one_border_width__hover_enabled=&#8221;off&#8221; button_two_border_width__hover_enabled=&#8221;off&#8221; button_border_color__hover_enabled=&#8221;off&#8221; button_one_border_color__hover_enabled=&#8221;off&#8221; button_two_border_color__hover_enabled=&#8221;off&#8221; button_border_radius__hover_enabled=&#8221;off&#8221; button_one_border_radius__hover_enabled=&#8221;off&#8221; button_two_border_radius__hover_enabled=&#8221;off&#8221; button_letter_spacing__hover_enabled=&#8221;on&#8221; button_letter_spacing__hover=&#8221;0&#8243; button_one_letter_spacing__hover_enabled=&#8221;off&#8221; button_two_letter_spacing__hover_enabled=&#8221;off&#8221; button_bg_color__hover_enabled=&#8221;off&#8221; button_one_bg_color__hover_enabled=&#8221;off&#8221; button_two_bg_color__hover_enabled=&#8221;off&#8221;][\/et_pb_button][et_pb_selected_documents module_title=&#8221;Materia\u0142y o produkcie&#8221; module_class=&#8221;selected-document-box&#8221; _builder_version=&#8221;3.0.47&#8243; global_colors_info=&#8221;{}&#8221;][et_pb_document post_id=&#8221;23089&#8243; title=&#8221;Piece laboratoryjne do bada\u0144 odpornosci ogniowej&#8221; _builder_version=&#8221;3.0.47&#8243; global_colors_info=&#8221;{}&#8221;][\/et_pb_document][\/et_pb_selected_documents][\/et_pb_column][\/et_pb_row][\/et_pb_section]<\/p>\n","protected":false},"excerpt":{"rendered":"<p>&nbsp; &nbsp; &nbsp; &nbsp; &nbsp; &nbsp; &nbsp; [et_pb_breadcrumbs _builder_version=&#8221;3.0.47&#8243; global_colors_info=&#8221;{}&#8221;][\/et_pb_breadcrumbs]Piece na specjalne zam\u00f3wienie, piece laboratoryjne oraz do badania odporno\u015bci ogniowej &nbsp; SECO\/WARWICK dysponuje globalnymi mocami produkcyjnymi co umo\u017cliwia tworzenie rozwi\u0105za\u0144 na specjalne zam\u00f3wienie do szczeg\u00f3lnych zastosowa\u0144. Nasza fachowa wiedza opiera si\u0119 na wieloletnim do\u015bwiadczeniu, w pe\u0142ni wyposa\u017conej jednostce badawczo-rozwojowej, szerokiej specjalistycznej sieci wsp\u00f3\u0142pracy i partnerstwa [&hellip;]<\/p>\n","protected":false},"author":2,"featured_media":0,"parent":7110,"menu_order":0,"comment_status":"closed","ping_status":"closed","template":"","meta":{"_acf_changed":false,"_et_pb_use_builder":"on","_et_pb_old_content":"","_et_gb_content_width":"","footnotes":""},"class_list":["post-7178","page","type-page","status-publish"],"acf":[],"_links":{"self":[{"href":"https:\/\/www.secowarwick.com\/pl\/wp-json\/wp\/v2\/pages\/7178","targetHints":{"allow":["GET"]}}],"collection":[{"href":"https:\/\/www.secowarwick.com\/pl\/wp-json\/wp\/v2\/pages"}],"about":[{"href":"https:\/\/www.secowarwick.com\/pl\/wp-json\/wp\/v2\/types\/page"}],"author":[{"embeddable":true,"href":"https:\/\/www.secowarwick.com\/pl\/wp-json\/wp\/v2\/users\/2"}],"replies":[{"embeddable":true,"href":"https:\/\/www.secowarwick.com\/pl\/wp-json\/wp\/v2\/comments?post=7178"}],"version-history":[{"count":1,"href":"https:\/\/www.secowarwick.com\/pl\/wp-json\/wp\/v2\/pages\/7178\/revisions"}],"predecessor-version":[{"id":169184,"href":"https:\/\/www.secowarwick.com\/pl\/wp-json\/wp\/v2\/pages\/7178\/revisions\/169184"}],"up":[{"embeddable":true,"href":"https:\/\/www.secowarwick.com\/pl\/wp-json\/wp\/v2\/pages\/7110"}],"wp:attachment":[{"href":"https:\/\/www.secowarwick.com\/pl\/wp-json\/wp\/v2\/media?parent=7178"}],"curies":[{"name":"wp","href":"https:\/\/api.w.org\/{rel}","templated":true}]}}