{"id":7197,"date":"2016-11-22T11:04:24","date_gmt":"2016-11-22T10:04:24","guid":{"rendered":"http:\/\/www.secowarwick.com\/pl\/produkty\/incinerators\/"},"modified":"2020-09-08T10:14:12","modified_gmt":"2020-09-08T08:14:12","slug":"piece-do-spopielania","status":"publish","type":"page","link":"https:\/\/www.secowarwick.com\/pl\/produkty\/piece-do-spopielania\/","title":{"rendered":"Piece do spopielania (ATM)"},"content":{"rendered":"<p>[et_pb_section bb_built=&#8221;1&#8243; fullwidth=&#8221;off&#8221; specialty=&#8221;off&#8221; transparent_background=&#8221;off&#8221; allow_player_pause=&#8221;off&#8221; inner_shadow=&#8221;off&#8221; parallax=&#8221;off&#8221; parallax_method=&#8221;on&#8221; custom_padding=&#8221;0px||0px|&#8221; make_fullwidth=&#8221;off&#8221; use_custom_width=&#8221;off&#8221; width_unit=&#8221;on&#8221; make_equal=&#8221;off&#8221; use_custom_gutter=&#8221;off&#8221; prev_background_color=&#8221;#000000&#8243; next_background_color=&#8221;#f9f9f9&#8243;][et_pb_row make_fullwidth=&#8221;off&#8221; use_custom_width=&#8221;off&#8221; width_unit=&#8221;on&#8221; use_custom_gutter=&#8221;off&#8221; custom_padding=&#8221;0px||0px|&#8221; custom_margin=&#8221;0px|||&#8221; allow_player_pause=&#8221;off&#8221; parallax=&#8221;off&#8221; parallax_method=&#8221;on&#8221; make_equal=&#8221;off&#8221; parallax_1=&#8221;off&#8221; parallax_method_1=&#8221;off&#8221; background_position=&#8221;top_left&#8221; background_repeat=&#8221;repeat&#8221; background_size=&#8221;initial&#8221;][et_pb_column type=&#8221;4_4&#8243;][et_pb_slider show_arrows=&#8221;on&#8221; show_pagination=&#8221;on&#8221; auto=&#8221;off&#8221; auto_ignore_hover=&#8221;off&#8221; parallax=&#8221;off&#8221; parallax_method=&#8221;off&#8221; remove_inner_shadow=&#8221;off&#8221; background_position=&#8221;default&#8221; background_size=&#8221;default&#8221; hide_content_on_mobile=&#8221;off&#8221; hide_cta_on_mobile=&#8221;off&#8221; show_image_video_mobile=&#8221;off&#8221; custom_button=&#8221;off&#8221; button_letter_spacing=&#8221;0&#8243; button_use_icon=&#8221;default&#8221; button_icon_placement=&#8221;right&#8221; button_on_hover=&#8221;on&#8221; button_letter_spacing_hover=&#8221;0&#8243; custom_padding=&#8221;|||&#8221; custom_padding_tablet=&#8221;|||&#8221; custom_padding_phone=&#8221;|||&#8221; show_inner_shadow=&#8221;on&#8221; show_content_on_mobile=&#8221;on&#8221; show_cta_on_mobile=&#8221;on&#8221; box_shadow_horizontal=&#8221;0px&#8221; box_shadow_vertical=&#8221;0px&#8221; box_shadow_blur=&#8221;10px&#8221; box_shadow_spread=&#8221;0px&#8221; box_shadow_position=&#8221;inner&#8221; box_shadow_color=&#8221;rgba(0,0,0,0.1)&#8221; box_shadow_style=&#8221;preset6&#8243;][et_pb_slide background_image=&#8221;https:\/\/www.secowarwick.com\/wp-content\/uploads\/2016\/11\/incinerator_systems.jpg&#8221; background_position=&#8221;default&#8221; background_size=&#8221;default&#8221; background_color=&#8221;#ffffff&#8221; use_bg_overlay=&#8221;off&#8221; use_text_overlay=&#8221;off&#8221; alignment=&#8221;center&#8221; background_layout=&#8221;dark&#8221; allow_player_pause=&#8221;off&#8221; text_border_radius=&#8221;3&#8243; header_font_select=&#8221;default&#8221; header_font=&#8221;||||&#8221; body_font_select=&#8221;default&#8221; body_font=&#8221;||||&#8221; custom_button=&#8221;off&#8221; button_font_select=&#8221;default&#8221; button_font=&#8221;||||&#8221; button_use_icon=&#8221;default&#8221; button_icon_placement=&#8221;right&#8221; button_on_hover=&#8221;on&#8221;]<\/p>\n<p>&nbsp;<\/p>\n<p>&nbsp;<\/p>\n<p>&nbsp;<\/p>\n<p>&nbsp;<\/p>\n<p>[\/et_pb_slide][et_pb_slide background_image=&#8221;https:\/\/www.secowarwick.com\/wp-content\/uploads\/2016\/11\/liquid-waste-ininerator.jpg&#8221; background_position=&#8221;default&#8221; background_size=&#8221;default&#8221; background_color=&#8221;#ffffff&#8221; use_bg_overlay=&#8221;off&#8221; use_text_overlay=&#8221;off&#8221; alignment=&#8221;center&#8221; background_layout=&#8221;dark&#8221; allow_player_pause=&#8221;off&#8221; text_border_radius=&#8221;3&#8243; header_font_select=&#8221;default&#8221; header_font=&#8221;||||&#8221; body_font_select=&#8221;default&#8221; body_font=&#8221;||||&#8221; custom_button=&#8221;off&#8221; button_font_select=&#8221;default&#8221; button_font=&#8221;||||&#8221; button_use_icon=&#8221;default&#8221; button_icon_placement=&#8221;right&#8221; button_on_hover=&#8221;on&#8221; \/][et_pb_slide background_image=&#8221;https:\/\/www.secowarwick.com\/wp-content\/uploads\/2016\/11\/wet-scrubbing-if-icinerator.jpg&#8221; background_position=&#8221;default&#8221; background_size=&#8221;default&#8221; background_color=&#8221;#ffffff&#8221; use_bg_overlay=&#8221;off&#8221; use_text_overlay=&#8221;off&#8221; alignment=&#8221;center&#8221; background_layout=&#8221;dark&#8221; allow_player_pause=&#8221;off&#8221; text_border_radius=&#8221;3&#8243; header_font_select=&#8221;default&#8221; header_font=&#8221;||||&#8221; body_font_select=&#8221;default&#8221; body_font=&#8221;||||&#8221; custom_button=&#8221;off&#8221; button_font_select=&#8221;default&#8221; button_font=&#8221;||||&#8221; button_use_icon=&#8221;default&#8221; button_icon_placement=&#8221;right&#8221; button_on_hover=&#8221;on&#8221; \/][et_pb_slide background_image=&#8221;https:\/\/www.secowarwick.com\/wp-content\/uploads\/2016\/11\/incinerator-with-spray-drier.jpg&#8221; background_position=&#8221;default&#8221; background_size=&#8221;default&#8221; background_color=&#8221;#ffffff&#8221; use_bg_overlay=&#8221;off&#8221; use_text_overlay=&#8221;off&#8221; alignment=&#8221;center&#8221; background_layout=&#8221;dark&#8221; allow_player_pause=&#8221;off&#8221; text_border_radius=&#8221;3&#8243; header_font_select=&#8221;default&#8221; header_font=&#8221;||||&#8221; body_font_select=&#8221;default&#8221; body_font=&#8221;||||&#8221; custom_button=&#8221;off&#8221; button_font_select=&#8221;default&#8221; button_font=&#8221;||||&#8221; button_use_icon=&#8221;default&#8221; button_icon_placement=&#8221;right&#8221; button_on_hover=&#8221;on&#8221; \/][et_pb_slide background_image=&#8221;https:\/\/www.secowarwick.com\/wp-content\/uploads\/2016\/11\/roraty-kilin.jpg&#8221; background_position=&#8221;default&#8221; background_size=&#8221;default&#8221; background_color=&#8221;#ffffff&#8221; use_bg_overlay=&#8221;off&#8221; use_text_overlay=&#8221;off&#8221; alignment=&#8221;center&#8221; background_layout=&#8221;dark&#8221; allow_player_pause=&#8221;off&#8221; text_border_radius=&#8221;3&#8243; header_font_select=&#8221;default&#8221; header_font=&#8221;||||&#8221; body_font_select=&#8221;default&#8221; body_font=&#8221;||||&#8221; custom_button=&#8221;off&#8221; button_font_select=&#8221;default&#8221; button_font=&#8221;||||&#8221; button_use_icon=&#8221;default&#8221; button_icon_placement=&#8221;right&#8221; button_on_hover=&#8221;on&#8221; \/][\/et_pb_slider][\/et_pb_column][\/et_pb_row][\/et_pb_section][et_pb_section bb_built=&#8221;1&#8243; admin_label=&#8221;section&#8221; transparent_background=&#8221;off&#8221; background_color=&#8221;#f9f9f9&#8243; allow_player_pause=&#8221;off&#8221; inner_shadow=&#8221;off&#8221; parallax=&#8221;off&#8221; parallax_method=&#8221;off&#8221; custom_padding=&#8221;10px|||&#8221; padding_mobile=&#8221;off&#8221; make_fullwidth=&#8221;off&#8221; use_custom_width=&#8221;off&#8221; width_unit=&#8221;on&#8221; custom_width_px=&#8221;1080px&#8221; custom_width_percent=&#8221;80%&#8221; make_equal=&#8221;off&#8221; use_custom_gutter=&#8221;off&#8221; fullwidth=&#8221;off&#8221; specialty=&#8221;off&#8221; disabled=&#8221;off&#8221; custom_padding_tablet=&#8221;50px|0|50px|0&#8243; custom_padding_last_edited=&#8221;on|desktop&#8221; prev_background_color=&#8221;#ffffff&#8221;][et_pb_row admin_label=&#8221;row&#8221; make_fullwidth=&#8221;off&#8221; use_custom_width=&#8221;off&#8221; width_unit=&#8221;off&#8221; custom_width_px=&#8221;1080px&#8221; custom_width_percent=&#8221;80%&#8221; use_custom_gutter=&#8221;off&#8221; gutter_width=&#8221;3&#8243; padding_mobile=&#8221;off&#8221; allow_player_pause=&#8221;off&#8221; parallax=&#8221;off&#8221; parallax_method=&#8221;on&#8221; make_equal=&#8221;off&#8221; column_padding_mobile=&#8221;on&#8221; parallax_1=&#8221;off&#8221; parallax_method_1=&#8221;on&#8221; parallax_2=&#8221;off&#8221; parallax_method_2=&#8221;on&#8221; parallax_3=&#8221;off&#8221; parallax_method_3=&#8221;on&#8221; parallax_4=&#8221;off&#8221; parallax_method_4=&#8221;on&#8221; disabled=&#8221;off&#8221; background_position=&#8221;top_left&#8221; background_repeat=&#8221;repeat&#8221; background_size=&#8221;initial&#8221;][et_pb_column type=&#8221;2_3&#8243;][et_pb_breadcrumbs \/][et_pb_text background_layout=&#8221;light&#8221; text_orientation=&#8221;justified&#8221; use_border_color=&#8221;off&#8221; border_style=&#8221;solid&#8221; disabled=&#8221;off&#8221; border_color=&#8221;#ffffff&#8221; background_position=&#8221;top_left&#8221; background_repeat=&#8221;repeat&#8221; background_size=&#8221;initial&#8221;]<\/p>\n<h1>Piece do spopielania (ATM)<\/h1>\n<p>&nbsp;<\/p>\n<p><strong>SECO\/WARWICK oferuje urz\u0105dzenia do spopielania wszystkich rodzaj\u00f3w odpad\u00f3w, w tym odpad\u00f3w niebezpiecznych, nienadaj\u0105cych si\u0119 do pompowania, smolistych, ciek\u0142ych, sta\u0142ych, gazowych, szpitalnych lub bytowych.<\/strong> Nasze urz\u0105dzenia do spopielania dopasowane s\u0105 do potrzeb klienta i oferowane w r\u00f3\u017cnych konfiguracjach odpowiednich do r\u00f3\u017cnych zastosowa\u0144. \u00a0Przyk\u0142adem mo\u017ce by\u0107 komora spalania do stacjonarnego przetwarzania oraz piec obrotowy do przetwarzania g\u0142\u00f3wnie odpad\u00f3w nieorganicznych, Komory do pirolizy odpad\u00f3w smolistych i organicznych, a tak\u017ce piece spopielaj\u0105ce do odpad\u00f3w o\u00a0 znacznej zawarto\u015bci wody.<\/p>\n<p>Za g\u0142\u00f3wn\u0105 komor\u0105 znajduje si\u0119 komora dopalania, gdzie nast\u0119puje pe\u0142ne utlenienie, odzysk ciep\u0142a wytworzonego przy spalaniu odpad\u00f3w, systemy ch\u0142odzenia i oczyszczania gaz\u00f3w odlotowych, filtr py\u0142owy i komin.<\/p>\n<p>&nbsp;<\/p>\n<p><strong>Rodzaje przetwarzanych odpad\u00f3w:<\/strong><\/p>\n<ul>\n<li>Rozdrobnione odpady sta\u0142e, p\u00f3\u0142sta\u0142e, smoliste, lepkie odpady organiczne z lub bez niewielkiej domieszki odpad\u00f3w nieorganicznych<\/li>\n<li>Zmielone odpady organiczne z lub bez niewielkiej domieszki odpad\u00f3w nieorganicznych o wysokiej, \u015bredniej i niskiej temperatur\u0119 wrzenia<\/li>\n<li>odpady sta\u0142e scalone<\/li>\n<li>Odpady sta\u0142e nadaj\u0105ce si\u0119 do transportu\/ przenoszenia<\/li>\n<li>ciecze organiczne nadaj\u0105ce si\u0119 do pompowania po i bez podgrzania<\/li>\n<li>Odpady ciek\u0142e, gazowe i gazy odlotowe<\/li>\n<li>Odpady spo\u017cywcze<\/li>\n<li>Odpady szpitalne i zawieraj\u0105ce patogeny\/ biomedyczne<\/li>\n<\/ul>\n<p>&nbsp;<\/p>\n<p><strong>Rodzaje urz\u0105dze\u0144 spopielaj\u0105cych:<\/strong><\/p>\n<ul>\n<li>stacjonarne<\/li>\n<li>obrotowe<\/li>\n<li>pirolizer b\u0119bnowy<\/li>\n<li>z ciek\u0142ym \u0142o\u017cem<\/li>\n<li>z natryskiwaniem pionowym<\/li>\n<li>cyklon<\/li>\n<li>z wieloma paleniskami<\/li>\n<li>RTO ze specjalnymi elementami ceramicznymi<\/li>\n<li>katalityczne<\/li>\n<\/ul>\n<p>[\/et_pb_text][\/et_pb_column][et_pb_column type=&#8221;1_3&#8243;][\/et_pb_column][\/et_pb_row][\/et_pb_section]<\/p>\n","protected":false},"excerpt":{"rendered":"<p>&nbsp; &nbsp; &nbsp; &nbsp; [et_pb_breadcrumbs \/] Piece do spopielania (ATM) &nbsp; SECO\/WARWICK oferuje urz\u0105dzenia do spopielania wszystkich rodzaj\u00f3w odpad\u00f3w, w tym odpad\u00f3w niebezpiecznych, nienadaj\u0105cych si\u0119 do pompowania, smolistych, ciek\u0142ych, sta\u0142ych, gazowych, szpitalnych lub bytowych. Nasze urz\u0105dzenia do spopielania dopasowane s\u0105 do potrzeb klienta i oferowane w r\u00f3\u017cnych konfiguracjach odpowiednich do r\u00f3\u017cnych zastosowa\u0144. \u00a0Przyk\u0142adem mo\u017ce by\u0107 [&hellip;]<\/p>\n","protected":false},"author":2,"featured_media":0,"parent":7110,"menu_order":0,"comment_status":"closed","ping_status":"closed","template":"","meta":{"_acf_changed":false,"_et_pb_use_builder":"on","_et_pb_old_content":"","_et_gb_content_width":"","footnotes":""},"class_list":["post-7197","page","type-page","status-publish"],"acf":[],"_links":{"self":[{"href":"https:\/\/www.secowarwick.com\/pl\/wp-json\/wp\/v2\/pages\/7197","targetHints":{"allow":["GET"]}}],"collection":[{"href":"https:\/\/www.secowarwick.com\/pl\/wp-json\/wp\/v2\/pages"}],"about":[{"href":"https:\/\/www.secowarwick.com\/pl\/wp-json\/wp\/v2\/types\/page"}],"author":[{"embeddable":true,"href":"https:\/\/www.secowarwick.com\/pl\/wp-json\/wp\/v2\/users\/2"}],"replies":[{"embeddable":true,"href":"https:\/\/www.secowarwick.com\/pl\/wp-json\/wp\/v2\/comments?post=7197"}],"version-history":[{"count":0,"href":"https:\/\/www.secowarwick.com\/pl\/wp-json\/wp\/v2\/pages\/7197\/revisions"}],"up":[{"embeddable":true,"href":"https:\/\/www.secowarwick.com\/pl\/wp-json\/wp\/v2\/pages\/7110"}],"wp:attachment":[{"href":"https:\/\/www.secowarwick.com\/pl\/wp-json\/wp\/v2\/media?parent=7197"}],"curies":[{"name":"wp","href":"https:\/\/api.w.org\/{rel}","templated":true}]}}