{"id":7225,"date":"2016-10-09T14:33:05","date_gmt":"2016-10-09T12:33:05","guid":{"rendered":"http:\/\/www.secowarwick.com\/pl\/produkty\/vacuum-heat-treatment\/"},"modified":"2026-04-02T11:28:47","modified_gmt":"2026-04-02T09:28:47","slug":"piece-prozniowe","status":"publish","type":"page","link":"https:\/\/www.secowarwick.com\/pl\/produkty\/piece-prozniowe\/","title":{"rendered":"Piece pr\u00f3\u017cniowe do obr\u00f3bki cieplnej metali"},"content":{"rendered":"<p>[et_pb_section fb_built=&#8221;1&#8243; _builder_version=&#8221;4.16&#8243; global_colors_info=&#8221;{}&#8221;][et_pb_row _builder_version=&#8221;4.16&#8243; background_size=&#8221;initial&#8221; background_position=&#8221;top_left&#8221; background_repeat=&#8221;repeat&#8221; global_colors_info=&#8221;{}&#8221;][et_pb_column type=&#8221;4_4&#8243; _builder_version=&#8221;4.16&#8243; custom_padding=&#8221;|||&#8221; global_colors_info=&#8221;{}&#8221; custom_padding__hover=&#8221;|||&#8221;][et_pb_image src=&#8221;https:\/\/www.secowarwick.com\/wp-content\/uploads\/2019\/12\/ATMOSPHERE-HEAT-slider.jpg&#8221; alt=&#8221;Piece pr\u00f3\u017cniowe do\u00a0obr\u00f3bki cieplnej metali SECO\/WARWICK&#8221; title_text=&#8221;Piece pr\u00f3\u017cniowe do\u00a0obr\u00f3bki cieplnej metali SECO\/WARWICK&#8221; align_tablet=&#8221;center&#8221; align_phone=&#8221;&#8221; align_last_edited=&#8221;on|desktop&#8221; _builder_version=&#8221;4.16&#8243; global_colors_info=&#8221;{}&#8221;][\/et_pb_image][et_pb_text module_class=&#8221;p-seco-product-header-text&#8221; _builder_version=&#8221;4.16&#8243; global_colors_info=&#8221;{}&#8221;][\/et_pb_text][\/et_pb_column][\/et_pb_row][et_pb_row _builder_version=&#8221;4.19.2&#8243; background_size=&#8221;initial&#8221; background_position=&#8221;top_left&#8221; background_repeat=&#8221;repeat&#8221; global_colors_info=&#8221;{}&#8221;][et_pb_column type=&#8221;4_4&#8243; _builder_version=&#8221;4.16&#8243; custom_padding=&#8221;|||&#8221; global_colors_info=&#8221;{}&#8221; custom_padding__hover=&#8221;|||&#8221;][et_pb_text module_class=&#8221;podtytuly&#8221; _builder_version=&#8221;4.23.1&#8243; global_colors_info=&#8221;{}&#8221;]<\/p>\n<h1>PIECE PR\u00d3\u017bNIOWE DO&nbsp;OBR\u00d3BKI CIEPLNEJ METALI<\/h1>\n<p>&nbsp;<\/p>\n<h2>Technologie i&nbsp;urz\u0105dzenia do&nbsp;pr\u00f3\u017cniowej obr\u00f3bki cieplnej<\/h2>\n<p>&nbsp;<\/p>\n<p>Nowoczesne, precyzyjne, energooszcz\u0119dne i&nbsp;ekologiczne urz\u0105dzenia do&nbsp;obr\u00f3bki cieplnej w&nbsp;pr\u00f3\u017cni wraz z&nbsp;gwarancj\u0105 technologii. Do\u015bwiadczenie SECO\/WARWICK w&nbsp;tworzeniu tych rozwi\u0105za\u0144 si\u0119ga lat 70. dwudziestego wieku, kiedy to&nbsp;technologie pr\u00f3\u017cniowe w&nbsp;obr\u00f3bce cieplnej pojawi\u0142y si\u0119 w&nbsp;przemy\u015ble lotniczym, samochodowym, obronnym, metalurgicznym, medycznym, j\u0105drowym i&nbsp;narz\u0119dziowym. W&nbsp;ci\u0105gu ostatnich 25 lat dynamicznego rozwoju firmy dostarczonych zosta\u0142o ponad 800 kompletnych instalacji w&nbsp;ponad 50 krajach, za\u015b wiele z&nbsp;dostarczonych technologii sta\u0142o si\u0119 wyzwaniem dla tradycyjnych technologii.<\/p>\n<p>&nbsp;<\/p>\n<p>[\/et_pb_text][et_pb_seco_products product_1_title=&#8221;Piece jednokomorowe do obr\u00f3bki cieplnej pr\u00f3\u017cniowej i lutowania twardego&#8221; product_1_src=&#8221;https:\/\/www.secowarwick.com\/wp-content\/uploads\/2018\/12\/Vector2.jpg&#8221; product_1_alt=&#8221;Piece jednokomorowe do obr\u00f3bki cieplnej pr\u00f3\u017cniowej i lutowania twardego&#8221; product_1_button=&#8221;WI\u0118CEJ&#8221; product_1_url=&#8221;https:\/\/www.secowarwick.com\/pl\/jednokomorowe-piece-prozniowe\/&#8221; product_2_title=&#8221;Naw\u0119glanie Niskoci\u015bnieniowe (LPC), Uniwersalne Pr\u00f3\u017cniowe Piece wielokomorowe  do naw\u0119glania, ulepszania, hartowania w oleju lub gazie&#8221; product_2_src=&#8221;https:\/\/www.secowarwick.com\/wp-content\/uploads\/2019\/12\/Case-Master-Evoltion2.jpg&#8221; product_2_alt=&#8221;Naw\u0119glanie Niskoci\u015bnieniowe (LPC), Uniwersalne Pr\u00f3\u017cniowe Piece wielokomorowe  do naw\u0119glania, ulepszania, hartowania w oleju lub gazie&#8221; product_2_button=&#8221;WI\u0118CEJ&#8221; product_2_url=&#8221;https:\/\/www.secowarwick.com\/pl\/produkty\/piece-prozniowe\/piece-prozniowe-lpc\/&#8221; product_3_title=&#8221;Piece pr\u00f3\u017cniowe typu Pit do naw\u0119glania niskoci\u015bnieniowego (LPC)&#8221; product_3_src=&#8221;https:\/\/www.secowarwick.com\/wp-content\/uploads\/2020\/07\/pit-lpc-vacuum-furnace.png&#8221; product_3_alt=&#8221;Piece pr\u00f3\u017cniowe typu Pit do naw\u0119glania niskoci\u015bnieniowego (LPC)&#8221; product_3_button=&#8221;WI\u0118CEJ&#8221; product_3_url=&#8221;https:\/\/www.secowarwick.com\/pl\/produkty\/piece-prozniowe\/pit-lpc-prozniowy-piec-wglebny-przeznaczony-do-naweglania-grubych-warstw-dla-duzych-detali\/&#8221; product_4_title=&#8221;Pr\u00f3\u017cniowe systemy przep\u0142ywu pojedynczych element\u00f3w do naw\u0119glania niskoci\u015bnieniowego (LPC), hartowania, odpuszczania i hartowania gazowego&#8221; product_4_src=&#8221;https:\/\/www.secowarwick.com\/wp-content\/uploads\/2018\/12\/UCM2.jpg&#8221; product_4_alt=&#8221;Pr\u00f3\u017cniowe systemy przep\u0142ywu pojedynczych element\u00f3w do naw\u0119glania niskoci\u015bnieniowego (LPC), hartowania, odpuszczania i hartowania gazowego&#8221; product_4_button=&#8221;WI\u0118CEJ&#8221; product_4_url=&#8221;https:\/\/www.secowarwick.com\/pl\/produkty\/piece-prozniowe\/precyzyjne-hartowanie-powierzchniowe\/&#8221; module_id=&#8221;secoalutest&#8221; module_class=&#8221;disable-animation max8001 kafel-seco-product-dlugi-tytul&#8221; _builder_version=&#8221;4.27.6&#8243; hover_enabled=&#8221;0&#8243; global_colors_info=&#8221;{}&#8221; sticky_enabled=&#8221;0&#8243;][\/et_pb_seco_products][et_pb_seco_products product_5_title=&#8221;Piece do azotowania i azotonaw\u0119glania ferrytycznego (FNC)&#8221; product_5_src=&#8221;https:\/\/www.secowarwick.com\/wp-content\/uploads\/2018\/10\/Atmosphere-Heat-Treatment-Furnace-Systems.png&#8221; product_5_alt=&#8221;Piece do azotowania i azotonaw\u0119glania ferrytycznego (FNC)&#8221; product_5_button=&#8221;WI\u0118CEJ&#8221; product_5_url=&#8221;https:\/\/www.secowarwick.com\/pl\/produkty\/piece-do-obrobki-cieplnej-metali-w-atmosferach-atm\/zeroflow\/&#8221; product_6_title=&#8221;Piece pr\u00f3\u017cniowe do lutowania twardego aluminium&#8221; product_6_src=&#8221;https:\/\/www.secowarwick.com\/wp-content\/uploads\/2023\/11\/VAB-Furnace-for-removing-residual-oilmini.jpg&#8221; product_6_alt=&#8221;Piece pr\u00f3\u017cniowe do lutowania twardego aluminium&#8221; product_6_button=&#8221;WI\u0118CEJ&#8221; product_6_url=&#8221;https:\/\/www.secowarwick.com\/pl\/technologia-vab\/&#8221; product_7_title=&#8221;CVD, CVI, FIC, IVD, pow\u0142oki zawiesinowe i piece pr\u00f3\u017cniowe do oczyszczania termicznego&#8221; product_7_src=&#8221;https:\/\/www.secowarwick.com\/wp-content\/uploads\/2024\/01\/CVI_CVD.jpg&#8221; product_7_alt=&#8221;CVD, CVI, FIC, IVD, pow\u0142oki zawiesinowe i piece pr\u00f3\u017cniowe do oczyszczania termicznego&#8221; product_7_button=&#8221;WI\u0118CEJ&#8221; product_7_url=&#8221;https:\/\/www.secowarwick.com\/pl\/produkty\/piece-prozniowe\/oczyszczanie-materialow-grafitowych\/&#8221; product_8_title=&#8221;Piece pr\u00f3\u017cniowe niestandardowe (indywidualne projekty)&#8221; product_8_src=&#8221;https:\/\/www.secowarwick.com\/wp-content\/uploads\/2022\/03\/Custom-furnace-GraphMaster-2.jpg&#8221; product_8_alt=&#8221;Piece pr\u00f3\u017cniowe niestandardowe (indywidualne projekty)&#8221; product_8_button=&#8221;WI\u0118CEJ&#8221; product_8_url=&#8221;https:\/\/www.secowarwick.com\/pl\/piece-projektowane-na-zamowienie\/&#8221; module_id=&#8221;secoalutest&#8221; module_class=&#8221;disable-animation max8001&#8243; _builder_version=&#8221;4.23.1&#8243; global_colors_info=&#8221;{}&#8221;][\/et_pb_seco_products][\/et_pb_column][\/et_pb_row][et_pb_row _builder_version=&#8221;4.16&#8243; _module_preset=&#8221;default&#8221; global_colors_info=&#8221;{}&#8221;][et_pb_column type=&#8221;4_4&#8243; _builder_version=&#8221;4.16&#8243; _module_preset=&#8221;default&#8221; global_colors_info=&#8221;{}&#8221;][et_pb_video src=&#8221;https:\/\/www.youtube.com\/watch?v=KJO4KB2oK0U&#8221; image_src=&#8221;\/\/i.ytimg.com\/vi\/KJO4KB2oK0U\/hqdefault.jpg&#8221; _builder_version=&#8221;4.16&#8243; _module_preset=&#8221;default&#8221; global_colors_info=&#8221;{}&#8221;][\/et_pb_video][\/et_pb_column][\/et_pb_row][et_pb_row column_structure=&#8221;1_2,1_2&#8243; _builder_version=&#8221;4.16&#8243; background_color=&#8221;#ffffff&#8221; global_colors_info=&#8221;{}&#8221;][et_pb_column type=&#8221;1_2&#8243; _builder_version=&#8221;4.16&#8243; background_color=&#8221;#ffffff&#8221; custom_padding=&#8221;|||&#8221; global_colors_info=&#8221;{}&#8221; custom_padding__hover=&#8221;|||&#8221;][et_pb_text _builder_version=&#8221;4.23.1&#8243; global_colors_info=&#8221;{}&#8221;]<\/p>\n<p><strong><span style=\"color: #e30f00;\">\/\u00a0<\/span>Technologie:<br \/><\/strong>wy\u017carzanie, lutowanie, <a href=\"https:\/\/www.secowarwick.com\/pl\/produkty\/piece-prozniowe\/technologia-vab\/\">lutowanie aluminium<\/a>, przesycanie cieplne, starzenie, niskoci\u015bnieniowa naw\u0119glanie (LPC) metod\u0105 <a href=\"https:\/\/www.secowarwick.com\/en\/products\/vacuum-carburizing\/\">FineCarb<\/a> i\u00a0<a href=\"https:\/\/www.secowarwick.com\/pl\/prenitlpc\/\" target=\"_blank\" rel=\"noopener\">PreNitLPC<\/a>, hartowanie powierzchniowe, hartowanie w\u00a0oleju, wysokoci\u015bnieniowe hartowanie gazowe (<a href=\"https:\/\/www.secowarwick.com\/pl\/promocja\/faq\/czym-jest-hpgq\/\">HPGQ<\/a>), spiekanie, <a href=\"https:\/\/www.secowarwick.com\/pl\/produkty\/piece-do-obrobki-cieplnej-metali-w-atmosferach-atm\/zeroflow\/\">azotowanie<\/a> i\u00a0ferrytyczne azotonaw\u0119glanie (FNC) metod\u0105 ZeroFlow, <a href=\"https:\/\/www.secowarwick.com\/pl\/produkty\/piece-prozniowe\/oczyszczanie-materialow-grafitowych\/\">CVD, CVI<\/a>, FIC, IVD, nanoszenie pow\u0142ok, oczyszczanie termiczne oraz\u00a0inne niestandardowe i\u00a0specjalne procesy technologiczne<strong><br \/>Technologia pr\u00f3\u017cniowa dla wszystkich proces\u00f3w obr\u00f3bki cieplnej<\/strong><\/p>\n<p><span style=\"color: #e30f00;\"><b>\/<\/b>\u00a0<\/span><strong>Unikalne cechy<\/strong>:<br \/>dynamiczny i\u00a0wydajny system grzejny, precyzyjna kontrola temperatury, doskona\u0142a dystrybucja temperatury w\u00a0ca\u0142ej przestrzeni roboczej, efektywne i\u00a0jednolite hartowanie, kompaktowa i\u00a0modu\u0142owa konstrukcja, precyzyjne i\u00a0dok\u0142adne sterowanie procesem<br \/><strong>Sprawdzone i\u00a0innowacyjne rozwi\u0105zania<\/strong><\/p>\n<p>&nbsp;<\/p>\n<p>[\/et_pb_text][\/et_pb_column][et_pb_column type=&#8221;1_2&#8243; _builder_version=&#8221;4.16&#8243; custom_padding=&#8221;|||&#8221; global_colors_info=&#8221;{}&#8221; custom_padding__hover=&#8221;|||&#8221;][et_pb_text _builder_version=&#8221;4.23.1&#8243; border_color_all=&#8221;#ffffff&#8221; global_colors_info=&#8221;{}&#8221;]<\/p>\n<p><strong><span style=\"color: #e30f00;\">\/\u00a0<\/span><\/strong><strong>Przemys\u0142y<\/strong>:<br \/>lotnictwo, obronno\u015b\u0107, energetyka, narz\u0119dzia i&nbsp;matryce, medycyna, motoryzacja, przemys\u0142 maszynowy, komercyjne zak\u0142ady obr\u00f3bki cieplnej i&nbsp;inne<br \/><strong>\u015awiatowe <\/strong><a href=\"https:\/\/www.secowarwick.com\/pl\/przemysly\/\"><strong>przemys\u0142y<\/strong><\/a><\/p>\n<p><strong><span style=\"color: #e30f00;\">\/\u00a0<\/span><\/strong><strong>Parametry<\/strong>:<br \/>piece wsadowe <a href=\"https:\/\/www.secowarwick.com\/pl\/produkty\/piece-prozniowe\/precyzyjne-hartowanie-powierzchniowe\/\">jedno<\/a>-, <a href=\"https:\/\/www.secowarwick.com\/pl\/produkty\/piece-prozniowe\/casemasterevolution\/\">dwu- i&nbsp;wielokomorowe<\/a>, p\u00f3\u0142ci\u0105g\u0142e oraz&nbsp;do&nbsp;przep\u0142ywu pojedynczych element\u00f3w, w&nbsp;konfiguracji poziomej i&nbsp;pionowej, niskiej, \u015bredniej i&nbsp;wysokiej pr\u00f3\u017cni, nagrzewanie radiacyjne i&nbsp;konwekcyjne, ch\u0142odzenie gazowe pod&nbsp;niskim i&nbsp;wysokim ci\u015bnieniem (HPGQ) do&nbsp;25 bar\u00f3w lub hartowanie w&nbsp;oleju, pe\u0142na automatyzacja, bezobs\u0142ugowa praca, komputerowy system sterowania<br \/>Zgodno\u015b\u0107 ze&nbsp;\u015bwiatowymi normami bezpiecze\u0144stwa, jako\u015bci i&nbsp;ochrony \u015brodowiska.<br \/><strong>Rozwi\u0105zania na&nbsp;ka\u017cde zapotrzebowanie<\/strong><\/p>\n<p>[\/et_pb_text][\/et_pb_column][\/et_pb_row][et_pb_row disabled_on=&#8221;on|on|on&#8221; _builder_version=&#8221;4.16&#8243; background_size=&#8221;initial&#8221; background_position=&#8221;top_left&#8221; background_repeat=&#8221;repeat&#8221; disabled=&#8221;on&#8221; global_colors_info=&#8221;{}&#8221;][et_pb_column type=&#8221;4_4&#8243; _builder_version=&#8221;4.16&#8243; custom_padding=&#8221;|||&#8221; global_colors_info=&#8221;{}&#8221; custom_padding__hover=&#8221;|||&#8221;][et_pb_text _builder_version=&#8221;4.16&#8243; global_colors_info=&#8221;{}&#8221;]<\/p>\n<h1>Materia\u0142y o&nbsp;produktach<\/h1>\n<p>[\/et_pb_text][\/et_pb_column][\/et_pb_row][et_pb_row column_structure=&#8221;1_2,1_2&#8243; disabled_on=&#8221;on|on|on&#8221; _builder_version=&#8221;4.16&#8243; background_color=&#8221;#ffffff&#8221; disabled=&#8221;on&#8221; global_colors_info=&#8221;{}&#8221;][et_pb_column type=&#8221;1_2&#8243; _builder_version=&#8221;4.16&#8243; background_color=&#8221;#ffffff&#8221; custom_padding=&#8221;|||&#8221; global_colors_info=&#8221;{}&#8221; custom_padding__hover=&#8221;|||&#8221;][et_pb_selected_documents _builder_version=&#8221;4.19.2&#8243; global_colors_info=&#8221;{}&#8221;][et_pb_document post_id=&#8221;103117&#8243; title=&#8221;Pit-LPC &#8211; brochure&#8221; _builder_version=&#8221;4.10.3&#8243; global_colors_info=&#8221;{}&#8221;][\/et_pb_document][et_pb_document post_id=&#8221;123879&#8243; title=&#8221;ZeroFlow\u00ae &#8211; brochure&#8221; _builder_version=&#8221;4.10.3&#8243; global_colors_info=&#8221;{}&#8221;][\/et_pb_document][et_pb_document post_id=&#8221;104583&#8243; title=&#8221;CaseMaster Evolution\u00ae &#8211; brochure&#8221; _builder_version=&#8221;4.10.3&#8243; _module_preset=&#8221;default&#8221; global_colors_info=&#8221;{}&#8221;][\/et_pb_document][et_pb_document post_id=&#8221;123904&#8243; title=&#8221;Super IQ &#8211; brochure&#8221; _builder_version=&#8221;4.10.3&#8243; _module_preset=&#8221;default&#8221; global_colors_info=&#8221;{}&#8221;][\/et_pb_document][\/et_pb_selected_documents][\/et_pb_column][et_pb_column type=&#8221;1_2&#8243; _builder_version=&#8221;4.16&#8243; custom_padding=&#8221;|||&#8221; global_colors_info=&#8221;{}&#8221; custom_padding__hover=&#8221;|||&#8221;][et_pb_selected_documents _builder_version=&#8221;4.10.3&#8243; global_colors_info=&#8221;{}&#8221;][et_pb_document post_id=&#8221;103037&#8243; title=&#8221;VECTOR&#8221; _builder_version=&#8221;3.6&#8243; global_colors_info=&#8221;{}&#8221;][\/et_pb_document][et_pb_document post_id=&#8221;93326&#8243; title=&#8221;Vector 3D Vacuum Furnace System&#8221; _builder_version=&#8221;4.10.3&#8243; global_colors_info=&#8221;{}&#8221;][\/et_pb_document][et_pb_document post_id=&#8221;104565&#8243; title=&#8221;4D Quench&#8221; _builder_version=&#8221;3.6&#8243; global_colors_info=&#8221;{}&#8221;][\/et_pb_document][et_pb_document post_id=&#8221;104574&#8243; title=&#8221;UniCase Master\u00ae &#8211; brochure&#8221; _builder_version=&#8221;4.10.3&#8243; _module_preset=&#8221;default&#8221; global_colors_info=&#8221;{}&#8221;][\/et_pb_document][\/et_pb_selected_documents][\/et_pb_column][\/et_pb_row][et_pb_row _builder_version=&#8221;4.16&#8243; background_size=&#8221;initial&#8221; background_position=&#8221;top_left&#8221; background_repeat=&#8221;repeat&#8221; global_colors_info=&#8221;{}&#8221;][et_pb_column type=&#8221;4_4&#8243; _builder_version=&#8221;4.16&#8243; custom_padding=&#8221;|||&#8221; global_colors_info=&#8221;{}&#8221; custom_padding__hover=&#8221;|||&#8221;][et_pb_code _builder_version=&#8221;4.10.3&#8243; _module_preset=&#8221;default&#8221; global_module=&#8221;123769&#8243; saved_tabs=&#8221;all&#8221; global_colors_info=&#8221;{}&#8221;]<!-- [et_pb_line_break_holder] --><pee style=\"text-align: center;\"><a class=\"small-button smallred\" style=\"font-size: 20px; padding: 20px 60px;\" href=\"https:\/\/www.secowarwick.com\/pl\/zapytaj-o-oferte\/\"><span style=\"display: block; transform: skew(15deg,0deg); -webkit-transform: skew(15deg,0deg); font-size: 20px; !important\">ZAPYTAJ O OFERT\u0118<\/span><\/a><\/pee>[\/et_pb_code][\/et_pb_column][\/et_pb_row][\/et_pb_section]<\/p>\n","protected":false},"excerpt":{"rendered":"<p>PIECE PR\u00d3\u017bNIOWE DO&nbsp;OBR\u00d3BKI CIEPLNEJ METALI &nbsp; Technologie i&nbsp;urz\u0105dzenia do&nbsp;pr\u00f3\u017cniowej obr\u00f3bki cieplnej &nbsp; Nowoczesne, precyzyjne, energooszcz\u0119dne i&nbsp;ekologiczne urz\u0105dzenia do&nbsp;obr\u00f3bki cieplnej w&nbsp;pr\u00f3\u017cni wraz z&nbsp;gwarancj\u0105 technologii. Do\u015bwiadczenie SECO\/WARWICK w&nbsp;tworzeniu tych rozwi\u0105za\u0144 si\u0119ga lat 70. dwudziestego wieku, kiedy to&nbsp;technologie pr\u00f3\u017cniowe w&nbsp;obr\u00f3bce cieplnej pojawi\u0142y si\u0119 w&nbsp;przemy\u015ble lotniczym, samochodowym, obronnym, metalurgicznym, medycznym, j\u0105drowym i&nbsp;narz\u0119dziowym. W&nbsp;ci\u0105gu ostatnich 25 lat dynamicznego rozwoju firmy [&hellip;]<\/p>\n","protected":false},"author":9,"featured_media":87893,"parent":7110,"menu_order":0,"comment_status":"closed","ping_status":"closed","template":"","meta":{"_acf_changed":false,"_et_pb_use_builder":"on","_et_pb_old_content":"<p>The Vacuum Heat Treatment Furnaces Group provides advanced, energy-efficient and environmentally friendly <strong>vacuum heat treatment equipment<\/strong>with guaranteed process technology. \u00a0Our <strong>vacuum furnaces<\/strong> are used in applications for annealing, brazing, sintering, gas quench (High Pressure Gas Quenching), vacuum oil quench, vacuum carburizing and nitriding (Low Pressure Carburizing, PreNit high speed vacuum carburizing), along with a wide variety of custom engineered process technologies. SECO\/WARWICK vacuum furnace equipment is in operation around the world in the aerospace, power generation, tool & die, medical, machine, automotive and commercial heat treatment industries in both batch and mass production environments.<\/p>","_et_gb_content_width":"","footnotes":""},"class_list":["post-7225","page","type-page","status-publish","has-post-thumbnail"],"acf":[],"_links":{"self":[{"href":"https:\/\/www.secowarwick.com\/pl\/wp-json\/wp\/v2\/pages\/7225","targetHints":{"allow":["GET"]}}],"collection":[{"href":"https:\/\/www.secowarwick.com\/pl\/wp-json\/wp\/v2\/pages"}],"about":[{"href":"https:\/\/www.secowarwick.com\/pl\/wp-json\/wp\/v2\/types\/page"}],"author":[{"embeddable":true,"href":"https:\/\/www.secowarwick.com\/pl\/wp-json\/wp\/v2\/users\/9"}],"replies":[{"embeddable":true,"href":"https:\/\/www.secowarwick.com\/pl\/wp-json\/wp\/v2\/comments?post=7225"}],"version-history":[{"count":36,"href":"https:\/\/www.secowarwick.com\/pl\/wp-json\/wp\/v2\/pages\/7225\/revisions"}],"predecessor-version":[{"id":191795,"href":"https:\/\/www.secowarwick.com\/pl\/wp-json\/wp\/v2\/pages\/7225\/revisions\/191795"}],"up":[{"embeddable":true,"href":"https:\/\/www.secowarwick.com\/pl\/wp-json\/wp\/v2\/pages\/7110"}],"wp:featuredmedia":[{"embeddable":true,"href":"https:\/\/www.secowarwick.com\/pl\/wp-json\/wp\/v2\/media\/87893"}],"wp:attachment":[{"href":"https:\/\/www.secowarwick.com\/pl\/wp-json\/wp\/v2\/media?parent=7225"}],"curies":[{"name":"wp","href":"https:\/\/api.w.org\/{rel}","templated":true}]}}