{"id":7240,"date":"2016-10-09T14:33:41","date_gmt":"2016-10-09T12:33:41","guid":{"rendered":"http:\/\/www.secowarwick.com\/pl\/produkty\/vacuum-metallurgy\/"},"modified":"2025-10-30T06:37:50","modified_gmt":"2025-10-30T05:37:50","slug":"metalurgia-prozniowa","status":"publish","type":"page","link":"https:\/\/www.secowarwick.com\/pl\/produkty\/metalurgia-prozniowa\/","title":{"rendered":"Piece topielne do metalurgii pr\u00f3\u017cniowej"},"content":{"rendered":"<p>[et_pb_section fb_built=&#8221;1&#8243; _builder_version=&#8221;4.16&#8243; global_colors_info=&#8221;{}&#8221;][et_pb_row _builder_version=&#8221;4.16&#8243; background_size=&#8221;initial&#8221; background_position=&#8221;top_left&#8221; background_repeat=&#8221;repeat&#8221; global_colors_info=&#8221;{}&#8221;][et_pb_column type=&#8221;4_4&#8243; _builder_version=&#8221;4.16&#8243; custom_padding=&#8221;|||&#8221; global_colors_info=&#8221;{}&#8221; custom_padding__hover=&#8221;|||&#8221;][et_pb_image src=&#8221;https:\/\/www.secowarwick.com\/wp-content\/uploads\/2019\/12\/VACUUM-MELTING-slider.jpg&#8221; alt=&#8221;Piece topielne do\u00a0metalurgii pr\u00f3\u017cniowej SECO\/WARWICK&#8221; title_text=&#8221;Piece topielne do\u00a0metalurgii pr\u00f3\u017cniowej SECO\/WARWICK&#8221; align_tablet=&#8221;center&#8221; align_phone=&#8221;&#8221; align_last_edited=&#8221;on|desktop&#8221; _builder_version=&#8221;4.16&#8243; global_colors_info=&#8221;{}&#8221;][\/et_pb_image][et_pb_text module_class=&#8221;p-seco-product-header-text&#8221; _builder_version=&#8221;4.16&#8243; global_colors_info=&#8221;{}&#8221;][\/et_pb_text][\/et_pb_column][\/et_pb_row][et_pb_row _builder_version=&#8221;4.16&#8243; background_size=&#8221;initial&#8221; background_position=&#8221;top_left&#8221; background_repeat=&#8221;repeat&#8221; global_colors_info=&#8221;{}&#8221;][et_pb_column type=&#8221;4_4&#8243; _builder_version=&#8221;4.16&#8243; custom_padding=&#8221;|||&#8221; global_colors_info=&#8221;{}&#8221; custom_padding__hover=&#8221;|||&#8221;][et_pb_text module_class=&#8221;podtytuly&#8221; _builder_version=&#8221;4.16&#8243; global_colors_info=&#8221;{}&#8221;]<\/p>\n<h1>Piece topielne do&nbsp;metalurgii pr\u00f3\u017cniowej<\/h1>\n<p>&nbsp;<\/p>\n<h2>Technologie i&nbsp;urz\u0105dzenia topielne do&nbsp;metalurgii pr\u00f3\u017cniowej<\/h2>\n<p><strong>Urz\u0105dzenia do&nbsp;metalurgii pr\u00f3\u017cniowej<\/strong> Retech s\u0105&nbsp;produkowane w&nbsp;naszych plac\u00f3wkach w&nbsp;Stanach Zjednoczonych i&nbsp;Polsce, regionach o&nbsp;najwy\u017cszym zapotrzebowaniu na&nbsp;doskona\u0142e technologie do&nbsp;topienia i&nbsp;odlewania. Od&nbsp;2006, w&nbsp;wyniku do\u0142\u0105czenia do&nbsp;Grupy SECO\/WARWICK firmy zapewniamy klientom wszechstronne rozwi\u0105zania do&nbsp;topnienia i&nbsp;obr\u00f3bki cieplnej.<\/p>\n<p>&nbsp;<\/p>\n<p>[\/et_pb_text][et_pb_seco_products product_1_title=&#8221;JetCaster &#8211; Indukcyjne Topienie Pr\u00f3\u017cniowe &#8221; product_1_src=&#8221;https:\/\/www.secowarwick.com\/wp-content\/uploads\/2022\/04\/JetCaster-extra-mini.jpg&#8221; product_1_alt=&#8221;JestCaster Indukcyjne Topienie Pr\u00f3\u017cniowe &#8221; product_1_button=&#8221;WI\u0118CEJ&#8221; product_1_url=&#8221;https:\/\/www.secowarwick.com\/pl\/vim-jet-caster\/&#8221; product_2_title=&#8221;Indukcyjne Topienie Pr\u00f3\u017cniowe (VIM)&#8221; product_2_src=&#8221;https:\/\/www.secowarwick.com\/wp-content\/uploads\/2021\/10\/Vacuum-Induction-Melting-VIM-retech.jpg&#8221; product_2_alt=&#8221;Indukcyjne Topienie Pr\u00f3\u017cniowe (VIM)&#8221; product_2_button=&#8221;WI\u0118CEJ&#8221; product_2_url=&#8221;https:\/\/www.retechsystemsllc.com\/products\/vacuum-induction-melting-vim\/&#8221; product_3_title=&#8221;\u0141ukowe Topienie Pr\u00f3\u017cniowe (VAR)&#8221; product_3_src=&#8221;https:\/\/www.secowarwick.com\/wp-content\/uploads\/2021\/10\/Vacuum-Arc-Remelt-VAR.jpg&#8221; product_3_alt=&#8221;\u0141ukowe Topienie Pr\u00f3\u017cniowe (VAR)&#8221; product_3_button=&#8221;WI\u0118CEJ&#8221; product_3_url=&#8221;https:\/\/www.retechsystemsllc.com\/products\/vacuum-arc-remelt-var&#8221; product_4_title=&#8221;Topienie Wi\u0105zk\u0105 Elektron\u00f3w (EB)&#8221; product_4_src=&#8221;https:\/\/www.secowarwick.com\/wp-content\/uploads\/2021\/10\/Electron-Beam-Melting-EB.jpg&#8221; product_4_alt=&#8221;Topienie Wi\u0105zk\u0105 Elektron\u00f3w (EB)&#8221; product_4_button=&#8221;WI\u0118CEJ&#8221; product_4_url=&#8221;https:\/\/www.retechsystemsllc.com\/products\/electron-beam-melting-eb&#8221; product_5_title=&#8221;Topienie \u0141ukiem Plazmowym (PAM)&#8221; product_5_src=&#8221;https:\/\/www.secowarwick.com\/wp-content\/uploads\/2021\/10\/Plasma-Arc-Melting-PAM-1.jpg&#8221; product_5_alt=&#8221;Topienie \u0141ukiem Plazmowym (PAM)&#8221; product_5_button=&#8221;WI\u0118CEJ&#8221; product_5_url=&#8221;https:\/\/www.retechsystemsllc.com\/products\/plasma-arc-melting-pam&#8221; module_id=&#8221;secoalutest&#8221; module_class=&#8221;disable-animation max800&#8243; _builder_version=&#8221;4.23.1&#8243; _module_preset=&#8221;default&#8221; global_colors_info=&#8221;{}&#8221;][\/et_pb_seco_products][et_pb_text _builder_version=&#8221;4.16&#8243; global_colors_info=&#8221;{}&#8221;]<\/p>\n<p>&nbsp;<\/p>\n<p><strong>Technologie:\u00a0<\/strong>Topienie \u0141ukiem Plazmowym (PAM), Topienie Wi\u0105zk\u0105 Elektron\u00f3w (EB), Indukcyjne Topienie Pr\u00f3\u017cniowe (VIM) i&nbsp;\u0141ukowe Topienie Pr\u00f3\u017cniowe (VAR)<\/p>\n<p><strong>Zastosowania:<\/strong> Topienie i&nbsp;Stapianie Metali, Equiax (EQ), Krzepni\u0119cie Jednokierunkowe (DS), Odlewanie Monokryszta\u0142owe (SC), Topienie Indukcyjne na&nbsp;Zimno (CWI), Konsolidacja Z\u0142omu, Produkcja Proszk\u00f3w Metali, Spawanie Plazmowe Elektrod, Utylizacja Odpad\u00f3w<\/p>\n<p><strong>Przemys\u0142y:\u00a0<\/strong>lotniczy, energetyczny, obronny, metalurgia proszkowa, medyczny, motoryzacyjny i&nbsp;nuklearny.<\/p>\n<p><strong>Unikalne cechy:<\/strong> wysoka wydajno\u015b\u0107, powtarzalno\u015b\u0107 poprzez automatyzacj\u0119 proces\u00f3w i&nbsp;nowoczesne systemy kontrolne, precyzyjne systemy podawania.<\/p>\n<p><strong>Przetwarzane materia\u0142y:\u00a0<\/strong>tytan i&nbsp;jego stopy, tantal, wolfram, niob, cyrkon, krzem, nikiel, stopy kobaltu i&nbsp;inne.<\/p>\n<p>Dodatkowe informacje znajdziesz na&nbsp;stronie <a href=\"http:\/\/www.retechsystemsllc.com\/\" target=\"_blank\" rel=\"noopener\">www.retechsystemsllc.com<\/a><\/p>\n<p>[\/et_pb_text][\/et_pb_column][\/et_pb_row][et_pb_row _builder_version=&#8221;4.16&#8243; background_size=&#8221;initial&#8221; background_position=&#8221;top_left&#8221; background_repeat=&#8221;repeat&#8221; global_colors_info=&#8221;{}&#8221;][et_pb_column type=&#8221;4_4&#8243; _builder_version=&#8221;4.16&#8243; custom_padding=&#8221;|||&#8221; global_colors_info=&#8221;{}&#8221; custom_padding__hover=&#8221;|||&#8221;][et_pb_text _builder_version=&#8221;4.16&#8243; global_colors_info=&#8221;{}&#8221;]<\/p>\n<h1>Product Materials<\/h1>\n<p>[\/et_pb_text][\/et_pb_column][\/et_pb_row][et_pb_row column_structure=&#8221;1_2,1_2&#8243; _builder_version=&#8221;4.16&#8243; background_color=&#8221;#ffffff&#8221; global_colors_info=&#8221;{}&#8221;][et_pb_column type=&#8221;1_2&#8243; _builder_version=&#8221;4.16&#8243; background_color=&#8221;#ffffff&#8221; custom_padding=&#8221;|||&#8221; global_colors_info=&#8221;{}&#8221; custom_padding__hover=&#8221;|||&#8221;][et_pb_selected_documents _builder_version=&#8221;4.19.2&#8243; global_colors_info=&#8221;{}&#8221;][et_pb_document post_id=&#8221;105046&#8243; title=&#8221;General Vacuum Metallurgical Equipment&#8221; _builder_version=&#8221;3.6&#8243; global_colors_info=&#8221;{}&#8221;][\/et_pb_document][et_pb_document post_id=&#8221;15943&#8243; title=&#8221;Electron Beam Melting (EB) Systems &#8211; brochure&#8221; _builder_version=&#8221;3.6&#8243; global_colors_info=&#8221;{}&#8221;][\/et_pb_document][et_pb_document post_id=&#8221;105024&#8243; title=&#8221;Plasma Arc Melting (PAM) Systems &#8211; brochure&#8221; _builder_version=&#8221;3.6&#8243; global_colors_info=&#8221;{}&#8221;][\/et_pb_document][\/et_pb_selected_documents][\/et_pb_column][et_pb_column type=&#8221;1_2&#8243; _builder_version=&#8221;4.16&#8243; custom_padding=&#8221;|||&#8221; global_colors_info=&#8221;{}&#8221; custom_padding__hover=&#8221;|||&#8221;][et_pb_selected_documents _builder_version=&#8221;4.23.1&#8243; global_colors_info=&#8221;{}&#8221;][et_pb_document post_id=&#8221;35452&#8243; title=&#8221;Vacuum ARC Remelting (VAR) Furnaces&#8221; _builder_version=&#8221;3.6&#8243; global_colors_info=&#8221;{}&#8221;][\/et_pb_document][et_pb_document post_id=&#8221;15955&#8243; title=&#8221;Vacuum Induction Melting (VIM) Systems &#8211; brochure&#8221; _builder_version=&#8221;3.6&#8243; global_colors_info=&#8221;{}&#8221;][\/et_pb_document][et_pb_document post_id=&#8221;105247&#8243; title=&#8221;Metal Powder Production Systems &#8211; brochure&#8221; _builder_version=&#8221;3.6&#8243; global_colors_info=&#8221;{}&#8221;][\/et_pb_document][et_pb_document post_id=&#8221;181769&#8243; _builder_version=&#8221;4.23.1&#8243; _module_preset=&#8221;default&#8221; global_colors_info=&#8221;{}&#8221;][\/et_pb_document][\/et_pb_selected_documents][\/et_pb_column][\/et_pb_row][et_pb_row _builder_version=&#8221;4.16&#8243; background_size=&#8221;initial&#8221; background_position=&#8221;top_left&#8221; background_repeat=&#8221;repeat&#8221; global_colors_info=&#8221;{}&#8221;][et_pb_column type=&#8221;4_4&#8243; _builder_version=&#8221;4.16&#8243; custom_padding=&#8221;|||&#8221; global_colors_info=&#8221;{}&#8221; custom_padding__hover=&#8221;|||&#8221;][et_pb_code _builder_version=&#8221;4.10.3&#8243; _module_preset=&#8221;default&#8221; global_module=&#8221;123769&#8243; saved_tabs=&#8221;all&#8221; global_colors_info=&#8221;{}&#8221;]<!-- [et_pb_line_break_holder] --><pee style=\"text-align: center;\"><a class=\"small-button smallred\" style=\"font-size: 20px; padding: 20px 60px;\" href=\"https:\/\/www.secowarwick.com\/pl\/zapytaj-o-oferte\/\"><span style=\"display: block; transform: skew(15deg,0deg); -webkit-transform: skew(15deg,0deg); font-size: 20px; !important\">ZAPYTAJ O OFERT\u0118<\/span><\/a><\/pee>[\/et_pb_code][\/et_pb_column][\/et_pb_row][\/et_pb_section]<\/p>\n","protected":false},"excerpt":{"rendered":"<p>Piece topielne do&nbsp;metalurgii pr\u00f3\u017cniowej &nbsp; Technologie i&nbsp;urz\u0105dzenia topielne do&nbsp;metalurgii pr\u00f3\u017cniowej Urz\u0105dzenia do&nbsp;metalurgii pr\u00f3\u017cniowej Retech s\u0105&nbsp;produkowane w&nbsp;naszych plac\u00f3wkach w&nbsp;Stanach Zjednoczonych i&nbsp;Polsce, regionach o&nbsp;najwy\u017cszym zapotrzebowaniu na&nbsp;doskona\u0142e technologie do&nbsp;topienia i&nbsp;odlewania. Od&nbsp;2006, w&nbsp;wyniku do\u0142\u0105czenia do&nbsp;Grupy SECO\/WARWICK firmy zapewniamy klientom wszechstronne rozwi\u0105zania do&nbsp;topnienia i&nbsp;obr\u00f3bki cieplnej. &nbsp;[et_pb_seco_products product_1_title=&#8221;JetCaster &#8211; Indukcyjne Topienie Pr\u00f3\u017cniowe &#8221; product_1_src=&#8221;https:\/\/www.secowarwick.com\/wp-content\/uploads\/2022\/04\/JetCaster-extra-mini.jpg&#8221; product_1_alt=&#8221;JestCaster Indukcyjne Topienie Pr\u00f3\u017cniowe &#8221; product_1_button=&#8221;WI\u0118CEJ&#8221; product_1_url=&#8221;https:\/\/www.secowarwick.com\/pl\/vim-jet-caster\/&#8221; [&hellip;]<\/p>\n","protected":false},"author":9,"featured_media":87697,"parent":7110,"menu_order":0,"comment_status":"closed","ping_status":"closed","template":"","meta":{"_acf_changed":false,"_et_pb_use_builder":"on","_et_pb_old_content":"<p><strong>SECO\/WARWICK is a global leader in the supply of vacuum metallurgical processing equipment, from laboratory scale to custom engineered systems. \u00a0<\/strong>Our advanced process technologies include <strong>Plasma Arc Melting<\/strong> and<strong>Electron Beam Cold Hearth Melting<\/strong>, <strong>Vacuum Induction Melting<\/strong> and <strong>Vacuum Arc Remelting<\/strong> used for melting, refining, atomizing of casting reactive and refractory metals, super-alloys as well as rare earth metals.<\/p><p>Vacuum metallurgical equipment is manufactured globally in our facilities in Europe, US and China. \u00a0Our offices worldwide are fully staffed to provide system engineering, manufacturing and service directly to the European community.<\/p>","_et_gb_content_width":"","footnotes":""},"class_list":["post-7240","page","type-page","status-publish","has-post-thumbnail"],"acf":[],"_links":{"self":[{"href":"https:\/\/www.secowarwick.com\/pl\/wp-json\/wp\/v2\/pages\/7240","targetHints":{"allow":["GET"]}}],"collection":[{"href":"https:\/\/www.secowarwick.com\/pl\/wp-json\/wp\/v2\/pages"}],"about":[{"href":"https:\/\/www.secowarwick.com\/pl\/wp-json\/wp\/v2\/types\/page"}],"author":[{"embeddable":true,"href":"https:\/\/www.secowarwick.com\/pl\/wp-json\/wp\/v2\/users\/9"}],"replies":[{"embeddable":true,"href":"https:\/\/www.secowarwick.com\/pl\/wp-json\/wp\/v2\/comments?post=7240"}],"version-history":[{"count":18,"href":"https:\/\/www.secowarwick.com\/pl\/wp-json\/wp\/v2\/pages\/7240\/revisions"}],"predecessor-version":[{"id":186148,"href":"https:\/\/www.secowarwick.com\/pl\/wp-json\/wp\/v2\/pages\/7240\/revisions\/186148"}],"up":[{"embeddable":true,"href":"https:\/\/www.secowarwick.com\/pl\/wp-json\/wp\/v2\/pages\/7110"}],"wp:featuredmedia":[{"embeddable":true,"href":"https:\/\/www.secowarwick.com\/pl\/wp-json\/wp\/v2\/media\/87697"}],"wp:attachment":[{"href":"https:\/\/www.secowarwick.com\/pl\/wp-json\/wp\/v2\/media?parent=7240"}],"curies":[{"name":"wp","href":"https:\/\/api.w.org\/{rel}","templated":true}]}}