{"id":7264,"date":"2016-10-01T13:09:29","date_gmt":"2016-10-01T11:09:29","guid":{"rendered":"http:\/\/www.secowarwick.com\/pl\/promocja\/research-development\/"},"modified":"2025-02-04T09:49:25","modified_gmt":"2025-02-04T08:49:25","slug":"badania-i-rozwoj","status":"publish","type":"page","link":"https:\/\/www.secowarwick.com\/pl\/promocja\/badania-i-rozwoj\/","title":{"rendered":"Badania i rozw\u00f3j (R&#038;D)"},"content":{"rendered":"<p>[et_pb_section fb_built=&#8221;1&#8243; admin_label=&#8221;section&#8221; _builder_version=&#8221;4.16&#8243; global_colors_info=&#8221;{}&#8221;][et_pb_row admin_label=&#8221;row&#8221; _builder_version=&#8221;4.16&#8243; background_size=&#8221;initial&#8221; background_position=&#8221;top_left&#8221; background_repeat=&#8221;repeat&#8221; global_colors_info=&#8221;{}&#8221; column_structure=&#8221;2_3,1_3&#8243;][et_pb_column type=&#8221;2_3&#8243; _builder_version=&#8221;4.16&#8243; custom_padding=&#8221;|||&#8221; global_colors_info=&#8221;{}&#8221; custom_padding__hover=&#8221;|||&#8221;][et_pb_image src=&#8221;https:\/\/www.secowarwick.com\/wp-content\/uploads\/2016\/10\/rd.jpg&#8221; align_tablet=&#8221;center&#8221; align_last_edited=&#8221;on|desktop&#8221; _builder_version=&#8221;4.23.1&#8243; animation_style=&#8221;slide&#8221; animation_direction=&#8221;bottom&#8221; animation_duration=&#8221;500ms&#8221; animation_intensity_slide=&#8221;10%&#8221; hover_enabled=&#8221;0&#8243; animation=&#8221;bottom&#8221; sticky=&#8221;off&#8221; use_border_color=&#8221;off&#8221; border_color=&#8221;#ffffff&#8221; border_style=&#8221;solid&#8221; always_center_on_mobile=&#8221;on&#8221; global_colors_info=&#8221;{}&#8221; alt=&#8221;Badania i rozw\u00f3j (R&#038;D)&#8221; sticky_enabled=&#8221;0&#8243; align_phone=&#8221;center&#8221;][\/et_pb_image][et_pb_text _builder_version=&#8221;4.16&#8243; background_size=&#8221;initial&#8221; background_position=&#8221;top_left&#8221; background_repeat=&#8221;repeat&#8221; use_border_color=&#8221;off&#8221; border_color=&#8221;#ffffff&#8221; border_style=&#8221;solid&#8221; global_colors_info=&#8221;{}&#8221;]<\/p>\n<h2>Nauka wspiera indywidualne rozwi\u0105zania<\/h2>\n<p>Dzia\u0142 Bada\u0144 i Rozwoju SECO\/WARWICK prowadzi w\u0142asne i unikalne badania, pe\u0142ne testy metalograficzne, rozwija otrzyman\u0105 lub zakupion\u0105 technologi\u0119 a wsp\u00f3lnie z dzia\u0142ami produktowymi tworzy rozwi\u0105zania. R&amp;D szuka nowych rozwi\u0105za\u0144, analizuje zagadnienia konstrukcyjno-technologiczne czy optymalizacji proces\u00f3w oraz wdra\u017ca najnowsze zdobycze nauki i techniki. Wszystko po to, by sprawnie realizowa\u0107 indywidualne zam\u00f3wienia i jeszcze przed produkcj\u0105, sprawdzi\u0107 czy sprostaj\u0105 wymaganiom klienta i rynku.<br \/>\n[\/et_pb_text][\/et_pb_column][et_pb_column type=&#8221;1_3&#8243; _builder_version=&#8221;4.16&#8243; custom_padding=&#8221;|||&#8221; global_colors_info=&#8221;{}&#8221; custom_padding__hover=&#8221;|||&#8221;][et_pb_text _builder_version=&#8221;4.16&#8243; background_size=&#8221;initial&#8221; background_position=&#8221;top_left&#8221; background_repeat=&#8221;repeat&#8221; use_border_color=&#8221;off&#8221; global_colors_info=&#8221;{}&#8221;]Aby zdoby\u0107 wi\u0119cej informacji, zapraszamy do kontaktu:<\/p>\n<p><strong>Dorota Rabenda, Project Manager<\/strong><\/p>\n<p>Tel.: +48 68 4111 644 , Mob: +48&nbsp; 501&nbsp;649&nbsp;134<br \/>\nE-mail:&nbsp;<a href=\"mailto:dorota.rabenda@secowarwick.com\">Dorota.Rabenda@secowarwick.com<\/a><\/p>\n<p><strong>\u0141ukasz Piechowicz, PhD, Eng., Dyrektor R&amp;D<\/strong><br \/>\nTel.: +48 68 3819&nbsp;800 | mob. +48&nbsp;517&nbsp;808 410<br \/>\nE-mail:&nbsp;<a href=\"mailto:Lukasz.Piechowicz@secowarwick.com\">Lukasz.Piechowicz@secowarwick.com<\/a><br \/>\n[\/et_pb_text][\/et_pb_column][\/et_pb_row][\/et_pb_section]<\/p>\n","protected":false},"excerpt":{"rendered":"<p>Nauka wspiera indywidualne rozwi\u0105zania Dzia\u0142 Bada\u0144 i Rozwoju SECO\/WARWICK prowadzi w\u0142asne i unikalne badania, pe\u0142ne testy metalograficzne, rozwija otrzyman\u0105 lub zakupion\u0105 technologi\u0119 a wsp\u00f3lnie z dzia\u0142ami produktowymi tworzy rozwi\u0105zania. R&amp;D szuka nowych rozwi\u0105za\u0144, analizuje zagadnienia konstrukcyjno-technologiczne czy optymalizacji proces\u00f3w oraz wdra\u017ca najnowsze zdobycze nauki i techniki. Wszystko po to, by sprawnie realizowa\u0107 indywidualne zam\u00f3wienia i [&hellip;]<\/p>\n","protected":false},"author":9,"featured_media":0,"parent":7253,"menu_order":0,"comment_status":"closed","ping_status":"closed","template":"","meta":{"_acf_changed":false,"_et_pb_use_builder":"on","_et_pb_old_content":"","_et_gb_content_width":"","footnotes":""},"class_list":["post-7264","page","type-page","status-publish"],"acf":[],"_links":{"self":[{"href":"https:\/\/www.secowarwick.com\/pl\/wp-json\/wp\/v2\/pages\/7264","targetHints":{"allow":["GET"]}}],"collection":[{"href":"https:\/\/www.secowarwick.com\/pl\/wp-json\/wp\/v2\/pages"}],"about":[{"href":"https:\/\/www.secowarwick.com\/pl\/wp-json\/wp\/v2\/types\/page"}],"author":[{"embeddable":true,"href":"https:\/\/www.secowarwick.com\/pl\/wp-json\/wp\/v2\/users\/9"}],"replies":[{"embeddable":true,"href":"https:\/\/www.secowarwick.com\/pl\/wp-json\/wp\/v2\/comments?post=7264"}],"version-history":[{"count":2,"href":"https:\/\/www.secowarwick.com\/pl\/wp-json\/wp\/v2\/pages\/7264\/revisions"}],"predecessor-version":[{"id":170410,"href":"https:\/\/www.secowarwick.com\/pl\/wp-json\/wp\/v2\/pages\/7264\/revisions\/170410"}],"up":[{"embeddable":true,"href":"https:\/\/www.secowarwick.com\/pl\/wp-json\/wp\/v2\/pages\/7253"}],"wp:attachment":[{"href":"https:\/\/www.secowarwick.com\/pl\/wp-json\/wp\/v2\/media?parent=7264"}],"curies":[{"name":"wp","href":"https:\/\/api.w.org\/{rel}","templated":true}]}}