{"id":7277,"date":"2016-10-02T16:53:40","date_gmt":"2016-10-02T14:53:40","guid":{"rendered":"http:\/\/www.secowarwick.com\/pl\/promocja\/converter\/"},"modified":"2017-04-24T22:19:54","modified_gmt":"2017-04-24T20:19:54","slug":"konwerter-stali","status":"publish","type":"page","link":"https:\/\/www.secowarwick.com\/pl\/promocja\/konwerter-stali\/","title":{"rendered":"Konwerter stali"},"content":{"rendered":"<p>[et_pb_section bb_built=&#8221;1&#8243; admin_label=&#8221;section&#8221;][et_pb_row admin_label=&#8221;row&#8221;][et_pb_column type=&#8221;4_4&#8243;][et_pb_converter admin_label=&#8221;Converter&#8221; converter_title=&#8221;Skala Rockwell&#8221; converter_description=&#8221;Stal hartowana i stopy twarde&#8221; converter_type=&#8221;rockwell_1&#8243; \/][et_pb_converter admin_label=&#8221;Converter&#8221; converter_title=&#8221;Skala Rockwell&#8221; converter_description=&#8221;Mi\u0119kkie stalowe, szare i ci\u0105gliwe \u017celiwo, metale nie\u017celazne&#8221; converter_type=&#8221;rockwell_2&#8243; \/][\/et_pb_column][\/et_pb_row][\/et_pb_section]<\/p>\n","protected":false},"excerpt":{"rendered":"<p>[et_pb_converter admin_label=&#8221;Converter&#8221; converter_title=&#8221;Skala Rockwell&#8221; converter_description=&#8221;Stal hartowana i stopy twarde&#8221; converter_type=&#8221;rockwell_1&#8243; \/][et_pb_converter admin_label=&#8221;Converter&#8221; converter_title=&#8221;Skala Rockwell&#8221; converter_description=&#8221;Mi\u0119kkie stalowe, szare i ci\u0105gliwe \u017celiwo, metale nie\u017celazne&#8221; converter_type=&#8221;rockwell_2&#8243; \/]<\/p>\n","protected":false},"author":9,"featured_media":0,"parent":7253,"menu_order":0,"comment_status":"closed","ping_status":"closed","template":"","meta":{"_acf_changed":false,"_et_pb_use_builder":"on","_et_pb_old_content":"","_et_gb_content_width":"","footnotes":""},"class_list":["post-7277","page","type-page","status-publish"],"acf":[],"_links":{"self":[{"href":"https:\/\/www.secowarwick.com\/pl\/wp-json\/wp\/v2\/pages\/7277","targetHints":{"allow":["GET"]}}],"collection":[{"href":"https:\/\/www.secowarwick.com\/pl\/wp-json\/wp\/v2\/pages"}],"about":[{"href":"https:\/\/www.secowarwick.com\/pl\/wp-json\/wp\/v2\/types\/page"}],"author":[{"embeddable":true,"href":"https:\/\/www.secowarwick.com\/pl\/wp-json\/wp\/v2\/users\/9"}],"replies":[{"embeddable":true,"href":"https:\/\/www.secowarwick.com\/pl\/wp-json\/wp\/v2\/comments?post=7277"}],"version-history":[{"count":0,"href":"https:\/\/www.secowarwick.com\/pl\/wp-json\/wp\/v2\/pages\/7277\/revisions"}],"up":[{"embeddable":true,"href":"https:\/\/www.secowarwick.com\/pl\/wp-json\/wp\/v2\/pages\/7253"}],"wp:attachment":[{"href":"https:\/\/www.secowarwick.com\/pl\/wp-json\/wp\/v2\/media?parent=7277"}],"curies":[{"name":"wp","href":"https:\/\/api.w.org\/{rel}","templated":true}]}}