{"id":7288,"date":"2016-11-22T12:33:49","date_gmt":"2016-11-22T11:33:49","guid":{"rendered":"http:\/\/www.secowarwick.com\/pl\/promocja\/heat-treating-data-book\/"},"modified":"2020-12-14T20:06:07","modified_gmt":"2020-12-14T19:06:07","slug":"ksiazka-o-obrobce-cieplnej-metali","status":"publish","type":"page","link":"https:\/\/www.secowarwick.com\/pl\/promocja\/ksiazka-o-obrobce-cieplnej-metali\/","title":{"rendered":"Ksi\u0105\u017cka o obr\u00f3bce cieplnej metali"},"content":{"rendered":"<p>[et_pb_section bb_built=&#8221;1&#8243; admin_label=&#8221;section&#8221;][et_pb_row admin_label=&#8221;row&#8221; background_position=&#8221;top_left&#8221; background_repeat=&#8221;repeat&#8221; background_size=&#8221;initial&#8221;][et_pb_column type=&#8221;3_4&#8243;][et_pb_text use_border_color=&#8221;off&#8221; background_position=&#8221;top_left&#8221; background_repeat=&#8221;repeat&#8221; background_size=&#8221;initial&#8221; _builder_version=&#8221;3.6&#8243;]<\/p>\n<h2>10-ta Edycja &#8222;Heat Treating Data Book&#8221;<\/h2>\n<div id=\"attachment_44183\" style=\"width: 421px\" class=\"wp-caption alignleft\"><a href=\"https:\/\/www.secowarwick.com\/en\/tech-spotlights\/heat-treating-data-book\/\" rel=\"attachment wp-att-44183\"><img decoding=\"async\" aria-describedby=\"caption-attachment-44183\" class=\"wp-image-44183 size-full\" src=\"https:\/\/www.secowarwick.com\/wp-content\/uploads\/2016\/11\/heat_treating_data_book.jpg\" alt=\"Ksi\u0105\u017cka o obr\u00f3bce cieplnej metali\" width=\"411\" height=\"592\" srcset=\"https:\/\/www.secowarwick.com\/wp-content\/uploads\/2016\/11\/heat_treating_data_book.jpg 411w, https:\/\/www.secowarwick.com\/wp-content\/uploads\/2016\/11\/heat_treating_data_book-104x150.jpg 104w, https:\/\/www.secowarwick.com\/wp-content\/uploads\/2016\/11\/heat_treating_data_book-208x300.jpg 208w\" sizes=\"(max-width: 411px) 100vw, 411px\" \/><\/a><p id=\"caption-attachment-44183\" class=\"wp-caption-text\">Ksi\u0105\u017cka o obr\u00f3bce cieplnej metali SECO\/WARWICK<\/p><\/div>\n<h3><a href=\"https:\/\/www.secowarwick.com\/en\/promocja\/heat-treating-data-book\/heat_treating_data_book-2\/\" rel=\"attachment wp-att-44183\">Ksi\u0105\u017cka o obr\u00f3bce cieplnej metali<\/a><\/h3>\n<p>&#8222;Heat Treating Data Book&#8221; SECO\/WARWICK zawiera informacje na temat <a href=\"https:\/\/www.secowarwick.com\/pl\/profesjonalne-uslugi-serwisowe\/\">obr\u00f3bki cieplnej metali<\/a>. Jej zadaniem nie jest dostarczenie tekstu, a raczej zbioru cz\u0119sto u\u017cywanych danych do wykorzystania przez osoby zainteresowane technologi\u0105 obr\u00f3bki cieplnej.<\/p>\n<p>Publikacja zawiera informacje \u017ar\u00f3d\u0142owe dla poszczeg\u00f3lnych gatunk\u00f3w stali, aluminium i atmosfer ochronnych powszechnie stosowanych w obr\u00f3bce cieplnej wraz z wykresami, tabelami i prostymi obliczeniami dotycz\u0105cymi szerokiego zakresu atmosferycznych i pr\u00f3\u017cniowych technik obr\u00f3bki cieplnej.<\/p>\n<p>&#8222;HTDB&#8221; jest opublikowana zar\u00f3wno w formie drukowanej, jak i elektronicznej, aby dostarczy\u0107 studentom, operatorom piec\u00f3w, in\u017cynierom hartowni, metalurgom oraz konstruktorom szybkich odno\u015bnik\u00f3w do danych przemys\u0142owych, kt\u00f3re nasi klienci \u2013 hartownicy komercyjni i zak\u0142adowi \u2013 uwa\u017caj\u0105 za u\u017cyteczne.<\/p>\n<p>Je\u015bli zaoszcz\u0119dzisz sw\u00f3j czas, uznamy, \u017ce nasza publikacja spe\u0142nia sw\u00f3j cel.<\/p>\n<p>&nbsp;<\/p>\n<h3>Co nowego w tym wydaniu?<\/h3>\n<p>Wi\u0119cej danych na temat technologii <a href=\"https:\/\/www.secowarwick.com\/pl\/produkty\/piece-prozniowe\/\">przemys\u0142owych piec\u00f3w pr\u00f3\u017cniowych<\/a>, redukuj\u0105cej czas cyklu i zu\u017cycia.<\/p>\n<p>[\/et_pb_text][\/et_pb_column][et_pb_column type=&#8221;1_4&#8243;][et_pb_selected_documents module_title=&#8221;Free download&#8221;][et_pb_document post_id=&#8221;17005&#8243; title=&#8221;Heat Treating Data Book&#8221; \/][\/et_pb_selected_documents][\/et_pb_column][\/et_pb_row][\/et_pb_section]<\/p>\n","protected":false},"excerpt":{"rendered":"<p>10-ta Edycja &#8222;Heat Treating Data Book&#8221; Ksi\u0105\u017cka o obr\u00f3bce cieplnej metali &#8222;Heat Treating Data Book&#8221; SECO\/WARWICK zawiera informacje na temat obr\u00f3bki cieplnej metali. Jej zadaniem nie jest dostarczenie tekstu, a raczej zbioru cz\u0119sto u\u017cywanych danych do wykorzystania przez osoby zainteresowane technologi\u0105 obr\u00f3bki cieplnej. Publikacja zawiera informacje \u017ar\u00f3d\u0142owe dla poszczeg\u00f3lnych gatunk\u00f3w stali, aluminium i atmosfer ochronnych [&hellip;]<\/p>\n","protected":false},"author":2,"featured_media":0,"parent":7253,"menu_order":0,"comment_status":"closed","ping_status":"closed","template":"","meta":{"_acf_changed":false,"_et_pb_use_builder":"on","_et_pb_old_content":"","_et_gb_content_width":"","footnotes":""},"class_list":["post-7288","page","type-page","status-publish"],"acf":[],"_links":{"self":[{"href":"https:\/\/www.secowarwick.com\/pl\/wp-json\/wp\/v2\/pages\/7288","targetHints":{"allow":["GET"]}}],"collection":[{"href":"https:\/\/www.secowarwick.com\/pl\/wp-json\/wp\/v2\/pages"}],"about":[{"href":"https:\/\/www.secowarwick.com\/pl\/wp-json\/wp\/v2\/types\/page"}],"author":[{"embeddable":true,"href":"https:\/\/www.secowarwick.com\/pl\/wp-json\/wp\/v2\/users\/2"}],"replies":[{"embeddable":true,"href":"https:\/\/www.secowarwick.com\/pl\/wp-json\/wp\/v2\/comments?post=7288"}],"version-history":[{"count":0,"href":"https:\/\/www.secowarwick.com\/pl\/wp-json\/wp\/v2\/pages\/7288\/revisions"}],"up":[{"embeddable":true,"href":"https:\/\/www.secowarwick.com\/pl\/wp-json\/wp\/v2\/pages\/7253"}],"wp:attachment":[{"href":"https:\/\/www.secowarwick.com\/pl\/wp-json\/wp\/v2\/media?parent=7288"}],"curies":[{"name":"wp","href":"https:\/\/api.w.org\/{rel}","templated":true}]}}