{"id":73393,"date":"2019-07-25T14:43:56","date_gmt":"2019-07-25T12:43:56","guid":{"rendered":"http:\/\/www.secowarwick.com\/?page_id=73393"},"modified":"2026-02-11T16:31:48","modified_gmt":"2026-02-11T15:31:48","slug":"piec-do-prob-ogniowych","status":"publish","type":"page","link":"https:\/\/www.secowarwick.com\/pl\/produkty\/piece-do-obrobki-cieplnej-metali-w-atmosferach-atm\/piec-do-prob-ogniowych\/","title":{"rendered":"Piece laboratoryjne do testowania ognioodporno\u015bci"},"content":{"rendered":"<p>[et_pb_section fb_built=&#8221;1&#8243; _builder_version=&#8221;4.16&#8243; global_colors_info=&#8221;{}&#8221;][et_pb_row _builder_version=&#8221;4.16&#8243; background_size=&#8221;initial&#8221; background_position=&#8221;top_left&#8221; background_repeat=&#8221;repeat&#8221; global_colors_info=&#8221;{}&#8221;][et_pb_column type=&#8221;4_4&#8243; _builder_version=&#8221;4.16&#8243; custom_padding=&#8221;|||&#8221; global_colors_info=&#8221;{}&#8221; custom_padding__hover=&#8221;|||&#8221;][et_pb_image src=&#8221;https:\/\/www.secowarwick.com\/wp-content\/uploads\/2021\/05\/slider-FTR.jpg&#8221; alt=&#8221;Piece laboratoryjne do testowania ognioodporno\u015bci&#8221; title_text=&#8221;Piece laboratoryjne do testowania ognioodporno\u015bci&#8221; align_tablet=&#8221;center&#8221; align_phone=&#8221;&#8221; align_last_edited=&#8221;on|desktop&#8221; _builder_version=&#8221;4.16&#8243; global_colors_info=&#8221;{}&#8221;][\/et_pb_image][\/et_pb_column][\/et_pb_row][\/et_pb_section][et_pb_section fb_built=&#8221;1&#8243; admin_label=&#8221;section&#8221; _builder_version=&#8221;4.16&#8243; custom_padding=&#8221;25px|||&#8221; transparent_background=&#8221;off&#8221; make_fullwidth=&#8221;off&#8221; use_custom_width=&#8221;off&#8221; width_unit=&#8221;on&#8221; global_colors_info=&#8221;{}&#8221;][et_pb_row column_structure=&#8221;3_4,1_4&#8243; admin_label=&#8221;row&#8221; _builder_version=&#8221;4.16&#8243; background_size=&#8221;initial&#8221; background_position=&#8221;top_left&#8221; background_repeat=&#8221;repeat&#8221; custom_margin=&#8221;0px|||&#8221; custom_padding=&#8221;0px|||&#8221; make_fullwidth=&#8221;off&#8221; use_custom_width=&#8221;off&#8221; width_unit=&#8221;on&#8221; global_colors_info=&#8221;{}&#8221;][et_pb_column type=&#8221;3_4&#8243; _builder_version=&#8221;4.16&#8243; custom_padding=&#8221;|||&#8221; global_colors_info=&#8221;{}&#8221; custom_padding__hover=&#8221;|||&#8221;][et_pb_breadcrumbs _builder_version=&#8221;4.10.3&#8243; _module_preset=&#8221;default&#8221; global_colors_info=&#8221;{}&#8221;][\/et_pb_breadcrumbs][et_pb_text _builder_version=&#8221;4.23.1&#8243; global_colors_info=&#8221;{}&#8221;]<\/p>\n<h1 class=\"western\">Piece laboratoryjne do\u00a0testowania ognioodporno\u015bci<\/h1>\n<p><strong>Piece laboratoryjne do\u00a0testowania ognioodporno\u015bci<\/strong> w\u00a0r\u00f3\u017cnych konfiguracjach (poziomej, pionowej lub \u0142\u0105czonej), przeznaczone do\u00a0test\u00f3w ognioodporno\u015bci dla sufit\u00f3w podwieszanych, wizjer\u00f3w, \u015bcian, kolumn itp., s\u0105\u00a0projektowane zgodnie z\u00a0okre\u015blonymi krzywymi ogrzewania.<\/p>\n<p>[\/et_pb_text][et_pb_tabs module_class=&#8221;red-tabs eco-tab6&#8243; _builder_version=&#8221;4.23.1&#8243; custom_css_main_element=&#8221;margin-top: 2rem;||margin-bottom: 2rem;&#8221; global_colors_info=&#8221;{}&#8221;][et_pb_tab title=&#8221;Opis&#8221; _builder_version=&#8221;4.23.1&#8243; global_colors_info=&#8221;{}&#8221;]<\/p>\n<p class=\"western\">Stojaki do\u00a0laboratoryjnych piec\u00f3w komorowych to\u00a0optymalne rozwi\u0105zanie do\u00a0przeprowadzania test\u00f3w ognioodporno\u015bci konstrukcji budowlanych i\u00a0okr\u0119towych, komponent\u00f3w poziomych i\u00a0pionowych, a\u00a0tak\u017ce sejf\u00f3w. Praca pieca jest w\u00a0pe\u0142ni zautomatyzowana, kontrolowana przez\u00a0PLC (programowalny kontroler logiczny), kt\u00f3ry\u00a0symuluje przebieg po\u017caru i\u00a0zapewnia du\u017c\u0105 elastyczno\u015b\u0107 pod\u00a0wzgl\u0119dem adaptacji do\u00a0szybkich i\u00a0skutecznych zmian w\u00a0parametrach danego badania.<\/p>\n<p class=\"western\">Warta podkre\u015blenia jest elastyczno\u015b\u0107 komory do\u00a0testowania ognioodporno\u015bci (tj.\u00a0zdolno\u015b\u0107 do\u00a0szybkiej i\u00a0skutecznej adaptacji do\u00a0typu badania). Urz\u0105dzenie jest wyposa\u017cone w\u00a0wizjery do\u00a0obserwowania zachowania elementu testowego wewn\u0105trz komory testowej, jak r\u00f3wnie\u017c w\u00a0system wizualizacji, archiwizacji i\u00a0raportowania danych, umo\u017cliwiaj\u0105cy symulacj\u0119 statycznych i\u00a0dynamicznych obci\u0105\u017ce\u0144 w\u00a0trakcie test\u00f3w ogniowych.<\/p>\n<p class=\"western\">Rozwi\u0105zania techniczne piec\u00f3w SECO\/WARWICK umo\u017cliwiaj\u0105 realizacj\u0119 konkretnych test\u00f3w ognioodporno\u015bci wszystkich konstrukcji. Urz\u0105dzenia mog\u0105 tak\u017ce zosta\u0107 dostosowane do\u00a0konkretnych potrzeb i\u00a0wymaga\u0144 naszych klient\u00f3w. R\u00f3\u017cnorodno\u015b\u0107 wymaga\u0144 klient\u00f3w wymusza konieczno\u015b\u0107 stosowania konstrukcji sprz\u0119tu, kt\u00f3ra\u00a0zapewni przeprowadzanie procesu w\u00a0spos\u00f3b gwarantuj\u0105cy maksymaln\u0105 elastyczno\u015b\u0107.<\/p>\n<p>[\/et_pb_tab][et_pb_tab title=&#8221;Cechy&#8221; _builder_version=&#8221;4.23.1&#8243; global_colors_info=&#8221;{}&#8221;]<\/p>\n<p><strong><span style=\"color: #e41300;\">\/ <\/span><\/strong>Elastyczno\u015b\u0107, umiej\u0119tno\u015b\u0107 szybkiego i&nbsp;skutecznego dostosowywania si\u0119 do&nbsp;rodzaju parametr\u00f3w danego badania<br \/><strong><span style=\"color: #e41300;\">\/<\/span><\/strong> Wizjer obserwuj\u0105cy zachowanie elementu testowego wewn\u0105trz komory testowej, wizualizacj\u0119, archiwizacj\u0119 danych i&nbsp;system raportowania, umo\u017cliwiaj\u0105cy symulacj\u0119 obci\u0105\u017cenia statycznego i&nbsp;dynamicznego podczas pr\u00f3b ogniowych<br \/><strong><span style=\"color: #e41300;\">\/<\/span><\/strong> W&nbsp;pe\u0142ni zautomatyzowany (kontrolowany przez&nbsp;PLC programowalny kontroler logiczny) symuluj\u0105cy przebieg po\u017caru<br \/><strong><span style=\"color: #e41300;\">\/<\/span><\/strong> Wyposa\u017cony w&nbsp;system oczyszczania gaz\u00f3w odlotowych<br \/><strong><span style=\"color: #e41300;\">\/<\/span><\/strong> Symulacja kontrolowanego \u017ar\u00f3d\u0142a ognia s\u0142u\u017c\u0105ca do&nbsp;badania odporno\u015bci ogniowej pionowych i&nbsp;poziomych element\u00f3w konstrukcji budowlanych w&nbsp;temperaturze do&nbsp;1250\u00b0C<\/p>\n<h3>Odporno\u015b\u0107 ogniowa:<\/h3>\n<p><strong><span style=\"color: #e32914;\">\/<\/span><\/strong> Element\u00f3w nieno\u015bnych<br \/><strong><span style=\"color: #e32914;\">\/<\/span><\/strong> Element\u00f3w no\u015bnych<br \/><strong><span style=\"color: #e41300;\">\/<\/span><\/strong> Element\u00f3w instalacji<br \/><strong><span style=\"color: #e41300;\">\/<\/span><\/strong> Drzwi i&nbsp;okiennic<br \/><strong><span style=\"color: #e41300;\">\/<\/span><\/strong> Strop\u00f3w, pok\u0142ad\u00f3w i&nbsp;grodzi statk\u00f3w<br \/><strong><span style=\"color: #e41300;\">\/<\/span><\/strong> Szaf wykorzystywanych do&nbsp;przechowywania dokument\u00f3w, no\u015bnik\u00f3w danych innych cennych rzeczy i&nbsp;cieczy \u0142atwopalnych<\/p>\n<p>[\/et_pb_tab][et_pb_tab title=&#8221;Zalety&#8221; _builder_version=&#8221;4.23.1&#8243; global_colors_info=&#8221;{}&#8221;]<\/p>\n<p class=\"western\"><strong><span style=\"color: #e41300;\">\/<\/span><\/strong> Automatyczne i&nbsp;r\u0119czne sterowanie<br \/><strong><span style=\"color: #e41300;\">\/<\/span><\/strong> Maksymalne wykorzystanie stanowisk badawczych<br \/><strong><span style=\"color: #e41300;\">\/<\/span><\/strong> Zdolno\u015b\u0107 do&nbsp;szybkiego i&nbsp;skutecznego dostosowywania si\u0119 do&nbsp;r\u00f3\u017cnych rodzaj\u00f3w bada\u0144<br \/><strong><span style=\"color: #e41300;\">\/<\/span><\/strong> Stanowiska badawcze z&nbsp;du\u017cym czytelnym wy\u015bwietlaczem pokazuj\u0105cym aktualny czas, stoper, numer danych test\u00f3w<br \/><strong><span style=\"color: #e41300;\">\/<\/span><\/strong> Sygnalizacja alarmu<br \/><strong><span style=\"color: #e41300;\">\/<\/span><\/strong> Daszki obserwuj\u0105ce zachowanie badanego przedmiotu w&nbsp;komorze testowej<br \/><strong><span style=\"color: #e41300;\">\/<\/span><\/strong> Wizualizacja, archiwizacja i&nbsp;raportowanie systemu danych<br \/><strong><span style=\"color: #e41300;\">\/<\/span><\/strong> System bezpiecze\u0144stwa wy\u0142\u0105czaj\u0105cy system ogrzewania<\/p>\n<p>[\/et_pb_tab][et_pb_tab title=&#8221;Procesy&#8221; _builder_version=&#8221;4.23.1&#8243; global_colors_info=&#8221;{}&#8221;]<\/p>\n<p class=\"western\"><strong><span style=\"color: #dc291e;\">\/<\/span><\/strong> Ogrzewanie gazowe<\/p>\n<p>[\/et_pb_tab][et_pb_tab title=&#8221;Przemys\u0142y&#8221; _builder_version=&#8221;4.23.1&#8243; global_colors_info=&#8221;{}&#8221;]<\/p>\n<p><strong><span style=\"color: #dc291e;\">\/<\/span><\/strong> Motoryzacja<br \/><strong><span style=\"color: #dc291e;\">\/<\/span><\/strong> Przemys\u0142 morski<br \/><strong><span style=\"color: #dc291e;\">\/<\/span><\/strong> Przemys\u0142 budowlany<\/p>\n<p>[\/et_pb_tab][et_pb_tab title=&#8221;Materia\u0142y&#8221; _builder_version=&#8221;4.23.1&#8243; global_colors_info=&#8221;{}&#8221;]<\/p>\n<p><span style=\"color: #e30f00;\"><strong>\/<\/strong><\/span> Materia\u0142y budowlane<br \/><span style=\"color: #e30f00;\"><strong>\/<\/strong><\/span> Elementy konstrukcji<\/p>\n<p>[\/et_pb_tab][et_pb_tab title=&#8221; &#8221; _builder_version=&#8221;4.23.1&#8243; _module_preset=&#8221;default&#8221; global_colors_info=&#8221;{}&#8221;]<\/p>\n<p><strong><span style=\"color: #dc291e;\">\/<\/span><\/strong> Zewn\u0119trzny system oczyszczania<br \/><strong><span style=\"color: #dc291e;\">\/<\/span><\/strong> W&nbsp;trakcie projektowania analizowany jest aspekt akumulacyjno\u015bci cieplnej urz\u0105dzenia, ograniczaj\u0105cy straty cieplne<\/p>\n<p>[\/et_pb_tab][\/et_pb_tabs][et_pb_code _builder_version=&#8221;4.10.3&#8243; _module_preset=&#8221;default&#8221; global_module=&#8221;123769&#8243; saved_tabs=&#8221;all&#8221; global_colors_info=&#8221;{}&#8221;]<!-- [et_pb_line_break_holder] --><pee style=\"text-align: center;\"><a class=\"small-button smallred\" style=\"font-size: 20px; padding: 20px 60px;\" href=\"https:\/\/www.secowarwick.com\/pl\/zapytaj-o-oferte\/\"><span style=\"display: block; transform: skew(15deg,0deg); -webkit-transform: skew(15deg,0deg); font-size: 20px; !important\">ZAPYTAJ O OFERT\u0118<\/span><\/a><\/pee>[\/et_pb_code][\/et_pb_column][et_pb_column type=&#8221;1_4&#8243; _builder_version=&#8221;4.16&#8243; custom_padding=&#8221;|||&#8221; global_colors_info=&#8221;{}&#8221; custom_padding__hover=&#8221;|||&#8221;][et_pb_gallery gallery_ids=&#8221;112171,112185,81452,112178,81466,112192,112199&#8243; posts_number=&#8221;1&#8243; show_title_and_caption=&#8221;off&#8221; show_pagination=&#8221;off&#8221; zoom_icon_color=&#8221;#e2001a&#8221; module_class=&#8221;seco-products-gallery-new&#8221; _builder_version=&#8221;4.16&#8243; custom_css_overlay_icon=&#8221;content:&#8217;ZOBACZ GALERI\u0118&#8217; !important;&#8221; global_colors_info=&#8221;{}&#8221;][\/et_pb_gallery][et_pb_text admin_label=&#8221;btn_pl_premiumlibrary&#8221; module_class=&#8221;premium-library-button&#8221; _builder_version=&#8221;4.23.1&#8243; _module_preset=&#8221;default&#8221; text_orientation=&#8221;center&#8221; global_module=&#8221;157169&#8243; saved_tabs=&#8221;all&#8221; locked=&#8221;off&#8221; global_colors_info=&#8221;{}&#8221;]<\/p>\n<a href='https:\/\/www.secowarwick.com\/pl\/trescipremium\/' class='small-button smallred'><span>TRE\u015aCI PREMIUM<\/span><\/a>\n<p>[\/et_pb_text][et_pb_text admin_label=&#8221;R&#038;D PL&#8221; module_class=&#8221;product_widget_wrap_rd&#8221; _builder_version=&#8221;4.23.1&#8243; _module_preset=&#8221;default&#8221; text_orientation=&#8221;center&#8221; global_module=&#8221;165497&#8243; saved_tabs=&#8221;all&#8221; locked=&#8221;off&#8221; global_colors_info=&#8221;{}&#8221;]<\/p>\n<p><a href=\"https:\/\/www.secowarwick.com\/pl\/rd\/\"><span class=\"product_wigtet_name\">R&amp;D<\/span><\/a><\/p>\n<p>[\/et_pb_text][et_pb_text admin_label=&#8221;AUTOMATYKA PL&#8221; module_class=&#8221;product_widget_wrap_automation&#8221; _builder_version=&#8221;4.23.1&#8243; _module_preset=&#8221;default&#8221; global_module=&#8221;165495&#8243; saved_tabs=&#8221;all&#8221; locked=&#8221;off&#8221; global_colors_info=&#8221;{}&#8221;]<\/p>\n<p><a href=\"https:\/\/www.secowarwick.com\/pl\/service\/automatyka\/\"><span class=\"product_wigtet_name\">AUTOMATYKA<\/span><\/a><\/p>\n<p>[\/et_pb_text][et_pb_text admin_label=&#8221;SERVICE PL&#8221; module_class=&#8221;product_widget_wrap_service&#8221; _builder_version=&#8221;4.23.1&#8243; _module_preset=&#8221;default&#8221; global_module=&#8221;165500&#8243; saved_tabs=&#8221;all&#8221; locked=&#8221;off&#8221; global_colors_info=&#8221;{}&#8221;]<\/p>\n<p><a href=\"https:\/\/www.secowarwick.com\/pl\/profesjonalne-uslugi-serwisowe\/\"><span class=\"product_wigtet_name\">SERWIS<\/span><\/a><\/p>\n<p>[\/et_pb_text][et_pb_text admin_label=&#8221;SUPLEMENTALS PL&#8221; module_class=&#8221;product_widget_wrap_supleme&#8221; _builder_version=&#8221;4.23.1&#8243; _module_preset=&#8221;default&#8221; global_module=&#8221;165502&#8243; saved_tabs=&#8221;all&#8221; locked=&#8221;off&#8221; global_colors_info=&#8221;{}&#8221;]<\/p>\n<p><span class=\"product_wigtet_name\">DODATKOWE:<\/span><\/p>\n<p>[\/et_pb_text][et_pb_text admin_label=&#8221;Product brochure&#8221; module_class=&#8221;suplementals_product_brochure suplementals_wrap&#8221; _builder_version=&#8221;4.23.1&#8243; _module_preset=&#8221;default&#8221; hover_enabled=&#8221;0&#8243; locked=&#8221;off&#8221; global_colors_info=&#8221;{}&#8221; sticky_enabled=&#8221;0&#8243;]<\/p>\n<p><a href=\"https:\/\/www.secowarwick.com\/wp-content\/uploads\/2025\/11\/ATM-FIRE-RESISTANCE-TEST-FURNACES-WWW.pdf\" target=\"_blank\" rel=\"noopener\" class=\"ga4_product_widget_brochure\">Broszura produktu<\/a><\/p>\n<p>[\/et_pb_text][et_pb_text admin_label=&#8221;Product infographic&#8221; module_class=&#8221;suplementals_product_infographic suplementals_wrap&#8221; _builder_version=&#8221;4.23.1&#8243; _module_preset=&#8221;default&#8221; hover_enabled=&#8221;0&#8243; locked=&#8221;off&#8221; global_colors_info=&#8221;{}&#8221; sticky_enabled=&#8221;0&#8243;]<\/p>\n<p><a href=\"https:\/\/www.secowarwick.com\/wp-content\/uploads\/2023\/06\/Fire-Resistance.jpg\" target=\"_blank\" rel=\"noopener\" class=\"ga4_product_widget_catalogue\">Infografika produktu<\/a><\/p>\n<p>[\/et_pb_text][et_pb_text admin_label=&#8221;Product movie playlista&#8221; module_class=&#8221;suplementals_product_movie suplementals_wrap&#8221; _builder_version=&#8221;4.23.1&#8243; _module_preset=&#8221;default&#8221; global_module=&#8221;169535&#8243; saved_tabs=&#8221;all&#8221; locked=&#8221;off&#8221; global_colors_info=&#8221;{}&#8221;]<\/p>\n<p><a href=\"https:\/\/www.youtube.com\/playlist?list=PLa0hhW_hoQqEsIHM5LQtr9h_9UlwGFBO8\" target=\"_blank\" rel=\"noopener\">Film produktowy<\/a><\/p>\n<p>[\/et_pb_text][et_pb_text admin_label=&#8221;dnabook-pl&#8221; module_class=&#8221;suplementals_product_dna suplementals_wrap&#8221; _builder_version=&#8221;4.23.1&#8243; _module_preset=&#8221;default&#8221; global_module=&#8221;165509&#8243; saved_tabs=&#8221;all&#8221; locked=&#8221;off&#8221; global_colors_info=&#8221;{}&#8221;]<\/p>\n<p><a href=\"https:\/\/www.secowarwick.com\/wp-content\/uploads\/2025\/07\/DNA_BOOK.pdf\" target=\"_blank\" rel=\"noopener\">DNA\/BOOK<\/a><\/p>\n<p>[\/et_pb_text][et_pb_text admin_label=&#8221;ECO\/BOOK-pl&#8221; module_class=&#8221;suplementals_product_eco suplementals_wrap&#8221; _builder_version=&#8221;4.23.1&#8243; _module_preset=&#8221;default&#8221; global_module=&#8221;165511&#8243; saved_tabs=&#8221;all&#8221; locked=&#8221;off&#8221; global_colors_info=&#8221;{}&#8221;]<\/p>\n<p><a href=\"https:\/\/www.secowarwick.com\/wp-content\/uploads\/2023\/06\/ECOBOOK-2-1.pdf\" target=\"_blank\" rel=\"noopener\">ECO\/BOOK<\/a><\/p>\n<p>[\/et_pb_text][et_pb_text admin_label=&#8221;RFQ product widget pl&#8221; module_class=&#8221;product_widget_wrap_rfq-en&#8221; _builder_version=&#8221;4.23.1&#8243; _module_preset=&#8221;default&#8221; global_module=&#8221;186180&#8243; saved_tabs=&#8221;all&#8221; locked=&#8221;off&#8221; global_colors_info=&#8221;{}&#8221;]<\/p>\n<p style=\"text-align: center;\"><a class=\"small-button smallred rfq-gtm-product-widget\" href=\"https:\/\/www.secowarwick.com\/pl\/zapytaj-o-oferte\/\"><span class=\"product_wigtet_name\">ZAPYTAJ O&nbsp;OFERT\u0118<\/span><\/a><\/p>\n<p>[\/et_pb_text][\/et_pb_column][\/et_pb_row][\/et_pb_section]<\/p>\n","protected":false},"excerpt":{"rendered":"<p>[et_pb_breadcrumbs _builder_version=&#8221;4.10.3&#8243; _module_preset=&#8221;default&#8221; global_colors_info=&#8221;{}&#8221;][\/et_pb_breadcrumbs]Piece laboratoryjne do\u00a0testowania ognioodporno\u015bci Piece laboratoryjne do\u00a0testowania ognioodporno\u015bci w\u00a0r\u00f3\u017cnych konfiguracjach (poziomej, pionowej lub \u0142\u0105czonej), przeznaczone do\u00a0test\u00f3w ognioodporno\u015bci dla sufit\u00f3w podwieszanych, wizjer\u00f3w, \u015bcian, kolumn itp., s\u0105\u00a0projektowane zgodnie z\u00a0okre\u015blonymi krzywymi ogrzewania.Stojaki do\u00a0laboratoryjnych piec\u00f3w komorowych to\u00a0optymalne rozwi\u0105zanie do\u00a0przeprowadzania test\u00f3w ognioodporno\u015bci konstrukcji budowlanych i\u00a0okr\u0119towych, komponent\u00f3w poziomych i\u00a0pionowych, a\u00a0tak\u017ce sejf\u00f3w. Praca pieca jest w\u00a0pe\u0142ni zautomatyzowana, kontrolowana przez\u00a0PLC [&hellip;]<\/p>\n","protected":false},"author":2,"featured_media":116544,"parent":7141,"menu_order":0,"comment_status":"closed","ping_status":"closed","template":"","meta":{"_acf_changed":false,"_et_pb_use_builder":"on","_et_pb_old_content":"","_et_gb_content_width":"","footnotes":""},"class_list":["post-73393","page","type-page","status-publish","has-post-thumbnail"],"acf":[],"_links":{"self":[{"href":"https:\/\/www.secowarwick.com\/pl\/wp-json\/wp\/v2\/pages\/73393","targetHints":{"allow":["GET"]}}],"collection":[{"href":"https:\/\/www.secowarwick.com\/pl\/wp-json\/wp\/v2\/pages"}],"about":[{"href":"https:\/\/www.secowarwick.com\/pl\/wp-json\/wp\/v2\/types\/page"}],"author":[{"embeddable":true,"href":"https:\/\/www.secowarwick.com\/pl\/wp-json\/wp\/v2\/users\/2"}],"replies":[{"embeddable":true,"href":"https:\/\/www.secowarwick.com\/pl\/wp-json\/wp\/v2\/comments?post=73393"}],"version-history":[{"count":14,"href":"https:\/\/www.secowarwick.com\/pl\/wp-json\/wp\/v2\/pages\/73393\/revisions"}],"predecessor-version":[{"id":189487,"href":"https:\/\/www.secowarwick.com\/pl\/wp-json\/wp\/v2\/pages\/73393\/revisions\/189487"}],"up":[{"embeddable":true,"href":"https:\/\/www.secowarwick.com\/pl\/wp-json\/wp\/v2\/pages\/7141"}],"wp:featuredmedia":[{"embeddable":true,"href":"https:\/\/www.secowarwick.com\/pl\/wp-json\/wp\/v2\/media\/116544"}],"wp:attachment":[{"href":"https:\/\/www.secowarwick.com\/pl\/wp-json\/wp\/v2\/media?parent=73393"}],"curies":[{"name":"wp","href":"https:\/\/api.w.org\/{rel}","templated":true}]}}