{"id":7385,"date":"2016-11-22T11:23:28","date_gmt":"2016-11-22T10:23:28","guid":{"rendered":"http:\/\/www.secowarwick.com\/pl\/produkty\/steel-production-furnaces-reheat-and-annealing\/"},"modified":"2020-07-28T14:30:54","modified_gmt":"2020-07-28T12:30:54","slug":"piece-do-obrobki-cieplnej-stali","status":"publish","type":"page","link":"https:\/\/www.secowarwick.com\/pl\/produkty\/piece-do-obrobki-cieplnej-stali\/","title":{"rendered":"Piece do produkcji stali \u2013 ponowne nagrzewanie i wy\u017carzanie (ATM)"},"content":{"rendered":"<p>[et_pb_section bb_built=&#8221;1&#8243; transparent_background=&#8221;on&#8221; background_color=&#8221;rgba(255,255,255,0)&#8221; allow_player_pause=&#8221;off&#8221; inner_shadow=&#8221;off&#8221; parallax=&#8221;off&#8221; parallax_method=&#8221;off&#8221; custom_padding=&#8221;0px||5px|&#8221; padding_mobile=&#8221;off&#8221; make_fullwidth=&#8221;off&#8221; use_custom_width=&#8221;off&#8221; width_unit=&#8221;on&#8221; custom_width_px=&#8221;1080px&#8221; custom_width_percent=&#8221;80%&#8221; make_equal=&#8221;off&#8221; use_custom_gutter=&#8221;off&#8221; fullwidth=&#8221;off&#8221; specialty=&#8221;off&#8221; disabled=&#8221;off&#8221; custom_padding_tablet=&#8221;50px|0|50px|0&#8243; custom_padding_last_edited=&#8221;on|desktop&#8221; next_background_color=&#8221;#f9f9f9&#8243;][et_pb_row make_fullwidth=&#8221;off&#8221; use_custom_width=&#8221;off&#8221; width_unit=&#8221;on&#8221; custom_width_px=&#8221;1080px&#8221; custom_width_percent=&#8221;80%&#8221; use_custom_gutter=&#8221;off&#8221; gutter_width=&#8221;3&#8243; custom_padding=&#8221;0px||5px|&#8221; padding_mobile=&#8221;off&#8221; custom_margin=&#8221;||0px|&#8221; allow_player_pause=&#8221;off&#8221; parallax=&#8221;off&#8221; parallax_method=&#8221;off&#8221; make_equal=&#8221;off&#8221; column_padding_mobile=&#8221;on&#8221; parallax_1=&#8221;off&#8221; parallax_method_1=&#8221;off&#8221; parallax_2=&#8221;off&#8221; parallax_method_2=&#8221;on&#8221; parallax_3=&#8221;off&#8221; parallax_method_3=&#8221;on&#8221; parallax_4=&#8221;off&#8221; parallax_method_4=&#8221;on&#8221; disabled=&#8221;off&#8221; background_position=&#8221;top_left&#8221; background_repeat=&#8221;repeat&#8221; background_size=&#8221;initial&#8221;][et_pb_column type=&#8221;4_4&#8243;][et_pb_slider show_arrows=&#8221;on&#8221; show_pagination=&#8221;on&#8221; auto=&#8221;on&#8221; auto_speed=&#8221;4500&#8243; auto_ignore_hover=&#8221;off&#8221; parallax=&#8221;off&#8221; parallax_method=&#8221;off&#8221; remove_inner_shadow=&#8221;on&#8221; background_position=&#8221;default&#8221; background_size=&#8221;default&#8221; hide_content_on_mobile=&#8221;off&#8221; hide_cta_on_mobile=&#8221;off&#8221; show_image_video_mobile=&#8221;off&#8221; custom_button=&#8221;off&#8221; button_letter_spacing=&#8221;0&#8243; button_use_icon=&#8221;default&#8221; button_icon_placement=&#8221;right&#8221; button_on_hover=&#8221;off&#8221; button_letter_spacing_hover=&#8221;0&#8243; disabled=&#8221;off&#8221; custom_padding=&#8221;|||&#8221; custom_padding_tablet=&#8221;|||&#8221; custom_padding_phone=&#8221;|||&#8221; show_inner_shadow=&#8221;off&#8221; show_content_on_mobile=&#8221;on&#8221; show_cta_on_mobile=&#8221;on&#8221; box_shadow_horizontal=&#8221;0px&#8221; box_shadow_vertical=&#8221;0px&#8221; box_shadow_blur=&#8221;10px&#8221; box_shadow_spread=&#8221;0px&#8221; box_shadow_position=&#8221;inner&#8221; box_shadow_color=&#8221;rgba(0,0,0,0.1)&#8221; box_shadow_style=&#8221;none&#8221;][et_pb_slide background_image=&#8221;https:\/\/www.secowarwick.com\/wp-content\/uploads\/2016\/11\/Tip-Up.jpg&#8221; background_position=&#8221;default&#8221; background_size=&#8221;default&#8221; background_color=&#8221;#ffffff&#8221; use_bg_overlay=&#8221;off&#8221; use_text_overlay=&#8221;off&#8221; alignment=&#8221;center&#8221; background_layout=&#8221;dark&#8221; allow_player_pause=&#8221;off&#8221; text_border_radius=&#8221;3&#8243; header_font_select=&#8221;default&#8221; header_font=&#8221;||||&#8221; body_font_select=&#8221;default&#8221; body_font=&#8221;||||&#8221; custom_button=&#8221;off&#8221; button_font_select=&#8221;default&#8221; button_font=&#8221;||||&#8221; button_use_icon=&#8221;default&#8221; button_icon_placement=&#8221;right&#8221; button_on_hover=&#8221;on&#8221;]<\/p>\n<p>&nbsp;<\/p>\n<p>&nbsp;<\/p>\n<p>&nbsp;<\/p>\n<p>&nbsp;<\/p>\n<p>&nbsp;<\/p>\n<p>[\/et_pb_slide][\/et_pb_slider][\/et_pb_column][\/et_pb_row][\/et_pb_section][et_pb_section bb_built=&#8221;1&#8243; admin_label=&#8221;section&#8221; transparent_background=&#8221;off&#8221; background_color=&#8221;#f9f9f9&#8243; allow_player_pause=&#8221;off&#8221; inner_shadow=&#8221;off&#8221; parallax=&#8221;off&#8221; parallax_method=&#8221;off&#8221; custom_padding=&#8221;10px|||&#8221; padding_mobile=&#8221;off&#8221; make_fullwidth=&#8221;off&#8221; use_custom_width=&#8221;off&#8221; width_unit=&#8221;on&#8221; custom_width_px=&#8221;1080px&#8221; custom_width_percent=&#8221;80%&#8221; make_equal=&#8221;off&#8221; use_custom_gutter=&#8221;off&#8221; fullwidth=&#8221;off&#8221; specialty=&#8221;off&#8221; disabled=&#8221;off&#8221; custom_padding_tablet=&#8221;50px|0|50px|0&#8243; custom_padding_last_edited=&#8221;on|desktop&#8221; prev_background_color=&#8221;rgba(255,255,255,0)&#8221;][et_pb_row admin_label=&#8221;row&#8221; make_fullwidth=&#8221;off&#8221; use_custom_width=&#8221;off&#8221; width_unit=&#8221;off&#8221; custom_width_px=&#8221;1080px&#8221; custom_width_percent=&#8221;80%&#8221; use_custom_gutter=&#8221;off&#8221; gutter_width=&#8221;3&#8243; padding_mobile=&#8221;off&#8221; allow_player_pause=&#8221;off&#8221; parallax=&#8221;off&#8221; parallax_method=&#8221;on&#8221; make_equal=&#8221;off&#8221; column_padding_mobile=&#8221;on&#8221; parallax_1=&#8221;off&#8221; parallax_method_1=&#8221;on&#8221; parallax_2=&#8221;off&#8221; parallax_method_2=&#8221;on&#8221; parallax_3=&#8221;off&#8221; parallax_method_3=&#8221;on&#8221; parallax_4=&#8221;off&#8221; parallax_method_4=&#8221;on&#8221; disabled=&#8221;off&#8221; background_position=&#8221;top_left&#8221; background_repeat=&#8221;repeat&#8221; background_size=&#8221;initial&#8221;][et_pb_column type=&#8221;2_3&#8243;][et_pb_breadcrumbs \/][et_pb_text background_layout=&#8221;light&#8221; text_orientation=&#8221;justified&#8221; use_border_color=&#8221;off&#8221; border_style=&#8221;solid&#8221; disabled=&#8221;off&#8221; border_color=&#8221;#ffffff&#8221; background_position=&#8221;top_left&#8221; background_repeat=&#8221;repeat&#8221; background_size=&#8221;initial&#8221;]<\/p>\n<h1>Piece do produkcji stali \u2013 ponowne nagrzewanie i wy\u017carzanie (ATM)<\/h1>\n<p>&nbsp;<\/p>\n<h2><\/h2>\n<p><strong>Firma SECO\/WARWICK oferuje szeroki asortyment piec\u00f3w przeznaczonych do walcowania na gor\u0105co stalowych k\u0119s\u00f3w, sztab, p\u0142yt i odlewek oraz walcowania na zimno zwoj\u00f3w ta\u015bm i drut\u00f3w.<\/strong><\/p>\n<p><em>Walcowanie na gor\u0105co \u2013\u00a0przepustowo\u015b\u0107 <\/em>naszych piec\u00f3w do podgrzewania stali wynosi 120 ton na godzin\u0119 z mo\u017cliwo\u015bci\u0105 zastosowania r\u00f3\u017cnych metod sterowania i rozruchu w celu zapewnienie najwy\u017cszej jako\u015bci produktu.<\/p>\n<p><em>Walcowanie na zimno \u2013\u00a0<\/em>mechaniczne w\u0142a\u015bciwo\u015bci i jako\u015b\u0107 powierzchni s\u0105 bardzo wa\u017cne w przypadku wy\u017carzania drutu i pas\u00f3w stalowych.\u00a0Stosowana przez nas technologia wy\u017carzania daje doskona\u0142e wyniki przy zachowaniu niskich koszt\u00f3w na ton\u0119 oraz jednolitej jako\u015bci zar\u00f3wno szerokich jak i w\u0105skich zwoj\u00f3w.<\/p>\n<p><strong>Us\u0142ugi przemys\u0142owe<\/strong><\/p>\n<p>Oferujemy szeroki wachlarz us\u0142ug zwi\u0105zanych z systemami do wytwarzania stali,\u00a0na przyk\u0142ad projekty przebudowy, obs\u0142ug\u0119 w terenie, studia wykonalno\u015bci, dostarczanie cz\u0119\u015bci zamiennych, dostarczanie wyposa\u017cenia, modernizacja uk\u0142ad\u00f3w sterowania i spalania oraz przetwarzania. \u00a0Dzi\u0119ki oferowanym us\u0142ugom zapewniamy naszym klientom osi\u0105gni\u0119cie lepszych parametr\u00f3w, ni\u017cszych emisji, lepszej wydajno\u015bci i jednolity rozk\u0142ad temperatury produktu.<\/p>\n<p><strong>Zakres produktowy w skr\u00f3cie<br \/>\n<\/strong><\/p>\n<p>&nbsp;<\/p>\n<table border=\"0\" cellspacing=\"2\" cellpadding=\"2\" align=\"center\">\n<tbody>\n<tr>\n<td align=\"left\" valign=\"top\"><strong>Urz\u0105dzenia do walcowania na gor\u0105co<\/strong><\/td>\n<td align=\"left\" valign=\"top\"><strong>Urz\u0105dzenia do walcowania na zimno<\/strong><\/td>\n<\/tr>\n<tr>\n<td align=\"left\" valign=\"top\" width=\"50%\">\n<ul>\n<li>Piece pokroczne<\/li>\n<li>Piece z ruchomym paleniskiem<\/li>\n<li>Piece przepychowe<\/li>\n<li>Piece rolkowe<\/li>\n<li>Piece z trzonem rolkowym<\/li>\n<li>Piece z trzonem wysuwnym<\/li>\n<li>Piece z wywrotnic\u0105<\/li>\n<li>Uk\u0142ady sterowania<\/li>\n<li>Uk\u0142ady spalania<\/li>\n<\/ul>\n<\/td>\n<td align=\"left\" valign=\"top\" width=\"50%\">\n<ul>\n<li>Wy\u017carzanie konwekcyjne w atmosferze wodoru<br \/>\n(100% wod\u00f3r lub krakowany amoniak jako atmosfery ochronnej \/krakowany amoniak)<\/li>\n<li>Wy\u017carzanie pas\u00f3w stalowych i linie trawienia<\/li>\n<li>Karbowane wewn\u0119trzne pokrywy ochronne<\/li>\n<li>Piece dzwonowe<\/li>\n<li>Uk\u0142ady zawor\u00f3w<\/li>\n<li>Uk\u0142ady ch\u0142odzenia i przechowywania zwoj\u00f3w<\/li>\n<li>Uk\u0142ady sterowania<\/li>\n<li>Systemy osuszania Polykath<\/li>\n<li>Piece do suszenia<\/li>\n<\/ul>\n<\/td>\n<\/tr>\n<\/tbody>\n<\/table>\n<p>[\/et_pb_text][\/et_pb_column][et_pb_column type=&#8221;1_3&#8243;][et_pb_selected_documents module_title=&#8221;Materia\u0142y o produkcie&#8221; module_class=&#8221;selected-document-box&#8221;][et_pb_document post_id=&#8221;35459&#8243; title=&#8221;White Paper &#8211; Steel Reheat Furnaces&#8221; \/][\/et_pb_selected_documents][\/et_pb_column][\/et_pb_row][\/et_pb_section]<\/p>\n","protected":false},"excerpt":{"rendered":"<p>&nbsp; &nbsp; &nbsp; &nbsp; &nbsp; [et_pb_breadcrumbs \/] Piece do produkcji stali \u2013 ponowne nagrzewanie i wy\u017carzanie (ATM) &nbsp; Firma SECO\/WARWICK oferuje szeroki asortyment piec\u00f3w przeznaczonych do walcowania na gor\u0105co stalowych k\u0119s\u00f3w, sztab, p\u0142yt i odlewek oraz walcowania na zimno zwoj\u00f3w ta\u015bm i drut\u00f3w. Walcowanie na gor\u0105co \u2013\u00a0przepustowo\u015b\u0107 naszych piec\u00f3w do podgrzewania stali wynosi 120 ton [&hellip;]<\/p>\n","protected":false},"author":2,"featured_media":0,"parent":7110,"menu_order":0,"comment_status":"closed","ping_status":"closed","template":"","meta":{"_acf_changed":false,"_et_pb_use_builder":"on","_et_pb_old_content":"","_et_gb_content_width":"","footnotes":""},"class_list":["post-7385","page","type-page","status-publish"],"acf":[],"_links":{"self":[{"href":"https:\/\/www.secowarwick.com\/pl\/wp-json\/wp\/v2\/pages\/7385","targetHints":{"allow":["GET"]}}],"collection":[{"href":"https:\/\/www.secowarwick.com\/pl\/wp-json\/wp\/v2\/pages"}],"about":[{"href":"https:\/\/www.secowarwick.com\/pl\/wp-json\/wp\/v2\/types\/page"}],"author":[{"embeddable":true,"href":"https:\/\/www.secowarwick.com\/pl\/wp-json\/wp\/v2\/users\/2"}],"replies":[{"embeddable":true,"href":"https:\/\/www.secowarwick.com\/pl\/wp-json\/wp\/v2\/comments?post=7385"}],"version-history":[{"count":0,"href":"https:\/\/www.secowarwick.com\/pl\/wp-json\/wp\/v2\/pages\/7385\/revisions"}],"up":[{"embeddable":true,"href":"https:\/\/www.secowarwick.com\/pl\/wp-json\/wp\/v2\/pages\/7110"}],"wp:attachment":[{"href":"https:\/\/www.secowarwick.com\/pl\/wp-json\/wp\/v2\/media?parent=7385"}],"curies":[{"name":"wp","href":"https:\/\/api.w.org\/{rel}","templated":true}]}}