{"id":74407,"date":"2019-01-10T11:49:10","date_gmt":"2019-01-10T10:49:10","guid":{"rendered":"http:\/\/www.secowarwick.com\/?page_id=74407"},"modified":"2025-01-13T07:41:37","modified_gmt":"2025-01-13T06:41:37","slug":"jetcaster","status":"publish","type":"page","link":"https:\/\/www.secowarwick.com\/pl\/ospolce\/projekty\/jetcaster\/","title":{"rendered":"JetCaster"},"content":{"rendered":"<p>[et_pb_section fb_built=&#8221;1&#8243; admin_label=&#8221;section&#8221; _builder_version=&#8221;4.16&#8243; background_color=&#8221;#f8f8f8&#8243; transparent_background=&#8221;off&#8221; global_colors_info=&#8221;{}&#8221;][et_pb_row admin_label=&#8221;row&#8221; _builder_version=&#8221;4.16&#8243; background_size=&#8221;initial&#8221; background_position=&#8221;top_left&#8221; background_repeat=&#8221;repeat&#8221; global_colors_info=&#8221;{}&#8221;][et_pb_column type=&#8221;4_4&#8243; _builder_version=&#8221;4.16&#8243; custom_padding=&#8221;|||&#8221; global_colors_info=&#8221;{}&#8221; custom_padding__hover=&#8221;|||&#8221;][et_pb_breadcrumbs _builder_version=&#8221;3.0.47&#8243; global_colors_info=&#8221;{}&#8221;][\/et_pb_breadcrumbs][et_pb_text _builder_version=&#8221;4.16&#8243; header_font=&#8221;|||on|&#8221; background_size=&#8221;initial&#8221; background_position=&#8221;top_left&#8221; background_repeat=&#8221;repeat&#8221; use_border_color=&#8221;off&#8221; border_color=&#8221;#ffffff&#8221; border_style=&#8221;solid&#8221; global_colors_info=&#8221;{}&#8221;]<\/p>\n<h1>Opracowanie innowacyjnego urz\u0105dzenia do wielowariantowego i wielkoseryjnego odlewania \u0142opatek turbin gazowych o mikrostrukturze monokrystalicznej dla przemys\u0142u lotniczego.<\/h1>\n<p>[\/et_pb_text][\/et_pb_column][\/et_pb_row][\/et_pb_section][et_pb_section fb_built=&#8221;1&#8243; _builder_version=&#8221;4.16&#8243; global_colors_info=&#8221;{}&#8221;][et_pb_row _builder_version=&#8221;4.16&#8243; background_size=&#8221;initial&#8221; background_position=&#8221;top_left&#8221; background_repeat=&#8221;repeat&#8221; custom_margin=&#8221;0px|||&#8221; custom_padding=&#8221;0px|||&#8221; global_colors_info=&#8221;{}&#8221; column_structure=&#8221;1_3,1_3,1_3&#8243;][et_pb_column type=&#8221;1_3&#8243; _builder_version=&#8221;4.16&#8243; custom_padding=&#8221;|||&#8221; global_colors_info=&#8221;{}&#8221; custom_padding__hover=&#8221;|||&#8221;][et_pb_image src=&#8221;https:\/\/www.secowarwick.com\/wp-content\/uploads\/2017\/10\/fundusze-europejskie-inteli.png&#8221; align=&#8221;center&#8221; align_tablet=&#8221;center&#8221; align_last_edited=&#8221;on|desktop&#8221; _builder_version=&#8221;4.23.1&#8243; custom_margin=&#8221;5px|||&#8221; animation_style=&#8221;slide&#8221; animation_direction=&#8221;bottom&#8221; animation_duration=&#8221;500ms&#8221; animation_intensity_slide=&#8221;10%&#8221; hover_enabled=&#8221;0&#8243; use_border_color=&#8221;off&#8221; border_color=&#8221;#ffffff&#8221; border_style=&#8221;solid&#8221; animation=&#8221;bottom&#8221; sticky=&#8221;off&#8221; global_colors_info=&#8221;{}&#8221; sticky_enabled=&#8221;0&#8243; alt=&#8221;Fundusze Europejskie\/Inteligentny Rozw\u00f3j&#8221; align_phone=&#8221;center&#8221;][\/et_pb_image][\/et_pb_column][et_pb_column type=&#8221;1_3&#8243; _builder_version=&#8221;4.16&#8243; custom_padding=&#8221;|||&#8221; global_colors_info=&#8221;{}&#8221; custom_padding__hover=&#8221;|||&#8221;][et_pb_image src=&#8221;https:\/\/www.secowarwick.com\/wp-content\/uploads\/2018\/05\/projekty_rp.png&#8221; align=&#8221;center&#8221; align_tablet=&#8221;center&#8221; align_last_edited=&#8221;on|desktop&#8221; _builder_version=&#8221;4.23.1&#8243; custom_padding=&#8221;10px|||&#8221; animation_style=&#8221;slide&#8221; animation_direction=&#8221;bottom&#8221; animation_duration=&#8221;500ms&#8221; animation_intensity_slide=&#8221;10%&#8221; hover_enabled=&#8221;0&#8243; use_border_color=&#8221;off&#8221; border_color=&#8221;#ffffff&#8221; border_style=&#8221;solid&#8221; animation=&#8221;bottom&#8221; sticky=&#8221;off&#8221; global_colors_info=&#8221;{}&#8221; alt=&#8221;Rzeczpospolita Polska&#8221; sticky_enabled=&#8221;0&#8243; align_phone=&#8221;center&#8221;][\/et_pb_image][\/et_pb_column][et_pb_column type=&#8221;1_3&#8243; _builder_version=&#8221;4.16&#8243; custom_padding=&#8221;|||&#8221; global_colors_info=&#8221;{}&#8221; custom_padding__hover=&#8221;|||&#8221;][et_pb_image src=&#8221;https:\/\/www.secowarwick.com\/wp-content\/uploads\/2017\/10\/eu-regionalny.png&#8221; align=&#8221;center&#8221; align_tablet=&#8221;center&#8221; align_last_edited=&#8221;on|desktop&#8221; _builder_version=&#8221;4.23.1&#8243; animation_style=&#8221;slide&#8221; animation_direction=&#8221;bottom&#8221; animation_duration=&#8221;500ms&#8221; animation_intensity_slide=&#8221;10%&#8221; hover_enabled=&#8221;0&#8243; use_border_color=&#8221;off&#8221; border_color=&#8221;#ffffff&#8221; border_style=&#8221;solid&#8221; animation=&#8221;bottom&#8221; sticky=&#8221;off&#8221; always_center_on_mobile=&#8221;on&#8221; global_colors_info=&#8221;{}&#8221; alt=&#8221;Unia Europejska\/Europejski Fundusz Rozwoju Regionalnego&#8221; sticky_enabled=&#8221;0&#8243; align_phone=&#8221;center&#8221;][\/et_pb_image][\/et_pb_column][\/et_pb_row][et_pb_row _builder_version=&#8221;4.16&#8243; background_size=&#8221;initial&#8221; background_position=&#8221;top_left&#8221; background_repeat=&#8221;repeat&#8221; global_colors_info=&#8221;{}&#8221;][et_pb_column type=&#8221;4_4&#8243; _builder_version=&#8221;4.16&#8243; custom_padding=&#8221;|||&#8221; global_colors_info=&#8221;{}&#8221; custom_padding__hover=&#8221;|||&#8221;][et_pb_text _builder_version=&#8221;4.16&#8243; background_size=&#8221;initial&#8221; background_position=&#8221;top_left&#8221; background_repeat=&#8221;repeat&#8221; use_border_color=&#8221;off&#8221; border_color=&#8221;#ffffff&#8221; border_style=&#8221;solid&#8221; global_colors_info=&#8221;{}&#8221;]<\/p>\n<p class=\"ox-61fe0b61f1-MsoNormal\">Firma SECO\/WARWICK S.A. w partnerstwie z Politechnik\u0105 Rzeszowsk\u0105, na podstawie Umowy o dofinansowanie z dnia 29.11.2018 r., nr POIR.04.01.04-00-0044\/17 w ramach Dzia\u0142ania 4.1 \u201eBadania naukowe i prace rozwojowe\u201d Poddzia\u0142ania \u201eProjekty aplikacyjne\u201d Programu Operacyjnego Inteligentny Rozw\u00f3j 2014-2020, realizuje projekt pt. ,,Opracowanie innowacyjnego urz\u0105dzenia do wielowariantowego i wielkoseryjnego odlewania \u0142opatek turbin gazowych o mikrostrukturze monokrystalicznej dla przemys\u0142u lotniczego.\u201d.<\/p>\n<p class=\"ox-61fe0b61f1-MsoNormal\">Celem projektu jest opracowanie i wykonanie innowacyjnego urz\u0105dzenia (JetCaster) do odlewania \u0142opatek turbin gazowych z nadstop\u00f3w niklu lub kobaltu o mikrostrukturze z kierunkowym u\u0142o\u017ceniem ziarn lub monokrystalicznej, stosowanych w nowej generacji silnikach turbinowych. Strumienie gazu oboj\u0119tnego, wytwarzane przy pomocy e\u017cektor\u00f3w wyposa\u017conych w regulowane dysze s\u0105 ukierunkowywane na ceramiczn\u0105 form\u0119 odlewnicz\u0105, umo\u017cliwiaj\u0105c tym samym zwi\u0119kszenie pr\u0119dko\u015bci krystalizacji nadstopu w por\u00f3wnaniu do aktualnie stosowanej na \u015bwiecie metody Bridgman\u2019a. Nowe rozwi\u0105zanie przyczyni si\u0119 do zwi\u0119kszenia efektywno\u015bci procesu \u2013 skr\u00f3ci cykl produkcyjny i obni\u017cy koszt odlew\u00f3w \u0142opatek turbin gazowych. Innowacyjne rozwi\u0105zania (opatentowane przez firm\u0119 Seco\/Warwick) w zakresie procesu krystalizacji kierunkowej oraz konstrukcji urz\u0105dzenia zapewni\u0105 wymagane warunki krystalizacji, umo\u017cliwiaj\u0105ce wytwarzanie szerokiego asortymentu \u0142opatek turbin gazowych z nadstop\u00f3w. Nowatorskie urz\u0105dzenie JetCaster pozwoli uzyskiwa\u0107 odlewy \u0142opatek turbin o wymaganej jako\u015bci (bez wad odlewniczych i z wymagan\u0105 doskona\u0142o\u015bci\u0105 struktury odlew\u00f3w monokrystalicznych).<\/p>\n<p class=\"ox-61fe0b61f1-MsoNormal\">W ramach projektu zostanie opracowany i wykonany demonstracyjny piec pr\u00f3\u017cniowy do przeprowadzania zautomatyzowanego procesu odlewniczego sk\u0142adaj\u0105cego si\u0119 z: indukcyjnego topienia wlewka, odlewania nadstopu do ceramicznej formy odlewniczej, kierunkowej krystalizacji oraz ch\u0142odzenia formy z odlewem. Zaplanowane, wst\u0119pne pr\u00f3by technologiczne instalacji pilota\u017cowej oraz badania makro \u2013 i mikrostruktury, porowato\u015bci, doskona\u0142o\u015bci krystalicznej oraz w\u0142a\u015bciwo\u015bci mechanicznych odlew\u00f3w (pr\u0119t\u00f3w oraz p\u0142yt) monokrystalicznych z nadstopu CMSX-4 umo\u017cliwi\u0105 opracowanie ko\u0144cowych rozwi\u0105za\u0144 konstrukcyjnych oraz przyj\u0119cie poprawnych warunk\u00f3w procesu. Wykonanie pr\u00f3b dowodowych w warunkach produkcyjnych na modelowych odlewach \u0142opatek turbin, pozwoli na rozpocz\u0119cie produkcji tego typu urz\u0105dze\u0144 w zak\u0142adzie produkcyjnym firmy Seco\/Warwick w \u015awiebodzinie.<\/p>\n<p class=\"ox-61fe0b61f1-MsoNormal\">Projekt jest wsp\u00f3\u0142finansowany ze \u015brodk\u00f3w Europejskiego Funduszu Rozwoju Regionalnego (EFRR) w wysoko\u015bci 4\u00a0509\u00a0721,01 PLN<\/p>\n<p class=\"ox-61fe0b61f1-MsoNormal\">Ca\u0142kowity koszt realizacji projektu: 7\u00a0420\u00a0429,24 PLN<\/p>\n<p>[\/et_pb_text][\/et_pb_column][\/et_pb_row][\/et_pb_section]<\/p>\n","protected":false},"excerpt":{"rendered":"<p>[et_pb_breadcrumbs _builder_version=&#8221;3.0.47&#8243; global_colors_info=&#8221;{}&#8221;][\/et_pb_breadcrumbs]Opracowanie innowacyjnego urz\u0105dzenia do wielowariantowego i wielkoseryjnego odlewania \u0142opatek turbin gazowych o mikrostrukturze monokrystalicznej dla przemys\u0142u lotniczego. Firma SECO\/WARWICK S.A. w partnerstwie z Politechnik\u0105 Rzeszowsk\u0105, na podstawie Umowy o dofinansowanie z dnia 29.11.2018 r., nr POIR.04.01.04-00-0044\/17 w ramach Dzia\u0142ania 4.1 \u201eBadania naukowe i prace rozwojowe\u201d Poddzia\u0142ania \u201eProjekty aplikacyjne\u201d Programu Operacyjnego Inteligentny Rozw\u00f3j 2014-2020, [&hellip;]<\/p>\n","protected":false},"author":2,"featured_media":0,"parent":46731,"menu_order":0,"comment_status":"closed","ping_status":"closed","template":"","meta":{"_acf_changed":false,"_et_pb_use_builder":"on","_et_pb_old_content":"<p>\u00a0<\/p><p class=\"ox-61fe0b61f1-MsoNormal\">Firma SECO\/WARWICK S.A. w partnerstwie z Politechnik\u0105 Rzeszowsk\u0105, na podstawie Umowy o dofinansowanie z dnia 29.11.2018 r., nr POIR.04.01.04-00-0044\/17 w ramach Dzia\u0142ania 4.1 \u201eBadania naukowe i prace rozwojowe\u201d Poddzia\u0142ania \u201eProjekty aplikacyjne\u201d Programu Operacyjnego Inteligentny Rozw\u00f3j 2014-2020, realizuje projekt pt. ,,Opracowanie innowacyjnego urz\u0105dzenia do wielowariantowego i wielkoseryjnego odlewania \u0142opatek turbin gazowych o mikrostrukturze monokrystalicznej dla przemys\u0142u lotniczego.\u201d.<\/p><p class=\"ox-61fe0b61f1-MsoNormal\">Celem projektu jest opracowanie i wykonanie innowacyjnego urz\u0105dzenia (JetCaster) do odlewania \u0142opatek turbin gazowych z nadstop\u00f3w niklu lub kobaltu o mikrostrukturze z kierunkowym u\u0142o\u017ceniem ziarn lub monokrystalicznej, stosowanych w nowej generacji silnikach turbinowych. Strumienie gazu oboj\u0119tnego, wytwarzane przy pomocy e\u017cektor\u00f3w wyposa\u017conych w regulowane dysze s\u0105 ukierunkowywane na ceramiczn\u0105 form\u0119 odlewnicz\u0105, umo\u017cliwiaj\u0105c tym samym zwi\u0119kszenie pr\u0119dko\u015bci krystalizacji nadstopu w por\u00f3wnaniu do aktualnie stosowanej na \u015bwiecie metody Bridgman\u2019a. Nowe rozwi\u0105zanie przyczyni si\u0119 do zwi\u0119kszenia efektywno\u015bci procesu \u2013 skr\u00f3ci cykl produkcyjny i obni\u017cy koszt odlew\u00f3w \u0142opatek turbin gazowych. Innowacyjne rozwi\u0105zania (opatentowane przez firm\u0119 Seco\/Warwick) w zakresie procesu krystalizacji kierunkowej oraz konstrukcji urz\u0105dzenia zapewni\u0105 wymagane warunki krystalizacji, umo\u017cliwiaj\u0105ce wytwarzanie szerokiego asortymentu \u0142opatek turbin gazowych z nadstop\u00f3w. Nowatorskie urz\u0105dzenie JetCaster pozwoli uzyskiwa\u0107 odlewy \u0142opatek turbin o wymaganej jako\u015bci (bez wad odlewniczych i z wymagan\u0105 doskona\u0142o\u015bci\u0105 struktury odlew\u00f3w monokrystalicznych).<\/p><p class=\"ox-61fe0b61f1-MsoNormal\">W ramach projektu zostanie opracowany i wykonany demonstracyjny piec pr\u00f3\u017cniowy do przeprowadzania zautomatyzowanego procesu odlewniczego sk\u0142adaj\u0105cego si\u0119 z: indukcyjnego topienia wlewka, odlewania nadstopu do ceramicznej formy odlewniczej, kierunkowej krystalizacji oraz ch\u0142odzenia formy z odlewem. Zaplanowane, wst\u0119pne pr\u00f3by technologiczne instalacji pilota\u017cowej oraz badania makro \u2013 i mikrostruktury, porowato\u015bci, doskona\u0142o\u015bci krystalicznej oraz w\u0142a\u015bciwo\u015bci mechanicznych odlew\u00f3w (pr\u0119t\u00f3w oraz p\u0142yt) monokrystalicznych z nadstopu CMSX-4 umo\u017cliwi\u0105 opracowanie ko\u0144cowych rozwi\u0105za\u0144 konstrukcyjnych oraz przyj\u0119cie poprawnych warunk\u00f3w procesu. Wykonanie pr\u00f3b dowodowych w warunkach produkcyjnych na modelowych odlewach \u0142opatek turbin, pozwoli na rozpocz\u0119cie produkcji tego typu urz\u0105dze\u0144 w zak\u0142adzie produkcyjnym firmy Seco\/Warwick w \u015awiebodzinie.<\/p><p class=\"ox-61fe0b61f1-MsoNormal\">Projekt jest wsp\u00f3\u0142finansowany ze \u015brodk\u00f3w Europejskiego Funduszu Rozwoju Regionalnego (EFRR) w wysoko\u015bci 4\u00a0509\u00a0721,01 PLN<\/p><p class=\"ox-61fe0b61f1-MsoNormal\">Ca\u0142kowity koszt realizacji projektu: 7\u00a0420\u00a0429,24 PLN<\/p>","_et_gb_content_width":"","footnotes":""},"class_list":["post-74407","page","type-page","status-publish"],"acf":[],"_links":{"self":[{"href":"https:\/\/www.secowarwick.com\/pl\/wp-json\/wp\/v2\/pages\/74407","targetHints":{"allow":["GET"]}}],"collection":[{"href":"https:\/\/www.secowarwick.com\/pl\/wp-json\/wp\/v2\/pages"}],"about":[{"href":"https:\/\/www.secowarwick.com\/pl\/wp-json\/wp\/v2\/types\/page"}],"author":[{"embeddable":true,"href":"https:\/\/www.secowarwick.com\/pl\/wp-json\/wp\/v2\/users\/2"}],"replies":[{"embeddable":true,"href":"https:\/\/www.secowarwick.com\/pl\/wp-json\/wp\/v2\/comments?post=74407"}],"version-history":[{"count":1,"href":"https:\/\/www.secowarwick.com\/pl\/wp-json\/wp\/v2\/pages\/74407\/revisions"}],"predecessor-version":[{"id":168793,"href":"https:\/\/www.secowarwick.com\/pl\/wp-json\/wp\/v2\/pages\/74407\/revisions\/168793"}],"up":[{"embeddable":true,"href":"https:\/\/www.secowarwick.com\/pl\/wp-json\/wp\/v2\/pages\/46731"}],"wp:attachment":[{"href":"https:\/\/www.secowarwick.com\/pl\/wp-json\/wp\/v2\/media?parent=74407"}],"curies":[{"name":"wp","href":"https:\/\/api.w.org\/{rel}","templated":true}]}}