{"id":74634,"date":"2019-01-31T14:54:23","date_gmt":"2019-01-31T13:54:23","guid":{"rendered":"http:\/\/www.secowarwick.com\/?page_id=74634"},"modified":"2020-11-19T12:30:54","modified_gmt":"2020-11-19T11:30:54","slug":"seconomy","status":"publish","type":"page","link":"https:\/\/www.secowarwick.com\/pl\/seconomy\/","title":{"rendered":"Seconomy"},"content":{"rendered":"<p>[et_pb_section bb_built=&#8221;1&#8243; admin_label=&#8221;section&#8221; transparent_background=&#8221;off&#8221; background_color=&#8221;#f8f8f8&#8243; allow_player_pause=&#8221;off&#8221; inner_shadow=&#8221;off&#8221; parallax=&#8221;off&#8221; parallax_method=&#8221;on&#8221; make_fullwidth=&#8221;off&#8221; use_custom_width=&#8221;off&#8221; width_unit=&#8221;on&#8221; make_equal=&#8221;off&#8221; use_custom_gutter=&#8221;off&#8221; next_background_color=&#8221;#ffffff&#8221; _builder_version=&#8221;3.6&#8243;][et_pb_row admin_label=&#8221;row&#8221; background_position=&#8221;top_left&#8221; background_repeat=&#8221;repeat&#8221; background_size=&#8221;initial&#8221; _builder_version=&#8221;3.1.1&#8243; use_custom_gutter=&#8221;on&#8221; gutter_width=&#8221;2&#8243;][et_pb_column type=&#8221;2_3&#8243;][et_pb_breadcrumbs _builder_version=&#8221;3.6&#8243; \/][et_pb_text use_border_color=&#8221;off&#8221; border_color=&#8221;#ffffff&#8221; border_style=&#8221;solid&#8221; module_class=&#8221;ed-square-list-parent&#8221; background_position=&#8221;top_left&#8221; background_repeat=&#8221;repeat&#8221; background_size=&#8221;initial&#8221; _builder_version=&#8221;3.6&#8243;]<\/p>\n<h1>SECONOMY<\/h1>\n<h2>Poznaj unikaln\u0105 ofert\u0119 modernizacji urz\u0105dze\u0144 do obr\u00f3bki cieplnej.<\/h2>\n<p><strong>SECONOMY<\/strong> to po\u0142\u0105czenie podej\u015bcia ekonomicznego i ekologicznego. Unikalna oferta stworzona przez SECO<span style=\"color: #ff0000;\">\/<\/span>WARWICK dla tych, kt\u00f3rzy wierz\u0105, \u017ce obie te idee mo\u017cna po\u0142\u0105czy\u0107.<\/p>\n<p>Twoje koszty energii mog\u0105 by\u0107 obni\u017cone nawet o <strong>50%*<\/strong><\/p>\n<p>[\/et_pb_text][\/et_pb_column][et_pb_column type=&#8221;1_3&#8243;][et_pb_text _builder_version=&#8221;3.6&#8243; custom_padding=&#8221;65px|||&#8221;]<\/p>\n<h3><strong>DO POBRANIA<\/strong><\/h3>\n<p><a href=\"https:\/\/www.secowarwick.com\/wp-content\/uploads\/2018\/03\/SECONOMY-SECOWARWICK-en.pdf\"><span style=\"color: #dc291c;\">\/<\/span>SECO\/WARWICK SECONOMY &#8211; broszura<\/a><\/p>\n<p>[\/et_pb_text][\/et_pb_column][\/et_pb_row][\/et_pb_section][et_pb_section bb_built=&#8221;1&#8243; admin_label=&#8221;section&#8221; transparent_background=&#8221;off&#8221; allow_player_pause=&#8221;off&#8221; inner_shadow=&#8221;off&#8221; parallax=&#8221;off&#8221; parallax_method=&#8221;on&#8221; custom_padding=&#8221;0px|||&#8221; make_fullwidth=&#8221;off&#8221; use_custom_width=&#8221;off&#8221; width_unit=&#8221;on&#8221; make_equal=&#8221;off&#8221; use_custom_gutter=&#8221;off&#8221; prev_background_color=&#8221;#f8f8f8&#8243; next_background_color=&#8221;#f8f8f8&#8243;][et_pb_row admin_label=&#8221;row&#8221; make_fullwidth=&#8221;off&#8221; use_custom_width=&#8221;off&#8221; width_unit=&#8221;on&#8221; use_custom_gutter=&#8221;off&#8221; custom_padding=&#8221;0px|||&#8221; allow_player_pause=&#8221;off&#8221; parallax=&#8221;off&#8221; parallax_method=&#8221;on&#8221; make_equal=&#8221;off&#8221; parallax_1=&#8221;off&#8221; parallax_method_1=&#8221;off&#8221; background_position=&#8221;top_left&#8221; background_repeat=&#8221;repeat&#8221; background_size=&#8221;initial&#8221;][et_pb_column type=&#8221;4_4&#8243;][et_pb_text use_border_color=&#8221;off&#8221; module_class=&#8221;red-square-list-parent&#8221; background_position=&#8221;top_left&#8221; background_repeat=&#8221;repeat&#8221; background_size=&#8221;initial&#8221; _builder_version=&#8221;3.6&#8243;]<\/p>\n<h2><\/h2>\n<h2><\/h2>\n<p>&nbsp;<\/p>\n<h2 style=\"text-align: left;\">Pozw\u00f3l nam dzia\u0142a\u0107 i zobacz, ile mo\u017cesz zyska\u0107 z <span style=\"color: #ff0000;\">SECONOMY<\/span>!<\/h2>\n<table style=\"height: 289px; width: 99.8824%; border-collapse: collapse; border-style: none; border-color: #ffffff; background-color: #ffffff;\" border=\"0\">\n<tbody>\n<tr style=\"height: 62px;\">\n<td style=\"width: 9.59953%; height: 62px;\"><img decoding=\"async\" class=\"aligncenter wp-image-74659 size-full\" title=\"Obr\u00f3bka cieplna metali - serwis\" src=\"https:\/\/www.secowarwick.com\/wp-content\/uploads\/2019\/01\/Layer-1.png\" alt=\"Odzysk ciep\u0142a odpadowego z proces\u00f3w obr\u00f3bki cieplnej \" width=\"46\" height=\"45\" \/><\/td>\n<td style=\"width: 90.4005%; height: 62px; text-align: left;\">Odzysk ciep\u0142a odpadowego z proces\u00f3w obr\u00f3bki cieplnej do ogrzewania budynk\u00f3w i\/lub ciep\u0142ej wody u\u017cytkowej.<\/td>\n<\/tr>\n<tr style=\"height: 60px;\">\n<td style=\"width: 9.59953%; height: 60px;\"><img decoding=\"async\" class=\"aligncenter wp-image-74673 size-full\" title=\"Obr\u00f3bka cieplna metali - serwis\" src=\"https:\/\/www.secowarwick.com\/wp-content\/uploads\/2019\/01\/Layer-2.png\" alt=\"Redukcja straty ciep\u0142a \" width=\"48\" height=\"45\" \/><\/td>\n<td style=\"width: 90.4005%; height: 60px; text-align: left;\">\u00a0Redukcja straty ciep\u0142a do 50%* dzi\u0119ki wymianie izolacji z u\u017cyciem najnowszych materia\u0142\u00f3w izolacyjnych.<\/td>\n<\/tr>\n<tr style=\"height: 58px;\">\n<td style=\"width: 9.59953%; height: 58px;\"><img decoding=\"async\" class=\"aligncenter wp-image-74652 size-full\" title=\"Obr\u00f3bka cieplna metali - serwis\" src=\"https:\/\/www.secowarwick.com\/wp-content\/uploads\/2019\/01\/Layer-1-1.png\" alt=\"Redukcja zu\u017cycia gazu\" width=\"53\" height=\"55\" \/><\/td>\n<td style=\"width: 90.4005%; height: 58px; text-align: left;\">Redukcja zu\u017cycia gazu do 40%* po modernizacji systemu grzejnego. (Wymiana lub uzupe\u0142nienie istniej\u0105cego systemu spalania o elementy rekuperacji).<\/td>\n<\/tr>\n<tr style=\"height: 55px;\">\n<td style=\"width: 9.59953%; height: 55px;\"><img decoding=\"async\" class=\"aligncenter wp-image-74666 size-full\" title=\"Obr\u00f3bka cieplna metali - serwis\" src=\"https:\/\/www.secowarwick.com\/wp-content\/uploads\/2019\/01\/Layer-2-1.png\" alt=\"Oszcz\u0119dno\u015b\u0107 koszt\u00f3w produkcji\" width=\"45\" height=\"45\" \/><\/td>\n<td style=\"width: 90.4005%; height: 55px; text-align: left;\">Oszcz\u0119dno\u015b\u0107 koszt\u00f3w produkcji na poziomie do 50%* dzi\u0119ki zmianie paliwa do grzania z ciek\u0142ego \/ elektrycznego na gazowe.<\/td>\n<\/tr>\n<tr style=\"height: 54px;\">\n<td style=\"width: 9.59953%; height: 54px;\"><img decoding=\"async\" class=\"aligncenter wp-image-74680 size-full\" title=\"Obr\u00f3bka cieplna metali - serwis\" src=\"https:\/\/www.secowarwick.com\/wp-content\/uploads\/2019\/01\/Layer-3.png\" alt=\"Optymalizacja parametr\u00f3w pracy przez modernizacj\u0119 systemu sterowania\" width=\"42\" height=\"42\" \/><\/td>\n<td style=\"width: 90.4005%; height: 54px; text-align: left;\">Optymalizacja parametr\u00f3w pracy przez modernizacj\u0119 systemu sterowania, kt\u00f3ry umo\u017cliwia sterowanie silnikami w fazie rozruchu i dopasowanie obci\u0105\u017cenia do aktualnych potrzeb.<\/td>\n<\/tr>\n<\/tbody>\n<\/table>\n<p>&nbsp;<\/p>\n<p>*Wszystkie warto\u015bci s\u0105 orientacyjne i niestanowi\u0105 oferty. Rzeczywiste mo\u017cliwo\u015bci redukcji kalkulowane s\u0105 dla ka\u017cdego urz\u0105dzenia indywidualnie i mog\u0105 odbiega\u0107 od podanych.<\/p>\n<p>[\/et_pb_text][\/et_pb_column][\/et_pb_row][\/et_pb_section][et_pb_section bb_built=&#8221;1&#8243; admin_label=&#8221;section&#8221; transparent_background=&#8221;off&#8221; background_color=&#8221;#f8f8f8&#8243; allow_player_pause=&#8221;off&#8221; inner_shadow=&#8221;off&#8221; parallax=&#8221;off&#8221; parallax_method=&#8221;on&#8221; make_fullwidth=&#8221;off&#8221; use_custom_width=&#8221;off&#8221; width_unit=&#8221;on&#8221; make_equal=&#8221;off&#8221; use_custom_gutter=&#8221;off&#8221; prev_background_color=&#8221;#ffffff&#8221; _builder_version=&#8221;3.6&#8243;][et_pb_row admin_label=&#8221;row&#8221; background_position=&#8221;top_left&#8221; background_repeat=&#8221;repeat&#8221; background_size=&#8221;initial&#8221; _builder_version=&#8221;3.6&#8243;][et_pb_column type=&#8221;1_2&#8243;][et_pb_image _builder_version=&#8221;3.6&#8243; src=&#8221;https:\/\/www.secowarwick.com\/wp-content\/uploads\/2020\/11\/Seconomy_SW.jpg&#8221; alt=&#8221;Ekonomia i ekologia id\u0105 w parze z Seconomy od Seco\/Warwick&#8221; \/][\/et_pb_column][et_pb_column type=&#8221;1_2&#8243;][et_pb_text use_border_color=&#8221;off&#8221; module_class=&#8221;ed-square-list-parent&#8221; background_position=&#8221;top_left&#8221; background_repeat=&#8221;repeat&#8221; background_size=&#8221;initial&#8221; _builder_version=&#8221;3.6&#8243;]<\/p>\n<h2><\/h2>\n<h2><\/h2>\n<h2><strong>SECONOMY<\/strong> to nie chwyt marketingowy.<\/h2>\n<h2>To obowi\u0105zuj\u0105ca strategia.<\/h2>\n<p style=\"text-align: justify;\">Zmiany sta\u0142y si\u0119 faktem. Nie ma rozwoju ekonomicznego bez my\u015blenia ekologicznego. W SECO\/WARWICK dostosowali\u015bmy si\u0119 do nowych regu\u0142 jako jedni z pierwszych. Do\u015bwiadczenie pokaza\u0142o, \u017ce rynek czeka\u0142 na tak\u0105 ofert\u0119. Dzi\u015b chcemy si\u0119 podzieli\u0107 tym do\u015bwiadczeniem z Tob\u0105. W biznesie trzeba my\u015ble\u0107 d\u0142ugofalowo i dzia\u0142a\u0107 odpowiedzialnie. Proponujemy ewolucj\u0119, nie rewolucj\u0119. Dzi\u0119ki ogromnej wiedzy, umiej\u0119tno\u015bciom oraz do\u015bwiadczeniu potrafimy sprawi\u0107, \u017ce Twoje urz\u0105dzenia b\u0119d\u0105 pracowa\u0142y wydajniej i oszcz\u0119dniej.<\/p>\n<p>[\/et_pb_text][\/et_pb_column][\/et_pb_row][\/et_pb_section]<\/p>\n","protected":false},"excerpt":{"rendered":"<p>[et_pb_breadcrumbs _builder_version=&#8221;3.6&#8243; \/] SECONOMY Poznaj unikaln\u0105 ofert\u0119 modernizacji urz\u0105dze\u0144 do obr\u00f3bki cieplnej. SECONOMY to po\u0142\u0105czenie podej\u015bcia ekonomicznego i ekologicznego. Unikalna oferta stworzona przez SECO\/WARWICK dla tych, kt\u00f3rzy wierz\u0105, \u017ce obie te idee mo\u017cna po\u0142\u0105czy\u0107. Twoje koszty energii mog\u0105 by\u0107 obni\u017cone nawet o 50%* DO POBRANIA \/SECO\/WARWICK SECONOMY &#8211; broszura &nbsp; Pozw\u00f3l nam dzia\u0142a\u0107 i zobacz, [&hellip;]<\/p>\n","protected":false},"author":2,"featured_media":0,"parent":0,"menu_order":0,"comment_status":"closed","ping_status":"closed","template":"","meta":{"_acf_changed":false,"_et_pb_use_builder":"on","_et_pb_old_content":"","_et_gb_content_width":"","footnotes":""},"class_list":["post-74634","page","type-page","status-publish"],"acf":[],"_links":{"self":[{"href":"https:\/\/www.secowarwick.com\/pl\/wp-json\/wp\/v2\/pages\/74634","targetHints":{"allow":["GET"]}}],"collection":[{"href":"https:\/\/www.secowarwick.com\/pl\/wp-json\/wp\/v2\/pages"}],"about":[{"href":"https:\/\/www.secowarwick.com\/pl\/wp-json\/wp\/v2\/types\/page"}],"author":[{"embeddable":true,"href":"https:\/\/www.secowarwick.com\/pl\/wp-json\/wp\/v2\/users\/2"}],"replies":[{"embeddable":true,"href":"https:\/\/www.secowarwick.com\/pl\/wp-json\/wp\/v2\/comments?post=74634"}],"version-history":[{"count":0,"href":"https:\/\/www.secowarwick.com\/pl\/wp-json\/wp\/v2\/pages\/74634\/revisions"}],"wp:attachment":[{"href":"https:\/\/www.secowarwick.com\/pl\/wp-json\/wp\/v2\/media?parent=74634"}],"curies":[{"name":"wp","href":"https:\/\/api.w.org\/{rel}","templated":true}]}}