{"id":75292,"date":"2019-02-05T14:32:30","date_gmt":"2019-02-05T13:32:30","guid":{"rendered":"http:\/\/www.secowarwick.com\/?page_id=75292"},"modified":"2020-11-19T12:25:59","modified_gmt":"2020-11-19T11:25:59","slug":"secolution-decyzje-biznesowe-oparte-na-faktach","status":"publish","type":"page","link":"https:\/\/www.secowarwick.com\/pl\/secolution-decyzje-biznesowe-oparte-na-faktach\/","title":{"rendered":"Secolution"},"content":{"rendered":"<p>[et_pb_section bb_built=&#8221;1&#8243; admin_label=&#8221;section&#8221; transparent_background=&#8221;off&#8221; background_color=&#8221;#f8f8f8&#8243; allow_player_pause=&#8221;off&#8221; inner_shadow=&#8221;off&#8221; parallax=&#8221;off&#8221; parallax_method=&#8221;on&#8221; make_fullwidth=&#8221;off&#8221; use_custom_width=&#8221;off&#8221; width_unit=&#8221;on&#8221; make_equal=&#8221;off&#8221; use_custom_gutter=&#8221;off&#8221; next_background_color=&#8221;#ffffff&#8221; _builder_version=&#8221;3.6&#8243;][et_pb_row admin_label=&#8221;row&#8221; background_position=&#8221;top_left&#8221; background_repeat=&#8221;repeat&#8221; background_size=&#8221;initial&#8221; _builder_version=&#8221;3.1.1&#8243; use_custom_gutter=&#8221;on&#8221; gutter_width=&#8221;2&#8243;][et_pb_column type=&#8221;2_3&#8243;][et_pb_breadcrumbs _builder_version=&#8221;3.6&#8243; \/][et_pb_text use_border_color=&#8221;off&#8221; border_color=&#8221;#ffffff&#8221; border_style=&#8221;solid&#8221; module_class=&#8221;ed-square-list-parent&#8221; background_position=&#8221;top_left&#8221; background_repeat=&#8221;repeat&#8221; background_size=&#8221;initial&#8221; _builder_version=&#8221;3.6&#8243;]<\/p>\n<h1>SECOLUTION<\/h1>\n<h2>Decyzje biznesowe oparte na faktach.<\/h2>\n<p>[\/et_pb_text][\/et_pb_column][et_pb_column type=&#8221;1_3&#8243;][et_pb_text _builder_version=&#8221;3.6&#8243; custom_padding=&#8221;65px|||&#8221;]<\/p>\n<h3><strong>DO POBRANIA<\/strong><\/h3>\n<p><a href=\"https:\/\/www.secowarwick.com\/wp-content\/uploads\/2018\/06\/PS_LEAFLETS_SWS_SECOLUTION_PL_22082017_01_PREV-1.pdf\"><span style=\"color: #dc291c;\">\/<\/span>SECO\/WARWICK SECOLUTION &#8211; ulotka<\/a><\/p>\n<p>[\/et_pb_text][\/et_pb_column][\/et_pb_row][\/et_pb_section][et_pb_section bb_built=&#8221;1&#8243; admin_label=&#8221;section&#8221; transparent_background=&#8221;off&#8221; allow_player_pause=&#8221;off&#8221; inner_shadow=&#8221;off&#8221; parallax=&#8221;off&#8221; parallax_method=&#8221;on&#8221; custom_padding=&#8221;0px|||&#8221; make_fullwidth=&#8221;off&#8221; use_custom_width=&#8221;off&#8221; width_unit=&#8221;on&#8221; make_equal=&#8221;off&#8221; use_custom_gutter=&#8221;off&#8221; prev_background_color=&#8221;#f8f8f8&#8243; next_background_color=&#8221;#f8f8f8&#8243;][et_pb_row admin_label=&#8221;row&#8221; make_fullwidth=&#8221;off&#8221; use_custom_width=&#8221;off&#8221; width_unit=&#8221;on&#8221; use_custom_gutter=&#8221;off&#8221; custom_padding=&#8221;0px|||&#8221; allow_player_pause=&#8221;off&#8221; parallax=&#8221;off&#8221; parallax_method=&#8221;on&#8221; make_equal=&#8221;off&#8221; parallax_1=&#8221;off&#8221; parallax_method_1=&#8221;off&#8221; background_position=&#8221;top_left&#8221; background_repeat=&#8221;repeat&#8221; background_size=&#8221;initial&#8221;][et_pb_column type=&#8221;4_4&#8243;][et_pb_text use_border_color=&#8221;off&#8221; module_class=&#8221;red-square-list-parent&#8221; background_position=&#8221;top_left&#8221; background_repeat=&#8221;repeat&#8221; background_size=&#8221;initial&#8221; _builder_version=&#8221;3.6&#8243; disabled=&#8221;off&#8221;]<\/p>\n<h2><\/h2>\n<h2 class=\"western\"><span style=\"font-size: small;\"><span style=\"color: #231f20;\"><span style=\"font-size: xx-large;\"><b>Nowe funkcje inspirowane potrzebami naszych klient\u00f3w<\/b><\/span><\/span><\/span><\/h2>\n<h3 class=\"western\" style=\"text-align: justify;\"><span style=\"color: #231f20;\"><span style=\"color: #ff0000;\">SECOLUTION<\/span> to zestaw narz\u0119dzi wspieraj\u0105cych podejmowanie kluczowych decyzji biznesowych. Narz\u0119dzia przygotowane przez profesjonalist\u00f3w <\/span><span style=\"color: #231f20;\"><b>dla profesjonalist\u00f3w.<\/b><\/span><\/h3>\n<h4 class=\"western\"><span style=\"font-size: small;\"><span style=\"color: #231f20;\"><b>Przekonaj si\u0119 co mo\u017cesz zyska\u0107 korzystaj\u0105c ze wsparcia SECOLUTION<\/b><\/span><\/span><\/h4>\n<table style=\"height: 289px; width: 99.8824%; border-collapse: collapse; border-style: none; border-color: #ffffff; background-color: #ffffff;\" border=\"0\">\n<tbody>\n<tr style=\"height: 62px;\">\n<td style=\"width: 9.59953%; height: 62px;\"><img decoding=\"async\" class=\"aligncenter size-full wp-image-75314\" src=\"https:\/\/www.secowarwick.com\/wp-content\/uploads\/2019\/02\/SecoPredictive-ikona.jpg\" alt=\"Seco\/Predictive\" width=\"121\" height=\"111\" \/><\/td>\n<td style=\"width: 90.4005%; height: 62px; text-align: left;\">\n<h3 class=\"western\" align=\"left\"><a href=\"https:\/\/www.secowarwick.com\/pl\/profesjonalne-uslugi-serwisowe\/seco-predictive\/\" target=\"_blank\" rel=\"noopener\"><span style=\"color: #231f20;\">SECO\/PREDICTIVE<\/span><\/a><\/h3>\n<p class=\"western\"><span style=\"color: #231f20;\">To inteligentne narz\u0119dzie umo\u017cliwiaj\u0105ce wykrywanie potencjalnych awarii przed ich<\/span>\u00a0<u><\/u><span style=\"color: #231f20;\">wyst\u0105pieniem. SECO\/PREDICTIVE jest autorskim systemem wsparcia<\/span> <span style=\"color: #231f20;\">proces\u00f3w\u00a0<\/span><span style=\"font-family: inherit; font-size: inherit; color: #231f20;\">utrzymania ruchu, wykorzystuj\u0105cym rozwi\u0105zania Przemys\u0142u 4.0 i<\/span> <span style=\"font-family: inherit; font-size: inherit; color: #231f20;\">Internetu<\/span> <span style=\"font-family: inherit; font-size: inherit; color: #231f20;\">Rzeczy <\/span><span style=\"font-family: inherit; font-size: inherit; color: #231f20;\">(IoT), <\/span><span style=\"font-family: inherit; font-size: inherit; color: #231f20;\">wspartym przez interaktywny kalendarz wymaganych przegl\u0105d\u00f3w i prac konserwacyjnych. Komputerowy system utrzymania ruchu minimalizuje<\/span> <span style=\"font-family: inherit; font-size: inherit; color: #231f20;\">nieplanowane postoje i awarie, zwi\u0119kszaj\u0105c dost\u0119pno\u015b\u0107<\/span> <span style=\"font-family: inherit; font-size: inherit; color: #231f20;\">urz\u0105dze\u0144.<\/span><\/p>\n<\/td>\n<\/tr>\n<tr style=\"height: 60px;\">\n<td style=\"width: 9.59953%; height: 60px;\"><img decoding=\"async\" class=\"aligncenter size-full wp-image-75328\" src=\"https:\/\/www.secowarwick.com\/wp-content\/uploads\/2019\/02\/SecoStatistics-ikona.jpg\" alt=\"SecoStatistics\" width=\"116\" height=\"111\" \/><\/td>\n<td style=\"width: 90.4005%; height: 60px; text-align: left;\">\n<h3 class=\"western\" align=\"left\"><span style=\"color: #231f20;\">SECO\/STATISTICS<\/span><\/h3>\n<p class=\"western\" style=\"text-align: justify;\"><span style=\"color: #231f20;\">SECO\/STATISTICS jest oprogramowaniem monitoruj\u0105cym i analizuj\u0105cym najwa\u017cniejsze wska\u017aniki pracy urz\u0105dzenia, tj. gotowo\u015b\u0107 do pracy, praca, awaria, naprawa, konserwacja, za\u0142adunek\/roz\u0142adunek. Dzi\u0119ki zaawansowanej analizie i \u0142atwej\u00a0<\/span><span style=\"color: #231f20; font-family: inherit; font-size: inherit;\">do zrozumienia grafice raport\u00f3w system umo\u017cliwia efektywne korzystanie ze sprz\u0119tu oraz optymalne planowanie przestoj\u00f3w.<\/span><\/p>\n<\/td>\n<\/tr>\n<tr style=\"height: 58px;\">\n<td style=\"width: 9.59953%; height: 58px;\"><img decoding=\"async\" class=\"aligncenter wp-image-75335 size-full\" title=\"Secoptimizer\" src=\"https:\/\/www.secowarwick.com\/wp-content\/uploads\/2019\/02\/Senergy-ikona.jpg\" alt=\"Secoptimizer\" width=\"113\" height=\"104\" \/><\/td>\n<td style=\"width: 90.4005%; height: 58px; text-align: left;\">\n<h3 class=\"western\" align=\"left\"><span style=\"color: #231f20;\">SECOPTIMIZER<\/span><\/h3>\n<p class=\"western\" style=\"text-align: justify;\"><span style=\"color: #231f20;\">Zwi\u0119kszenie wykorzystania istniej\u0105cego parku maszynowego jest mo\u017cliwe przez optymalizacj\u0119 kolejkowania wsad\u00f3w. Program SECOPTIMIZER monitoruje czasy receptur oraz uruchomionych proces\u00f3w obr\u00f3bki cieplnej i automatycznie zarz\u0105dza za\u0142adunkiem i roz\u0142adunkiem, wymiernie zmniejszaj\u0105c koszty zwi\u0105zane\u00a0<\/span><span style=\"color: #231f20;\">z wykorzystaniem urz\u0105dze\u0144 poprzez minimalizacj\u0119 czasu bezczynno\u015bci oraz maksymalizacj\u0119 czasu ich wykorzystania.<\/span><\/p>\n<\/td>\n<\/tr>\n<tr style=\"height: 55px;\">\n<td style=\"width: 9.59953%; height: 55px;\"><img decoding=\"async\" class=\"aligncenter wp-image-75321 size-full\" title=\"Senergy\" src=\"https:\/\/www.secowarwick.com\/wp-content\/uploads\/2019\/02\/SecOptimizer-ikona.jpg\" alt=\"Senergy\" width=\"114\" height=\"113\" \/><\/td>\n<td style=\"width: 90.4005%; height: 55px; text-align: left;\">\n<h3 class=\"western\" align=\"left\"><span style=\"color: #231f20;\">SENERGY<\/span><\/h3>\n<p class=\"western\" style=\"text-align: justify;\"><span style=\"color: #231f20;\">Zaawansowany, rozproszony system pomiaru energii SENERGY, przeznaczony jest do monitorowania, sterowania, raportowania oraz optymalizacji zu\u017cycia energii.\u00a0<\/span><span style=\"color: #231f20;\">Pakiet SENERGY pomaga w efektywniejszej analizie oraz planowaniu maksymalnego,\u00a0<\/span><span style=\"color: #231f20;\">a tak\u017ce chwilowego zapotrzebowania na energi\u0119, minimalizuj\u0105c og\u00f3lne koszty zu\u017cycia energii.<\/span><\/p>\n<\/td>\n<\/tr>\n<tr style=\"height: 54px;\">\n<td style=\"width: 9.59953%; height: 54px;\"><img decoding=\"async\" class=\"alignnone wp-image-75307 size-full\" title=\"MES\" src=\"https:\/\/www.secowarwick.com\/wp-content\/uploads\/2019\/02\/MES-ikona.jpg\" alt=\"System realizacji produkcji MES\" width=\"114\" height=\"104\" \/><\/td>\n<td style=\"width: 90.4005%; height: 54px; text-align: left;\">\n<h3 class=\"western\" align=\"left\"><span style=\"color: #231f20;\">System realizacji produkcji<\/span> <span style=\"color: #231f20;\">(MES)<\/span><\/h3>\n<p class=\"western\"><span style=\"color: #231f20;\">MES w pe\u0142ni wykorzystuje mo\u017cliwo\u015bci informatyczne firmy, obejmuj\u0105c ca\u0142y produkcji. Wybrane funkcje systemu to mi\u0119dzy innymi:<\/span><\/p>\n<p><span style=\"color: #231f20;\"><b><span style=\"color: #e31320;\">\u00a0 \/<\/span> Wiualizacja i zarz\u0105dzanie w czasie rzeczywistym zasobami energetycznymi i produkcyjnymi<br \/>\n<\/b><\/span><span style=\"color: #231f20;\"><b><span style=\"color: #e31320;\">\u00a0 \/<\/span> Wy\u015bwietlanie alarm\u00f3w i zdarze\u0144<br \/>\n<\/b><\/span><span style=\"color: #231f20;\"><b><span style=\"color: #e31320;\">\u00a0 \/<\/span> Zarz\u0105dzanie recepturami obr\u00f3bki cieplnej<br \/>\n<\/b><\/span><span style=\"color: #231f20;\"><b><span style=\"color: #e31320;\">\u00a0 \/<\/span> Dost\u0119p do historycznych danych o procesach obr\u00f3bki cieplnej<br \/>\n<\/b><\/span><span style=\"color: #231f20;\"><b><span style=\"color: #e31320;\">\u00a0 \/<\/span> Zdalna diagnostyka i dost\u0119p do danych przez internet<br \/>\n<\/b><\/span><span style=\"color: #231f20;\"><b><span style=\"color: #e31320;\">\u00a0 \/<\/span> Wykonywanie kopii zapasowych danych<br \/>\n<\/b><\/span><span style=\"color: #231f20;\"><b><span style=\"color: #e31320;\">\u00a0 \/<\/span> Mo\u017cliwo\u015b\u0107 oznaczania wsad\u00f3w kodami kreskowymi lub systemami QR<br \/>\n<\/b><\/span><span style=\"color: #231f20;\"><b><span style=\"color: #e31320;\">\u00a0 \/<\/span> Zdalne powiadomienia o wybranych zdarzeniach na telefon lub mail<br \/>\n<\/b><\/span><span style=\"color: #231f20;\"><b><span style=\"color: #e31320;\">\u00a0 \/<\/span> Generowanie raport\u00f3w okresowych lub wsadowych<br \/>\n<\/b><\/span><span style=\"color: #231f20;\"><b><span style=\"color: #e31320;\">\u00a0 \/<\/span> Zaawansowana analityka danych<\/b><\/span><\/td>\n<\/tr>\n<\/tbody>\n<\/table>\n<p>[\/et_pb_text][\/et_pb_column][\/et_pb_row][\/et_pb_section][et_pb_section bb_built=&#8221;1&#8243; admin_label=&#8221;section&#8221; transparent_background=&#8221;off&#8221; background_color=&#8221;#f8f8f8&#8243; allow_player_pause=&#8221;off&#8221; inner_shadow=&#8221;off&#8221; parallax=&#8221;off&#8221; parallax_method=&#8221;on&#8221; make_fullwidth=&#8221;off&#8221; use_custom_width=&#8221;off&#8221; width_unit=&#8221;on&#8221; make_equal=&#8221;off&#8221; use_custom_gutter=&#8221;off&#8221; prev_background_color=&#8221;#ffffff&#8221; _builder_version=&#8221;3.6&#8243;][et_pb_row admin_label=&#8221;row&#8221; background_position=&#8221;top_left&#8221; background_repeat=&#8221;repeat&#8221; background_size=&#8221;initial&#8221; _builder_version=&#8221;3.6&#8243;][et_pb_column type=&#8221;1_2&#8243;][et_pb_image _builder_version=&#8221;3.6&#8243; src=&#8221;https:\/\/www.secowarwick.com\/wp-content\/uploads\/2020\/11\/SECOLUTION-Obr\u00f3bka-cieplna.jpg&#8221; alt=&#8221;Rozwi\u0105zanie SECOLUTION &#8211; optymalizacja pracy wydzia\u0142\u00f3w obr\u00f3bki cieplnej&#8221; \/][\/et_pb_column][et_pb_column type=&#8221;1_2&#8243;][et_pb_text use_border_color=&#8221;off&#8221; module_class=&#8221;ed-square-list-parent&#8221; background_position=&#8221;top_left&#8221; background_repeat=&#8221;repeat&#8221; background_size=&#8221;initial&#8221; _builder_version=&#8221;3.6&#8243;]<\/p>\n<h2><\/h2>\n<h2><\/h2>\n<h2>Mo\u017cesz \u015bwiadomie i odpowiedzialnie budowa\u0107 swoj\u0105 przewag\u0119 konkurencyjn\u0105<\/h2>\n<p style=\"text-align: justify;\">Zaawansowane funkcje <strong>SECOLUTION<\/strong> u\u0142atwiaj\u0105 analiz\u0119 niezb\u0119dn\u0105 do podejmowania kluczowych decyzji w procesie optymalizacji pracy wydzia\u0142\u00f3w obr\u00f3bki cieplnej. Dzi\u0119ki innowacyjnym rozwi\u0105zaniom SECO\/WARWICK mo\u017cesz lepiej rozumie\u0107, kontrolowa\u0107 i wykorzystywa\u0107 istniej\u0105cy park maszynowy do budowy przewagi konkurencyjnej.<\/p>\n<p>[\/et_pb_text][\/et_pb_column][\/et_pb_row][\/et_pb_section]<\/p>\n","protected":false},"excerpt":{"rendered":"<p>[et_pb_breadcrumbs _builder_version=&#8221;3.6&#8243; \/] SECOLUTION Decyzje biznesowe oparte na faktach. DO POBRANIA \/SECO\/WARWICK SECOLUTION &#8211; ulotka Nowe funkcje inspirowane potrzebami naszych klient\u00f3w SECOLUTION to zestaw narz\u0119dzi wspieraj\u0105cych podejmowanie kluczowych decyzji biznesowych. Narz\u0119dzia przygotowane przez profesjonalist\u00f3w dla profesjonalist\u00f3w. Przekonaj si\u0119 co mo\u017cesz zyska\u0107 korzystaj\u0105c ze wsparcia SECOLUTION SECO\/PREDICTIVE To inteligentne narz\u0119dzie umo\u017cliwiaj\u0105ce wykrywanie potencjalnych awarii przed ich\u00a0wyst\u0105pieniem. [&hellip;]<\/p>\n","protected":false},"author":2,"featured_media":0,"parent":0,"menu_order":0,"comment_status":"closed","ping_status":"closed","template":"","meta":{"_acf_changed":false,"_et_pb_use_builder":"on","_et_pb_old_content":"","_et_gb_content_width":"","footnotes":""},"class_list":["post-75292","page","type-page","status-publish"],"acf":[],"_links":{"self":[{"href":"https:\/\/www.secowarwick.com\/pl\/wp-json\/wp\/v2\/pages\/75292","targetHints":{"allow":["GET"]}}],"collection":[{"href":"https:\/\/www.secowarwick.com\/pl\/wp-json\/wp\/v2\/pages"}],"about":[{"href":"https:\/\/www.secowarwick.com\/pl\/wp-json\/wp\/v2\/types\/page"}],"author":[{"embeddable":true,"href":"https:\/\/www.secowarwick.com\/pl\/wp-json\/wp\/v2\/users\/2"}],"replies":[{"embeddable":true,"href":"https:\/\/www.secowarwick.com\/pl\/wp-json\/wp\/v2\/comments?post=75292"}],"version-history":[{"count":0,"href":"https:\/\/www.secowarwick.com\/pl\/wp-json\/wp\/v2\/pages\/75292\/revisions"}],"wp:attachment":[{"href":"https:\/\/www.secowarwick.com\/pl\/wp-json\/wp\/v2\/media?parent=75292"}],"curies":[{"name":"wp","href":"https:\/\/api.w.org\/{rel}","templated":true}]}}