{"id":7613,"date":"2016-11-02T14:00:13","date_gmt":"2016-11-02T13:00:13","guid":{"rendered":"http:\/\/www.secowarwick.com\/pl\/promocja\/faq\/what-is-expanite-surface-hardening-of-stainless-steel\/"},"modified":"2018-12-18T07:53:42","modified_gmt":"2018-12-18T06:53:42","slug":"czym-jest-proces-expanite","status":"publish","type":"page","link":"https:\/\/www.secowarwick.com\/pl\/promocja\/faq\/czym-jest-proces-expanite\/","title":{"rendered":"Czym jest proces EXPANITE \u00ae?"},"content":{"rendered":"<p>[et_pb_section bb_built=&#8221;1&#8243; admin_label=&#8221;section&#8221; _builder_version=&#8221;3.0.47&#8243;][et_pb_row admin_label=&#8221;row&#8221; _builder_version=&#8221;3.6&#8243; background_size=&#8221;initial&#8221; background_position=&#8221;top_left&#8221; background_repeat=&#8221;repeat&#8221;][et_pb_column type=&#8221;2_3&#8243;][et_pb_text _builder_version=&#8221;3.6&#8243; background_size=&#8221;initial&#8221; background_position=&#8221;top_left&#8221; background_repeat=&#8221;repeat&#8221; use_border_color=&#8221;off&#8221;]<\/p>\n<h2>Czym jest proces EXPANITE \u00ae?<\/h2>\n<p>EXPANITE\u00ae jak r\u00f3wnie\u017c SUPEREXPANITE\u00ae to opatentowane procesy hartowania powierzchniowego stali nierdzewnej wykorzystywane do uzyskiwania lepszych w\u0142a\u015bciwo\u015bci powierzchniowych i materia\u0142owych, takich jak wysoka twardo\u015b\u0107 oraz wyj\u0105tkowe w\u0142a\u015bciwo\u015bci antykorozyjne i zm\u0119czeniowe.<\/p>\n<p>SECO\/WARWICK wraz z Expanite\u00ae dostarczaj\u0105 klientom najnowsz\u0105 technologi\u0119 z dziedziny hartowania powierzchniowego stali nierdzewnej. Elementy poddane obr\u00f3bce cieplnej w procesie Expanite\u00ae wytrzymuj\u0105 400 godzin w mgle solnej i osi\u0105gn\u0119\u0142y hartowanie powierzchniowe wynosz\u0105ce do 1800 HV02, przy grubo\u015bci warstwy utwardzonej wynosz\u0105cej do 40\u00b5m. Expanite\u00ae w znacznym stopniu poprawia odporno\u015b\u0107 element\u00f3w na korozj\u0119 i korozj\u0119 w\u017cerow\u0105, a ze wzgl\u0119du na precyzyjn\u0105 metodologi\u0119 kontroli procesu, w\u0142a\u015bciwo\u015bci materia\u0142owe mo\u017cna doskonale dostosowa\u0107 do wymaga\u0144.\u00a0 Najwi\u0119ksz\u0105 zalet\u0105 tej instalacji jest to, \u017ce proces obr\u00f3bki cieplnej jest w pe\u0142ni kontrolowany i nadzorowany bezpo\u015brednio z centrum kontroli Expanite, ka\u017cdorazowo zapewniaj\u0105cego idealne i powtarzalne rezultaty.<\/p>\n<p>Dalsze szczeg\u00f3\u0142owe informacje s\u0105 dost\u0119pne na stronie <a href=\"http:\/\/expanite.com\/\" target=\"_blank\" rel=\"nofollow noopener\">expanite.com<\/a><\/p>\n<p>[\/et_pb_text][\/et_pb_column][et_pb_column type=&#8221;1_3&#8243;][\/et_pb_column][\/et_pb_row][\/et_pb_section]<\/p>\n","protected":false},"excerpt":{"rendered":"<p>Czym jest proces EXPANITE \u00ae? EXPANITE\u00ae jak r\u00f3wnie\u017c SUPEREXPANITE\u00ae to opatentowane procesy hartowania powierzchniowego stali nierdzewnej wykorzystywane do uzyskiwania lepszych w\u0142a\u015bciwo\u015bci powierzchniowych i materia\u0142owych, takich jak wysoka twardo\u015b\u0107 oraz wyj\u0105tkowe w\u0142a\u015bciwo\u015bci antykorozyjne i zm\u0119czeniowe. SECO\/WARWICK wraz z Expanite\u00ae dostarczaj\u0105 klientom najnowsz\u0105 technologi\u0119 z dziedziny hartowania powierzchniowego stali nierdzewnej. Elementy poddane obr\u00f3bce cieplnej w procesie Expanite\u00ae [&hellip;]<\/p>\n","protected":false},"author":2,"featured_media":0,"parent":5457,"menu_order":0,"comment_status":"closed","ping_status":"closed","template":"","meta":{"_acf_changed":false,"_et_pb_use_builder":"on","_et_pb_old_content":"","_et_gb_content_width":"","footnotes":""},"class_list":["post-7613","page","type-page","status-publish"],"acf":[],"_links":{"self":[{"href":"https:\/\/www.secowarwick.com\/pl\/wp-json\/wp\/v2\/pages\/7613","targetHints":{"allow":["GET"]}}],"collection":[{"href":"https:\/\/www.secowarwick.com\/pl\/wp-json\/wp\/v2\/pages"}],"about":[{"href":"https:\/\/www.secowarwick.com\/pl\/wp-json\/wp\/v2\/types\/page"}],"author":[{"embeddable":true,"href":"https:\/\/www.secowarwick.com\/pl\/wp-json\/wp\/v2\/users\/2"}],"replies":[{"embeddable":true,"href":"https:\/\/www.secowarwick.com\/pl\/wp-json\/wp\/v2\/comments?post=7613"}],"version-history":[{"count":0,"href":"https:\/\/www.secowarwick.com\/pl\/wp-json\/wp\/v2\/pages\/7613\/revisions"}],"up":[{"embeddable":true,"href":"https:\/\/www.secowarwick.com\/pl\/wp-json\/wp\/v2\/pages\/5457"}],"wp:attachment":[{"href":"https:\/\/www.secowarwick.com\/pl\/wp-json\/wp\/v2\/media?parent=7613"}],"curies":[{"name":"wp","href":"https:\/\/api.w.org\/{rel}","templated":true}]}}