{"id":7650,"date":"2016-11-02T14:15:18","date_gmt":"2016-11-02T13:15:18","guid":{"rendered":"http:\/\/www.secowarwick.com\/pl\/promocja\/faq\/what-is-hpgq\/"},"modified":"2020-11-04T08:29:52","modified_gmt":"2020-11-04T07:29:52","slug":"czym-jest-hpgq","status":"publish","type":"page","link":"https:\/\/www.secowarwick.com\/pl\/promocja\/faq\/czym-jest-hpgq\/","title":{"rendered":"Czym jest HPGQ?"},"content":{"rendered":"<p>[et_pb_section bb_built=&#8221;1&#8243; admin_label=&#8221;section&#8221;][et_pb_row admin_label=&#8221;row&#8221; background_position=&#8221;top_left&#8221; background_repeat=&#8221;repeat&#8221; background_size=&#8221;initial&#8221;][et_pb_column type=&#8221;2_3&#8243;][et_pb_text use_border_color=&#8221;off&#8221; background_position=&#8221;top_left&#8221; background_repeat=&#8221;repeat&#8221; background_size=&#8221;initial&#8221; _builder_version=&#8221;3.6&#8243;]<\/p>\n<h2>Czym jest hartowanie w strumieniu gazu pod wysokim ci\u015bnieniem (HPGQ)?<\/h2>\n<p style=\"text-align: justify;\">Najpowszechniejsz\u0105 definicj\u0105 <a title=\"piece pr\u00f3\u017cniowe\" href=\"https:\/\/www.secowarwick.com\/pl\/produkty\/piece-prozniowe\/\" target=\"_blank\" rel=\"noopener\">hartowania w strumieniu gazu pod wysokim ci\u015bnieniem<\/a> jest przyspieszanie tempa (szybko\u015bci) hartowania poprzez zag\u0119szczenie i ch\u0142odzenie gazu. Jedna z przyczyn du\u017cego zainteresowania tak\u0105 technik\u0105 hartowania zwi\u0105zana jest z popraw\u0105 odkszta\u0142cenia ca\u0142kowicie utwardzonych element\u00f3w. Krytycznym czynnikiem jest zapobieganie pogarszaniu w\u0142a\u015bciwo\u015bci metalurgicznych, mechanicznych lub fizycznych. Oznacza to zachowanie zdolno\u015bci do przekszta\u0142cania materia\u0142u w mikrostruktur\u0119, kt\u00f3ra jest zbli\u017cona, taka sama a nawet lepsza od struktury charakterystycznej dla znanego o\u015brodka hartowniczego (np. olej lub s\u00f3l). Powszechnymi gazami hartuj\u0105cymi s\u0105 azot, argon i hel. Wod\u00f3r, chocia\u017c doskona\u0142y do przenoszenia ciep\u0142a, jest rzadko wykorzystywany jako gaz do hartowania ze wzgl\u0119d\u00f3w bezpiecze\u0144stwa.<\/p>\n<p style=\"text-align: justify;\"><strong>Hartowanie w strumieniu gazu pod wysokim ci\u015bnieniem<\/strong> (HPGQ) daje wiele interesuj\u0105cych korzy\u015bci, w\u0142\u0105cznie z bezprecedensow\u0105 czysto\u015bci\u0105 element\u00f3w i mniejsz\u0105 ca\u0142kowit\u0105 zmian\u0105 wymiar\u00f3w. Sta\u0142e lub zmienne tempo ch\u0142odzenia stosuje si\u0119 wedle wymaga\u0144 do sterowania twardo\u015bci\u0105 i odkszta\u0142ceniem z jednoczesn\u0105 zdolno\u015bci\u0105 do zmiany ci\u015bnienia hartowania w zale\u017cno\u015bci od rozmiaru za\u0142adunku, rodzaju materia\u0142u i grubo\u015bci elementu w przekroju. Przy stosowaniu hartowania w strumieniu gazu pod wysokim ci\u015bnieniem sp\u00f3jno\u015b\u0107 i powtarzalno\u015b\u0107 produktu s\u0105 doskona\u0142e.<\/p>\n<p>[\/et_pb_text][\/et_pb_column][et_pb_column type=&#8221;1_3&#8243;][\/et_pb_column][\/et_pb_row][\/et_pb_section]<\/p>\n","protected":false},"excerpt":{"rendered":"<p>Czym jest hartowanie w strumieniu gazu pod wysokim ci\u015bnieniem (HPGQ)? Najpowszechniejsz\u0105 definicj\u0105 hartowania w strumieniu gazu pod wysokim ci\u015bnieniem jest przyspieszanie tempa (szybko\u015bci) hartowania poprzez zag\u0119szczenie i ch\u0142odzenie gazu. Jedna z przyczyn du\u017cego zainteresowania tak\u0105 technik\u0105 hartowania zwi\u0105zana jest z popraw\u0105 odkszta\u0142cenia ca\u0142kowicie utwardzonych element\u00f3w. Krytycznym czynnikiem jest zapobieganie pogarszaniu w\u0142a\u015bciwo\u015bci metalurgicznych, mechanicznych lub fizycznych. [&hellip;]<\/p>\n","protected":false},"author":2,"featured_media":0,"parent":5457,"menu_order":0,"comment_status":"closed","ping_status":"closed","template":"","meta":{"_acf_changed":false,"_et_pb_use_builder":"on","_et_pb_old_content":"","_et_gb_content_width":"","footnotes":""},"class_list":["post-7650","page","type-page","status-publish"],"acf":[],"_links":{"self":[{"href":"https:\/\/www.secowarwick.com\/pl\/wp-json\/wp\/v2\/pages\/7650","targetHints":{"allow":["GET"]}}],"collection":[{"href":"https:\/\/www.secowarwick.com\/pl\/wp-json\/wp\/v2\/pages"}],"about":[{"href":"https:\/\/www.secowarwick.com\/pl\/wp-json\/wp\/v2\/types\/page"}],"author":[{"embeddable":true,"href":"https:\/\/www.secowarwick.com\/pl\/wp-json\/wp\/v2\/users\/2"}],"replies":[{"embeddable":true,"href":"https:\/\/www.secowarwick.com\/pl\/wp-json\/wp\/v2\/comments?post=7650"}],"version-history":[{"count":0,"href":"https:\/\/www.secowarwick.com\/pl\/wp-json\/wp\/v2\/pages\/7650\/revisions"}],"up":[{"embeddable":true,"href":"https:\/\/www.secowarwick.com\/pl\/wp-json\/wp\/v2\/pages\/5457"}],"wp:attachment":[{"href":"https:\/\/www.secowarwick.com\/pl\/wp-json\/wp\/v2\/media?parent=7650"}],"curies":[{"name":"wp","href":"https:\/\/api.w.org\/{rel}","templated":true}]}}