{"id":7682,"date":"2016-11-03T10:18:42","date_gmt":"2016-11-03T09:18:42","guid":{"rendered":"http:\/\/www.secowarwick.com\/pl\/promocja\/faq\/what-is-the-fluxer\/"},"modified":"2025-02-28T09:09:08","modified_gmt":"2025-02-28T08:09:08","slug":"czym-jest-fluxer","status":"publish","type":"page","link":"https:\/\/www.secowarwick.com\/pl\/promocja\/faq\/czym-jest-fluxer\/","title":{"rendered":"Czym jest fluxer?"},"content":{"rendered":"<p>[et_pb_section fb_built=&#8221;1&#8243; admin_label=&#8221;section&#8221; _builder_version=&#8221;4.16&#8243; global_colors_info=&#8221;{}&#8221;][et_pb_row admin_label=&#8221;row&#8221; _builder_version=&#8221;4.16&#8243; background_size=&#8221;initial&#8221; background_position=&#8221;top_left&#8221; background_repeat=&#8221;repeat&#8221; global_colors_info=&#8221;{}&#8221; column_structure=&#8221;2_3,1_3&#8243;][et_pb_column type=&#8221;2_3&#8243; _builder_version=&#8221;4.16&#8243; custom_padding=&#8221;|||&#8221; global_colors_info=&#8221;{}&#8221; custom_padding__hover=&#8221;|||&#8221;][et_pb_text _builder_version=&#8221;4.16&#8243; background_size=&#8221;initial&#8221; background_position=&#8221;top_left&#8221; background_repeat=&#8221;repeat&#8221; use_border_color=&#8221;off&#8221; global_colors_info=&#8221;{}&#8221;]<\/p>\n<h2>Fluxery (urz\u0105dzenia do nanoszenia)<\/h2>\n<p>Oczyszczony wymiennik ciep\u0142a jest pokrywany odpowiedni\u0105 warstw\u0105 lut\u00f3w twardych i mieszaniny topnika przed rozpocz\u0119ciem procesu lutowania.<\/p>\n<p>Dostarczamy nast\u0119puj\u0105ce rodzaje fluxer\u00f3w:<\/p>\n<p><strong>Fluxery natryskowe<\/strong> Metod\u0119 natryskow\u0105 stosuje si\u0119 do nanoszenia chemicznych zawiesin wymieszanych z wod\u0105. Jest to najbardziej rozpowszechniona i najcz\u0119\u015bciej stosowana metoda.<\/p>\n<p><strong>Fluxery maluj\u0105ce<\/strong> Sprz\u0119t ten jest w szczeg\u00f3lno\u015bci dedykowany dla element\u00f3w wymiennik\u00f3w ciep\u0142a, kt\u00f3re nie s\u0105 dost\u0119pne przy stosowaniu fluxer\u00f3w natryskowych.<\/p>\n<p><strong>Fluxery zanurzeniowe<\/strong> Niekt\u00f3re dost\u0119pne na rynku wymienniki ciep\u0142a charakteryzuj\u0105 si\u0119 konstrukcj\u0105 wymagaj\u0105c\u0105 naniesienia topnika do przestrzeni wewn\u0119trznych. W tym przypadku nanoszenie natryskowe topnika nie zapewnia odpowiedniego przygotowania z\u0142\u0105cza do lutowania. Rozwi\u0105zaniem tego problemu s\u0105 fluxery zanurzeniowe SECO\/WARWICK.<\/p>\n<p><strong>Fluxery elektrostatyczne<\/strong> s\u0105 alternatyw\u0105 dla \u201elutowania na morko\u201d, poniewa\u017c do przygotowania nie wymagaj\u0105 wodnego roztworu topnika.<br \/>\n[\/et_pb_text][\/et_pb_column][et_pb_column type=&#8221;1_3&#8243; _builder_version=&#8221;4.16&#8243; custom_padding=&#8221;|||&#8221; global_colors_info=&#8221;{}&#8221; custom_padding__hover=&#8221;|||&#8221;][et_pb_blurb title=&#8221;Looking for vacuum furnaces?&#8221; image=&#8221;https:\/\/www.secowarwick.com\/wp-content\/uploads\/2016\/10\/HIGH-PRODUCTION-ROTARY-VACUUM-FURNACE-SYSTEM.jpg&#8221; alt=&#8221;Fluxer&#8221; admin_label=&#8221;faqVACsidebar&#8221; _builder_version=&#8221;4.23.1&#8243; background_size=&#8221;initial&#8221; background_position=&#8221;top_left&#8221; background_repeat=&#8221;repeat&#8221; max_width_tablet=&#8221;50px&#8221; hover_enabled=&#8221;0&#8243; use_border_color=&#8221;off&#8221; saved_tabs=&#8221;all&#8221; global_colors_info=&#8221;{}&#8221; sticky_enabled=&#8221;0&#8243;]<\/p>\n<p><a title=\"vacuum brazing\" href=\"https:\/\/www.secowarwick.com\/pl\/produkty\/lutowanie-aluminiowych-wymiennikow-ciepla-cab\/\">Controlled Atmosphere Brazing (CAB) of Aluminum<\/a><\/p>\n<p>[\/et_pb_blurb][\/et_pb_column][\/et_pb_row][\/et_pb_section]<\/p>\n","protected":false},"excerpt":{"rendered":"<p>Fluxery (urz\u0105dzenia do nanoszenia) Oczyszczony wymiennik ciep\u0142a jest pokrywany odpowiedni\u0105 warstw\u0105 lut\u00f3w twardych i mieszaniny topnika przed rozpocz\u0119ciem procesu lutowania. Dostarczamy nast\u0119puj\u0105ce rodzaje fluxer\u00f3w: Fluxery natryskowe Metod\u0119 natryskow\u0105 stosuje si\u0119 do nanoszenia chemicznych zawiesin wymieszanych z wod\u0105. Jest to najbardziej rozpowszechniona i najcz\u0119\u015bciej stosowana metoda. Fluxery maluj\u0105ce Sprz\u0119t ten jest w szczeg\u00f3lno\u015bci dedykowany dla element\u00f3w [&hellip;]<\/p>\n","protected":false},"author":2,"featured_media":0,"parent":5457,"menu_order":0,"comment_status":"closed","ping_status":"closed","template":"","meta":{"_acf_changed":false,"_et_pb_use_builder":"on","_et_pb_old_content":"","_et_gb_content_width":"","footnotes":""},"class_list":["post-7682","page","type-page","status-publish"],"acf":[],"_links":{"self":[{"href":"https:\/\/www.secowarwick.com\/pl\/wp-json\/wp\/v2\/pages\/7682","targetHints":{"allow":["GET"]}}],"collection":[{"href":"https:\/\/www.secowarwick.com\/pl\/wp-json\/wp\/v2\/pages"}],"about":[{"href":"https:\/\/www.secowarwick.com\/pl\/wp-json\/wp\/v2\/types\/page"}],"author":[{"embeddable":true,"href":"https:\/\/www.secowarwick.com\/pl\/wp-json\/wp\/v2\/users\/2"}],"replies":[{"embeddable":true,"href":"https:\/\/www.secowarwick.com\/pl\/wp-json\/wp\/v2\/comments?post=7682"}],"version-history":[{"count":1,"href":"https:\/\/www.secowarwick.com\/pl\/wp-json\/wp\/v2\/pages\/7682\/revisions"}],"predecessor-version":[{"id":172833,"href":"https:\/\/www.secowarwick.com\/pl\/wp-json\/wp\/v2\/pages\/7682\/revisions\/172833"}],"up":[{"embeddable":true,"href":"https:\/\/www.secowarwick.com\/pl\/wp-json\/wp\/v2\/pages\/5457"}],"wp:attachment":[{"href":"https:\/\/www.secowarwick.com\/pl\/wp-json\/wp\/v2\/media?parent=7682"}],"curies":[{"name":"wp","href":"https:\/\/api.w.org\/{rel}","templated":true}]}}