{"id":7692,"date":"2016-11-03T10:32:20","date_gmt":"2016-11-03T09:32:20","guid":{"rendered":"http:\/\/www.secowarwick.com\/pl\/promocja\/faq\/why-do-we-use-oxygen-probe\/"},"modified":"2018-12-17T15:28:23","modified_gmt":"2018-12-17T14:28:23","slug":"why-do-we-use-oxygen-probe","status":"publish","type":"page","link":"https:\/\/www.secowarwick.com\/pl\/promocja\/faq\/why-do-we-use-oxygen-probe\/","title":{"rendered":"Dlaczego stosujemy sondy tlenowe?"},"content":{"rendered":"<p>[et_pb_section bb_built=&#8221;1&#8243; admin_label=&#8221;section&#8221;][et_pb_row admin_label=&#8221;row&#8221; background_position=&#8221;top_left&#8221; background_repeat=&#8221;repeat&#8221; background_size=&#8221;initial&#8221;][et_pb_column type=&#8221;2_3&#8243;][et_pb_text use_border_color=&#8221;off&#8221; background_position=&#8221;top_left&#8221; background_repeat=&#8221;repeat&#8221; background_size=&#8221;initial&#8221; _builder_version=&#8221;3.6&#8243;]<\/p>\n<h2>Wykorzystanie sondy tlenowej<\/h2>\n<p>Sondy tlenowe wykorzystujemy ze wzgl\u0119du na to, \u017ce pozwalaj\u0105 one na szybk\u0105 regulacj\u0119 sk\u0142adu chemicznego atmosfery pieca. Przy u\u017cyciu sondy tlenowej mo\u017cna zmierzy\u0107 poziom tlenu, co pozwala na obliczenie online potencja\u0142u w\u0119glowego atmosfery pieca.<\/p>\n<p>[\/et_pb_text][\/et_pb_column][et_pb_column type=&#8221;1_3&#8243;][\/et_pb_column][\/et_pb_row][\/et_pb_section]<\/p>\n","protected":false},"excerpt":{"rendered":"<p>Wykorzystanie sondy tlenowej Sondy tlenowe wykorzystujemy ze wzgl\u0119du na to, \u017ce pozwalaj\u0105 one na szybk\u0105 regulacj\u0119 sk\u0142adu chemicznego atmosfery pieca. Przy u\u017cyciu sondy tlenowej mo\u017cna zmierzy\u0107 poziom tlenu, co pozwala na obliczenie online potencja\u0142u w\u0119glowego atmosfery pieca.<\/p>\n","protected":false},"author":2,"featured_media":0,"parent":5457,"menu_order":0,"comment_status":"closed","ping_status":"closed","template":"","meta":{"_acf_changed":false,"_et_pb_use_builder":"on","_et_pb_old_content":"","_et_gb_content_width":"","footnotes":""},"class_list":["post-7692","page","type-page","status-publish"],"acf":[],"_links":{"self":[{"href":"https:\/\/www.secowarwick.com\/pl\/wp-json\/wp\/v2\/pages\/7692","targetHints":{"allow":["GET"]}}],"collection":[{"href":"https:\/\/www.secowarwick.com\/pl\/wp-json\/wp\/v2\/pages"}],"about":[{"href":"https:\/\/www.secowarwick.com\/pl\/wp-json\/wp\/v2\/types\/page"}],"author":[{"embeddable":true,"href":"https:\/\/www.secowarwick.com\/pl\/wp-json\/wp\/v2\/users\/2"}],"replies":[{"embeddable":true,"href":"https:\/\/www.secowarwick.com\/pl\/wp-json\/wp\/v2\/comments?post=7692"}],"version-history":[{"count":0,"href":"https:\/\/www.secowarwick.com\/pl\/wp-json\/wp\/v2\/pages\/7692\/revisions"}],"up":[{"embeddable":true,"href":"https:\/\/www.secowarwick.com\/pl\/wp-json\/wp\/v2\/pages\/5457"}],"wp:attachment":[{"href":"https:\/\/www.secowarwick.com\/pl\/wp-json\/wp\/v2\/media?parent=7692"}],"curies":[{"name":"wp","href":"https:\/\/api.w.org\/{rel}","templated":true}]}}