{"id":7701,"date":"2016-11-03T10:16:20","date_gmt":"2016-11-03T09:16:20","guid":{"rendered":"http:\/\/www.secowarwick.com\/pl\/promocja\/faq\/what-is-the-nitriding-potential\/"},"modified":"2023-03-07T11:55:37","modified_gmt":"2023-03-07T10:55:37","slug":"what-is-the-nitriding-potential","status":"publish","type":"page","link":"https:\/\/www.secowarwick.com\/pl\/promocja\/faq\/what-is-the-nitriding-potential\/","title":{"rendered":"Czym jest potencja\u0142 azotowania?"},"content":{"rendered":"<p>[et_pb_section fb_built=&#8221;1&#8243; admin_label=&#8221;section&#8221; _builder_version=&#8221;4.16&#8243; global_colors_info=&#8221;{}&#8221;][et_pb_row admin_label=&#8221;row&#8221; _builder_version=&#8221;4.16&#8243; background_size=&#8221;initial&#8221; background_position=&#8221;top_left&#8221; background_repeat=&#8221;repeat&#8221; global_colors_info=&#8221;{}&#8221; column_structure=&#8221;2_3,1_3&#8243;][et_pb_column type=&#8221;2_3&#8243; _builder_version=&#8221;4.16&#8243; custom_padding=&#8221;|||&#8221; global_colors_info=&#8221;{}&#8221; custom_padding__hover=&#8221;|||&#8221;][et_pb_text _builder_version=&#8221;4.19.2&#8243; background_size=&#8221;initial&#8221; background_position=&#8221;top_left&#8221; background_repeat=&#8221;repeat&#8221; hover_enabled=&#8221;0&#8243; use_border_color=&#8221;off&#8221; global_colors_info=&#8221;{}&#8221; sticky_enabled=&#8221;0&#8243;]<\/p>\n<h2>Czym jest potencja\u0142 azotowania?<\/h2>\n<p>Z punktu widzenia termodynamiki potencja\u0142 <a href=\"https:\/\/www.secowarwick.com\/pl\/produkty\/piece-do-obrobki-cieplnej-metali-w-atmosferach-atm\/zeroflow\/\" target=\"_blank\" rel=\"noopener\">azotowania<\/a> mo\u017cna zdefiniowa\u0107 w nast\u0119puj\u0105cy spos\u00f3b:<\/p>\n<p><img decoding=\"async\" class=\"left\" title=\"\" src=\"https:\/\/www.secowarwick.com\/wp-content\/uploads\/assets\/Uploads\/clip-image001.jpg\" alt=\"clip image001\" width=\"112\" height=\"65\" \/><\/p>\n<p>gdzie \u201epNH3\u201d i \u201epH2\u201d oznaczaj\u0105 ci\u015bnienia cz\u0105stkowe odpowiednio gazowego amoniaku i wodoru. Potencja\u0142 ten definiuje prawdopodobie\u0144stwo powstania warstw azotu o okre\u015blonej strukturze. Na og\u00f3l im wy\u017cszy potencja\u0142, tym powsta\u0142e fazy bogatsze s\u0105 w azot. Struktura fazowa warstw azotu jako funkcja potencja\u0142u i temperatury zosta\u0142a przedstawiona na wykresie Lehrer\u2019a.<\/p>\n<p>&nbsp;<\/p>\n<p>[\/et_pb_text][\/et_pb_column][et_pb_column type=&#8221;1_3&#8243; _builder_version=&#8221;4.16&#8243; custom_padding=&#8221;|||&#8221; global_colors_info=&#8221;{}&#8221; custom_padding__hover=&#8221;|||&#8221;][et_pb_blurb title=&#8221;Szukasz pieca do azotowania?&#8221; url=&#8221;https:\/\/www.secowarwick.com\/pl\/produkty\/piece-do-obrobki-cieplnej-metali-w-atmosferach-atm\/zeroflow\/&#8221; image=&#8221;https:\/\/www.secowarwick.com\/wp-content\/uploads\/2023\/03\/nitriding_secowarwick.jpg&#8221; alt=&#8221;piec do azotowania SECO\/WARWICK&#8221; admin_label=&#8221;faqVACsidebar&#8221; _builder_version=&#8221;4.19.2&#8243; background_size=&#8221;initial&#8221; background_position=&#8221;top_left&#8221; background_repeat=&#8221;repeat&#8221; max_width_tablet=&#8221;50px&#8221; hover_enabled=&#8221;0&#8243; use_border_color=&#8221;off&#8221; saved_tabs=&#8221;all&#8221; global_colors_info=&#8221;{}&#8221; title_text=&#8221;piec do azotowania SECO\/WARWICK&#8221; sticky_enabled=&#8221;0&#8243;]<\/p>\n<p>Sprawd\u017a nasze rozwi\u0105zania!<\/p>\n<p>[\/et_pb_blurb][\/et_pb_column][\/et_pb_row][\/et_pb_section]<\/p>\n","protected":false},"excerpt":{"rendered":"<p>Czym jest potencja\u0142 azotowania? Z punktu widzenia termodynamiki potencja\u0142 azotowania mo\u017cna zdefiniowa\u0107 w nast\u0119puj\u0105cy spos\u00f3b: gdzie \u201epNH3\u201d i \u201epH2\u201d oznaczaj\u0105 ci\u015bnienia cz\u0105stkowe odpowiednio gazowego amoniaku i wodoru. Potencja\u0142 ten definiuje prawdopodobie\u0144stwo powstania warstw azotu o okre\u015blonej strukturze. Na og\u00f3l im wy\u017cszy potencja\u0142, tym powsta\u0142e fazy bogatsze s\u0105 w azot. Struktura fazowa warstw azotu jako funkcja [&hellip;]<\/p>\n","protected":false},"author":2,"featured_media":0,"parent":5457,"menu_order":0,"comment_status":"closed","ping_status":"closed","template":"","meta":{"_acf_changed":false,"_et_pb_use_builder":"on","_et_pb_old_content":"","_et_gb_content_width":"","footnotes":""},"class_list":["post-7701","page","type-page","status-publish"],"acf":[],"_links":{"self":[{"href":"https:\/\/www.secowarwick.com\/pl\/wp-json\/wp\/v2\/pages\/7701","targetHints":{"allow":["GET"]}}],"collection":[{"href":"https:\/\/www.secowarwick.com\/pl\/wp-json\/wp\/v2\/pages"}],"about":[{"href":"https:\/\/www.secowarwick.com\/pl\/wp-json\/wp\/v2\/types\/page"}],"author":[{"embeddable":true,"href":"https:\/\/www.secowarwick.com\/pl\/wp-json\/wp\/v2\/users\/2"}],"replies":[{"embeddable":true,"href":"https:\/\/www.secowarwick.com\/pl\/wp-json\/wp\/v2\/comments?post=7701"}],"version-history":[{"count":1,"href":"https:\/\/www.secowarwick.com\/pl\/wp-json\/wp\/v2\/pages\/7701\/revisions"}],"predecessor-version":[{"id":137217,"href":"https:\/\/www.secowarwick.com\/pl\/wp-json\/wp\/v2\/pages\/7701\/revisions\/137217"}],"up":[{"embeddable":true,"href":"https:\/\/www.secowarwick.com\/pl\/wp-json\/wp\/v2\/pages\/5457"}],"wp:attachment":[{"href":"https:\/\/www.secowarwick.com\/pl\/wp-json\/wp\/v2\/media?parent=7701"}],"curies":[{"name":"wp","href":"https:\/\/api.w.org\/{rel}","templated":true}]}}