{"id":77889,"date":"2019-04-03T08:52:59","date_gmt":"2019-04-03T06:52:59","guid":{"rendered":"http:\/\/www.secowarwick.com\/?page_id=77889"},"modified":"2020-03-13T09:37:06","modified_gmt":"2020-03-13T08:37:06","slug":"seminarium-2019","status":"publish","type":"page","link":"https:\/\/www.secowarwick.com\/pl\/seminarium-2019\/","title":{"rendered":"Seminarium 2019"},"content":{"rendered":"<p>[et_pb_section bb_built=&#8221;1&#8243; fullwidth=&#8221;on&#8221; next_background_color=&#8221;#000000&#8243; custom_padding_tablet=&#8221;50px|0|50px|0&#8243; custom_padding_last_edited=&#8221;on|desktop&#8221; _builder_version=&#8221;3.6&#8243; disabled=&#8221;off&#8221; disabled_on=&#8221;on||&#8221;][et_pb_fullwidth_header _builder_version=&#8221;3.6&#8243; background_video_mp4=&#8221;https:\/\/www.secowarwick.com\/wp-content\/uploads\/2019\/10\/Seco-Konferencja-2019-HD-V5-compress.mp4&#8243; header_fullscreen=&#8221;on&#8221; header_scroll_down=&#8221;on&#8221; custom_margin=&#8221;-80px|||&#8221; custom_padding=&#8221;||80px|&#8221; custom_css_main_element=&#8221;margin-top: 50px;&#8221; \/][\/et_pb_section][et_pb_section bb_built=&#8221;1&#8243; fullwidth=&#8221;on&#8221; next_background_color=&#8221;#000000&#8243; custom_padding_tablet=&#8221;50px|0|50px|0&#8243; custom_padding_last_edited=&#8221;on|desktop&#8221; prev_background_color=&#8221;#000000&#8243; _builder_version=&#8221;3.6&#8243; disabled=&#8221;off&#8221; disabled_on=&#8221;off|on|on&#8221;][et_pb_fullwidth_slider show_arrows=&#8221;off&#8221; show_pagination=&#8221;off&#8221; module_class=&#8221;wstep&#8221; header_line_height=&#8221;1.5em&#8221; body_font_size=&#8221;46&#8243; body_line_height=&#8221;1.1em&#8221; button_icon=&#8221;%%28%%&#8221; button_icon_placement=&#8221;left&#8221; background_position=&#8221;top_left&#8221; custom_padding=&#8221;|||&#8221; box_shadow_blur=&#8221;10px&#8221; box_shadow_color=&#8221;rgba(0,0,0,0.1)&#8221; _builder_version=&#8221;3.6&#8243; box_shadow_style=&#8221;preset6&#8243;][et_pb_slide background_image=&#8221;https:\/\/www.secowarwick.com\/wp-content\/uploads\/2017\/05\/Slider-seminarium.png&#8221; use_bg_overlay=&#8221;off&#8221; use_text_overlay=&#8221;off&#8221; header_font=&#8221;||||&#8221; header_font_size=&#8221;18&#8243; header_font_size_tablet=&#8221;86&#8243; header_font_size_phone=&#8221;86&#8243; header_line_height=&#8221;1.1em&#8221; header_line_height_tablet=&#8221;1.1em&#8221; header_line_height_phone=&#8221;1.1em&#8221; body_font=&#8221;|on|||&#8221; body_font_size=&#8221;48&#8243; body_font_size_tablet=&#8221;40&#8243; body_font_size_phone=&#8221;30&#8243; body_line_height_tablet=&#8221;2.5em&#8221; body_line_height_phone=&#8221;2.5em&#8221; custom_button=&#8221;on&#8221; button_text_size=&#8221;22&#8243; button_text_color=&#8221;#ffffff&#8221; button_font=&#8221;||||&#8221; button_use_icon=&#8221;on&#8221; button_icon_placement=&#8221;right&#8221; button_on_hover=&#8221;on&#8221; button_text_size_tablet=&#8221;28&#8243; button_text_size_phone=&#8221;28&#8243; custom_css_slide_button=&#8221;float: left;&#8221; background_position=&#8221;top_left&#8221; background_size=&#8221;cover&#8221; background_color=&#8221;#ffffff&#8221; alignment=&#8221;center&#8221; background_layout=&#8221;dark&#8221; allow_player_pause=&#8221;off&#8221; text_border_radius=&#8221;3&#8243; header_font_select=&#8221;default&#8221; body_font_select=&#8221;default&#8221; button_font_select=&#8221;default&#8221; body_font_size_last_edited=&#8221;on|phone&#8221; _builder_version=&#8221;3.4.1&#8243; button_link=&#8221;#&#8221; use_background_color_gradient=&#8221;off&#8221; background_color_gradient_start=&#8221;#2b87da&#8221; background_color_gradient_end=&#8221;#29c4a9&#8243; background_color_gradient_type=&#8221;linear&#8221; background_color_gradient_direction=&#8221;180deg&#8221; background_color_gradient_direction_radial=&#8221;center&#8221; background_color_gradient_start_position=&#8221;0%&#8221; background_color_gradient_end_position=&#8221;100%&#8221; background_color_gradient_overlays_image=&#8221;off&#8221; parallax=&#8221;off&#8221; parallax_method=&#8221;on&#8221; background_repeat=&#8221;no-repeat&#8221; background_blend=&#8221;normal&#8221; background_video_pause_outside_viewport=&#8221;on&#8221; child_filter_hue_rotate=&#8221;0deg&#8221; child_filter_saturate=&#8221;100%&#8221; child_filter_brightness=&#8221;100%&#8221; child_filter_contrast=&#8221;100%&#8221; child_filter_invert=&#8221;0%&#8221; child_filter_sepia=&#8221;0%&#8221; child_filter_opacity=&#8221;100%&#8221; child_filter_blur=&#8221;0px&#8221; child_mix_blend_mode=&#8221;normal&#8221; text_shadow_style=&#8221;none&#8221; header_text_shadow_style=&#8221;none&#8221; body_text_shadow_style=&#8221;none&#8221; button_bg_use_color_gradient=&#8221;off&#8221; button_bg_color_gradient_overlays_image=&#8221;off&#8221; button_text_shadow_style=&#8221;none&#8221; box_shadow_style_button=&#8221;none&#8221; text_shadow_horizontal_length=&#8221;0em&#8221; text_shadow_vertical_length=&#8221;0em&#8221; text_shadow_blur_strength=&#8221;0em&#8221; header_text_shadow_horizontal_length=&#8221;0em&#8221; header_text_shadow_vertical_length=&#8221;0em&#8221; header_text_shadow_blur_strength=&#8221;0em&#8221; body_text_shadow_horizontal_length=&#8221;0em&#8221; body_text_shadow_vertical_length=&#8221;0em&#8221; body_text_shadow_blur_strength=&#8221;0em&#8221; button_text_shadow_horizontal_length=&#8221;0em&#8221; button_text_shadow_vertical_length=&#8221;0em&#8221; button_text_shadow_blur_strength=&#8221;0em&#8221;]<\/p>\n<p style=\"text-align: left;\"><span style=\"color: #ff0000;\">\/<\/span>Heat Treatment 4.0 &#8211; Seminar by SECO\/WARWICK<\/p>\n<p>[\/et_pb_slide][\/et_pb_fullwidth_slider][\/et_pb_section][et_pb_section bb_built=&#8221;1&#8243; prev_background_color=&#8221;#000000&#8243; next_background_color=&#8221;#000000&#8243; custom_padding_tablet=&#8221;50px|0|50px|0&#8243; custom_padding_last_edited=&#8221;on|desktop&#8221; _builder_version=&#8221;3.6&#8243; custom_margin=&#8221;||0px|&#8221; custom_padding=&#8221;||0px|&#8221;][et_pb_row][et_pb_column type=&#8221;2_3&#8243;][et_pb_breadcrumbs]<\/p>\n<p>&lt;div class=&#8221;et_pb_module et_pb_breadcrumbs et_pb_breadcrumbs_1&#8243;&gt;<br \/>\n&lt;p id=&#8221;breadcrumbs&#8221;&gt;&lt;span class=&#8221;breadcrumb_last&#8221;&gt;HOME&lt;\/span&gt;&lt;\/p&gt;<\/p>\n<p>&lt;\/div&gt;<br \/>\n&lt;!&#8211; .et_pb_converter &#8211;&gt;<\/p>\n<p>[\/et_pb_breadcrumbs][et_pb_text _builder_version=&#8221;3.6&#8243;]<\/p>\n<h1>XXII SEMINARIUM SECO\/WARWICK \u201eObr\u00f3bka Cieplna 4.0\u201d<\/h1>\n<p>[\/et_pb_text][\/et_pb_column][et_pb_column type=&#8221;1_3&#8243;][\/et_pb_column][\/et_pb_row][et_pb_row custom_padding=&#8221;||0px|&#8221; column_padding_mobile=&#8221;on&#8221; parallax_method_1=&#8221;off&#8221; background_position=&#8221;top_left&#8221; background_repeat=&#8221;repeat&#8221; background_size=&#8221;initial&#8221; _builder_version=&#8221;3.6&#8243; custom_margin=&#8221;||0px|&#8221;][et_pb_column type=&#8221;4_4&#8243;][et_pb_text text_orientation=&#8221;justified&#8221; custom_css_main_element=&#8221;letter-spacing: 0.4px&#8221; use_border_color=&#8221;off&#8221; background_position=&#8221;top_left&#8221; background_repeat=&#8221;repeat&#8221; background_size=&#8221;initial&#8221; _builder_version=&#8221;3.6&#8243;]<\/p>\n<h3><strong>XXII Seminarium SECO\/WARWICK Obr\u00f3bka Cieplna 4.0. dobieg\u0142o ko\u0144ca.<\/strong><\/h3>\n<p><strong>130 uczestnik\u00f3w, 20 prelegent\u00f3w, 15 godzin wyk\u0142ad\u00f3w, 3 bloki tematyczne i tylko jedno takie wydarzenie w bran\u017cy obr\u00f3bki cieplnej!<\/strong><\/p>\n<p>Seminarium SECO\/WARWICK, wedle zapowiedzi, mia\u0142o od\u015bwie\u017con\u0105 formu\u0142\u0119, czyli bloki tematyczne, panele dyskusyjne i, jak co roku, wyk\u0142ady najlepszych bran\u017cowych ekspert\u00f3w.<\/p>\n<p>Od 10 do 12 wrze\u015bnia elita specjalist\u00f3w w dziedzinie obr\u00f3bki cieplnej dyskutowa\u0142a o rozwi\u0105zaniach, technologiach i wyzwaniach nowoczesnego przemys\u0142u.<\/p>\n<p><strong>Wiedza i przysz\u0142o\u015b\u0107<\/strong><\/p>\n<p>XXII edycja wydarzenia zosta\u0142a oficjalnie otwarta przez nowego <a href=\"https:\/\/www.secowarwick.com\/pl\/ospolce\/zarzad-spolki\/\">CEO<\/a> Grupy SECO\/WARWICK, <a href=\"https:\/\/www.secowarwick.com\/pl\/news\/slawomir-wozniak-prezesem-secowarwick\/\">S\u0142awomira Wo\u017aniaka<\/a>, za\u015b prowadz\u0105cymi profesorowie z zaprzyja\u017anionych uczelni, tj. Politechniki \u0141\u00f3dzkiej i Pozna\u0144skiej. Tego roku, to w\u0142a\u015bnie we wsp\u00f3\u0142pracy z cia\u0142em naukowych, program Seminarium zosta\u0142 podzielony na 3 bloki tematyczne: przemys\u0142 lotniczy i energetyczny, masowy oraz hartowanie us\u0142ugowe. I cho\u0107 nie zabrak\u0142o merytorycznych wyk\u0142ad\u00f3w, to panele dyskusyjne cieszy\u0142y si\u0119 najwi\u0119ksz\u0105 sympati\u0105 i dobrym odbiorem uczestnik\u00f3w.<\/p>\n<p><strong>Ca\u0142kiem nowe podej\u015bcie<\/strong><\/p>\n<p>Nowe podej\u015bcie dotyczy\u0142o nie tylko formu\u0142y wydarzenia ale i definicji <a href=\"https:\/\/www.secowarwick.com\/pl\/profesjonalne-uslugi-serwisowe\/\">serwisu<\/a>. Bowiem \u00a0maj\u0105c na uwadze liczb\u0119 decyzji biznesowych, jakie nasi klienci musz\u0105 podj\u0105\u0107 ka\u017cdego dnia i konieczno\u015b\u0107 nieprzerwanej dost\u0119pno\u015bci urz\u0105dze\u0144, przedstawiony zosta\u0142 wachlarz us\u0142ug serwisowych i autorski system <a href=\"https:\/\/www.secowarwick.com\/pl\/profesjonalne-uslugi-serwisowe\/seco-predictive\/\">SECO\/PREDICTIVE<\/a>. To w\u0142a\u015bnie zaawansowany, inteligentny system kontroli urz\u0105dze\u0144 umo\u017cliwia\u00a0wykrywanie potencjalnych awarii jeszcze przed ich wyst\u0105pieniem, gwarantuje\u00a0wysok\u0105 skuteczno\u015b\u0107 we wsparciu proces\u00f3w\u00a0utrzymania ruchu i zapewnia\u00a0maksymaln\u0105 wygod\u0119 u\u017cytkowania.<\/p>\n<p><strong>Seminarium \u2013 nie tylko platform\u0105 biznesow\u0105<\/strong><\/p>\n<p>Wydarzenie SECO\/WARWICK cieszy si\u0119 uznaniem uczestnik\u00f3w, tak\u017ce z uwagi na mo\u017cliwo\u015b\u0107 zawierania i zacie\u015bniania relacji. To tu, w nieformalnych okoliczno\u015bciach (jak np. Ice Breaker) tworzy si\u0119 okazja networkingowa, kontynuowana podczas\u00a0 eleganckiej Gali Dinner. Tu g\u0142\u00f3wnym punktem wieczoru by\u0142 wyst\u0119p najlepszego duetu iluzjonist\u00f3w \u2013 Filipa\u00a0 i S\u0142awomira Piestrzeniewicz\u00f3w.\u00a0 Je\u015bli Seminarium Obr\u00f3bka Cieplna 4.0, to i Magia 4.0. Spotkanie tych \u015bwiat\u00f3w nie jest nieuzasadnione, bowiem magiczna para tak jak i SECO\/WARWICK tworz\u0105 rozwi\u0105zania niesamowite i trudne.<\/p>\n<p>XXII Seminarium mo\u017cna zatem zdefiniowa\u0107 jako spotkanie \u015bwiata biznesu, nauki i magii.<\/p>\n<p>[\/et_pb_text][et_pb_blurb _builder_version=&#8221;3.6&#8243; url=&#8221;#price&#8221; use_icon=&#8221;on&#8221; font_icon=&#8221;%%26%%&#8221; icon_color=&#8221;#2d2d2d&#8221; use_icon_font_size=&#8221;on&#8221; icon_font_size=&#8221;49&#8243; custom_margin=&#8221;||0px|&#8221; custom_padding=&#8221;||0px|&#8221; \/][\/et_pb_column][\/et_pb_row][\/et_pb_section][et_pb_section bb_built=&#8221;1&#8243; prev_background_color=&#8221;#000000&#8243; custom_padding_tablet=&#8221;50px|0|50px|0&#8243; custom_padding_last_edited=&#8221;on|desktop&#8221; _builder_version=&#8221;3.6&#8243; module_id=&#8221;kafle&#8221; custom_margin=&#8221;||0px|&#8221; custom_padding=&#8221;||0px|&#8221;][et_pb_row use_custom_gutter=&#8221;on&#8221; gutter_width=&#8221;1&#8243; custom_padding=&#8221;0px|0px|0px|0px&#8221; padding_mobile=&#8221;off&#8221; column_padding_mobile=&#8221;on&#8221; parallax_method_1=&#8221;off&#8221; parallax_method_2=&#8221;off&#8221; parallax_method_3=&#8221;off&#8221; parallax_method_4=&#8221;off&#8221; make_fullwidth=&#8221;off&#8221; use_custom_width=&#8221;off&#8221; width_unit=&#8221;on&#8221; allow_player_pause=&#8221;off&#8221; parallax=&#8221;off&#8221; parallax_method=&#8221;on&#8221; make_equal=&#8221;off&#8221; parallax_1=&#8221;off&#8221; parallax_2=&#8221;off&#8221; parallax_3=&#8221;off&#8221; parallax_4=&#8221;off&#8221; background_position=&#8221;top_left&#8221; background_repeat=&#8221;repeat&#8221; background_size=&#8221;initial&#8221;][et_pb_column type=&#8221;1_4&#8243;][et_pb_blurb admin_label=&#8221;ZAREJESTRUJ SI\u0118&#8221; text_orientation=&#8221;center&#8221; module_class=&#8221;productshp&#8221; header_font=&#8221;|on|||&#8221; header_font_size=&#8221;25&#8243; background_color=&#8221;#e02b20&#8243; custom_padding=&#8221;105px|45px||45px&#8221; custom_css_main_element=&#8221;min-height: 270px !Important;||padding-top: 110px !Important;||padding-left: 10px !Important;||padding-right: 10px !Important;&#8221; use_border_color=&#8221;off&#8221; background_position=&#8221;top_left&#8221; background_repeat=&#8221;repeat&#8221; background_size=&#8221;initial&#8221; _builder_version=&#8221;3.6&#8243; title=&#8221;Tegoroczna edycja&#8221; max_width_tablet=&#8221;50px&#8221; header_text_color=&#8221;#ffffff&#8221; url=&#8221;https:\/\/www.secowarwick.com\/pl\/seminarium-2019\/galeria-zdjec-extra\/&#8221; \/][\/et_pb_column][et_pb_column type=&#8221;1_4&#8243;][et_pb_blurb admin_label=&#8221;zapiszopen&#8221; background_layout=&#8221;dark&#8221; text_orientation=&#8221;center&#8221; module_class=&#8221;productshp&#8221; header_font=&#8221;|on|||&#8221; header_font_size=&#8221;25&#8243; body_font_size=&#8221;25&#8243; background_color=&#8221;#ffffff&#8221; background_image=&#8221;https:\/\/www.secowarwick.com\/wp-content\/uploads\/2019\/03\/kafelek1jpg.jpg&#8221; custom_padding=&#8221;105px|45px||45px&#8221; custom_css_main_element=&#8221;min-height: 270px !Important;||padding-top: 90px !Important;||padding-left: 45px !Important;||padding-right: 45px !Important;&#8221; use_border_color=&#8221;off&#8221; background_position=&#8221;top_left&#8221; background_repeat=&#8221;repeat&#8221; background_size=&#8221;initial&#8221; _builder_version=&#8221;3.6&#8243; max_width_tablet=&#8221;50px&#8221; \/][\/et_pb_column][et_pb_column type=&#8221;1_4&#8243;][et_pb_blurb admin_label=&#8221;SPRAWD\u0179 PROGRAM&#8221; title=&#8221;Galeria zdj\u0119\u0107&#8221; url_new_window=&#8221;on&#8221; background_layout=&#8221;dark&#8221; text_orientation=&#8221;center&#8221; module_class=&#8221;productshp&#8221; header_font=&#8221;|on|||&#8221; header_font_size=&#8221;25&#8243; background_color=&#8221;#dc291e&#8221; custom_padding=&#8221;105px|45px||45px&#8221; custom_css_main_element=&#8221;min-height: 270px !Important;||padding-top: 110px !Important;||padding-left: 7px !Important;||padding-right: 7px !Important;&#8221; use_border_color=&#8221;off&#8221; background_position=&#8221;top_left&#8221; background_repeat=&#8221;repeat&#8221; background_size=&#8221;initial&#8221; _builder_version=&#8221;3.6&#8243; max_width_tablet=&#8221;50px&#8221; url=&#8221;https:\/\/www.secowarwick.com\/pl\/seminarium-2019\/galeria-zdjec\/&#8221; \/][\/et_pb_column][et_pb_column type=&#8221;1_4&#8243;][et_pb_blurb admin_label=&#8221;zostan-prelegentem&#8221; background_layout=&#8221;dark&#8221; text_orientation=&#8221;center&#8221; module_class=&#8221;productshp&#8221; header_font=&#8221;|on|||&#8221; header_font_size=&#8221;25&#8243; background_color=&#8221;#ffffff&#8221; background_image=&#8221;https:\/\/www.secowarwick.com\/wp-content\/uploads\/2017\/05\/Kwadrat2-big.jpg&#8221; custom_css_main_element=&#8221;min-height: 270px !Important;||padding-top: 110px !Important;||padding-left: 7px !Important;||padding-right: 7px !Important;&#8221; use_border_color=&#8221;off&#8221; background_position=&#8221;top_left&#8221; background_repeat=&#8221;repeat&#8221; background_size=&#8221;initial&#8221; _builder_version=&#8221;3.6&#8243; max_width_tablet=&#8221;50px&#8221; url=&#8221;https:\/\/www.secowarwick.com\/pl\/seminarium-2019\/prelegenci\/&#8221; title=&#8221;Prelegenci i Paneli\u015bci&#8221; \/][\/et_pb_column][\/et_pb_row][et_pb_row use_custom_gutter=&#8221;on&#8221; gutter_width=&#8221;0&#8243; custom_padding=&#8221;0px|0px|0px|0px&#8221; padding_mobile=&#8221;off&#8221; column_padding_mobile=&#8221;on&#8221; parallax_method_1=&#8221;off&#8221; parallax_method_2=&#8221;off&#8221; parallax_method_3=&#8221;off&#8221; parallax_method_4=&#8221;off&#8221; background_position=&#8221;top_left&#8221; background_repeat=&#8221;repeat&#8221; background_size=&#8221;initial&#8221;][et_pb_column type=&#8221;1_4&#8243;][et_pb_blurb admin_label=&#8221;partnerzy&#8221; background_layout=&#8221;dark&#8221; text_orientation=&#8221;center&#8221; module_class=&#8221;productshp&#8221; header_font=&#8221;|on|||&#8221; header_font_size=&#8221;25&#8243; background_color=&#8221;#ffffff&#8221; background_image=&#8221;https:\/\/www.secowarwick.com\/wp-content\/uploads\/2017\/05\/Kwadrat3-big.jpg&#8221; custom_css_main_element=&#8221;min-height: 270px !Important;||padding-top: 90px !Important;||padding-left: 20px !Important;||padding-right: 20px !Important;&#8221; use_border_color=&#8221;off&#8221; background_position=&#8221;top_left&#8221; background_repeat=&#8221;repeat&#8221; background_size=&#8221;initial&#8221; _builder_version=&#8221;3.6&#8243; max_width_tablet=&#8221;50px&#8221; url=&#8221;https:\/\/www.secowarwick.com\/pl\/seminarium-2019\/partnerzy\/&#8221; title=&#8221;Partnerzy&#8221; \/][\/et_pb_column][et_pb_column type=&#8221;1_4&#8243;][et_pb_blurb admin_label=&#8221;relacja&#8221; background_layout=&#8221;dark&#8221; text_orientation=&#8221;center&#8221; module_class=&#8221;productshp&#8221; header_font=&#8221;|on|||&#8221; header_font_size=&#8221;25&#8243; background_color=&#8221;#dc291e&#8221; custom_css_main_element=&#8221;min-height: 270px !Important;||padding-top: 90px !Important;||padding-left: 30px !Important;||padding-right: 30px !Important;&#8221; use_border_color=&#8221;off&#8221; background_position=&#8221;top_left&#8221; background_repeat=&#8221;repeat&#8221; background_size=&#8221;initial&#8221; _builder_version=&#8221;3.6&#8243; max_width_tablet=&#8221;50px&#8221; title=&#8221;Open Day 2018&#8243; url=&#8221;https:\/\/www.secowarwick.com\/pl\/informacje\/seminarium-2019\/open-day\/&#8221;]<\/p>\n<p><span style=\"color: #ffffff;\">Zobacz SECO\/WARWICK od \u015brodka<\/span><\/p>\n<p>[\/et_pb_blurb][\/et_pb_column][et_pb_column type=&#8221;1_4&#8243;][et_pb_blurb admin_label=&#8221;regulamin openday&#8221; background_layout=&#8221;dark&#8221; text_orientation=&#8221;center&#8221; module_class=&#8221;productshp&#8221; header_font=&#8221;|on|||&#8221; header_font_size=&#8221;25&#8243; background_color=&#8221;#ffffff&#8221; background_image=&#8221;https:\/\/www.secowarwick.com\/wp-content\/uploads\/2019\/09\/mic.jpg&#8221; custom_padding=&#8221;90px|55px||55px&#8221; custom_css_main_element=&#8221;min-height: 270px !Important;||padding-left: 7px !Important;||padding-right: 7px !Important;&#8221; use_border_color=&#8221;off&#8221; background_position=&#8221;top_left&#8221; background_repeat=&#8221;repeat&#8221; background_size=&#8221;initial&#8221; _builder_version=&#8221;3.6&#8243; max_width_tablet=&#8221;50px&#8221; url_new_window=&#8221;on&#8221; title=&#8221;60 sekund o wydarzeniu&#8221; url=&#8221;https:\/\/www.secowarwick.com\/pl\/seminarium-2019\/60-seconds\/&#8221; \/][\/et_pb_column][et_pb_column type=&#8221;1_4&#8243;][et_pb_blurb admin_label=&#8221;regulamin&#8221; title=&#8221;Wideo relacja&#8221; url=&#8221;https:\/\/www.youtube.com\/watch?v=7sfQ1hvOOIE&#8221; text_orientation=&#8221;center&#8221; module_class=&#8221;productshp&#8221; header_font=&#8221;|on|||&#8221; header_font_size=&#8221;25&#8243; background_color=&#8221;#e02b20&#8243; custom_css_main_element=&#8221;min-height: 270px !Important;||padding-top: 90px !Important;||padding-left: 30px !Important;||padding-right: 30px !Important;&#8221; use_border_color=&#8221;off&#8221; background_position=&#8221;top_left&#8221; background_repeat=&#8221;repeat&#8221; background_size=&#8221;initial&#8221; _builder_version=&#8221;3.6&#8243; max_width_tablet=&#8221;50px&#8221; header_text_color=&#8221;#ffffff&#8221;]<\/p>\n<p><span style=\"color: #ffffff;\">Obejrzyj kr\u00f3tk\u0105 relacj\u0119 z poprzedniej\u00a0edycji<\/span><\/p>\n<p>[\/et_pb_blurb][\/et_pb_column][\/et_pb_row][et_pb_row][et_pb_column type=&#8221;4_4&#8243;][\/et_pb_column][\/et_pb_row][\/et_pb_section]<\/p>\n","protected":false},"excerpt":{"rendered":"<p>\/Heat Treatment 4.0 &#8211; Seminar by SECO\/WARWICK <div class=\"et_pb_row et_pb_row_0 et_pb_row_empty\">\n\t\t\t\t\n\t\t\t\t\n\t\t\t\t\n\t\t\t\t\n\t\t\t\t\n\t\t\t<\/div>[et_pb_breadcrumbs] &lt;div class=&#8221;et_pb_module et_pb_breadcrumbs et_pb_breadcrumbs_1&#8243;&gt; &lt;p id=&#8221;breadcrumbs&#8221;&gt;&lt;span class=&#8221;breadcrumb_last&#8221;&gt;HOME&lt;\/span&gt;&lt;\/p&gt; &lt;\/div&gt; &lt;!&#8211; .et_pb_converter &#8211;&gt; [\/et_pb_breadcrumbs] XXII SEMINARIUM SECO\/WARWICK \u201eObr\u00f3bka Cieplna 4.0\u201d XXII Seminarium SECO\/WARWICK Obr\u00f3bka Cieplna 4.0. dobieg\u0142o ko\u0144ca. 130 uczestnik\u00f3w, 20 prelegent\u00f3w, 15 godzin wyk\u0142ad\u00f3w, 3 bloki tematyczne i tylko jedno takie wydarzenie w bran\u017cy obr\u00f3bki cieplnej! Seminarium SECO\/WARWICK, [&hellip;]<\/p>\n","protected":false},"author":2,"featured_media":0,"parent":0,"menu_order":0,"comment_status":"closed","ping_status":"closed","template":"","meta":{"_acf_changed":false,"_et_pb_use_builder":"on","_et_pb_old_content":"","_et_gb_content_width":"","footnotes":""},"class_list":["post-77889","page","type-page","status-publish"],"acf":[],"_links":{"self":[{"href":"https:\/\/www.secowarwick.com\/pl\/wp-json\/wp\/v2\/pages\/77889","targetHints":{"allow":["GET"]}}],"collection":[{"href":"https:\/\/www.secowarwick.com\/pl\/wp-json\/wp\/v2\/pages"}],"about":[{"href":"https:\/\/www.secowarwick.com\/pl\/wp-json\/wp\/v2\/types\/page"}],"author":[{"embeddable":true,"href":"https:\/\/www.secowarwick.com\/pl\/wp-json\/wp\/v2\/users\/2"}],"replies":[{"embeddable":true,"href":"https:\/\/www.secowarwick.com\/pl\/wp-json\/wp\/v2\/comments?post=77889"}],"version-history":[{"count":0,"href":"https:\/\/www.secowarwick.com\/pl\/wp-json\/wp\/v2\/pages\/77889\/revisions"}],"wp:attachment":[{"href":"https:\/\/www.secowarwick.com\/pl\/wp-json\/wp\/v2\/media?parent=77889"}],"curies":[{"name":"wp","href":"https:\/\/api.w.org\/{rel}","templated":true}]}}