{"id":78083,"date":"2019-04-04T09:57:42","date_gmt":"2019-04-04T07:57:42","guid":{"rendered":"http:\/\/www.secowarwick.com\/information-on-the-processing\/"},"modified":"2022-11-16T07:37:40","modified_gmt":"2022-11-16T06:37:40","slug":"obowiazek-informacyjny","status":"publish","type":"page","link":"https:\/\/www.secowarwick.com\/pl\/obowiazek-informacyjny\/","title":{"rendered":"OBOWI\u0104ZEK INFORMACYJNY"},"content":{"rendered":"<p>[et_pb_section fb_built=&#8221;1&#8243; _builder_version=&#8221;3.22&#8243; global_colors_info=&#8221;{}&#8221;][et_pb_row _builder_version=&#8221;3.25&#8243; background_size=&#8221;initial&#8221; background_position=&#8221;top_left&#8221; background_repeat=&#8221;repeat&#8221; global_colors_info=&#8221;{}&#8221;][et_pb_column type=&#8221;4_4&#8243; _builder_version=&#8221;3.25&#8243; custom_padding=&#8221;|||&#8221; global_colors_info=&#8221;{}&#8221; custom_padding__hover=&#8221;|||&#8221;][et_pb_text _builder_version=&#8221;4.10.3&#8243; hover_enabled=&#8221;0&#8243; global_colors_info=&#8221;{}&#8221; sticky_enabled=&#8221;0&#8243;]<\/p>\n<table class=\"tnc table table-striped table-hover\">\n<tbody>\n<tr>\n<td style=\"width: 298.667px;\"><b>SECO\/WARWICK S.A.<\/b><br \/>ul. Sobieskiego 8, 66-200 \u015awiebodzin, Poland<\/td>\n<td style=\"width: 261.333px;\"><a href=\"https:\/\/www.secowarwick.com\/wp-content\/uploads\/2022\/11\/SWSA-PRIVACY-POLICY_PL_2022_01.pdf\" target=\"_blank\" rel=\"noopener\">Obowi\u0105zek informacyjny wobec dostawcy<\/a><\/td>\n<td style=\"width: 245.333px;\"><a href=\"https:\/\/www.secowarwick.com\/wp-content\/uploads\/2022\/11\/SWSA-PRIVACY-POLICY_PL_2022_01.pdf\" target=\"_blank\" rel=\"noopener\">Obowi\u0105zek informacyjny wobec klienta<\/a><\/td>\n<\/tr>\n<tr>\n<td style=\"width: 298.667px;\"><b><strong>SECO<span class=\"red\">\/<\/span>WARWICK SERVICES SP. Z O. O.<br \/><\/strong><\/b>ul. Zachodnia 76, 66-200 \u015awiebodzin, Poland<\/td>\n<td style=\"width: 261.333px;\"><a href=\"https:\/\/www.secowarwick.com\/wp-content\/uploads\/2022\/11\/SWS-PRIVACY-POLICY_PL_2022_01.pdf\" target=\"_blank\" rel=\"noopener\">Obowi\u0105zek informacyjny wobec dostawcy<\/a><\/td>\n<td style=\"width: 245.333px;\"><a href=\"https:\/\/www.secowarwick.com\/wp-content\/uploads\/2022\/11\/SWS-PRIVACY-POLICY_PL_2022_01.pdf\" target=\"_blank\" rel=\"noopener\">Obowi\u0105zek informacyjny wobec klienta<\/a><\/td>\n<\/tr>\n<\/tbody>\n<\/table>\n<p>[\/et_pb_text][\/et_pb_column][\/et_pb_row][\/et_pb_section]<\/p>\n","protected":false},"excerpt":{"rendered":"<p>SECO\/WARWICK S.A.ul. Sobieskiego 8, 66-200 \u015awiebodzin, Poland Obowi\u0105zek informacyjny wobec dostawcy Obowi\u0105zek informacyjny wobec klienta SECO\/WARWICK SERVICES SP. Z O. O.ul. Zachodnia 76, 66-200 \u015awiebodzin, Poland Obowi\u0105zek informacyjny wobec dostawcy Obowi\u0105zek informacyjny wobec klienta<\/p>\n","protected":false},"author":2,"featured_media":0,"parent":0,"menu_order":0,"comment_status":"closed","ping_status":"closed","template":"","meta":{"_acf_changed":false,"_et_pb_use_builder":"on","_et_pb_old_content":"","_et_gb_content_width":"","footnotes":""},"class_list":["post-78083","page","type-page","status-publish"],"acf":[],"_links":{"self":[{"href":"https:\/\/www.secowarwick.com\/pl\/wp-json\/wp\/v2\/pages\/78083","targetHints":{"allow":["GET"]}}],"collection":[{"href":"https:\/\/www.secowarwick.com\/pl\/wp-json\/wp\/v2\/pages"}],"about":[{"href":"https:\/\/www.secowarwick.com\/pl\/wp-json\/wp\/v2\/types\/page"}],"author":[{"embeddable":true,"href":"https:\/\/www.secowarwick.com\/pl\/wp-json\/wp\/v2\/users\/2"}],"replies":[{"embeddable":true,"href":"https:\/\/www.secowarwick.com\/pl\/wp-json\/wp\/v2\/comments?post=78083"}],"version-history":[{"count":2,"href":"https:\/\/www.secowarwick.com\/pl\/wp-json\/wp\/v2\/pages\/78083\/revisions"}],"predecessor-version":[{"id":133197,"href":"https:\/\/www.secowarwick.com\/pl\/wp-json\/wp\/v2\/pages\/78083\/revisions\/133197"}],"wp:attachment":[{"href":"https:\/\/www.secowarwick.com\/pl\/wp-json\/wp\/v2\/media?parent=78083"}],"curies":[{"name":"wp","href":"https:\/\/api.w.org\/{rel}","templated":true}]}}