{"id":81051,"date":"2018-09-19T14:40:41","date_gmt":"2018-09-19T12:40:41","guid":{"rendered":"http:\/\/www.secowarwick.com\/vertiquench-drop-bottom-furnaces\/"},"modified":"2026-02-11T16:21:32","modified_gmt":"2026-02-11T15:21:32","slug":"przelotowe-piece-hartujace-vertiquench","status":"publish","type":"page","link":"https:\/\/www.secowarwick.com\/pl\/produkty\/obrobka-cieplna-aluminium\/przelotowe-piece-hartujace-vertiquench\/","title":{"rendered":"Piec przelotowy do przesycania i starzenia stop\u00f3w aluminium &#8211; VertiQuench Drop Bottom"},"content":{"rendered":"<p>[et_pb_section fb_built=&#8221;1&#8243; _builder_version=&#8221;4.16&#8243; global_colors_info=&#8221;{}&#8221;][et_pb_row _builder_version=&#8221;4.16&#8243; background_size=&#8221;initial&#8221; background_position=&#8221;top_left&#8221; background_repeat=&#8221;repeat&#8221; global_colors_info=&#8221;{}&#8221;][et_pb_column type=&#8221;4_4&#8243; _builder_version=&#8221;4.16&#8243; custom_padding=&#8221;|||&#8221; global_colors_info=&#8221;{}&#8221; custom_padding__hover=&#8221;|||&#8221;][et_pb_image src=&#8221;https:\/\/www.secowarwick.com\/wp-content\/uploads\/2019\/11\/slider-Vertiquench.jpg&#8221; alt=&#8221;Piec przelotowy do\u00a0przesycania i\u00a0starzenia stop\u00f3w aluminium &#8211; VertiQuench\u00ae Drop Bottom&#8221; title_text=&#8221;Piec przelotowy do\u00a0przesycania i\u00a0starzenia stop\u00f3w aluminium &#8211; VertiQuench\u00ae Drop Bottom&#8221; align_tablet=&#8221;center&#8221; align_phone=&#8221;&#8221; align_last_edited=&#8221;on|desktop&#8221; _builder_version=&#8221;4.16&#8243; global_colors_info=&#8221;{}&#8221;][\/et_pb_image][\/et_pb_column][\/et_pb_row][\/et_pb_section][et_pb_section fb_built=&#8221;1&#8243; admin_label=&#8221;section&#8221; _builder_version=&#8221;4.16&#8243; custom_padding=&#8221;25px|||&#8221; transparent_background=&#8221;off&#8221; make_fullwidth=&#8221;off&#8221; use_custom_width=&#8221;off&#8221; width_unit=&#8221;on&#8221; global_colors_info=&#8221;{}&#8221;][et_pb_row column_structure=&#8221;3_4,1_4&#8243; admin_label=&#8221;row&#8221; _builder_version=&#8221;4.16&#8243; background_size=&#8221;initial&#8221; background_position=&#8221;top_left&#8221; background_repeat=&#8221;repeat&#8221; custom_margin=&#8221;0px|||&#8221; custom_padding=&#8221;0px|||&#8221; make_fullwidth=&#8221;off&#8221; use_custom_width=&#8221;off&#8221; width_unit=&#8221;on&#8221; global_colors_info=&#8221;{}&#8221;][et_pb_column type=&#8221;3_4&#8243; _builder_version=&#8221;4.16&#8243; custom_padding=&#8221;|||&#8221; global_colors_info=&#8221;{}&#8221; custom_padding__hover=&#8221;|||&#8221;][et_pb_breadcrumbs _builder_version=&#8221;4.10.3&#8243; _module_preset=&#8221;default&#8221; global_colors_info=&#8221;{}&#8221;][\/et_pb_breadcrumbs][et_pb_text module_class=&#8221;podtytuly&#8221; _builder_version=&#8221;4.23.1&#8243; global_colors_info=&#8221;{}&#8221;]<\/p>\n<h1>Piec przelotowy do\u00a0przesycania i\u00a0starzenia stop\u00f3w aluminium &#8211; VertiQuench Drop Bottom<\/h1>\n<p>SECO\/WARWICK to\u00a0globalny producent urz\u0105dze\u0144 do\u00a0<strong>obr\u00f3bki cieplnej aluminium<\/strong>. Dostarczaj\u0105cy \u015bwiatowemu przemys\u0142owi aluminiowemu wydajne linie produkcyjne, kt\u00f3re gwarantuj\u0105 r\u00f3wnomierny rozk\u0142ad temperatury i\u00a0personalizowane technologie za\u0142adunku. To\u00a0sprawia, \u017ce\u00a0urz\u0105dzenia SECO\/WARWICK idealnie nadaj\u0105 si\u0119 do\u00a0najbardziej wymagaj\u0105cych aplikacji. Nasze piece pomog\u0105 Pa\u0144stwu zapewni\u0107 najlepsz\u0105 na\u00a0\u015bwiecie realizacj\u0119 proces\u00f3w obr\u00f3bki cieplnej, najwy\u017csz\u0105 jako\u015b\u0107 przetwarzanych produkt\u00f3w oraz\u00a0komplementarno\u015b\u0107 dla urz\u0105dze\u0144 do\u00a0obr\u00f3bki cieplnej i\u00a0zwi\u0105zanych z\u00a0ni\u0105 proces\u00f3w. Nieustanne wdra\u017canie istotnych innowacji technologicznych prze\u0142o\u017cy\u0142o si\u0119 na\u00a0liczne instalacje piec\u00f3w do\u00a0przesycania i\u00a0starzenia. W\u00a0rezultacie urz\u0105dzenia tego typu sta\u0142y si\u0119 flagowym produktem SECO\/WARWICK, w\u00a0zwi\u0105zku z\u00a0czym opracowana zosta\u0142a nowa, w\u0142asna marka: <strong>VertiQuench<\/strong><\/p>\n<p>[\/et_pb_text][et_pb_tabs module_class=&#8221;red-tabs eco-tab5&#8243; _builder_version=&#8221;4.23.1&#8243; custom_css_main_element=&#8221;margin-top: 2rem;||margin-bottom: 2rem;&#8221; global_colors_info=&#8221;{}&#8221;][et_pb_tab title=&#8221;Opis&#8221; _builder_version=&#8221;4.23.1&#8243; global_colors_info=&#8221;{}&#8221;]<\/p>\n<p>Piece VertiQuench Drop Bottom stanowi\u0105 korzystne cenowo rozwi\u0105zanie dla wymagaj\u0105cych zastosowa\u0144 w&nbsp;przemy\u015ble motoryzacyjnym i&nbsp;lotniczym, w&nbsp;zakresie <strong>przesycania i\u00a0starzenia aluminium<\/strong>. Ta\u00a0innowacyjna technologia zgodna z\u00a0normami NADCAP umo\u017cliwia bardzo szybkie i\u00a0pe\u0142ne zanurzanie wsadu, w\u00a0ci\u0105gu zaledwie 5 sekund.<\/p>\n<p>Jak wskazuje nazwa VertiQuench proces realizuje <strong>pionowe hartowanie wsadu<\/strong>. Materia\u0142 poddany obr\u00f3bce cieplnej jest opuszczany do\u00a0wype\u0142nionych wod\u0105 lub polimerem wanien znajduj\u0105cych si\u0119 bezpo\u015brednio pod\u00a0piecem.<\/p>\n<p>VertiQuench s\u0142u\u017cy do&nbsp;przesycania a&nbsp;nast\u0119pnie hartowania i&nbsp;sztucznego starzenia w&nbsp;celu utwardzania wydzieleniowego produkt\u00f3w. Piece mog\u0105 by\u0107 dostarczane w&nbsp;postaci jednego kompletnego systemu, spe\u0142niaj\u0105cego wymogi standardu AMS, certyfikatu NADCAP pod&nbsp;wzgl\u0119dem: rozk\u0142adu temperatur, ogranicze\u0144 czasu obr\u00f3bki na&nbsp;ka\u017cdym etapie oraz&nbsp;wielu innych parametr\u00f3w.<\/p>\n<p>VertiQuench zapewnia optymaln\u0105 technologi\u0119 obr\u00f3bki cieplnej dla wyt\u0142aczanych i&nbsp;ci\u0105gnionych lub bezszwowych rur z&nbsp;trudno utwardzalnych stop\u00f3w aluminium takich serii jak 2xxx, 6xxx i&nbsp;7xxx, poniewa\u017c zapewnia<strong> najkr\u00f3tszy czas hartowania<\/strong> i\u00a0pozwala otrzymywa\u0107 produkty o\u00a0najwy\u017cszych parametrach mechanicznych.<\/p>\n<p>[\/et_pb_tab][et_pb_tab title=&#8221;Zalety&#8221; _builder_version=&#8221;4.23.1&#8243; global_colors_info=&#8221;{}&#8221;]<\/p>\n<p class=\"line-height-scale-3 font-scale-4 text-align-left\"><strong><span style=\"color: #dc291e;\">\/ <\/span><\/strong>Urz\u0105dzenie dostosowane do\u00a0norm materia\u0142owych AMS2770, 2771, 277<br \/><strong><span style=\"color: #dc291e;\">\/ <\/span><\/strong>Niezwykle r\u00f3wnomierny rozk\u0142ad temperatury wynikaj\u0105cy ze\u00a0sprawdzonych innowacji w\u00a0zakresie przep\u0142ywu powietrza<br \/><strong><span style=\"color: #dc291e;\">\/ <\/span><\/strong>Szybki czas zanurzenia wsadu, zaledwie 5 sekund<br \/><strong><span style=\"color: #dc291e;\">\/ <\/span><\/strong>Czasy transportu hartowniczego zgodne z\u00a0norm\u0105 AMS2770<br \/><strong><span style=\"color: #dc291e;\">\/ <\/span><\/strong>Niskie zu\u017cycie medi\u00f3w<br \/><strong><span style=\"color: #dc291e;\">\/<\/span><\/strong> SCADA z\u00a0funkcjonalno\u015bci\u0105 umo\u017cliwiaj\u0105c\u0105 certyfikacj\u0119 NADCAP<br \/><strong><span style=\"color: #dc291e;\">\/ <\/span><\/strong>Specjalistyczne urz\u0105dzenia towarzysz\u0105ce, takie jak dozowniki fluorku amonu, dozowniki siarki, systemy dystrybucji atmosfery CO2 lub N2, system gaszenia argonem itp.<br \/><strong><span style=\"color: #dc291e;\">\/ <\/span><\/strong>Mo\u017cliwo\u015b\u0107 zastosowania wodno-polimerowych zbiornik\u00f3w zanurzeniowych z\u00a0refraktometrami, czujnikami pH i\u00a0wska\u017anikami przewodno\u015bci<br \/><strong><span style=\"color: #dc291e;\">\/<\/span><\/strong> Oprogramowanie wspieraj\u0105ce TUS i\u00a0SAT<br \/><strong><span style=\"color: #dc291e;\">\/ <\/span><\/strong>Indywidualnie zaprojektowane otwory wyposa\u017cenia wewn\u0119trznego w\u00a0zale\u017cno\u015bci od\u00a0konfiguracji wsadu<br \/><strong><span style=\"color: #dc291e;\">\/<\/span><\/strong> Idealne rozwi\u0105zanie do\u00a0obr\u00f3bki cieplnej stop\u00f3w aluminium magnezu<\/p>\n<p>[\/et_pb_tab][et_pb_tab title=&#8221;Cechy&#8221; _builder_version=&#8221;4.19.2&#8243; _module_preset=&#8221;default&#8221; global_colors_info=&#8221;{}&#8221;]<\/p>\n<p><strong><span style=\"color: #dc291e;\">\/ <\/span><\/strong>Odwrotny kierunek przep\u0142ywu powietrza (z&nbsp;g\u00f3ry do&nbsp;do\u0142u lub z&nbsp;do\u0142u do&nbsp;g\u00f3ry)<br \/><strong><span style=\"color: #dc291e;\">\/ <\/span><\/strong>Zastosowanie do&nbsp;obr\u00f3bki blach, odlew\u00f3w, rur i&nbsp;ekstruzji<br \/><strong><span style=\"color: #dc291e;\">\/ <\/span><\/strong> Niestandardowe zespo\u0142y wentylator\u00f3w<br \/><strong><span style=\"color: #dc291e;\">\/ <\/span><\/strong> Ruchome lub stacjonarne zbiorniki wody hartowniczej<br \/><strong><span style=\"color: #dc291e;\">\/ <\/span><\/strong>R\u00f3\u017cne konstrukcje urz\u0105dze\u0144 do&nbsp;mieszania wody<br \/><strong><span style=\"color: #dc291e;\">\/ <\/span><\/strong> Nagrzew i&nbsp;ch\u0142odzenie wanny<br \/><strong><span style=\"color: #dc291e;\">\/ <\/span><\/strong>Certyfikowane modu\u0142y termopar dla wymaga\u0144 AMS oraz&nbsp;rejestrator pod\u0142\u0105czony do&nbsp;SCADA (InTouch lub WinCC) do&nbsp;zbierania danych z&nbsp;termopar<br \/><strong><span style=\"color: #dc291e;\">\/ <\/span><\/strong>Rejestrator zewn\u0119trzny na&nbsp;\u017cyczenie Klienta<br \/><strong><span style=\"color: #dc291e;\">\/ <\/span><\/strong>Piec zaprojektowany zgodnie z&nbsp;najnowszym standardem AMS 2750F, innowacyjna konstrukcja dedykowana do&nbsp;piec\u00f3w klasy 1<\/p>\n<p>[\/et_pb_tab][et_pb_tab title=&#8221;Procesy&#8221; _builder_version=&#8221;4.23.1&#8243; global_colors_info=&#8221;{}&#8221;]<\/p>\n<p><strong><span style=\"color: #dc291e;\">\/ <\/span><\/strong>Wy\u017carzanie<br \/><strong><span style=\"color: #dc291e;\">\/ <\/span><\/strong>Przesycanie<br \/><strong><span style=\"color: #dc291e;\">\/ <\/span><\/strong>Starzenie<br \/><strong><span style=\"color: #dc291e;\">\/<\/span><\/strong> Odpr\u0119\u017canie<br \/><strong><span style=\"color: #dc291e;\">\/ <\/span><\/strong>Kontrolowane ch\u0142odzenie<br \/><strong><span style=\"color: #dc291e;\">\/<\/span><\/strong> Kontrolowany nagrzew<\/p>\n<p>[\/et_pb_tab][et_pb_tab title=&#8221;Przemys\u0142y&#8221; _builder_version=&#8221;4.19.2&#8243; global_colors_info=&#8221;{}&#8221;]<\/p>\n<p><span style=\"color: #e30f00;\"><strong>\/<\/strong><\/span> Lotniczy<br \/><span style=\"color: #e30f00;\"><strong>\/<\/strong> <\/span>Motoryzacyjny<\/p>\n<p>[\/et_pb_tab][et_pb_tab title=&#8221; &#8221; _builder_version=&#8221;4.23.1&#8243; _module_preset=&#8221;default&#8221; global_colors_info=&#8221;{}&#8221;]<\/p>\n<p><strong><span style=\"color: #ff0000;\">\/<\/span><\/strong> Wysokowydajny, energooszcz\u0119dny i\u00a0niskoemisyjny elektryczny system grzejny<br \/><span style=\"color: #ff0000;\"><strong>\/<\/strong><\/span> Ekologiczna, biosoluble izolacja o\u00a0odpowiednio dobranej grubo\u015bci w\u00a0celu optymalizacji strat przez\u00a0\u015bciany<\/p>\n<p>[\/et_pb_tab][\/et_pb_tabs][et_pb_code _builder_version=&#8221;4.10.3&#8243; _module_preset=&#8221;default&#8221; global_module=&#8221;123769&#8243; saved_tabs=&#8221;all&#8221; global_colors_info=&#8221;{}&#8221;]<!-- [et_pb_line_break_holder] --><pee style=\"text-align: center;\"><a class=\"small-button smallred\" style=\"font-size: 20px; padding: 20px 60px;\" href=\"https:\/\/www.secowarwick.com\/pl\/zapytaj-o-oferte\/\"><span style=\"display: block; transform: skew(15deg,0deg); -webkit-transform: skew(15deg,0deg); font-size: 20px; !important\">ZAPYTAJ O OFERT\u0118<\/span><\/a><\/pee>[\/et_pb_code][\/et_pb_column][et_pb_column type=&#8221;1_4&#8243; _builder_version=&#8221;4.16&#8243; custom_padding=&#8221;|||&#8221; global_colors_info=&#8221;{}&#8221; custom_padding__hover=&#8221;|||&#8221;][et_pb_gallery gallery_ids=&#8221;81672,102067,102074&#8243; posts_number=&#8221;1&#8243; show_title_and_caption=&#8221;off&#8221; show_pagination=&#8221;off&#8221; zoom_icon_color=&#8221;#e2001a&#8221; module_class=&#8221;seco-products-gallery-new&#8221; _builder_version=&#8221;4.16&#8243; custom_css_overlay_icon=&#8221;content:&#8217;ZOBACZ GALERI\u0118&#8217; !important;&#8221; global_colors_info=&#8221;{}&#8221;][\/et_pb_gallery][et_pb_text admin_label=&#8221;btn_pl_premiumlibrary&#8221; module_class=&#8221;premium-library-button&#8221; _builder_version=&#8221;4.23.1&#8243; _module_preset=&#8221;default&#8221; text_orientation=&#8221;center&#8221; global_module=&#8221;157169&#8243; saved_tabs=&#8221;all&#8221; locked=&#8221;off&#8221; global_colors_info=&#8221;{}&#8221;]<\/p>\n<a href='https:\/\/www.secowarwick.com\/pl\/trescipremium\/' class='small-button smallred'><span>TRE\u015aCI PREMIUM<\/span><\/a>\n<p>[\/et_pb_text][et_pb_text admin_label=&#8221;R&#038;D PL&#8221; module_class=&#8221;product_widget_wrap_rd&#8221; _builder_version=&#8221;4.23.1&#8243; _module_preset=&#8221;default&#8221; text_orientation=&#8221;center&#8221; global_module=&#8221;165497&#8243; saved_tabs=&#8221;all&#8221; locked=&#8221;off&#8221; global_colors_info=&#8221;{}&#8221;]<\/p>\n<p><a href=\"https:\/\/www.secowarwick.com\/pl\/rd\/\"><span class=\"product_wigtet_name\">R&amp;D<\/span><\/a><\/p>\n<p>[\/et_pb_text][et_pb_text admin_label=&#8221;AUTOMATYKA PL&#8221; module_class=&#8221;product_widget_wrap_automation&#8221; _builder_version=&#8221;4.23.1&#8243; _module_preset=&#8221;default&#8221; global_module=&#8221;165495&#8243; saved_tabs=&#8221;all&#8221; locked=&#8221;off&#8221; global_colors_info=&#8221;{}&#8221;]<\/p>\n<p><a href=\"https:\/\/www.secowarwick.com\/pl\/service\/automatyka\/\"><span class=\"product_wigtet_name\">AUTOMATYKA<\/span><\/a><\/p>\n<p>[\/et_pb_text][et_pb_text admin_label=&#8221;SERVICE PL&#8221; module_class=&#8221;product_widget_wrap_service&#8221; _builder_version=&#8221;4.23.1&#8243; _module_preset=&#8221;default&#8221; global_module=&#8221;165500&#8243; saved_tabs=&#8221;all&#8221; locked=&#8221;off&#8221; global_colors_info=&#8221;{}&#8221;]<\/p>\n<p><a href=\"https:\/\/www.secowarwick.com\/pl\/profesjonalne-uslugi-serwisowe\/\"><span class=\"product_wigtet_name\">SERWIS<\/span><\/a><\/p>\n<p>[\/et_pb_text][et_pb_text admin_label=&#8221;SUPLEMENTALS PL&#8221; module_class=&#8221;product_widget_wrap_supleme&#8221; _builder_version=&#8221;4.23.1&#8243; _module_preset=&#8221;default&#8221; global_module=&#8221;165502&#8243; saved_tabs=&#8221;all&#8221; locked=&#8221;off&#8221; global_colors_info=&#8221;{}&#8221;]<\/p>\n<p><span class=\"product_wigtet_name\">DODATKOWE:<\/span><\/p>\n<p>[\/et_pb_text][et_pb_text admin_label=&#8221;Product brochure&#8221; module_class=&#8221;suplementals_product_brochure suplementals_wrap&#8221; _builder_version=&#8221;4.23.1&#8243; _module_preset=&#8221;default&#8221; hover_enabled=&#8221;0&#8243; locked=&#8221;off&#8221; global_colors_info=&#8221;{}&#8221; sticky_enabled=&#8221;0&#8243;]<\/p>\n<p><a href=\"https:\/\/www.secowarwick.com\/wp-content\/uploads\/2025\/07\/ALU-VertiQuench-WWW-1.pdf\" target=\"_blank\" rel=\"noopener\" class=\"ga4_product_widget_brochure\">Broszura produktu<\/a><\/p>\n<p>[\/et_pb_text][et_pb_text admin_label=&#8221;Product catalogue alu pl&#8221; module_class=&#8221;suplementals_product_catalogue suplementals_wrap&#8221; _builder_version=&#8221;4.23.1&#8243; _module_preset=&#8221;default&#8221; hover_enabled=&#8221;0&#8243; global_module=&#8221;170202&#8243; saved_tabs=&#8221;all&#8221; locked=&#8221;off&#8221; global_colors_info=&#8221;{}&#8221; sticky_enabled=&#8221;0&#8243;]<\/p>\n<p><a href=\"https:\/\/www.secowarwick.com\/wp-content\/uploads\/2025\/02\/Aluminum_Furnaces_catalogue.pdf\" target=\"_blank\" rel=\"noopener\" class=\"ga4_product_widget_catalogue\">Katalog produkt\u00f3w<\/a><\/p>\n<p>[\/et_pb_text][et_pb_text admin_label=&#8221;Product infographic&#8221; module_class=&#8221;suplementals_product_infographic suplementals_wrap&#8221; _builder_version=&#8221;4.23.1&#8243; _module_preset=&#8221;default&#8221; hover_enabled=&#8221;0&#8243; locked=&#8221;off&#8221; global_colors_info=&#8221;{}&#8221; sticky_enabled=&#8221;0&#8243;]<\/p>\n<p><a href=\"https:\/\/www.secowarwick.com\/wp-content\/uploads\/2023\/06\/VERTIQUENCH-DROP-BOTTOM-FURNACE.jpg\" target=\"_blank\" rel=\"noopener\" class=\"ga4_product_widget_infografic\">Infografika produktu<\/a><\/p>\n<p>[\/et_pb_text][et_pb_text admin_label=&#8221;Product movie playlist alu pl&#8221; module_class=&#8221;suplementals_product_movie suplementals_wrap&#8221; _builder_version=&#8221;4.23.1&#8243; _module_preset=&#8221;default&#8221; global_module=&#8221;170199&#8243; saved_tabs=&#8221;all&#8221; locked=&#8221;off&#8221; global_colors_info=&#8221;{}&#8221;]<\/p>\n<p><a href=\"https:\/\/www.youtube.com\/playlist?list=PLa0hhW_hoQqEsIHM5LQtr9h_9UlwGFBO8\" target=\"_blank\" rel=\"noopener\">Film produktowy<\/a><\/p>\n<p>[\/et_pb_text][et_pb_text admin_label=&#8221;dnabook-pl&#8221; module_class=&#8221;suplementals_product_dna suplementals_wrap&#8221; _builder_version=&#8221;4.23.1&#8243; _module_preset=&#8221;default&#8221; global_module=&#8221;165509&#8243; saved_tabs=&#8221;all&#8221; locked=&#8221;off&#8221; global_colors_info=&#8221;{}&#8221;]<\/p>\n<p><a href=\"https:\/\/www.secowarwick.com\/wp-content\/uploads\/2025\/07\/DNA_BOOK.pdf\" target=\"_blank\" rel=\"noopener\">DNA\/BOOK<\/a><\/p>\n<p>[\/et_pb_text][et_pb_text admin_label=&#8221;ECO\/BOOK-pl&#8221; module_class=&#8221;suplementals_product_eco suplementals_wrap&#8221; _builder_version=&#8221;4.23.1&#8243; _module_preset=&#8221;default&#8221; global_module=&#8221;165511&#8243; saved_tabs=&#8221;all&#8221; locked=&#8221;off&#8221; global_colors_info=&#8221;{}&#8221;]<\/p>\n<p><a href=\"https:\/\/www.secowarwick.com\/wp-content\/uploads\/2023\/06\/ECOBOOK-2-1.pdf\" target=\"_blank\" rel=\"noopener\">ECO\/BOOK<\/a><\/p>\n<p>[\/et_pb_text][et_pb_text admin_label=&#8221;RFQ product widget pl&#8221; module_class=&#8221;product_widget_wrap_rfq-en&#8221; _builder_version=&#8221;4.23.1&#8243; _module_preset=&#8221;default&#8221; global_module=&#8221;186180&#8243; saved_tabs=&#8221;all&#8221; locked=&#8221;off&#8221; global_colors_info=&#8221;{}&#8221;]<\/p>\n<p style=\"text-align: center;\"><a class=\"small-button smallred rfq-gtm-product-widget\" href=\"https:\/\/www.secowarwick.com\/pl\/zapytaj-o-oferte\/\"><span class=\"product_wigtet_name\">ZAPYTAJ O&nbsp;OFERT\u0118<\/span><\/a><\/p>\n<p>[\/et_pb_text][\/et_pb_column][\/et_pb_row][\/et_pb_section]<\/p>\n","protected":false},"excerpt":{"rendered":"<p>[et_pb_breadcrumbs _builder_version=&#8221;4.10.3&#8243; _module_preset=&#8221;default&#8221; global_colors_info=&#8221;{}&#8221;][\/et_pb_breadcrumbs]Piec przelotowy do\u00a0przesycania i\u00a0starzenia stop\u00f3w aluminium &#8211; VertiQuench Drop Bottom SECO\/WARWICK to\u00a0globalny producent urz\u0105dze\u0144 do\u00a0obr\u00f3bki cieplnej aluminium. Dostarczaj\u0105cy \u015bwiatowemu przemys\u0142owi aluminiowemu wydajne linie produkcyjne, kt\u00f3re gwarantuj\u0105 r\u00f3wnomierny rozk\u0142ad temperatury i\u00a0personalizowane technologie za\u0142adunku. To\u00a0sprawia, \u017ce\u00a0urz\u0105dzenia SECO\/WARWICK idealnie nadaj\u0105 si\u0119 do\u00a0najbardziej wymagaj\u0105cych aplikacji. Nasze piece pomog\u0105 Pa\u0144stwu zapewni\u0107 najlepsz\u0105 na\u00a0\u015bwiecie realizacj\u0119 proces\u00f3w obr\u00f3bki cieplnej, [&hellip;]<\/p>\n","protected":false},"author":2,"featured_media":86442,"parent":7102,"menu_order":0,"comment_status":"closed","ping_status":"closed","template":"","meta":{"_acf_changed":false,"_et_pb_use_builder":"on","_et_pb_old_content":"","_et_gb_content_width":"","footnotes":""},"class_list":["post-81051","page","type-page","status-publish","has-post-thumbnail"],"acf":[],"_links":{"self":[{"href":"https:\/\/www.secowarwick.com\/pl\/wp-json\/wp\/v2\/pages\/81051","targetHints":{"allow":["GET"]}}],"collection":[{"href":"https:\/\/www.secowarwick.com\/pl\/wp-json\/wp\/v2\/pages"}],"about":[{"href":"https:\/\/www.secowarwick.com\/pl\/wp-json\/wp\/v2\/types\/page"}],"author":[{"embeddable":true,"href":"https:\/\/www.secowarwick.com\/pl\/wp-json\/wp\/v2\/users\/2"}],"replies":[{"embeddable":true,"href":"https:\/\/www.secowarwick.com\/pl\/wp-json\/wp\/v2\/comments?post=81051"}],"version-history":[{"count":26,"href":"https:\/\/www.secowarwick.com\/pl\/wp-json\/wp\/v2\/pages\/81051\/revisions"}],"predecessor-version":[{"id":189481,"href":"https:\/\/www.secowarwick.com\/pl\/wp-json\/wp\/v2\/pages\/81051\/revisions\/189481"}],"up":[{"embeddable":true,"href":"https:\/\/www.secowarwick.com\/pl\/wp-json\/wp\/v2\/pages\/7102"}],"wp:featuredmedia":[{"embeddable":true,"href":"https:\/\/www.secowarwick.com\/pl\/wp-json\/wp\/v2\/media\/86442"}],"wp:attachment":[{"href":"https:\/\/www.secowarwick.com\/pl\/wp-json\/wp\/v2\/media?parent=81051"}],"curies":[{"name":"wp","href":"https:\/\/api.w.org\/{rel}","templated":true}]}}