{"id":81260,"date":"2019-06-25T07:42:44","date_gmt":"2019-06-25T05:42:44","guid":{"rendered":"http:\/\/www.secowarwick.com\/casemaster-evolution-t\/"},"modified":"2025-11-03T15:54:24","modified_gmt":"2025-11-03T14:54:24","slug":"casemaster-evolution-t","status":"publish","type":"page","link":"https:\/\/www.secowarwick.com\/pl\/produkty\/piece-prozniowe\/casemaster-evolution-t\/","title":{"rendered":"Tr\u00f3jkomorowy piec pr\u00f3\u017cniowy do naw\u0119glania i hartowania CaseMaster Evolution T"},"content":{"rendered":"<p>[et_pb_section fb_built=&#8221;1&#8243; _builder_version=&#8221;4.16&#8243; global_colors_info=&#8221;{}&#8221;][et_pb_row _builder_version=&#8221;4.16&#8243; background_size=&#8221;initial&#8221; background_position=&#8221;top_left&#8221; background_repeat=&#8221;repeat&#8221; global_colors_info=&#8221;{}&#8221;][et_pb_column type=&#8221;4_4&#8243; _builder_version=&#8221;4.16&#8243; custom_padding=&#8221;|||&#8221; global_colors_info=&#8221;{}&#8221; custom_padding__hover=&#8221;|||&#8221;][et_pb_image src=&#8221;https:\/\/www.secowarwick.com\/wp-content\/uploads\/2019\/11\/slider-CaseMaster-Evolution-T.jpg&#8221; alt=&#8221;Tr\u00f3jkomorowy piec pr\u00f3\u017cniowy do naw\u0119glania i hartowania CaseMaster Evolution\u00ae T SECO\/WARWICK&#8221; title_text=&#8221;Tr\u00f3jkomorowy piec pr\u00f3\u017cniowy do naw\u0119glania i hartowania CaseMaster Evolution\u00ae T SECO\/WARWICK&#8221; align_tablet=&#8221;center&#8221; align_phone=&#8221;&#8221; align_last_edited=&#8221;on|desktop&#8221; _builder_version=&#8221;4.16&#8243; global_colors_info=&#8221;{}&#8221;][\/et_pb_image][\/et_pb_column][\/et_pb_row][\/et_pb_section][et_pb_section fb_built=&#8221;1&#8243; admin_label=&#8221;section&#8221; _builder_version=&#8221;4.16&#8243; custom_padding=&#8221;25px|||&#8221; transparent_background=&#8221;off&#8221; make_fullwidth=&#8221;off&#8221; use_custom_width=&#8221;off&#8221; width_unit=&#8221;on&#8221; global_colors_info=&#8221;{}&#8221;][et_pb_row column_structure=&#8221;3_4,1_4&#8243; admin_label=&#8221;row&#8221; _builder_version=&#8221;4.16&#8243; background_size=&#8221;initial&#8221; background_position=&#8221;top_left&#8221; background_repeat=&#8221;repeat&#8221; custom_margin=&#8221;0px|||&#8221; custom_padding=&#8221;0px|||&#8221; make_fullwidth=&#8221;off&#8221; use_custom_width=&#8221;off&#8221; width_unit=&#8221;on&#8221; global_colors_info=&#8221;{}&#8221;][et_pb_column type=&#8221;3_4&#8243; _builder_version=&#8221;4.16&#8243; custom_padding=&#8221;|||&#8221; global_colors_info=&#8221;{}&#8221; custom_padding__hover=&#8221;|||&#8221;][et_pb_breadcrumbs _builder_version=&#8221;3.6&#8243; global_colors_info=&#8221;{}&#8221;][\/et_pb_breadcrumbs][et_pb_text module_class=&#8221;podtytuly&#8221; _builder_version=&#8221;4.23.1&#8243; global_colors_info=&#8221;{}&#8221;]<\/p>\n<h1>Tr\u00f3jkomorowy piec pr\u00f3\u017cniowy do\u00a0naw\u0119glania i\u00a0hartowania w\u00a0strumieniu gazu dla produkcji p\u00f3\u0142ci\u0105g\u0142ej &#8211; CaseMaster Evolution T<\/h1>\n<h2>Ekonomiczne utwardzanie powierzchniowe poprzez naw\u0119glanie niskoci\u015bnieniowe i\u00a0hartowanie w\u00a0strumieniu gazu pod\u00a0wysokim ci\u015bnieniem w\u00a0trzykomorowym piecu pr\u00f3\u017cniowym<\/h2>\n<p align=\"justify\">Piec CaseMaster Evolution T zast\u0119puje dotychczasowe <strong>p\u00f3\u0142ci\u0105g\u0142e procesy w\u00a0atmosferze ochronnej<\/strong>, po\u00a0kt\u00f3rych\u00a0nast\u0119puje hartowanie w\u00a0oleju przez\u00a0w\u00a0pe\u0142ni pr\u00f3\u017cniow\u0105 obr\u00f3bk\u0119 ciepln\u0105 z\u00a0naw\u0119glaniem niskoci\u015bnieniowym i\u00a0hartowaniem w\u00a0strumieniu azotu, oferuj\u0105c precyzj\u0119 i\u00a0powtarzalno\u015b\u0107. Dodatkowo piece umo\u017cliwiaj\u0105 dostosowanie si\u0119 do\u00a0wsp\u00f3\u0142czesnych wymaga\u0144 bran\u017cowych.<\/p>\n<p align=\"justify\">CaseMaster Evolution T to\u00a0tr\u00f3jkomorowy piec pr\u00f3\u017cniowy przeznaczony do\u00a0intensywnego utwardzania powierzchniowego z\u00a0wykorzystaniem naw\u0119glania niskoci\u015bnieniowego (LPC) i\u00a0hartowania w\u00a0strumieniu gazu w\u00a0trybie produkcji p\u00f3\u0142ci\u0105g\u0142ej. Sk\u0142ada si\u0119 z\u00a0trzech oddzielnych kom\u00f3r funkcyjnych: komory za\u0142adunku i\u00a0podgrzewania, komory procesowej (LPC) oraz\u00a0komory hartowania w\u00a0gazie i\u00a0roz\u0142adunku.<\/p>\n<p align=\"justify\">Jest on\u00a0przeznaczony do\u00a0obr\u00f3bki cieplnej r\u00f3\u017cnych element\u00f3w i\u00a0gatunk\u00f3w stali, powszechnie stosowanych w\u00a0tradycyjnych urz\u0105dzeniach. Piec tr\u00f3jkomorowy zapewnia doskona\u0142\u0105 jako\u015b\u0107 hartowania w\u00a0pr\u00f3\u017cni i\u00a0w\u00a0gazie, jak r\u00f3wnie\u017c wysok\u0105 wydajno\u015b\u0107.<\/p>\n<p>[\/et_pb_text][et_pb_tabs module_class=&#8221;red-tabs eco-tab6&#8243; _builder_version=&#8221;4.23.1&#8243; custom_css_main_element=&#8221;margin-top: 2rem;||margin-bottom: 2rem;&#8221; global_colors_info=&#8221;{}&#8221;][et_pb_tab title=&#8221;Opis&#8221; _builder_version=&#8221;4.16&#8243; global_colors_info=&#8221;{}&#8221;]<\/p>\n<p align=\"justify\">Piec CaseMaster Evolution T to&nbsp;nowoczesna i&nbsp;racjonalna alternatywa dla tradycyjnych urz\u0105dze\u0144 \u2013 w&nbsp;pe\u0142ni pr\u00f3\u017cniowa obr\u00f3bka cieplna odpowiada wymaganiom wsp\u00f3\u0142czesnego przemys\u0142u.<\/p>\n<p align=\"justify\">W&nbsp;przeciwie\u0144stwie do&nbsp;piec\u00f3w dwu- i&nbsp;jednokomorowych wsad w&nbsp;piecu tr\u00f3jkomorowym przechodzi przez&nbsp;kolejne komory w&nbsp;trybie p\u00f3\u0142ci\u0105g\u0142ym. Jednocze\u015bnie w&nbsp;piecu znajduj\u0105 si\u0119 trzy partie (jedna w&nbsp;ka\u017cdej komorze), a&nbsp;cykl roboczy pieca okre\u015bla si\u0119 najd\u0142u\u017cszym cyklem w&nbsp;jednej z&nbsp;kom\u00f3r (zazwyczaj w&nbsp;komorze procesowej). W&nbsp;por\u00f3wnaniu z&nbsp;piecami dwukomorowymi piece tr\u00f3jkomorowe mog\u0105 osi\u0105gaj\u0105c nawet dwukrotnie wy\u017csz\u0105 wydajno\u015b\u0107.<\/p>\n<p align=\"justify\">Piec CaseMaster Evolution T mo\u017ce zast\u0105pi\u0107 klasyczne piece z&nbsp;wbudowan\u0105 wann\u0105 oraz&nbsp;linie do&nbsp;produkcji masowej takie jak piece przepychowe, rolkowe czy&nbsp;obrotowe. Wyr\u00f3\u017cnia si\u0119 on&nbsp;przy tym znaczn\u0105 popraw\u0105 jako\u015bci wynik\u00f3w procesu, wydajno\u015bci\u0105 i&nbsp;elastyczno\u015bci\u0105 produkcji przy kompaktowej instalacji. Uzyskiwane korzy\u015bci technologicznie dalece wykraczaj\u0105 poza mo\u017cliwo\u015bci tradycyjnej technologii w&nbsp;kwestii dok\u0142adno\u015bci, r\u00f3wno\u015bci i&nbsp;powtarzalno\u015bci kszta\u0142tu hartowanej warstwy oraz&nbsp;eliminuj\u0105 problem IGO.<\/p>\n<p align=\"justify\">Mo\u017cna go&nbsp;montowa\u0107 bezpo\u015brednio w&nbsp;halach produkcyjnych (nie&nbsp;wymaga wydzielonych obszar\u00f3w). Piec spe\u0142nia wymagania z&nbsp;zakresu bezpiecze\u0144stwa i&nbsp;ochrony \u015brodowiska. Wydajno\u015b\u0107 jednego pieca mo\u017ce si\u0119ga\u0107 nawet 200 kg\/h. Wynik ten mo\u017cna zwi\u0119kszy\u0107 poprzez zastosowanie klastr\u00f3w piec\u00f3w. Klaster piec\u00f3w mo\u017cna z&nbsp;\u0142atwo\u015bci\u0105 uzupe\u0142ni\u0107 o&nbsp;w&nbsp;pe\u0142ni zautomatyzowany uk\u0142ad za\u0142adunku i&nbsp;roz\u0142adunku, gdy&nbsp;zajdzie taka konieczno\u015b\u0107 na&nbsp;dalszym etapie rozwoju.<\/p>\n<p align=\"justify\">Bezpo\u015brednie koszty procesu mieszcz\u0105 si\u0119 w&nbsp;zakresie koszt\u00f3w tradycyjnej technologii.<\/p>\n<p align=\"justify\">Piec CMe typu T jest r\u00f3wnie\u017c ciekaw\u0105 alternatyw\u0105 dla modu\u0142owych instalacji pr\u00f3\u017cniowych w&nbsp;produkcji masowej. Zalety obejmuj\u0105 nak\u0142ady pocz\u0105tkowe oraz&nbsp;niezale\u017cno\u015b\u0107 eksploatacji i&nbsp;elastyczno\u015b\u0107.<\/p>\n<p>[\/et_pb_tab][et_pb_tab title=&#8221;Cechy&#8221; _builder_version=&#8221;4.23.1&#8243; global_colors_info=&#8221;{}&#8221;]<\/p>\n<p><strong><span style=\"color: #dc291e;\">\/<\/span><\/strong>\u00a0Nowoczesna instalacja do\u00a0utwardzania stworzona specjalnie z\u00a0my\u015bl\u0105 o\u00a0bran\u017cy przek\u0142adni, maszyn i\u00a0\u0142o\u017cysk<br \/><strong><span style=\"color: #dc291e;\">\/<\/span><\/strong> Utwardzanie powierzchni i\u00a0hartowanie stali zwyk\u0142ych<br \/><strong><span style=\"color: #dc291e;\">\/<\/span><\/strong> Wymiary strefy roboczej 610x750x1000 mm (szer. x\u00a0wys. x\u00a0d\u0142.)<br \/><strong><span style=\"color: #dc291e;\">\/<\/span><\/strong> Masa brutto wsadu 1000 kg<br \/><strong><span style=\"color: #dc291e;\">\/<\/span><\/strong> Temperatura 1250\u00b0C<br \/><strong><span style=\"color: #dc291e;\">\/<\/span><\/strong> Hartowanie w\u00a0strumieniu gazu 25 bar\u00f3w (abs.)<br \/><strong><span style=\"color: #dc291e;\">\/<\/span><\/strong> Hartowanie w\u00a0specjalnie zaprojektowanej komorze do\u00a0hartowania strumieniem gazu pod\u00a0wysokim ci\u015bnieniem zast\u0119puj\u0105ce hartowanie w\u00a0wannie olejowej zapewnia bardzo skuteczne, jednorodne ch\u0142odzenie<br \/><strong><span style=\"color: #dc291e;\">\/<\/span><\/strong> Instalacja w\u00a0linii produkcyjnej z\u00a0innymi urz\u0105dzeniami<br \/><strong><span style=\"color: #dc291e;\">\/<\/span><\/strong> Rozs\u0105dna alternatywa dla:<br \/>\u00a0 \u00a0 \u00a0\/ piec\u00f3w z&nbsp;wann\u0105 hartownicz\u0105<br \/>\u00a0 \u00a0 \u00a0\/ linii do&nbsp;produkcji ci\u0105g\u0142ej w&nbsp;atmosferze<br \/>\u00a0 \u00a0 \u00a0\/ wielokomorowych instalacji LPC<\/p>\n<p>[\/et_pb_tab][et_pb_tab title=&#8221;Zalety&#8221; _builder_version=&#8221;4.23.1&#8243; global_colors_info=&#8221;{}&#8221;]<\/p>\n<p><strong><span style=\"color: #dc291e;\">\/<\/span><\/strong>\u00a0Du\u017ca wydajno\u015b\u0107 produkcji<br \/><strong><span style=\"color: #dc291e;\">\/<\/span><\/strong> Du\u017ca wydajno\u015b\u0107 produkcji p\u00f3\u0142ci\u0105g\u0142ej<br \/><strong><span style=\"color: #dc291e;\">\/<\/span><\/strong> Niskie koszty procesu w\u00a0por\u00f3wnaniu z\u00a0tradycyjn\u0105 technologi\u0105<br \/><strong><span style=\"color: #dc291e;\">\/<\/span><\/strong> Szybkie i\u00a0skuteczne naw\u0119glanie niskoci\u015bnieniowe<br \/><strong><span style=\"color: #dc291e;\">\/<\/span><\/strong> Elastyczna produkcja na\u00a0\u017c\u0105danie<br \/><strong><span style=\"color: #dc291e;\">\/<\/span><\/strong> Ca\u0142kowicie zautomatyzowana, p\u00f3\u0142ci\u0105g\u0142a produkcja<br \/><strong><span style=\"color: #dc291e;\">\/<\/span><\/strong> Niezale\u017cne urz\u0105dzenie pozwalaj\u0105ce na\u00a0swobodn\u0105 rozbudow\u0119 (dostawianie kolejnych urz\u0105dze\u0144) w\u00a0celu zwi\u0119kszenia mocy p\u00a0produkcyjnych<br \/><strong><span style=\"color: #dc291e;\">\/<\/span><\/strong> Dost\u0119pne, \u0142atwe i\u00a0szybkie<br \/><strong><span style=\"color: #dc291e;\">\/<\/span><\/strong> Minimalizacja koszt\u00f3w ko\u0144cowej obr\u00f3bki skrawaniem<\/p>\n<h2>Nadzwyczajna jako\u015b\u0107<\/h2>\n<p><strong><span style=\"color: #dc291e;\">\/<\/span><\/strong> Wysoka precyzja i\u00a0powtarzalno\u015b\u0107 wynik\u00f3w<br \/><strong><span style=\"color: #dc291e;\">\/<\/span><\/strong> Doskona\u0142y stan powierzchni<br \/><strong><span style=\"color: #dc291e;\">\/<\/span><\/strong> Eliminacja utleniania i\u00a0IGO<\/p>\n<h2>Bezpiecze\u0144stwo i\u00a0ochrona \u015brodowiska<\/h2>\n<p><strong><span style=\"color: #dc291e;\">\/<\/span><\/strong> Bezpieczny (brak otwartego p\u0142omienia czy\u00a0ryzyka wybuchu)<br \/><strong><span style=\"color: #dc291e;\">\/<\/span><\/strong> Obni\u017cone zu\u017cycie medi\u00f3w<br \/><strong><span style=\"color: #dc291e;\">\/<\/span><\/strong> Niskie emisje ciep\u0142a i\u00a0gaz\u00f3w<br \/><strong><span style=\"color: #dc291e;\">\/<\/span><\/strong> Eliminacja olej\u00f3w, chemikali\u00f3w i\u00a0system\u00f3w myj\u0105cych<br \/><strong><span style=\"color: #dc291e;\">\/<\/span><\/strong> Czysta, ekologiczna technologia<\/p>\n<p>Rozwi\u0105zanie okre\u015bla ewolucyjny kierunek zmian oraz\u00a0rozw\u00f3j technologii i\u00a0urz\u0105dze\u0144 do\u00a0obr\u00f3bki cieplnej dla nowoczesnego przemys\u0142u oraz\u00a0jest w\u00a0pe\u0142ni zgodne z\u00a0obecnymi i\u00a0nadchodz\u0105cymi wymogami.<\/p>\n<p>[\/et_pb_tab][et_pb_tab title=&#8221;Przemys\u0142y&#8221; _builder_version=&#8221;4.23.1&#8243; global_colors_info=&#8221;{}&#8221;]<\/p>\n<p><span style=\"color: #e30f00;\"><strong>\/ <\/strong><\/span>Przemys\u0142 motoryzacyjny<br \/><strong><span style=\"color: #e30f00;\">\/<\/span><\/strong> Przemys\u0142 lotniczy<br \/><span style=\"color: #e30f00;\"><strong>\/<\/strong><\/span> Przemys\u0142 ci\u0119\u017cki<br \/><span style=\"color: #e30f00;\"><strong>\/<\/strong><\/span> Przemys\u0142 maszynowy<\/p>\n<p>[\/et_pb_tab][et_pb_tab title=&#8221;Procesy&#8221; _builder_version=&#8221;4.23.1&#8243; global_colors_info=&#8221;{}&#8221;]<\/p>\n<p><span style=\"color: #e30f00;\"><strong>\/<\/strong><\/span> Hartowanie skrzyniowe (naw\u0119glanie niskoci\u015bnieniowe)<br \/><span style=\"color: #e30f00;\"><strong>\/<\/strong><\/span> Hartowanie<br \/><span style=\"color: #e30f00;\"><strong>\/<\/strong><\/span> Lutowanie<br \/><span style=\"color: #e30f00;\"><strong>\/<\/strong><\/span> Wy\u017carzanie<\/p>\n<p>[\/et_pb_tab][et_pb_tab title=&#8221;Materia\u0142y&#8221; _builder_version=&#8221;4.23.1&#8243; global_colors_info=&#8221;{}&#8221;]<\/p>\n<p><span style=\"color: #e30f00;\"><strong>\/<\/strong><\/span> Stal stopowa<br \/><span style=\"color: #e30f00;\"><strong>\/<\/strong><\/span> Gatunki naw\u0119glaj\u0105ce<br \/><span style=\"color: #e30f00;\"><strong>\/<\/strong><\/span> Stale nierdzewne<br \/><span style=\"color: #e30f00;\"><strong>\/<\/strong><\/span> Stale specjalne i\u00a0stopy<\/p>\n<p>[\/et_pb_tab][et_pb_tab title=&#8221; &#8221; _builder_version=&#8221;4.23.1&#8243; _module_preset=&#8221;default&#8221; global_colors_info=&#8221;{}&#8221;]<\/p>\n<p><strong><span style=\"color: #dc291e;\">\/ <\/span><\/strong><span data-contrast=\"auto\">Proces przyjazny dla \u015brodowiska<br \/><\/span><span data-contrast=\"auto\"><strong><span style=\"color: #dc291e;\">\/ <\/span><\/strong>Brak emisji gazu CO\u2082 wp\u0142ywaj\u0105cego na&nbsp;ocieplenie klimatu<br \/><\/span><span data-contrast=\"auto\"><strong><span style=\"color: #dc291e;\">\/ <\/span><\/strong>Szybkie i&nbsp;jednolite naw\u0119glanie niskoci\u015bnieniowe (LPC) g\u0119sto upakowanych wsad\u00f3w<br \/><\/span><span data-contrast=\"auto\"><strong><span style=\"color: #dc291e;\">\/ <\/span><\/strong>Eliminacja oleju hartowniczego i&nbsp;zanieczyszcze\u0144, myjek i&nbsp;chemii czyszcz\u0105cej<br \/><\/span><span data-contrast=\"auto\"><strong><span style=\"color: #dc291e;\">\/ <\/span><\/strong>Hartowanie azotem (nie&nbsp;ma&nbsp;konieczno\u015bci u\u017cycia oleju ani helu)<br \/><\/span><span data-contrast=\"auto\"><strong><span style=\"color: #dc291e;\">\/ <\/span><\/strong>Wysoka \u017cywotno\u015b\u0107 element\u00f3w strefy grzejnej &#8211; grafit<br \/><\/span><span data-contrast=\"auto\"><strong><span style=\"color: #dc291e;\">\/<\/span><\/strong> Brak emisji szkodliwych gaz\u00f3w (CO, NOx)<br \/><\/span><span data-contrast=\"auto\"><strong><span style=\"color: #dc291e;\">\/ <\/span><\/strong>Bezpieczna, bez&nbsp;\u0142atwopalnej i&nbsp;truj\u0105cej atmosfery<br \/><\/span><span data-contrast=\"auto\"><strong><span style=\"color: #dc291e;\">\/<\/span><\/strong> Brak odw\u0119glania i&nbsp;utleniania i&nbsp;eliminacja IGO<br \/><\/span><span data-contrast=\"auto\"><strong><span style=\"color: #dc291e;\">\/<\/span><\/strong> Elastyczne, dzia\u0142anie na&nbsp;\u017c\u0105danie<br \/><\/span><span data-contrast=\"auto\"><strong><span style=\"color: #dc291e;\">\/<\/span><\/strong> Brak otwartego ognia<\/span><\/p>\n<p>[\/et_pb_tab][\/et_pb_tabs][et_pb_code _builder_version=&#8221;4.10.3&#8243; _module_preset=&#8221;default&#8221; global_module=&#8221;123769&#8243; saved_tabs=&#8221;all&#8221; global_colors_info=&#8221;{}&#8221;]<!-- [et_pb_line_break_holder] --><pee style=\"text-align: center;\"><a class=\"small-button smallred\" style=\"font-size: 20px; padding: 20px 60px;\" href=\"https:\/\/www.secowarwick.com\/pl\/zapytaj-o-oferte\/\"><span style=\"display: block; transform: skew(15deg,0deg); -webkit-transform: skew(15deg,0deg); font-size: 20px; !important\">ZAPYTAJ O OFERT\u0118<\/span><\/a><\/pee>[\/et_pb_code][\/et_pb_column][et_pb_column type=&#8221;1_4&#8243; _builder_version=&#8221;4.16&#8243; custom_padding=&#8221;|||&#8221; global_colors_info=&#8221;{}&#8221; custom_padding__hover=&#8221;|||&#8221;][et_pb_gallery gallery_ids=&#8221;88815,88822,86846&#8243; posts_number=&#8221;1&#8243; show_title_and_caption=&#8221;off&#8221; show_pagination=&#8221;off&#8221; zoom_icon_color=&#8221;#e2001a&#8221; module_class=&#8221;seco-products-gallery-new&#8221; _builder_version=&#8221;4.16&#8243; custom_css_overlay_icon=&#8221;content:&#8217;ZOBACZ GALERI\u0118&#8217; !important;&#8221; global_colors_info=&#8221;{}&#8221;][\/et_pb_gallery][et_pb_text admin_label=&#8221;btn_pl_premiumlibrary&#8221; module_class=&#8221;premium-library-button&#8221; _builder_version=&#8221;4.23.1&#8243; _module_preset=&#8221;default&#8221; text_orientation=&#8221;center&#8221; global_module=&#8221;157169&#8243; saved_tabs=&#8221;all&#8221; locked=&#8221;off&#8221; global_colors_info=&#8221;{}&#8221;]<\/p>\n<a href='https:\/\/www.secowarwick.com\/pl\/trescipremium\/' class='small-button smallred'><span>TRE\u015aCI PREMIUM<\/span><\/a>\n<p>[\/et_pb_text][et_pb_text admin_label=&#8221;R&#038;D PL&#8221; module_class=&#8221;product_widget_wrap_rd&#8221; _builder_version=&#8221;4.23.1&#8243; _module_preset=&#8221;default&#8221; text_orientation=&#8221;center&#8221; global_module=&#8221;165497&#8243; saved_tabs=&#8221;all&#8221; locked=&#8221;off&#8221; global_colors_info=&#8221;{}&#8221;]<\/p>\n<p><a href=\"https:\/\/www.secowarwick.com\/pl\/rd\/\"><span class=\"product_wigtet_name\">R&amp;D<\/span><\/a><\/p>\n<p>[\/et_pb_text][et_pb_text admin_label=&#8221;AUTOMATYKA PL&#8221; module_class=&#8221;product_widget_wrap_automation&#8221; _builder_version=&#8221;4.23.1&#8243; _module_preset=&#8221;default&#8221; global_module=&#8221;165495&#8243; saved_tabs=&#8221;all&#8221; locked=&#8221;off&#8221; global_colors_info=&#8221;{}&#8221;]<\/p>\n<p><a href=\"https:\/\/www.secowarwick.com\/pl\/service\/automatyka\/\"><span class=\"product_wigtet_name\">AUTOMATYKA<\/span><\/a><\/p>\n<p>[\/et_pb_text][et_pb_text admin_label=&#8221;SERVICE PL&#8221; module_class=&#8221;product_widget_wrap_service&#8221; _builder_version=&#8221;4.23.1&#8243; _module_preset=&#8221;default&#8221; global_module=&#8221;165500&#8243; saved_tabs=&#8221;all&#8221; locked=&#8221;off&#8221; global_colors_info=&#8221;{}&#8221;]<\/p>\n<p><a href=\"https:\/\/www.secowarwick.com\/pl\/profesjonalne-uslugi-serwisowe\/\"><span class=\"product_wigtet_name\">SERWIS<\/span><\/a><\/p>\n<p>[\/et_pb_text][et_pb_text admin_label=&#8221;SUPLEMENTALS PL&#8221; module_class=&#8221;product_widget_wrap_supleme&#8221; _builder_version=&#8221;4.23.1&#8243; _module_preset=&#8221;default&#8221; global_module=&#8221;165502&#8243; saved_tabs=&#8221;all&#8221; locked=&#8221;off&#8221; global_colors_info=&#8221;{}&#8221;]<\/p>\n<p><span class=\"product_wigtet_name\">DODATKOWE:<\/span><\/p>\n<p>[\/et_pb_text][et_pb_text admin_label=&#8221;Product brochure&#8221; module_class=&#8221;suplementals_product_brochure suplementals_wrap&#8221; _builder_version=&#8221;4.23.1&#8243; _module_preset=&#8221;default&#8221; locked=&#8221;off&#8221; global_colors_info=&#8221;{}&#8221;]<\/p>\n<p><a href=\"https:\/\/www.secowarwick.com\/wp-content\/uploads\/2025\/10\/VAC-CaseMaster-Evolution-T-WWW.pdf\" target=\"_blank\" rel=\"noopener\">Broszura produktu<\/a><\/p>\n<p>[\/et_pb_text][et_pb_text admin_label=&#8221;Katalog produkt\u00f3w&#8221; module_class=&#8221;suplementals_product_brochure suplementals_wrap&#8221; _builder_version=&#8221;4.23.1&#8243; _module_preset=&#8221;default&#8221; global_module=&#8221;186634&#8243; saved_tabs=&#8221;all&#8221; locked=&#8221;off&#8221; global_colors_info=&#8221;{}&#8221;]<\/p>\n<p><a href=\"https:\/\/www.secowarwick.com\/wp-content\/uploads\/2025\/11\/VAC-VACUUM-FURNACE-WWW.pdf\" target=\"_blank\" rel=\"noopener\">Katalog produkt\u00f3w<\/a><\/p>\n<p>[\/et_pb_text][et_pb_text admin_label=&#8221;Product infographic&#8221; module_class=&#8221;suplementals_product_infographic suplementals_wrap&#8221; _builder_version=&#8221;4.23.1&#8243; _module_preset=&#8221;default&#8221; locked=&#8221;off&#8221; global_colors_info=&#8221;{}&#8221;]<\/p>\n<p><a href=\"https:\/\/www.secowarwick.com\/wp-content\/uploads\/2023\/06\/CaseMasterEvolution-T.jpg\" target=\"_blank\" rel=\"noopener\">Infografika produktu<\/a><\/p>\n<p>[\/et_pb_text][et_pb_text admin_label=&#8221;Product movie&#8221; module_class=&#8221;suplementals_product_movie suplementals_wrap&#8221; _builder_version=&#8221;4.23.1&#8243; _module_preset=&#8221;default&#8221; locked=&#8221;off&#8221; global_colors_info=&#8221;{}&#8221;]<\/p>\n<p><a href=\"https:\/\/www.youtube.com\/playlist?list=PLa0hhW_hoQqEsIHM5LQtr9h_9UlwGFBO8\" target=\"_blank\" rel=\"noopener\">Film produktowy<\/a><\/p>\n<p>[\/et_pb_text][et_pb_text admin_label=&#8221;dnabook-pl&#8221; module_class=&#8221;suplementals_product_dna suplementals_wrap&#8221; _builder_version=&#8221;4.23.1&#8243; _module_preset=&#8221;default&#8221; global_module=&#8221;165509&#8243; saved_tabs=&#8221;all&#8221; locked=&#8221;off&#8221; global_colors_info=&#8221;{}&#8221;]<\/p>\n<p><a href=\"https:\/\/www.secowarwick.com\/wp-content\/uploads\/2025\/07\/DNA_BOOK.pdf\" target=\"_blank\" rel=\"noopener\">DNA\/BOOK<\/a><\/p>\n<p>[\/et_pb_text][et_pb_text admin_label=&#8221;ECO\/BOOK-pl&#8221; module_class=&#8221;suplementals_product_eco suplementals_wrap&#8221; _builder_version=&#8221;4.23.1&#8243; _module_preset=&#8221;default&#8221; global_module=&#8221;165511&#8243; saved_tabs=&#8221;all&#8221; locked=&#8221;off&#8221; global_colors_info=&#8221;{}&#8221;]<\/p>\n<p><a href=\"https:\/\/www.secowarwick.com\/wp-content\/uploads\/2023\/06\/ECOBOOK-2-1.pdf\" target=\"_blank\" rel=\"noopener\">ECO\/BOOK<\/a><\/p>\n<p>[\/et_pb_text][et_pb_text admin_label=&#8221;RFQ product widget pl&#8221; module_class=&#8221;product_widget_wrap_rfq-en&#8221; _builder_version=&#8221;4.23.1&#8243; _module_preset=&#8221;default&#8221; global_module=&#8221;186180&#8243; saved_tabs=&#8221;all&#8221; locked=&#8221;off&#8221; global_colors_info=&#8221;{}&#8221;]<\/p>\n<p style=\"text-align: center;\"><a class=\"small-button smallred\" href=\"https:\/\/www.secowarwick.com\/pl\/zapytaj-o-oferte\/\"><span class=\"product_wigtet_name\">ZAPYTAJ O&nbsp;OFERT\u0118<\/span><\/a><\/p>\n<p>[\/et_pb_text][\/et_pb_column][\/et_pb_row][\/et_pb_section]<\/p>\n","protected":false},"excerpt":{"rendered":"<p>[et_pb_breadcrumbs _builder_version=&#8221;3.6&#8243; global_colors_info=&#8221;{}&#8221;][\/et_pb_breadcrumbs]Tr\u00f3jkomorowy piec pr\u00f3\u017cniowy do\u00a0naw\u0119glania i\u00a0hartowania w\u00a0strumieniu gazu dla produkcji p\u00f3\u0142ci\u0105g\u0142ej &#8211; CaseMaster Evolution T Ekonomiczne utwardzanie powierzchniowe poprzez naw\u0119glanie niskoci\u015bnieniowe i\u00a0hartowanie w\u00a0strumieniu gazu pod\u00a0wysokim ci\u015bnieniem w\u00a0trzykomorowym piecu pr\u00f3\u017cniowym Piec CaseMaster Evolution T zast\u0119puje dotychczasowe p\u00f3\u0142ci\u0105g\u0142e procesy w\u00a0atmosferze ochronnej, po\u00a0kt\u00f3rych\u00a0nast\u0119puje hartowanie w\u00a0oleju przez\u00a0w\u00a0pe\u0142ni pr\u00f3\u017cniow\u0105 obr\u00f3bk\u0119 ciepln\u0105 z\u00a0naw\u0119glaniem niskoci\u015bnieniowym i\u00a0hartowaniem w\u00a0strumieniu azotu, oferuj\u0105c precyzj\u0119 i\u00a0powtarzalno\u015b\u0107. [&hellip;]<\/p>\n","protected":false},"author":2,"featured_media":86846,"parent":7225,"menu_order":0,"comment_status":"closed","ping_status":"closed","template":"","meta":{"_acf_changed":false,"_et_pb_use_builder":"on","_et_pb_old_content":"","_et_gb_content_width":"","footnotes":""},"class_list":["post-81260","page","type-page","status-publish","has-post-thumbnail"],"acf":[],"_links":{"self":[{"href":"https:\/\/www.secowarwick.com\/pl\/wp-json\/wp\/v2\/pages\/81260","targetHints":{"allow":["GET"]}}],"collection":[{"href":"https:\/\/www.secowarwick.com\/pl\/wp-json\/wp\/v2\/pages"}],"about":[{"href":"https:\/\/www.secowarwick.com\/pl\/wp-json\/wp\/v2\/types\/page"}],"author":[{"embeddable":true,"href":"https:\/\/www.secowarwick.com\/pl\/wp-json\/wp\/v2\/users\/2"}],"replies":[{"embeddable":true,"href":"https:\/\/www.secowarwick.com\/pl\/wp-json\/wp\/v2\/comments?post=81260"}],"version-history":[{"count":34,"href":"https:\/\/www.secowarwick.com\/pl\/wp-json\/wp\/v2\/pages\/81260\/revisions"}],"predecessor-version":[{"id":191796,"href":"https:\/\/www.secowarwick.com\/pl\/wp-json\/wp\/v2\/pages\/81260\/revisions\/191796"}],"up":[{"embeddable":true,"href":"https:\/\/www.secowarwick.com\/pl\/wp-json\/wp\/v2\/pages\/7225"}],"wp:featuredmedia":[{"embeddable":true,"href":"https:\/\/www.secowarwick.com\/pl\/wp-json\/wp\/v2\/media\/86846"}],"wp:attachment":[{"href":"https:\/\/www.secowarwick.com\/pl\/wp-json\/wp\/v2\/media?parent=81260"}],"curies":[{"name":"wp","href":"https:\/\/api.w.org\/{rel}","templated":true}]}}