{"id":81898,"date":"2019-06-18T14:18:36","date_gmt":"2019-06-18T12:18:36","guid":{"rendered":"http:\/\/www.secowarwick.com\/super-iq-universal-chamber-furnace\/"},"modified":"2025-11-03T15:53:09","modified_gmt":"2025-11-03T14:53:09","slug":"super-iq-uniwersalny-piec-komorowy","status":"publish","type":"page","link":"https:\/\/www.secowarwick.com\/pl\/produkty\/piece-do-obrobki-cieplnej-metali-w-atmosferach-atm\/super-iq-uniwersalny-piec-komorowy\/","title":{"rendered":"Uniwersalny piec komorowy do hartowania stali i naw\u0119glania &#8211; Super IQ"},"content":{"rendered":"<p>[et_pb_section fb_built=&#8221;1&#8243; _builder_version=&#8221;4.16&#8243; global_colors_info=&#8221;{}&#8221;][et_pb_row _builder_version=&#8221;4.16&#8243; background_size=&#8221;initial&#8221; background_position=&#8221;top_left&#8221; background_repeat=&#8221;repeat&#8221; global_colors_info=&#8221;{}&#8221;][et_pb_column type=&#8221;4_4&#8243; _builder_version=&#8221;4.16&#8243; custom_padding=&#8221;|||&#8221; global_colors_info=&#8221;{}&#8221; custom_padding__hover=&#8221;|||&#8221;][et_pb_image src=&#8221;https:\/\/www.secowarwick.com\/wp-content\/uploads\/2019\/11\/Slider-SuperIQ.jpg&#8221; alt=&#8221;Uniwersalny piec komorowy do\u00a0hartowania stali i\u00a0naw\u0119glania &#8211; Super IQ SECO\/WARWICK&#8221; title_text=&#8221;Uniwersalny piec komorowy do\u00a0hartowania stali i\u00a0naw\u0119glania &#8211; Super IQ SECO\/WARWICK&#8221; align_tablet=&#8221;center&#8221; align_phone=&#8221;&#8221; align_last_edited=&#8221;on|desktop&#8221; _builder_version=&#8221;4.16&#8243; global_colors_info=&#8221;{}&#8221;][\/et_pb_image][\/et_pb_column][\/et_pb_row][\/et_pb_section][et_pb_section fb_built=&#8221;1&#8243; admin_label=&#8221;section&#8221; _builder_version=&#8221;4.16&#8243; custom_padding=&#8221;25px|||&#8221; transparent_background=&#8221;off&#8221; make_fullwidth=&#8221;off&#8221; use_custom_width=&#8221;off&#8221; width_unit=&#8221;on&#8221; global_colors_info=&#8221;{}&#8221;][et_pb_row column_structure=&#8221;3_4,1_4&#8243; admin_label=&#8221;row&#8221; _builder_version=&#8221;4.16&#8243; background_size=&#8221;initial&#8221; background_position=&#8221;top_left&#8221; background_repeat=&#8221;repeat&#8221; custom_margin=&#8221;0px|||&#8221; custom_padding=&#8221;0px|||&#8221; make_fullwidth=&#8221;off&#8221; use_custom_width=&#8221;off&#8221; width_unit=&#8221;on&#8221; global_colors_info=&#8221;{}&#8221;][et_pb_column type=&#8221;3_4&#8243; _builder_version=&#8221;4.16&#8243; custom_padding=&#8221;|||&#8221; global_colors_info=&#8221;{}&#8221; custom_padding__hover=&#8221;|||&#8221;][et_pb_breadcrumbs _builder_version=&#8221;4.10.3&#8243; global_colors_info=&#8221;{}&#8221;][\/et_pb_breadcrumbs][et_pb_text module_class=&#8221;podtytuly&#8221; _builder_version=&#8221;4.23.1&#8243; global_colors_info=&#8221;{}&#8221;]<\/p>\n<h1>Uniwersalny piec komorowy do\u00a0hartowania stali i\u00a0naw\u0119glania &#8211; Super IQ<\/h1>\n<h2>Uniwersalny piec komorowy ze\u00a0zintegrowanym zbiornikiem hartowniczym, przeznaczony do\u00a0naw\u0119glania i\u00a0hartowania stali<\/h2>\n<p>Urz\u0105dzenie zaprojektowane zosta\u0142o w\u00a0spos\u00f3b umo\u017cliwiaj\u0105cy dodanie go\u00a0do\u00a0istniej\u0105cych linii technologicznych <strong>piec\u00f3w komorowych do\u00a0naw\u0119glania<\/strong>, bez\u00a0potrzeby wykonania znacz\u0105cych modyfikacji istniej\u0105cej infrastruktury.<\/p>\n<p>Dotyczy to\u00a0tak\u017ce sytuacji, kiedy wyst\u0119puje potrzeba wymiany starego, wyeksploatowanego <strong>pieca komorowego typu Integral Quench (IQ)<\/strong> na\u00a0nowe urz\u0105dzenie. Zastosowane rozwi\u0105zania pozwalaj\u0105 na\u00a0bezproblemow\u0105 instalacj\u0119 pieca bez\u00a0wzgl\u0119du na\u00a0mark\u0119 oryginalnego sprz\u0119tu jaki jest zast\u0119powany. Oznacza to\u00a0pe\u0142n\u0105 integracj\u0119 z\u00a0istniej\u0105cymi elementami transportu wsadu (\u0142adowarka, sto\u0142y odk\u0142adcze, oprzyrz\u0105dowanie technologiczne) na\u00a0poziomie mechaniki oraz\u00a0automatyki.<\/p>\n<p>Z\u00a0uwagi na\u00a0przystosowanie do\u00a0pracy z\u00a0konwencjonalnymi olejami hartowniczymi, obrobione detale myte s\u0105\u00a0dost\u0119pnych w\u00a0linii, tradycyjnych urz\u0105dzeniach myj\u0105cych. Technologia mycia, rodzaj zastosowanych \u015brodk\u00f3w oraz\u00a0dobre praktyki operator\u00f3w nie\u00a0wymagaj\u0105 zmian, u\u017cytkownik mo\u017ce w\u00a0pe\u0142ni czerpa\u0107 z\u00a0nabytych przez\u00a0siebie do\u015bwiadcze\u0144.<\/p>\n<p>[\/et_pb_text][et_pb_tabs module_class=&#8221;red-tabs eco-tab5&#8243; _builder_version=&#8221;4.23.1&#8243; custom_css_main_element=&#8221;margin-top: 2rem;||margin-bottom: 2rem;&#8221; global_colors_info=&#8221;{}&#8221;][et_pb_tab title=&#8221;Opis&#8221; _builder_version=&#8221;4.23.1&#8243; global_colors_info=&#8221;{}&#8221;]<\/p>\n<p>Super IQ dla prowadzenia proces\u00f3w naw\u0119glania nie\u00a0wymaga doprowadzenia atmosfery endotermicznej. W\u00a0efekcie, generator zostaje wyeliminowany, a\u00a0na\u00a0oszcz\u0119dno\u015bci sk\u0142ada si\u0119 brak potrzeby jego zakupu, utrzymania w\u00a0ruchu oraz\u00a0typowych dla tego urz\u0105dzenia strat nadwy\u017cki gazu procesowego<\/p>\n<p>Zasadnicz\u0105 jednak przewag\u0119 nad&nbsp;tradycyjnymi piecami typu IQ, Super IQ buduje na&nbsp;potencjale redukcji czasu obr\u00f3bki. Wynika to&nbsp;z&nbsp;mo\u017cliwo\u015bci prowadzenia proces\u00f3w naw\u0119glania z&nbsp;wy\u017cszymi temperaturami, w&nbsp;praktyce nawet do&nbsp;1050\u00b0C. W&nbsp;takiej sytuacji mo\u017cliwe jest istotne zwi\u0119kszenie wydajno\u015bci oraz&nbsp;obni\u017cka koszt\u00f3w produkcji.<\/p>\n<p>Rozszerzony do&nbsp;1100\u00b0C zakres temperatur roboczych, pozwala tak\u017ce na&nbsp;wykonanie innych, wymagaj\u0105cych tego proces\u00f3w, co&nbsp;znacznie rozszerza mo\u017cliwo\u015bci jednostki.<\/p>\n<p>Praca pieca odbywa si\u0119 w\u00a0spos\u00f3b w\u00a0pe\u0142ni automatyczny. Wewn\u0119trzna \u0142adowarka przemieszcza wsad w\u00a0spos\u00f3b p\u0142ynny, a\u00a0zastosowane rozwi\u0105zanie eliminuje ryzyka zwi\u0105zane z\u00a0przepychaniem znacz\u0105cych mas, tu\u00a0nawet do\u00a01560 kg brutto.<\/p>\n<p>Receptury technologiczne tworzone s\u0105\u00a0z\u00a0wykorzystaniem symulatora, stanowi\u0105cego integraln\u0105 cz\u0119\u015b\u0107 urz\u0105dzenia. Pr\u00f3cz szerokiej bazy danych materia\u0142\u00f3w, symulator wspomaga prac\u0119 operatora wyliczaj\u0105c i\u00a0proponuj\u0105c wyb\u00f3r alternatywnych wersji receptur, informuj\u0105c bezpo\u015brednio o\u00a0spodziewanych kosztach proces\u00f3w.<\/p>\n<p>Super IQ cechuje si\u0119 bezkonkurencyjn\u0105 elastyczno\u015bci\u0105, wynikaj\u0105c\u0105 z\u00a0braku potrzeby jego sezonowania i\u00a0nasycania, co\u00a0ma\u00a0miejsce w\u00a0tradycyjnych piecach IQ. W\u00a0przypadku przerw weekendowych czy\u00a0innych przerw w\u00a0produkcji, wy\u0142\u0105czenie pieca odbywa si\u0119 w\u00a0spos\u00f3b natychmiastowy. Ponowne wprowadzenie pieca na\u00a0parametry robocze liczy si\u0119 w\u00a0minutach.<\/p>\n<p>Nie\u00a0pracuje, nie\u00a0kosztuje.<\/p>\n<p>Tak\u017ce w\u00a0obszarze ekologii urz\u0105dzenie prezentuje istotne zalety. Wykorzystywana technologia naw\u0119glania do\u00a0absolutnego minimum ogranicza emisj\u0119 do\u00a0atmosfery. Precyzyjnie dobrane dawki medi\u00f3w technologicznych liczone s\u0105\u00a0w\u00a0litrach.<\/p>\n<p>W\u00a0konsekwencji wyeliminowane zostaje typowe dla tradycyjnych rozwi\u0105za\u0144 zadymienie oraz\u00a0otwarte p\u0142omienie.<\/p>\n<p>Poprawieniu przez\u00a0to\u00a0ulega bezpiecze\u0144stwo oraz\u00a0komfort pracy obs\u0142ugi.<\/p>\n<p>Prostota konstrukcji, ergonomia oraz\u00a0systemy wspomagaj\u0105ce obs\u0142ug\u0119 okresow\u0105 nie\u00a0tylko\u00a0praktycznie eliminuj\u0105 nieplanowane przestoje, ale\u00a0tak\u017ce istotnie redukuj\u0105 koszty zwi\u0105zane z\u00a0utrzymaniem wysoko wykwalifikowanej kadry i\u00a0ich nak\u0142adami pracy.<\/p>\n<p>[\/et_pb_tab][et_pb_tab title=&#8221;Cechy&#8221; _builder_version=&#8221;4.23.1&#8243; global_colors_info=&#8221;{}&#8221;]<\/p>\n<p><span style=\"color: #e31300;\"><strong>\/<\/strong><\/span> Brak dodatkowych koszt\u00f3w produkcji dzi\u0119ki wy\u017cszej jako\u015bci i\u00a0wydajno\u015bci w\u00a0por\u00f3wnaniu z\u00a0naw\u0119glaniem w\u00a0piecach hartowniczych z\u00a0wbudowan\u0105 wann\u0105<br \/><span style=\"color: #e31300;\"><strong>\/<\/strong><\/span> Pasuje do\u00a0linii piec\u00f3w hartowniczych z\u00a0wbudowan\u0105 wann\u0105 dowolnego producenta i\u00a0ich zag\u0142\u0119bie\u0144<br \/><span style=\"color: #e31300;\"><strong>\/<\/strong><\/span> Brak konieczno\u015bci stosowania generatora ENDO, brak p\u0142omienia<br \/><span style=\"color: #e31300;\"><strong>\/<\/strong><\/span> \u0141\u0105czy czyst\u0105 obr\u00f3bk\u0119 z\u00a0wyj\u0105tkowymi parametrami hartowania w\u00a0oleju<br \/><span style=\"color: #e31300;\"><strong>\/<\/strong><\/span> W\u0142\u0105cz, wy\u0142\u0105cz \u2013 brak trybu ja\u0142owego ani kondycjonowania<\/p>\n<p>[\/et_pb_tab][et_pb_tab title=&#8221;Zalety&#8221; _builder_version=&#8221;4.23.1&#8243; global_colors_info=&#8221;{}&#8221;]<\/p>\n<p><span style=\"color: #e31300;\"><strong>\/\u00a0<\/strong><\/span>Potencja\u0142 redukcji czasu obr\u00f3bki z&nbsp;uwagi na&nbsp;mo\u017cliwo\u015b\u0107 obr\u00f3bki z&nbsp;wy\u017cszymi temperaturami (&gt;&gt;925\u00b0C), a&nbsp;co&nbsp;za&nbsp;tym idzie zwi\u0119kszenie wydajno\u015bci i&nbsp;obni\u017cka koszt\u00f3w produkcji<br \/><span style=\"color: #e31300;\"><strong>\/<\/strong> <\/span>Automatyczne tworzenie receptur, w&nbsp;pe\u0142ni automatyczna praca<br \/><span style=\"color: #e31300;\"><strong>\/<\/strong> <\/span>Elastyczno\u015b\u0107 &#8211; nie&nbsp;pracuje, nie&nbsp;kosztuje<br \/><span style=\"color: #e31300;\"><strong>\/<\/strong> <\/span>\u0141atwa integracja z&nbsp;urz\u0105dzeniami tradycyjnymi<br \/><span style=\"color: #e31300;\"><strong>\/<\/strong> <\/span>\u201eUniwersalno\u015b\u0107 technologiczna +\u201d (tak\u017ce obr\u00f3bka narz\u0119dzi, wy\u017csze temp. Proc.)<br \/><span style=\"color: #e31300;\"><strong>\/<\/strong> <\/span>Prostota obs\u0142ugi i&nbsp;atrakcyjne koszty utrzymania w&nbsp;ruchu<br \/><span style=\"color: #e31300;\"><strong>\/<\/strong> <\/span>Brak otwartego p\u0142omienia, zadymienia, emisji<br \/><span style=\"color: #e31300;\"><strong>\/<\/strong> <\/span>Eliminacja dodatkowego urz\u0105dzenia \u2013 generator endo<\/p>\n<p>[\/et_pb_tab][et_pb_tab title=&#8221;Procesy&#8221; _builder_version=&#8221;4.23.1&#8243; global_colors_info=&#8221;{}&#8221;]<\/p>\n<p><span style=\"color: #e31300;\"><strong>\/\u00a0<\/strong><\/span>Naw\u0119glanie<\/p>\n<p>[\/et_pb_tab][et_pb_tab title=&#8221;Przemys\u0142y&#8221; _builder_version=&#8221;4.23.1&#8243; global_colors_info=&#8221;{}&#8221;]<\/p>\n<p><strong><span style=\"color: #e31300;\">\/\u00a0<\/span><\/strong>Przemys\u0142 motoryzacyjny<br \/><strong><span style=\"color: #e31300;\">\/\u00a0<\/span><\/strong>Przemys\u0142 maszynowy<br \/><strong><span style=\"color: #e31300;\">\/ <\/span><\/strong>Hartownie us\u0142ugowe<\/p>\n<p>[\/et_pb_tab][et_pb_tab title=&#8221; &#8221; _builder_version=&#8221;4.23.1&#8243; _module_preset=&#8221;default&#8221; global_colors_info=&#8221;{}&#8221;]<\/p>\n<p aria-level=\"2\"><span data-contrast=\"auto\"><strong><span style=\"color: #e31300;\">\/ <\/span><\/strong>Dodanie go&nbsp;do&nbsp;istniej\u0105cych linii technologicznych piec\u00f3w komorowych do&nbsp;naw\u0119glania, bez&nbsp;potrzeby wykonania znacz\u0105cych modyfikacji istniej\u0105cej infrastruktury \u2013 to&nbsp;nie&nbsp;tylko&nbsp;ogromne oszcz\u0119dno\u015bci dla przedsi\u0119biorstw, ale&nbsp;tak\u017ce uk\u0142on w&nbsp;stron\u0119 ekologii<br \/><\/span><span data-contrast=\"auto\"><strong><span style=\"color: #e31300;\">\/<\/span><\/strong> Zastosowana w\u00a0tym urz\u0105dzeniu <\/span><b><span data-contrast=\"auto\">technologia naw\u0119glania niskoci\u015bnieniowego (LPC)<\/span><\/b> <b><span data-contrast=\"auto\">znacz\u0105co ogranicza zu\u017cycie gaz\u00f3w procesowych<\/span><\/b><span data-contrast=\"auto\">, co\u00a0pozwala <\/span><b><span data-contrast=\"auto\">zmniejszy\u0107 emisj\u0119 CO\u2082<\/span><\/b><span data-contrast=\"auto\"> do&nbsp;atmosfery do&nbsp;absolutnego minimum<br \/><\/span><span data-contrast=\"auto\"><strong><span style=\"color: #e31300;\">\/<\/span><\/strong> Znaczna poprawa bezpiecze\u0144stwa pracy urz\u0105dzenia, gdy\u017c\u00a0<\/span><b><span data-contrast=\"auto\">wyeliminowana zostaje<\/span><\/b><span data-contrast=\"auto\"> typowa dla tradycyjnych rozwi\u0105za\u0144 konieczno\u015b\u0107 <\/span><b><span data-contrast=\"auto\">emisji atmosfery procesowej<\/span><\/b><span data-contrast=\"auto\"> i&nbsp;wym\u00f3g jej dopalania przy pomocy otwartego p\u0142omienia<\/span><\/p>\n<p>[\/et_pb_tab][\/et_pb_tabs][et_pb_code _builder_version=&#8221;4.10.3&#8243; _module_preset=&#8221;default&#8221; global_module=&#8221;123769&#8243; saved_tabs=&#8221;all&#8221; global_colors_info=&#8221;{}&#8221;]<!-- [et_pb_line_break_holder] --><pee style=\"text-align: center;\"><a class=\"small-button smallred\" style=\"font-size: 20px; padding: 20px 60px;\" href=\"https:\/\/www.secowarwick.com\/pl\/zapytaj-o-oferte\/\"><span style=\"display: block; transform: skew(15deg,0deg); -webkit-transform: skew(15deg,0deg); font-size: 20px; !important\">ZAPYTAJ O OFERT\u0118<\/span><\/a><\/pee>[\/et_pb_code][\/et_pb_column][et_pb_column type=&#8221;1_4&#8243; _builder_version=&#8221;4.16&#8243; custom_padding=&#8221;|||&#8221; global_colors_info=&#8221;{}&#8221; custom_padding__hover=&#8221;|||&#8221;][et_pb_gallery gallery_ids=&#8221;81885&#8243; posts_number=&#8221;1&#8243; show_title_and_caption=&#8221;off&#8221; show_pagination=&#8221;off&#8221; zoom_icon_color=&#8221;#e2001a&#8221; module_class=&#8221;seco-products-gallery-new&#8221; _builder_version=&#8221;4.16&#8243; custom_css_overlay_icon=&#8221;content:&#8217;ZOBACZ GALERI\u0118&#8217; !important;&#8221; global_colors_info=&#8221;{}&#8221;][\/et_pb_gallery][et_pb_text admin_label=&#8221;btn_pl_premiumlibrary&#8221; module_class=&#8221;premium-library-button&#8221; _builder_version=&#8221;4.23.1&#8243; _module_preset=&#8221;default&#8221; text_orientation=&#8221;center&#8221; global_module=&#8221;157169&#8243; saved_tabs=&#8221;all&#8221; locked=&#8221;off&#8221; global_colors_info=&#8221;{}&#8221;]<\/p>\n<a href='https:\/\/www.secowarwick.com\/pl\/trescipremium\/' class='small-button smallred'><span>TRE\u015aCI PREMIUM<\/span><\/a>\n<p>[\/et_pb_text][et_pb_text admin_label=&#8221;R&#038;D PL&#8221; module_class=&#8221;product_widget_wrap_rd&#8221; _builder_version=&#8221;4.23.1&#8243; _module_preset=&#8221;default&#8221; text_orientation=&#8221;center&#8221; global_module=&#8221;165497&#8243; saved_tabs=&#8221;all&#8221; locked=&#8221;off&#8221; global_colors_info=&#8221;{}&#8221;]<\/p>\n<p><a href=\"https:\/\/www.secowarwick.com\/pl\/rd\/\"><span class=\"product_wigtet_name\">R&amp;D<\/span><\/a><\/p>\n<p>[\/et_pb_text][et_pb_text admin_label=&#8221;AUTOMATYKA PL&#8221; module_class=&#8221;product_widget_wrap_automation&#8221; _builder_version=&#8221;4.23.1&#8243; _module_preset=&#8221;default&#8221; global_module=&#8221;165495&#8243; saved_tabs=&#8221;all&#8221; locked=&#8221;off&#8221; global_colors_info=&#8221;{}&#8221;]<\/p>\n<p><a href=\"https:\/\/www.secowarwick.com\/pl\/service\/automatyka\/\"><span class=\"product_wigtet_name\">AUTOMATYKA<\/span><\/a><\/p>\n<p>[\/et_pb_text][et_pb_text admin_label=&#8221;SERVICE PL&#8221; module_class=&#8221;product_widget_wrap_service&#8221; _builder_version=&#8221;4.23.1&#8243; _module_preset=&#8221;default&#8221; global_module=&#8221;165500&#8243; saved_tabs=&#8221;all&#8221; locked=&#8221;off&#8221; global_colors_info=&#8221;{}&#8221;]<\/p>\n<p><a href=\"https:\/\/www.secowarwick.com\/pl\/profesjonalne-uslugi-serwisowe\/\"><span class=\"product_wigtet_name\">SERWIS<\/span><\/a><\/p>\n<p>[\/et_pb_text][et_pb_text admin_label=&#8221;SUPLEMENTALS PL&#8221; module_class=&#8221;product_widget_wrap_supleme&#8221; _builder_version=&#8221;4.23.1&#8243; _module_preset=&#8221;default&#8221; global_module=&#8221;165502&#8243; saved_tabs=&#8221;all&#8221; locked=&#8221;off&#8221; global_colors_info=&#8221;{}&#8221;]<\/p>\n<p><span class=\"product_wigtet_name\">DODATKOWE:<\/span><\/p>\n<p>[\/et_pb_text][et_pb_text admin_label=&#8221;Product brochure&#8221; module_class=&#8221;suplementals_product_brochure suplementals_wrap&#8221; _builder_version=&#8221;4.23.1&#8243; _module_preset=&#8221;default&#8221; locked=&#8221;off&#8221; global_colors_info=&#8221;{}&#8221;]<\/p>\n<p><a href=\"https:\/\/www.secowarwick.com\/wp-content\/uploads\/2025\/10\/VAC-SUPER-IQ-WWW.pdf\" target=\"_blank\" rel=\"noopener\">Broszura produktu<\/a><\/p>\n<p>[\/et_pb_text][et_pb_text admin_label=&#8221;Katalog produkt\u00f3w&#8221; module_class=&#8221;suplementals_product_brochure suplementals_wrap&#8221; _builder_version=&#8221;4.23.1&#8243; _module_preset=&#8221;default&#8221; global_module=&#8221;186634&#8243; saved_tabs=&#8221;all&#8221; locked=&#8221;off&#8221; global_colors_info=&#8221;{}&#8221;]<\/p>\n<p><a href=\"https:\/\/www.secowarwick.com\/wp-content\/uploads\/2025\/11\/VAC-VACUUM-FURNACE-WWW.pdf\" target=\"_blank\" rel=\"noopener\">Katalog produkt\u00f3w<\/a><\/p>\n<p>[\/et_pb_text][et_pb_text admin_label=&#8221;Product infographic&#8221; module_class=&#8221;suplementals_product_infographic suplementals_wrap&#8221; _builder_version=&#8221;4.23.1&#8243; _module_preset=&#8221;default&#8221; locked=&#8221;off&#8221; global_colors_info=&#8221;{}&#8221;]<\/p>\n<p><a href=\"https:\/\/www.secowarwick.com\/wp-content\/uploads\/2023\/06\/SUPER-IQ.jpg\" target=\"_blank\" rel=\"noopener\">Infografika produktu<\/a><\/p>\n<p>[\/et_pb_text][et_pb_text admin_label=&#8221;Product movie&#8221; module_class=&#8221;suplementals_product_movie suplementals_wrap&#8221; _builder_version=&#8221;4.23.1&#8243; _module_preset=&#8221;default&#8221; locked=&#8221;off&#8221; global_colors_info=&#8221;{}&#8221;]<\/p>\n<p><a href=\"https:\/\/youtu.be\/agplV61qbwk\">Film produktowy<\/a><\/p>\n<p>[\/et_pb_text][et_pb_text admin_label=&#8221;dnabook-pl&#8221; module_class=&#8221;suplementals_product_dna suplementals_wrap&#8221; _builder_version=&#8221;4.23.1&#8243; _module_preset=&#8221;default&#8221; global_module=&#8221;165509&#8243; saved_tabs=&#8221;all&#8221; locked=&#8221;off&#8221; global_colors_info=&#8221;{}&#8221;]<\/p>\n<p><a href=\"https:\/\/www.secowarwick.com\/wp-content\/uploads\/2025\/07\/DNA_BOOK.pdf\" target=\"_blank\" rel=\"noopener\">DNA\/BOOK<\/a><\/p>\n<p>[\/et_pb_text][et_pb_text admin_label=&#8221;ECO\/BOOK-pl&#8221; module_class=&#8221;suplementals_product_eco suplementals_wrap&#8221; _builder_version=&#8221;4.23.1&#8243; _module_preset=&#8221;default&#8221; global_module=&#8221;165511&#8243; saved_tabs=&#8221;all&#8221; locked=&#8221;off&#8221; global_colors_info=&#8221;{}&#8221;]<\/p>\n<p><a href=\"https:\/\/www.secowarwick.com\/wp-content\/uploads\/2023\/06\/ECOBOOK-2-1.pdf\" target=\"_blank\" rel=\"noopener\">ECO\/BOOK<\/a><\/p>\n<p>[\/et_pb_text][et_pb_text admin_label=&#8221;RFQ product widget pl&#8221; module_class=&#8221;product_widget_wrap_rfq-en&#8221; _builder_version=&#8221;4.23.1&#8243; _module_preset=&#8221;default&#8221; global_module=&#8221;186180&#8243; saved_tabs=&#8221;all&#8221; locked=&#8221;off&#8221; global_colors_info=&#8221;{}&#8221;]<\/p>\n<p style=\"text-align: center;\"><a class=\"small-button smallred\" href=\"https:\/\/www.secowarwick.com\/pl\/zapytaj-o-oferte\/\"><span class=\"product_wigtet_name\">ZAPYTAJ O&nbsp;OFERT\u0118<\/span><\/a><\/p>\n<p>[\/et_pb_text][\/et_pb_column][\/et_pb_row][\/et_pb_section]<\/p>\n","protected":false},"excerpt":{"rendered":"<p>[et_pb_breadcrumbs _builder_version=&#8221;4.10.3&#8243; global_colors_info=&#8221;{}&#8221;][\/et_pb_breadcrumbs]Uniwersalny piec komorowy do\u00a0hartowania stali i\u00a0naw\u0119glania &#8211; Super IQ Uniwersalny piec komorowy ze\u00a0zintegrowanym zbiornikiem hartowniczym, przeznaczony do\u00a0naw\u0119glania i\u00a0hartowania stali Urz\u0105dzenie zaprojektowane zosta\u0142o w\u00a0spos\u00f3b umo\u017cliwiaj\u0105cy dodanie go\u00a0do\u00a0istniej\u0105cych linii technologicznych piec\u00f3w komorowych do\u00a0naw\u0119glania, bez\u00a0potrzeby wykonania znacz\u0105cych modyfikacji istniej\u0105cej infrastruktury. Dotyczy to\u00a0tak\u017ce sytuacji, kiedy wyst\u0119puje potrzeba wymiany starego, wyeksploatowanego pieca komorowego typu Integral Quench (IQ) na\u00a0nowe [&hellip;]<\/p>\n","protected":false},"author":2,"featured_media":86549,"parent":7141,"menu_order":0,"comment_status":"closed","ping_status":"closed","template":"","meta":{"_acf_changed":false,"_et_pb_use_builder":"on","_et_pb_old_content":"","_et_gb_content_width":"","footnotes":""},"class_list":["post-81898","page","type-page","status-publish","has-post-thumbnail"],"acf":[],"_links":{"self":[{"href":"https:\/\/www.secowarwick.com\/pl\/wp-json\/wp\/v2\/pages\/81898","targetHints":{"allow":["GET"]}}],"collection":[{"href":"https:\/\/www.secowarwick.com\/pl\/wp-json\/wp\/v2\/pages"}],"about":[{"href":"https:\/\/www.secowarwick.com\/pl\/wp-json\/wp\/v2\/types\/page"}],"author":[{"embeddable":true,"href":"https:\/\/www.secowarwick.com\/pl\/wp-json\/wp\/v2\/users\/2"}],"replies":[{"embeddable":true,"href":"https:\/\/www.secowarwick.com\/pl\/wp-json\/wp\/v2\/comments?post=81898"}],"version-history":[{"count":23,"href":"https:\/\/www.secowarwick.com\/pl\/wp-json\/wp\/v2\/pages\/81898\/revisions"}],"predecessor-version":[{"id":186643,"href":"https:\/\/www.secowarwick.com\/pl\/wp-json\/wp\/v2\/pages\/81898\/revisions\/186643"}],"up":[{"embeddable":true,"href":"https:\/\/www.secowarwick.com\/pl\/wp-json\/wp\/v2\/pages\/7141"}],"wp:featuredmedia":[{"embeddable":true,"href":"https:\/\/www.secowarwick.com\/pl\/wp-json\/wp\/v2\/media\/86549"}],"wp:attachment":[{"href":"https:\/\/www.secowarwick.com\/pl\/wp-json\/wp\/v2\/media?parent=81898"}],"curies":[{"name":"wp","href":"https:\/\/api.w.org\/{rel}","templated":true}]}}