{"id":83177,"date":"2019-08-18T20:42:00","date_gmt":"2019-08-18T18:42:00","guid":{"rendered":"http:\/\/www.secowarwick.com\/?page_id=83177"},"modified":"2025-02-07T09:06:17","modified_gmt":"2025-02-07T08:06:17","slug":"lucjan-swadzba","status":"publish","type":"page","link":"https:\/\/www.secowarwick.com\/pl\/lucjan-swadzba\/","title":{"rendered":"Lucjan Swad\u017aba"},"content":{"rendered":"<p>[et_pb_section fb_built=&#8221;1&#8243; admin_label=&#8221;section&#8221; _builder_version=&#8221;4.16&#8243; custom_padding=&#8221;0px|||&#8221; transparent_background=&#8221;off&#8221; make_fullwidth=&#8221;off&#8221; use_custom_width=&#8221;off&#8221; width_unit=&#8221;on&#8221; global_colors_info=&#8221;{}&#8221;][et_pb_row admin_label=&#8221;row&#8221; _builder_version=&#8221;4.16&#8243; background_color=&#8221;#f8f8f8&#8243; background_size=&#8221;initial&#8221; background_position=&#8221;top_left&#8221; background_repeat=&#8221;repeat&#8221; custom_margin=&#8221;||45px|&#8221; custom_padding=&#8221;|||25px&#8221; make_fullwidth=&#8221;off&#8221; use_custom_width=&#8221;off&#8221; width_unit=&#8221;on&#8221; global_colors_info=&#8221;{}&#8221;][et_pb_column type=&#8221;4_4&#8243; _builder_version=&#8221;4.16&#8243; custom_padding=&#8221;|||&#8221; global_colors_info=&#8221;{}&#8221; custom_padding__hover=&#8221;|||&#8221;][et_pb_breadcrumbs _builder_version=&#8221;3.0.47&#8243; global_colors_info=&#8221;{}&#8221;][\/et_pb_breadcrumbs][et_pb_text _builder_version=&#8221;4.16&#8243; use_border_color=&#8221;off&#8221; border_color=&#8221;#ffffff&#8221; border_style=&#8221;solid&#8221; global_colors_info=&#8221;{}&#8221;]<\/p>\n<h1>PRELEGENT<\/h1>\n<h2><\/h2>\n<h3><\/h3>\n<p>[\/et_pb_text][\/et_pb_column][\/et_pb_row][et_pb_row admin_label=&#8221;row&#8221; _builder_version=&#8221;4.16&#8243; background_size=&#8221;initial&#8221; background_position=&#8221;top_left&#8221; background_repeat=&#8221;repeat&#8221; global_colors_info=&#8221;{}&#8221; column_structure=&#8221;1_3,2_3&#8243;][et_pb_column type=&#8221;1_3&#8243; _builder_version=&#8221;4.16&#8243; custom_padding=&#8221;|||&#8221; global_colors_info=&#8221;{}&#8221; custom_padding__hover=&#8221;|||&#8221;][et_pb_image src=&#8221;https:\/\/www.secowarwick.com\/wp-content\/uploads\/2019\/08\/swadzba-1.jpg&#8221; align_tablet=&#8221;center&#8221; align_last_edited=&#8221;on|desktop&#8221; _builder_version=&#8221;4.23.1&#8243; hover_enabled=&#8221;0&#8243; use_border_color=&#8221;off&#8221; border_color=&#8221;#ffffff&#8221; border_style=&#8221;solid&#8221; animation=&#8221;left&#8221; sticky=&#8221;off&#8221; global_colors_info=&#8221;{}&#8221; alt=&#8221;Lucjan Swad\u017aba&#8221; sticky_enabled=&#8221;0&#8243; align_phone=&#8221;center&#8221;][\/et_pb_image][\/et_pb_column][et_pb_column type=&#8221;2_3&#8243; _builder_version=&#8221;4.16&#8243; custom_padding=&#8221;|||&#8221; global_colors_info=&#8221;{}&#8221; custom_padding__hover=&#8221;|||&#8221;][et_pb_text _builder_version=&#8221;4.16&#8243; use_border_color=&#8221;off&#8221; border_color=&#8221;#ffffff&#8221; border_style=&#8221;solid&#8221; global_colors_info=&#8221;{}&#8221;]<span style=\"font-size: 14pt;\"><strong><span style=\"color: #dc291e;\">LUCJAN SWAD\u0179BA<\/span><\/strong><\/span><br \/>\n<span style=\"font-size: 14pt;\">IIM POLITECHNIKA \u015aL\u0104SKA<\/span><\/p>\n<p>Profesor dr hab. in\u017c. Lucjan Swad\u017aba uko\u0144czy\u0142 studia w Akademii G\u00f3rniczo-Hutniczej<br \/>\nw Krakowie po czym rozpocz\u0105\u0142 prac\u0119 w Instytucie In\u017cynierii Materia\u0142owej na Wydziale Metalurgicznym w Politechnice \u015al\u0105skiej. Odby\u0142 dwumiesi\u0119czny a nast\u0119pnie p\u00f3\u0142roczny sta\u017c, WSK Rzesz\u00f3w (obecnie Pratt&amp;Whitney). By\u0142 kierownikiem 35 projekt\u00f3w badawczych ramach program\u00f3w m.in.: CPBP, CPBR, PC, PBZ oraz by\u0142 Liderem merytorycznym w Projekcie Kluczowym, w kt\u00f3rym koordynowa\u0142 zadania 6 jednostek naukowych w Polsce, zwi\u0105zanych z rozwojem nowoczesnych technologii pow\u0142ok dla przemys\u0142u lotniczego. Kierowa\u0142 pracami badawczymi zwi\u0105zanymi z nowymi technologiami w ramach program\u00f3w: Europejskiego COST-522, Newac oraz ESPOSA. Efektem zrealizowanych projekt\u00f3w jest 8 wdro\u017ce\u0144 w polskich i zagranicznych firmach lotniczych. Prowadzi\u0142 projekty badawcze na bezpo\u015brednie zlecenie firmy Pratt&amp;Whitney USA oraz Pratt&amp;Whitney Kanada. Za wdro\u017cenie technologii pow\u0142ok \u017caroodpornych i odpornych na \u015bcieranie, dwukrotnie otrzyma\u0142 certyfikat doskona\u0142o\u015bci Firmy Pratt&amp;Whitney Kanada &#8211; \u201ePionierzy naszej przysz\u0142o\u015bci\u201d.<br \/>\nW latach 2014-2019 by\u0142 kierownikiem dw\u00f3ch projekt\u00f3w w ramach Programu Sektorowego INNOLOT wsp\u00f3lnie z Firmami: Avio Aero (General Electric), Safran Francja, Pratt and Whitney Rzesz\u00f3w oraz projektu z na Rzecz Obronno\u015bci Pa\u0144stwa, realizowanego dla Instytutu Technicznego Wojsk Lotniczych oraz Wojskowych Zak\u0142ad\u00f3w Lotniczych.<br \/>\nPrzez wiele lat by\u0142 Kierownikiem Zak\u0142adu In\u017cynierii Powierzchni w Instytucie In\u017cynierii Materia\u0142owej Politechniki \u015al\u0105skiej. W swoim dorobku posiada ponad 200 publikacji w czasopismach krajowych i zagranicznych, 15 patent\u00f3w, 80 razy wyg\u0142asza\u0142 referaty na konferencjach w kraju i za granic\u0105 m.in. w USA, Kanadzie, Anglii, Francji, Niemczech, Belgii i in.<br \/>\nZa dzia\u0142alno\u015b\u0107 naukow\u0105 otrzyma\u0142 dwukrotnie zespo\u0142ow\u0105 nagrod\u0119 Ministra Nauki i Szkolnictwa Wy\u017cszego I-go i II stopnia, oraz 21 Nagr\u00f3d Rektora. Otrzyma\u0142 Medal Edukacji Narodowej, Zas\u0142u\u017cony dla Politechniki \u015al\u0105skiej, Z\u0142oty Medal &#8211; Zas\u0142u\u017cony dla Przemys\u0142u Maszynowego oraz Z\u0142ot\u0105 Odznak\u0119 STOP.<br \/>\n[\/et_pb_text][\/et_pb_column][\/et_pb_row][\/et_pb_section]<\/p>\n","protected":false},"excerpt":{"rendered":"<p>[et_pb_breadcrumbs _builder_version=&#8221;3.0.47&#8243; global_colors_info=&#8221;{}&#8221;][\/et_pb_breadcrumbs]PRELEGENT LUCJAN SWAD\u0179BA IIM POLITECHNIKA \u015aL\u0104SKA Profesor dr hab. in\u017c. Lucjan Swad\u017aba uko\u0144czy\u0142 studia w Akademii G\u00f3rniczo-Hutniczej w Krakowie po czym rozpocz\u0105\u0142 prac\u0119 w Instytucie In\u017cynierii Materia\u0142owej na Wydziale Metalurgicznym w Politechnice \u015al\u0105skiej. Odby\u0142 dwumiesi\u0119czny a nast\u0119pnie p\u00f3\u0142roczny sta\u017c, WSK Rzesz\u00f3w (obecnie Pratt&amp;Whitney). By\u0142 kierownikiem 35 projekt\u00f3w badawczych ramach program\u00f3w m.in.: CPBP, CPBR, [&hellip;]<\/p>\n","protected":false},"author":2,"featured_media":0,"parent":0,"menu_order":0,"comment_status":"closed","ping_status":"closed","template":"","meta":{"_acf_changed":false,"_et_pb_use_builder":"on","_et_pb_old_content":"","_et_gb_content_width":"","footnotes":""},"class_list":["post-83177","page","type-page","status-publish"],"acf":[],"_links":{"self":[{"href":"https:\/\/www.secowarwick.com\/pl\/wp-json\/wp\/v2\/pages\/83177","targetHints":{"allow":["GET"]}}],"collection":[{"href":"https:\/\/www.secowarwick.com\/pl\/wp-json\/wp\/v2\/pages"}],"about":[{"href":"https:\/\/www.secowarwick.com\/pl\/wp-json\/wp\/v2\/types\/page"}],"author":[{"embeddable":true,"href":"https:\/\/www.secowarwick.com\/pl\/wp-json\/wp\/v2\/users\/2"}],"replies":[{"embeddable":true,"href":"https:\/\/www.secowarwick.com\/pl\/wp-json\/wp\/v2\/comments?post=83177"}],"version-history":[{"count":1,"href":"https:\/\/www.secowarwick.com\/pl\/wp-json\/wp\/v2\/pages\/83177\/revisions"}],"predecessor-version":[{"id":171813,"href":"https:\/\/www.secowarwick.com\/pl\/wp-json\/wp\/v2\/pages\/83177\/revisions\/171813"}],"wp:attachment":[{"href":"https:\/\/www.secowarwick.com\/pl\/wp-json\/wp\/v2\/media?parent=83177"}],"curies":[{"name":"wp","href":"https:\/\/api.w.org\/{rel}","templated":true}]}}