{"id":83193,"date":"2019-08-18T20:59:38","date_gmt":"2019-08-18T18:59:38","guid":{"rendered":"http:\/\/www.secowarwick.com\/?page_id=83193"},"modified":"2025-01-13T11:36:43","modified_gmt":"2025-01-13T10:36:43","slug":"emilia-wolowiec","status":"publish","type":"page","link":"https:\/\/www.secowarwick.com\/pl\/emilia-wolowiec\/","title":{"rendered":"EMILIA WO\u0141OWIEC"},"content":{"rendered":"<p>[et_pb_section fb_built=&#8221;1&#8243; admin_label=&#8221;section&#8221; _builder_version=&#8221;4.16&#8243; custom_padding=&#8221;0px|||&#8221; transparent_background=&#8221;off&#8221; make_fullwidth=&#8221;off&#8221; use_custom_width=&#8221;off&#8221; width_unit=&#8221;on&#8221; global_colors_info=&#8221;{}&#8221;][et_pb_row admin_label=&#8221;row&#8221; _builder_version=&#8221;4.16&#8243; background_color=&#8221;#f8f8f8&#8243; background_size=&#8221;initial&#8221; background_position=&#8221;top_left&#8221; background_repeat=&#8221;repeat&#8221; custom_margin=&#8221;||45px|&#8221; custom_padding=&#8221;|||25px&#8221; make_fullwidth=&#8221;off&#8221; use_custom_width=&#8221;off&#8221; width_unit=&#8221;on&#8221; global_colors_info=&#8221;{}&#8221;][et_pb_column type=&#8221;4_4&#8243; _builder_version=&#8221;4.16&#8243; custom_padding=&#8221;|||&#8221; global_colors_info=&#8221;{}&#8221; custom_padding__hover=&#8221;|||&#8221;][et_pb_breadcrumbs _builder_version=&#8221;3.0.47&#8243; global_colors_info=&#8221;{}&#8221;][\/et_pb_breadcrumbs][et_pb_text _builder_version=&#8221;4.16&#8243; background_size=&#8221;initial&#8221; background_position=&#8221;top_left&#8221; background_repeat=&#8221;repeat&#8221; use_border_color=&#8221;off&#8221; border_color=&#8221;#ffffff&#8221; border_style=&#8221;solid&#8221; global_colors_info=&#8221;{}&#8221;]<\/p>\n<h1>PRELEGENT<\/h1>\n<h2><\/h2>\n<h3><\/h3>\n<p>[\/et_pb_text][\/et_pb_column][\/et_pb_row][et_pb_row admin_label=&#8221;row&#8221; _builder_version=&#8221;4.16&#8243; background_size=&#8221;initial&#8221; background_position=&#8221;top_left&#8221; background_repeat=&#8221;repeat&#8221; global_colors_info=&#8221;{}&#8221; column_structure=&#8221;1_3,2_3&#8243;][et_pb_column type=&#8221;1_3&#8243; _builder_version=&#8221;4.16&#8243; custom_padding=&#8221;|||&#8221; global_colors_info=&#8221;{}&#8221; custom_padding__hover=&#8221;|||&#8221;][et_pb_image src=&#8221;https:\/\/www.secowarwick.com\/wp-content\/uploads\/2019\/08\/wolowiec-1.jpg&#8221; align_tablet=&#8221;center&#8221; align_last_edited=&#8221;on|desktop&#8221; _builder_version=&#8221;4.23.1&#8243; hover_enabled=&#8221;0&#8243; use_border_color=&#8221;off&#8221; border_color=&#8221;#ffffff&#8221; border_style=&#8221;solid&#8221; animation=&#8221;left&#8221; sticky=&#8221;off&#8221; global_colors_info=&#8221;{}&#8221; alt=&#8221;Emilia Wo\u0142owiec&#8221; sticky_enabled=&#8221;0&#8243; align_phone=&#8221;center&#8221;][\/et_pb_image][\/et_pb_column][et_pb_column type=&#8221;2_3&#8243; _builder_version=&#8221;4.16&#8243; custom_padding=&#8221;|||&#8221; global_colors_info=&#8221;{}&#8221; custom_padding__hover=&#8221;|||&#8221;][et_pb_text _builder_version=&#8221;4.16&#8243; use_border_color=&#8221;off&#8221; border_color=&#8221;#ffffff&#8221; border_style=&#8221;solid&#8221; global_colors_info=&#8221;{}&#8221;]<span style=\"font-size: 14pt;\"><strong><span style=\"color: #dc291e;\">EMILIA WO\u0141OWIEC<\/span><\/strong><\/span><br \/>\n<span style=\"font-size: 14pt;\">IIM POLITECHNIKA \u0141\u00d3DZKA<\/span><\/p>\n<p>Profesor Nadzwyczajny Politechniki \u0141\u00f3dzkiej w Polsce. Ekspertka in\u017cynierii materia\u0142owej, specjalizuje si\u0119 w obr\u00f3bce termo-chemicznej. Popiera u\u017cycie numerycznych symulacji proces\u00f3w obr\u00f3bki cieplnej w celu obni\u017cenia koszt\u00f3w produkcji. Ceniona autorka ponad 100 naukowych publikacji i ponad 20 patent\u00f3w, koordynator i kontrahent projekt\u00f3w naukowych, wyk\u0142adowca konferencyjny. Jako cz\u0142onkini ASM International oraz Heat Treating Society, bierze aktywny udzia\u0142 w naukowych i technologicznych wydarzeniach. Prywatnie, sympatyczka prozy Stanis\u0142awa Lema oraz reporta\u017cy Oriana Fallaciego. Hobbistycznie zajmuje si\u0119 statystyk\u0105 i analiz\u0105, gr\u0105 w golfa oraz obserwacj\u0105 ptak\u00f3w i nietoperzy.<br \/>\n[\/et_pb_text][\/et_pb_column][\/et_pb_row][\/et_pb_section]<\/p>\n","protected":false},"excerpt":{"rendered":"<p>[et_pb_breadcrumbs _builder_version=&#8221;3.0.47&#8243; global_colors_info=&#8221;{}&#8221;][\/et_pb_breadcrumbs]PRELEGENT EMILIA WO\u0141OWIEC IIM POLITECHNIKA \u0141\u00d3DZKA Profesor Nadzwyczajny Politechniki \u0141\u00f3dzkiej w Polsce. Ekspertka in\u017cynierii materia\u0142owej, specjalizuje si\u0119 w obr\u00f3bce termo-chemicznej. Popiera u\u017cycie numerycznych symulacji proces\u00f3w obr\u00f3bki cieplnej w celu obni\u017cenia koszt\u00f3w produkcji. Ceniona autorka ponad 100 naukowych publikacji i ponad 20 patent\u00f3w, koordynator i kontrahent projekt\u00f3w naukowych, wyk\u0142adowca konferencyjny. Jako cz\u0142onkini ASM International [&hellip;]<\/p>\n","protected":false},"author":2,"featured_media":0,"parent":0,"menu_order":0,"comment_status":"closed","ping_status":"closed","template":"","meta":{"_acf_changed":false,"_et_pb_use_builder":"on","_et_pb_old_content":"","_et_gb_content_width":"","footnotes":""},"class_list":["post-83193","page","type-page","status-publish"],"acf":[],"_links":{"self":[{"href":"https:\/\/www.secowarwick.com\/pl\/wp-json\/wp\/v2\/pages\/83193","targetHints":{"allow":["GET"]}}],"collection":[{"href":"https:\/\/www.secowarwick.com\/pl\/wp-json\/wp\/v2\/pages"}],"about":[{"href":"https:\/\/www.secowarwick.com\/pl\/wp-json\/wp\/v2\/types\/page"}],"author":[{"embeddable":true,"href":"https:\/\/www.secowarwick.com\/pl\/wp-json\/wp\/v2\/users\/2"}],"replies":[{"embeddable":true,"href":"https:\/\/www.secowarwick.com\/pl\/wp-json\/wp\/v2\/comments?post=83193"}],"version-history":[{"count":1,"href":"https:\/\/www.secowarwick.com\/pl\/wp-json\/wp\/v2\/pages\/83193\/revisions"}],"predecessor-version":[{"id":168813,"href":"https:\/\/www.secowarwick.com\/pl\/wp-json\/wp\/v2\/pages\/83193\/revisions\/168813"}],"wp:attachment":[{"href":"https:\/\/www.secowarwick.com\/pl\/wp-json\/wp\/v2\/media?parent=83193"}],"curies":[{"name":"wp","href":"https:\/\/api.w.org\/{rel}","templated":true}]}}