{"id":83278,"date":"2019-08-21T13:16:20","date_gmt":"2019-08-21T11:16:20","guid":{"rendered":"http:\/\/www.secowarwick.com\/?page_id=83278"},"modified":"2025-01-13T07:45:43","modified_gmt":"2025-01-13T06:45:43","slug":"mateusz-krukar","status":"publish","type":"page","link":"https:\/\/www.secowarwick.com\/pl\/mateusz-krukar\/","title":{"rendered":"Mateusz Krukar"},"content":{"rendered":"<p>[et_pb_section fb_built=&#8221;1&#8243; admin_label=&#8221;section&#8221; _builder_version=&#8221;4.16&#8243; custom_padding=&#8221;0px|||&#8221; transparent_background=&#8221;off&#8221; make_fullwidth=&#8221;off&#8221; use_custom_width=&#8221;off&#8221; width_unit=&#8221;on&#8221; global_colors_info=&#8221;{}&#8221;][et_pb_row admin_label=&#8221;row&#8221; _builder_version=&#8221;4.16&#8243; background_color=&#8221;#f8f8f8&#8243; background_size=&#8221;initial&#8221; background_position=&#8221;top_left&#8221; background_repeat=&#8221;repeat&#8221; custom_margin=&#8221;||45px|&#8221; custom_padding=&#8221;|||25px&#8221; make_fullwidth=&#8221;off&#8221; use_custom_width=&#8221;off&#8221; width_unit=&#8221;on&#8221; global_colors_info=&#8221;{}&#8221;][et_pb_column type=&#8221;4_4&#8243; _builder_version=&#8221;4.16&#8243; custom_padding=&#8221;|||&#8221; global_colors_info=&#8221;{}&#8221; custom_padding__hover=&#8221;|||&#8221;][et_pb_breadcrumbs _builder_version=&#8221;3.0.47&#8243; global_colors_info=&#8221;{}&#8221;][\/et_pb_breadcrumbs][et_pb_text _builder_version=&#8221;4.16&#8243; background_size=&#8221;initial&#8221; background_position=&#8221;top_left&#8221; background_repeat=&#8221;repeat&#8221; use_border_color=&#8221;off&#8221; border_color=&#8221;#ffffff&#8221; border_style=&#8221;solid&#8221; global_colors_info=&#8221;{}&#8221;]<\/p>\n<h1>PRELEGENT<\/h1>\n<h2><\/h2>\n<h3><\/h3>\n<p>[\/et_pb_text][\/et_pb_column][\/et_pb_row][et_pb_row admin_label=&#8221;row&#8221; _builder_version=&#8221;4.16&#8243; background_size=&#8221;initial&#8221; background_position=&#8221;top_left&#8221; background_repeat=&#8221;repeat&#8221; global_colors_info=&#8221;{}&#8221; column_structure=&#8221;1_3,2_3&#8243;][et_pb_column type=&#8221;1_3&#8243; _builder_version=&#8221;4.16&#8243; custom_padding=&#8221;|||&#8221; global_colors_info=&#8221;{}&#8221; custom_padding__hover=&#8221;|||&#8221;][et_pb_image src=&#8221;https:\/\/www.secowarwick.com\/wp-content\/uploads\/2019\/08\/krukar.jpg&#8221; align_tablet=&#8221;center&#8221; align_last_edited=&#8221;on|desktop&#8221; _builder_version=&#8221;4.23.1&#8243; hover_enabled=&#8221;0&#8243; use_border_color=&#8221;off&#8221; border_color=&#8221;#ffffff&#8221; border_style=&#8221;solid&#8221; animation=&#8221;left&#8221; sticky=&#8221;off&#8221; global_colors_info=&#8221;{}&#8221; alt=&#8221;Mateusz Krukar&#8221; sticky_enabled=&#8221;0&#8243; align_phone=&#8221;center&#8221;][\/et_pb_image][\/et_pb_column][et_pb_column type=&#8221;2_3&#8243; _builder_version=&#8221;4.16&#8243; custom_padding=&#8221;|||&#8221; global_colors_info=&#8221;{}&#8221; custom_padding__hover=&#8221;|||&#8221;][et_pb_text _builder_version=&#8221;4.16&#8243; use_border_color=&#8221;off&#8221; border_color=&#8221;#ffffff&#8221; border_style=&#8221;solid&#8221; global_colors_info=&#8221;{}&#8221;]<span style=\"font-size: 14pt;\"><strong><span style=\"color: #dc291e;\">MATEUSZ KRUKAR<\/span><\/strong><\/span><br \/>\n<span style=\"font-size: 14pt;\">KIEROWNIK PROCES\u00d3W SPECJALNYCH W ZAK\u0141ADZIE MTU AERO ENGINES POLSKA W PODRZESZOWSKIEJ JASIONCE<\/span><\/p>\n<p>Od samego pocz\u0105tku zwi\u0105zany jestem z przemys\u0142em lotniczym. Moj\u0105 przygod\u0119 z lotnictwie zacz\u0105\u0142em w Goodrich Krosno (obecnie Collins Aerospace) jako Kontroler Jako\u015bci po Obr\u00f3bce Cieplnej, nast\u0119pnie pracowa\u0142em jako In\u017cynier Procesu w Kreisler Polska (obecnie Pratt and Whitney Niepo\u0142omice). W obecnej firmie, w kt\u00f3rej pracuje zaczyna\u0142em jako Technolog Proces\u00f3w Specjalnych, a od 2013 pe\u0142ni\u0119 funkcj\u0119 Kierownika Produkcyjnego.<br \/>\nPraca w przemy\u015ble lotniczym jest du\u017c\u0105 odpowiedzialno\u015bci\u0105, dlatego moim g\u0142\u00f3wnym celem zawodowym jest dostarczanie do klient\u00f3w cz\u0119\u015bci lotniczych najwy\u017cszej jako\u015bci.<br \/>\nPodczas kariery zawodowej by\u0142em odpowiedzialny za r\u00f3\u017cne projekty, m.in. uruchomienie cz\u0119\u015bci po relokacji produkcji w nowym zak\u0142adzie. Pe\u0142ni\u0142em funkcj\u0119 lidera w projekcie oszcz\u0119dno\u015bci maj\u0105cym na celu wyd\u0142u\u017cenie przydatno\u015bci materia\u0142\u00f3w pomocniczych do produkcji, a tak\u017ce uczestniczy\u0142em w projekcie zatwierdzenia procesu pokrycia u zewn\u0119trznego dostawcy.<br \/>\nOpr\u00f3cz zami\u0142owania do lotnictwa, druga moj\u0105 pas\u0105 jest motoryzacja. Interesuje si\u0119 nowinkami motoryzacyjnymi, za\u015b najwi\u0119ksz\u0105 przyjemno\u015b\u0107 sprawia mi ogl\u0105danie \u201eczarnego sportu \u201e jakim jest<br \/>\n\u017cu\u017cel.<br \/>\n[\/et_pb_text][\/et_pb_column][\/et_pb_row][\/et_pb_section]<\/p>\n","protected":false},"excerpt":{"rendered":"<p>[et_pb_breadcrumbs _builder_version=&#8221;3.0.47&#8243; global_colors_info=&#8221;{}&#8221;][\/et_pb_breadcrumbs]PRELEGENT MATEUSZ KRUKAR KIEROWNIK PROCES\u00d3W SPECJALNYCH W ZAK\u0141ADZIE MTU AERO ENGINES POLSKA W PODRZESZOWSKIEJ JASIONCE Od samego pocz\u0105tku zwi\u0105zany jestem z przemys\u0142em lotniczym. Moj\u0105 przygod\u0119 z lotnictwie zacz\u0105\u0142em w Goodrich Krosno (obecnie Collins Aerospace) jako Kontroler Jako\u015bci po Obr\u00f3bce Cieplnej, nast\u0119pnie pracowa\u0142em jako In\u017cynier Procesu w Kreisler Polska (obecnie Pratt and Whitney Niepo\u0142omice). [&hellip;]<\/p>\n","protected":false},"author":2,"featured_media":0,"parent":0,"menu_order":0,"comment_status":"closed","ping_status":"closed","template":"","meta":{"_acf_changed":false,"_et_pb_use_builder":"on","_et_pb_old_content":"","_et_gb_content_width":"","footnotes":""},"class_list":["post-83278","page","type-page","status-publish"],"acf":[],"_links":{"self":[{"href":"https:\/\/www.secowarwick.com\/pl\/wp-json\/wp\/v2\/pages\/83278","targetHints":{"allow":["GET"]}}],"collection":[{"href":"https:\/\/www.secowarwick.com\/pl\/wp-json\/wp\/v2\/pages"}],"about":[{"href":"https:\/\/www.secowarwick.com\/pl\/wp-json\/wp\/v2\/types\/page"}],"author":[{"embeddable":true,"href":"https:\/\/www.secowarwick.com\/pl\/wp-json\/wp\/v2\/users\/2"}],"replies":[{"embeddable":true,"href":"https:\/\/www.secowarwick.com\/pl\/wp-json\/wp\/v2\/comments?post=83278"}],"version-history":[{"count":1,"href":"https:\/\/www.secowarwick.com\/pl\/wp-json\/wp\/v2\/pages\/83278\/revisions"}],"predecessor-version":[{"id":168799,"href":"https:\/\/www.secowarwick.com\/pl\/wp-json\/wp\/v2\/pages\/83278\/revisions\/168799"}],"wp:attachment":[{"href":"https:\/\/www.secowarwick.com\/pl\/wp-json\/wp\/v2\/media?parent=83278"}],"curies":[{"name":"wp","href":"https:\/\/api.w.org\/{rel}","templated":true}]}}