{"id":83744,"date":"2019-08-30T08:36:02","date_gmt":"2019-08-30T06:36:02","guid":{"rendered":"http:\/\/www.secowarwick.com\/?page_id=83744"},"modified":"2025-02-07T09:03:12","modified_gmt":"2025-02-07T08:03:12","slug":"irena-dul","status":"publish","type":"page","link":"https:\/\/www.secowarwick.com\/pl\/irena-dul\/","title":{"rendered":"Irena Dul"},"content":{"rendered":"<p>[et_pb_section fb_built=&#8221;1&#8243; admin_label=&#8221;section&#8221; _builder_version=&#8221;4.16&#8243; custom_padding=&#8221;0px|||&#8221; transparent_background=&#8221;off&#8221; make_fullwidth=&#8221;off&#8221; use_custom_width=&#8221;off&#8221; width_unit=&#8221;on&#8221; global_colors_info=&#8221;{}&#8221;][et_pb_row admin_label=&#8221;row&#8221; _builder_version=&#8221;4.16&#8243; background_color=&#8221;#f8f8f8&#8243; background_size=&#8221;initial&#8221; background_position=&#8221;top_left&#8221; background_repeat=&#8221;repeat&#8221; custom_margin=&#8221;||45px|&#8221; custom_padding=&#8221;|||25px&#8221; make_fullwidth=&#8221;off&#8221; use_custom_width=&#8221;off&#8221; width_unit=&#8221;on&#8221; global_colors_info=&#8221;{}&#8221;][et_pb_column type=&#8221;4_4&#8243; _builder_version=&#8221;4.16&#8243; custom_padding=&#8221;|||&#8221; global_colors_info=&#8221;{}&#8221; custom_padding__hover=&#8221;|||&#8221;][et_pb_breadcrumbs _builder_version=&#8221;3.0.47&#8243; global_colors_info=&#8221;{}&#8221;][\/et_pb_breadcrumbs][et_pb_text _builder_version=&#8221;4.16&#8243; background_size=&#8221;initial&#8221; background_position=&#8221;top_left&#8221; background_repeat=&#8221;repeat&#8221; use_border_color=&#8221;off&#8221; border_color=&#8221;#ffffff&#8221; border_style=&#8221;solid&#8221; global_colors_info=&#8221;{}&#8221;]<\/p>\n<h1>PRELEGENT<\/h1>\n<h2><\/h2>\n<h3><\/h3>\n<p>[\/et_pb_text][\/et_pb_column][\/et_pb_row][et_pb_row admin_label=&#8221;row&#8221; _builder_version=&#8221;4.16&#8243; background_size=&#8221;initial&#8221; background_position=&#8221;top_left&#8221; background_repeat=&#8221;repeat&#8221; global_colors_info=&#8221;{}&#8221; column_structure=&#8221;1_3,2_3&#8243;][et_pb_column type=&#8221;1_3&#8243; _builder_version=&#8221;4.16&#8243; custom_padding=&#8221;|||&#8221; global_colors_info=&#8221;{}&#8221; custom_padding__hover=&#8221;|||&#8221;][et_pb_image src=&#8221;https:\/\/www.secowarwick.com\/wp-content\/uploads\/2019\/08\/dul.jpg&#8221; align_tablet=&#8221;center&#8221; align_last_edited=&#8221;on|desktop&#8221; _builder_version=&#8221;4.23.1&#8243; hover_enabled=&#8221;0&#8243; use_border_color=&#8221;off&#8221; border_color=&#8221;#ffffff&#8221; border_style=&#8221;solid&#8221; animation=&#8221;left&#8221; sticky=&#8221;off&#8221; global_colors_info=&#8221;{}&#8221; alt=&#8221;DR IN\u017b. IRENA DUL&#8221; sticky_enabled=&#8221;0&#8243; align_phone=&#8221;center&#8221;][\/et_pb_image][\/et_pb_column][et_pb_column type=&#8221;2_3&#8243; _builder_version=&#8221;4.16&#8243; custom_padding=&#8221;|||&#8221; global_colors_info=&#8221;{}&#8221; custom_padding__hover=&#8221;|||&#8221;][et_pb_text _builder_version=&#8221;4.16&#8243; use_border_color=&#8221;off&#8221; border_color=&#8221;#ffffff&#8221; border_style=&#8221;solid&#8221; global_colors_info=&#8221;{}&#8221;]<span style=\"font-size: 14pt;\"><strong><span style=\"color: #dc291e;\">DR IN\u017b. IRENA DUL<\/span><\/strong><\/span><br \/>\n<span style=\"font-size: 14pt;\">PRATT&amp;WHITNEY RZESZ\u00d3W, EKSPERT DS. OBR\u00d3BKI CIEPLNEJ I LUTOWANIA<\/span><\/p>\n<p>Uko\u0144czy\u0142a Wydzia\u0142 Metali Nie\u017celaznych na AGH i obroni\u0142a tytu\u0142 doktora w dziedzinie eksploatacja i budowa maszyn na Politechnice Warszawskiej.<br \/>\nPrac\u0119 w Pratt&amp;Whitney (dawna WSK PZL Rzesz\u00f3w S.A) rozpocz\u0119\u0142a na stanowisku metalurga na Wydziale Ku\u017ani, nast\u0119pnie dzia\u0142 G\u0142\u00f3wnego Metalurga, Wydzia\u0142 Proces\u00f3w Specjalnych a obecnie pracuje w Dziale Rozwoju Technologii. Jest odpowiedzialna za strategi\u0119 rozwoju proces\u00f3w specjalnych oraz rozw\u00f3j kadry in\u017cynieryjnej.<br \/>\nW ci\u0105gu 20 lat pracy zawodowej nadzorowa\u0142a wiele wdro\u017ce\u0144 przemys\u0142owych i bra\u0142a udzia\u0142 w sze\u015bciu projektach badawczo-rozwojowych.<br \/>\nProwadzi go\u015bcinne wyk\u0142ady w uczelniach wy\u017cszych.<br \/>\n[\/et_pb_text][\/et_pb_column][\/et_pb_row][\/et_pb_section]<\/p>\n","protected":false},"excerpt":{"rendered":"<p>[et_pb_breadcrumbs _builder_version=&#8221;3.0.47&#8243; global_colors_info=&#8221;{}&#8221;][\/et_pb_breadcrumbs]PRELEGENT DR IN\u017b. IRENA DUL PRATT&amp;WHITNEY RZESZ\u00d3W, EKSPERT DS. OBR\u00d3BKI CIEPLNEJ I LUTOWANIA Uko\u0144czy\u0142a Wydzia\u0142 Metali Nie\u017celaznych na AGH i obroni\u0142a tytu\u0142 doktora w dziedzinie eksploatacja i budowa maszyn na Politechnice Warszawskiej. Prac\u0119 w Pratt&amp;Whitney (dawna WSK PZL Rzesz\u00f3w S.A) rozpocz\u0119\u0142a na stanowisku metalurga na Wydziale Ku\u017ani, nast\u0119pnie dzia\u0142 G\u0142\u00f3wnego Metalurga, Wydzia\u0142 Proces\u00f3w [&hellip;]<\/p>\n","protected":false},"author":2,"featured_media":0,"parent":0,"menu_order":0,"comment_status":"closed","ping_status":"closed","template":"","meta":{"_acf_changed":false,"_et_pb_use_builder":"on","_et_pb_old_content":"","_et_gb_content_width":"","footnotes":""},"class_list":["post-83744","page","type-page","status-publish"],"acf":[],"_links":{"self":[{"href":"https:\/\/www.secowarwick.com\/pl\/wp-json\/wp\/v2\/pages\/83744","targetHints":{"allow":["GET"]}}],"collection":[{"href":"https:\/\/www.secowarwick.com\/pl\/wp-json\/wp\/v2\/pages"}],"about":[{"href":"https:\/\/www.secowarwick.com\/pl\/wp-json\/wp\/v2\/types\/page"}],"author":[{"embeddable":true,"href":"https:\/\/www.secowarwick.com\/pl\/wp-json\/wp\/v2\/users\/2"}],"replies":[{"embeddable":true,"href":"https:\/\/www.secowarwick.com\/pl\/wp-json\/wp\/v2\/comments?post=83744"}],"version-history":[{"count":1,"href":"https:\/\/www.secowarwick.com\/pl\/wp-json\/wp\/v2\/pages\/83744\/revisions"}],"predecessor-version":[{"id":171809,"href":"https:\/\/www.secowarwick.com\/pl\/wp-json\/wp\/v2\/pages\/83744\/revisions\/171809"}],"wp:attachment":[{"href":"https:\/\/www.secowarwick.com\/pl\/wp-json\/wp\/v2\/media?parent=83744"}],"curies":[{"name":"wp","href":"https:\/\/api.w.org\/{rel}","templated":true}]}}