{"id":83780,"date":"2019-09-02T13:51:35","date_gmt":"2019-09-02T11:51:35","guid":{"rendered":"http:\/\/www.secowarwick.com\/?page_id=83780"},"modified":"2025-02-07T10:42:48","modified_gmt":"2025-02-07T09:42:48","slug":"robert-pietrasik","status":"publish","type":"page","link":"https:\/\/www.secowarwick.com\/pl\/robert-pietrasik\/","title":{"rendered":"Robert Pietrasik"},"content":{"rendered":"<p>[et_pb_section fb_built=&#8221;1&#8243; admin_label=&#8221;section&#8221; _builder_version=&#8221;4.16&#8243; custom_padding=&#8221;0px|||&#8221; transparent_background=&#8221;off&#8221; make_fullwidth=&#8221;off&#8221; use_custom_width=&#8221;off&#8221; width_unit=&#8221;on&#8221; global_colors_info=&#8221;{}&#8221;][et_pb_row admin_label=&#8221;row&#8221; _builder_version=&#8221;4.16&#8243; background_color=&#8221;#f8f8f8&#8243; background_size=&#8221;initial&#8221; background_position=&#8221;top_left&#8221; background_repeat=&#8221;repeat&#8221; custom_margin=&#8221;||45px|&#8221; custom_padding=&#8221;|||25px&#8221; make_fullwidth=&#8221;off&#8221; use_custom_width=&#8221;off&#8221; width_unit=&#8221;on&#8221; global_colors_info=&#8221;{}&#8221;][et_pb_column type=&#8221;4_4&#8243; _builder_version=&#8221;4.16&#8243; custom_padding=&#8221;|||&#8221; global_colors_info=&#8221;{}&#8221; custom_padding__hover=&#8221;|||&#8221;][et_pb_breadcrumbs _builder_version=&#8221;3.0.47&#8243; global_colors_info=&#8221;{}&#8221;][\/et_pb_breadcrumbs][et_pb_text _builder_version=&#8221;4.16&#8243; background_size=&#8221;initial&#8221; background_position=&#8221;top_left&#8221; background_repeat=&#8221;repeat&#8221; use_border_color=&#8221;off&#8221; border_color=&#8221;#ffffff&#8221; border_style=&#8221;solid&#8221; global_colors_info=&#8221;{}&#8221;]<\/p>\n<h1>PRELEGENT<\/h1>\n<h2><\/h2>\n<h3><\/h3>\n<p>[\/et_pb_text][\/et_pb_column][\/et_pb_row][et_pb_row admin_label=&#8221;row&#8221; _builder_version=&#8221;4.16&#8243; background_size=&#8221;initial&#8221; background_position=&#8221;top_left&#8221; background_repeat=&#8221;repeat&#8221; global_colors_info=&#8221;{}&#8221; column_structure=&#8221;1_3,2_3&#8243;][et_pb_column type=&#8221;1_3&#8243; _builder_version=&#8221;4.16&#8243; custom_padding=&#8221;|||&#8221; global_colors_info=&#8221;{}&#8221; custom_padding__hover=&#8221;|||&#8221;][et_pb_image src=&#8221;https:\/\/www.secowarwick.com\/wp-content\/uploads\/2019\/09\/pietrasik.jpg&#8221; align_tablet=&#8221;center&#8221; align_last_edited=&#8221;on|desktop&#8221; _builder_version=&#8221;4.23.1&#8243; hover_enabled=&#8221;0&#8243; use_border_color=&#8221;off&#8221; border_color=&#8221;#ffffff&#8221; border_style=&#8221;solid&#8221; animation=&#8221;left&#8221; sticky=&#8221;off&#8221; global_colors_info=&#8221;{}&#8221; sticky_enabled=&#8221;0&#8243; alt=&#8221;Robert Pietrasik&#8221; align_phone=&#8221;center&#8221;][\/et_pb_image][\/et_pb_column][et_pb_column type=&#8221;2_3&#8243; _builder_version=&#8221;4.16&#8243; custom_padding=&#8221;|||&#8221; global_colors_info=&#8221;{}&#8221; custom_padding__hover=&#8221;|||&#8221;][et_pb_text _builder_version=&#8221;4.16&#8243; use_border_color=&#8221;off&#8221; border_color=&#8221;#ffffff&#8221; border_style=&#8221;solid&#8221; global_colors_info=&#8221;{}&#8221;]<span style=\"font-size: 14pt;\"><strong><span style=\"color: #dc291e;\">DR IN\u017b. ROBERT PIETRASIK<\/span><\/strong><\/span><br \/>\n<span style=\"font-size: 14pt;\">HART-TECH Sp. z o.o., PREZES ZARZ\u0104DU I DYREKTOREM DS. TECHNOLOGICZNYCH<\/span><\/p>\n<p>Dr in\u017c. Robert Pietrasik z powodzeniem \u0142\u0105czy biznes i nauk\u0119. Jest Prezesem Zarz\u0105du i Dyrektorem ds. Technologicznych w HART-TECH Sp. z o.o. oraz adiunktem w Instytucie In\u017cynierii Materia\u0142owej Politechniki \u0141\u00f3dzkiej.<br \/>\nW swojej dzia\u0142alno\u015bci zdoby\u0142 szereg do\u015bwiadcze\u0144 na poziomie technologii przemys\u0142owych. Jako dyrektor ds. technologicznych w hartowni us\u0142ugowej jest odpowiedzialny m.in. za spe\u0142nienie norm IATF 16949:2016 (posiada uprawnienia audytora wewn\u0119trznego), w zakresie zgodno\u015bci parametr\u00f3w proces\u00f3w technologicznych i wymaga\u0144 stawianych urz\u0105dzeniom do ich realizacji. Corocznie uczestniczy w audytach klient\u00f3w, r\u00f3wnie\u017c z bran\u017cy automotive. W firmie HART-TECH jest r\u00f3wnie\u017c odpowiedzialny za dzia\u0142 wdro\u017ce\u0144.<br \/>\nWcze\u015bniejsze do\u015bwiadczenia przemys\u0142owe zbiera\u0142 jako mi\u0119dzy innymi g\u0142\u00f3wny technolog w Be\u0142chatowsko Kleszczowskim Parku Przemys\u0142owo Technologicznym sp. z o.o. oraz jako konsultant technologiczny w CEBET \u0141\u00f3d\u017a. Przeprowadzi\u0142 49 audyt\u00f3w technologicznych i technologiczno-ekonomicznych dla firm z ca\u0142ej Polski.<br \/>\nJest wsp\u00f3\u0142autorem ponad 25 wdro\u017ce\u0144 technologii azotonasiarczania gazowego i ponad 60, technologii naw\u0119glania pr\u00f3\u017cniowego. W ramach dzia\u0142alno\u015bci naukowej jego zainteresowania kieruj\u0105 si\u0119 w stron\u0119 technologii obr\u00f3bki cieplnej i cieplno-chemicznej oraz grafenu. Na Politechnice \u0141\u00f3dzkiej, prowadzi zaj\u0119cia z Obr\u00f3bki Cieplnej i Transferu Technologii. Dr Pietrasik, jest r\u00f3wnie\u017c wsp\u00f3\u0142autorem 18 patent\u00f3w i zg\u0142osze\u0144 patentowych polskich, europejskich i w USA. Bra\u0142 udzia\u0142 r\u00f3wnie\u017c w ponad 20 projektach badawczych NCN i NCBiR, jako kierownik, g\u0142\u00f3wny wykonawca i wykonawca.<br \/>\nW wolnych chwilach si\u0119ga po dobr\u0105 ksi\u0105\u017ck\u0119 lub wraz z rodzin\u0105 realizuje pasje podr\u00f3\u017cnicze.<br \/>\n[\/et_pb_text][\/et_pb_column][\/et_pb_row][\/et_pb_section]<\/p>\n","protected":false},"excerpt":{"rendered":"<p>[et_pb_breadcrumbs _builder_version=&#8221;3.0.47&#8243; global_colors_info=&#8221;{}&#8221;][\/et_pb_breadcrumbs]PRELEGENT DR IN\u017b. ROBERT PIETRASIK HART-TECH Sp. z o.o., PREZES ZARZ\u0104DU I DYREKTOREM DS. TECHNOLOGICZNYCH Dr in\u017c. Robert Pietrasik z powodzeniem \u0142\u0105czy biznes i nauk\u0119. Jest Prezesem Zarz\u0105du i Dyrektorem ds. Technologicznych w HART-TECH Sp. z o.o. oraz adiunktem w Instytucie In\u017cynierii Materia\u0142owej Politechniki \u0141\u00f3dzkiej. W swojej dzia\u0142alno\u015bci zdoby\u0142 szereg do\u015bwiadcze\u0144 na poziomie [&hellip;]<\/p>\n","protected":false},"author":2,"featured_media":0,"parent":0,"menu_order":0,"comment_status":"closed","ping_status":"closed","template":"","meta":{"_acf_changed":false,"_et_pb_use_builder":"on","_et_pb_old_content":"","_et_gb_content_width":"","footnotes":""},"class_list":["post-83780","page","type-page","status-publish"],"acf":[],"_links":{"self":[{"href":"https:\/\/www.secowarwick.com\/pl\/wp-json\/wp\/v2\/pages\/83780","targetHints":{"allow":["GET"]}}],"collection":[{"href":"https:\/\/www.secowarwick.com\/pl\/wp-json\/wp\/v2\/pages"}],"about":[{"href":"https:\/\/www.secowarwick.com\/pl\/wp-json\/wp\/v2\/types\/page"}],"author":[{"embeddable":true,"href":"https:\/\/www.secowarwick.com\/pl\/wp-json\/wp\/v2\/users\/2"}],"replies":[{"embeddable":true,"href":"https:\/\/www.secowarwick.com\/pl\/wp-json\/wp\/v2\/comments?post=83780"}],"version-history":[{"count":1,"href":"https:\/\/www.secowarwick.com\/pl\/wp-json\/wp\/v2\/pages\/83780\/revisions"}],"predecessor-version":[{"id":171825,"href":"https:\/\/www.secowarwick.com\/pl\/wp-json\/wp\/v2\/pages\/83780\/revisions\/171825"}],"wp:attachment":[{"href":"https:\/\/www.secowarwick.com\/pl\/wp-json\/wp\/v2\/media?parent=83780"}],"curies":[{"name":"wp","href":"https:\/\/api.w.org\/{rel}","templated":true}]}}