{"id":83785,"date":"2019-09-03T10:24:46","date_gmt":"2019-09-03T08:24:46","guid":{"rendered":"http:\/\/www.secowarwick.com\/?page_id=83785"},"modified":"2025-01-16T12:21:17","modified_gmt":"2025-01-16T11:21:17","slug":"adam-wieszala","status":"publish","type":"page","link":"https:\/\/www.secowarwick.com\/pl\/adam-wieszala\/","title":{"rendered":"Adam Wiesza\u0142a"},"content":{"rendered":"<p>[et_pb_section fb_built=&#8221;1&#8243; admin_label=&#8221;section&#8221; _builder_version=&#8221;4.16&#8243; custom_padding=&#8221;0px|||&#8221; transparent_background=&#8221;off&#8221; make_fullwidth=&#8221;off&#8221; use_custom_width=&#8221;off&#8221; width_unit=&#8221;on&#8221; global_colors_info=&#8221;{}&#8221;][et_pb_row admin_label=&#8221;row&#8221; _builder_version=&#8221;4.16&#8243; background_color=&#8221;#f8f8f8&#8243; background_size=&#8221;initial&#8221; background_position=&#8221;top_left&#8221; background_repeat=&#8221;repeat&#8221; custom_margin=&#8221;||45px|&#8221; custom_padding=&#8221;|||25px&#8221; make_fullwidth=&#8221;off&#8221; use_custom_width=&#8221;off&#8221; width_unit=&#8221;on&#8221; global_colors_info=&#8221;{}&#8221;][et_pb_column type=&#8221;4_4&#8243; _builder_version=&#8221;4.16&#8243; custom_padding=&#8221;|||&#8221; global_colors_info=&#8221;{}&#8221; custom_padding__hover=&#8221;|||&#8221;][et_pb_breadcrumbs _builder_version=&#8221;3.0.47&#8243; global_colors_info=&#8221;{}&#8221;][\/et_pb_breadcrumbs][et_pb_text _builder_version=&#8221;4.16&#8243; background_size=&#8221;initial&#8221; background_position=&#8221;top_left&#8221; background_repeat=&#8221;repeat&#8221; use_border_color=&#8221;off&#8221; border_color=&#8221;#ffffff&#8221; border_style=&#8221;solid&#8221; global_colors_info=&#8221;{}&#8221;]<\/p>\n<h1>PRELEGENT<\/h1>\n<h2><\/h2>\n<h3><\/h3>\n<p>[\/et_pb_text][\/et_pb_column][\/et_pb_row][et_pb_row admin_label=&#8221;row&#8221; _builder_version=&#8221;4.16&#8243; background_size=&#8221;initial&#8221; background_position=&#8221;top_left&#8221; background_repeat=&#8221;repeat&#8221; global_colors_info=&#8221;{}&#8221; column_structure=&#8221;1_3,2_3&#8243;][et_pb_column type=&#8221;1_3&#8243; _builder_version=&#8221;4.16&#8243; custom_padding=&#8221;|||&#8221; global_colors_info=&#8221;{}&#8221; custom_padding__hover=&#8221;|||&#8221;][et_pb_image src=&#8221;https:\/\/www.secowarwick.com\/wp-content\/uploads\/2019\/09\/wieszala.jpg&#8221; align_tablet=&#8221;center&#8221; align_last_edited=&#8221;on|desktop&#8221; _builder_version=&#8221;4.23.1&#8243; hover_enabled=&#8221;0&#8243; use_border_color=&#8221;off&#8221; border_color=&#8221;#ffffff&#8221; border_style=&#8221;solid&#8221; animation=&#8221;left&#8221; sticky=&#8221;off&#8221; global_colors_info=&#8221;{}&#8221; alt=&#8221;Adam Wiesza\u0142a&#8221; sticky_enabled=&#8221;0&#8243; align_phone=&#8221;center&#8221;][\/et_pb_image][\/et_pb_column][et_pb_column type=&#8221;2_3&#8243; _builder_version=&#8221;4.16&#8243; custom_padding=&#8221;|||&#8221; global_colors_info=&#8221;{}&#8221; custom_padding__hover=&#8221;|||&#8221;][et_pb_text _builder_version=&#8221;4.16&#8243; use_border_color=&#8221;off&#8221; border_color=&#8221;#ffffff&#8221; border_style=&#8221;solid&#8221; global_colors_info=&#8221;{}&#8221;]<span style=\"font-size: 14pt;\"><strong><span style=\"color: #dc291e;\">ADAM WIESZA\u0141A<\/span><\/strong><\/span><br \/>\n<span style=\"font-size: 14pt;\">BODYCOTE, DYREKTOR ZAK\u0141ADU W HARTOWNI US\u0141UGOWEJ<\/span><\/p>\n<p style=\"font-weight: 400;\">Absolwent Politechniki \u015al\u0105skiej ze specjalizacj\u0105 in\u017cynieria materia\u0142owa oraz Politechniki Krakowskiej w zakresie zarz\u0105dzania. Zawodowo od 15 lat zwi\u0105zany z przemys\u0142em samochodowym, z czego 12 w szeroko rozumianej obr\u00f3bce cieplnej. Od czterech lat zajmuje stanowisko Dyrektora Zak\u0142adu &nbsp;w hartowni us\u0142ugowej Bodycote pod Wroc\u0142awiem. W przesz\u0142o\u015bci zwi\u0105zany g\u0142\u00f3wnie z zagadnieniami jako\u015bci i technologii w obr\u00f3bce cieplnej.<\/p>\n<p style=\"font-weight: 400;\">Prywatnie szcz\u0119\u015bliwy m\u0105\u017c i ojciec dw\u00f3jki cudownych dzieci.<\/p>\n<p>[\/et_pb_text][\/et_pb_column][\/et_pb_row][\/et_pb_section]<\/p>\n","protected":false},"excerpt":{"rendered":"<p>[et_pb_breadcrumbs _builder_version=&#8221;3.0.47&#8243; global_colors_info=&#8221;{}&#8221;][\/et_pb_breadcrumbs]PRELEGENT ADAM WIESZA\u0141A BODYCOTE, DYREKTOR ZAK\u0141ADU W HARTOWNI US\u0141UGOWEJ Absolwent Politechniki \u015al\u0105skiej ze specjalizacj\u0105 in\u017cynieria materia\u0142owa oraz Politechniki Krakowskiej w zakresie zarz\u0105dzania. Zawodowo od 15 lat zwi\u0105zany z przemys\u0142em samochodowym, z czego 12 w szeroko rozumianej obr\u00f3bce cieplnej. Od czterech lat zajmuje stanowisko Dyrektora Zak\u0142adu &nbsp;w hartowni us\u0142ugowej Bodycote pod Wroc\u0142awiem. W przesz\u0142o\u015bci [&hellip;]<\/p>\n","protected":false},"author":2,"featured_media":0,"parent":0,"menu_order":0,"comment_status":"closed","ping_status":"closed","template":"","meta":{"_acf_changed":false,"_et_pb_use_builder":"on","_et_pb_old_content":"","_et_gb_content_width":"","footnotes":""},"class_list":["post-83785","page","type-page","status-publish"],"acf":[],"_links":{"self":[{"href":"https:\/\/www.secowarwick.com\/pl\/wp-json\/wp\/v2\/pages\/83785","targetHints":{"allow":["GET"]}}],"collection":[{"href":"https:\/\/www.secowarwick.com\/pl\/wp-json\/wp\/v2\/pages"}],"about":[{"href":"https:\/\/www.secowarwick.com\/pl\/wp-json\/wp\/v2\/types\/page"}],"author":[{"embeddable":true,"href":"https:\/\/www.secowarwick.com\/pl\/wp-json\/wp\/v2\/users\/2"}],"replies":[{"embeddable":true,"href":"https:\/\/www.secowarwick.com\/pl\/wp-json\/wp\/v2\/comments?post=83785"}],"version-history":[{"count":1,"href":"https:\/\/www.secowarwick.com\/pl\/wp-json\/wp\/v2\/pages\/83785\/revisions"}],"predecessor-version":[{"id":168964,"href":"https:\/\/www.secowarwick.com\/pl\/wp-json\/wp\/v2\/pages\/83785\/revisions\/168964"}],"wp:attachment":[{"href":"https:\/\/www.secowarwick.com\/pl\/wp-json\/wp\/v2\/media?parent=83785"}],"curies":[{"name":"wp","href":"https:\/\/api.w.org\/{rel}","templated":true}]}}