{"id":83795,"date":"2019-09-03T10:44:13","date_gmt":"2019-09-03T08:44:13","guid":{"rendered":"http:\/\/www.secowarwick.com\/?page_id=83795"},"modified":"2025-02-07T10:49:46","modified_gmt":"2025-02-07T09:49:46","slug":"krzysztof-kubiak","status":"publish","type":"page","link":"https:\/\/www.secowarwick.com\/pl\/krzysztof-kubiak\/","title":{"rendered":"Krzysztof Kubiak"},"content":{"rendered":"<p>[et_pb_section fb_built=&#8221;1&#8243; admin_label=&#8221;section&#8221; _builder_version=&#8221;4.16&#8243; custom_padding=&#8221;0px|||&#8221; transparent_background=&#8221;off&#8221; make_fullwidth=&#8221;off&#8221; use_custom_width=&#8221;off&#8221; width_unit=&#8221;on&#8221; global_colors_info=&#8221;{}&#8221;][et_pb_row admin_label=&#8221;row&#8221; _builder_version=&#8221;4.16&#8243; background_color=&#8221;#f8f8f8&#8243; background_size=&#8221;initial&#8221; background_position=&#8221;top_left&#8221; background_repeat=&#8221;repeat&#8221; custom_margin=&#8221;||45px|&#8221; custom_padding=&#8221;|||25px&#8221; make_fullwidth=&#8221;off&#8221; use_custom_width=&#8221;off&#8221; width_unit=&#8221;on&#8221; global_colors_info=&#8221;{}&#8221;][et_pb_column type=&#8221;4_4&#8243; _builder_version=&#8221;4.16&#8243; custom_padding=&#8221;|||&#8221; global_colors_info=&#8221;{}&#8221; custom_padding__hover=&#8221;|||&#8221;][et_pb_breadcrumbs _builder_version=&#8221;3.0.47&#8243; global_colors_info=&#8221;{}&#8221;][\/et_pb_breadcrumbs][et_pb_text _builder_version=&#8221;4.16&#8243; background_size=&#8221;initial&#8221; background_position=&#8221;top_left&#8221; background_repeat=&#8221;repeat&#8221; use_border_color=&#8221;off&#8221; border_color=&#8221;#ffffff&#8221; border_style=&#8221;solid&#8221; global_colors_info=&#8221;{}&#8221;]<\/p>\n<h1>PRELEGENT<\/h1>\n<h2><\/h2>\n<h3><\/h3>\n<p>[\/et_pb_text][\/et_pb_column][\/et_pb_row][et_pb_row admin_label=&#8221;row&#8221; _builder_version=&#8221;4.16&#8243; background_size=&#8221;initial&#8221; background_position=&#8221;top_left&#8221; background_repeat=&#8221;repeat&#8221; global_colors_info=&#8221;{}&#8221; column_structure=&#8221;1_3,2_3&#8243;][et_pb_column type=&#8221;1_3&#8243; _builder_version=&#8221;4.16&#8243; custom_padding=&#8221;|||&#8221; global_colors_info=&#8221;{}&#8221; custom_padding__hover=&#8221;|||&#8221;][et_pb_image src=&#8221;https:\/\/www.secowarwick.com\/wp-content\/uploads\/2020\/01\/kubiak-1.jpg&#8221; align_tablet=&#8221;center&#8221; align_last_edited=&#8221;on|desktop&#8221; _builder_version=&#8221;4.23.1&#8243; hover_enabled=&#8221;0&#8243; use_border_color=&#8221;off&#8221; border_color=&#8221;#ffffff&#8221; border_style=&#8221;solid&#8221; animation=&#8221;left&#8221; sticky=&#8221;off&#8221; global_colors_info=&#8221;{}&#8221; alt=&#8221;Krzysztof Kubiak&#8221; sticky_enabled=&#8221;0&#8243; align_phone=&#8221;center&#8221;][\/et_pb_image][\/et_pb_column][et_pb_column type=&#8221;2_3&#8243; _builder_version=&#8221;4.16&#8243; custom_padding=&#8221;|||&#8221; global_colors_info=&#8221;{}&#8221; custom_padding__hover=&#8221;|||&#8221;][et_pb_text _builder_version=&#8221;4.16&#8243; use_border_color=&#8221;off&#8221; border_color=&#8221;#ffffff&#8221; border_style=&#8221;solid&#8221; global_colors_info=&#8221;{}&#8221;]<span style=\"font-size: 14pt;\"><strong><span style=\"color: #dc291e;\">KRZYSZTOF KUBIAK<\/span><\/strong><\/span><br \/>\n<span style=\"font-size: 14pt;\">POLITECHNIKA RZESZOWSKA<\/span><\/p>\n<p style=\"font-weight: 400;\">Dr hab. in\u017c. Krzysztof Kubiak, prof. PRz jest absolwentem Wydzia\u0142u Metali Nie\u017cleaznych AGH. Prac\u0119 zawodow\u0105 rozpocz\u0105\u0142 w 1980 r. w WSK \u201ePZL Rzesz\u00f3w\u201d (obecnie Pratt&amp;Whitney w Rzeszowie). Od roku 1991 pracuje w Politechnice Rzeszowskiej (Wydzia\u0142 Budowy Maszyn i Lotnictwa, Katedra Nauki o Materia\u0142ach). Specjalizuje si\u0119 w dyscyplinie in\u017cynieria materia\u0142owa. Zainteresowania naukowe skupia na zagadnieniach przer\u00f3bki plastycznej i obr\u00f3bki cieplnej stop\u00f3w tytanu oraz wytwarzania, obr\u00f3bki cieplnej i ocenie mikrostruktury odlew\u00f3w z nadstop\u00f3w niklu. Kierownik i wykonawca\u00a0 14 projekt\u00f3w badawczych realizowanych z zak\u0142adami przemys\u0142owymi i jednostkami badawczymi oraz licznych ekspertyz wykonanych na rzecz przemys\u0142u maszynowego, m. in.\u00a0 latach 2007-2011 kierowa\u0142 Projektem Zamawianym (MNiSW) pt. \u201eOpracowanie technologii wytwarzania element\u00f3w konstrukcyjnych cz\u0119\u015bci gor\u0105cej\u00a0silnik\u00f3w lotniczych metod\u0105 krystalizacji kierunkowej\u201d.<\/p>\n<p style=\"font-weight: 400;\">Jest autorem i wsp\u00f3\u0142autorem ok. 130 publikacji naukowych; by\u0142 cz\u0142onkiem Zespo\u0142u Ekspert\u00f3w panelu dziedzinowego dzia\u0142aj\u0105cego w dziale Nauk \u015acis\u0142ych i Technicznych NCN i NCBiR oraz Komitetu Steruj\u0105cego Programu Sektorowego INNOLOT\u00a0 realizowanego przez\u00a0 NCBR.<\/p>\n<p style=\"font-weight: 400;\">Prywatnie dziadek trzech wspania\u0142ych wnuk\u00f3w, interesuj\u0105cy si\u0119 motoryzacj\u0105 i fotografi\u0105.<\/p>\n<p>[\/et_pb_text][\/et_pb_column][\/et_pb_row][\/et_pb_section]<\/p>\n","protected":false},"excerpt":{"rendered":"<p>[et_pb_breadcrumbs _builder_version=&#8221;3.0.47&#8243; global_colors_info=&#8221;{}&#8221;][\/et_pb_breadcrumbs]PRELEGENT KRZYSZTOF KUBIAK POLITECHNIKA RZESZOWSKA Dr hab. in\u017c. Krzysztof Kubiak, prof. PRz jest absolwentem Wydzia\u0142u Metali Nie\u017cleaznych AGH. Prac\u0119 zawodow\u0105 rozpocz\u0105\u0142 w 1980 r. w WSK \u201ePZL Rzesz\u00f3w\u201d (obecnie Pratt&amp;Whitney w Rzeszowie). Od roku 1991 pracuje w Politechnice Rzeszowskiej (Wydzia\u0142 Budowy Maszyn i Lotnictwa, Katedra Nauki o Materia\u0142ach). Specjalizuje si\u0119 w dyscyplinie in\u017cynieria [&hellip;]<\/p>\n","protected":false},"author":2,"featured_media":0,"parent":0,"menu_order":0,"comment_status":"closed","ping_status":"closed","template":"","meta":{"_acf_changed":false,"_et_pb_use_builder":"on","_et_pb_old_content":"","_et_gb_content_width":"","footnotes":""},"class_list":["post-83795","page","type-page","status-publish"],"acf":[],"_links":{"self":[{"href":"https:\/\/www.secowarwick.com\/pl\/wp-json\/wp\/v2\/pages\/83795","targetHints":{"allow":["GET"]}}],"collection":[{"href":"https:\/\/www.secowarwick.com\/pl\/wp-json\/wp\/v2\/pages"}],"about":[{"href":"https:\/\/www.secowarwick.com\/pl\/wp-json\/wp\/v2\/types\/page"}],"author":[{"embeddable":true,"href":"https:\/\/www.secowarwick.com\/pl\/wp-json\/wp\/v2\/users\/2"}],"replies":[{"embeddable":true,"href":"https:\/\/www.secowarwick.com\/pl\/wp-json\/wp\/v2\/comments?post=83795"}],"version-history":[{"count":1,"href":"https:\/\/www.secowarwick.com\/pl\/wp-json\/wp\/v2\/pages\/83795\/revisions"}],"predecessor-version":[{"id":171836,"href":"https:\/\/www.secowarwick.com\/pl\/wp-json\/wp\/v2\/pages\/83795\/revisions\/171836"}],"wp:attachment":[{"href":"https:\/\/www.secowarwick.com\/pl\/wp-json\/wp\/v2\/media?parent=83795"}],"curies":[{"name":"wp","href":"https:\/\/api.w.org\/{rel}","templated":true}]}}