{"id":83813,"date":"2019-09-03T11:01:12","date_gmt":"2019-09-03T09:01:12","guid":{"rendered":"http:\/\/www.secowarwick.com\/?page_id=83813"},"modified":"2025-02-07T09:45:35","modified_gmt":"2025-02-07T08:45:35","slug":"grzegorz-kubczyk","status":"publish","type":"page","link":"https:\/\/www.secowarwick.com\/pl\/grzegorz-kubczyk\/","title":{"rendered":"Grzegorz Kubczyk"},"content":{"rendered":"<p>[et_pb_section fb_built=&#8221;1&#8243; admin_label=&#8221;section&#8221; _builder_version=&#8221;4.16&#8243; custom_padding=&#8221;0px|||&#8221; transparent_background=&#8221;off&#8221; make_fullwidth=&#8221;off&#8221; use_custom_width=&#8221;off&#8221; width_unit=&#8221;on&#8221; global_colors_info=&#8221;{}&#8221;][et_pb_row admin_label=&#8221;row&#8221; _builder_version=&#8221;4.16&#8243; background_color=&#8221;#f8f8f8&#8243; background_size=&#8221;initial&#8221; background_position=&#8221;top_left&#8221; background_repeat=&#8221;repeat&#8221; custom_margin=&#8221;||45px|&#8221; custom_padding=&#8221;|||25px&#8221; make_fullwidth=&#8221;off&#8221; use_custom_width=&#8221;off&#8221; width_unit=&#8221;on&#8221; global_colors_info=&#8221;{}&#8221;][et_pb_column type=&#8221;4_4&#8243; _builder_version=&#8221;4.16&#8243; custom_padding=&#8221;|||&#8221; global_colors_info=&#8221;{}&#8221; custom_padding__hover=&#8221;|||&#8221;][et_pb_breadcrumbs _builder_version=&#8221;3.0.47&#8243; global_colors_info=&#8221;{}&#8221;][\/et_pb_breadcrumbs][et_pb_text _builder_version=&#8221;4.16&#8243; background_size=&#8221;initial&#8221; background_position=&#8221;top_left&#8221; background_repeat=&#8221;repeat&#8221; use_border_color=&#8221;off&#8221; border_color=&#8221;#ffffff&#8221; border_style=&#8221;solid&#8221; global_colors_info=&#8221;{}&#8221;]<\/p>\n<h1>PRELEGENT<\/h1>\n<h2><\/h2>\n<h3><\/h3>\n<p>[\/et_pb_text][\/et_pb_column][\/et_pb_row][et_pb_row admin_label=&#8221;row&#8221; _builder_version=&#8221;4.16&#8243; background_size=&#8221;initial&#8221; background_position=&#8221;top_left&#8221; background_repeat=&#8221;repeat&#8221; global_colors_info=&#8221;{}&#8221; column_structure=&#8221;1_3,2_3&#8243;][et_pb_column type=&#8221;1_3&#8243; _builder_version=&#8221;4.16&#8243; custom_padding=&#8221;|||&#8221; global_colors_info=&#8221;{}&#8221; custom_padding__hover=&#8221;|||&#8221;][et_pb_image src=&#8221;https:\/\/www.secowarwick.com\/wp-content\/uploads\/2019\/09\/kubczyk.jpg&#8221; align_tablet=&#8221;center&#8221; align_last_edited=&#8221;on|desktop&#8221; _builder_version=&#8221;4.23.1&#8243; animation_style=&#8221;slide&#8221; animation_direction=&#8221;left&#8221; animation_duration=&#8221;500ms&#8221; animation_intensity_slide=&#8221;10%&#8221; hover_enabled=&#8221;0&#8243; use_border_color=&#8221;off&#8221; global_colors_info=&#8221;{}&#8221; alt=&#8221;Grzegorz Kubczyk&#8221; sticky_enabled=&#8221;0&#8243; align_phone=&#8221;center&#8221;][\/et_pb_image][\/et_pb_column][et_pb_column type=&#8221;2_3&#8243; _builder_version=&#8221;4.16&#8243; custom_padding=&#8221;|||&#8221; global_colors_info=&#8221;{}&#8221; custom_padding__hover=&#8221;|||&#8221;][et_pb_text _builder_version=&#8221;4.16&#8243; use_border_color=&#8221;off&#8221; border_color=&#8221;#ffffff&#8221; border_style=&#8221;solid&#8221; global_colors_info=&#8221;{}&#8221;]<span style=\"font-size: 14pt;\"><strong><span style=\"color: #dc291e;\">GRZEGORZ KUBCZYK<\/span><\/strong><\/span><br \/>\n<span style=\"font-size: 14pt;\">PRATT &#038; WHITNEY, SPECJALISTA DS. ROZWOJU PROCES\u00d3W SPECJALNYCH<\/span><\/p>\n<p>Zwi\u0105zany z bran\u017c\u0105 lotnicz\u0105 Pratt &amp; Whitney w Kaliszu od 20 lat. Od pocz\u0105tku zajmuje si\u0119 obr\u00f3bk\u0105 ciepln\u0105 i procesami specjalnymi. W przesz\u0142o\u015bci w 2003r. kierownik projektu hartowni na starym zak\u0142adzie nr 1 oraz uruchomienia Laboratorium metalograficznego. W 2007r. Kierownik projektu unijnego\u201e Nowoczesna technologia wytwarzania k\u00f3\u0142 z\u0119batych w przemy\u015ble lotniczym\u201d. Zwyci\u0119zca Pionierzy Przysz\u0142o\u015bci w 2012 roku w Pratt &amp; Whitney Canada projektu \u201eHartowanie-zr\u00f3b to lepiej\u201d oraz zwyci\u0119zca nagrody marsza\u0142ka wojew\u00f3dztwa wielkopolskiego \u201eInnowacyjni dla Wielkopolski 2012\u201d. Tw\u00f3rca patentu nr 225151 \u201ezastosowanie atmosfery ochronnej do obr\u00f3bki cieplnej wyrob\u00f3w stalowych\u201d. W 2015 roku kierownik projektu hartowni i automatycznej linii do naw\u0119glania pr\u00f3\u017cniowego na nowym zak\u0142adzie nr 4 \u2013 pierwszej zautomatyzowanej linii do naw\u0119glania w Pratt Whitney na \u015bwiecie. Podczas swojej kariery zawodowej by\u0142em odpowiedzialny za r\u00f3\u017cne projekty innowacyjne, m.in. Projekt KBN rozdzia\u0142u ch\u0142odziw hartowniczych, zmian konstrukcyjnych w naw\u0119glaniu nieprzelotowych otwor\u00f3w, \u201ezielona zmiana\u201d &#8211; wdro\u017cenia i optymalizacja proces\u00f3w metalurgicznych.<\/p>\n<p>Prywatnie m\u0105\u017c i szcz\u0119\u015bliwy tata dw\u00f3jki dzieci \u2013 Oli i Adama. Moj\u0105 pasj\u0105 s\u0105 szybkie auta i dalekie podr\u00f3\u017cy o ile tylko czas na to pozwala. W wolnej chwili oddaje si\u0119 te\u017c ogl\u0105daniu mocnego kina akcji!<br \/>\n[\/et_pb_text][\/et_pb_column][\/et_pb_row][\/et_pb_section]<\/p>\n","protected":false},"excerpt":{"rendered":"<p>[et_pb_breadcrumbs _builder_version=&#8221;3.0.47&#8243; global_colors_info=&#8221;{}&#8221;][\/et_pb_breadcrumbs]PRELEGENT GRZEGORZ KUBCZYK PRATT &#038; WHITNEY, SPECJALISTA DS. ROZWOJU PROCES\u00d3W SPECJALNYCH Zwi\u0105zany z bran\u017c\u0105 lotnicz\u0105 Pratt &amp; Whitney w Kaliszu od 20 lat. Od pocz\u0105tku zajmuje si\u0119 obr\u00f3bk\u0105 ciepln\u0105 i procesami specjalnymi. W przesz\u0142o\u015bci w 2003r. kierownik projektu hartowni na starym zak\u0142adzie nr 1 oraz uruchomienia Laboratorium metalograficznego. W 2007r. Kierownik projektu unijnego\u201e [&hellip;]<\/p>\n","protected":false},"author":2,"featured_media":0,"parent":0,"menu_order":0,"comment_status":"closed","ping_status":"closed","template":"","meta":{"_acf_changed":false,"_et_pb_use_builder":"on","_et_pb_old_content":"","_et_gb_content_width":"","footnotes":""},"class_list":["post-83813","page","type-page","status-publish"],"acf":[],"_links":{"self":[{"href":"https:\/\/www.secowarwick.com\/pl\/wp-json\/wp\/v2\/pages\/83813","targetHints":{"allow":["GET"]}}],"collection":[{"href":"https:\/\/www.secowarwick.com\/pl\/wp-json\/wp\/v2\/pages"}],"about":[{"href":"https:\/\/www.secowarwick.com\/pl\/wp-json\/wp\/v2\/types\/page"}],"author":[{"embeddable":true,"href":"https:\/\/www.secowarwick.com\/pl\/wp-json\/wp\/v2\/users\/2"}],"replies":[{"embeddable":true,"href":"https:\/\/www.secowarwick.com\/pl\/wp-json\/wp\/v2\/comments?post=83813"}],"version-history":[{"count":2,"href":"https:\/\/www.secowarwick.com\/pl\/wp-json\/wp\/v2\/pages\/83813\/revisions"}],"predecessor-version":[{"id":171818,"href":"https:\/\/www.secowarwick.com\/pl\/wp-json\/wp\/v2\/pages\/83813\/revisions\/171818"}],"wp:attachment":[{"href":"https:\/\/www.secowarwick.com\/pl\/wp-json\/wp\/v2\/media?parent=83813"}],"curies":[{"name":"wp","href":"https:\/\/api.w.org\/{rel}","templated":true}]}}