{"id":8455,"date":"2017-03-15T10:20:53","date_gmt":"2017-03-15T09:20:53","guid":{"rendered":"http:\/\/www.secowarwick.com\/?page_id=8455\/"},"modified":"2020-04-21T14:52:05","modified_gmt":"2020-04-21T12:52:05","slug":"prenitlpc","status":"publish","type":"page","link":"https:\/\/www.secowarwick.com\/pl\/prenitlpc\/","title":{"rendered":"PreNitLPC\u00ae"},"content":{"rendered":"<p>[et_pb_section bb_built=&#8221;1&#8243; admin_label=&#8221;section&#8221;][et_pb_row admin_label=&#8221;row&#8221; background_position=&#8221;top_left&#8221; background_repeat=&#8221;repeat&#8221; background_size=&#8221;initial&#8221;][et_pb_column type=&#8221;2_3&#8243;][et_pb_text use_border_color=&#8221;off&#8221; background_position=&#8221;top_left&#8221; background_repeat=&#8221;repeat&#8221; background_size=&#8221;initial&#8221; _builder_version=&#8221;3.6&#8243;]<\/p>\n<h2>PreNitLPC\u00ae &#8211; szybkie i ekonomiczne naw\u0119glanie pr\u00f3\u017cniowe<\/h2>\n<p>&nbsp;<\/p>\n<p><img decoding=\"async\" class=\"alignleft size-full wp-image-8459\" src=\"https:\/\/www.secowarwick.com\/wp-content\/uploads\/2017\/03\/wykr.jpeg\" alt=\"wykr\" width=\"287\" height=\"199\" srcset=\"https:\/\/www.secowarwick.com\/wp-content\/uploads\/2017\/03\/wykr.jpeg 287w, https:\/\/www.secowarwick.com\/wp-content\/uploads\/2017\/03\/wykr-150x104.jpeg 150w\" sizes=\"(max-width: 287px) 100vw, 287px\" \/>Technologia wst\u0119pnego azotowania przed niskoci\u015bnieniowym naw\u0119glaniem PreNitLPC, pozwala na rozszerzenie zastosowa\u0144 technologii naw\u0119glania pr\u00f3\u017cniowego z rodziny FineCarb, w kierunku wy\u017cszych temperatur naw\u0119glania oraz szerszego zakresu obrabianych gatunk\u00f3w stali. PreNitLPC jest nowoczesn\u0105, szybk\u0105 i ekonomiczn\u0105 alternatyw\u0105 naw\u0119glania niskoci\u015bnieniowego pozwalaj\u0105c\u0105 na istotn\u0105 intensyfikacj\u0119 tego procesu.<\/p>\n<p>Poprzez dozowanie no\u015bnika azotu podczas fazy kontrolowanego nagrzewu proces naw\u0119glania mo\u017ce by\u0107 prowadzony na wy\u017cszych temperaturach (1000\u00b0C i powy\u017cej), jednocze\u015bnie utrzymuj\u0105c drobnoziarnist\u0105 struktur\u0119 warstwy obrabianej. W\u0142a\u015bciwo\u015bci wytrzyma\u0142o\u015bciowe s\u0105 podobne do tych uzyskiwanych dla wsad\u00f3w naw\u0119glanych konwencjonalnie w ni\u017cszych temperaturach.<\/p>\n<p>Technologia ta pozwala zaoszcz\u0119dzi\u0107 na kosztach procesu poprzez skr\u00f3cenie cyklu naw\u0119glania oraz zmniejszenie zu\u017cycia gaz\u00f3w technologicznych (C2H2, C2H4, H2, NH3) mierzonych w litrach na minut\u0119, a nie jak w przypadku technologii konwencjonalnych, w metrach sze\u015bciennych na godzin\u0119. PreNitLPC jest unikatowym procesem daj\u0105cym pe\u0142n\u0105 warto\u015b\u0107 zar\u00f3wno w zakresie koszt\u00f3w obr\u00f3bki jak i jej wydajno\u015bci.<\/p>\n<p>Patent No.: EP 1558780 &amp; EP 1558781, Patent No.: US 7,513,958 &amp; US 7,550,049<\/p>\n<h2><\/h2>\n<h3><a id=\"a2\" name=\"a2\"><\/a>Kluczowe W\u0142a\u015bciwo\u015bci Techniczne<\/h3>\n<p>Technologia PreNitLPC\u00ae z rodziny FineCarb &#8211; zwi\u0119ksza jako\u015b\u0107 i wydajno\u015b\u0107 naw\u0119glania dzi\u0119ki:<\/p>\n<ul>\n<li>\u00a0 procesowi wysokotemperaturowemu, do 1050\u00b0C, utrzymuj\u0105cemu struktur\u0119 drobnoziarnist\u0105<\/li>\n<\/ul>\n<p>&nbsp;<\/p>\n<p><img decoding=\"async\" class=\"alignnone size-full wp-image-8458\" src=\"https:\/\/www.secowarwick.com\/wp-content\/uploads\/2017\/03\/f001.jpeg\" alt=\"f001\" width=\"405\" height=\"151\" srcset=\"https:\/\/www.secowarwick.com\/wp-content\/uploads\/2017\/03\/f001.jpeg 405w, https:\/\/www.secowarwick.com\/wp-content\/uploads\/2017\/03\/f001-150x56.jpeg 150w, https:\/\/www.secowarwick.com\/wp-content\/uploads\/2017\/03\/f001-300x112.jpeg 300w\" sizes=\"(max-width: 405px) 100vw, 405px\" \/><\/p>\n<p class=\"small-text\"><em>Rys. 1 Por\u00f3wnanie \u015brednicy ziarna po naw\u0119glaniu pr\u00f3\u017cniowym stali 18CrNiMo7-6, skorelowanym dla temperatury 920\u00b0C, 1000\u00b0C i z zastosowaniem technologii LPC, PreNitLPC\u00ae<\/em><\/p>\n<ul>\n<li>zwi\u0119kszona szybko\u015b\u0107 przyrostu warstwy utwardzonej<\/li>\n<li>skr\u00f3cenie czasu cyklu naw\u0119glania i w konsekwencji znaczna redukcja koszt\u00f3w<\/li>\n<\/ul>\n<p><img decoding=\"async\" class=\"size-full wp-image-8460 alignnone\" src=\"https:\/\/www.secowarwick.com\/wp-content\/uploads\/2017\/03\/fig2.jpeg\" alt=\"fig2\" width=\"420\" height=\"270\" srcset=\"https:\/\/www.secowarwick.com\/wp-content\/uploads\/2017\/03\/fig2.jpeg 420w, https:\/\/www.secowarwick.com\/wp-content\/uploads\/2017\/03\/fig2-150x96.jpeg 150w, https:\/\/www.secowarwick.com\/wp-content\/uploads\/2017\/03\/fig2-300x193.jpeg 300w\" sizes=\"(max-width: 420px) 100vw, 420px\" \/><\/p>\n<p>&nbsp;<\/p>\n<p class=\"small-text\"><em>Rys. 2 Przybli\u017cone czasy naw\u0119glania niskoci\u015bnieniowego LPC dla stali 16MnCr5 w zale\u017cno\u015bci od wymaganej temperatury oraz umownej grubo\u015bci warstwy utwardzonej.<\/em><\/p>\n<p>oraz dalsze korzy\u015bci:<\/p>\n<ul>\n<li>ni\u017csza zawarto\u015b\u0107 austenitu szcz\u0105tkowego i obni\u017cona zdolno\u015b\u0107 tworzenia w\u0119glik\u00f3w przy zachowaniu niepogorszonych u\u017cytecznych w\u0142a\u015bciwo\u015bci mechanicznych<\/li>\n<\/ul>\n<p>&nbsp;<\/p>\n<p><img decoding=\"async\" class=\"size-full wp-image-8461 alignnone\" src=\"https:\/\/www.secowarwick.com\/wp-content\/uploads\/2017\/03\/f002.jpg\" alt=\"f002\" width=\"405\" height=\"151\" srcset=\"https:\/\/www.secowarwick.com\/wp-content\/uploads\/2017\/03\/f002.jpg 405w, https:\/\/www.secowarwick.com\/wp-content\/uploads\/2017\/03\/f002-150x56.jpg 150w, https:\/\/www.secowarwick.com\/wp-content\/uploads\/2017\/03\/f002-300x112.jpg 300w\" sizes=\"(max-width: 405px) 100vw, 405px\" \/><\/p>\n<p><em>Rys. 3 Por\u00f3wnanie zawarto\u015bci austenitu szcz\u0105tkowego po naw\u0119glaniu pr\u00f3\u017cniowym stali 18CrNiMo7-6, skorelowanym dla temperatury 920\u00b0C, 1000\u00b0C i z zastosowaniem technologii LPC, PreNitLPC\u00ae<\/em><\/p>\n<p>&nbsp;<\/p>\n<p><img decoding=\"async\" class=\"size-full wp-image-8462 alignnone\" src=\"https:\/\/www.secowarwick.com\/wp-content\/uploads\/2017\/03\/f003.jpg\" alt=\"f003\" width=\"405\" height=\"151\" srcset=\"https:\/\/www.secowarwick.com\/wp-content\/uploads\/2017\/03\/f003.jpg 405w, https:\/\/www.secowarwick.com\/wp-content\/uploads\/2017\/03\/f003-150x56.jpg 150w, https:\/\/www.secowarwick.com\/wp-content\/uploads\/2017\/03\/f003-300x112.jpg 300w\" sizes=\"(max-width: 405px) 100vw, 405px\" \/><\/p>\n<p><em>Rys. 4 Por\u00f3wnanie ni\u017cszej zdolno\u015bci tworzenia w\u0119glik\u00f3w po naw\u0119glaniu pr\u00f3\u017cniowym stali 18CrNiMo7-6, skorelowanym dla temperatury 920\u00b0C, 1050\u00b0C i z zastosowaniem technologii LPC, PreNitLPC\u00ae<\/em><\/p>\n<ul>\n<li>przeznaczenie dla typowych stali do naw\u0119glania<\/li>\n<\/ul>\n<p>&nbsp;<\/p>\n<h3>Kluczowe W\u0142a\u015bciwo\u015bci Ekonomiczne<\/h3>\n<ul>\n<li>Im wi\u0119ksza g\u0142\u0119boko\u015b\u0107 warstwy naw\u0119glanej tym wi\u0119ksza redukcja czasu<\/li>\n<\/ul>\n<p><img decoding=\"async\" class=\"size-full wp-image-8463 alignnone\" src=\"https:\/\/www.secowarwick.com\/wp-content\/uploads\/2017\/03\/foto-11121.jpg\" alt=\"foto-11121\" width=\"472\" height=\"324\" srcset=\"https:\/\/www.secowarwick.com\/wp-content\/uploads\/2017\/03\/foto-11121.jpg 472w, https:\/\/www.secowarwick.com\/wp-content\/uploads\/2017\/03\/foto-11121-150x103.jpg 150w, https:\/\/www.secowarwick.com\/wp-content\/uploads\/2017\/03\/foto-11121-300x206.jpg 300w\" sizes=\"(max-width: 472px) 100vw, 472px\" \/><\/p>\n<p><em>Rys. 5 Ca\u0142kowity czas obr\u00f3bki (od za\u0142adunku do roz\u0142adunku wsadu z pieca) dla naw\u0119glania i hartowania olejowego cz\u0119\u015bci ze stali 16MnCr5 w zestawieniu z zastosowan\u0105 technologi\u0105, temperatur\u0105 i grubo\u015bci\u0105 warstwy. Technologi\u0105 odniesienia (100%) jest konwencjonalne naw\u0119glanie w atmosferze ENDO ch\u0142odzeniem olejowym przy 920\u00b0C. Zakres redukcji zale\u017cy od temperatury zastosowanej zgodnie z technologi\u0105 PreNitLPC\u00ae.<\/em><\/p>\n<p>&nbsp;<\/p>\n<ul>\n<li>Im wi\u0119ksza g\u0142\u0119boko\u015b\u0107 warstwy naw\u0119glanej tym wi\u0119ksza redukcja koszt\u00f3w<\/li>\n<\/ul>\n<p>&nbsp;<\/p>\n<p><img decoding=\"async\" class=\"size-full wp-image-8464 alignnone\" src=\"https:\/\/www.secowarwick.com\/wp-content\/uploads\/2017\/03\/foto-1123321.jpg\" alt=\"foto-1123321\" width=\"472\" height=\"360\" srcset=\"https:\/\/www.secowarwick.com\/wp-content\/uploads\/2017\/03\/foto-1123321.jpg 472w, https:\/\/www.secowarwick.com\/wp-content\/uploads\/2017\/03\/foto-1123321-150x114.jpg 150w, https:\/\/www.secowarwick.com\/wp-content\/uploads\/2017\/03\/foto-1123321-300x229.jpg 300w\" sizes=\"(max-width: 472px) 100vw, 472px\" \/><\/p>\n<p><em>Rys. 6 Por\u00f3wnanie koszt\u00f3w medi\u00f3w (energia elektryczna, gazy naw\u0119glaj\u0105ce) ca\u0142ego procesu (od za\u0142adunku do roz\u0142adunku wsadu z pieca) dla naw\u0119glania i hartowania olejowego cz\u0119\u015bci ze stali 16MnCr5 pod k\u0105tem zastosowanej technologii, temperatury i grubo\u015bci warstwy. Technologi\u0105 odniesienia jest konwencjonalne naw\u0119glanie w atmosferze endotermicznej z hartowaniem w oleju przy 920\u00b0C (1650\u00b0F). Zakres redukcji zale\u017cy od temperatury zastosowanej zgodnie z technologi\u0105 PreNitLPC\u00ae.<\/em><\/p>\n<p>&nbsp;<\/p>\n<ul>\n<li>Im wi\u0119ksza g\u0142\u0119boko\u015b\u0107 warstwy naw\u0119glanej tym wi\u0119ksze zyski<\/li>\n<\/ul>\n<p><img decoding=\"async\" class=\"size-full wp-image-8465 alignnone\" src=\"https:\/\/www.secowarwick.com\/wp-content\/uploads\/2017\/03\/foto-44.jpg\" alt=\"foto-44\" width=\"472\" height=\"360\" srcset=\"https:\/\/www.secowarwick.com\/wp-content\/uploads\/2017\/03\/foto-44.jpg 472w, https:\/\/www.secowarwick.com\/wp-content\/uploads\/2017\/03\/foto-44-150x114.jpg 150w, https:\/\/www.secowarwick.com\/wp-content\/uploads\/2017\/03\/foto-44-300x229.jpg 300w\" sizes=\"(max-width: 472px) 100vw, 472px\" \/><\/p>\n<p><em>Rys. 7 Prawdopodobny wzrost zysk\u00f3w szacowany dla skr\u00f3cenia czasu obr\u00f3bki i redukcji koszt\u00f3w medi\u00f3w dla naw\u0119glania zgodnie z technologi\u0105 PreNitLPC\u00ae w odniesieniu do naw\u0119glania w atmosferze kontrolowanej.<\/em><\/p>\n<p>&nbsp;<\/p>\n<h3>Naw\u0119glanie Niskoci\u015bnieniowe wg FineCarb\u00ae oznacza:<\/h3>\n<p><a href=\"https:\/\/www.secowarwick.com\/wp-content\/uploads\/2017\/03\/4-2.jpg\"><img decoding=\"async\" class=\"alignnone size-full wp-image-44897\" src=\"https:\/\/www.secowarwick.com\/wp-content\/uploads\/2017\/03\/4-2.jpg\" alt=\"4\" width=\"546\" height=\"299\" srcset=\"https:\/\/www.secowarwick.com\/wp-content\/uploads\/2017\/03\/4-2.jpg 546w, https:\/\/www.secowarwick.com\/wp-content\/uploads\/2017\/03\/4-2-150x82.jpg 150w, https:\/\/www.secowarwick.com\/wp-content\/uploads\/2017\/03\/4-2-300x164.jpg 300w\" sizes=\"(max-width: 546px) 100vw, 546px\" \/><\/a><\/p>\n<ul>\n<li>czysto\u015b\u0107 procesu ze wzgl\u0119du na wielosk\u0142adnikow\u0105 mieszank\u0119 gaz\u00f3w naw\u0119glaj\u0105cych (CH4- C2H2 &#8211; H2)<\/li>\n<li>doskona\u0142\u0105 penetracj\u0119 w\u0119gla przy naw\u0119glaniu g\u0119sto upakowanych wsad\u00f3w oraz element\u00f3w o skomplikowanych kszta\u0142tach lub z za\u015blepionymi otworami (dysze silnik\u00f3w Diesla)<\/li>\n<li>powtarzalna i szybka obr\u00f3bka<\/li>\n<li>bardzo niskie zu\u017cycie gaz\u00f3w naw\u0119glaj\u0105cych<\/li>\n<li>lepsza jako\u015b\u0107 dzi\u0119ki brakowi utleniania mi\u0119dzykrystalicznego (brak IGO) oraz precyzyjnej jednorodno\u015bci warstwy naw\u0119glonej<\/li>\n<li>\u0142atwo\u015b\u0107 naw\u0119glania stali lotniczych oraz stopowych, tj.: Pyrowear\u00ae Alloy 57, M-50 NIL, SAE 9310, Ferrium\u00ae C61 alloy etc.<\/li>\n<li>technologia zgodna z NADCAP<\/li>\n<\/ul>\n<p>[\/et_pb_text][\/et_pb_column][et_pb_column type=&#8221;1_3&#8243;][et_pb_text background_layout=&#8221;light&#8221; text_orientation=&#8221;left&#8221; use_border_color=&#8221;off&#8221; border_color=&#8221;#ffffff&#8221; border_style=&#8221;solid&#8221; background_position=&#8221;top_left&#8221; background_repeat=&#8221;repeat&#8221; background_size=&#8221;initial&#8221;]<\/p>\n<p><iframe loading=\"lazy\" src=\"\/\/www.youtube.com\/embed\/OjPDK7hF-gk\" width=\"560\" height=\"314\" allowfullscreen=\"allowfullscreen\"><\/iframe><\/p>\n<p><span class=\"videoTitle\">PreNitLPC<\/span><\/p>\n<p><span class=\"videoDesc\">A pre-nitriding option for low pressure carburizing, PreNitLPC broadens the applications for LPC Vacuum Carburizing by utilizing higher carburizing temperatures. PreNitLPC is a modern, fast and economical addition to our standard low pressure carburizing system that enhances the process by significantly reducing cycle times.<\/span><\/p>\n<p>[\/et_pb_text][et_pb_button button_url=&#8221;https:\/\/www.youtube.com\/user\/secowarwickgroup&#8221; url_new_window=&#8221;on&#8221; button_text=&#8221;Wi\u0119cej film\u00f3w mo\u017cna znale\u017a\u0107 na naszym kanale na YouTUBE&#8221; button_alignment=&#8221;center&#8221; background_layout=&#8221;light&#8221; custom_button=&#8221;on&#8221; button_letter_spacing=&#8221;0&#8243; button_use_icon=&#8221;default&#8221; button_icon_placement=&#8221;right&#8221; button_on_hover=&#8221;on&#8221; button_letter_spacing_hover=&#8221;0&#8243; button_text_size=&#8221;16&#8243; button_text_color=&#8221;#e02b20&#8243; button_border_width=&#8221;1&#8243; button_border_color=&#8221;#e02b20&#8243;]<\/p>\n<p>&nbsp;<\/p>\n<p>[\/et_pb_button][\/et_pb_column][\/et_pb_row][\/et_pb_section]<\/p>\n","protected":false},"excerpt":{"rendered":"<p>PreNitLPC\u00ae &#8211; szybkie i ekonomiczne naw\u0119glanie pr\u00f3\u017cniowe &nbsp; Technologia wst\u0119pnego azotowania przed niskoci\u015bnieniowym naw\u0119glaniem PreNitLPC, pozwala na rozszerzenie zastosowa\u0144 technologii naw\u0119glania pr\u00f3\u017cniowego z rodziny FineCarb, w kierunku wy\u017cszych temperatur naw\u0119glania oraz szerszego zakresu obrabianych gatunk\u00f3w stali. PreNitLPC jest nowoczesn\u0105, szybk\u0105 i ekonomiczn\u0105 alternatyw\u0105 naw\u0119glania niskoci\u015bnieniowego pozwalaj\u0105c\u0105 na istotn\u0105 intensyfikacj\u0119 tego procesu. Poprzez dozowanie no\u015bnika azotu [&hellip;]<\/p>\n","protected":false},"author":2,"featured_media":0,"parent":0,"menu_order":0,"comment_status":"closed","ping_status":"closed","template":"","meta":{"_acf_changed":false,"_et_pb_use_builder":"on","_et_pb_old_content":"","_et_gb_content_width":"","footnotes":""},"class_list":["post-8455","page","type-page","status-publish"],"acf":[],"_links":{"self":[{"href":"https:\/\/www.secowarwick.com\/pl\/wp-json\/wp\/v2\/pages\/8455","targetHints":{"allow":["GET"]}}],"collection":[{"href":"https:\/\/www.secowarwick.com\/pl\/wp-json\/wp\/v2\/pages"}],"about":[{"href":"https:\/\/www.secowarwick.com\/pl\/wp-json\/wp\/v2\/types\/page"}],"author":[{"embeddable":true,"href":"https:\/\/www.secowarwick.com\/pl\/wp-json\/wp\/v2\/users\/2"}],"replies":[{"embeddable":true,"href":"https:\/\/www.secowarwick.com\/pl\/wp-json\/wp\/v2\/comments?post=8455"}],"version-history":[{"count":0,"href":"https:\/\/www.secowarwick.com\/pl\/wp-json\/wp\/v2\/pages\/8455\/revisions"}],"wp:attachment":[{"href":"https:\/\/www.secowarwick.com\/pl\/wp-json\/wp\/v2\/media?parent=8455"}],"curies":[{"name":"wp","href":"https:\/\/api.w.org\/{rel}","templated":true}]}}