{"id":84839,"date":"2019-09-16T14:19:34","date_gmt":"2019-09-16T12:19:34","guid":{"rendered":"http:\/\/www.secowarwick.com\/seco-deals\/overhaul-and-upgrade-of-furnace-heating-chamber\/"},"modified":"2024-10-27T18:03:40","modified_gmt":"2024-10-27T17:03:40","slug":"wymiana-modernizacja-komory-grzejnej-pieca","status":"publish","type":"page","link":"https:\/\/www.secowarwick.com\/pl\/seco-deals-old\/wymiana-modernizacja-komory-grzejnej-pieca\/","title":{"rendered":"Modernizacja i wymiana komory grzejnej pieca"},"content":{"rendered":"<p>[et_pb_section fb_built=&#8221;1&#8243; _builder_version=&#8221;4.16&#8243; custom_margin=&#8221;0px|0px|0px|0px&#8221; custom_padding=&#8221;0px|0px|0px|0px&#8221; global_colors_info=&#8221;{}&#8221;][et_pb_row _builder_version=&#8221;4.16&#8243; background_size=&#8221;initial&#8221; background_position=&#8221;top_left&#8221; background_repeat=&#8221;repeat&#8221; global_colors_info=&#8221;{}&#8221;][et_pb_column type=&#8221;4_4&#8243; _builder_version=&#8221;4.16&#8243; custom_padding=&#8221;|||&#8221; global_colors_info=&#8221;{}&#8221; custom_padding__hover=&#8221;|||&#8221;][et_pb_divider show_divider=&#8221;off&#8221; _builder_version=&#8221;4.16&#8243; global_colors_info=&#8221;{}&#8221;][\/et_pb_divider][et_pb_text _builder_version=&#8221;4.23.1&#8243; global_colors_info=&#8221;{}&#8221;]<\/p>\n<h3 style=\"text-align: center;\"><span style=\"color: #dc291e;\">Modernizacja komory grzejnej<\/span> &#8211; Zwi\u0119ksz wydajno\u015b\u0107 swojego urz\u0105dzenia!<\/h3>\n<div>\n<div>\u00a0<\/div>\n<\/div>\n<p>[\/et_pb_text][et_pb_divider show_divider=&#8221;off&#8221; _builder_version=&#8221;4.16&#8243; global_colors_info=&#8221;{}&#8221;][\/et_pb_divider][et_pb_text _builder_version=&#8221;4.23.1&#8243; global_colors_info=&#8221;{}&#8221;]<\/p>\n<h4 style=\"text-align: center;\"><span style=\"color: #dc291e;\">WYMIANA KOMORY GRZEJNEJ TO EKONOMIA I EKOLOGIA<\/span><\/h4>\n<p>Wymiana komory grzejnej pieca to 2x eco, czyli po\u0142\u0105czenie podej\u015bcia ekonomicznego i ekologicznego.<\/p>\n<div>W uk\u0142adzie systemu do obr\u00f3bki cieplnej metali, komora grzejna pe\u0142ni wa\u017cn\u0105 funkcj\u0119. Od jej stanu zale\u017cy og\u00f3lna wydajno\u015b\u0107 pracy urz\u0105dzenia, zu\u017cycie energii i rozrzut temperatur, co przek\u0142ada si\u0119 na uzyskiwan\u0105 jako\u015b\u0107 obrabianych cieplnie element\u00f3w. St\u0105d te\u017c, przyj\u0119\u0142o si\u0119, \u017ce o komorze grzejnej my\u015bli si\u0119 jak o sercu ca\u0142ego uk\u0142adu.<\/div>\n<div style=\"text-align: right;\">\u2026ale to nie koniec<\/div>\n<p>[\/et_pb_text][et_pb_image src=&#8221;https:\/\/www.secowarwick.com\/wp-content\/uploads\/2019\/09\/Komory-grzejne.jpg&#8221; align=&#8221;center&#8221; align_tablet=&#8221;center&#8221; align_phone=&#8221;center&#8221; align_last_edited=&#8221;on|desktop&#8221; _builder_version=&#8221;4.23.1&#8243; hover_enabled=&#8221;0&#8243; global_colors_info=&#8221;{}&#8221; alt=&#8221;Modernizacja i wymiana komory grzejnej pieca&#8221; sticky_enabled=&#8221;0&#8243;][\/et_pb_image][et_pb_divider show_divider=&#8221;off&#8221; _builder_version=&#8221;4.16&#8243; global_colors_info=&#8221;{}&#8221;][\/et_pb_divider][et_pb_text _builder_version=&#8221;4.16&#8243; global_colors_info=&#8221;{}&#8221;]<\/p>\n<p style=\"text-align: justify;\"><strong>Piece do obr\u00f3bki cieplnej metali charakteryzuj\u0105 si\u0119 d\u0142ug\u0105 \u017cywotno\u015bci\u0105. Jednak nieprawid\u0142owo zaplanowany program konserwacji pieca, jego niew\u0142a\u015bciwe u\u017cytkowanie b\u0105d\u017a po prostu jej zu\u017cycie mo\u017ce przyczyni\u0107 si\u0119 do awarii, i tym samym spadku wydajno\u015bci pieca. Gdy dochodzi do wyeksploatowania komory konieczno\u015bci\u0105 staje si\u0119 jej wymiana lub naprawa.<\/strong><\/p>\n<p><strong>\u00a0<\/strong><br \/>\n[\/et_pb_text][et_pb_text _builder_version=&#8221;4.23.1&#8243; global_colors_info=&#8221;{}&#8221;]<\/p>\n<h3><span style=\"color: #dc291e;\">Wymieniaj\u0105c komor\u0119 grzejn\u0105 zyskujesz:<\/span><\/h3>\n<div>\n<ul>\n<li>bezawaryjn\u0105 prac\u0119 pieca,<\/li>\n<li>korzystniejszy wynik rozk\u0142adu temperatury,<\/li>\n<li>wi\u0119ksz\u0105 czysto\u015b\u0107 procesu, ograniczenie strat mocy grzewczej,<\/li>\n<li>lepsz\u0105 sprawno\u015b\u0107 grzewcz\u0105 i bezpiecze\u0144stwo.<\/li>\n<\/ul>\n<p><strong>Wiedza, umiej\u0119tno\u015bci i do\u015bwiadczenie specjalist\u00f3w z SECO\/WARWICK sprawi\u0105, \u017ce Twoje urz\u0105dzenia b\u0119d\u0105 pracowa\u0142y wydajniej i oszcz\u0119dniej.<\/strong><\/p>\n<p>&nbsp;<\/p>\n<\/div>\n<p>[\/et_pb_text][et_pb_text _builder_version=&#8221;4.23.1&#8243; _module_preset=&#8221;default&#8221; global_colors_info=&#8221;{}&#8221;]<\/p>\n<p style=\"text-align: center;\"><a class=\"small-button smallred\" style=\"font-size: 20px; padding: 20px 60px;\" href=\"https:\/\/www.secowarwick.com\/pl\/zapytaj-o-oferte\/\"><span style=\"display: block; transform: skew(15deg,0deg); -webkit-transform: skew(15deg,0deg); font-size: 20px;\">ZAPYTAJ O OFERT\u0118<\/span><\/a><\/p>\n<p>[\/et_pb_text][\/et_pb_column][\/et_pb_row][\/et_pb_section]<\/p>\n","protected":false},"excerpt":{"rendered":"<p>Modernizacja komory grzejnej &#8211; Zwi\u0119ksz wydajno\u015b\u0107 swojego urz\u0105dzenia! \u00a0 WYMIANA KOMORY GRZEJNEJ TO EKONOMIA I EKOLOGIA Wymiana komory grzejnej pieca to 2x eco, czyli po\u0142\u0105czenie podej\u015bcia ekonomicznego i ekologicznego. W uk\u0142adzie systemu do obr\u00f3bki cieplnej metali, komora grzejna pe\u0142ni wa\u017cn\u0105 funkcj\u0119. Od jej stanu zale\u017cy og\u00f3lna wydajno\u015b\u0107 pracy urz\u0105dzenia, zu\u017cycie energii i rozrzut temperatur, co [&hellip;]<\/p>\n","protected":false},"author":2,"featured_media":84793,"parent":84827,"menu_order":0,"comment_status":"closed","ping_status":"closed","template":"","meta":{"_acf_changed":false,"_et_pb_use_builder":"on","_et_pb_old_content":"","_et_gb_content_width":"","footnotes":""},"class_list":["post-84839","page","type-page","status-publish","has-post-thumbnail"],"acf":[],"_links":{"self":[{"href":"https:\/\/www.secowarwick.com\/pl\/wp-json\/wp\/v2\/pages\/84839","targetHints":{"allow":["GET"]}}],"collection":[{"href":"https:\/\/www.secowarwick.com\/pl\/wp-json\/wp\/v2\/pages"}],"about":[{"href":"https:\/\/www.secowarwick.com\/pl\/wp-json\/wp\/v2\/types\/page"}],"author":[{"embeddable":true,"href":"https:\/\/www.secowarwick.com\/pl\/wp-json\/wp\/v2\/users\/2"}],"replies":[{"embeddable":true,"href":"https:\/\/www.secowarwick.com\/pl\/wp-json\/wp\/v2\/comments?post=84839"}],"version-history":[{"count":2,"href":"https:\/\/www.secowarwick.com\/pl\/wp-json\/wp\/v2\/pages\/84839\/revisions"}],"predecessor-version":[{"id":165884,"href":"https:\/\/www.secowarwick.com\/pl\/wp-json\/wp\/v2\/pages\/84839\/revisions\/165884"}],"up":[{"embeddable":true,"href":"https:\/\/www.secowarwick.com\/pl\/wp-json\/wp\/v2\/pages\/84827"}],"wp:featuredmedia":[{"embeddable":true,"href":"https:\/\/www.secowarwick.com\/pl\/wp-json\/wp\/v2\/media\/84793"}],"wp:attachment":[{"href":"https:\/\/www.secowarwick.com\/pl\/wp-json\/wp\/v2\/media?parent=84839"}],"curies":[{"name":"wp","href":"https:\/\/api.w.org\/{rel}","templated":true}]}}