{"id":85231,"date":"2017-03-15T15:59:50","date_gmt":"2017-03-15T14:59:50","guid":{"rendered":"http:\/\/www.secowarwick.com\/promocja\/heat-treatment-furnaces\/"},"modified":"2019-10-01T14:29:19","modified_gmt":"2019-10-01T12:29:19","slug":"piece-do-obrobki-cieplnej-metali","status":"publish","type":"page","link":"https:\/\/www.secowarwick.com\/pl\/promocja\/piece-do-obrobki-cieplnej-metali\/","title":{"rendered":"Piece do obr\u00f3bki cieplnej metali"},"content":{"rendered":"<p>[et_pb_section bb_built=&#8221;1&#8243; admin_label=&#8221;section&#8221; transparent_background=&#8221;off&#8221; background_color=&#8221;#f9f9f9&#8243; allow_player_pause=&#8221;off&#8221; inner_shadow=&#8221;off&#8221; parallax=&#8221;off&#8221; parallax_method=&#8221;off&#8221; custom_padding=&#8221;10px|||&#8221; padding_mobile=&#8221;off&#8221; make_fullwidth=&#8221;off&#8221; use_custom_width=&#8221;off&#8221; width_unit=&#8221;on&#8221; custom_width_px=&#8221;1080px&#8221; custom_width_percent=&#8221;80%&#8221; make_equal=&#8221;off&#8221; use_custom_gutter=&#8221;off&#8221; fullwidth=&#8221;off&#8221; specialty=&#8221;off&#8221; disabled=&#8221;off&#8221; custom_padding_tablet=&#8221;50px|0|50px|0&#8243; custom_padding_last_edited=&#8221;on|desktop&#8221;][et_pb_row admin_label=&#8221;row&#8221; make_fullwidth=&#8221;off&#8221; use_custom_width=&#8221;off&#8221; width_unit=&#8221;off&#8221; custom_width_px=&#8221;1080px&#8221; custom_width_percent=&#8221;80%&#8221; use_custom_gutter=&#8221;off&#8221; gutter_width=&#8221;3&#8243; padding_mobile=&#8221;off&#8221; allow_player_pause=&#8221;off&#8221; parallax=&#8221;off&#8221; parallax_method=&#8221;on&#8221; make_equal=&#8221;off&#8221; column_padding_mobile=&#8221;on&#8221; parallax_1=&#8221;off&#8221; parallax_method_1=&#8221;on&#8221; parallax_2=&#8221;off&#8221; parallax_method_2=&#8221;on&#8221; parallax_3=&#8221;off&#8221; parallax_method_3=&#8221;on&#8221; parallax_4=&#8221;off&#8221; parallax_method_4=&#8221;on&#8221; disabled=&#8221;off&#8221; background_position=&#8221;top_left&#8221; background_repeat=&#8221;repeat&#8221; background_size=&#8221;initial&#8221;][et_pb_column type=&#8221;4_4&#8243;][et_pb_text text_orientation=&#8221;justified&#8221; use_border_color=&#8221;off&#8221; disabled=&#8221;off&#8221; background_position=&#8221;top_left&#8221; background_repeat=&#8221;repeat&#8221; background_size=&#8221;initial&#8221; _builder_version=&#8221;3.6&#8243;]<\/p>\n<p>Od ponad 30 lat SECO\/WARWICK projektuje i buduje piece ci\u0105g\u0142e i linie produkcyjne do obr\u00f3bki cieplnej rur do materia\u0142\u00f3w \u017celaznych, stali nierdzewnej i materia\u0142\u00f3w stopowych.<\/p>\n<p><a href=\"https:\/\/www.secowarwick.com\/pl\/produkty\/\">Obr\u00f3bka cieplna<\/a> to kontrolowane ogrzewanie i ch\u0142odzenie metali w celu zmiany ich w\u0142a\u015bciwo\u015bci fizycznych i mechanicznych bez zmiany kszta\u0142tu produktu. Obr\u00f3bka cieplna jest czasami wykonywana nieumy\u015blnie w przebiegu proces\u00f3w produkcyjnych, kt\u00f3re albo ogrzewaj\u0105 albo ch\u0142odz\u0105 metal, takich jak spawanie lub formowanie.<\/p>\n<p>Technologia ta cz\u0119sto wi\u0105\u017ce si\u0119 ze zwi\u0119kszeniem wytrzyma\u0142o\u015bci materia\u0142u, ale mo\u017ce by\u0107 r\u00f3wnie\u017c wykorzystana do zmiany pewnych cel\u00f3w produkcyjnych, takich jak poprawa obr\u00f3bki, poprawa odkszta\u0142calno\u015bci, przywr\u00f3cenie plastyczno\u015bci po operacjach na zimno. Zatem jest to bardzo uniwersalny i przydatny proces produkcyjny, kt\u00f3ry mo\u017ce nie tylko wspom\u00f3c kolejne procesy produkcyjne, ale mo\u017ce r\u00f3wnie\u017c poprawi\u0107 wydajno\u015b\u0107 produktu poprzez zwi\u0119kszenie jego wytrzyma\u0142o\u015bci lub popraw\u0119 innych po\u017c\u0105danych cech.<\/p>\n<p>Stal jest szczeg\u00f3lnie wdzi\u0119cznym materia\u0142em do obr\u00f3bki cieplnej, poniewa\u017c dobrze reaguje na obr\u00f3bk\u0119 ciepln\u0105, a komercyjne zastosowanie stali przewy\u017csza wszelkie inne materia\u0142y. Stal jest poddawana obr\u00f3bce cieplnej z jednego z nast\u0119puj\u0105cych powod\u00f3w:<\/p>\n<p>&nbsp;<\/p>\n<ol>\n<li>Zmi\u0119kczanie<\/li>\n<li>Hartowanie<\/li>\n<li>Modyfikacja materia\u0142u<\/li>\n<\/ol>\n<p>[\/et_pb_text][\/et_pb_column][\/et_pb_row][et_pb_row admin_label=&#8221;row&#8221; make_fullwidth=&#8221;off&#8221; use_custom_width=&#8221;off&#8221; width_unit=&#8221;off&#8221; custom_width_px=&#8221;1080px&#8221; custom_width_percent=&#8221;80%&#8221; use_custom_gutter=&#8221;off&#8221; gutter_width=&#8221;3&#8243; padding_mobile=&#8221;off&#8221; allow_player_pause=&#8221;off&#8221; parallax=&#8221;off&#8221; parallax_method=&#8221;on&#8221; make_equal=&#8221;off&#8221; column_padding_mobile=&#8221;on&#8221; parallax_1=&#8221;off&#8221; parallax_method_1=&#8221;on&#8221; parallax_2=&#8221;off&#8221; parallax_method_2=&#8221;on&#8221; parallax_3=&#8221;off&#8221; parallax_method_3=&#8221;on&#8221; parallax_4=&#8221;off&#8221; parallax_method_4=&#8221;on&#8221; disabled=&#8221;off&#8221; background_position=&#8221;top_left&#8221; background_repeat=&#8221;repeat&#8221; background_size=&#8221;initial&#8221;][et_pb_column type=&#8221;1_2&#8243;][et_pb_text text_orientation=&#8221;justified&#8221; use_border_color=&#8221;off&#8221; disabled=&#8221;off&#8221; background_position=&#8221;top_left&#8221; background_repeat=&#8221;repeat&#8221; background_size=&#8221;initial&#8221; _builder_version=&#8221;3.6&#8243;]<\/p>\n<p>&nbsp;<\/p>\n<h2>Zastosowania procesu<\/h2>\n<ul>\n<li>Pe\u0142ne wy\u017carzanie,<\/li>\n<li>Wy\u017carzanie beznalotowe,<\/li>\n<li>Wy\u017carzanie rozpuszczaj\u0105ce,<\/li>\n<li>Odpr\u0119\u017canie,<\/li>\n<li>Hartowanie i odpuszczanie,<\/li>\n<li>Wy\u017carzanie sferoidyzuj\u0105ce,<\/li>\n<li>Ogrzewanie rurowe<\/li>\n<li>Przebijanie i wyt\u0142aczanie na gor\u0105co,<\/li>\n<li>Podgrzewanie rur do SRM.<\/li>\n<li>Piec do azotowania gazowego ZeroFlow firmy SECO\/WARWICK do obr\u00f3bki cieplnej metali w atmosferze<\/li>\n<\/ul>\n<p>[\/et_pb_text][\/et_pb_column][et_pb_column type=&#8221;1_2&#8243;][et_pb_image _builder_version=&#8221;3.6&#8243; src=&#8221;https:\/\/www.secowarwick.com\/wp-content\/uploads\/2018\/10\/Atmosphere-Heat-Treatment-Furnace-Systems.png&#8221; alt=&#8221;Gas nitriding furnace ZeroFlow from SECO\/WARWICK for atmosphere heat treatment of metals&#8221; title_text=&#8221;ZeroFlow Atmosphere Heat Treatment of Metals&#8221; \/][\/et_pb_column][\/et_pb_row][et_pb_row admin_label=&#8221;row&#8221; make_fullwidth=&#8221;off&#8221; use_custom_width=&#8221;off&#8221; width_unit=&#8221;off&#8221; custom_width_px=&#8221;1080px&#8221; custom_width_percent=&#8221;80%&#8221; use_custom_gutter=&#8221;off&#8221; gutter_width=&#8221;3&#8243; padding_mobile=&#8221;off&#8221; allow_player_pause=&#8221;off&#8221; parallax=&#8221;off&#8221; parallax_method=&#8221;on&#8221; make_equal=&#8221;off&#8221; column_padding_mobile=&#8221;on&#8221; parallax_1=&#8221;off&#8221; parallax_method_1=&#8221;on&#8221; parallax_2=&#8221;off&#8221; parallax_method_2=&#8221;on&#8221; parallax_3=&#8221;off&#8221; parallax_method_3=&#8221;on&#8221; parallax_4=&#8221;off&#8221; parallax_method_4=&#8221;on&#8221; disabled=&#8221;off&#8221; background_position=&#8221;top_left&#8221; background_repeat=&#8221;repeat&#8221; background_size=&#8221;initial&#8221;][et_pb_column type=&#8221;4_4&#8243;][et_pb_text text_orientation=&#8221;justified&#8221; use_border_color=&#8221;off&#8221; disabled=&#8221;off&#8221; background_position=&#8221;top_left&#8221; background_repeat=&#8221;repeat&#8221; background_size=&#8221;initial&#8221; _builder_version=&#8221;3.6&#8243;]<\/p>\n<p>&nbsp;<\/p>\n<h3>Konfiguracje pieca i linii produkcyjnej<\/h3>\n<table border=\"0\">\n<tbody>\n<tr>\n<td valign=\"top\">Typ konstrukcji pieca<\/p>\n<ul>\n<li>Piec z trzonem samotokowym<\/li>\n<li>Piec z trzonem krocz\u0105cym\/ piec trzonowy<\/li>\n<li>Piec ta\u015bmowy typu Mesh Belt<\/li>\n<li>Specjalna konstrukcja<\/li>\n<\/ul>\n<p>&nbsp;<\/p>\n<p>Rodzaj systemu grzewczego<\/p>\n<ul>\n<li>Elektryczny (ogrzewanie oporowe)<\/li>\n<li>Paliwowy (gaz ziemny, LPG)<\/li>\n<\/ul>\n<\/td>\n<td valign=\"top\">Dostosowany do pracy w atmosferze ochronnej<\/p>\n<ul>\n<li>Powietrze<\/li>\n<li>Ochronny<\/li>\n<li>Pr\u00f3\u017cnia<\/li>\n<li>Wod\u00f3r<\/li>\n<li>Argon<\/li>\n<\/ul>\n<\/td>\n<\/tr>\n<\/tbody>\n<\/table>\n<p>&nbsp;<\/p>\n<h3>Zalety grupy SECO\/WARWICK<\/h3>\n<ul>\n<li>Sprz\u0119t zaprojektowany indywidualnie tak, aby spe\u0142ni\u0107 wszystkie Twoje wymagania,<\/li>\n<li>Technologia Expanite\u00ae do utwardzania powierzchni stali nierdzewnej,<\/li>\n<li>Rolki, kt\u00f3re mog\u0105 pracowa\u0107 w temperaturze do 1230 \u201dC (225O\u201d F) bez systemu ch\u0142odzenia wod\u0105,<\/li>\n<li>Testowanie na zimno jest standardow\u0105 procedur\u0105 poprzedzaj\u0105c\u0105 wysy\u0142k\u0119; testowanie na gor\u0105co jest dost\u0119pne na \u017cyczenie,<\/li>\n<li>Dost\u0119pno\u015b\u0107 na poziomie 97%,<\/li>\n<li>Skomputeryzowany system zarz\u0105dzania konserwacj\u0105 (CMMS),<\/li>\n<li>Wsparcie online,<\/li>\n<li>Elementy grzewcze, kt\u00f3re mo\u017cna wymienia\u0107 bez przerywania procesu,<\/li>\n<li>Mo\u017cliwo\u015b\u0107 przetwarzania szerokiej gamy materia\u0142\u00f3w, w tym stali w\u0119glowej, stali nierdzewnej, lnconelu, stop\u00f3w miedzi, miedzi berylowej i tytanu,<\/li>\n<li>Piece o d\u0142ugo\u015bci do 108 metr\u00f3w (354 st\u00f3p),<\/li>\n<li>Piece pracuj\u0105ce w atmosferze ochronnej (wod\u00f3r, azot, argon) standardowe opcje pr\u00f3\u017cni i przedmuchiwania pr\u00f3\u017cniowego.<\/li>\n<\/ul>\n<h3><\/h3>\n<h3><\/h3>\n<p>[\/et_pb_text][\/et_pb_column][\/et_pb_row][et_pb_row admin_label=&#8221;row&#8221; make_fullwidth=&#8221;off&#8221; use_custom_width=&#8221;off&#8221; width_unit=&#8221;off&#8221; custom_width_px=&#8221;1080px&#8221; custom_width_percent=&#8221;80%&#8221; use_custom_gutter=&#8221;off&#8221; gutter_width=&#8221;3&#8243; padding_mobile=&#8221;off&#8221; allow_player_pause=&#8221;off&#8221; parallax=&#8221;off&#8221; parallax_method=&#8221;on&#8221; make_equal=&#8221;off&#8221; column_padding_mobile=&#8221;on&#8221; parallax_1=&#8221;off&#8221; parallax_method_1=&#8221;on&#8221; parallax_2=&#8221;off&#8221; parallax_method_2=&#8221;on&#8221; parallax_3=&#8221;off&#8221; parallax_method_3=&#8221;on&#8221; parallax_4=&#8221;off&#8221; parallax_method_4=&#8221;on&#8221; disabled=&#8221;off&#8221; background_position=&#8221;top_left&#8221; background_repeat=&#8221;repeat&#8221; background_size=&#8221;initial&#8221;][et_pb_column type=&#8221;1_2&#8243;][et_pb_image _builder_version=&#8221;3.6&#8243; src=&#8221;https:\/\/www.secowarwick.com\/wp-content\/uploads\/2018\/12\/CaseMaster.jpg&#8221; alt=&#8221;CaseMaster a multi purpose Sealed Quench chamber furnace from SECO\/WARWICK for Atmosphere Heat Treatment&#8221; title_text=&#8221;CaseMaster Furnace for Atmosphere Heat Treatment&#8221; \/][\/et_pb_column][et_pb_column type=&#8221;1_2&#8243;][et_pb_image _builder_version=&#8221;3.6&#8243; src=&#8221;https:\/\/www.secowarwick.com\/wp-content\/uploads\/2018\/12\/Roller-Hearth.jpg&#8221; title_text=&#8221;Roller Hearth for Atmosphere Heat Treatment&#8221; alt=&#8221;Roller Hearth Furnace from SECO\/WARWICK for Atmosphere Heat Treatment&#8221; \/][\/et_pb_column][\/et_pb_row][\/et_pb_section]<\/p>\n","protected":false},"excerpt":{"rendered":"<p>Od ponad 30 lat SECO\/WARWICK projektuje i buduje piece ci\u0105g\u0142e i linie produkcyjne do obr\u00f3bki cieplnej rur do materia\u0142\u00f3w \u017celaznych, stali nierdzewnej i materia\u0142\u00f3w stopowych. Obr\u00f3bka cieplna to kontrolowane ogrzewanie i ch\u0142odzenie metali w celu zmiany ich w\u0142a\u015bciwo\u015bci fizycznych i mechanicznych bez zmiany kszta\u0142tu produktu. Obr\u00f3bka cieplna jest czasami wykonywana nieumy\u015blnie w przebiegu proces\u00f3w produkcyjnych, [&hellip;]<\/p>\n","protected":false},"author":2,"featured_media":0,"parent":7253,"menu_order":0,"comment_status":"closed","ping_status":"closed","template":"","meta":{"_acf_changed":false,"_et_pb_use_builder":"on","_et_pb_old_content":"","_et_gb_content_width":"","footnotes":""},"class_list":["post-85231","page","type-page","status-publish"],"acf":[],"_links":{"self":[{"href":"https:\/\/www.secowarwick.com\/pl\/wp-json\/wp\/v2\/pages\/85231","targetHints":{"allow":["GET"]}}],"collection":[{"href":"https:\/\/www.secowarwick.com\/pl\/wp-json\/wp\/v2\/pages"}],"about":[{"href":"https:\/\/www.secowarwick.com\/pl\/wp-json\/wp\/v2\/types\/page"}],"author":[{"embeddable":true,"href":"https:\/\/www.secowarwick.com\/pl\/wp-json\/wp\/v2\/users\/2"}],"replies":[{"embeddable":true,"href":"https:\/\/www.secowarwick.com\/pl\/wp-json\/wp\/v2\/comments?post=85231"}],"version-history":[{"count":0,"href":"https:\/\/www.secowarwick.com\/pl\/wp-json\/wp\/v2\/pages\/85231\/revisions"}],"up":[{"embeddable":true,"href":"https:\/\/www.secowarwick.com\/pl\/wp-json\/wp\/v2\/pages\/7253"}],"wp:attachment":[{"href":"https:\/\/www.secowarwick.com\/pl\/wp-json\/wp\/v2\/media?parent=85231"}],"curies":[{"name":"wp","href":"https:\/\/api.w.org\/{rel}","templated":true}]}}