{"id":86611,"date":"2020-01-14T09:27:56","date_gmt":"2020-01-14T08:27:56","guid":{"rendered":"http:\/\/www.secowarwick.com\/?page_id=86611"},"modified":"2025-10-30T09:41:45","modified_gmt":"2025-10-30T08:41:45","slug":"obsluga-posprzedazowa-systemow-cab","status":"publish","type":"page","link":"https:\/\/www.secowarwick.com\/pl\/produkty\/lutowanie-aluminium-w-atmosferze-ochronnej\/obsluga-posprzedazowa-systemow-cab\/","title":{"rendered":"Obs\u0142uga posprzeda\u017cowa system\u00f3w CAB"},"content":{"rendered":"<p>[et_pb_section fb_built=&#8221;1&#8243; _builder_version=&#8221;4.16&#8243; global_colors_info=&#8221;{}&#8221;][et_pb_row _builder_version=&#8221;4.16&#8243; background_size=&#8221;initial&#8221; background_position=&#8221;top_left&#8221; background_repeat=&#8221;repeat&#8221; global_colors_info=&#8221;{}&#8221;][et_pb_column type=&#8221;4_4&#8243; _builder_version=&#8221;4.16&#8243; custom_padding=&#8221;|||&#8221; global_colors_info=&#8221;{}&#8221; custom_padding__hover=&#8221;|||&#8221;][et_pb_image src=&#8221;https:\/\/www.secowarwick.com\/wp-content\/uploads\/2019\/12\/slider-AFTERMARKET-CAB.jpg&#8221; alt=&#8221;Obs\u0142uga posprzeda\u017cowa system\u00f3w CAB&#8221; title_text=&#8221;Obs\u0142uga posprzeda\u017cowa system\u00f3w CAB&#8221; align_tablet=&#8221;center&#8221; align_phone=&#8221;&#8221; align_last_edited=&#8221;on|desktop&#8221; _builder_version=&#8221;4.16&#8243; global_colors_info=&#8221;{}&#8221;][\/et_pb_image][\/et_pb_column][\/et_pb_row][et_pb_row column_structure=&#8221;3_4,1_4&#8243; _builder_version=&#8221;4.16&#8243; background_size=&#8221;initial&#8221; background_position=&#8221;top_left&#8221; background_repeat=&#8221;repeat&#8221; global_colors_info=&#8221;{}&#8221;][et_pb_column type=&#8221;3_4&#8243; _builder_version=&#8221;4.16&#8243; custom_padding=&#8221;|||&#8221; global_colors_info=&#8221;{}&#8221; custom_padding__hover=&#8221;|||&#8221;][et_pb_breadcrumbs _builder_version=&#8221;3.6&#8243; global_colors_info=&#8221;{}&#8221;][\/et_pb_breadcrumbs][et_pb_text module_class=&#8221;podtytuly&#8221; _builder_version=&#8221;4.23.1&#8243; global_colors_info=&#8221;{}&#8221;]<\/p>\n<h1>Obs\u0142uga posprzeda\u017cowa system\u00f3w CAB<\/h1>\n<h2>Wymiany, us\u0142ugi i\u00a0cz\u0119\u015bci zamienne do\u00a0urz\u0105dze\u0144 CAB<\/h2>\n<p>SECO\/WARWICK \u015bwiadczy us\u0142ugi wsparcia technicznego, dostawy i\u00a0wymiany cz\u0119\u015bci zamiennych na\u00a0miejscu u\u00a0klienta w\u00a0zakresie wszystkich produkowanych przez\u00a0siebie urz\u0105dze\u0144. SECO\/WARWICK z\u00a0powodzeniem realizuje r\u00f3wnie\u017c dostawy cz\u0119\u015bci i\u00a0us\u0142ugi remontowo modernizacyjne urz\u0105dze\u0144 CAB innych producent\u00f3w. Nasi technicy s\u0142u\u017c\u0105 wsparciem w\u00a0zakresie awarii urz\u0105dze\u0144, remont\u00f3w, modernizacji, przenoszenia urz\u0105dze\u0144 i\u00a0konserwacji okresowej.<\/p>\n<p>[\/et_pb_text][et_pb_tabs module_class=&#8221;red-tabs&#8221; _builder_version=&#8221;4.23.1&#8243; custom_css_main_element=&#8221;margin-top: 2rem;||margin-bottom: 2rem;&#8221; global_colors_info=&#8221;{}&#8221;][et_pb_tab title=&#8221;Wszystkie rodzaje cz\u0119\u015bci&#8221; _builder_version=&#8221;4.23.1&#8243; global_colors_info=&#8221;{}&#8221;]<\/p>\n<h2>SECO\/WARWICK specjalizuje si\u0119 w\u00a0dostarczaniu wszystkich rodzaj\u00f3w cz\u0119\u015bci do\u00a0piec\u00f3w, w\u00a0tym:<\/h2>\n<p><strong><span style=\"color: #e30f00;\">\/<\/span><\/strong> Element\u00f3w grzejnych<br \/><strong><span style=\"color: #e30f00;\">\/<\/span><\/strong> Ceramicznych element\u00f3w izolacyjnych<br \/><strong><span style=\"color: #e30f00;\">\/<\/span><\/strong> Cz\u0119\u015bci gazowego systemu grzejnego<br \/><strong><span style=\"color: #e30f00;\">\/<\/span><\/strong> Wentylator\u00f3w<br \/><strong><span style=\"color: #e30f00;\">\/<\/span><\/strong> Termopar<br \/><strong><span style=\"color: #e30f00;\">\/<\/span><\/strong> Mufli<br \/><strong><span style=\"color: #e30f00;\">\/<\/span><\/strong> Przeno\u015bnik\u00f3w ta\u015bmowych<br \/><strong><span style=\"color: #e30f00;\">\/<\/span><\/strong> Analizator\u00f3w tlenu<br \/><strong><span style=\"color: #e30f00;\">\/<\/span><\/strong> Cz\u0119\u015bci do&nbsp;Fluxer\u00f3w: dysz, pomp, przep\u0142ywomierzy, filtr\u00f3w<br \/><strong><span style=\"color: #e30f00;\">\/<\/span><\/strong> Cz\u0119\u015bci instalacji elektrycznych: falownik\u00f3w<br \/><strong><span style=\"color: #e30f00;\">\/<\/span><\/strong> Sterownik\u00f3w tyrystorowych, PLC<br \/><strong><span style=\"color: #e30f00;\">\/<\/span><\/strong> Zestaw\u00f3w cz\u0119\u015bci do&nbsp;przegl\u0105d\u00f3w i&nbsp;konserwacji okresowej<\/p>\n<p>[\/et_pb_tab][et_pb_tab title=&#8221;Modyfikacje i\u00a0serwis linii CAB&#8221; _builder_version=&#8221;4.23.1&#8243; global_colors_info=&#8221;{}&#8221;]<\/p>\n<h2>SECO\/WARWICK dysponuje wiedz\u0105 i\u00a0do\u015bwiadczeniem pozwalaj\u0105cymi realizowa\u0107 naprawy i\u00a0modernizacje urz\u0105dze\u0144 CAB, zar\u00f3wno wyprodukowanych przez\u00a0SECO\/WARWICK, jak i\u00a0pochodz\u0105cych od\u00a0innych producent\u00f3w:<\/h2>\n<p><strong><span style=\"color: #e30f00;\">\/<\/span><\/strong> Zwi\u0119kszenie wydajno\u015bci linii ci\u0105g\u0142ych CAB poprzez dodanie komory podgrzewania konwekcyjnego<br \/><strong><span style=\"color: #e30f00;\">\/<\/span><\/strong> Wymiana kom\u00f3r ch\u0142odzonych wod\u0105 na&nbsp;rozwi\u0105zanie z&nbsp;p\u0142aszczem powietrznym<br \/><strong><span style=\"color: #e30f00;\">\/<\/span><\/strong> Wymiana kurtyn z\u00a0w\u0142\u00f3kna szklanego na\u00a0pasy folii<br \/><strong><span style=\"color: #e30f00;\">\/<\/span><\/strong> Modernizacja przestarza\u0142ych system\u00f3w sterowania z\u00a0wprowadzeniem najnowocze\u015bniejszej technologii<br \/><strong><span style=\"color: #e30f00;\">\/<\/span><\/strong> Modernizacja gazowych system\u00f3w grzejnych w\u00a0celu spe\u0142nienia wymaga\u0144 aktualnych norm bezpiecze\u0144stwa<\/p>\n<h2>Nasz zesp\u00f3\u0142 serwisowy oferuje szerok\u0105 gam\u0119 us\u0142ug i\u00a0pozostaje do\u00a0Pa\u0144stwa dyspozycji w\u00a0zakresie:<\/h2>\n<p><strong><span style=\"color: #e30f00;\">\/<\/span><\/strong> Konserwacji rocznej i\u00a0przegl\u0105d\u00f3w urz\u0105dze\u0144<br \/><strong><span style=\"color: #e30f00;\">\/<\/span><\/strong> Badania jednorodno\u015bci grzania z\u00a0wykorzystaniem rejestratora danych<br \/><strong><span style=\"color: #e30f00;\">\/<\/span><\/strong> Kontroli szczelno\u015bci urz\u0105dze\u0144 do\u00a0lutowania twardego metod\u0105 wykrywania helu<br \/><strong><span style=\"color: #e30f00;\">\/<\/span><\/strong> Wsparcia technicznego przy rozwi\u0105zywaniu innych problem\u00f3w z\u00a0urz\u0105dzeniami CAB i\u00a0procesem<\/p>\n<p>[\/et_pb_tab][\/et_pb_tabs][et_pb_code _builder_version=&#8221;4.10.3&#8243; _module_preset=&#8221;default&#8221; global_module=&#8221;123769&#8243; saved_tabs=&#8221;all&#8221; global_colors_info=&#8221;{}&#8221;]<!-- [et_pb_line_break_holder] --><pee style=\"text-align: center;\"><a class=\"small-button smallred\" style=\"font-size: 20px; padding: 20px 60px;\" href=\"https:\/\/www.secowarwick.com\/pl\/zapytaj-o-oferte\/\"><span style=\"display: block; transform: skew(15deg,0deg); -webkit-transform: skew(15deg,0deg); font-size: 20px; !important\">ZAPYTAJ O OFERT\u0118<\/span><\/a><\/pee>[\/et_pb_code][\/et_pb_column][et_pb_column type=&#8221;1_4&#8243; _builder_version=&#8221;4.16&#8243; custom_padding=&#8221;|||&#8221; global_colors_info=&#8221;{}&#8221; custom_padding__hover=&#8221;|||&#8221;][et_pb_gallery gallery_ids=&#8221;83588,87517&#8243; posts_number=&#8221;1&#8243; show_title_and_caption=&#8221;off&#8221; show_pagination=&#8221;off&#8221; zoom_icon_color=&#8221;#e2001a&#8221; module_class=&#8221;seco-products-gallery-new&#8221; _builder_version=&#8221;4.16&#8243; custom_css_overlay_icon=&#8221;content:&#8217;ZOBACZ GALERI\u0118&#8217; !important;&#8221; global_colors_info=&#8221;{}&#8221;][\/et_pb_gallery][et_pb_text admin_label=&#8221;btn_pl_premiumlibrary&#8221; module_class=&#8221;premium-library-button&#8221; _builder_version=&#8221;4.23.1&#8243; _module_preset=&#8221;default&#8221; text_orientation=&#8221;center&#8221; global_module=&#8221;157169&#8243; saved_tabs=&#8221;all&#8221; locked=&#8221;off&#8221; global_colors_info=&#8221;{}&#8221;]<\/p>\n<a href='https:\/\/www.secowarwick.com\/pl\/trescipremium\/' class='small-button smallred'><span>TRE\u015aCI PREMIUM<\/span><\/a>\n<p>[\/et_pb_text][et_pb_text admin_label=&#8221;R&#038;D PL&#8221; module_class=&#8221;product_widget_wrap_rd&#8221; _builder_version=&#8221;4.23.1&#8243; _module_preset=&#8221;default&#8221; text_orientation=&#8221;center&#8221; global_module=&#8221;165497&#8243; saved_tabs=&#8221;all&#8221; locked=&#8221;off&#8221; global_colors_info=&#8221;{}&#8221;]<\/p>\n<p><a href=\"https:\/\/www.secowarwick.com\/pl\/rd\/\"><span class=\"product_wigtet_name\">R&amp;D<\/span><\/a><\/p>\n<p>[\/et_pb_text][et_pb_text admin_label=&#8221;AUTOMATYKA PL&#8221; module_class=&#8221;product_widget_wrap_automation&#8221; _builder_version=&#8221;4.23.1&#8243; _module_preset=&#8221;default&#8221; global_module=&#8221;165495&#8243; saved_tabs=&#8221;all&#8221; locked=&#8221;off&#8221; global_colors_info=&#8221;{}&#8221;]<\/p>\n<p><a href=\"https:\/\/www.secowarwick.com\/pl\/service\/automatyka\/\"><span class=\"product_wigtet_name\">AUTOMATYKA<\/span><\/a><\/p>\n<p>[\/et_pb_text][et_pb_text admin_label=&#8221;SERVICE PL&#8221; module_class=&#8221;product_widget_wrap_service&#8221; _builder_version=&#8221;4.23.1&#8243; _module_preset=&#8221;default&#8221; global_module=&#8221;165500&#8243; saved_tabs=&#8221;all&#8221; locked=&#8221;off&#8221; global_colors_info=&#8221;{}&#8221;]<\/p>\n<p><a href=\"https:\/\/www.secowarwick.com\/pl\/profesjonalne-uslugi-serwisowe\/\"><span class=\"product_wigtet_name\">SERWIS<\/span><\/a><\/p>\n<p>[\/et_pb_text][et_pb_text admin_label=&#8221;SUPLEMENTALS PL&#8221; module_class=&#8221;product_widget_wrap_supleme&#8221; _builder_version=&#8221;4.23.1&#8243; _module_preset=&#8221;default&#8221; global_module=&#8221;165502&#8243; saved_tabs=&#8221;all&#8221; locked=&#8221;off&#8221; global_colors_info=&#8221;{}&#8221;]<\/p>\n<p><span class=\"product_wigtet_name\">DODATKOWE:<\/span><\/p>\n<p>[\/et_pb_text][et_pb_text admin_label=&#8221;Product brochure&#8221; module_class=&#8221;suplementals_product_brochure suplementals_wrap&#8221; _builder_version=&#8221;4.23.1&#8243; _module_preset=&#8221;default&#8221; locked=&#8221;off&#8221; global_colors_info=&#8221;{}&#8221;]<\/p>\n<p><a href=\"https:\/\/www.secowarwick.com\/wp-content\/uploads\/2025\/07\/CAB-Spare-Parts_2025.pdf\" target=\"_blank\" rel=\"noopener\">Broszura produktu<\/a><\/p>\n<p>[\/et_pb_text][et_pb_text admin_label=&#8221;Product catalogue cab pl&#8221; module_class=&#8221;suplementals_product_catalogue suplementals_wrap&#8221; _builder_version=&#8221;4.23.1&#8243; _module_preset=&#8221;default&#8221; global_module=&#8221;170289&#8243; saved_tabs=&#8221;all&#8221; locked=&#8221;off&#8221; global_colors_info=&#8221;{}&#8221;]<\/p>\n<p><a href=\"https:\/\/www.secowarwick.com\/wp-content\/uploads\/2025\/02\/CAB_Furnaces_catalogue.pdf\" target=\"_blank\" rel=\"noopener\">Katalog produkt\u00f3w<\/a><\/p>\n<p>[\/et_pb_text][et_pb_text admin_label=&#8221;Product movie cab pl playlist&#8221; module_class=&#8221;suplementals_product_movie suplementals_wrap&#8221; _builder_version=&#8221;4.23.1&#8243; _module_preset=&#8221;default&#8221; global_module=&#8221;170290&#8243; saved_tabs=&#8221;all&#8221; locked=&#8221;off&#8221; global_colors_info=&#8221;{}&#8221;]<\/p>\n<p><a href=\"https:\/\/www.youtube.com\/playlist?list=PLa0hhW_hoQqEsIHM5LQtr9h_9UlwGFBO8\" target=\"_blank\" rel=\"noopener\">Film produktowy<\/a><\/p>\n<p>[\/et_pb_text][et_pb_text admin_label=&#8221;dnabook-pl&#8221; module_class=&#8221;suplementals_product_dna suplementals_wrap&#8221; _builder_version=&#8221;4.23.1&#8243; _module_preset=&#8221;default&#8221; global_module=&#8221;165509&#8243; saved_tabs=&#8221;all&#8221; locked=&#8221;off&#8221; global_colors_info=&#8221;{}&#8221;]<\/p>\n<p><a href=\"https:\/\/www.secowarwick.com\/wp-content\/uploads\/2025\/07\/DNA_BOOK.pdf\" target=\"_blank\" rel=\"noopener\">DNA\/BOOK<\/a><\/p>\n<p>[\/et_pb_text][et_pb_text admin_label=&#8221;ECO\/BOOK-pl&#8221; module_class=&#8221;suplementals_product_eco suplementals_wrap&#8221; _builder_version=&#8221;4.23.1&#8243; _module_preset=&#8221;default&#8221; global_module=&#8221;165511&#8243; saved_tabs=&#8221;all&#8221; locked=&#8221;off&#8221; global_colors_info=&#8221;{}&#8221;]<\/p>\n<p><a href=\"https:\/\/www.secowarwick.com\/wp-content\/uploads\/2023\/06\/ECOBOOK-2-1.pdf\" target=\"_blank\" rel=\"noopener\">ECO\/BOOK<\/a><\/p>\n<p>[\/et_pb_text][et_pb_text admin_label=&#8221;RFQ product widget pl&#8221; module_class=&#8221;product_widget_wrap_rfq-en&#8221; _builder_version=&#8221;4.23.1&#8243; _module_preset=&#8221;default&#8221; global_module=&#8221;186180&#8243; saved_tabs=&#8221;all&#8221; global_colors_info=&#8221;{}&#8221; locked=&#8221;off&#8221;]<\/p>\n<p style=\"text-align: center;\"><a class=\"small-button smallred\" href=\"https:\/\/www.secowarwick.com\/pl\/zapytaj-o-oferte\/\"><span class=\"product_wigtet_name\">ZAPYTAJ O&nbsp;OFERT\u0118<\/span><\/a><\/p>\n<p>[\/et_pb_text][\/et_pb_column][\/et_pb_row][\/et_pb_section]<\/p>\n","protected":false},"excerpt":{"rendered":"<p>[et_pb_breadcrumbs _builder_version=&#8221;3.6&#8243; global_colors_info=&#8221;{}&#8221;][\/et_pb_breadcrumbs]Obs\u0142uga posprzeda\u017cowa system\u00f3w CAB Wymiany, us\u0142ugi i\u00a0cz\u0119\u015bci zamienne do\u00a0urz\u0105dze\u0144 CAB SECO\/WARWICK \u015bwiadczy us\u0142ugi wsparcia technicznego, dostawy i\u00a0wymiany cz\u0119\u015bci zamiennych na\u00a0miejscu u\u00a0klienta w\u00a0zakresie wszystkich produkowanych przez\u00a0siebie urz\u0105dze\u0144. SECO\/WARWICK z\u00a0powodzeniem realizuje r\u00f3wnie\u017c dostawy cz\u0119\u015bci i\u00a0us\u0142ugi remontowo modernizacyjne urz\u0105dze\u0144 CAB innych producent\u00f3w. Nasi technicy s\u0142u\u017c\u0105 wsparciem w\u00a0zakresie awarii urz\u0105dze\u0144, remont\u00f3w, modernizacji, przenoszenia urz\u0105dze\u0144 i\u00a0konserwacji okresowej.SECO\/WARWICK specjalizuje [&hellip;]<\/p>\n","protected":false},"author":2,"featured_media":87517,"parent":127261,"menu_order":0,"comment_status":"closed","ping_status":"closed","template":"","meta":{"_acf_changed":false,"_et_pb_use_builder":"on","_et_pb_old_content":"","_et_gb_content_width":"","footnotes":""},"class_list":["post-86611","page","type-page","status-publish","has-post-thumbnail"],"acf":[],"_links":{"self":[{"href":"https:\/\/www.secowarwick.com\/pl\/wp-json\/wp\/v2\/pages\/86611","targetHints":{"allow":["GET"]}}],"collection":[{"href":"https:\/\/www.secowarwick.com\/pl\/wp-json\/wp\/v2\/pages"}],"about":[{"href":"https:\/\/www.secowarwick.com\/pl\/wp-json\/wp\/v2\/types\/page"}],"author":[{"embeddable":true,"href":"https:\/\/www.secowarwick.com\/pl\/wp-json\/wp\/v2\/users\/2"}],"replies":[{"embeddable":true,"href":"https:\/\/www.secowarwick.com\/pl\/wp-json\/wp\/v2\/comments?post=86611"}],"version-history":[{"count":12,"href":"https:\/\/www.secowarwick.com\/pl\/wp-json\/wp\/v2\/pages\/86611\/revisions"}],"predecessor-version":[{"id":186239,"href":"https:\/\/www.secowarwick.com\/pl\/wp-json\/wp\/v2\/pages\/86611\/revisions\/186239"}],"up":[{"embeddable":true,"href":"https:\/\/www.secowarwick.com\/pl\/wp-json\/wp\/v2\/pages\/127261"}],"wp:featuredmedia":[{"embeddable":true,"href":"https:\/\/www.secowarwick.com\/pl\/wp-json\/wp\/v2\/media\/87517"}],"wp:attachment":[{"href":"https:\/\/www.secowarwick.com\/pl\/wp-json\/wp\/v2\/media?parent=86611"}],"curies":[{"name":"wp","href":"https:\/\/api.w.org\/{rel}","templated":true}]}}