{"id":86650,"date":"2020-01-14T11:17:38","date_gmt":"2020-01-14T10:17:38","guid":{"rendered":"http:\/\/www.secowarwick.com\/?page_id=86650"},"modified":"2025-10-30T09:39:53","modified_gmt":"2025-10-30T08:39:53","slug":"systemy-cab","status":"publish","type":"page","link":"https:\/\/www.secowarwick.com\/pl\/produkty\/lutowanie-aluminium-w-atmosferze-ochronnej\/systemy-cab\/","title":{"rendered":"Piec do lutowania aluminium w atmosferze kontrolowanej &#8211; Systemy CAB"},"content":{"rendered":"<p>[et_pb_section fb_built=&#8221;1&#8243; _builder_version=&#8221;4.16&#8243; global_colors_info=&#8221;{}&#8221;][et_pb_row _builder_version=&#8221;4.16&#8243; background_size=&#8221;initial&#8221; background_position=&#8221;top_left&#8221; background_repeat=&#8221;repeat&#8221; global_colors_info=&#8221;{}&#8221;][et_pb_column type=&#8221;4_4&#8243; _builder_version=&#8221;4.16&#8243; custom_padding=&#8221;|||&#8221; global_colors_info=&#8221;{}&#8221; custom_padding__hover=&#8221;|||&#8221;][et_pb_image src=&#8221;https:\/\/www.secowarwick.com\/wp-content\/uploads\/2019\/12\/slider-CAB-Systems.jpg&#8221; alt=&#8221;Piec do lutowania aluminium w atmosferze kontrolowanej &#8211; Systemy CAB&#8221; title_text=&#8221;Piec do lutowania aluminium w atmosferze kontrolowanej &#8211; Systemy CAB&#8221; align_tablet=&#8221;center&#8221; align_phone=&#8221;&#8221; align_last_edited=&#8221;on|desktop&#8221; _builder_version=&#8221;4.16&#8243; global_colors_info=&#8221;{}&#8221;][\/et_pb_image][\/et_pb_column][\/et_pb_row][et_pb_row column_structure=&#8221;3_4,1_4&#8243; _builder_version=&#8221;4.16&#8243; background_size=&#8221;initial&#8221; background_position=&#8221;top_left&#8221; background_repeat=&#8221;repeat&#8221; global_colors_info=&#8221;{}&#8221;][et_pb_column type=&#8221;3_4&#8243; _builder_version=&#8221;4.16&#8243; custom_padding=&#8221;|||&#8221; global_colors_info=&#8221;{}&#8221; custom_padding__hover=&#8221;|||&#8221;][et_pb_breadcrumbs _builder_version=&#8221;3.6&#8243; global_colors_info=&#8221;{}&#8221;][\/et_pb_breadcrumbs][et_pb_text module_class=&#8221;podtytuly&#8221; _builder_version=&#8221;4.23.1&#8243; global_colors_info=&#8221;{}&#8221;]<\/p>\n<h1>Piec do\u00a0lutowania aluminium w\u00a0atmosferze kontrolowanej &#8211; Systemy CAB<\/h1>\n<p>SECO\/WARWICK to\u00a0jeden z\u00a0najbardziej do\u015bwiadczonych i\u00a0innowacyjnych producent\u00f3w <strong>piec\u00f3w do\u00a0lutowania twardego<\/strong>. Firma do\u00a0tej\u00a0pory zainstalowa\u0142a na\u00a0ca\u0142ym \u015bwiecie ponad <strong>300 system\u00f3w CAB<\/strong>. Dbamy o\u00a0najwy\u017csz\u0105 jako\u015b\u0107 naszych produkt\u00f3w \u2013 pocz\u0105wszy od\u00a0prac w\u00a0laboratorium<a href=\"https:\/\/www.secowarwick.com\/wp-content\/uploads\/2017\/03\/RD-CAB-Furnace2.pdf\"> badawczo-rozwojowym<\/a>, przez\u00a0etap projektowania urz\u0105dze\u0144, po\u00a0kompletny monta\u017c i\u00a0uruchomienie, oraz\u00a0<a href=\"https:\/\/www.secowarwick.com\/wp-content\/uploads\/2017\/03\/Spare-Parts-and-CAB-Line-Modification2.pdf\">wsparcie posprzeda\u017cowe<\/a>.<\/p>\n<p>[\/et_pb_text][et_pb_tabs module_class=&#8221;red-tabs eco-tab5&#8243; _builder_version=&#8221;4.23.1&#8243; custom_css_main_element=&#8221;margin-top: 2rem;||margin-bottom: 2rem;&#8221; global_colors_info=&#8221;{}&#8221;][et_pb_tab title=&#8221;Podstawowe informacje&#8221; _builder_version=&#8221;4.23.1&#8243; global_colors_info=&#8221;{}&#8221;]<\/p>\n<p><strong>Lutowanie twarde aluminium<\/strong> w\u00a0atmosferze kontrolowanej (CAB \u2013 Controlled Atmosphere Brazing) z\u00a0wykorzystaniem niekorozyjnego topnika jest od\u00a0lat preferowanym procesem w\u00a0produkcji aluminiowych wymiennik\u00f3w ciep\u0142a. Od\u00a0wej\u015bcia na\u00a0ten rynek w\u00a01984 roku SECO\/WARWICK jest pionierem rozwoju <strong>technologii CAB.<\/strong> Korzystaj\u0105c z\u00a0dziesi\u0105tek lat do\u015bwiadczenia w\u00a0projektowaniu piec\u00f3w, SECO\/WARWICK stworzy\u0142o takie innowacje jak:<\/p>\n<p><strong><span style=\"color: #dc291e;\">\/<\/span><\/strong> Lepsza konstrukcja mufli<br \/><strong><span style=\"color: #dc291e;\">\/<\/span><\/strong> Technologia grzania konwekcyjnego<br \/><strong><span style=\"color: #dc291e;\">\/<\/span><\/strong> Rozwi\u0105zanie dla wysokiej jako\u015bci atmosfery<br \/><strong><span style=\"color: #dc291e;\">\/<\/span><\/strong> System p\u0142ukania pr\u00f3\u017cniowego dla piec\u00f3w p\u00f3\u0142ci\u0105g\u0142ych i\u00a0komorowych<br \/><strong><span style=\"color: #dc291e;\">\/<\/span><\/strong> Sterowanie ACCUBRAZE PC\/PLC<br \/><strong><span style=\"color: #dc291e;\">\/<\/span><\/strong> Projektowane na\u00a0zam\u00f3wienie systemy grzejne, elektryczne lub gazowe<br \/><strong><span style=\"color: #dc291e;\">\/<\/span><\/strong>\u00a0Rozwi\u0105zania dla obni\u017cania konsumpcji energii<\/p>\n<p>[\/et_pb_tab][et_pb_tab title=&#8221;Cechy&#8221; _builder_version=&#8221;4.23.1&#8243; global_colors_info=&#8221;{}&#8221;]<\/p>\n<p>Proces lutowania twardego w\u00a0atmosferze kontrolowanej (CAB) nagrzewa produkt do\u00a0temperatury lutowania twardego, utrzymuj\u0105c jednocze\u015bnie jednorodn\u0105 temperatur\u0119 produktu w\u00a0atmosferze azotowej pozbawionej tlenu. Podczas lutowania zewn\u0119trzna warstwa stopu aluminium i\u00a0krzemu jest podgrzewana do\u00a0stanu ciek\u0142ego i\u00a0przep\u0142ywa, tworz\u0105c spoiny aluminiowe.<\/p>\n<h3>Proces lutowania twardego w\u00a0atmosferze kontrolowanej<\/h3>\n<p>W&nbsp;pe\u0142ni skonfigurowany system pieca CAB obejmuje urz\u0105dzenie do\u00a0odt\u0142uszczania cieplnego z\u00a0dopalaniem oleju (LZO), zesp\u00f3\u0142 nanoszenia topnika, piec susz\u0105cy i\u00a0piec CAB. Systemy te\u00a0mo\u017cna skonfigurowa\u0107 w\u00a0uk\u0142adzie liniowym, w\u00a0linii przelotowej prostok\u0105tnej, w\u00a0linii w\u00a0kszta\u0142cie litery U\u00a0lub w\u00a0uk\u0142adzie nieprzelotowym, aby sprosta\u0107 wymaganiom przestrzennym w\u00a0zak\u0142adzie.<\/p>\n<p>[\/et_pb_tab][et_pb_tab title=&#8221;Korzy\u015bci&#8221; _builder_version=&#8221;4.23.1&#8243; global_colors_info=&#8221;{}&#8221;]<\/p>\n<p><span style=\"color: #e30f00;\"><strong>\/<\/strong> <\/span><strong>Brak konieczno\u015bci czyszczenia po&nbsp;lutowaniu<br \/><\/strong>dzi\u0119ki stosowaniu niekorozyjnego topnika<\/p>\n<p><span style=\"color: #e30f00;\"><strong>\/<\/strong><\/span> <strong>Ni\u017csze zaanga\u017cowanie kapita\u0142u<br \/><\/strong>w\u00a0por\u00f3wnaniu z\u00a0lutowaniem twardym w\u00a0pr\u00f3\u017cni<\/p>\n<p><span style=\"color: #e30f00;\"><strong>\/ <\/strong><\/span><strong>Wysoka jako\u015b\u0107 lutowania<br \/><\/strong>dzi\u0119ki czystej atmosferze azotowej, jednorodno\u015bci procesu, stromym profilom grzania i\u00a0ch\u0142odzenia<\/p>\n<p><span style=\"color: #e30f00;\"><strong>\/\u00a0<\/strong><\/span><strong>Badania i&nbsp;rozw\u00f3j w&nbsp;zakresie lutowania twardego z&nbsp;wykorzystaniem w\u0142asnych aluminiowych wymiennik\u00f3w ciep\u0142a:<br \/><\/strong>Ograniczenie ryzyka inwestycji dzi\u0119ki mo\u017cliwo\u015bci korzystania z\u00a0Centrum lutowania twardego SECO\/WARWICK<\/p>\n<p>[\/et_pb_tab][et_pb_tab title=&#8221;Zastosowania&#8221; _builder_version=&#8221;4.16&#8243; global_colors_info=&#8221;{}&#8221;]Chocia\u017c wymienniki ciep\u0142a takie jak ch\u0142odnice, skraplacze, ch\u0142odnice oleju, parowniki, grzejniki, ch\u0142odnice powietrza do\u0142adowania, ch\u0142odnice baterii, itp. dla przemys\u0142u motoryzacyjnego zdominowa\u0142y bie\u017c\u0105ce zapotrzebowanie, wci\u0105\u017c pojawiaj\u0105 si\u0119 kolejne zastosowania dla lutowania twardego aluminium. Proces ten znajduje r\u00f3wnie\u017c zastosowanie w&nbsp;innych bran\u017cach, jak cho\u0107by ch\u0142odnictwie i&nbsp;klimatyzacji. Kolejne innowacje takie jak nieplaterowana stopy aluminium, technologia wyciskania rurek czy&nbsp;te\u017c po\u0142\u0105czone wymienniki cieplne, gwarantuj\u0105 dalsze wykorzystywanie procesu CAB przez&nbsp;kolejne dekady. Przysz\u0142o\u015b\u0107 inteligentnych inwestycji w&nbsp;t\u0119&nbsp;wci\u0105\u017c rozwijaj\u0105c\u0105 si\u0119 technologi\u0119 rysuje si\u0119 w&nbsp;\u015bwietlanych barwach.[\/et_pb_tab][et_pb_tab title=&#8221;Przemys\u0142y&#8221; _builder_version=&#8221;4.23.1&#8243; global_colors_info=&#8221;{}&#8221;]<\/p>\n<p><strong><span style=\"color: #dc291e;\">\/<\/span><\/strong> Bran\u017ca motoryzacyjna i\u00a0terenowa<br \/><strong><span style=\"color: #dc291e;\">\/<\/span><\/strong> Ogrzewanie, wentylacja i\u00a0klimatyzacja<br \/><strong><span style=\"color: #dc291e;\">\/<\/span><\/strong> Generatory pr\u0105dotw\u00f3rcze i\u00a0elektrownie<br \/><strong><span style=\"color: #dc291e;\">\/<\/span><\/strong> Lotnictwo<br \/><strong><span style=\"color: #dc291e;\">\/<\/span><\/strong> Kolej<br \/><strong><span style=\"color: #dc291e;\">\/<\/span><\/strong> Elektronika<br \/><strong><span style=\"color: #dc291e;\">\/<\/span><\/strong> Urz\u0105dzenia domowe<\/p>\n<p>[\/et_pb_tab][et_pb_tab title=&#8221; &#8221; _builder_version=&#8221;4.23.1&#8243; _module_preset=&#8221;default&#8221; global_colors_info=&#8221;{}&#8221;]<\/p>\n<p><span data-contrast=\"none\"><strong><span style=\"color: #e30f00;\">\/<\/span> <\/strong> Dopalacz termiczny (afterburner) do&nbsp;redukcji emisji LZO dla urz\u0105dze\u0144 odt\u0142uszczaj\u0105cych (degreasery)<br \/><\/span><span data-contrast=\"none\"><strong><span style=\"color: #e30f00;\">\/<\/span> <\/strong>Scrubber ze&nbsp;z\u0142o\u017cem aktywnego tlenku aluminium do&nbsp;redukcji emisji\u202ffluorowodoru\u202fpowsta\u0142ego podczas procesu lutowania<br \/><\/span><span data-contrast=\"none\"><strong><span style=\"color: #e30f00;\">\/<\/span> <\/strong>Dla urz\u0105dze\u0144 grzanych gazowo systemy odzysku energii obni\u017caj\u0105ce konsumpcj\u0119 gazu a\u00a0tym samym emisj\u0119 CO2:<\/span><span data-ccp-props=\"{&quot;201341983&quot;:0,&quot;335559739&quot;:0,&quot;335559740&quot;:240}\"><br \/>\u00a0 \u00a0 \u00a0\/ <\/span><span data-contrast=\"none\">system wymiany energii pomi\u0119dzy dopalaczem termicznym (afterburner) a&nbsp;urz\u0105dzeniami odt\u0142uszczaj\u0105cymi (degreasery)<br \/><\/span><span data-contrast=\"none\">\u00a0 \u00a0 \u00a0\/ odzysk energii z&nbsp;kom\u00f3r Preheatu oraz&nbsp;Pieca lutowniczego poprzez transfer spalin pod&nbsp;tunelem wlotowym i&nbsp;dalej jako wsparcie systemu grzejnego w&nbsp;Suszarce<\/span><\/p>\n<p><span data-contrast=\"none\"><strong><span style=\"color: #e30f00;\">\/<\/span> <\/strong> Systemy grzejne elektryczne zamiast gazowych (w&nbsp;tym modyfikacja obecnych urz\u0105dze\u0144) w&nbsp;celu redukcji emisji CO2<br \/><\/span><span data-contrast=\"none\"><strong><span style=\"color: #e30f00;\">\/<\/span> <\/strong>Opcjonalne zastosowania wysokosprawnej izolacji mikroporowatej w&nbsp;celu obni\u017cenia strat cieplnych a&nbsp;tym samy redukcja konsumpcji energii (w&nbsp;przypadku gazowych system\u00f3w grzejnych \u2013 redukcja emisji CO2)<br \/><\/span><span data-contrast=\"none\"><strong><span style=\"color: #e30f00;\">\/<\/span> <\/strong> Podgrzewany tunel wlotowy kurtyn w&nbsp;celu ograniczenia spadku temperatury ta\u015bmy przeno\u015bnika i&nbsp;wsadu podczas transferu a&nbsp;tym samy skr\u00f3cenie czasu ponownego nagrzewu \u2013 w&nbsp;og\u00f3lnym bilansie obni\u017cenie konsumpcji energii (w&nbsp;przypadku gazowych system\u00f3w grzejnych \u2013 redukcja emisji CO2)<br \/><\/span><span data-contrast=\"none\"><strong><span style=\"color: #e30f00;\">\/<\/span> <\/strong> Wsp\u00f3lny przeno\u015bnik ta\u015bmowy dla suszarki (lub TTBB) i&nbsp;pieca celem obni\u017cenie konsumpcji energii zwi\u0105zanej w&nbsp;dwukrotnym grzaniem w&nbsp;przypadku system\u00f3w rozdzielonych (w&nbsp;przypadku gazowych system\u00f3w grzejnych \u2013 redukcja emisji CO2)<br \/><\/span><span data-contrast=\"none\"><strong><span style=\"color: #e30f00;\">\/<\/span> <\/strong> Wykorzystanie przez&nbsp;klienta energii emitowanej przez&nbsp;systemy odci\u0105gowe kom\u00f3r ch\u0142odzenia i&nbsp;suszarki do&nbsp;wspomagania podgrzewanie instalacji zak\u0142adowych<br \/><\/span><span data-contrast=\"none\"><strong><span style=\"color: #e30f00;\">\/<\/span> <\/strong>Nieemisyjne systemy ch\u0142odzenia oparte na&nbsp;p\u0142aszczu powietrznym zamiast zamkni\u0119tego obiegu wody<br \/><\/span><span data-contrast=\"none\"><strong><span style=\"color: #e30f00;\">\/<\/span> <\/strong>Sterowanie \u2013 tryby pracy urz\u0105dzenia IDLE i&nbsp;WEEKEND obni\u017caj\u0105ce temperatur\u0119 robocz\u0105 oraz&nbsp;wy\u0142\u0105czaj\u0105ce urz\u0105dzenie nie&nbsp;wymagane podczas przerw w&nbsp;produkcji &#8211; obni\u017cenie konsumpcji energii (w&nbsp;przypadku gazowych system\u00f3w grzejnych \u2013 redukcja emisji CO2)<\/span><\/p>\n<p>[\/et_pb_tab][\/et_pb_tabs][et_pb_code _builder_version=&#8221;4.10.3&#8243; _module_preset=&#8221;default&#8221; global_module=&#8221;123769&#8243; saved_tabs=&#8221;all&#8221; global_colors_info=&#8221;{}&#8221;]<!-- [et_pb_line_break_holder] --><pee style=\"text-align: center;\"><a class=\"small-button smallred\" style=\"font-size: 20px; padding: 20px 60px;\" href=\"https:\/\/www.secowarwick.com\/pl\/zapytaj-o-oferte\/\"><span style=\"display: block; transform: skew(15deg,0deg); -webkit-transform: skew(15deg,0deg); font-size: 20px; !important\">ZAPYTAJ O OFERT\u0118<\/span><\/a><\/pee>[\/et_pb_code][\/et_pb_column][et_pb_column type=&#8221;1_4&#8243; _builder_version=&#8221;4.16&#8243; custom_padding=&#8221;|||&#8221; global_colors_info=&#8221;{}&#8221; custom_padding__hover=&#8221;|||&#8221;][et_pb_gallery gallery_ids=&#8221;99323,99316,99309,99302&#8243; posts_number=&#8221;1&#8243; show_title_and_caption=&#8221;off&#8221; show_pagination=&#8221;off&#8221; zoom_icon_color=&#8221;#e2001a&#8221; module_class=&#8221;seco-products-gallery-new&#8221; _builder_version=&#8221;4.16&#8243; custom_css_overlay_icon=&#8221;content:&#8217;ZOBACZ GALERI\u0118&#8217; !important;&#8221; global_colors_info=&#8221;{}&#8221;][\/et_pb_gallery][et_pb_text admin_label=&#8221;btn_pl_premiumlibrary&#8221; module_class=&#8221;premium-library-button&#8221; _builder_version=&#8221;4.23.1&#8243; _module_preset=&#8221;default&#8221; text_orientation=&#8221;center&#8221; global_module=&#8221;157169&#8243; saved_tabs=&#8221;all&#8221; locked=&#8221;off&#8221; global_colors_info=&#8221;{}&#8221;]<\/p>\n<a href='https:\/\/www.secowarwick.com\/pl\/trescipremium\/' class='small-button smallred'><span>TRE\u015aCI PREMIUM<\/span><\/a>\n<p>[\/et_pb_text][et_pb_text admin_label=&#8221;R&#038;D PL&#8221; module_class=&#8221;product_widget_wrap_rd&#8221; _builder_version=&#8221;4.23.1&#8243; _module_preset=&#8221;default&#8221; text_orientation=&#8221;center&#8221; global_module=&#8221;165497&#8243; saved_tabs=&#8221;all&#8221; locked=&#8221;off&#8221; global_colors_info=&#8221;{}&#8221;]<\/p>\n<p><a href=\"https:\/\/www.secowarwick.com\/pl\/rd\/\"><span class=\"product_wigtet_name\">R&amp;D<\/span><\/a><\/p>\n<p>[\/et_pb_text][et_pb_text admin_label=&#8221;AUTOMATYKA PL&#8221; module_class=&#8221;product_widget_wrap_automation&#8221; _builder_version=&#8221;4.23.1&#8243; _module_preset=&#8221;default&#8221; global_module=&#8221;165495&#8243; saved_tabs=&#8221;all&#8221; locked=&#8221;off&#8221; global_colors_info=&#8221;{}&#8221;]<\/p>\n<p><a href=\"https:\/\/www.secowarwick.com\/pl\/service\/automatyka\/\"><span class=\"product_wigtet_name\">AUTOMATYKA<\/span><\/a><\/p>\n<p>[\/et_pb_text][et_pb_text admin_label=&#8221;SERVICE PL&#8221; module_class=&#8221;product_widget_wrap_service&#8221; _builder_version=&#8221;4.23.1&#8243; _module_preset=&#8221;default&#8221; global_module=&#8221;165500&#8243; saved_tabs=&#8221;all&#8221; locked=&#8221;off&#8221; global_colors_info=&#8221;{}&#8221;]<\/p>\n<p><a href=\"https:\/\/www.secowarwick.com\/pl\/profesjonalne-uslugi-serwisowe\/\"><span class=\"product_wigtet_name\">SERWIS<\/span><\/a><\/p>\n<p>[\/et_pb_text][et_pb_text admin_label=&#8221;SUPLEMENTALS PL&#8221; module_class=&#8221;product_widget_wrap_supleme&#8221; _builder_version=&#8221;4.23.1&#8243; _module_preset=&#8221;default&#8221; global_module=&#8221;165502&#8243; saved_tabs=&#8221;all&#8221; locked=&#8221;off&#8221; global_colors_info=&#8221;{}&#8221;]<\/p>\n<p><span class=\"product_wigtet_name\">DODATKOWE:<\/span><\/p>\n<p>[\/et_pb_text][et_pb_text admin_label=&#8221;Product brochure&#8221; module_class=&#8221;suplementals_product_brochure suplementals_wrap&#8221; _builder_version=&#8221;4.23.1&#8243; _module_preset=&#8221;default&#8221; locked=&#8221;off&#8221; global_colors_info=&#8221;{}&#8221;]<\/p>\n<p><a href=\"https:\/\/www.secowarwick.com\/wp-content\/uploads\/2025\/07\/CAB-CAB-Systems_2025.pdf\" target=\"_blank\" rel=\"noopener\">Broszura produktu<\/a><\/p>\n<p>[\/et_pb_text][et_pb_text admin_label=&#8221;Product catalogue cab pl&#8221; module_class=&#8221;suplementals_product_catalogue suplementals_wrap&#8221; _builder_version=&#8221;4.23.1&#8243; _module_preset=&#8221;default&#8221; global_module=&#8221;170289&#8243; saved_tabs=&#8221;all&#8221; locked=&#8221;off&#8221; global_colors_info=&#8221;{}&#8221;]<\/p>\n<p><a href=\"https:\/\/www.secowarwick.com\/wp-content\/uploads\/2025\/02\/CAB_Furnaces_catalogue.pdf\" target=\"_blank\" rel=\"noopener\">Katalog produkt\u00f3w<\/a><\/p>\n<p>[\/et_pb_text][et_pb_text admin_label=&#8221;Product movie cab pl playlist&#8221; module_class=&#8221;suplementals_product_movie suplementals_wrap&#8221; _builder_version=&#8221;4.23.1&#8243; _module_preset=&#8221;default&#8221; global_module=&#8221;170290&#8243; saved_tabs=&#8221;all&#8221; locked=&#8221;off&#8221; global_colors_info=&#8221;{}&#8221;]<\/p>\n<p><a href=\"https:\/\/www.youtube.com\/playlist?list=PLa0hhW_hoQqEsIHM5LQtr9h_9UlwGFBO8\" target=\"_blank\" rel=\"noopener\">Film produktowy<\/a><\/p>\n<p>[\/et_pb_text][et_pb_text admin_label=&#8221;dnabook-pl&#8221; module_class=&#8221;suplementals_product_dna suplementals_wrap&#8221; _builder_version=&#8221;4.23.1&#8243; _module_preset=&#8221;default&#8221; global_module=&#8221;165509&#8243; saved_tabs=&#8221;all&#8221; locked=&#8221;off&#8221; global_colors_info=&#8221;{}&#8221;]<\/p>\n<p><a href=\"https:\/\/www.secowarwick.com\/wp-content\/uploads\/2025\/07\/DNA_BOOK.pdf\" target=\"_blank\" rel=\"noopener\">DNA\/BOOK<\/a><\/p>\n<p>[\/et_pb_text][et_pb_text admin_label=&#8221;ECO\/BOOK-pl&#8221; module_class=&#8221;suplementals_product_eco suplementals_wrap&#8221; _builder_version=&#8221;4.23.1&#8243; _module_preset=&#8221;default&#8221; global_module=&#8221;165511&#8243; saved_tabs=&#8221;all&#8221; locked=&#8221;off&#8221; global_colors_info=&#8221;{}&#8221;]<\/p>\n<p><a href=\"https:\/\/www.secowarwick.com\/wp-content\/uploads\/2023\/06\/ECOBOOK-2-1.pdf\" target=\"_blank\" rel=\"noopener\">ECO\/BOOK<\/a><\/p>\n<p>[\/et_pb_text][et_pb_text admin_label=&#8221;RFQ product widget pl&#8221; module_class=&#8221;product_widget_wrap_rfq-en&#8221; _builder_version=&#8221;4.23.1&#8243; _module_preset=&#8221;default&#8221; global_module=&#8221;186180&#8243; saved_tabs=&#8221;all&#8221; global_colors_info=&#8221;{}&#8221; locked=&#8221;off&#8221;]<\/p>\n<p style=\"text-align: center;\"><a class=\"small-button smallred\" href=\"https:\/\/www.secowarwick.com\/pl\/zapytaj-o-oferte\/\"><span class=\"product_wigtet_name\">ZAPYTAJ O&nbsp;OFERT\u0118<\/span><\/a><\/p>\n<p>[\/et_pb_text][\/et_pb_column][\/et_pb_row][\/et_pb_section]<\/p>\n","protected":false},"excerpt":{"rendered":"<p>[et_pb_breadcrumbs _builder_version=&#8221;3.6&#8243; global_colors_info=&#8221;{}&#8221;][\/et_pb_breadcrumbs]Piec do\u00a0lutowania aluminium w\u00a0atmosferze kontrolowanej &#8211; Systemy CAB SECO\/WARWICK to\u00a0jeden z\u00a0najbardziej do\u015bwiadczonych i\u00a0innowacyjnych producent\u00f3w piec\u00f3w do\u00a0lutowania twardego. Firma do\u00a0tej\u00a0pory zainstalowa\u0142a na\u00a0ca\u0142ym \u015bwiecie ponad 300 system\u00f3w CAB. Dbamy o\u00a0najwy\u017csz\u0105 jako\u015b\u0107 naszych produkt\u00f3w \u2013 pocz\u0105wszy od\u00a0prac w\u00a0laboratorium badawczo-rozwojowym, przez\u00a0etap projektowania urz\u0105dze\u0144, po\u00a0kompletny monta\u017c i\u00a0uruchomienie, oraz\u00a0wsparcie posprzeda\u017cowe.Lutowanie twarde aluminium w\u00a0atmosferze kontrolowanej (CAB \u2013 Controlled Atmosphere Brazing) [&hellip;]<\/p>\n","protected":false},"author":2,"featured_media":87550,"parent":127261,"menu_order":0,"comment_status":"closed","ping_status":"closed","template":"","meta":{"_acf_changed":false,"_et_pb_use_builder":"on","_et_pb_old_content":"","_et_gb_content_width":"","footnotes":""},"class_list":["post-86650","page","type-page","status-publish","has-post-thumbnail"],"acf":[],"_links":{"self":[{"href":"https:\/\/www.secowarwick.com\/pl\/wp-json\/wp\/v2\/pages\/86650","targetHints":{"allow":["GET"]}}],"collection":[{"href":"https:\/\/www.secowarwick.com\/pl\/wp-json\/wp\/v2\/pages"}],"about":[{"href":"https:\/\/www.secowarwick.com\/pl\/wp-json\/wp\/v2\/types\/page"}],"author":[{"embeddable":true,"href":"https:\/\/www.secowarwick.com\/pl\/wp-json\/wp\/v2\/users\/2"}],"replies":[{"embeddable":true,"href":"https:\/\/www.secowarwick.com\/pl\/wp-json\/wp\/v2\/comments?post=86650"}],"version-history":[{"count":21,"href":"https:\/\/www.secowarwick.com\/pl\/wp-json\/wp\/v2\/pages\/86650\/revisions"}],"predecessor-version":[{"id":186235,"href":"https:\/\/www.secowarwick.com\/pl\/wp-json\/wp\/v2\/pages\/86650\/revisions\/186235"}],"up":[{"embeddable":true,"href":"https:\/\/www.secowarwick.com\/pl\/wp-json\/wp\/v2\/pages\/127261"}],"wp:featuredmedia":[{"embeddable":true,"href":"https:\/\/www.secowarwick.com\/pl\/wp-json\/wp\/v2\/media\/87550"}],"wp:attachment":[{"href":"https:\/\/www.secowarwick.com\/pl\/wp-json\/wp\/v2\/media?parent=86650"}],"curies":[{"name":"wp","href":"https:\/\/api.w.org\/{rel}","templated":true}]}}