{"id":86666,"date":"2020-01-14T14:35:33","date_gmt":"2020-01-14T13:35:33","guid":{"rendered":"http:\/\/www.secowarwick.com\/?page_id=86666"},"modified":"2026-02-11T16:38:43","modified_gmt":"2026-02-11T15:38:43","slug":"systemy-nieprzelotowe-cab","status":"publish","type":"page","link":"https:\/\/www.secowarwick.com\/pl\/produkty\/lutowanie-aluminium-w-atmosferze-ochronnej\/systemy-nieprzelotowe-cab\/","title":{"rendered":"Uniwersalne piece komorowe do lutowania twardego"},"content":{"rendered":"<p>[et_pb_section fb_built=&#8221;1&#8243; _builder_version=&#8221;4.16&#8243; global_colors_info=&#8221;{}&#8221;][et_pb_row _builder_version=&#8221;4.16&#8243; background_size=&#8221;initial&#8221; background_position=&#8221;top_left&#8221; background_repeat=&#8221;repeat&#8221; global_colors_info=&#8221;{}&#8221;][et_pb_column type=&#8221;4_4&#8243; _builder_version=&#8221;4.16&#8243; custom_padding=&#8221;|||&#8221; global_colors_info=&#8221;{}&#8221; custom_padding__hover=&#8221;|||&#8221;][et_pb_image src=&#8221;https:\/\/www.secowarwick.com\/wp-content\/uploads\/2019\/12\/slider-CAB-Batch.jpg&#8221; alt=&#8221;Uniwersalne piece komorowe do\u00a0lutowania twardego aluminium SECO\/WARWICK&#8221; title_text=&#8221;Uniwersalne piece komorowe do\u00a0lutowania twardego aluminium SECO\/WARWICK&#8221; align_tablet=&#8221;center&#8221; align_phone=&#8221;&#8221; align_last_edited=&#8221;on|desktop&#8221; _builder_version=&#8221;4.16&#8243; global_colors_info=&#8221;{}&#8221;][\/et_pb_image][\/et_pb_column][\/et_pb_row][et_pb_row column_structure=&#8221;3_4,1_4&#8243; _builder_version=&#8221;4.16&#8243; background_size=&#8221;initial&#8221; background_position=&#8221;top_left&#8221; background_repeat=&#8221;repeat&#8221; global_colors_info=&#8221;{}&#8221;][et_pb_column type=&#8221;3_4&#8243; _builder_version=&#8221;4.16&#8243; custom_padding=&#8221;|||&#8221; global_colors_info=&#8221;{}&#8221; custom_padding__hover=&#8221;|||&#8221;][et_pb_breadcrumbs _builder_version=&#8221;3.6&#8243; global_colors_info=&#8221;{}&#8221;][\/et_pb_breadcrumbs][et_pb_text _builder_version=&#8221;4.23.1&#8243; global_colors_info=&#8221;{}&#8221;]<\/p>\n<h1>Uniwersalne piece komorowe do\u00a0lutowania twardego aluminium<\/h1>\n<p><strong>Uniwersalny piec komorowy<\/strong> zapewnia wysok\u0105 jako\u015b\u0107 <strong>lutowania<\/strong> przy ma\u0142ej skali produkcji. The typ pieca przeznaczony jest do\u00a0lutowania szerokiej gamy <strong>wymiennik\u00f3w ciep\u0142a<\/strong> w\u00a0pozycji poziomej lub pionowej w\u00a0zale\u017cno\u015bci od\u00a0wymaga\u0144 zwi\u0105zanych z\u00a0ich konstrukcj\u0105. Urz\u0105dzenie umo\u017cliwia produkcj\u0119 najwy\u017cszej jako\u015bci wyrob\u00f3w zar\u00f3wno w\u00a0opcji z\u00a0p\u0142ukaniem standardowym jak i\u00a0pr\u00f3\u017cniowym. Piec mo\u017cna rozgrza\u0107 do\u00a0temperatury lutowania z\u00a0temperatury otoczenia i\u00a0uzyska\u0107 w\u00a0nim odpowiedni\u0105 atmosfer\u0119 w\u00a0bardzo kr\u00f3tkim czasie. <strong>Piec komorowy<\/strong> umo\u017cliwia r\u00f3\u017cne szybko\u015bci grzania i\u00a0ch\u0142odzenia w\u00a0zale\u017cno\u015bci od\u00a0wymaga\u0144 produktu.<\/p>\n<p>[\/et_pb_text][et_pb_tabs module_class=&#8221;red-tabs eco-tab3&#8243; _builder_version=&#8221;4.23.1&#8243; custom_css_main_element=&#8221;margin-top: 2rem;||margin-bottom: 2rem;&#8221; global_colors_info=&#8221;{}&#8221;][et_pb_tab title=&#8221;Opis&#8221; _builder_version=&#8221;4.23.1&#8243; global_colors_info=&#8221;{}&#8221;]<\/p>\n<p><strong>Dwie podstawowe wersje pieca komorowego<\/strong> to\u00a0konfiguracja ze\u00a0standardowym p\u0142ukaniem komory wej\u015bciowej, jak i\u00a0piece z\u00a0opcjonalnym p\u0142ukaniem pr\u00f3\u017cniowym. Powszechnie stosowany dwukomorowy system komorowy umo\u017cliwia r\u00f3\u017cne szybko\u015bci grzania i\u00a0ch\u0142odzenia w\u00a0zale\u017cno\u015bci od\u00a0wymaga\u0144 produktu. Jedna komora umo\u017cliwia p\u0142ukanie i\u00a0ch\u0142odzenie w\u00a0atmosferze azotu, a\u00a0druga to\u00a0piec do\u00a0lutowania z\u00a0grzaniem konwekcyjnym. W\u00a0standardowym rozwi\u0105zaniu w\u00a0celu uzyskania odpowiednich parametr\u00f3w atmosfery konieczna jest kilkukrotna wymiana obj\u0119to\u015bci komory wej\u015bciowej. Ten sam poziom czysto\u015bci atmosfery mo\u017cna uzyska\u0107 z\u00a0opcj\u0105 p\u0142ukania pr\u00f3\u017cniowego, oszcz\u0119dzaj\u0105c dziesi\u0105tki metr\u00f3w sze\u015bciennych azotu w\u00a0ka\u017cdym cyklu. Konstrukcja pieca dwukomorowego pozwala w\u00a0przysz\u0142o\u015bci na\u00a0jego rozbudow\u0119 do\u00a0trzech kom\u00f3r w\u00a0celu zwi\u0119kszenia wydajno\u015bci. <strong>Piec CAB<\/strong> mo\u017ce by\u0107 r\u00f3wnie\u017c dostarczony z\u00a0dodatkowymi urz\u0105dzeniami, takimi jak: piec do\u00a0odt\u0142uszczania\/suszenia\/usuwania lepiszcza, fluxer, zewn\u0119trzne przeno\u015bniki i\u00a0komora ch\u0142odzenia ko\u0144cowego wszystko sterowana przez\u00a0wsp\u00f3lny komputerowy system kontrolni.<\/p>\n<p>[\/et_pb_tab][et_pb_tab title=&#8221;Korzy\u015bci&#8221; _builder_version=&#8221;4.23.1&#8243; global_colors_info=&#8221;{}&#8221;]<\/p>\n<p><strong><span style=\"color: #e30f00;\">\/<\/span> Najwy\u017csza elastyczno\u015b\u0107<br \/><\/strong>w\u00a0zakresie typ\u00f3w cz\u0119\u015bci i\u00a0pozycji lutowania: poziomej lub pionowej<\/p>\n<p><strong><span style=\"color: #e30f00;\">\/<\/span> Kr\u00f3tki czas przygotowania<br \/><\/strong>wystarcz\u0105 2-3 godziny<\/p>\n<p><strong><span style=\"color: #e30f00;\">\/<\/span> Wysoka jako\u015b\u0107 lutowania<br \/><\/strong>dzi\u0119ki czystej atmosferze azotowej, wysokiej r\u00f3wnomierno\u015bci temperatury i\u00a0stromym profilom nagrzewania<\/p>\n<p><strong><span style=\"color: #e30f00;\">\/<\/span> Ma\u0142e wymagania przestrzenne<br \/><\/strong>dzi\u0119ki kompaktowej budowie<\/p>\n<p><strong><span style=\"color: #e30f00;\">\/<\/span> Ni\u017cszy koszt<br \/><\/strong>inwestycji, instalacji i\u00a0eksploatacji<\/p>\n<h3>Dodatkowe korzy\u015bci dzi\u0119ki opcji p\u0142ukania pr\u00f3\u017cniowego:<\/h3>\n<p><strong><span style=\"color: #e30f00;\">\/<\/span> Ni\u017csze zu\u017cycie azotu<br \/><\/strong>w\u00a0por\u00f3wnaniu z\u00a0innymi urz\u0105dzeniami komorowymi<\/p>\n<p><strong><span style=\"color: #e30f00;\">\/<\/span> B\u0142yszcz\u0105ca srebrna powierzchnia po&nbsp;lutowaniu<br \/><\/strong>efekty por\u00f3wnywalne z\u00a0lutowaniem w\u00a0pr\u00f3\u017cni<\/p>\n<p><strong><span style=\"color: #e30f00;\">\/<\/span> Wy\u017csza jako\u015b\u0107 lutowania produkt\u00f3w<br \/><\/strong>dzi\u0119ki idealnemu p\u0142ukaniu i\u00a0wype\u0142nieniu wewn\u0119trznych zamkni\u0119tych przestrzeni rdzeni po\u00a0ca\u0142kowitym opr\u00f3\u017cnieniu i\u00a0nape\u0142nieniu czystym azotem<\/p>\n<p>[\/et_pb_tab][et_pb_tab title=&#8221;Piec jednokomorowy CAB do\u00a0zastosowa\u0144 badawczo-rozwojowych&#8221; _builder_version=&#8221;4.23.1&#8243; global_colors_info=&#8221;{}&#8221;]<\/p>\n<p>Dost\u0119pne s\u0105\u00a0r\u00f3wnie\u017c piece jednokomorowe z\u00a0p\u0142ukaniem pr\u00f3\u017cniowym do\u00a0zastosowa\u0144 specjalnych, przeznaczone w\u00a0szczeg\u00f3lno\u015bci do\u00a0laboratori\u00f3w badawczo-rozwojowych, produkcji prototyp\u00f3w i\u00a0pocz\u0105tkowej produkcji niewielkich wolumen\u00f3w. Specjalne rozwi\u0105zania umo\u017cliwi\u0105 precyzyjn\u0105 kontrol\u0119 pr\u0119dko\u015bci grzania i\u00a0ch\u0142odzenia w\u00a0ca\u0142ym cyklu. Parametry atmosfery ochronnej takie jak zawarto\u015b\u0107 tlenu lub punkt rosy mo\u017cna ustawi\u0107 na\u00a0zdefiniowanym poziomie. Tego rodzaju piec komorowy pozwala u\u017cytkownikowi symulowa\u0107 szeroki zakres parametr\u00f3w procesu lutowania wyst\u0119puj\u0105cych w\u00a0piecach ci\u0105g\u0142ych.<\/p>\n<p>Piec ma\u00a0kompaktow\u0105 budow\u0119, wbudowany wentylator cyrkulacji i\u00a0zewn\u0119trzn\u0105 dmuchaw\u0119 powietrza ch\u0142odz\u0105cego. Kompaktowa konstrukcja pieca obejmuje system grzejny, instalacj\u0119 pr\u00f3\u017cniowego systemu p\u0142ukania, instalacj\u0119 azotu i\u00a0system sterowanie jako\u015bci\u0105 atmosfery ochronnej. Cykl lutowania rozpoczyna si\u0119 od\u00a0pr\u00f3\u017cniowego p\u0142ukania stalowej retorty po\u00a0kt\u00f3rym\u00a0nast\u0119puje nape\u0142nienie jej azotem do\u00a0poziomu ci\u015bnienia atmosferycznego. Kolejny etap to\u00a0szybkie i\u00a0jednorodne nagrzewanie do\u00a0temperatury lutowania. Po\u00a0up\u0142ywie czasu wytrzymania rozpoczyna si\u0119 cykl ch\u0142odzenia.<\/p>\n<p>Zaleta piec\u00f3w komorowych z\u00a0p\u0142ukaniem pr\u00f3\u017cniowym polega na\u00a0tym, \u017ce\u00a0s\u0105\u00a0zawsze gotowe do\u00a0pracy. Proces zaczyna i\u00a0ko\u0144czy si\u0119 w\u00a0temperaturze pokojowej. Nie\u00a0jest wymagana przygotowawcze grzanie pieca.<\/p>\n<p>[\/et_pb_tab][et_pb_tab title=&#8221; &#8221; _builder_version=&#8221;4.23.1&#8243; _module_preset=&#8221;default&#8221; global_colors_info=&#8221;{}&#8221;]<\/p>\n<p><span data-contrast=\"none\"><strong><span style=\"color: #e30f00;\">\/<\/span> <\/strong> Dopalacz termiczny (afterburner) do&nbsp;redukcji emisji LZO dla urz\u0105dze\u0144 odt\u0142uszczaj\u0105cych (degreasery)<br \/><\/span><span data-contrast=\"none\"><strong><span style=\"color: #e30f00;\">\/<\/span> <\/strong>Scrubber ze&nbsp;z\u0142o\u017cem aktywnego tlenku aluminium do&nbsp;redukcji emisji\u202ffluorowodoru\u202fpowsta\u0142ego podczas procesu lutowania<br \/><\/span><span data-contrast=\"none\"><strong><span style=\"color: #e30f00;\">\/<\/span> <\/strong>Dla urz\u0105dze\u0144 grzanych gazowo systemy odzysku energii obni\u017caj\u0105ce konsumpcj\u0119 gazu a&nbsp;tym samym emisj\u0119 CO2:<br \/><\/span><span data-contrast=\"none\">\u00a0 \u00a0 \u00a0\/ system wymiany energii pomi\u0119dzy dopalaczem termicznym (afterburner) a&nbsp;urz\u0105dzeniami odt\u0142uszczaj\u0105cymi (degreasery)<br \/><\/span><span data-contrast=\"none\">\u00a0 \u00a0 \u00a0\/ odzysk energii z&nbsp;kom\u00f3r Preheatu oraz&nbsp;Pieca lutowniczego poprzez transfer spalin pod&nbsp;tunelem wlotowym i&nbsp;dalej jako wsparcie systemu grzejnego w&nbsp;Suszarce<\/span><\/p>\n<p><span data-contrast=\"none\"><strong><span style=\"color: #e30f00;\">\/<\/span> <\/strong> Systemy grzejne elektryczne zamiast gazowych (w&nbsp;tym modyfikacja obecnych urz\u0105dze\u0144) w&nbsp;celu redukcji emisji CO2<br \/><\/span><span data-contrast=\"none\"><strong><span style=\"color: #e30f00;\">\/<\/span> <\/strong>Opcjonalne zastosowania wysokosprawnej izolacji mikroporowatej w&nbsp;celu obni\u017cenia strat cieplnych a&nbsp;tym samy redukcja konsumpcji energii (w&nbsp;przypadku gazowych system\u00f3w grzejnych \u2013 redukcja emisji CO2)<br \/><\/span><span data-contrast=\"none\"><strong><span style=\"color: #e30f00;\">\/<\/span> <\/strong> Podgrzewany tunel wlotowy kutyn w&nbsp;celu ograniczenia spadku temperatury ta\u015bmy przeno\u015bnika i&nbsp;wsadu podczas transferu a&nbsp;tym samy skr\u00f3cenie czasu ponownego nagrzewu \u2013 w&nbsp;og\u00f3lnym bilansie obni\u017cenie konsumpcji energii (w&nbsp;przypadku gazowych system\u00f3w grzejnych \u2013 redukcja emisji CO2)<br \/><\/span><span data-contrast=\"none\"><strong><span style=\"color: #e30f00;\">\/<\/span> <\/strong> Wsp\u00f3lny przeno\u015bnik ta\u015bmowy dla suszarki (lub TTBB) i&nbsp;pieca celem obni\u017cenie konsumpcji energii zwi\u0105zanej w&nbsp;dwukrotnym grzaniem w&nbsp;przypadku system\u00f3w rozdzielonych (w&nbsp;przypadku gazowych system\u00f3w grzejnych \u2013 redukcja emisji CO2)<br \/><\/span><span data-contrast=\"none\"><strong><span style=\"color: #e30f00;\">\/<\/span> <\/strong> Wykorzystanie przez&nbsp;klienta energii emitowanej przez&nbsp;systemy odci\u0105gowe kom\u00f3r ch\u0142odzenia i&nbsp;suszarki do&nbsp;wspomagania podgrzewanie instalacji zak\u0142adowych<br \/><\/span><span data-contrast=\"none\"><strong><span style=\"color: #e30f00;\">\/<\/span> <\/strong>Nieemisyjne systemy ch\u0142odzenia oparte na&nbsp;p\u0142aszczu powietrznym zamiast zamkni\u0119tego obiegu wody<br \/><\/span><span data-contrast=\"none\"><strong><span style=\"color: #e30f00;\">\/<\/span> <\/strong>Sterowanie \u2013 tryby pracy urz\u0105dzenia IDLE i&nbsp;WEEKEND obni\u017caj\u0105ce temperatur\u0119 robocz\u0105 oraz&nbsp;wy\u0142\u0105czaj\u0105ce urz\u0105dzenie nie&nbsp;wymagane podczas przerw w&nbsp;produkcji &#8211; obni\u017cenie konsumpcji energii (w&nbsp;przypadku gazowych system\u00f3w grzejnych \u2013 redukcja emisji CO2)<\/span><\/p>\n<p>[\/et_pb_tab][\/et_pb_tabs][et_pb_code _builder_version=&#8221;4.10.3&#8243; _module_preset=&#8221;default&#8221; global_module=&#8221;123769&#8243; saved_tabs=&#8221;all&#8221; global_colors_info=&#8221;{}&#8221;]<!-- [et_pb_line_break_holder] --><pee style=\"text-align: center;\"><a class=\"small-button smallred\" style=\"font-size: 20px; padding: 20px 60px;\" href=\"https:\/\/www.secowarwick.com\/pl\/zapytaj-o-oferte\/\"><span style=\"display: block; transform: skew(15deg,0deg); -webkit-transform: skew(15deg,0deg); font-size: 20px; !important\">ZAPYTAJ O OFERT\u0118<\/span><\/a><\/pee>[\/et_pb_code][\/et_pb_column][et_pb_column type=&#8221;1_4&#8243; _builder_version=&#8221;4.16&#8243; custom_padding=&#8221;|||&#8221; global_colors_info=&#8221;{}&#8221; custom_padding__hover=&#8221;|||&#8221;][et_pb_gallery gallery_ids=&#8221;83600,87560&#8243; posts_number=&#8221;1&#8243; show_title_and_caption=&#8221;off&#8221; show_pagination=&#8221;off&#8221; zoom_icon_color=&#8221;#e2001a&#8221; module_class=&#8221;seco-products-gallery-new&#8221; _builder_version=&#8221;4.16&#8243; custom_css_overlay_icon=&#8221;content:&#8217;ZOBACZ GALERI\u0118&#8217; !important;&#8221; global_colors_info=&#8221;{}&#8221;][\/et_pb_gallery][et_pb_text admin_label=&#8221;btn_pl_premiumlibrary&#8221; module_class=&#8221;premium-library-button&#8221; _builder_version=&#8221;4.23.1&#8243; _module_preset=&#8221;default&#8221; text_orientation=&#8221;center&#8221; global_module=&#8221;157169&#8243; saved_tabs=&#8221;all&#8221; locked=&#8221;off&#8221; global_colors_info=&#8221;{}&#8221;]<\/p>\n<a href='https:\/\/www.secowarwick.com\/pl\/trescipremium\/' class='small-button smallred'><span>TRE\u015aCI PREMIUM<\/span><\/a>\n<p>[\/et_pb_text][et_pb_text admin_label=&#8221;R&#038;D PL&#8221; module_class=&#8221;product_widget_wrap_rd&#8221; _builder_version=&#8221;4.23.1&#8243; _module_preset=&#8221;default&#8221; text_orientation=&#8221;center&#8221; global_module=&#8221;165497&#8243; saved_tabs=&#8221;all&#8221; locked=&#8221;off&#8221; global_colors_info=&#8221;{}&#8221;]<\/p>\n<p><a href=\"https:\/\/www.secowarwick.com\/pl\/rd\/\"><span class=\"product_wigtet_name\">R&amp;D<\/span><\/a><\/p>\n<p>[\/et_pb_text][et_pb_text admin_label=&#8221;AUTOMATYKA PL&#8221; module_class=&#8221;product_widget_wrap_automation&#8221; _builder_version=&#8221;4.23.1&#8243; _module_preset=&#8221;default&#8221; global_module=&#8221;165495&#8243; saved_tabs=&#8221;all&#8221; locked=&#8221;off&#8221; global_colors_info=&#8221;{}&#8221;]<\/p>\n<p><a href=\"https:\/\/www.secowarwick.com\/pl\/service\/automatyka\/\"><span class=\"product_wigtet_name\">AUTOMATYKA<\/span><\/a><\/p>\n<p>[\/et_pb_text][et_pb_text admin_label=&#8221;SERVICE PL&#8221; module_class=&#8221;product_widget_wrap_service&#8221; _builder_version=&#8221;4.23.1&#8243; _module_preset=&#8221;default&#8221; global_module=&#8221;165500&#8243; saved_tabs=&#8221;all&#8221; locked=&#8221;off&#8221; global_colors_info=&#8221;{}&#8221;]<\/p>\n<p><a href=\"https:\/\/www.secowarwick.com\/pl\/profesjonalne-uslugi-serwisowe\/\"><span class=\"product_wigtet_name\">SERWIS<\/span><\/a><\/p>\n<p>[\/et_pb_text][et_pb_text admin_label=&#8221;SUPLEMENTALS PL&#8221; module_class=&#8221;product_widget_wrap_supleme&#8221; _builder_version=&#8221;4.23.1&#8243; _module_preset=&#8221;default&#8221; global_module=&#8221;165502&#8243; saved_tabs=&#8221;all&#8221; locked=&#8221;off&#8221; global_colors_info=&#8221;{}&#8221;]<\/p>\n<p><span class=\"product_wigtet_name\">DODATKOWE:<\/span><\/p>\n<p>[\/et_pb_text][et_pb_text admin_label=&#8221;Product brochure&#8221; module_class=&#8221;suplementals_product_brochure suplementals_wrap&#8221; _builder_version=&#8221;4.23.1&#8243; _module_preset=&#8221;default&#8221; hover_enabled=&#8221;0&#8243; locked=&#8221;off&#8221; global_colors_info=&#8221;{}&#8221; sticky_enabled=&#8221;0&#8243;]<\/p>\n<p><a href=\"https:\/\/www.secowarwick.com\/wp-content\/uploads\/2025\/07\/CAB-UNIVERSAL-CAB_2025.pdf\" target=\"_blank\" rel=\"noopener\" class=\"ga4_product_widget_brochure\">Broszura produktu<\/a><\/p>\n<p>[\/et_pb_text][et_pb_text admin_label=&#8221;Product catalogue cab pl&#8221; module_class=&#8221;suplementals_product_catalogue suplementals_wrap&#8221; _builder_version=&#8221;4.23.1&#8243; _module_preset=&#8221;default&#8221; global_module=&#8221;170289&#8243; saved_tabs=&#8221;all&#8221; locked=&#8221;off&#8221; global_colors_info=&#8221;{}&#8221;]<\/p>\n<p><a href=\"https:\/\/www.secowarwick.com\/wp-content\/uploads\/2025\/02\/CAB_Furnaces_catalogue.pdf\" target=\"_blank\" rel=\"noopener\" class=\"ga4_product_widget_catalogue\">Katalog produkt\u00f3w<\/a><\/p>\n<p>[\/et_pb_text][et_pb_text admin_label=&#8221;Product infographic&#8221; module_class=&#8221;suplementals_product_infographic suplementals_wrap&#8221; _builder_version=&#8221;4.23.1&#8243; _module_preset=&#8221;default&#8221; hover_enabled=&#8221;0&#8243; locked=&#8221;off&#8221; global_colors_info=&#8221;{}&#8221; sticky_enabled=&#8221;0&#8243;]<\/p>\n<p><a href=\"https:\/\/www.secowarwick.com\/wp-content\/uploads\/2023\/06\/Universal-CAB-Bath-Furnace.jpg\" target=\"_blank\" rel=\"noopener\" class=\"ga4_product_widget_infografic\">Infografika produktu<\/a><\/p>\n<p>[\/et_pb_text][et_pb_text admin_label=&#8221;Product movie cab pl playlist&#8221; module_class=&#8221;suplementals_product_movie suplementals_wrap&#8221; _builder_version=&#8221;4.23.1&#8243; _module_preset=&#8221;default&#8221; global_module=&#8221;170290&#8243; saved_tabs=&#8221;all&#8221; locked=&#8221;off&#8221; global_colors_info=&#8221;{}&#8221;]<\/p>\n<p><a href=\"https:\/\/www.youtube.com\/playlist?list=PLa0hhW_hoQqEsIHM5LQtr9h_9UlwGFBO8\" target=\"_blank\" rel=\"noopener\">Film produktowy<\/a><\/p>\n<p>[\/et_pb_text][et_pb_text admin_label=&#8221;dnabook-pl&#8221; module_class=&#8221;suplementals_product_dna suplementals_wrap&#8221; _builder_version=&#8221;4.23.1&#8243; _module_preset=&#8221;default&#8221; global_module=&#8221;165509&#8243; saved_tabs=&#8221;all&#8221; locked=&#8221;off&#8221; global_colors_info=&#8221;{}&#8221;]<\/p>\n<p><a href=\"https:\/\/www.secowarwick.com\/wp-content\/uploads\/2025\/07\/DNA_BOOK.pdf\" target=\"_blank\" rel=\"noopener\">DNA\/BOOK<\/a><\/p>\n<p>[\/et_pb_text][et_pb_text admin_label=&#8221;ECO\/BOOK-pl&#8221; module_class=&#8221;suplementals_product_eco suplementals_wrap&#8221; _builder_version=&#8221;4.23.1&#8243; _module_preset=&#8221;default&#8221; global_module=&#8221;165511&#8243; saved_tabs=&#8221;all&#8221; locked=&#8221;off&#8221; global_colors_info=&#8221;{}&#8221;]<\/p>\n<p><a href=\"https:\/\/www.secowarwick.com\/wp-content\/uploads\/2023\/06\/ECOBOOK-2-1.pdf\" target=\"_blank\" rel=\"noopener\">ECO\/BOOK<\/a><\/p>\n<p>[\/et_pb_text][et_pb_text admin_label=&#8221;RFQ product widget pl&#8221; module_class=&#8221;product_widget_wrap_rfq-en&#8221; _builder_version=&#8221;4.23.1&#8243; _module_preset=&#8221;default&#8221; global_module=&#8221;186180&#8243; saved_tabs=&#8221;all&#8221; locked=&#8221;off&#8221; global_colors_info=&#8221;{}&#8221;]<\/p>\n<p style=\"text-align: center;\"><a class=\"small-button smallred rfq-gtm-product-widget\" href=\"https:\/\/www.secowarwick.com\/pl\/zapytaj-o-oferte\/\"><span class=\"product_wigtet_name\">ZAPYTAJ O&nbsp;OFERT\u0118<\/span><\/a><\/p>\n<p>[\/et_pb_text][\/et_pb_column][\/et_pb_row][\/et_pb_section]<\/p>\n","protected":false},"excerpt":{"rendered":"<p>[et_pb_breadcrumbs _builder_version=&#8221;3.6&#8243; global_colors_info=&#8221;{}&#8221;][\/et_pb_breadcrumbs]Uniwersalne piece komorowe do\u00a0lutowania twardego aluminium Uniwersalny piec komorowy zapewnia wysok\u0105 jako\u015b\u0107 lutowania przy ma\u0142ej skali produkcji. The typ pieca przeznaczony jest do\u00a0lutowania szerokiej gamy wymiennik\u00f3w ciep\u0142a w\u00a0pozycji poziomej lub pionowej w\u00a0zale\u017cno\u015bci od\u00a0wymaga\u0144 zwi\u0105zanych z\u00a0ich konstrukcj\u0105. Urz\u0105dzenie umo\u017cliwia produkcj\u0119 najwy\u017cszej jako\u015bci wyrob\u00f3w zar\u00f3wno w\u00a0opcji z\u00a0p\u0142ukaniem standardowym jak i\u00a0pr\u00f3\u017cniowym. Piec mo\u017cna rozgrza\u0107 do\u00a0temperatury lutowania [&hellip;]<\/p>\n","protected":false},"author":2,"featured_media":87560,"parent":127261,"menu_order":0,"comment_status":"closed","ping_status":"closed","template":"","meta":{"_acf_changed":false,"_et_pb_use_builder":"on","_et_pb_old_content":"","_et_gb_content_width":"","footnotes":""},"class_list":["post-86666","page","type-page","status-publish","has-post-thumbnail"],"acf":[],"_links":{"self":[{"href":"https:\/\/www.secowarwick.com\/pl\/wp-json\/wp\/v2\/pages\/86666","targetHints":{"allow":["GET"]}}],"collection":[{"href":"https:\/\/www.secowarwick.com\/pl\/wp-json\/wp\/v2\/pages"}],"about":[{"href":"https:\/\/www.secowarwick.com\/pl\/wp-json\/wp\/v2\/types\/page"}],"author":[{"embeddable":true,"href":"https:\/\/www.secowarwick.com\/pl\/wp-json\/wp\/v2\/users\/2"}],"replies":[{"embeddable":true,"href":"https:\/\/www.secowarwick.com\/pl\/wp-json\/wp\/v2\/comments?post=86666"}],"version-history":[{"count":21,"href":"https:\/\/www.secowarwick.com\/pl\/wp-json\/wp\/v2\/pages\/86666\/revisions"}],"predecessor-version":[{"id":189493,"href":"https:\/\/www.secowarwick.com\/pl\/wp-json\/wp\/v2\/pages\/86666\/revisions\/189493"}],"up":[{"embeddable":true,"href":"https:\/\/www.secowarwick.com\/pl\/wp-json\/wp\/v2\/pages\/127261"}],"wp:featuredmedia":[{"embeddable":true,"href":"https:\/\/www.secowarwick.com\/pl\/wp-json\/wp\/v2\/media\/87560"}],"wp:attachment":[{"href":"https:\/\/www.secowarwick.com\/pl\/wp-json\/wp\/v2\/media?parent=86666"}],"curies":[{"name":"wp","href":"https:\/\/api.w.org\/{rel}","templated":true}]}}