{"id":86680,"date":"2020-01-14T10:39:45","date_gmt":"2020-01-14T09:39:45","guid":{"rendered":"http:\/\/www.secowarwick.com\/?page_id=86680"},"modified":"2026-03-12T08:25:10","modified_gmt":"2026-03-12T07:25:10","slug":"systemy-ciagle-cab","status":"publish","type":"page","link":"https:\/\/www.secowarwick.com\/pl\/produkty\/lutowanie-aluminium-w-atmosferze-ochronnej\/systemy-ciagle-cab\/","title":{"rendered":"Piece ci\u0105g\u0142e do lutowania twardego aluminium &#8211; Systemy ci\u0105g\u0142e EV\/CAB"},"content":{"rendered":"<p>[et_pb_section fb_built=&#8221;1&#8243; _builder_version=&#8221;4.16&#8243; global_colors_info=&#8221;{}&#8221;][et_pb_row _builder_version=&#8221;4.16&#8243; background_size=&#8221;initial&#8221; background_position=&#8221;top_left&#8221; background_repeat=&#8221;repeat&#8221; global_colors_info=&#8221;{}&#8221;][et_pb_column type=&#8221;4_4&#8243; _builder_version=&#8221;4.16&#8243; custom_padding=&#8221;|||&#8221; global_colors_info=&#8221;{}&#8221; custom_padding__hover=&#8221;|||&#8221;][et_pb_image src=&#8221;https:\/\/www.secowarwick.com\/wp-content\/uploads\/2022\/07\/slider-CONTINOUS-CAB-SYSTEM-EVCAB.jpg&#8221; alt=&#8221;Systemy ci\u0105g\u0142e EV\/CAB &#8211; piece ci\u0105g\u0142e do\u00a0lutowania twardego aluminium&#8221; title_text=&#8221;Systemy ci\u0105g\u0142e EV\/CAB &#8211; piece ci\u0105g\u0142e do\u00a0lutowania twardego aluminium&#8221; align_tablet=&#8221;center&#8221; align_phone=&#8221;&#8221; align_last_edited=&#8221;on|desktop&#8221; _builder_version=&#8221;4.16&#8243; global_colors_info=&#8221;{}&#8221;][\/et_pb_image][\/et_pb_column][\/et_pb_row][et_pb_row column_structure=&#8221;3_4,1_4&#8243; _builder_version=&#8221;4.16&#8243; background_size=&#8221;initial&#8221; background_position=&#8221;top_left&#8221; background_repeat=&#8221;repeat&#8221; global_colors_info=&#8221;{}&#8221;][et_pb_column type=&#8221;3_4&#8243; _builder_version=&#8221;4.16&#8243; custom_padding=&#8221;|||&#8221; global_colors_info=&#8221;{}&#8221; custom_padding__hover=&#8221;|||&#8221;][et_pb_breadcrumbs _builder_version=&#8221;3.6&#8243; global_colors_info=&#8221;{}&#8221;][\/et_pb_breadcrumbs][et_pb_text _builder_version=&#8221;4.23.1&#8243; global_colors_info=&#8221;{}&#8221;]<\/p>\n<h1>Piece ci\u0105g\u0142e do\u00a0lutowania twardego aluminium &#8211; Systemy ci\u0105g\u0142e EV\/CAB<\/h1>\n<p><strong>Piece ci\u0105g\u0142e CAB<\/strong> wykorzystuj\u0105 do\u00a0przenoszenia produkt\u00f3w nap\u0119d o\u00a0zmiennej pr\u0119dko\u015bci z\u00a0ta\u015bm\u0119 transportow\u0105 z\u00a0siatki ze\u00a0stali nierdzewnej. <strong>Proces lutowania twardego w\u00a0atmosferze kontrolowanej (CAB)<\/strong> nagrzewa produkt do\u00a0temperatury lutowania, utrzymuj\u0105c jednocze\u015bnie jednorodn\u0105 temperatur\u0119 produktu w\u00a0ochronnej atmosferze azotowej pozbawionej tlenu.<\/p>\n<h3>EV\/CAB\u00a0 to\u00a0odpowied\u017a CAB na\u00a0e-mobilno\u015b\u0107<\/h3>\n<p>EV\/CAB to\u00a0system przeznaczony do\u00a0lutowania du\u017cych ch\u0142odnic akumulator\u00f3w samochodowych, dla bran\u017cy samochod\u00f3w elektrycznych. Dost\u0119pne s\u0105\u00a0nast\u0119puj\u0105ce konstrukcje piec\u00f3w do\u00a0produkcji r\u00f3\u017cnych cz\u0119\u015bci w\u00a0wi\u0119kszych seriach produkcyjnych:<\/p>\n<p>[\/et_pb_text][et_pb_tabs module_class=&#8221;red-tabs eco-tab3&#8243; _builder_version=&#8221;4.23.1&#8243; custom_css_main_element=&#8221;margin-top: 2rem;||margin-bottom: 2rem;&#8221; global_colors_info=&#8221;{}&#8221;][et_pb_tab title=&#8221;Piec CAB z\u00a0grzaniem radiacyjnym&#8221; _builder_version=&#8221;4.23.1&#8243; global_colors_info=&#8221;{}&#8221;]<\/p>\n<p>Radiacyjny piec CAB jest doskona\u0142ym rozwi\u0105zaniem do\u00a0lutowania w\u00a0spos\u00f3b ci\u0105g\u0142y produkt\u00f3w o\u00a0podobnych wymiarach i\u00a0cechach.\u00a0 Piec dzi\u0119ki zastosowaniu podgrzewanej mufl\u0119 zapewnia z\u00a0wysok\u0105 wydajno\u015bci\u0105 lutowania. Konstrukcja urz\u0105dze\u0144 obejmuj\u0105 proporcjonalnie sterowane grzanie elektryczne lub gazowe. Temperatura jest kontrolowane r\u00f3wnomiernie na\u00a0ca\u0142ej d\u0142ugo\u015bci pieca dzi\u0119ki kilku niezale\u017cnym strefom grzewczym. Ten typ urz\u0105dze\u0144 cechuje si\u0119 mniejszymi nak\u0142adami inwestycyjnymi przy wysokiej efektywno\u015bci uzyskanej dzi\u0119ki niskiemu zu\u017cycia atmosfery azotowej i\u00a0ma\u0142ym wymaganiom serwisowym w\u00a0por\u00f3wnaniu z\u00a0pozosta\u0142ymi rozwi\u0105zaniami CAB.<\/p>\n<p>[\/et_pb_tab][et_pb_tab title=&#8221;Piec CAB z\u00a0grzaniem konwekcyjno-radiacyjnym&#8221; _builder_version=&#8221;4.23.1&#8243; global_colors_info=&#8221;{}&#8221;]<\/p>\n<p>Po\u0142\u0105czenie system\u00f3w podgrzewania konwekcyjnego i\u00a0radiacyjnego w\u00a0procesie lutowania podnosi elastyczno\u015b\u0107 pieca, umo\u017cliwiaj\u0105c obr\u00f3bk\u0119 produkt\u00f3w o\u00a0r\u00f3\u017cnej masie i\u00a0r\u00f3\u017cnych wymiarach w\u00a0tym samym cyklu. Jest to\u00a0rozwi\u0105zanie lepiej dostosowane do\u00a0zr\u00f3\u017cnicowanej produkcji. Pocz\u0105tkowa strefa grzejna wykorzystuje zar\u00f3wno konwekcj\u0119, jak i\u00a0radiacje, aby uzyska\u0107 jednorodne podgrzanie produktu. Nast\u0119pnie w\u00a0sekcji lutowania z\u00a0wykorzystaniem jedynie radiacji, produkt podgrzewa si\u0119 i\u00a0utrzymuje w\u00a0jednorodnej temperaturze ko\u0144cowej, w\u00a0kt\u00f3rej\u00a0materia\u0142y styczne topi\u0105 si\u0119 i\u00a0tworz\u0105 spoin\u0119. Urz\u0105dzenia te\u00a0cechuj\u0105 si\u0119 \u015brednim kosztem inwestycji i\u00a0oferuj\u0105 szybszy proces wykorzystuj\u0105c przy tym mniejsz\u0105 powierzchni\u0119 u\u017cytkow\u0105.<\/p>\n<p>[\/et_pb_tab][et_pb_tab title=&#8221;Ca\u0142kowicie konwekcyjny piec CAB&#8221; _builder_version=&#8221;4.23.1&#8243; global_colors_info=&#8221;{}&#8221;]<\/p>\n<p>Piec z\u00a0atmosfer\u0105 kontrolowan\u0105 i\u00a0grzaniem ca\u0142kowicie konwekcyjnym oferuje obr\u00f3bk\u0119 najszerszej gamy produkt\u00f3w przy najkr\u00f3tszym czasie cyklu.\u00a0 Grzanie konwekcyjne dzi\u0119ki wykorzystaniu cyrkulacji atmosfery azotowej umo\u017cliwia ogrzanie ca\u0142ego wymiennika ciep\u0142a do\u00a0temperatury lutowania i\u00a0utrzymanie jednorodno\u015bci temperatury w\u00a0zakresie \u00b13\u00b0C.<\/p>\n<p>Dla zbli\u017conej wielko\u015bci produkcji piec w\u00a0pe\u0142ni konwekcyjny jest bardziej kompaktowy od\u00a0pozosta\u0142ych rodzaj\u00f3w urz\u0105dze\u0144 CAB. Takie typy piec\u00f3w s\u0105\u00a0popularne w\u00a0bran\u017cy motoryzacyjnej dzi\u0119ki mo\u017cliwo\u015bci jednoczesnej obr\u00f3bki produkt\u00f3w o\u00a0r\u00f3\u017cnych rozmiarach i\u00a0zajmowaniu niewielkiej powierzchni. W\u00a0segmencie samochod\u00f3w u\u017cytkowych i\u00a0terenowych jest to\u00a0najbardziej wydajny spos\u00f3b lutowania twardego du\u017cych wymiennik\u00f3w ciep\u0142a. Warto doda\u0107, \u017ce\u00a0systemy konwekcyjne sprawdzaj\u0105 si\u0119 bardzo obiecuj\u0105co w\u00a0nowych zastosowaniach.<\/p>\n<p>[\/et_pb_tab][et_pb_tab title=&#8221; &#8221; _builder_version=&#8221;4.23.1&#8243; _module_preset=&#8221;default&#8221; global_colors_info=&#8221;{}&#8221;]<\/p>\n<h2>Zielona elektromobilno\u015b\u0107 dzi\u0119ki EV\/CAB:<\/h2>\n<p><span data-contrast=\"none\"><strong><span style=\"color: #e30f00;\">\/ <\/span><\/strong><\/span>Wspiera rozw\u00f3j elektromobilno\u015bci<br \/><span data-contrast=\"none\"><strong><span style=\"color: #e30f00;\">\/ <\/span><\/strong><\/span>Wpisuje si\u0119 w&nbsp;trend i&nbsp;obowi\u0105zek, jakim jest dba\u0142o\u015b\u0107 o&nbsp;ograniczenie emisji spalin i&nbsp;\u015brodowisko naturalne<br \/><span data-contrast=\"none\"><strong><span style=\"color: #e30f00;\">\/ <\/span><\/strong><\/span>Dzi\u0119ki niezale\u017cnym sterowanym strefom grzania i&nbsp;ch\u0142odzenia, falistej konstrukcji mufli, unikalnym komorom kurtynowym i&nbsp;wielu innym cechom konstrukcyjnym zagwarantowane s\u0105&nbsp;doskona\u0142e i&nbsp;stabilne warunki lutowania dla tego specyficznego produktu<\/p>\n<p>[\/et_pb_tab][\/et_pb_tabs][et_pb_code _builder_version=&#8221;4.10.3&#8243; _module_preset=&#8221;default&#8221; global_module=&#8221;123769&#8243; saved_tabs=&#8221;all&#8221; global_colors_info=&#8221;{}&#8221;]<!-- [et_pb_line_break_holder] --><pee style=\"text-align: center;\"><a class=\"small-button smallred\" style=\"font-size: 20px; padding: 20px 60px;\" href=\"https:\/\/www.secowarwick.com\/pl\/zapytaj-o-oferte\/\"><span style=\"display: block; transform: skew(15deg,0deg); -webkit-transform: skew(15deg,0deg); font-size: 20px; !important\">ZAPYTAJ O OFERT\u0118<\/span><\/a><\/pee>[\/et_pb_code][\/et_pb_column][et_pb_column type=&#8221;1_4&#8243; _builder_version=&#8221;4.16&#8243; custom_padding=&#8221;|||&#8221; global_colors_info=&#8221;{}&#8221; custom_padding__hover=&#8221;|||&#8221;][et_pb_gallery gallery_ids=&#8221;99331,97893,97886&#8243; posts_number=&#8221;1&#8243; show_title_and_caption=&#8221;off&#8221; show_pagination=&#8221;off&#8221; zoom_icon_color=&#8221;#e2001a&#8221; module_class=&#8221;seco-products-gallery-new&#8221; _builder_version=&#8221;4.16&#8243; custom_css_overlay_icon=&#8221;content:&#8217;ZOBACZ GALERI\u0118&#8217; !important;&#8221; global_colors_info=&#8221;{}&#8221;][\/et_pb_gallery][et_pb_text admin_label=&#8221;btn_pl_premiumlibrary&#8221; module_class=&#8221;premium-library-button&#8221; _builder_version=&#8221;4.23.1&#8243; _module_preset=&#8221;default&#8221; text_orientation=&#8221;center&#8221; global_module=&#8221;157169&#8243; saved_tabs=&#8221;all&#8221; locked=&#8221;off&#8221; global_colors_info=&#8221;{}&#8221;]<\/p>\n<a href='https:\/\/www.secowarwick.com\/pl\/trescipremium\/' class='small-button smallred'><span>TRE\u015aCI PREMIUM<\/span><\/a>\n<p>[\/et_pb_text][et_pb_text admin_label=&#8221;R&#038;D PL&#8221; module_class=&#8221;product_widget_wrap_rd&#8221; _builder_version=&#8221;4.23.1&#8243; _module_preset=&#8221;default&#8221; text_orientation=&#8221;center&#8221; global_module=&#8221;165497&#8243; saved_tabs=&#8221;all&#8221; locked=&#8221;off&#8221; global_colors_info=&#8221;{}&#8221;]<\/p>\n<p><a href=\"https:\/\/www.secowarwick.com\/pl\/rd\/\"><span class=\"product_wigtet_name\">R&amp;D<\/span><\/a><\/p>\n<p>[\/et_pb_text][et_pb_text admin_label=&#8221;AUTOMATYKA PL&#8221; module_class=&#8221;product_widget_wrap_automation&#8221; _builder_version=&#8221;4.23.1&#8243; _module_preset=&#8221;default&#8221; global_module=&#8221;165495&#8243; saved_tabs=&#8221;all&#8221; locked=&#8221;off&#8221; global_colors_info=&#8221;{}&#8221;]<\/p>\n<p><a href=\"https:\/\/www.secowarwick.com\/pl\/service\/automatyka\/\"><span class=\"product_wigtet_name\">AUTOMATYKA<\/span><\/a><\/p>\n<p>[\/et_pb_text][et_pb_text admin_label=&#8221;SERVICE PL&#8221; module_class=&#8221;product_widget_wrap_service&#8221; _builder_version=&#8221;4.23.1&#8243; _module_preset=&#8221;default&#8221; global_module=&#8221;165500&#8243; saved_tabs=&#8221;all&#8221; locked=&#8221;off&#8221; global_colors_info=&#8221;{}&#8221;]<\/p>\n<p><a href=\"https:\/\/www.secowarwick.com\/pl\/profesjonalne-uslugi-serwisowe\/\"><span class=\"product_wigtet_name\">SERWIS<\/span><\/a><\/p>\n<p>[\/et_pb_text][et_pb_text admin_label=&#8221;SUPLEMENTALS PL&#8221; module_class=&#8221;product_widget_wrap_supleme&#8221; _builder_version=&#8221;4.23.1&#8243; _module_preset=&#8221;default&#8221; global_module=&#8221;165502&#8243; saved_tabs=&#8221;all&#8221; locked=&#8221;off&#8221; global_colors_info=&#8221;{}&#8221;]<\/p>\n<p><span class=\"product_wigtet_name\">DODATKOWE:<\/span><\/p>\n<p>[\/et_pb_text][et_pb_text admin_label=&#8221;Product catalogue cab pl&#8221; module_class=&#8221;suplementals_product_catalogue suplementals_wrap&#8221; _builder_version=&#8221;4.23.1&#8243; _module_preset=&#8221;default&#8221; global_module=&#8221;170289&#8243; saved_tabs=&#8221;all&#8221; locked=&#8221;off&#8221; global_colors_info=&#8221;{}&#8221;]<\/p>\n<p><a href=\"https:\/\/www.secowarwick.com\/wp-content\/uploads\/2025\/02\/CAB_Furnaces_catalogue.pdf\" target=\"_blank\" rel=\"noopener\" class=\"ga4_product_widget_catalogue\">Katalog produkt\u00f3w<\/a><\/p>\n<p>[\/et_pb_text][et_pb_text admin_label=&#8221;Product brochure&#8221; module_class=&#8221;suplementals_product_brochure suplementals_wrap&#8221; _builder_version=&#8221;4.23.1&#8243; _module_preset=&#8221;default&#8221; hover_enabled=&#8221;0&#8243; locked=&#8221;off&#8221; global_colors_info=&#8221;{}&#8221; sticky_enabled=&#8221;0&#8243;]<\/p>\n<p><a href=\"https:\/\/www.secowarwick.com\/wp-content\/uploads\/2026\/03\/CAB-EV-CAB-www.pdf\" target=\"_blank\" rel=\"noopener\" class=\"ga4_product_widget_brochure\">Broszura produktu<\/a><\/p>\n<p>[\/et_pb_text][et_pb_text admin_label=&#8221;Product infographic&#8221; module_class=&#8221;suplementals_product_infographic suplementals_wrap&#8221; _builder_version=&#8221;4.23.1&#8243; _module_preset=&#8221;default&#8221; locked=&#8221;off&#8221; global_colors_info=&#8221;{}&#8221;]<\/p>\n<p><a href=\"https:\/\/www.secowarwick.com\/wp-content\/uploads\/2023\/06\/EVCAB-FURNACE.jpg\" target=\"_blank\" rel=\"noopener\" class=\"ga4_product_widget_infografic\">Infografika produktu<\/a><\/p>\n<p>[\/et_pb_text][et_pb_text admin_label=&#8221;Product movie cab pl playlist&#8221; module_class=&#8221;suplementals_product_movie suplementals_wrap&#8221; _builder_version=&#8221;4.23.1&#8243; _module_preset=&#8221;default&#8221; global_module=&#8221;170290&#8243; saved_tabs=&#8221;all&#8221; locked=&#8221;off&#8221; global_colors_info=&#8221;{}&#8221;]<\/p>\n<p><a href=\"https:\/\/www.youtube.com\/playlist?list=PLa0hhW_hoQqEsIHM5LQtr9h_9UlwGFBO8\" target=\"_blank\" rel=\"noopener\">Film produktowy<\/a><\/p>\n<p>[\/et_pb_text][et_pb_text admin_label=&#8221;dnabook-pl&#8221; module_class=&#8221;suplementals_product_dna suplementals_wrap&#8221; _builder_version=&#8221;4.23.1&#8243; _module_preset=&#8221;default&#8221; global_module=&#8221;165509&#8243; saved_tabs=&#8221;all&#8221; locked=&#8221;off&#8221; global_colors_info=&#8221;{}&#8221;]<\/p>\n<p><a href=\"https:\/\/www.secowarwick.com\/wp-content\/uploads\/2025\/07\/DNA_BOOK.pdf\" target=\"_blank\" rel=\"noopener\">DNA\/BOOK<\/a><\/p>\n<p>[\/et_pb_text][et_pb_text admin_label=&#8221;ECO\/BOOK-pl&#8221; module_class=&#8221;suplementals_product_eco suplementals_wrap&#8221; _builder_version=&#8221;4.23.1&#8243; _module_preset=&#8221;default&#8221; global_module=&#8221;165511&#8243; saved_tabs=&#8221;all&#8221; locked=&#8221;off&#8221; global_colors_info=&#8221;{}&#8221;]<\/p>\n<p><a href=\"https:\/\/www.secowarwick.com\/wp-content\/uploads\/2023\/06\/ECOBOOK-2-1.pdf\" target=\"_blank\" rel=\"noopener\">ECO\/BOOK<\/a><\/p>\n<p>[\/et_pb_text][et_pb_text admin_label=&#8221;RFQ product widget pl&#8221; module_class=&#8221;product_widget_wrap_rfq-en&#8221; _builder_version=&#8221;4.23.1&#8243; _module_preset=&#8221;default&#8221; global_module=&#8221;186180&#8243; saved_tabs=&#8221;all&#8221; locked=&#8221;off&#8221; global_colors_info=&#8221;{}&#8221;]<\/p>\n<p style=\"text-align: center;\"><a class=\"small-button smallred rfq-gtm-product-widget\" href=\"https:\/\/www.secowarwick.com\/pl\/zapytaj-o-oferte\/\"><span class=\"product_wigtet_name\">ZAPYTAJ O&nbsp;OFERT\u0118<\/span><\/a><\/p>\n<p>[\/et_pb_text][\/et_pb_column][\/et_pb_row][\/et_pb_section]<\/p>\n","protected":false},"excerpt":{"rendered":"<p>[et_pb_breadcrumbs _builder_version=&#8221;3.6&#8243; global_colors_info=&#8221;{}&#8221;][\/et_pb_breadcrumbs]Piece ci\u0105g\u0142e do\u00a0lutowania twardego aluminium &#8211; Systemy ci\u0105g\u0142e EV\/CAB Piece ci\u0105g\u0142e CAB wykorzystuj\u0105 do\u00a0przenoszenia produkt\u00f3w nap\u0119d o\u00a0zmiennej pr\u0119dko\u015bci z\u00a0ta\u015bm\u0119 transportow\u0105 z\u00a0siatki ze\u00a0stali nierdzewnej. Proces lutowania twardego w\u00a0atmosferze kontrolowanej (CAB) nagrzewa produkt do\u00a0temperatury lutowania, utrzymuj\u0105c jednocze\u015bnie jednorodn\u0105 temperatur\u0119 produktu w\u00a0ochronnej atmosferze azotowej pozbawionej tlenu. EV\/CAB\u00a0 to\u00a0odpowied\u017a CAB na\u00a0e-mobilno\u015b\u0107 EV\/CAB to\u00a0system przeznaczony do\u00a0lutowania du\u017cych ch\u0142odnic [&hellip;]<\/p>\n","protected":false},"author":2,"featured_media":129034,"parent":127261,"menu_order":0,"comment_status":"closed","ping_status":"closed","template":"","meta":{"_acf_changed":false,"_et_pb_use_builder":"on","_et_pb_old_content":"","_et_gb_content_width":"","footnotes":""},"class_list":["post-86680","page","type-page","status-publish","has-post-thumbnail"],"acf":[],"_links":{"self":[{"href":"https:\/\/www.secowarwick.com\/pl\/wp-json\/wp\/v2\/pages\/86680","targetHints":{"allow":["GET"]}}],"collection":[{"href":"https:\/\/www.secowarwick.com\/pl\/wp-json\/wp\/v2\/pages"}],"about":[{"href":"https:\/\/www.secowarwick.com\/pl\/wp-json\/wp\/v2\/types\/page"}],"author":[{"embeddable":true,"href":"https:\/\/www.secowarwick.com\/pl\/wp-json\/wp\/v2\/users\/2"}],"replies":[{"embeddable":true,"href":"https:\/\/www.secowarwick.com\/pl\/wp-json\/wp\/v2\/comments?post=86680"}],"version-history":[{"count":26,"href":"https:\/\/www.secowarwick.com\/pl\/wp-json\/wp\/v2\/pages\/86680\/revisions"}],"predecessor-version":[{"id":190424,"href":"https:\/\/www.secowarwick.com\/pl\/wp-json\/wp\/v2\/pages\/86680\/revisions\/190424"}],"up":[{"embeddable":true,"href":"https:\/\/www.secowarwick.com\/pl\/wp-json\/wp\/v2\/pages\/127261"}],"wp:featuredmedia":[{"embeddable":true,"href":"https:\/\/www.secowarwick.com\/pl\/wp-json\/wp\/v2\/media\/129034"}],"wp:attachment":[{"href":"https:\/\/www.secowarwick.com\/pl\/wp-json\/wp\/v2\/media?parent=86680"}],"curies":[{"name":"wp","href":"https:\/\/api.w.org\/{rel}","templated":true}]}}