{"id":86692,"date":"2020-01-14T08:47:18","date_gmt":"2020-01-14T07:47:18","guid":{"rendered":"http:\/\/www.secowarwick.com\/?page_id=86692"},"modified":"2025-10-30T09:41:57","modified_gmt":"2025-10-30T08:41:57","slug":"systemy-polciagle-cab","status":"publish","type":"page","link":"https:\/\/www.secowarwick.com\/pl\/produkty\/lutowanie-aluminium-w-atmosferze-ochronnej\/systemy-polciagle-cab\/","title":{"rendered":"Piece p\u00f3\u0142ci\u0105g\u0142e do lutowania twardego aluminium &#8211; Systemy p\u00f3\u0142ci\u0105g\u0142e CAB"},"content":{"rendered":"<p>[et_pb_section fb_built=&#8221;1&#8243; _builder_version=&#8221;4.16&#8243; global_colors_info=&#8221;{}&#8221;][et_pb_row _builder_version=&#8221;4.16&#8243; background_size=&#8221;initial&#8221; background_position=&#8221;top_left&#8221; background_repeat=&#8221;repeat&#8221; global_colors_info=&#8221;{}&#8221;][et_pb_column type=&#8221;4_4&#8243; _builder_version=&#8221;4.16&#8243; custom_padding=&#8221;|||&#8221; global_colors_info=&#8221;{}&#8221; custom_padding__hover=&#8221;|||&#8221;][et_pb_image src=&#8221;https:\/\/www.secowarwick.com\/wp-content\/uploads\/2019\/12\/slider-SEMI_-CONTINOUS-CAB-SYSTEMS.jpg&#8221; alt=&#8221;Piece p\u00f3\u0142ci\u0105g\u0142e do lutowania twardego aluminium &#8211; Systemy p\u00f3\u0142ci\u0105g\u0142e CAB&#8221; title_text=&#8221;Piece p\u00f3\u0142ci\u0105g\u0142e do lutowania twardego aluminium &#8211; Systemy p\u00f3\u0142ci\u0105g\u0142e CAB&#8221; align_tablet=&#8221;center&#8221; align_phone=&#8221;&#8221; align_last_edited=&#8221;on|desktop&#8221; _builder_version=&#8221;4.16&#8243; global_colors_info=&#8221;{}&#8221;][\/et_pb_image][\/et_pb_column][\/et_pb_row][et_pb_row column_structure=&#8221;3_4,1_4&#8243; _builder_version=&#8221;4.16&#8243; background_size=&#8221;initial&#8221; background_position=&#8221;top_left&#8221; background_repeat=&#8221;repeat&#8221; global_colors_info=&#8221;{}&#8221;][et_pb_column type=&#8221;3_4&#8243; _builder_version=&#8221;4.16&#8243; custom_padding=&#8221;|||&#8221; global_colors_info=&#8221;{}&#8221; custom_padding__hover=&#8221;|||&#8221;][et_pb_breadcrumbs _builder_version=&#8221;4.23.1&#8243; global_colors_info=&#8221;{}&#8221;][\/et_pb_breadcrumbs][et_pb_text module_class=&#8221;podtytuly&#8221; _builder_version=&#8221;4.23.1&#8243; global_colors_info=&#8221;{}&#8221;]<\/p>\n<h1>Piece p\u00f3\u0142ci\u0105g\u0142e do\u00a0lutowania twardego aluminium &#8211; Systemy p\u00f3\u0142ci\u0105g\u0142e CAB<\/h1>\n<p><strong>Piec p\u00f3\u0142ci\u0105g\u0142y<\/strong> jest zaprojektowany do\u00a0pracy przerywanej. Urz\u0105dzenie mo\u017cna rozgrza\u0107 do\u00a0temperatury <strong>lutowania<\/strong> z\u00a0temperatury otoczenia i\u00a0uzyska\u0107 w\u00a0nim odpowiedni\u0105 atmosfer\u0119 w\u00a0bardzo kr\u00f3tkim czasie. <strong>System p\u00f3\u0142ci\u0105g\u0142y<\/strong> umo\u017cliwia zmienne szybko\u015bci grzania i\u00a0ch\u0142odzenia w\u00a0zale\u017cno\u015bci od\u00a0czasu cyklu. Piec ten pozwala na\u00a0<strong>lutowanie<\/strong> r\u00f3\u017cnorodnych <strong>wymiennik\u00f3w ciep\u0142a<\/strong>, przy \u015brednich wymaganiach co&nbsp;do&nbsp;wielko\u015bci produkcji.<\/p>\n<h3>Budowa pieca CAB:<\/h3>\n<p>Oferujemy piece w\u00a0nast\u0119puj\u0105cych rozwi\u0105zaniach do\u00a0produkcji r\u00f3\u017cnorodnych typ\u00f3w wymiennik\u00f3w oraz\u00a0na\u00a0potrzeby ma\u0142ej i\u00a0\u015bredniej wielko\u015bci produkcji:<\/p>\n<p>[\/et_pb_text][et_pb_tabs module_class=&#8221;red-tabs eco-tab2&#8243; _builder_version=&#8221;4.23.1&#8243; custom_css_main_element=&#8221;margin-top: 2rem;||margin-bottom: 2rem;&#8221; global_colors_info=&#8221;{}&#8221;][et_pb_tab title=&#8221;Konwekcyjny piec CAB Active Only&#8221; _builder_version=&#8221;4.23.1&#8243; global_colors_info=&#8221;{}&#8221;]<\/p>\n<p>Praca piece konwekcyjnego Active Only CAB opiera si\u0119 na&nbsp;kilkuetapowym podziale cyklu. Etapy obejmuj\u0105 pozycj\u0119 sto\u0142u za\u0142adowczego, piec susz\u0105cy, wej\u015bciow\u0105 komor\u0119 p\u0142ukania, opatentowan\u0105 komor\u0119 podgrzewania i&nbsp;lutowania, po\u015bredni\u0105 komor\u0119 ch\u0142odzenia z&nbsp;p\u0142aszczem powietrznym\/wyj\u015bciow\u0105 komor\u0119 p\u0142ukania i&nbsp;komor\u0119 bezpo\u015bredniego ch\u0142odzenia ko\u0144cowego. Produkt przemieszcza si\u0119 pomi\u0119dzy etapami w&nbsp;pozycji poziomej na&nbsp;podstawie p\u0142ynnie regulowanego czasu cyklu uzale\u017cnionego od&nbsp;typu i&nbsp;konfiguracji wsadu. Termopara strefy roboczej monitoruje czas procesu kt\u00f3ry&nbsp;determinuje moment prze\u0142adunku. System wyposa\u017cony jest w&nbsp;innowacyjne funkcje podnosz\u0105ce sprawno\u015b\u0107 lutowania. Termopary wsadowe \u201cprzewiduj\u0105\u201d aktualn\u0105 temperatur\u0119 wsadu. Pozwala to&nbsp;na&nbsp;automatyczn\u0105 kontrol\u0119 wymaganego czasu grzania dla r\u00f3\u017cnych typ\u00f3w wymiennik\u00f3w ciep\u0142a. Piec gwarantuje jednorodne podgrzanie produktu dzi\u0119ki opatentowanej konstrukcji mufli konwekcyjnej. P\u00f3\u0142ci\u0105g\u0142y tryb pracy zapewnie r\u00f3wnomierny nagrzew nawet produkt\u00f3w o&nbsp;du\u017cych wymiarach (HVAC, ch\u0142odnice baterii) dzi\u0119ki szybkiemu prze\u0142adunkowi pomi\u0119dzy strefami zimnymi i&nbsp;gor\u0105cymi.<\/p>\n<p>[\/et_pb_tab][et_pb_tab title=&#8221;Piec CAB do lutowania pionowego&#8221; _builder_version=&#8221;4.23.1&#8243; global_colors_info=&#8221;{}&#8221;]<\/p>\n<p>Piec CAB do&nbsp;lutowania pionowego to&nbsp;specjalna wersja pieca Active Only, w&nbsp;kt\u00f3rym&nbsp;lutowane elementy s\u0105&nbsp;umieszczone w&nbsp;pozycji pionowej. W&nbsp;przypadku niekt\u00f3rych rodzaj\u00f3w wymiennik\u00f3w ciep\u0142a takie u\u0142o\u017cenie jest korzystne ze&nbsp;wzgl\u0119du na&nbsp;proces topienia si\u0119 plateru. Pionowe u\u0142o\u017cenie umo\u017cliwia r\u00f3wnomierne wype\u0142nienie spoin na&nbsp;p\u0142aszczy\u017anie poziomej, zapobiegaj\u0105c gromadzeniu si\u0119 lutowanego stopu po&nbsp;jednej stronie wymiennika.<\/p>\n<p>Dodatkowo piece w\u00a0konfiguracji p\u00f3\u0142ci\u0105g\u0142ej mog\u0105 wykorzystywa\u0107 r\u00f3wnie\u017c p\u0142ukanie pr\u00f3\u017cniowe. Takie rozwi\u0105zanie ogranicza zu\u017cycie azotu i\u00a0podnosi czysto\u015b\u0107 atmosfery piecowej. Dzi\u0119ki p\u0142ukaniu pr\u00f3\u017cniowemu w\u00a0przedsionku pieca powietrze jest usuwane nie\u00a0tylko\u00a0z\u00a0komory, ale\u00a0r\u00f3wnie\u017c z\u00a0wewn\u0119trznych przestrzeni wymiennika ciep\u0142a. Piece tego typu mo\u017cna stosowa\u0107 do\u00a0wytwarzania niekt\u00f3rych rodzaj\u00f3w wymiennik\u00f3w ciep\u0142a (takich jak \u201eplate&amp;bar\u201d), kt\u00f3re wcze\u015bniej wymaga\u0142y stosowania dro\u017cszej technologii lutowania twardego w\u00a0piecach pr\u00f3\u017cniowych.<\/p>\n<p>[\/et_pb_tab][et_pb_tab title=&#8221; &#8221; _builder_version=&#8221;4.23.1&#8243; _module_preset=&#8221;default&#8221; global_colors_info=&#8221;{}&#8221;]<\/p>\n<p><span data-contrast=\"none\"><strong><span style=\"color: #e30f00;\">\/<\/span> <\/strong> Dopalacz termiczny (afterburner) do&nbsp;redukcji emisji LZO dla urz\u0105dze\u0144 odt\u0142uszczaj\u0105cych (degreasery)<br \/><\/span><span data-contrast=\"none\"><strong><span style=\"color: #e30f00;\">\/<\/span> <\/strong>Scrubber ze&nbsp;z\u0142o\u017cem aktywnego tlenku aluminium do&nbsp;redukcji emisji\u202ffluorowodoru\u202fpowsta\u0142ego podczas procesu lutowania<br \/><\/span><span data-contrast=\"none\"><strong><span style=\"color: #e30f00;\">\/<\/span> <\/strong>Dla urz\u0105dze\u0144 grzanych gazowo systemy odzysku energii obni\u017caj\u0105ce konsumpcj\u0119 gazu a&nbsp;tym samym emisj\u0119 CO2:<br \/><\/span><span data-contrast=\"none\">\u00a0 \u00a0 \u00a0\/ system wymiany energii pomi\u0119dzy dopalaczem termicznym (afterburner) a&nbsp;urz\u0105dzeniami odt\u0142uszczaj\u0105cymi (degreasery)<br \/><\/span><span data-contrast=\"none\">\u00a0 \u00a0 \u00a0\/ odzysk energii z&nbsp;kom\u00f3r Preheatu oraz&nbsp;Pieca lutowniczego poprzez transfer spalin pod&nbsp;tunelem wlotowym i&nbsp;dalej jako wsparcie systemu grzejnego w&nbsp;Suszarce<\/span><\/p>\n<p><span data-contrast=\"none\"><strong><span style=\"color: #e30f00;\">\/<\/span> <\/strong> Systemy grzejne elektryczne zamiast gazowych (w&nbsp;tym modyfikacja obecnych urz\u0105dze\u0144) w&nbsp;celu redukcji emisji CO2<br \/><\/span><span data-contrast=\"none\"><strong><span style=\"color: #e30f00;\">\/<\/span> <\/strong>Opcjonalne zastosowania wysokosprawnej izolacji mikroporowatej w&nbsp;celu obni\u017cenia strat cieplnych a&nbsp;tym samy redukcja konsumpcji energii (w&nbsp;przypadku gazowych system\u00f3w grzejnych \u2013 redukcja emisji CO2)<br \/><\/span><span data-contrast=\"none\"><strong><span style=\"color: #e30f00;\">\/<\/span> <\/strong> Podgrzewany tunel wlotowy kutyn w&nbsp;celu ograniczenia spadku temperatury ta\u015bmy przeno\u015bnika i&nbsp;wsadu podczas transferu a&nbsp;tym samy skr\u00f3cenie czasu ponownego nagrzewu \u2013 w&nbsp;og\u00f3lnym bilansie obni\u017cenie konsumpcji energii (w&nbsp;przypadku gazowych system\u00f3w grzejnych \u2013 redukcja emisji CO2)<br \/><\/span><span data-contrast=\"none\"><strong><span style=\"color: #e30f00;\">\/<\/span> <\/strong> Wsp\u00f3lny przeno\u015bnik ta\u015bmowy dla suszarki (lub TTBB) i&nbsp;pieca celem obni\u017cenie konsumpcji energii zwi\u0105zanej w&nbsp;dwukrotnym grzaniem w&nbsp;przypadku system\u00f3w rozdzielonych (w&nbsp;przypadku gazowych system\u00f3w grzejnych \u2013 redukcja emisji CO2)<br \/><\/span><span data-contrast=\"none\"><strong><span style=\"color: #e30f00;\">\/<\/span> <\/strong> Wykorzystanie przez&nbsp;klienta energii emitowanej przez&nbsp;systemy odci\u0105gowe kom\u00f3r ch\u0142odzenia i&nbsp;suszarki do&nbsp;wspomagania podgrzewanie instalacji zak\u0142adowych<br \/><\/span><span data-contrast=\"none\"><strong><span style=\"color: #e30f00;\">\/<\/span> <\/strong>Nieemisyjne systemy ch\u0142odzenia oparte na&nbsp;p\u0142aszczu powietrznym zamiast zamkni\u0119tego obiegu wody<br \/><\/span><span data-contrast=\"none\"><strong><span style=\"color: #e30f00;\">\/<\/span> <\/strong>Sterowanie \u2013 tryby pracy urz\u0105dzenia IDLE i&nbsp;WEEKEND obni\u017caj\u0105ce temperatur\u0119 robocz\u0105 oraz&nbsp;wy\u0142\u0105czaj\u0105ce urz\u0105dzenie nie&nbsp;wymagane podczas przerw w&nbsp;produkcji &#8211; obni\u017cenie konsumpcji energii (w&nbsp;przypadku gazowych system\u00f3w grzejnych \u2013 redukcja emisji CO2)<\/span><\/p>\n<p>[\/et_pb_tab][\/et_pb_tabs][et_pb_code _builder_version=&#8221;4.10.3&#8243; _module_preset=&#8221;default&#8221; global_module=&#8221;123769&#8243; saved_tabs=&#8221;all&#8221; global_colors_info=&#8221;{}&#8221;]<!-- [et_pb_line_break_holder] --><pee style=\"text-align: center;\"><a class=\"small-button smallred\" style=\"font-size: 20px; padding: 20px 60px;\" href=\"https:\/\/www.secowarwick.com\/pl\/zapytaj-o-oferte\/\"><span style=\"display: block; transform: skew(15deg,0deg); -webkit-transform: skew(15deg,0deg); font-size: 20px; !important\">ZAPYTAJ O OFERT\u0118<\/span><\/a><\/pee>[\/et_pb_code][\/et_pb_column][et_pb_column type=&#8221;1_4&#8243; _builder_version=&#8221;4.16&#8243; custom_padding=&#8221;|||&#8221; global_colors_info=&#8221;{}&#8221; custom_padding__hover=&#8221;|||&#8221;][et_pb_gallery gallery_ids=&#8221;83621,87531&#8243; posts_number=&#8221;1&#8243; show_title_and_caption=&#8221;off&#8221; show_pagination=&#8221;off&#8221; zoom_icon_color=&#8221;#e2001a&#8221; module_class=&#8221;seco-products-gallery-new&#8221; _builder_version=&#8221;4.16&#8243; custom_css_overlay_icon=&#8221;content:&#8217;ZOBACZ GALERI\u0118&#8217; !important;&#8221; global_colors_info=&#8221;{}&#8221;][\/et_pb_gallery][et_pb_text admin_label=&#8221;btn_pl_premiumlibrary&#8221; module_class=&#8221;premium-library-button&#8221; _builder_version=&#8221;4.23.1&#8243; _module_preset=&#8221;default&#8221; text_orientation=&#8221;center&#8221; global_module=&#8221;157169&#8243; saved_tabs=&#8221;all&#8221; locked=&#8221;off&#8221; global_colors_info=&#8221;{}&#8221;]<\/p>\n<a href='https:\/\/www.secowarwick.com\/pl\/trescipremium\/' class='small-button smallred'><span>TRE\u015aCI PREMIUM<\/span><\/a>\n<p>[\/et_pb_text][et_pb_text admin_label=&#8221;R&#038;D PL&#8221; module_class=&#8221;product_widget_wrap_rd&#8221; _builder_version=&#8221;4.23.1&#8243; _module_preset=&#8221;default&#8221; text_orientation=&#8221;center&#8221; global_module=&#8221;165497&#8243; saved_tabs=&#8221;all&#8221; locked=&#8221;off&#8221; global_colors_info=&#8221;{}&#8221;]<\/p>\n<p><a href=\"https:\/\/www.secowarwick.com\/pl\/rd\/\"><span class=\"product_wigtet_name\">R&amp;D<\/span><\/a><\/p>\n<p>[\/et_pb_text][et_pb_text admin_label=&#8221;AUTOMATYKA PL&#8221; module_class=&#8221;product_widget_wrap_automation&#8221; _builder_version=&#8221;4.23.1&#8243; _module_preset=&#8221;default&#8221; global_module=&#8221;165495&#8243; saved_tabs=&#8221;all&#8221; locked=&#8221;off&#8221; global_colors_info=&#8221;{}&#8221;]<\/p>\n<p><a href=\"https:\/\/www.secowarwick.com\/pl\/service\/automatyka\/\"><span class=\"product_wigtet_name\">AUTOMATYKA<\/span><\/a><\/p>\n<p>[\/et_pb_text][et_pb_text admin_label=&#8221;SERVICE PL&#8221; module_class=&#8221;product_widget_wrap_service&#8221; _builder_version=&#8221;4.23.1&#8243; _module_preset=&#8221;default&#8221; global_module=&#8221;165500&#8243; saved_tabs=&#8221;all&#8221; locked=&#8221;off&#8221; global_colors_info=&#8221;{}&#8221;]<\/p>\n<p><a href=\"https:\/\/www.secowarwick.com\/pl\/profesjonalne-uslugi-serwisowe\/\"><span class=\"product_wigtet_name\">SERWIS<\/span><\/a><\/p>\n<p>[\/et_pb_text][et_pb_text admin_label=&#8221;SUPLEMENTALS PL&#8221; module_class=&#8221;product_widget_wrap_supleme&#8221; _builder_version=&#8221;4.23.1&#8243; _module_preset=&#8221;default&#8221; global_module=&#8221;165502&#8243; saved_tabs=&#8221;all&#8221; locked=&#8221;off&#8221; global_colors_info=&#8221;{}&#8221;]<\/p>\n<p><span class=\"product_wigtet_name\">DODATKOWE:<\/span><\/p>\n<p>[\/et_pb_text][et_pb_text admin_label=&#8221;Product infographic&#8221; module_class=&#8221;suplementals_product_infographic suplementals_wrap&#8221; _builder_version=&#8221;4.23.1&#8243; _module_preset=&#8221;default&#8221; locked=&#8221;off&#8221; global_colors_info=&#8221;{}&#8221;]<\/p>\n<p><a href=\"https:\/\/www.secowarwick.com\/wp-content\/uploads\/2023\/06\/ActiveOnly.jpg\" target=\"_blank\" rel=\"noopener\">Infografika produktu<\/a><\/p>\n<p>[\/et_pb_text][et_pb_text admin_label=&#8221;Product catalogue cab pl&#8221; module_class=&#8221;suplementals_product_catalogue suplementals_wrap&#8221; _builder_version=&#8221;4.23.1&#8243; _module_preset=&#8221;default&#8221; global_module=&#8221;170289&#8243; saved_tabs=&#8221;all&#8221; locked=&#8221;off&#8221; global_colors_info=&#8221;{}&#8221;]<\/p>\n<p><a href=\"https:\/\/www.secowarwick.com\/wp-content\/uploads\/2025\/02\/CAB_Furnaces_catalogue.pdf\" target=\"_blank\" rel=\"noopener\">Katalog produkt\u00f3w<\/a><\/p>\n<p>[\/et_pb_text][et_pb_text admin_label=&#8221;Product movie cab pl playlist&#8221; module_class=&#8221;suplementals_product_movie suplementals_wrap&#8221; _builder_version=&#8221;4.23.1&#8243; _module_preset=&#8221;default&#8221; global_module=&#8221;170290&#8243; saved_tabs=&#8221;all&#8221; locked=&#8221;off&#8221; global_colors_info=&#8221;{}&#8221;]<\/p>\n<p><a href=\"https:\/\/www.youtube.com\/playlist?list=PLa0hhW_hoQqEsIHM5LQtr9h_9UlwGFBO8\" target=\"_blank\" rel=\"noopener\">Film produktowy<\/a><\/p>\n<p>[\/et_pb_text][et_pb_text admin_label=&#8221;dnabook-pl&#8221; module_class=&#8221;suplementals_product_dna suplementals_wrap&#8221; _builder_version=&#8221;4.23.1&#8243; _module_preset=&#8221;default&#8221; global_module=&#8221;165509&#8243; saved_tabs=&#8221;all&#8221; locked=&#8221;off&#8221; global_colors_info=&#8221;{}&#8221;]<\/p>\n<p><a href=\"https:\/\/www.secowarwick.com\/wp-content\/uploads\/2025\/07\/DNA_BOOK.pdf\" target=\"_blank\" rel=\"noopener\">DNA\/BOOK<\/a><\/p>\n<p>[\/et_pb_text][et_pb_text admin_label=&#8221;ECO\/BOOK-pl&#8221; module_class=&#8221;suplementals_product_eco suplementals_wrap&#8221; _builder_version=&#8221;4.23.1&#8243; _module_preset=&#8221;default&#8221; global_module=&#8221;165511&#8243; saved_tabs=&#8221;all&#8221; locked=&#8221;off&#8221; global_colors_info=&#8221;{}&#8221;]<\/p>\n<p><a href=\"https:\/\/www.secowarwick.com\/wp-content\/uploads\/2023\/06\/ECOBOOK-2-1.pdf\" target=\"_blank\" rel=\"noopener\">ECO\/BOOK<\/a><\/p>\n<p>[\/et_pb_text][et_pb_text admin_label=&#8221;RFQ product widget pl&#8221; module_class=&#8221;product_widget_wrap_rfq-en&#8221; _builder_version=&#8221;4.23.1&#8243; _module_preset=&#8221;default&#8221; global_module=&#8221;186180&#8243; saved_tabs=&#8221;all&#8221; global_colors_info=&#8221;{}&#8221; locked=&#8221;off&#8221;]<\/p>\n<p style=\"text-align: center;\"><a class=\"small-button smallred\" href=\"https:\/\/www.secowarwick.com\/pl\/zapytaj-o-oferte\/\"><span class=\"product_wigtet_name\">ZAPYTAJ O&nbsp;OFERT\u0118<\/span><\/a><\/p>\n<p>[\/et_pb_text][\/et_pb_column][\/et_pb_row][\/et_pb_section]<\/p>\n","protected":false},"excerpt":{"rendered":"<p>[et_pb_breadcrumbs _builder_version=&#8221;4.23.1&#8243; global_colors_info=&#8221;{}&#8221;][\/et_pb_breadcrumbs]Piece p\u00f3\u0142ci\u0105g\u0142e do\u00a0lutowania twardego aluminium &#8211; Systemy p\u00f3\u0142ci\u0105g\u0142e CAB Piec p\u00f3\u0142ci\u0105g\u0142y jest zaprojektowany do\u00a0pracy przerywanej. Urz\u0105dzenie mo\u017cna rozgrza\u0107 do\u00a0temperatury lutowania z\u00a0temperatury otoczenia i\u00a0uzyska\u0107 w\u00a0nim odpowiedni\u0105 atmosfer\u0119 w\u00a0bardzo kr\u00f3tkim czasie. System p\u00f3\u0142ci\u0105g\u0142y umo\u017cliwia zmienne szybko\u015bci grzania i\u00a0ch\u0142odzenia w\u00a0zale\u017cno\u015bci od\u00a0czasu cyklu. Piec ten pozwala na\u00a0lutowanie r\u00f3\u017cnorodnych wymiennik\u00f3w ciep\u0142a, przy \u015brednich wymaganiach co&nbsp;do&nbsp;wielko\u015bci produkcji. Budowa pieca [&hellip;]<\/p>\n","protected":false},"author":2,"featured_media":87531,"parent":127261,"menu_order":0,"comment_status":"closed","ping_status":"closed","template":"","meta":{"_acf_changed":false,"_et_pb_use_builder":"on","_et_pb_old_content":"","_et_gb_content_width":"","footnotes":""},"class_list":["post-86692","page","type-page","status-publish","has-post-thumbnail"],"acf":[],"_links":{"self":[{"href":"https:\/\/www.secowarwick.com\/pl\/wp-json\/wp\/v2\/pages\/86692","targetHints":{"allow":["GET"]}}],"collection":[{"href":"https:\/\/www.secowarwick.com\/pl\/wp-json\/wp\/v2\/pages"}],"about":[{"href":"https:\/\/www.secowarwick.com\/pl\/wp-json\/wp\/v2\/types\/page"}],"author":[{"embeddable":true,"href":"https:\/\/www.secowarwick.com\/pl\/wp-json\/wp\/v2\/users\/2"}],"replies":[{"embeddable":true,"href":"https:\/\/www.secowarwick.com\/pl\/wp-json\/wp\/v2\/comments?post=86692"}],"version-history":[{"count":16,"href":"https:\/\/www.secowarwick.com\/pl\/wp-json\/wp\/v2\/pages\/86692\/revisions"}],"predecessor-version":[{"id":186241,"href":"https:\/\/www.secowarwick.com\/pl\/wp-json\/wp\/v2\/pages\/86692\/revisions\/186241"}],"up":[{"embeddable":true,"href":"https:\/\/www.secowarwick.com\/pl\/wp-json\/wp\/v2\/pages\/127261"}],"wp:featuredmedia":[{"embeddable":true,"href":"https:\/\/www.secowarwick.com\/pl\/wp-json\/wp\/v2\/media\/87531"}],"wp:attachment":[{"href":"https:\/\/www.secowarwick.com\/pl\/wp-json\/wp\/v2\/media?parent=86692"}],"curies":[{"name":"wp","href":"https:\/\/api.w.org\/{rel}","templated":true}]}}