{"id":86708,"date":"2019-09-26T08:47:42","date_gmt":"2019-09-26T06:47:42","guid":{"rendered":"http:\/\/www.secowarwick.com\/?page_id=86708"},"modified":"2026-02-11T16:49:50","modified_gmt":"2026-02-11T15:49:50","slug":"piece-do-wyzarzania-aluminium","status":"publish","type":"page","link":"https:\/\/www.secowarwick.com\/pl\/produkty\/obrobka-cieplna-aluminium\/piece-do-wyzarzania-aluminium\/","title":{"rendered":"Piece do wy\u017carzania aluminium"},"content":{"rendered":"<p>[et_pb_section fb_built=&#8221;1&#8243; _builder_version=&#8221;4.16&#8243; global_colors_info=&#8221;{}&#8221;][et_pb_row _builder_version=&#8221;4.16&#8243; background_size=&#8221;initial&#8221; background_position=&#8221;top_left&#8221; background_repeat=&#8221;repeat&#8221; global_colors_info=&#8221;{}&#8221;][et_pb_column type=&#8221;4_4&#8243; _builder_version=&#8221;4.16&#8243; custom_padding=&#8221;|||&#8221; global_colors_info=&#8221;{}&#8221; custom_padding__hover=&#8221;|||&#8221;][et_pb_image src=&#8221;https:\/\/www.secowarwick.com\/wp-content\/uploads\/2020\/01\/Aluminum-annealing.jpg&#8221; alt=&#8221;Piece do\u00a0wy\u017carzania aluminium SECO\/WARWICK&#8221; title_text=&#8221;Piece do\u00a0wy\u017carzania aluminium SECO\/WARWICK&#8221; align_tablet=&#8221;center&#8221; align_phone=&#8221;&#8221; align_last_edited=&#8221;on|desktop&#8221; _builder_version=&#8221;4.16&#8243; global_colors_info=&#8221;{}&#8221;][\/et_pb_image][\/et_pb_column][\/et_pb_row][et_pb_row column_structure=&#8221;3_4,1_4&#8243; _builder_version=&#8221;4.16&#8243; background_size=&#8221;initial&#8221; background_position=&#8221;top_left&#8221; background_repeat=&#8221;repeat&#8221; global_colors_info=&#8221;{}&#8221;][et_pb_column type=&#8221;3_4&#8243; _builder_version=&#8221;4.16&#8243; custom_padding=&#8221;|||&#8221; global_colors_info=&#8221;{}&#8221; custom_padding__hover=&#8221;|||&#8221;][et_pb_breadcrumbs _builder_version=&#8221;3.6&#8243; global_colors_info=&#8221;{}&#8221;][\/et_pb_breadcrumbs][et_pb_text module_class=&#8221;podtytuly&#8221; _builder_version=&#8221;4.23.1&#8243; global_colors_info=&#8221;{}&#8221;]<\/p>\n<h1>Piece do\u00a0starzenia i\u00a0wy\u017carzania aluminium<\/h1>\n<h2>\u201eSzyte na\u00a0miar\u0119\u201d piece do\u00a0starzenia i\u00a0wy\u017carzania dla bran\u017cy aluminium<\/h2>\n<p>R\u00f3\u017cne wsady wymagaj\u0105 r\u00f3\u017cnych rozwi\u0105za\u0144. Z\u00a0tego tez powodu SECO\/WARWIC wprowadzi\u0142<strong>:<br \/><\/strong><\/p>\n<p><span style=\"color: #e30f00;\"><strong>\/<\/strong><\/span> Konstrukcj\u0119 Mass Flow przeznaczon\u0105 w&nbsp;szczeg\u00f3lno\u015bci do&nbsp;wy\u017carzania folii, w&nbsp;sytuacji gdy&nbsp;powierzchnia wsadu jest nara\u017cona na&nbsp;uszkodzenia spowodowane wysokim przep\u0142ywem atmosfery.<\/p>\n<p><span style=\"color: #e30f00;\"><strong>\/<\/strong> <\/span>System Vortex Jet Heating do\u00a0wy\u017carzania zwoj\u00f3w wykorzystuj\u0105cy korzy\u015bci wysokiej wymiany ciep\u0142a.<\/p>\n<p>SECO\/WARWICK dostarcza niestandardowe, zaprojektowane pod\u00a0indywidualne zam\u00f3wienia <strong>piece do\u00a0wy\u017carzania<\/strong> zwoj\u00f3w i\u00a0folii z\u00a0aluminium o\u00a0r\u00f3\u017cnych pojemno\u015bciach \u2014\u00a0od\u00a0jednozwojowych piec\u00f3w modu\u0142owych do\u00a0piec\u00f3w wielostrefowych ze\u00a0\u015bcis\u0142\u0105 kontrol\u0105 stref. Dzi\u0119ki naszemu do\u015bwiadczeniu, wiedzy i\u00a0talentowi produkujemy niezwykle wydajne piece. R\u00f3wnomierna dystrybucja temperatury i\u00a0unikalne techniki za\u0142adunku pozwalaj\u0105 sprosta\u0107 najbardziej wymagaj\u0105cym zastosowaniom.<\/p>\n<p>[\/et_pb_text][et_pb_tabs module_class=&#8221;red-tabs eco-tab5&#8243; _builder_version=&#8221;4.23.1&#8243; custom_css_main_element=&#8221;margin-top: 2rem;||margin-bottom: 2rem;&#8221; global_colors_info=&#8221;{}&#8221;][et_pb_tab title=&#8221;Sprawno\u015b\u0107 pieca&#8221; _builder_version=&#8221;4.19.2&#8243; global_colors_info=&#8221;{}&#8221;]<\/p>\n<p>Rozwi\u0105zania oferowane przez&nbsp;SECO\/WARWICK takie jak g\u0142owica cieplna czy&nbsp;uk\u0142ad sterowania stosunkiem powietrza do&nbsp;obr\u00f3bki wykorzystuj\u0105cy osobne termopary wsadu i&nbsp;powietrza w&nbsp;ka\u017cdej strefie sterowania przynosz\u0105 dodatkowe korzy\u015bci. Dzi\u0119ki ci\u0105g\u0142emu monitorowaniu temperatury wsadu g\u0142owica cieplna mo\u017ce dzia\u0142a\u0107 bez&nbsp;ryzyka przegrzania wsadu. Gdy&nbsp;wsad zbli\u017ca si\u0119 do&nbsp;nastawy metalu, temperatura powietrza jest obni\u017cana o&nbsp;warto\u015b\u0107 bezpo\u015brednio proporcjonaln\u0105 do&nbsp;tempa wzrostu temperatury wsadu. Dzi\u0119ki temu przez&nbsp;maksymalnie d\u0142ugi czas utrzymywana jest maksymalna temperatura g\u0142owicy cieplnej, co&nbsp;pozwala uzyska\u0107 najkr\u00f3tszy mo\u017cliwy czas grzania. Dodatkowym usprawnieniem uk\u0142adu sterowania jest opcjonalny, regulowany system stosunku, kt\u00f3ry&nbsp;jest najbardziej przydatny przy wy\u017carzaniu zwoj\u00f3w o&nbsp;r\u00f3\u017cnych rozmiarach.<\/p>\n<p>W&nbsp;celu uzyskania najwy\u017cszej sprawno\u015bci oraz&nbsp;zabezpieczenia zwoj\u00f3w przed&nbsp;zapyleniem lub zanieczyszczeniem w\u0142\u00f3knem ceramicznym firma SECO\/WARWICK stworzy\u0142a opatentowany system izolacji z&nbsp;siatki i&nbsp;zaprawy, kt\u00f3ry&nbsp;podnosi skuteczno\u015b\u0107 izolacji o&nbsp;15-20% i&nbsp;u\u0142atwia konserwacj\u0119.<\/p>\n<p>W&nbsp;celu uzyskania r\u00f3wnomiernej temperatury piece do&nbsp;wy\u017carzania SECO\/WARWICK wykorzystuj\u0105 kilka r\u00f3\u017cnych rozwi\u0105za\u0144. Firma SECO\/WARWICK opatentowa\u0142a innowacyjne rozwi\u0105zania w&nbsp;zakresie kontroli obiegu atmosfery wok\u00f3\u0142 wsad\u00f3w o&nbsp;r\u00f3\u017cnych rozmiarach zwi\u0119kszaj\u0105ce wymian\u0119 i&nbsp;r\u00f3wnomiern\u0105 dystrybucj\u0119 ciep\u0142a. Nasze piece wykorzystuj\u0105 zar\u00f3wno pionowy przep\u0142yw powietrza ze&nbsp;specjalnie zaprojektowanymi kierownicami pionowymi po&nbsp;ka\u017cdej stronie wsadu, jak i&nbsp;system kierunkowego przep\u0142ywu masowego o&nbsp;wysokiej pr\u0119dko\u015bci. W&nbsp;obu przypadkach kierownice pionowe usprawniaj\u0105 jednorodno\u015b\u0107 strumienia i&nbsp;oddzielaj\u0105 wsad od&nbsp;bezpo\u015bredniego promieniowania cieplnego. Rury promieniuj\u0105ce do&nbsp;palnik\u00f3w gazowych i&nbsp;elektrycznych element\u00f3w grzewczych gwarantuj\u0105 grzanie po\u015brednie, chroni\u0105 wsad przed&nbsp;bezpo\u015brednim promieniowaniem cieplnym i&nbsp;pozwalaj\u0105 uzyska\u0107 najwy\u017csz\u0105 jednorodno\u015b\u0107 temperatury.<\/p>\n<p>Konfiguracja wsadu odpowiada za&nbsp;r\u00f3wnomiern\u0105 dystrybucj\u0119 temperatury w&nbsp;przypadku du\u017cych zwoj\u00f3w. W&nbsp;przypadku bardzo du\u017cych zwoj\u00f3w oraz&nbsp;zastosowa\u0144, w&nbsp;kt\u00f3rych&nbsp;wymagana jest bardzo \u015bcis\u0142a tolerancja temperatur, SECO\/WARWICK projektuje dwie strefy kontroli temperatury dla ka\u017cdego wentylatora obiegowego. Sprawdzona konstrukcja kompensuje r\u00f3\u017cne parametry zwoj\u00f3w, skuteczno\u015b\u0107 spalania i&nbsp;praktyki za\u0142adunku.<\/p>\n<p><strong>Piece do&nbsp;wy\u017carzania<\/strong> SECO\/WARWICK wyposa\u017cone s\u0105&nbsp;w&nbsp;ch\u0142odnic\u0119 obej\u015bciow\u0105 o&nbsp;opatentowanej konstrukcji. Ch\u0142odzenie w&nbsp;atmosferze ochronnej jest bardzo wa\u017cne w&nbsp;tym zastosowaniu zar\u00f3wno ze&nbsp;wzgl\u0119d\u00f3w metalurgicznych, jak i&nbsp;praktycznych.<\/p>\n<p>Ch\u0142odnice wykorzystuj\u0105 budow\u0119 z&nbsp;wewn\u0119trznym obej\u015bciem, kt\u00f3ra&nbsp;ogranicza temperatur\u0119 atmosfery przep\u0142ywaj\u0105cej przez&nbsp;wymienniki ciep\u0142a do&nbsp;1750C. Zapobiega to&nbsp;spiekaniu lotnego oleju z&nbsp;walcowania na&nbsp;\u017ceberkach wymiennika ciep\u0142a. Ch\u0142odnice s\u0105&nbsp;zaprojektowane w&nbsp;taki spos\u00f3b, by&nbsp;zapewnia\u0107 dog\u0142\u0119bne, zaprogramowane lub pomocnicze, ch\u0142odzenie i&nbsp;s\u0105&nbsp;dost\u0119pne w&nbsp;rozmiarach standardowych oraz&nbsp;pod&nbsp;indywidualne zam\u00f3wienia. Ch\u0142odnice mog\u0105 by\u0107 montowane z&nbsp;ty\u0142u lub z&nbsp;boku, w&nbsp;zale\u017cno\u015bci od&nbsp;dost\u0119pnej przestrzeni. Dodatkowo istniej\u0105cy piec do&nbsp;wy\u017carzania z&nbsp;kilkoma ch\u0142odnicami mo\u017cna wyposa\u017cy\u0107 w&nbsp;ch\u0142odnic\u0119 obej\u015bciow\u0105. W&nbsp;zastosowaniach zwi\u0105zanych z&nbsp;wy\u017carzaniem zwoj\u00f3w i&nbsp;folii SECO\/WARWICK wykorzystywanych jest ponad 100 tego rodzaju ch\u0142odnic.<\/p>\n<p>[\/et_pb_tab][et_pb_tab title=&#8221;Koncepcja pieca&#8221; _builder_version=&#8221;4.23.1&#8243; global_colors_info=&#8221;{}&#8221;]<\/p>\n<p>Wy\u017carzanie zwoj\u00f3w aluminium wymaga zaawansowanego systemu grzania konwekcyjnego w\u00a0celu uzyskania maksymalnie kr\u00f3tkiego czasu grzania bez\u00a0szkody dla jako\u015bci. Pogorszenie jako\u015bci najcz\u0119\u015bciej wyst\u0119puje na\u00a0kraw\u0119dziach ta\u015bmy i\u00a0uwidacznia si\u0119 poprzez niejednorodne w\u0142a\u015bciwo\u015bci materia\u0142u, takie jak twardo\u015b\u0107, odbarwienia powierzchni ta\u015bmy w\u00a0przypadku stop\u00f3w 5xxx i\u00a07xxx wynikaj\u0105ce z\u00a0wykwit\u00f3w Mg\u00a0lub Mn, p\u0119kni\u0119cia pozosta\u0142o\u015bci oleju z\u00a0walcowania podczas odt\u0142uszczania zwoj\u00f3w, a\u00a0nawet skrajne pogorszenie jako\u015bci w\u00a0postaci miejscowego stopienia powierzchni zwoju. Przyczyn\u0105 takiego obni\u017cenia jako\u015bci jest miejscowe przegrzanie powierzchni czo\u0142owej zwoju na\u00a0skutek nier\u00f3wnomiernej wymiany ciep\u0142a w\u00a0stosowanym konwekcyjnym systemie grzejnym.<\/p>\n<p>Najwa\u017cniejszym parametrem opisuj\u0105cym r\u00f3wnomierno\u015b\u0107 temperatury w\u00a0konwekcyjnym systemie grzejnym jest stosunek wsp\u00f3\u0142czynnika maksymalnej wymiany ciep\u0142a do\u00a0minimalnej wymiany ciep\u0142a \uf061max\/\uf061min. Parametr ten ogranicza r\u00f3wnie\u017c czas nagrzewania, jako \u017ce\u00a0im\u00a0mniejszy stosunek \uf061max\/\uf061min, tym wy\u017csza jest \u015brednia (\u00a0 ), co\u00a0mo\u017cna uzyska\u0107 bez\u00a0przekraczania maksymalnej dopuszczalnej miejscowej wymiany ciep\u0142a. Wy\u017carzanie zwoj\u00f3w aluminium wymaga zaawansowanego systemu grzania konwekcyjnego w\u00a0celu uzyskania maksymalnie kr\u00f3tkiego czasu grzania bez\u00a0szkody dla jako\u015bci. Pogorszenie jako\u015bci najcz\u0119\u015bciej wyst\u0119puje na\u00a0kraw\u0119dziach ta\u015bmy i\u00a0uwidacznia si\u0119 poprzez niejednorodne w\u0142a\u015bciwo\u015bci materia\u0142u, takie jak twardo\u015b\u0107, odbarwienia powierzchni ta\u015bmy w\u00a0przypadku stop\u00f3w 5xxx i\u00a07xxx wynikaj\u0105ce z\u00a0wykwit\u00f3w Mg\u00a0lub Mn, p\u0119kni\u0119cia pozosta\u0142o\u015bci oleju z\u00a0walcowania podczas odt\u0142uszczania zwoj\u00f3w, a\u00a0nawet skrajne pogorszenie jako\u015bci w\u00a0postaci miejscowego stopienia powierzchni zwoju.<\/p>\n<p>Przyczyn\u0105 takiego obni\u017cenia jako\u015bci jest miejscowe przegrzanie powierzchni czo\u0142owej zwoju na\u00a0skutek nier\u00f3wnomiernej wymiany ciep\u0142a w\u00a0stosowanym konwekcyjnym systemie grzejnym. Najwa\u017cniejszym parametrem opisuj\u0105cym r\u00f3wnomierno\u015b\u0107 temperatury w\u00a0konwekcyjnym systemie grzejnym jest stosunek wsp\u00f3\u0142czynnika maksymalnej wymiany ciep\u0142a do\u00a0minimalnej wymiany ciep\u0142a \u03b1 min\/\u03b1 max. Parametr ten ogranicza r\u00f3wnie\u017c czas nagrzewania, jako \u017ce\u00a0im\u00a0mniejszy stosunek \u03b1 min\/\u03b1 max, tym wy\u017csza jest \u015brednia (\u00a0 ), co\u00a0mo\u017cna uzyska\u0107 bez\u00a0przekraczania maksymalnej dopuszczalnej miejscowej wymiany ciep\u0142a.<\/p>\n<p>Wymagania te\u00a0najlepiej spe\u0142nia system grzejny Vortex Flow Jet Heating, w\u00a0kt\u00f3rym\u00a0baterie czterech nachylonych okr\u0105g\u0142ych dysz strumieniowych generuj\u0105 du\u017ce wiry zapewniaj\u0105ce wysok\u0105 wymian\u0119 ciep\u0142a bez\u00a0miejscowych przegrza\u0144. Przep\u0142yw obj\u0119to\u015bciowy tego systemu dysz jest wysoki, dzi\u0119ki czemu 1 kg Al\u00a0jest nagrzewany bardziej r\u00f3wnomiernie przez\u00a0wi\u0119cej kilogram\u00f3w atmosfery nap\u0119dzanej specjalnie zaprojektowanym wentylatorem p\u00f3\u0142osiowym. Jako \u017ce\u00a0efektywna przewodno\u015b\u0107 cieplna w\u00a0zwoju ta\u015bmy jest znacznie ni\u017csza w\u00a0kierunku promieniowym ni\u017c w\u00a0kierunku osiowym, najskuteczniejsze jest ogrzewanie zwoju przez\u00a0kraw\u0119dzie jego warstw. R\u00f3\u017cnica mi\u0119dzy przewodno\u015bciami cieplnymi obu kierunk\u00f3w spowodowana jest efektem termoizolacyjnym gazu i\u00a0warstwy oleju walcowniczego w\u00a0zwoju mi\u0119dzy warstwami ta\u015bmy.<\/p>\n<p>[\/et_pb_tab][et_pb_tab title=&#8221;Cechy&#8221; _builder_version=&#8221;4.23.1&#8243; global_colors_info=&#8221;{}&#8221;]<\/p>\n<p><strong><span style=\"color: #dc291e;\">\/<\/span><\/strong> Mo\u017cliwo\u015b\u0107 stosowania wielu wzor\u00f3w konwekcji, zale\u017cnie od&nbsp;konfiguracji i&nbsp;orientacji wsadu \u2013 pionowej lub poziomej<br \/><strong><span style=\"color: #dc291e;\">\/<\/span><\/strong> Piece zdolne do&nbsp;pracy w&nbsp;szerokim zakresie temperatur<br \/><strong><span style=\"color: #dc291e;\">\/<\/span><\/strong> Termopary klasy 1 (+\/-1,5\u00b0C) lub dedykowane AMS (+\/-1,1\u00b0C)<br \/><strong><span style=\"color: #dc291e;\">\/<\/span><\/strong> +\/-2\u00b0C r\u00f3wnomierno\u015b\u0107 temperatury w&nbsp;piecu klasy 1<br \/><strong><span style=\"color: #dc291e;\">\/<\/span> <\/strong>Dost\u0119pne sterowniki PLC Siemens lub\u00a0Allen Bradley, wraz z&nbsp;certyfikowanymi modu\u0142ami termopar, zapewniaj\u0105 niezawodne, kompatybilne z&nbsp;istniej\u0105cymi systemami, rejestrowanie danych bez&nbsp;dodatkowych urz\u0105dze\u0144 zewn\u0119trznych<br \/><strong><span style=\"color: #dc291e;\">\/<\/span><\/strong> Pe\u0142na archiwizacja danych i&nbsp;trend\u00f3w od&nbsp;0.1\u00b0C i&nbsp;pierwszej sekundy taktu<\/p>\n<p>[\/et_pb_tab][et_pb_tab title=&#8221;Zalety&#8221; _builder_version=&#8221;4.23.1&#8243; global_colors_info=&#8221;{}&#8221;]<\/p>\n<p>Analiza obraz\u00f3w z\u00a0kamery termowizyjnej zarejestrowanych w\u00a0tej\u00a0samej skali wskazuje, \u017ce\u00a0bardziej r\u00f3wnomierna temperatura powierzchni zosta\u0142a uzyskana przy wykorzystaniu nowego systemu grzejnego High Convection Vortex Flow Jet Heating.<\/p>\n<p>Profile r\u00f3wnomierno\u015bci temperatury powierzchni zwoju prezentuj\u0105 przegl\u0105d r\u00f3wnomierno\u015bci temperatury we\u00a0wszystkich cyklach grzewczych. Potwierdza to, \u017ce\u00a0system dysz Vortex uzyska\u0142 lepsz\u0105 jednorodno\u015b\u0107 powierzchni. Stosunek \u03b1 min\/\u03b1 max\u00a0obliczony na\u00a0podstawie powy\u017cszych danych wynosi 1,25 dla systemu dysz Vortex. W\u00a0przypadku stop\u00f3w aluminium o\u00a0ni\u017cszej przewodno\u015bci cieplnej spodziewane wyniki dla tego parametru s\u0105\u00a0jeszcze wy\u017csze.<\/p>\n<p><strong><span style=\"color: #dc291e;\">\/<\/span><\/strong> Czas nagrzewania bez\u00a0lokalnego przegrzania mo\u017ce ulec skr\u00f3ceniu<br \/><strong><span style=\"color: #dc291e;\">\/<\/span><\/strong> Lepsza jednorodno\u015b\u0107 w\u0142a\u015bciwo\u015bci materia\u0142u<br \/><strong><span style=\"color: #dc291e;\">\/<\/span><\/strong> Unikni\u0119cie miejscowego sp\u0119kania oleju walcowniczego<br \/><strong><span style=\"color: #dc291e;\">\/<\/span><\/strong> Ni\u017csza moc wentylatora dzi\u0119ki ni\u017cszej pr\u0119dko\u015bci pomimo wy\u017cszego przep\u0142ywu obj\u0119to\u015bciowego<\/p>\n<p>[\/et_pb_tab][et_pb_tab title=&#8221;Przemys\u0142y&#8221; _builder_version=&#8221;4.23.1&#8243; global_colors_info=&#8221;{}&#8221;]<\/p>\n<p><strong><span style=\"color: #dc291e;\">\/<\/span><\/strong> Lotniczy<br \/><strong><span style=\"color: #dc291e;\">\/<\/span><\/strong> Motoryzacyjny<br \/><strong><span style=\"color: #dc291e;\">\/<\/span><\/strong> Energetyczny<\/p>\n<p>[\/et_pb_tab][et_pb_tab title=&#8221; &#8221; _builder_version=&#8221;4.23.1&#8243; _module_preset=&#8221;default&#8221; global_colors_info=&#8221;{}&#8221;]<\/p>\n<p><span style=\"color: #ff0000;\"><strong>\/<\/strong><\/span> Palniki z&nbsp;auto rekuperatorem o&nbsp;wysokiej wydajno\u015bci do&nbsp;ok. 86% sprawno\u015bci, odzysk ciep\u0142a z&nbsp;odci\u0105gu na&nbsp;rzecz podgrzewu azotu<br \/><span style=\"color: #ff0000;\"><strong>\/<\/strong><\/span> Ekologiczna, biosoluble izolacja o&nbsp;odpowiednio dobranej grubo\u015bci w&nbsp;celu optymalizacji strat przez&nbsp;\u015bciany<\/p>\n<p>[\/et_pb_tab][\/et_pb_tabs][et_pb_code _builder_version=&#8221;4.10.3&#8243; _module_preset=&#8221;default&#8221; global_module=&#8221;123769&#8243; saved_tabs=&#8221;all&#8221; global_colors_info=&#8221;{}&#8221;]<!-- [et_pb_line_break_holder] --><pee style=\"text-align: center;\"><a class=\"small-button smallred\" style=\"font-size: 20px; padding: 20px 60px;\" href=\"https:\/\/www.secowarwick.com\/pl\/zapytaj-o-oferte\/\"><span style=\"display: block; transform: skew(15deg,0deg); -webkit-transform: skew(15deg,0deg); font-size: 20px; !important\">ZAPYTAJ O OFERT\u0118<\/span><\/a><\/pee>[\/et_pb_code][\/et_pb_column][et_pb_column type=&#8221;1_4&#8243; _builder_version=&#8221;4.16&#8243; custom_padding=&#8221;|||&#8221; global_colors_info=&#8221;{}&#8221; custom_padding__hover=&#8221;|||&#8221;][et_pb_gallery gallery_ids=&#8221;143008,143001,142994,142987&#8243; posts_number=&#8221;1&#8243; show_title_and_caption=&#8221;off&#8221; show_pagination=&#8221;off&#8221; zoom_icon_color=&#8221;#e2001a&#8221; module_class=&#8221;seco-products-gallery-new&#8221; _builder_version=&#8221;4.23.1&#8243; custom_css_overlay_icon=&#8221;content:&#8217;ZOBACZ GALERI\u0118&#8217; !important;&#8221; locked=&#8221;off&#8221; global_colors_info=&#8221;{}&#8221;][\/et_pb_gallery][et_pb_text admin_label=&#8221;btn_pl_premiumlibrary&#8221; module_class=&#8221;premium-library-button&#8221; _builder_version=&#8221;4.23.1&#8243; _module_preset=&#8221;default&#8221; text_orientation=&#8221;center&#8221; global_module=&#8221;157169&#8243; saved_tabs=&#8221;all&#8221; locked=&#8221;off&#8221; global_colors_info=&#8221;{}&#8221;]<\/p>\n<a href='https:\/\/www.secowarwick.com\/pl\/trescipremium\/' class='small-button smallred'><span>TRE\u015aCI PREMIUM<\/span><\/a>\n<p>[\/et_pb_text][et_pb_text admin_label=&#8221;R&#038;D PL&#8221; module_class=&#8221;product_widget_wrap_rd&#8221; _builder_version=&#8221;4.23.1&#8243; _module_preset=&#8221;default&#8221; text_orientation=&#8221;center&#8221; global_module=&#8221;165497&#8243; saved_tabs=&#8221;all&#8221; locked=&#8221;off&#8221; global_colors_info=&#8221;{}&#8221;]<\/p>\n<p><a href=\"https:\/\/www.secowarwick.com\/pl\/rd\/\"><span class=\"product_wigtet_name\">R&amp;D<\/span><\/a><\/p>\n<p>[\/et_pb_text][et_pb_text admin_label=&#8221;AUTOMATYKA PL&#8221; module_class=&#8221;product_widget_wrap_automation&#8221; _builder_version=&#8221;4.23.1&#8243; _module_preset=&#8221;default&#8221; global_module=&#8221;165495&#8243; saved_tabs=&#8221;all&#8221; locked=&#8221;off&#8221; global_colors_info=&#8221;{}&#8221;]<\/p>\n<p><a href=\"https:\/\/www.secowarwick.com\/pl\/service\/automatyka\/\"><span class=\"product_wigtet_name\">AUTOMATYKA<\/span><\/a><\/p>\n<p>[\/et_pb_text][et_pb_text admin_label=&#8221;SERVICE PL&#8221; module_class=&#8221;product_widget_wrap_service&#8221; _builder_version=&#8221;4.23.1&#8243; _module_preset=&#8221;default&#8221; global_module=&#8221;165500&#8243; saved_tabs=&#8221;all&#8221; locked=&#8221;off&#8221; global_colors_info=&#8221;{}&#8221;]<\/p>\n<p><a href=\"https:\/\/www.secowarwick.com\/pl\/profesjonalne-uslugi-serwisowe\/\"><span class=\"product_wigtet_name\">SERWIS<\/span><\/a><\/p>\n<p>[\/et_pb_text][et_pb_text admin_label=&#8221;SUPLEMENTALS PL&#8221; module_class=&#8221;product_widget_wrap_supleme&#8221; _builder_version=&#8221;4.23.1&#8243; _module_preset=&#8221;default&#8221; global_module=&#8221;165502&#8243; saved_tabs=&#8221;all&#8221; locked=&#8221;off&#8221; global_colors_info=&#8221;{}&#8221;]<\/p>\n<p><span class=\"product_wigtet_name\">DODATKOWE:<\/span><\/p>\n<p>[\/et_pb_text][et_pb_text admin_label=&#8221;Product brochure&#8221; module_class=&#8221;suplementals_product_brochure suplementals_wrap&#8221; _builder_version=&#8221;4.23.1&#8243; _module_preset=&#8221;default&#8221; locked=&#8221;off&#8221; global_colors_info=&#8221;{}&#8221;]<\/p>\n<p><a href=\"https:\/\/www.secowarwick.com\/wp-content\/uploads\/2025\/07\/ALU-Aluminum-Annealing-Furnaces-WWW.pdf\" target=\"_blank\" rel=\"noopener\" class=\"ga4_product_widget_brochure\">Broszura produktu<\/a><\/p>\n<p>[\/et_pb_text][et_pb_text admin_label=&#8221;Product catalogue alu pl&#8221; module_class=&#8221;suplementals_product_catalogue suplementals_wrap&#8221; _builder_version=&#8221;4.23.1&#8243; _module_preset=&#8221;default&#8221; global_module=&#8221;170202&#8243; saved_tabs=&#8221;all&#8221; locked=&#8221;off&#8221; global_colors_info=&#8221;{}&#8221;]<\/p>\n<p><a href=\"https:\/\/www.secowarwick.com\/wp-content\/uploads\/2025\/02\/Aluminum_Furnaces_catalogue.pdf\" target=\"_blank\" rel=\"noopener\" class=\"ga4_product_widget_catalogue\">Katalog produkt\u00f3w<\/a><\/p>\n<p>[\/et_pb_text][et_pb_text admin_label=&#8221;Product infographic&#8221; module_class=&#8221;suplementals_product_infographic suplementals_wrap&#8221; _builder_version=&#8221;4.23.1&#8243; _module_preset=&#8221;default&#8221; hover_enabled=&#8221;0&#8243; locked=&#8221;off&#8221; global_colors_info=&#8221;{}&#8221; sticky_enabled=&#8221;0&#8243;]<\/p>\n<p><a href=\"https:\/\/www.secowarwick.com\/wp-content\/uploads\/2023\/06\/AGING-AND-ANNEALING-FURNACE.jpg\" target=\"_blank\" rel=\"noopener\" class=\"ga4_product_widget_infografic\">Infografika produktu<\/a><\/p>\n<p>[\/et_pb_text][et_pb_text admin_label=&#8221;Product movie playlist alu pl&#8221; module_class=&#8221;suplementals_product_movie suplementals_wrap&#8221; _builder_version=&#8221;4.23.1&#8243; _module_preset=&#8221;default&#8221; global_module=&#8221;170199&#8243; saved_tabs=&#8221;all&#8221; locked=&#8221;off&#8221; global_colors_info=&#8221;{}&#8221;]<\/p>\n<p><a href=\"https:\/\/www.youtube.com\/playlist?list=PLa0hhW_hoQqEsIHM5LQtr9h_9UlwGFBO8\" target=\"_blank\" rel=\"noopener\">Film produktowy<\/a><\/p>\n<p>[\/et_pb_text][et_pb_text admin_label=&#8221;dnabook-pl&#8221; module_class=&#8221;suplementals_product_dna suplementals_wrap&#8221; _builder_version=&#8221;4.23.1&#8243; _module_preset=&#8221;default&#8221; global_module=&#8221;165509&#8243; saved_tabs=&#8221;all&#8221; locked=&#8221;off&#8221; global_colors_info=&#8221;{}&#8221;]<\/p>\n<p><a href=\"https:\/\/www.secowarwick.com\/wp-content\/uploads\/2025\/07\/DNA_BOOK.pdf\" target=\"_blank\" rel=\"noopener\">DNA\/BOOK<\/a><\/p>\n<p>[\/et_pb_text][et_pb_text admin_label=&#8221;ECO\/BOOK-pl&#8221; module_class=&#8221;suplementals_product_eco suplementals_wrap&#8221; _builder_version=&#8221;4.23.1&#8243; _module_preset=&#8221;default&#8221; global_module=&#8221;165511&#8243; saved_tabs=&#8221;all&#8221; locked=&#8221;off&#8221; global_colors_info=&#8221;{}&#8221;]<\/p>\n<p><a href=\"https:\/\/www.secowarwick.com\/wp-content\/uploads\/2023\/06\/ECOBOOK-2-1.pdf\" target=\"_blank\" rel=\"noopener\">ECO\/BOOK<\/a><\/p>\n<p>[\/et_pb_text][et_pb_text admin_label=&#8221;RFQ product widget pl&#8221; module_class=&#8221;product_widget_wrap_rfq-en&#8221; _builder_version=&#8221;4.23.1&#8243; _module_preset=&#8221;default&#8221; global_module=&#8221;186180&#8243; saved_tabs=&#8221;all&#8221; locked=&#8221;off&#8221; global_colors_info=&#8221;{}&#8221;]<\/p>\n<p style=\"text-align: center;\"><a class=\"small-button smallred rfq-gtm-product-widget\" href=\"https:\/\/www.secowarwick.com\/pl\/zapytaj-o-oferte\/\"><span class=\"product_wigtet_name\">ZAPYTAJ O&nbsp;OFERT\u0118<\/span><\/a><\/p>\n<p>[\/et_pb_text][\/et_pb_column][\/et_pb_row][\/et_pb_section]<\/p>\n","protected":false},"excerpt":{"rendered":"<p>[et_pb_breadcrumbs _builder_version=&#8221;3.6&#8243; global_colors_info=&#8221;{}&#8221;][\/et_pb_breadcrumbs]Piece do\u00a0starzenia i\u00a0wy\u017carzania aluminium \u201eSzyte na\u00a0miar\u0119\u201d piece do\u00a0starzenia i\u00a0wy\u017carzania dla bran\u017cy aluminium R\u00f3\u017cne wsady wymagaj\u0105 r\u00f3\u017cnych rozwi\u0105za\u0144. Z\u00a0tego tez powodu SECO\/WARWIC wprowadzi\u0142: \/ Konstrukcj\u0119 Mass Flow przeznaczon\u0105 w&nbsp;szczeg\u00f3lno\u015bci do&nbsp;wy\u017carzania folii, w&nbsp;sytuacji gdy&nbsp;powierzchnia wsadu jest nara\u017cona na&nbsp;uszkodzenia spowodowane wysokim przep\u0142ywem atmosfery. \/ System Vortex Jet Heating do\u00a0wy\u017carzania zwoj\u00f3w wykorzystuj\u0105cy korzy\u015bci wysokiej wymiany ciep\u0142a. SECO\/WARWICK [&hellip;]<\/p>\n","protected":false},"author":2,"featured_media":88391,"parent":7102,"menu_order":0,"comment_status":"closed","ping_status":"closed","template":"","meta":{"_acf_changed":false,"_et_pb_use_builder":"on","_et_pb_old_content":"","_et_gb_content_width":"","footnotes":""},"class_list":["post-86708","page","type-page","status-publish","has-post-thumbnail"],"acf":[],"_links":{"self":[{"href":"https:\/\/www.secowarwick.com\/pl\/wp-json\/wp\/v2\/pages\/86708","targetHints":{"allow":["GET"]}}],"collection":[{"href":"https:\/\/www.secowarwick.com\/pl\/wp-json\/wp\/v2\/pages"}],"about":[{"href":"https:\/\/www.secowarwick.com\/pl\/wp-json\/wp\/v2\/types\/page"}],"author":[{"embeddable":true,"href":"https:\/\/www.secowarwick.com\/pl\/wp-json\/wp\/v2\/users\/2"}],"replies":[{"embeddable":true,"href":"https:\/\/www.secowarwick.com\/pl\/wp-json\/wp\/v2\/comments?post=86708"}],"version-history":[{"count":30,"href":"https:\/\/www.secowarwick.com\/pl\/wp-json\/wp\/v2\/pages\/86708\/revisions"}],"predecessor-version":[{"id":189503,"href":"https:\/\/www.secowarwick.com\/pl\/wp-json\/wp\/v2\/pages\/86708\/revisions\/189503"}],"up":[{"embeddable":true,"href":"https:\/\/www.secowarwick.com\/pl\/wp-json\/wp\/v2\/pages\/7102"}],"wp:featuredmedia":[{"embeddable":true,"href":"https:\/\/www.secowarwick.com\/pl\/wp-json\/wp\/v2\/media\/88391"}],"wp:attachment":[{"href":"https:\/\/www.secowarwick.com\/pl\/wp-json\/wp\/v2\/media?parent=86708"}],"curies":[{"name":"wp","href":"https:\/\/api.w.org\/{rel}","templated":true}]}}