{"id":86716,"date":"2019-09-27T07:56:27","date_gmt":"2019-09-27T05:56:27","guid":{"rendered":"http:\/\/www.secowarwick.com\/?page_id=86716"},"modified":"2022-10-13T13:19:11","modified_gmt":"2022-10-13T11:19:11","slug":"piece-przelotowe-do-homogenizacji-aluminium","status":"publish","type":"page","link":"https:\/\/www.secowarwick.com\/pl\/produkty\/obrobka-cieplna-aluminium\/piece-przelotowe-do-homogenizacji-aluminium\/","title":{"rendered":"Piece przelotowe do homogenizacji aluminium"},"content":{"rendered":"<p>[et_pb_section fb_built=&#8221;1&#8243; _builder_version=&#8221;3.22&#8243; global_colors_info=&#8221;{}&#8221;][et_pb_row _builder_version=&#8221;3.25&#8243; background_size=&#8221;initial&#8221; background_position=&#8221;top_left&#8221; background_repeat=&#8221;repeat&#8221; global_colors_info=&#8221;{}&#8221;][et_pb_column type=&#8221;4_4&#8243; _builder_version=&#8221;3.25&#8243; custom_padding=&#8221;|||&#8221; global_colors_info=&#8221;{}&#8221; custom_padding__hover=&#8221;|||&#8221;][et_pb_image src=&#8221;https:\/\/www.secowarwick.com\/wp-content\/uploads\/2020\/01\/Slider-continous-homogenizing.jpg&#8221; alt=&#8221;Piece przelotowe do homogenizacji aluminium SECO\/WARWICK&#8221; title_text=&#8221;Piece przelotowe do homogenizacji aluminium SECO\/WARWICK&#8221; align_tablet=&#8221;center&#8221; align_phone=&#8221;&#8221; align_last_edited=&#8221;on|desktop&#8221; _builder_version=&#8221;4.10.3&#8243; global_colors_info=&#8221;{}&#8221;][\/et_pb_image][\/et_pb_column][\/et_pb_row][et_pb_row column_structure=&#8221;3_4,1_4&#8243; _builder_version=&#8221;3.25&#8243; background_size=&#8221;initial&#8221; background_position=&#8221;top_left&#8221; background_repeat=&#8221;repeat&#8221; global_colors_info=&#8221;{}&#8221;][et_pb_column type=&#8221;3_4&#8243; _builder_version=&#8221;3.25&#8243; custom_padding=&#8221;|||&#8221; global_colors_info=&#8221;{}&#8221; custom_padding__hover=&#8221;|||&#8221;][et_pb_breadcrumbs _builder_version=&#8221;3.6&#8243; global_colors_info=&#8221;{}&#8221;][\/et_pb_breadcrumbs][et_pb_text _builder_version=&#8221;4.10.3&#8243; hover_enabled=&#8221;0&#8243; global_colors_info=&#8221;{}&#8221; sticky_enabled=&#8221;0&#8243;]<\/p>\n<h1>Piece przelotowe do homogenizacji aluminium<\/h1>\n<h3>Homogenizacja Aluminium<\/h3>\n<p>&nbsp;<\/p>\n<p>SECO\/WARWICK oferuje <a href=\"https:\/\/www.secowarwick.com\/pl\/\">piece przemys\u0142owe<\/a> wyposa\u017cone w zaawansowane technologie skracaj\u0105ce czas cyklu, oszcz\u0119dzaj\u0105ce energi\u0119 i poprawiaj\u0105ce tempo ch\u0142odzenia. Nasze podstawowe pi\u0119\u0107 grup produkt\u00f3w obejmuje <strong>piece do wy\u017carzania<\/strong> zwoj\u00f3w\/folii, piece do przesycania i starzenia, <strong>piece do homegenizacji<\/strong> wlewk\u00f3w\/wlewk\u00f3w d\u0142ugich oraz piece do topienia\/podgrzewania. Ka\u017cdy system obejmuje pakiety sterowania i transportu materia\u0142u zaprojektowane dla optymalnych osi\u0105g\u00f3w w ka\u017cdym \u015brodowisku produkcyjnym.<\/p>\n<p>Maj\u0105c 50 lat do\u015bwiadczenia we wsp\u00f3\u0142pracy z przemys\u0142em aluminiowym dostrzegamy twoje potrzeby produkcyjne i oferujemy urz\u0105dzenia o wyj\u0105tkowej jako\u015bci i warto\u015bci.<\/p>\n<p>&nbsp;<\/p>\n<p>[\/et_pb_text][et_pb_text _builder_version=&#8221;4.10.3&#8243; global_colors_info=&#8221;{}&#8221;]<\/p>\n<h4><strong><span style=\"color: #e30f00;\">\/<\/span> Elastyczno\u015b\u0107 produkcji<\/strong><\/h4>\n<p>Dzi\u0119ki swemu wielostrefowemu rozwi\u0105zaniu technologia piec\u00f3w z pionowym przep\u0142ywem powietrza jest z natury elastyczna. Taki piec mo\u017ce obrabia\u0107 partie wsad\u00f3w z r\u00f3\u017cnych stop\u00f3w oraz o r\u00f3\u017cnych \u015brednicach niepozostawiaj\u0105c pustych podp\u00f3r wsadu.<\/p>\n<h4><strong><span style=\"color: #e30f00;\">\/<\/span> Praca automatyczna<\/strong><\/h4>\n<p>Praca pieca jest w pe\u0142ni zautomatyzowana przez system sterowania. W trakcie normalnego dzia\u0142ania, gdy dojdzie do zatrzymania pracy lub gdy piec wymaga restartu po zatrzymaniu,\u00a0 nie jest wymagana \u017cadna ingerencja u\u017cytkownika. Zatrzymania i restarty zazwyczaj stanowi\u0105 znaczne ryzyko uszkodzenia produktu. Poniewa\u017c proces jest ca\u0142kowicie zautomatyzowany, wszelkie wariacje naturalne dla sterowania takim procesem przez cz\u0142owieka s\u0105 wyeliminowane a konsekwencja operacja ulega wzmocnieniu.<\/p>\n<h4><strong><span style=\"color: #e30f00;\">\/<\/span><\/strong> I<strong>dentyfikacja produktu<\/strong><\/h4>\n<p>Programator PLC gromadzi dane historyczne (pozycja, temperatura, stopie\u0144 transformacji, czas obr\u00f3bki) dla ka\u017cdego wlewka. Ponadto, system wykonuje raporty dotycz\u0105ce pojedynczych wlewk\u00f3w b\u0105d\u017a ich partii w oparciu o zebrane dane. Te dane i raporty mog\u0105 by\u0107 wykorzystane do udoskonalenia technologii oraz udzielenia odpowiedzi na zapytania klienta.<\/p>\n<h4><strong><span style=\"color: #e30f00;\">\/<\/span> Modularna konstrukcja \u2013 jedna instalacja<\/strong><\/h4>\n<p>Konstruuj\u0105c przelotow\u0105 instalacj\u0119 do homogenizacji nasz zesp\u00f3\u0142 konstrukcyjny projektuje j\u0105 w sekcjach. Oznacza to, \u017ce instalacja jest dostarczana do klienta w sekcjach i tam ponownie montowana. Ten spos\u00f3b post\u0119powania zapewnia funkcjonowanie instalacji a czas monta\u017cu jest zminimalizowany by wspiera\u0107 produkcj\u0119.<\/p>\n<h4><strong><span style=\"color: #e30f00;\">\/<\/span> <\/strong><strong>Sprawno\u015b\u0107 energetyczna<\/strong><\/h4>\n<p>Uk\u0142ad sterowania ci\u0105gle optymalizuje piec w kierunku najwy\u017cszej wydajno\u015bci bez niewykorzystanych przestrzeni niezale\u017cnie od konfiguracji produkt\u00f3w wsadu. Ci\u0105g\u0142y i zoptymalizowany przep\u0142yw materia\u0142u prowadzi do bardziej wydajnego wykorzystania energii.<\/p>\n<p>Dwururowa przeciwbie\u017cna ch\u0142odnica odzyskuje znaczn\u0105 ilo\u015b\u0107 energii wydechowej. Wysokiej jako\u015bci uszczelnienia oraz dobra izolacja utrzymuj\u0105 starty cieplne \u015bcian na minimalnym poziomie.<\/p>\n<h4><strong><span style=\"color: #e30f00;\">\/<\/span> <\/strong><strong>Kontrola przep\u0142ywu powietrza<\/strong><\/h4>\n<p>W ramach konstrukcji mechanicznej technolodzy optymalizuj\u0105 wn\u0119trze pieca celem uaktywnienia najlepszych mo\u017cliwych osi\u0105g\u00f3w by spe\u0142ni\u0107 zr\u00f3\u017cnicowane wymagania naszych klient\u00f3w.<\/p>\n<h4><strong><span style=\"color: #e30f00;\">\/<\/span> <\/strong><strong>Wzmo\u017cona Wymiana Ciep\u0142a \u2013 pionowy przep\u0142yw powietrza<\/strong><\/h4>\n<p>Strumie\u0144 powietrza wysokiej pr\u0119dko\u015bci jest kierowany na wierzch ka\u017cdego wlewka, co skutkuje wy\u017cszym wsp\u00f3\u0142czynnikiem wymiany ciep\u0142a. Poniewa\u017c piec sk\u0142ada si\u0119 z kilku stref mo\u017cliwe jest zastosowanie wy\u017cszych temperatur w ka\u017cdej strefie bez ryzyka uszkodzenia produktu.<\/p>\n<p>Te wy\u017csze temperatury w po\u0142\u0105czeniu z wy\u017cszym wsp\u00f3\u0142czynnikiem wymiany ciep\u0142a pozwalaj\u0105 na uzyskanie znacznie wy\u017cszego wska\u017anika transferu ciep\u0142a konwekcyjnego do wlewk\u00f3w. Jako \u017ce mo\u017cliwe jest dzia\u0142anie poszczeg\u00f3lnych stref przy wy\u017cszej temperaturze bez szkody dla bezpiecze\u0144stwa, radiacyjny transfer ciep\u0142a r\u00f3wnie\u017c ulega wzmocnieniu. Udoskonalona wymiana ciep\u0142a skutkuje skr\u00f3ceniem czasu nagrzewu dla wlewk\u00f3w o ma\u0142ych i du\u017cych przekrojach.<\/p>\n<h4><strong><span style=\"color: #e30f00;\">\/<\/span> <\/strong><strong>Jednorodna jako\u015b\u0107<\/strong><\/h4>\n<p>Temperatur\u0119 procesu obr\u00f3bki cieplnej mo\u017cna zoptymalizowa\u0107 gdy\u017c piec przelotowy do homogenizacji ma jednowarstwowy przebieg wsadu. Kontrola jako\u015bci jest umo\u017cliwia by ka\u017cdy wlewek mia\u0142 te same warunki. Proces ch\u0142odzenia r\u00f3wnie\u017c mo\u017cna kontrolowa\u0107 i optymalizowa\u0107.<\/p>\n<p>&nbsp;<\/p>\n<p>[\/et_pb_text][et_pb_code _builder_version=&#8221;4.10.3&#8243; _module_preset=&#8221;default&#8221; global_module=&#8221;123769&#8243; saved_tabs=&#8221;all&#8221; global_colors_info=&#8221;{}&#8221;]<!-- [et_pb_line_break_holder] --><pee style=\"text-align: center;\"><a class=\"small-button smallred\" style=\"font-size: 20px; padding: 20px 60px;\" href=\"https:\/\/www.secowarwick.com\/pl\/zapytaj-o-oferte\/\"><span style=\"display: block; transform: skew(15deg,0deg); -webkit-transform: skew(15deg,0deg); font-size: 20px; !important\">ZAPYTAJ O OFERT\u0118<\/span><\/a><\/pee>[\/et_pb_code][\/et_pb_column][et_pb_column type=&#8221;1_4&#8243; _builder_version=&#8221;3.25&#8243; custom_padding=&#8221;|||&#8221; global_colors_info=&#8221;{}&#8221; custom_padding__hover=&#8221;|||&#8221;][et_pb_gallery gallery_ids=&#8221;88310,88283&#8243; posts_number=&#8221;1&#8243; show_title_and_caption=&#8221;off&#8221; show_pagination=&#8221;off&#8221; zoom_icon_color=&#8221;#e2001a&#8221; module_class=&#8221;seco-products-gallery-new&#8221; _builder_version=&#8221;3.6&#8243; custom_css_overlay_icon=&#8221;content:&#8217;ZOBACZ GALERI\u0118&#8217; !important;&#8221; global_colors_info=&#8221;{}&#8221;][\/et_pb_gallery][et_pb_text admin_label=&#8221;find contact ap pl&#8221; module_class=&#8221;find-your-contact-modul&#8221; _builder_version=&#8221;3.6&#8243; global_module=&#8221;113562&#8243; saved_tabs=&#8221;all&#8221; global_colors_info=&#8221;{}&#8221;]<\/p>\n<a href='https:\/\/www.secowarwick.com\/pl\/produkty\/obrobka-cieplna-aluminium\/kontakt\/' class='small-button smallred'><span><img decoding=\"async\" src=\"data:image\/svg+xml;base64,PHN2ZyB4bWxucz0iaHR0cDovL3d3dy53My5vcmcvMjAwMC9zdmciIHZlcnNpb249IjEuMSIgeG1sbnM6eGxpbms9Imh0dHA6Ly93d3cudzMub3JnLzE5OTkveGxpbmsiIHhtbG5zOnN2Z2pzPSJodHRwOi8vc3ZnanMuY29tL3N2Z2pzIiB3aWR0aD0iNTEyIiBoZWlnaHQ9IjUxMiIgeD0iMCIgeT0iMCIgdmlld0JveD0iMCAwIDQ2MS41MTYgNDYxLjUxNiIgc3R5bGU9ImVuYWJsZS1iYWNrZ3JvdW5kOm5ldyAwIDAgNTEyIDUxMiIgeG1sOnNwYWNlPSJwcmVzZXJ2ZSIgY2xhc3M9IiI+PGc+PGcgeG1sbnM9Imh0dHA6Ly93d3cudzMub3JnLzIwMDAvc3ZnIj48cGF0aCBkPSJtMTg1Ljc0NiAzNzEuMzMyYzQxLjI1MS4wMDEgODEuMzIyLTEzLjc2MiAxMTMuODY2LTM5LjExbDEyMi43NzggMTIyLjc3OGM5LjE3MiA4Ljg1OCAyMy43ODcgOC42MDQgMzIuNjQ1LS41NjggOC42NDEtOC45NDcgOC42NDEtMjMuMTMxIDAtMzIuMDc3bC0xMjIuNzc4LTEyMi43NzhjNjIuODk5LTgwLjk2OCA0OC4yNTItMTk3LjU5NS0zMi43MTYtMjYwLjQ5NHMtMTk3LjU5NC00OC4yNTItMjYwLjQ5MyAzMi43MTYtNDguMjUyIDE5Ny41OTUgMzIuNzE2IDI2MC40OTRjMzIuNTk3IDI1LjMyMyA3Mi43MDQgMzkuMDYgMTEzLjk4MiAzOS4wMzl6bS05OC42NTEtMjg0LjI3M2M1NC40ODQtNTQuNDg1IDE0Mi44Mi01NC40ODYgMTk3LjMwNS0uMDAyczU0LjQ4NiAxNDIuODIuMDAyIDE5Ny4zMDUtMTQyLjgyIDU0LjQ4Ni0xOTcuMzA1LjAwMmMtLjAwMS0uMDAxLS4wMDEtLjAwMS0uMDAyLS4wMDItNTQuNDg0LTU0LjA4Ny01NC44MDUtMTQyLjEwMS0uNzE4LTE5Ni41ODUuMjM5LS4yNC40NzgtLjQ3OS43MTgtLjcxOHoiIGZpbGw9IiNmZmZmZmYiIGRhdGEtb3JpZ2luYWw9IiMwMDAwMDAiIHN0eWxlPSIiIGNsYXNzPSIiPjwvcGF0aD48L2c+PC9nPjwvc3ZnPg==\" width=\"12px\">  ZNAJD\u0179 SW\u00d3J KONTAKT<\/span><\/a>\n<p>[\/et_pb_text][et_pb_selected_documents module_class=&#8221;seco-single-document&#8221; _builder_version=&#8221;3.6&#8243; custom_css_main_element=&#8221;margin-top: 2rem;||margin-bottom: 2rem !important;&#8221; global_colors_info=&#8221;{}&#8221;][\/et_pb_selected_documents][\/et_pb_column][\/et_pb_row][\/et_pb_section]<\/p>\n","protected":false},"excerpt":{"rendered":"<p>[et_pb_breadcrumbs _builder_version=&#8221;3.6&#8243; global_colors_info=&#8221;{}&#8221;][\/et_pb_breadcrumbs]Piece przelotowe do homogenizacji aluminium Homogenizacja Aluminium &nbsp; SECO\/WARWICK oferuje piece przemys\u0142owe wyposa\u017cone w zaawansowane technologie skracaj\u0105ce czas cyklu, oszcz\u0119dzaj\u0105ce energi\u0119 i poprawiaj\u0105ce tempo ch\u0142odzenia. Nasze podstawowe pi\u0119\u0107 grup produkt\u00f3w obejmuje piece do wy\u017carzania zwoj\u00f3w\/folii, piece do przesycania i starzenia, piece do homegenizacji wlewk\u00f3w\/wlewk\u00f3w d\u0142ugich oraz piece do topienia\/podgrzewania. Ka\u017cdy system obejmuje pakiety [&hellip;]<\/p>\n","protected":false},"author":2,"featured_media":88310,"parent":7102,"menu_order":0,"comment_status":"closed","ping_status":"closed","template":"","meta":{"_acf_changed":false,"_et_pb_use_builder":"on","_et_pb_old_content":"","_et_gb_content_width":"","footnotes":""},"class_list":["post-86716","page","type-page","status-publish","has-post-thumbnail"],"acf":[],"_links":{"self":[{"href":"https:\/\/www.secowarwick.com\/pl\/wp-json\/wp\/v2\/pages\/86716","targetHints":{"allow":["GET"]}}],"collection":[{"href":"https:\/\/www.secowarwick.com\/pl\/wp-json\/wp\/v2\/pages"}],"about":[{"href":"https:\/\/www.secowarwick.com\/pl\/wp-json\/wp\/v2\/types\/page"}],"author":[{"embeddable":true,"href":"https:\/\/www.secowarwick.com\/pl\/wp-json\/wp\/v2\/users\/2"}],"replies":[{"embeddable":true,"href":"https:\/\/www.secowarwick.com\/pl\/wp-json\/wp\/v2\/comments?post=86716"}],"version-history":[{"count":4,"href":"https:\/\/www.secowarwick.com\/pl\/wp-json\/wp\/v2\/pages\/86716\/revisions"}],"predecessor-version":[{"id":131990,"href":"https:\/\/www.secowarwick.com\/pl\/wp-json\/wp\/v2\/pages\/86716\/revisions\/131990"}],"up":[{"embeddable":true,"href":"https:\/\/www.secowarwick.com\/pl\/wp-json\/wp\/v2\/pages\/7102"}],"wp:featuredmedia":[{"embeddable":true,"href":"https:\/\/www.secowarwick.com\/pl\/wp-json\/wp\/v2\/media\/88310"}],"wp:attachment":[{"href":"https:\/\/www.secowarwick.com\/pl\/wp-json\/wp\/v2\/media?parent=86716"}],"curies":[{"name":"wp","href":"https:\/\/api.w.org\/{rel}","templated":true}]}}